{"id":8465,"date":"2022-09-27T20:13:08","date_gmt":"2022-09-27T20:13:08","guid":{"rendered":"https:\/\/boutique-one-piece.com\/uncategorized\/avis-de-recherche-one-piece-kaido-wanted\/"},"modified":"2024-09-16T11:19:26","modified_gmt":"2024-09-16T11:19:26","slug":"gezocht-bericht-one-piece-kaido-gezocht","status":"publish","type":"product","link":"https:\/\/boutique-one-piece.com\/nl\/one-piece-decoraties\/gezocht-bericht-one-piece-kaido-gezocht\/","title":{"rendered":"Kaido gezocht-bericht"},"content":{"rendered":"<h2>Als je van piraten met monsterlijke kracht houdt, probeer dan deze Kaido Wanted-poster eens.<\/h2>\n<p>Kaido is een <strong>keizer<\/strong> van de Nieuwe Wereld, waardoor hij een van de sterkste en meest gevreesde piraten ter wereld is. Hij staat bekend als de <strong>het machtigste beest<\/strong> in deze wereld.<\/p>\n<p>Kaido zoekt een manier om te sterven; het is opmerkelijk dat hij al talloze keren ter dood is veroordeeld zonder ooit te sterven. De eerste keer dat we hem zien, stort hij zich van een zwevend eiland (10 km boven de aarde) omdat Whitebeard hem dat had aangeraden als zelfmoordmethode. Hij landt bij het hoofdkwartier van Eustass Kid, verslaat hem snel en neemt hem en zijn bemanning gevangen.<\/p>\n<h3>Laat je niet intimideren door die enorme beloning op Kaido&#039;s opsporingsposter.<\/h3>\n<p>Kaido vecht met een knots met stekels, een <strong>Kanabo<\/strong> Gigantisch. Hij is degene die samen met Orochi over het Land van Wano heerst en zal de belangrijkste antagonist zijn in de Wano Country-arc. Hij heeft de Duivelsvrucht van... gegeten. <strong>Uo Uo nee mi<\/strong> Het betreft een Oude Zoan-magie, waardoor hij in een draak kan veranderen. Er staat een prijs van 4.611.100.000 bessen op Kaido&#039;s hoofd.<\/p>\n<p>Als je een passie hebt voor grote geldbedragen, dan is dit iets voor jou. <a href=\"https:\/\/boutique-one-piece.com\/nl\/one-piece-gezocht-poster-charlotte-linlin\/\" target=\"_blank\" title=\"Charlotte Linlin wilde\" rel=\"noopener noreferrer\">Opsporingsbericht van Charlotte Linlin<\/a> Trakteer jezelf eens.<\/p>\n<h2>Informatie over de One Piece Wanted Kaido of the Hundred Beasts-poster<\/h2>\n<ul>\n<li><span><b><u>One Piece Wanted Poster<\/u><\/b>\u00a0Een authentieke One Piece-opsporingsposter voor echte piraten.<\/span><\/li>\n<\/ul>\n<ul>\n<li>\n<b><u>Kaido&#039;s premie<\/u><\/b>\u00a04.611.100.000 bessen<\/li>\n<\/ul>\n<ul>\n<li><span><strong>Afdrukken van hoge kwaliteit<\/strong>\u00a0nauwkeurige kleuren<\/span><\/li>\n<\/ul>\n<ul>\n<li>\n<strong>Dimensie<\/strong>\u00a0: 30 cm x 21 cm en 42 cm x 30 cm<\/li>\n<\/ul>\n<ul>\n<li><span><strong>GRATIS BEZORGING<\/strong><\/span><\/li>\n<\/ul>\n<div id=\"gtx-trans\" style=\"position: absolute; left: 673px; top: 49px;\">\n<div class=\"gtx-trans-icon\"><\/div>\n<\/div>","protected":false},"excerpt":{"rendered":"<p>Si tu aimes les pirates \u00e0 la force monstrueuse, laisse-toi tenter par cet Avis de Recherche Kaido Wanted. Kaido est un empereur du Nouveau Monde, ce qui en fait un des pirates les plus forts du monde et les plus craints. Il est connu comme la b\u00eate la plus puissante en ce monde. Kaido est [&hellip;]<\/p>","protected":false},"featured_media":8467,"comment_status":"open","ping_status":"open","template":"","meta":[],"product_brand":[],"product_cat":[171,150],"product_tag":[],"class_list":{"0":"post-8465","1":"product","2":"type-product","3":"status-publish","4":"has-post-thumbnail","6":"product_cat-avis-de-recherche-one-piece","7":"product_cat-decorations-one-piece","9":"first","10":"instock","11":"purchasable","12":"product-type-variable","13":"has-default-attributes"},"yoast_head":"<!-- This site is optimized with the Yoast SEO plugin v27.5 - https:\/\/yoast.com\/product\/yoast-seo-wordpress\/ -->\n<title>Avis de Recherche One Piece Kaido Wanted | D\u00e9coration One Piece \u2013 Boutique One Piece<\/title>\n<meta name=\"description\" content=\"Si tu aimes les pirates \u00e0 la force monstrueuse, laisse-toi tenter par cet Avis de Recherche Kaido Wanted. Kaido est un empereur du Nouveau Monde, ce qui en fait un des pirates les plus forts du monde et les plus craints. Il est connu comme la b\u00eate la plus puissante en ce monde. Kaido est \u00e0 la recherche d&#039;une mani\u00e8re de\" \/>\n<meta name=\"robots\" content=\"index, follow, max-snippet:-1, max-image-preview:large, max-video-preview:-1\" \/>\n<link rel=\"canonical\" href=\"https:\/\/boutique-one-piece.com\/nl\/one-piece-gezocht-poster\/gezocht-bericht-one-piece-kaido-gezocht\/\" \/>\n<meta property=\"og:locale\" content=\"nl_NL\" \/>\n<meta property=\"og:type\" content=\"article\" \/>\n<meta property=\"og:title\" content=\"Avis de Recherche One Piece Kaido Wanted | D\u00e9coration One Piece \u2013 Boutique One Piece\" \/>\n<meta property=\"og:description\" content=\"Si tu aimes les pirates \u00e0 la force monstrueuse, laisse-toi tenter par cet Avis de Recherche Kaido Wanted. Kaido est un empereur du Nouveau Monde, ce qui en fait un des pirates les plus forts du monde et les plus craints. Il est connu comme la b\u00eate la plus puissante en ce monde. Kaido est \u00e0 la recherche d&#039;une mani\u00e8re de\" \/>\n<meta property=\"og:url\" content=\"https:\/\/boutique-one-piece.com\/nl\/one-piece-gezocht-poster\/gezocht-bericht-one-piece-kaido-gezocht\/\" \/>\n<meta property=\"og:site_name\" content=\"Boutique One Piece\" \/>\n<meta property=\"article:modified_time\" content=\"2024-09-16T11:19:26+00:00\" \/>\n<meta property=\"og:image\" content=\"https:\/\/boutique-one-piece.com\/wp-content\/uploads\/2022\/09\/Avis-de-Recherche-Kaido-Wanted.jpg\" \/>\n\t<meta property=\"og:image:width\" content=\"800\" \/>\n\t<meta property=\"og:image:height\" content=\"800\" \/>\n\t<meta property=\"og:image:type\" content=\"image\/jpeg\" \/>\n<meta name=\"twitter:card\" content=\"summary_large_image\" \/>\n<meta name=\"twitter:label1\" content=\"Geschatte leestijd\" \/>\n\t<meta name=\"twitter:data1\" content=\"1 minuut\" \/>\n<script type=\"application\/ld+json\" class=\"yoast-schema-graph\">{\"@context\":\"https:\\\/\\\/schema.org\",\"@graph\":[{\"@type\":\"WebPage\",\"@id\":\"https:\\\/\\\/boutique-one-piece.com\\\/avis-de-recherche-one-piece\\\/avis-de-recherche-one-piece-kaido-wanted\\\/\",\"url\":\"https:\\\/\\\/boutique-one-piece.com\\\/avis-de-recherche-one-piece\\\/avis-de-recherche-one-piece-kaido-wanted\\\/\",\"name\":\"Avis de Recherche One Piece Kaido Wanted | D\u00e9coration One Piece \u2013 Boutique One Piece\",\"isPartOf\":{\"@id\":\"https:\\\/\\\/boutique-one-piece.com\\\/#website\"},\"primaryImageOfPage\":{\"@id\":\"https:\\\/\\\/boutique-one-piece.com\\\/avis-de-recherche-one-piece\\\/avis-de-recherche-one-piece-kaido-wanted\\\/#primaryimage\"},\"image\":{\"@id\":\"https:\\\/\\\/boutique-one-piece.com\\\/avis-de-recherche-one-piece\\\/avis-de-recherche-one-piece-kaido-wanted\\\/#primaryimage\"},\"thumbnailUrl\":\"https:\\\/\\\/boutique-one-piece.com\\\/wp-content\\\/uploads\\\/2022\\\/09\\\/Avis-de-Recherche-Kaido-Wanted.jpg\",\"datePublished\":\"2022-09-27T20:13:08+00:00\",\"dateModified\":\"2024-09-16T11:19:26+00:00\",\"description\":\"Si tu aimes les pirates \u00e0 la force monstrueuse, laisse-toi tenter par cet Avis de Recherche Kaido Wanted. Kaido est un empereur du Nouveau Monde, ce qui en fait un des pirates les plus forts du monde et les plus craints. Il est connu comme la b\u00eate la plus puissante en ce monde. Kaido est \u00e0 la recherche d'une mani\u00e8re de\",\"breadcrumb\":{\"@id\":\"https:\\\/\\\/boutique-one-piece.com\\\/avis-de-recherche-one-piece\\\/avis-de-recherche-one-piece-kaido-wanted\\\/#breadcrumb\"},\"inLanguage\":\"nl-NL\",\"potentialAction\":[{\"@type\":\"ReadAction\",\"target\":[\"https:\\\/\\\/boutique-one-piece.com\\\/avis-de-recherche-one-piece\\\/avis-de-recherche-one-piece-kaido-wanted\\\/\"]}]},{\"@type\":\"ImageObject\",\"inLanguage\":\"nl-NL\",\"@id\":\"https:\\\/\\\/boutique-one-piece.com\\\/avis-de-recherche-one-piece\\\/avis-de-recherche-one-piece-kaido-wanted\\\/#primaryimage\",\"url\":\"https:\\\/\\\/boutique-one-piece.com\\\/wp-content\\\/uploads\\\/2022\\\/09\\\/Avis-de-Recherche-Kaido-Wanted.jpg\",\"contentUrl\":\"https:\\\/\\\/boutique-one-piece.com\\\/wp-content\\\/uploads\\\/2022\\\/09\\\/Avis-de-Recherche-Kaido-Wanted.jpg\",\"width\":800,\"height\":800,\"caption\":\"Avis de Recherche Kaido Wanted 42 x 30 cm\"},{\"@type\":\"BreadcrumbList\",\"@id\":\"https:\\\/\\\/boutique-one-piece.com\\\/avis-de-recherche-one-piece\\\/avis-de-recherche-one-piece-kaido-wanted\\\/#breadcrumb\",\"itemListElement\":[{\"@type\":\"ListItem\",\"position\":1,\"name\":\"Home\",\"item\":\"https:\\\/\\\/boutique-one-piece.com\\\/\"},{\"@type\":\"ListItem\",\"position\":2,\"name\":\"Shop\",\"item\":\"https:\\\/\\\/boutique-one-piece.com\\\/shop\\\/\"},{\"@type\":\"ListItem\",\"position\":3,\"name\":\"Avis de Recherche Kaido Wanted\"}]},{\"@type\":\"WebSite\",\"@id\":\"https:\\\/\\\/boutique-one-piece.com\\\/#website\",\"url\":\"https:\\\/\\\/boutique-one-piece.com\\\/\",\"name\":\"Boutique One Piece\",\"description\":\"Magasin Sp\u00e9cialis\u00e9 du Manga et l&#039;Anime One Piece\",\"publisher\":{\"@id\":\"https:\\\/\\\/boutique-one-piece.com\\\/#organization\"},\"potentialAction\":[{\"@type\":\"SearchAction\",\"target\":{\"@type\":\"EntryPoint\",\"urlTemplate\":\"https:\\\/\\\/boutique-one-piece.com\\\/?s={search_term_string}\"},\"query-input\":{\"@type\":\"PropertyValueSpecification\",\"valueRequired\":true,\"valueName\":\"search_term_string\"}}],\"inLanguage\":\"nl-NL\"},{\"@type\":\"Organization\",\"@id\":\"https:\\\/\\\/boutique-one-piece.com\\\/#organization\",\"name\":\"Boutique One Piece\",\"url\":\"https:\\\/\\\/boutique-one-piece.com\\\/\",\"logo\":{\"@type\":\"ImageObject\",\"inLanguage\":\"nl-NL\",\"@id\":\"https:\\\/\\\/boutique-one-piece.com\\\/#\\\/schema\\\/logo\\\/image\\\/\",\"url\":\"https:\\\/\\\/boutique-one-piece.com\\\/wp-content\\\/uploads\\\/2022\\\/09\\\/Logo-01.png\",\"contentUrl\":\"https:\\\/\\\/boutique-one-piece.com\\\/wp-content\\\/uploads\\\/2022\\\/09\\\/Logo-01.png\",\"width\":2318,\"height\":957,\"caption\":\"Boutique One Piece\"},\"image\":{\"@id\":\"https:\\\/\\\/boutique-one-piece.com\\\/#\\\/schema\\\/logo\\\/image\\\/\"}}]}<\/script>\n<!-- \/ Yoast SEO plugin. -->","yoast_head_json":{"title":"One Piece Wanted Poster: Kaido gezocht | One Piece Decoraties \u2013 One Piece Shop","description":"Als je dol bent op piraten met monsterlijke kracht, dan is deze Kaido Wanted-poster echt iets voor jou. Kaido is een keizer van de Nieuwe Wereld, waardoor hij een van de sterkste en meest gevreesde piraten ter wereld is. Hij staat bekend als het machtigste beest in deze wereld. Kaido zoekt naar een manier om...","robots":{"index":"index","follow":"follow","max-snippet":"max-snippet:-1","max-image-preview":"max-image-preview:large","max-video-preview":"max-video-preview:-1"},"canonical":"https:\/\/boutique-one-piece.com\/nl\/one-piece-gezocht-poster\/gezocht-bericht-one-piece-kaido-gezocht\/","og_locale":"nl_NL","og_type":"article","og_title":"Avis de Recherche One Piece Kaido Wanted | D\u00e9coration One Piece \u2013 Boutique One Piece","og_description":"Si tu aimes les pirates \u00e0 la force monstrueuse, laisse-toi tenter par cet Avis de Recherche Kaido Wanted. Kaido est un empereur du Nouveau Monde, ce qui en fait un des pirates les plus forts du monde et les plus craints. Il est connu comme la b\u00eate la plus puissante en ce monde. Kaido est \u00e0 la recherche d'une mani\u00e8re de","og_url":"https:\/\/boutique-one-piece.com\/nl\/one-piece-gezocht-poster\/gezocht-bericht-one-piece-kaido-gezocht\/","og_site_name":"Boutique One Piece","article_modified_time":"2024-09-16T11:19:26+00:00","og_image":[{"width":800,"height":800,"url":"https:\/\/boutique-one-piece.com\/wp-content\/uploads\/2022\/09\/Avis-de-Recherche-Kaido-Wanted.jpg","type":"image\/jpeg"}],"twitter_card":"summary_large_image","twitter_misc":{"Geschatte leestijd":"1 minuut"},"schema":{"@context":"https:\/\/schema.org","@graph":[{"@type":"WebPage","@id":"https:\/\/boutique-one-piece.com\/avis-de-recherche-one-piece\/avis-de-recherche-one-piece-kaido-wanted\/","url":"https:\/\/boutique-one-piece.com\/avis-de-recherche-one-piece\/avis-de-recherche-one-piece-kaido-wanted\/","name":"One Piece Wanted Poster: Kaido gezocht | One Piece Decoraties \u2013 One Piece Shop","isPartOf":{"@id":"https:\/\/boutique-one-piece.com\/#website"},"primaryImageOfPage":{"@id":"https:\/\/boutique-one-piece.com\/avis-de-recherche-one-piece\/avis-de-recherche-one-piece-kaido-wanted\/#primaryimage"},"image":{"@id":"https:\/\/boutique-one-piece.com\/avis-de-recherche-one-piece\/avis-de-recherche-one-piece-kaido-wanted\/#primaryimage"},"thumbnailUrl":"https:\/\/boutique-one-piece.com\/wp-content\/uploads\/2022\/09\/Avis-de-Recherche-Kaido-Wanted.jpg","datePublished":"2022-09-27T20:13:08+00:00","dateModified":"2024-09-16T11:19:26+00:00","description":"Als je dol bent op piraten met monsterlijke kracht, dan is deze Kaido Wanted-poster echt iets voor jou. Kaido is een keizer van de Nieuwe Wereld, waardoor hij een van de sterkste en meest gevreesde piraten ter wereld is. Hij staat bekend als het machtigste beest in deze wereld. Kaido zoekt naar een manier om...","breadcrumb":{"@id":"https:\/\/boutique-one-piece.com\/avis-de-recherche-one-piece\/avis-de-recherche-one-piece-kaido-wanted\/#breadcrumb"},"inLanguage":"nl-NL","potentialAction":[{"@type":"ReadAction","target":["https:\/\/boutique-one-piece.com\/avis-de-recherche-one-piece\/avis-de-recherche-one-piece-kaido-wanted\/"]}]},{"@type":"ImageObject","inLanguage":"nl-NL","@id":"https:\/\/boutique-one-piece.com\/avis-de-recherche-one-piece\/avis-de-recherche-one-piece-kaido-wanted\/#primaryimage","url":"https:\/\/boutique-one-piece.com\/wp-content\/uploads\/2022\/09\/Avis-de-Recherche-Kaido-Wanted.jpg","contentUrl":"https:\/\/boutique-one-piece.com\/wp-content\/uploads\/2022\/09\/Avis-de-Recherche-Kaido-Wanted.jpg","width":800,"height":800,"caption":"Avis de Recherche Kaido Wanted 42 x 30 cm"},{"@type":"BreadcrumbList","@id":"https:\/\/boutique-one-piece.com\/avis-de-recherche-one-piece\/avis-de-recherche-one-piece-kaido-wanted\/#breadcrumb","itemListElement":[{"@type":"ListItem","position":1,"name":"Home","item":"https:\/\/boutique-one-piece.com\/"},{"@type":"ListItem","position":2,"name":"Shop","item":"https:\/\/boutique-one-piece.com\/shop\/"},{"@type":"ListItem","position":3,"name":"Avis de Recherche Kaido Wanted"}]},{"@type":"WebSite","@id":"https:\/\/boutique-one-piece.com\/#website","url":"https:\/\/boutique-one-piece.com\/","name":"One Piece Shop","description":"Gespecialiseerde winkel voor One Piece manga en anime.","publisher":{"@id":"https:\/\/boutique-one-piece.com\/#organization"},"potentialAction":[{"@type":"SearchAction","target":{"@type":"EntryPoint","urlTemplate":"https:\/\/boutique-one-piece.com\/?s={search_term_string}"},"query-input":{"@type":"PropertyValueSpecification","valueRequired":true,"valueName":"search_term_string"}}],"inLanguage":"nl-NL"},{"@type":"Organization","@id":"https:\/\/boutique-one-piece.com\/#organization","name":"One Piece Shop","url":"https:\/\/boutique-one-piece.com\/","logo":{"@type":"ImageObject","inLanguage":"nl-NL","@id":"https:\/\/boutique-one-piece.com\/#\/schema\/logo\/image\/","url":"https:\/\/boutique-one-piece.com\/wp-content\/uploads\/2022\/09\/Logo-01.png","contentUrl":"https:\/\/boutique-one-piece.com\/wp-content\/uploads\/2022\/09\/Logo-01.png","width":2318,"height":957,"caption":"Boutique One Piece"},"image":{"@id":"https:\/\/boutique-one-piece.com\/#\/schema\/logo\/image\/"}}]}},"_links":{"self":[{"href":"https:\/\/boutique-one-piece.com\/nl\/wp-json\/wp\/v2\/product\/8465","targetHints":{"allow":["GET"]}}],"collection":[{"href":"https:\/\/boutique-one-piece.com\/nl\/wp-json\/wp\/v2\/product"}],"about":[{"href":"https:\/\/boutique-one-piece.com\/nl\/wp-json\/wp\/v2\/types\/product"}],"replies":[{"embeddable":true,"href":"https:\/\/boutique-one-piece.com\/nl\/wp-json\/wp\/v2\/comments?post=8465"}],"wp:featuredmedia":[{"embeddable":true,"href":"https:\/\/boutique-one-piece.com\/nl\/wp-json\/wp\/v2\/media\/8467"}],"wp:attachment":[{"href":"https:\/\/boutique-one-piece.com\/nl\/wp-json\/wp\/v2\/media?parent=8465"}],"wp:term":[{"taxonomy":"product_brand","embeddable":true,"href":"https:\/\/boutique-one-piece.com\/nl\/wp-json\/wp\/v2\/product_brand?post=8465"},{"taxonomy":"product_cat","embeddable":true,"href":"https:\/\/boutique-one-piece.com\/nl\/wp-json\/wp\/v2\/product_cat?post=8465"},{"taxonomy":"product_tag","embeddable":true,"href":"https:\/\/boutique-one-piece.com\/nl\/wp-json\/wp\/v2\/product_tag?post=8465"}],"curies":[{"name":"wp","href":"https:\/\/api.w.org\/{rel}","templated":true}]}}