{"id":8785,"date":"2022-09-27T20:15:13","date_gmt":"2022-09-27T20:15:13","guid":{"rendered":"https:\/\/boutique-one-piece.com\/uncategorized\/short-de-bain-one-piece-ace-et-luffy\/"},"modified":"2024-09-16T11:27:25","modified_gmt":"2024-09-16T11:27:25","slug":"one-piece-ace-en-luffy-zwembroek","status":"publish","type":"product","link":"https:\/\/boutique-one-piece.com\/nl\/one-piece-kleding\/zwembroek-uit-een-stuk\/one-piece-ace-en-luffy-zwembroek\/","title":{"rendered":"One Piece Ace en Luffy zwembroeken"},"content":{"rendered":"<h2>Uitstekende kwaliteit voor een piraat zoals jij!<\/h2>\n<p>Als u een\u00a0<strong>echte piraat<\/strong>, je zult zijn<span>\u00a0<\/span>waarderen\u00a0<strong>kwaliteit van materialen,<\/strong>\u00a0van de\u00a0<strong>ontwerp\u00a0<\/strong>En<strong>\u00a03D-printen<\/strong>\u00a0hiervan\u00a0<strong>One Piece zwembroek<\/strong>\u00a0Maar het allerbelangrijkste: met deze shorts maak je deel uit van...\u00a0<strong>de fanploeg<\/strong>\u00a0van\u00a0<strong>piratenmanga<\/strong>\u00a0en u zult het volgende verkrijgen:<\/p>\n<ul>\n<li>\u00a0<strong>Bewondering<\/strong>\u00a0van alle fans van\u00a0<strong>mugiwara<\/strong>\u00a0die je zult ontmoeten<\/li>\n<\/ul>\n<ul>\n<li>Een echte\u00a0<strong>Bedrukte zwemshorts<\/strong>\u00a0waarmee je kunt zwemmen op\u00a0<strong>Grand Line<\/strong>, Maar pas op, het is niet aan te raden om de zee in te gaan als je er een hebt gegeten.\u00a0<strong>duivelsvrucht<\/strong>\n<\/li>\n<\/ul>\n<p>Dus, klaar om aan te trekken\u00a0<strong>kleuren van de twee broers<\/strong>\u00a0?<\/p>\n<h2>Ben je fan van de One Piece manga of anime? Laat het zien met deze zwembroek!<\/h2>\n<p>Als u\u00a0<strong>lezen<\/strong>\u00a0of waar je ook kijkt\u00a0<strong>Japanse anime<\/strong>, De kans is groot dat je bent geworden\u00a0<strong>Ik ben helemaal gek op One Piece.<\/strong>\u00a0Hiermee!\u00a0<strong>zwembroek<\/strong>\u00a0<strong>Ace en Luffy<\/strong>, sluit je aan bij de\u2019<strong>een groep fans van de franchise<\/strong><\/p>\n<p>Dit\u00a0<strong>zwarte zwembroek<\/strong>\u00a0is verkrijgbaar in de maten\u00a0<strong>XXS, XS, S, M, L, XL<\/strong>, Het is geschikt voor alle soorten piraten, zelfs als je er geen hebt.\u00a0<strong>zwaard<\/strong>\u00a0of\u00a0<strong>duivelsvrucht<\/strong>\u00a0Je kunt het nog steeds dragen.\u00a0<\/p>\n<p><strong>Porgas D. Ace<\/strong>\u00a0En\u00a0<strong>Monkey D. Luffy<\/strong>, geboren uit twee vaders met\u00a0<strong>legendarische namen<\/strong>. Ace is de zoon van\u00a0<strong>Gol D. Roger<\/strong>\u00a0DE\u00a0<strong>Koning der Piraten<\/strong>\u00a0en Luffy is de zoon van\u00a0<strong>Aap D. Draak<\/strong>\u00a0Hoofd van\u00a0<strong>het Revolutionaire Leger<\/strong>\u00a0En\u00a0<strong>de meest gezochte man<\/strong>\u00a0van\u00a0<strong>het One Piece-universum<\/strong><\/p>\n<h2>Informatie over de shorts:\u00a0<\/h2>\n<ul>\n<li>\n<strong>Hoogwaardige eendelige zwembroek\u00a0<\/strong>: heeft een hoog gramgewicht<\/li>\n<\/ul>\n<ul style=\"font-weight: 400;\">\n<li>\n<strong>Zeer comfortabel\u00a0<\/strong>Dankzij deze superzachte polyestervezels is er geen sprake van schuren.<\/li>\n<\/ul>\n<ul style=\"font-weight: 400;\">\n<li>\n<strong>Canvasafdruk<\/strong>\u00a03D digitaal, origineel ontwerp<\/li>\n<\/ul>\n<ul style=\"font-weight: 400;\">\n<li>\n<strong>Polyester\u00a0<\/strong>Hoogwaardig polyester voor snelle droging.<\/li>\n<\/ul>\n<ul style=\"font-weight: 400;\">\n<li>\n<strong>Gratis bezorging\u00a0<\/strong>voor elke aankoop<strong>\u00a0<\/strong>\n<\/li>\n<\/ul>\n<h3>Vergeet niet de maattabel hieronder te bekijken.<\/h3>\n<h2><img decoding=\"async\" alt=\"Maattabel Baim one-piece shorts XXS, XS, S, M, L, XL\" src=\"\/\/cdn.shopify.com\/s\/files\/1\/0087\/7556\/5348\/files\/boutque_one__piece_tableau_taille_short_de_bain_large.jpg?v=1560446518\" style=\"font-size: 15px; float: none;\"><\/h2>\n<h3>Wasvoorschriften:<\/h3>\n<ul>\n<li>Machinewas op 30\u00b0C, fijnwasprogramma.<\/li>\n<\/ul>\n<ul>\n<li>Strijk aan de achterkant<\/li>\n<\/ul>\n<p>Voor <strong>behoud de kwaliteit<\/strong> hiervan\u00a0<strong>Zwembroek uit \u00e9\u00e9n stuk<\/strong>, Wij raden u aan om <strong>respect<\/strong> DE <strong>wasvoorschriften<\/strong>.<\/p>","protected":false},"excerpt":{"rendered":"<p>Une super qualit\u00e9 pour un pirate comme\u00a0toi\u00a0! Si tu es un\u00a0v\u00e9ritable pirate, tu seras\u00a0appr\u00e9cier la\u00a0qualit\u00e9 des mat\u00e9riaux,\u00a0de la\u00a0conception\u00a0et de\u00a0l&rsquo;impression 3D\u00a0de ce\u00a0short de bain One Piece\u00a0!\u00a0Mais le plus important, avec ce short tu\u00a0feras partie de\u00a0l&rsquo;\u00e9quipage\u00a0des fans\u00a0du\u00a0manga de pirates\u00a0et tu obtiendras\u00a0: \u00a0L&rsquo;admiration\u00a0de tous les fans des\u00a0mugiwara\u00a0que tu rencontreras Un v\u00e9ritable\u00a0short de bain imprim\u00e9\u00a0avec lequel tu pourras nager\u00a0sur\u00a0Grand [&hellip;]<\/p>","protected":false},"featured_media":8787,"comment_status":"open","ping_status":"open","template":"","meta":[],"product_brand":[],"product_cat":[66],"product_tag":[176,92],"class_list":{"0":"post-8785","1":"product","2":"type-product","3":"status-publish","4":"has-post-thumbnail","6":"product_cat-shorts-de-bain-one-piece","7":"product_tag-ace","8":"product_tag-luffy","10":"first","11":"instock","12":"purchasable","13":"product-type-variable","14":"has-default-attributes"},"yoast_head":"<!-- This site is optimized with the Yoast SEO plugin v27.5 - https:\/\/yoast.com\/product\/yoast-seo-wordpress\/ -->\n<title>Short de Bain Ace et Luffy | Boutique One Piece<\/title>\n<meta name=\"description\" content=\"Maillot de Bain du Manga One Piece de Haute Qualit\u00e9 avec ace et luffy le Short de Bain Noir parfait pour Tous les Pirates qui vont \u00e0 la Mer ou \u00e0 la Piscine\" \/>\n<meta name=\"robots\" content=\"index, follow, max-snippet:-1, max-image-preview:large, max-video-preview:-1\" \/>\n<link rel=\"canonical\" href=\"https:\/\/boutique-one-piece.com\/nl\/one-piece-kleding\/zwembroek-uit-een-stuk\/one-piece-ace-en-luffy-zwembroek\/\" \/>\n<meta property=\"og:locale\" content=\"nl_NL\" \/>\n<meta property=\"og:type\" content=\"article\" \/>\n<meta property=\"og:title\" content=\"Short de Bain Ace et Luffy | Boutique One Piece\" \/>\n<meta property=\"og:description\" content=\"Maillot de Bain du Manga One Piece de Haute Qualit\u00e9 avec ace et luffy le Short de Bain Noir parfait pour Tous les Pirates qui vont \u00e0 la Mer ou \u00e0 la Piscine\" \/>\n<meta property=\"og:url\" content=\"https:\/\/boutique-one-piece.com\/nl\/one-piece-kleding\/zwembroek-uit-een-stuk\/one-piece-ace-en-luffy-zwembroek\/\" \/>\n<meta property=\"og:site_name\" content=\"Boutique One Piece\" \/>\n<meta property=\"article:modified_time\" content=\"2024-09-16T11:27:25+00:00\" \/>\n<meta property=\"og:image\" content=\"https:\/\/boutique-one-piece.com\/wp-content\/uploads\/2022\/09\/Short-de-Bain-One-Piece-Ace-et-Luffy.jpg\" \/>\n\t<meta property=\"og:image:width\" content=\"638\" \/>\n\t<meta property=\"og:image:height\" content=\"640\" \/>\n\t<meta property=\"og:image:type\" content=\"image\/jpeg\" \/>\n<meta name=\"twitter:card\" content=\"summary_large_image\" \/>\n<meta name=\"twitter:label1\" content=\"Geschatte leestijd\" \/>\n\t<meta name=\"twitter:data1\" content=\"2 minuten\" \/>\n<script type=\"application\/ld+json\" class=\"yoast-schema-graph\">{\"@context\":\"https:\\\/\\\/schema.org\",\"@graph\":[{\"@type\":\"WebPage\",\"@id\":\"https:\\\/\\\/boutique-one-piece.com\\\/vetements-one-piece\\\/shorts-de-bain-one-piece\\\/short-de-bain-one-piece-ace-et-luffy\\\/\",\"url\":\"https:\\\/\\\/boutique-one-piece.com\\\/vetements-one-piece\\\/shorts-de-bain-one-piece\\\/short-de-bain-one-piece-ace-et-luffy\\\/\",\"name\":\"Short de Bain Ace et Luffy | Boutique One Piece\",\"isPartOf\":{\"@id\":\"https:\\\/\\\/boutique-one-piece.com\\\/#website\"},\"primaryImageOfPage\":{\"@id\":\"https:\\\/\\\/boutique-one-piece.com\\\/vetements-one-piece\\\/shorts-de-bain-one-piece\\\/short-de-bain-one-piece-ace-et-luffy\\\/#primaryimage\"},\"image\":{\"@id\":\"https:\\\/\\\/boutique-one-piece.com\\\/vetements-one-piece\\\/shorts-de-bain-one-piece\\\/short-de-bain-one-piece-ace-et-luffy\\\/#primaryimage\"},\"thumbnailUrl\":\"https:\\\/\\\/boutique-one-piece.com\\\/wp-content\\\/uploads\\\/2022\\\/09\\\/Short-de-Bain-One-Piece-Ace-et-Luffy.jpg\",\"datePublished\":\"2022-09-27T20:15:13+00:00\",\"dateModified\":\"2024-09-16T11:27:25+00:00\",\"description\":\"Maillot de Bain du Manga One Piece de Haute Qualit\u00e9 avec ace et luffy le Short de Bain Noir parfait pour Tous les Pirates qui vont \u00e0 la Mer ou \u00e0 la Piscine\",\"breadcrumb\":{\"@id\":\"https:\\\/\\\/boutique-one-piece.com\\\/vetements-one-piece\\\/shorts-de-bain-one-piece\\\/short-de-bain-one-piece-ace-et-luffy\\\/#breadcrumb\"},\"inLanguage\":\"nl-NL\",\"potentialAction\":[{\"@type\":\"ReadAction\",\"target\":[\"https:\\\/\\\/boutique-one-piece.com\\\/vetements-one-piece\\\/shorts-de-bain-one-piece\\\/short-de-bain-one-piece-ace-et-luffy\\\/\"]}]},{\"@type\":\"ImageObject\",\"inLanguage\":\"nl-NL\",\"@id\":\"https:\\\/\\\/boutique-one-piece.com\\\/vetements-one-piece\\\/shorts-de-bain-one-piece\\\/short-de-bain-one-piece-ace-et-luffy\\\/#primaryimage\",\"url\":\"https:\\\/\\\/boutique-one-piece.com\\\/wp-content\\\/uploads\\\/2022\\\/09\\\/Short-de-Bain-One-Piece-Ace-et-Luffy.jpg\",\"contentUrl\":\"https:\\\/\\\/boutique-one-piece.com\\\/wp-content\\\/uploads\\\/2022\\\/09\\\/Short-de-Bain-One-Piece-Ace-et-Luffy.jpg\",\"width\":638,\"height\":640,\"caption\":\"Short de Bain One Piece Ace et Luffy xl\"},{\"@type\":\"BreadcrumbList\",\"@id\":\"https:\\\/\\\/boutique-one-piece.com\\\/vetements-one-piece\\\/shorts-de-bain-one-piece\\\/short-de-bain-one-piece-ace-et-luffy\\\/#breadcrumb\",\"itemListElement\":[{\"@type\":\"ListItem\",\"position\":1,\"name\":\"Home\",\"item\":\"https:\\\/\\\/boutique-one-piece.com\\\/\"},{\"@type\":\"ListItem\",\"position\":2,\"name\":\"Shop\",\"item\":\"https:\\\/\\\/boutique-one-piece.com\\\/shop\\\/\"},{\"@type\":\"ListItem\",\"position\":3,\"name\":\"Short de Bain One Piece Ace et Luffy\"}]},{\"@type\":\"WebSite\",\"@id\":\"https:\\\/\\\/boutique-one-piece.com\\\/#website\",\"url\":\"https:\\\/\\\/boutique-one-piece.com\\\/\",\"name\":\"Boutique One Piece\",\"description\":\"Magasin Sp\u00e9cialis\u00e9 du Manga et l&#039;Anime One Piece\",\"publisher\":{\"@id\":\"https:\\\/\\\/boutique-one-piece.com\\\/#organization\"},\"potentialAction\":[{\"@type\":\"SearchAction\",\"target\":{\"@type\":\"EntryPoint\",\"urlTemplate\":\"https:\\\/\\\/boutique-one-piece.com\\\/?s={search_term_string}\"},\"query-input\":{\"@type\":\"PropertyValueSpecification\",\"valueRequired\":true,\"valueName\":\"search_term_string\"}}],\"inLanguage\":\"nl-NL\"},{\"@type\":\"Organization\",\"@id\":\"https:\\\/\\\/boutique-one-piece.com\\\/#organization\",\"name\":\"Boutique One Piece\",\"url\":\"https:\\\/\\\/boutique-one-piece.com\\\/\",\"logo\":{\"@type\":\"ImageObject\",\"inLanguage\":\"nl-NL\",\"@id\":\"https:\\\/\\\/boutique-one-piece.com\\\/#\\\/schema\\\/logo\\\/image\\\/\",\"url\":\"https:\\\/\\\/boutique-one-piece.com\\\/wp-content\\\/uploads\\\/2022\\\/09\\\/Logo-01.png\",\"contentUrl\":\"https:\\\/\\\/boutique-one-piece.com\\\/wp-content\\\/uploads\\\/2022\\\/09\\\/Logo-01.png\",\"width\":2318,\"height\":957,\"caption\":\"Boutique One Piece\"},\"image\":{\"@id\":\"https:\\\/\\\/boutique-one-piece.com\\\/#\\\/schema\\\/logo\\\/image\\\/\"}}]}<\/script>\n<!-- \/ Yoast SEO plugin. -->","yoast_head_json":{"title":"Ace en Luffy zwembroeken | One Piece Shop","description":"Hoogwaardig One Piece manga zwempak met Ace en Luffy. De zwarte zwembroek is perfect voor alle piraten die naar zee of het zwembad gaan.","robots":{"index":"index","follow":"follow","max-snippet":"max-snippet:-1","max-image-preview":"max-image-preview:large","max-video-preview":"max-video-preview:-1"},"canonical":"https:\/\/boutique-one-piece.com\/nl\/one-piece-kleding\/zwembroek-uit-een-stuk\/one-piece-ace-en-luffy-zwembroek\/","og_locale":"nl_NL","og_type":"article","og_title":"Short de Bain Ace et Luffy | Boutique One Piece","og_description":"Maillot de Bain du Manga One Piece de Haute Qualit\u00e9 avec ace et luffy le Short de Bain Noir parfait pour Tous les Pirates qui vont \u00e0 la Mer ou \u00e0 la Piscine","og_url":"https:\/\/boutique-one-piece.com\/nl\/one-piece-kleding\/zwembroek-uit-een-stuk\/one-piece-ace-en-luffy-zwembroek\/","og_site_name":"Boutique One Piece","article_modified_time":"2024-09-16T11:27:25+00:00","og_image":[{"width":638,"height":640,"url":"https:\/\/boutique-one-piece.com\/wp-content\/uploads\/2022\/09\/Short-de-Bain-One-Piece-Ace-et-Luffy.jpg","type":"image\/jpeg"}],"twitter_card":"summary_large_image","twitter_misc":{"Geschatte leestijd":"2 minuten"},"schema":{"@context":"https:\/\/schema.org","@graph":[{"@type":"WebPage","@id":"https:\/\/boutique-one-piece.com\/vetements-one-piece\/shorts-de-bain-one-piece\/short-de-bain-one-piece-ace-et-luffy\/","url":"https:\/\/boutique-one-piece.com\/vetements-one-piece\/shorts-de-bain-one-piece\/short-de-bain-one-piece-ace-et-luffy\/","name":"Ace en Luffy zwembroeken | One Piece Shop","isPartOf":{"@id":"https:\/\/boutique-one-piece.com\/#website"},"primaryImageOfPage":{"@id":"https:\/\/boutique-one-piece.com\/vetements-one-piece\/shorts-de-bain-one-piece\/short-de-bain-one-piece-ace-et-luffy\/#primaryimage"},"image":{"@id":"https:\/\/boutique-one-piece.com\/vetements-one-piece\/shorts-de-bain-one-piece\/short-de-bain-one-piece-ace-et-luffy\/#primaryimage"},"thumbnailUrl":"https:\/\/boutique-one-piece.com\/wp-content\/uploads\/2022\/09\/Short-de-Bain-One-Piece-Ace-et-Luffy.jpg","datePublished":"2022-09-27T20:15:13+00:00","dateModified":"2024-09-16T11:27:25+00:00","description":"Hoogwaardig One Piece manga zwempak met Ace en Luffy. De zwarte zwembroek is perfect voor alle piraten die naar zee of het zwembad gaan.","breadcrumb":{"@id":"https:\/\/boutique-one-piece.com\/vetements-one-piece\/shorts-de-bain-one-piece\/short-de-bain-one-piece-ace-et-luffy\/#breadcrumb"},"inLanguage":"nl-NL","potentialAction":[{"@type":"ReadAction","target":["https:\/\/boutique-one-piece.com\/vetements-one-piece\/shorts-de-bain-one-piece\/short-de-bain-one-piece-ace-et-luffy\/"]}]},{"@type":"ImageObject","inLanguage":"nl-NL","@id":"https:\/\/boutique-one-piece.com\/vetements-one-piece\/shorts-de-bain-one-piece\/short-de-bain-one-piece-ace-et-luffy\/#primaryimage","url":"https:\/\/boutique-one-piece.com\/wp-content\/uploads\/2022\/09\/Short-de-Bain-One-Piece-Ace-et-Luffy.jpg","contentUrl":"https:\/\/boutique-one-piece.com\/wp-content\/uploads\/2022\/09\/Short-de-Bain-One-Piece-Ace-et-Luffy.jpg","width":638,"height":640,"caption":"Short de Bain One Piece Ace et Luffy xl"},{"@type":"BreadcrumbList","@id":"https:\/\/boutique-one-piece.com\/vetements-one-piece\/shorts-de-bain-one-piece\/short-de-bain-one-piece-ace-et-luffy\/#breadcrumb","itemListElement":[{"@type":"ListItem","position":1,"name":"Home","item":"https:\/\/boutique-one-piece.com\/"},{"@type":"ListItem","position":2,"name":"Shop","item":"https:\/\/boutique-one-piece.com\/shop\/"},{"@type":"ListItem","position":3,"name":"Short de Bain One Piece Ace et Luffy"}]},{"@type":"WebSite","@id":"https:\/\/boutique-one-piece.com\/#website","url":"https:\/\/boutique-one-piece.com\/","name":"One Piece Shop","description":"Gespecialiseerde winkel voor One Piece manga en anime.","publisher":{"@id":"https:\/\/boutique-one-piece.com\/#organization"},"potentialAction":[{"@type":"SearchAction","target":{"@type":"EntryPoint","urlTemplate":"https:\/\/boutique-one-piece.com\/?s={search_term_string}"},"query-input":{"@type":"PropertyValueSpecification","valueRequired":true,"valueName":"search_term_string"}}],"inLanguage":"nl-NL"},{"@type":"Organization","@id":"https:\/\/boutique-one-piece.com\/#organization","name":"One Piece Shop","url":"https:\/\/boutique-one-piece.com\/","logo":{"@type":"ImageObject","inLanguage":"nl-NL","@id":"https:\/\/boutique-one-piece.com\/#\/schema\/logo\/image\/","url":"https:\/\/boutique-one-piece.com\/wp-content\/uploads\/2022\/09\/Logo-01.png","contentUrl":"https:\/\/boutique-one-piece.com\/wp-content\/uploads\/2022\/09\/Logo-01.png","width":2318,"height":957,"caption":"Boutique One Piece"},"image":{"@id":"https:\/\/boutique-one-piece.com\/#\/schema\/logo\/image\/"}}]}},"_links":{"self":[{"href":"https:\/\/boutique-one-piece.com\/nl\/wp-json\/wp\/v2\/product\/8785","targetHints":{"allow":["GET"]}}],"collection":[{"href":"https:\/\/boutique-one-piece.com\/nl\/wp-json\/wp\/v2\/product"}],"about":[{"href":"https:\/\/boutique-one-piece.com\/nl\/wp-json\/wp\/v2\/types\/product"}],"replies":[{"embeddable":true,"href":"https:\/\/boutique-one-piece.com\/nl\/wp-json\/wp\/v2\/comments?post=8785"}],"wp:featuredmedia":[{"embeddable":true,"href":"https:\/\/boutique-one-piece.com\/nl\/wp-json\/wp\/v2\/media\/8787"}],"wp:attachment":[{"href":"https:\/\/boutique-one-piece.com\/nl\/wp-json\/wp\/v2\/media?parent=8785"}],"wp:term":[{"taxonomy":"product_brand","embeddable":true,"href":"https:\/\/boutique-one-piece.com\/nl\/wp-json\/wp\/v2\/product_brand?post=8785"},{"taxonomy":"product_cat","embeddable":true,"href":"https:\/\/boutique-one-piece.com\/nl\/wp-json\/wp\/v2\/product_cat?post=8785"},{"taxonomy":"product_tag","embeddable":true,"href":"https:\/\/boutique-one-piece.com\/nl\/wp-json\/wp\/v2\/product_tag?post=8785"}],"curies":[{"name":"wp","href":"https:\/\/api.w.org\/{rel}","templated":true}]}}