{"id":9005,"date":"2022-09-27T20:16:51","date_gmt":"2022-09-27T20:16:51","guid":{"rendered":"https:\/\/boutique-one-piece.com\/uncategorized\/figurine-one-piece-sabo-et-son-drapeau\/"},"modified":"2024-09-16T11:32:02","modified_gmt":"2024-09-16T11:32:02","slug":"one-piece-sabo-figuurtje-en-zijn-vlag","status":"publish","type":"product","link":"https:\/\/boutique-one-piece.com\/nl\/one-piece-beeldjes\/sabo-beeldjes\/one-piece-sabo-figuurtje-en-zijn-vlag\/","title":{"rendered":"One Piece Sabo-figuur en zijn vlag"},"content":{"rendered":"<h2>Jonge piraat, het is tijd dat je dit Sabo-beeldje en zijn vlag uit One Piece bemachtigt.<\/h2>\n<p>Hier volgt een korte inleiding tot <strong>Sabo<\/strong>, (Even ter herinnering!) Sabo werd geboren in een adellijke familie, maar besloot weg te lopen en zich in de Grijze Terminal te vestigen. Hij werd <strong>Ace en Luffy&#039;s broer<\/strong> Ze hieven een toast uit en wisselden hun sakebekers uit, ook wel bekend als &#039;broederschapsbekers&#039;. Hij werd dood gewaand nadat hij was neergeschoten door een Hemelse Draak. Sabo dook echter weer op in Dressrosa, nu als Dragons rechterhand en leider van de Revolutionairen.<\/p>\n<p>Hij wint het toernooi in het Corrida Coliseum, waardoor hij het kan opeten. <strong>Mera Mera no Mi<\/strong>, nadat hij ooit was opgegeten door zijn adoptiebroer, Portgas D. Ace. Wat betreft de vlag die hij zwaait, moet je weten dat ASL een afkorting is van &quot;\u00ab\u00a0<strong>Ace Sabo Luffy<\/strong>\u00a0\u00bb&quot;Het is ook de naam van de piratenbemanning die de drie broers als kind hebben bedacht. Trouwens, als je je verzameling beeldjes wilt uitbreiden, de <a title=\"SET VAN 3 ONE PIECE FIRE BROTHERS-FIGUREN\" href=\"https:\/\/boutique-one-piece.com\/nl\/set-van-3-one-piece-beeldjes-de-vuurbroers\/\" target=\"_blank\" rel=\"noopener\">beeldjes van de 3 broers<\/a> ligt binnen handbereik.<\/p>\n<h3>Laat je betoveren door het Sabo-beeldje en zijn &quot;ASL&quot;-vlag. Sluit je aan bij Sabo in de gelederen van het Revolutionaire Leger en volbreng samen met hem grootse missies.<\/h3>\n<p>Of je nu een fervent fan bent of een serieuze verzamelaar, deze <strong>mythische objecten<\/strong> Je zult ze vast geweldig vinden. Gebruik ze om je huis te versieren, verzamel ze of geef ze zelfs cadeau. E\u00e9n ding is zeker: je lot ligt in je eigen handen, jonge piraat. <strong>De One Piece-schat<\/strong>, wacht op je. <\/p>\n<h2>Informatie over het Sabo-beeldje en de bijbehorende vlag.\u00a0<\/h2>\n<ul data-mce-fragment=\"1\">\n<li data-mce-fragment=\"1\"><span data-mce-fragment=\"1\"><b data-mce-fragment=\"1\"><u data-mce-fragment=\"1\">One Piece-figuurtje<\/u><\/b>\u00a0Een premium One Piece-figuurtje voor echte piraten.<\/span><\/li>\n<\/ul>\n<ul data-mce-fragment=\"1\">\n<li data-mce-fragment=\"1\">\n<b data-mce-fragment=\"1\">Materie<\/b><span data-mce-fragment=\"1\">\u00a0<\/span>PVC<\/li>\n<\/ul>\n<ul data-mce-fragment=\"1\">\n<li data-mce-fragment=\"1\"><span data-mce-fragment=\"1\"><strong data-mce-fragment=\"1\">Dimensie<\/strong>\u00a0: 20 cm<\/span><\/li>\n<\/ul>\n<ul data-mce-fragment=\"1\">\n<li data-mce-fragment=\"1\"><span data-mce-fragment=\"1\"><strong data-mce-fragment=\"1\">GRATIS BEZORGING<\/strong><\/span><\/li>\n<\/ul>","protected":false},"excerpt":{"rendered":"<p>Jeune pirate, le moment est venu pour toi de te procurer cette Figurine One Piece Sabo et son Drapeau. Voici une br\u00e8ve pr\u00e9sentation de Sabo, (uniquement faite pour te rafraichir la m\u00e9moire) ! Sabo est n\u00e9 dans une famille de Noble, mais d\u00e9cida de s&rsquo;enfuir et de s&rsquo;installer dans le Grey Terminal. Il est devenu [&hellip;]<\/p>","protected":false},"featured_media":9007,"comment_status":"open","ping_status":"open","template":"","meta":[],"product_brand":[],"product_cat":[76,178],"product_tag":[180],"class_list":{"0":"post-9005","1":"product","2":"type-product","3":"status-publish","4":"has-post-thumbnail","6":"product_cat-figurines-one-piece","7":"product_cat-figurines-sabo","8":"product_tag-sabo","10":"first","11":"instock","12":"purchasable","13":"product-type-simple"},"yoast_head":"<!-- This site is optimized with the Yoast SEO plugin v27.5 - https:\/\/yoast.com\/product\/yoast-seo-wordpress\/ -->\n<title>Figurine One Piece Sabo et son Drapeau | Figurine One Piece \u2013 Boutique One Piece<\/title>\n<meta name=\"description\" content=\"Jeune pirate, le moment est venu pour toi de te procurer cette Figurine One Piece Sabo et son Drapeau. Voici une br\u00e8ve pr\u00e9sentation de Sabo, (uniquement faite pour te rafraichir la m\u00e9moire) ! Sabo est n\u00e9 dans une famille de Noble, mais d\u00e9cida de s&#039;enfuir et de s&#039;installer dans le Grey Terminal. Il est devenu le fr\u00e8re d\" \/>\n<meta name=\"robots\" content=\"index, follow, max-snippet:-1, max-image-preview:large, max-video-preview:-1\" \/>\n<link rel=\"canonical\" href=\"https:\/\/boutique-one-piece.com\/nl\/one-piece-beeldjes\/sabo-beeldjes\/one-piece-sabo-figuurtje-en-zijn-vlag\/\" \/>\n<meta property=\"og:locale\" content=\"nl_NL\" \/>\n<meta property=\"og:type\" content=\"article\" \/>\n<meta property=\"og:title\" content=\"Figurine One Piece Sabo et son Drapeau | Figurine One Piece \u2013 Boutique One Piece\" \/>\n<meta property=\"og:description\" content=\"Jeune pirate, le moment est venu pour toi de te procurer cette Figurine One Piece Sabo et son Drapeau. Voici une br\u00e8ve pr\u00e9sentation de Sabo, (uniquement faite pour te rafraichir la m\u00e9moire) ! Sabo est n\u00e9 dans une famille de Noble, mais d\u00e9cida de s&#039;enfuir et de s&#039;installer dans le Grey Terminal. Il est devenu le fr\u00e8re d\" \/>\n<meta property=\"og:url\" content=\"https:\/\/boutique-one-piece.com\/nl\/one-piece-beeldjes\/sabo-beeldjes\/one-piece-sabo-figuurtje-en-zijn-vlag\/\" \/>\n<meta property=\"og:site_name\" content=\"Boutique One Piece\" \/>\n<meta property=\"article:modified_time\" content=\"2024-09-16T11:32:02+00:00\" \/>\n<meta property=\"og:image\" content=\"https:\/\/boutique-one-piece.com\/wp-content\/uploads\/2022\/09\/Figurine-One-Piece-Sabo-et-son-Drapeau.jpg\" \/>\n\t<meta property=\"og:image:width\" content=\"640\" \/>\n\t<meta property=\"og:image:height\" content=\"640\" \/>\n\t<meta property=\"og:image:type\" content=\"image\/jpeg\" \/>\n<meta name=\"twitter:card\" content=\"summary_large_image\" \/>\n<meta name=\"twitter:label1\" content=\"Geschatte leestijd\" \/>\n\t<meta name=\"twitter:data1\" content=\"2 minuten\" \/>\n<script type=\"application\/ld+json\" class=\"yoast-schema-graph\">{\"@context\":\"https:\\\/\\\/schema.org\",\"@graph\":[{\"@type\":\"WebPage\",\"@id\":\"https:\\\/\\\/boutique-one-piece.com\\\/figurines-one-piece\\\/figurines-sabo\\\/figurine-one-piece-sabo-et-son-drapeau\\\/\",\"url\":\"https:\\\/\\\/boutique-one-piece.com\\\/figurines-one-piece\\\/figurines-sabo\\\/figurine-one-piece-sabo-et-son-drapeau\\\/\",\"name\":\"Figurine One Piece Sabo et son Drapeau | Figurine One Piece \u2013 Boutique One Piece\",\"isPartOf\":{\"@id\":\"https:\\\/\\\/boutique-one-piece.com\\\/#website\"},\"primaryImageOfPage\":{\"@id\":\"https:\\\/\\\/boutique-one-piece.com\\\/figurines-one-piece\\\/figurines-sabo\\\/figurine-one-piece-sabo-et-son-drapeau\\\/#primaryimage\"},\"image\":{\"@id\":\"https:\\\/\\\/boutique-one-piece.com\\\/figurines-one-piece\\\/figurines-sabo\\\/figurine-one-piece-sabo-et-son-drapeau\\\/#primaryimage\"},\"thumbnailUrl\":\"https:\\\/\\\/boutique-one-piece.com\\\/wp-content\\\/uploads\\\/2022\\\/09\\\/Figurine-One-Piece-Sabo-et-son-Drapeau.jpg\",\"datePublished\":\"2022-09-27T20:16:51+00:00\",\"dateModified\":\"2024-09-16T11:32:02+00:00\",\"description\":\"Jeune pirate, le moment est venu pour toi de te procurer cette Figurine One Piece Sabo et son Drapeau. Voici une br\u00e8ve pr\u00e9sentation de Sabo, (uniquement faite pour te rafraichir la m\u00e9moire) ! Sabo est n\u00e9 dans une famille de Noble, mais d\u00e9cida de s'enfuir et de s'installer dans le Grey Terminal. Il est devenu le fr\u00e8re d\",\"breadcrumb\":{\"@id\":\"https:\\\/\\\/boutique-one-piece.com\\\/figurines-one-piece\\\/figurines-sabo\\\/figurine-one-piece-sabo-et-son-drapeau\\\/#breadcrumb\"},\"inLanguage\":\"nl-NL\",\"potentialAction\":[{\"@type\":\"ReadAction\",\"target\":[\"https:\\\/\\\/boutique-one-piece.com\\\/figurines-one-piece\\\/figurines-sabo\\\/figurine-one-piece-sabo-et-son-drapeau\\\/\"]}]},{\"@type\":\"ImageObject\",\"inLanguage\":\"nl-NL\",\"@id\":\"https:\\\/\\\/boutique-one-piece.com\\\/figurines-one-piece\\\/figurines-sabo\\\/figurine-one-piece-sabo-et-son-drapeau\\\/#primaryimage\",\"url\":\"https:\\\/\\\/boutique-one-piece.com\\\/wp-content\\\/uploads\\\/2022\\\/09\\\/Figurine-One-Piece-Sabo-et-son-Drapeau.jpg\",\"contentUrl\":\"https:\\\/\\\/boutique-one-piece.com\\\/wp-content\\\/uploads\\\/2022\\\/09\\\/Figurine-One-Piece-Sabo-et-son-Drapeau.jpg\",\"width\":640,\"height\":640,\"caption\":\"Figurine One Piece Sabo et son Drapeau Default Title\"},{\"@type\":\"BreadcrumbList\",\"@id\":\"https:\\\/\\\/boutique-one-piece.com\\\/figurines-one-piece\\\/figurines-sabo\\\/figurine-one-piece-sabo-et-son-drapeau\\\/#breadcrumb\",\"itemListElement\":[{\"@type\":\"ListItem\",\"position\":1,\"name\":\"Home\",\"item\":\"https:\\\/\\\/boutique-one-piece.com\\\/\"},{\"@type\":\"ListItem\",\"position\":2,\"name\":\"Shop\",\"item\":\"https:\\\/\\\/boutique-one-piece.com\\\/shop\\\/\"},{\"@type\":\"ListItem\",\"position\":3,\"name\":\"Figurine One Piece Sabo et son Drapeau\"}]},{\"@type\":\"WebSite\",\"@id\":\"https:\\\/\\\/boutique-one-piece.com\\\/#website\",\"url\":\"https:\\\/\\\/boutique-one-piece.com\\\/\",\"name\":\"Boutique One Piece\",\"description\":\"Magasin Sp\u00e9cialis\u00e9 du Manga et l&#039;Anime One Piece\",\"publisher\":{\"@id\":\"https:\\\/\\\/boutique-one-piece.com\\\/#organization\"},\"potentialAction\":[{\"@type\":\"SearchAction\",\"target\":{\"@type\":\"EntryPoint\",\"urlTemplate\":\"https:\\\/\\\/boutique-one-piece.com\\\/?s={search_term_string}\"},\"query-input\":{\"@type\":\"PropertyValueSpecification\",\"valueRequired\":true,\"valueName\":\"search_term_string\"}}],\"inLanguage\":\"nl-NL\"},{\"@type\":\"Organization\",\"@id\":\"https:\\\/\\\/boutique-one-piece.com\\\/#organization\",\"name\":\"Boutique One Piece\",\"url\":\"https:\\\/\\\/boutique-one-piece.com\\\/\",\"logo\":{\"@type\":\"ImageObject\",\"inLanguage\":\"nl-NL\",\"@id\":\"https:\\\/\\\/boutique-one-piece.com\\\/#\\\/schema\\\/logo\\\/image\\\/\",\"url\":\"https:\\\/\\\/boutique-one-piece.com\\\/wp-content\\\/uploads\\\/2022\\\/09\\\/Logo-01.png\",\"contentUrl\":\"https:\\\/\\\/boutique-one-piece.com\\\/wp-content\\\/uploads\\\/2022\\\/09\\\/Logo-01.png\",\"width\":2318,\"height\":957,\"caption\":\"Boutique One Piece\"},\"image\":{\"@id\":\"https:\\\/\\\/boutique-one-piece.com\\\/#\\\/schema\\\/logo\\\/image\\\/\"}}]}<\/script>\n<!-- \/ Yoast SEO plugin. -->","yoast_head_json":{"title":"One Piece Sabo-figuur en zijn vlag | One Piece-figuur \u2013 One Piece Shop","description":"Jonge piraat, het is tijd dat je dit One Piece Sabo-figuurtje en zijn vlag in handen krijgt. Hier is een korte introductie van Sabo (om je geheugen op te frissen)! Sabo werd geboren in een adellijke familie, maar besloot weg te lopen en zich te vestigen in de Grijze Terminal. Hij werd de broer van...","robots":{"index":"index","follow":"follow","max-snippet":"max-snippet:-1","max-image-preview":"max-image-preview:large","max-video-preview":"max-video-preview:-1"},"canonical":"https:\/\/boutique-one-piece.com\/nl\/one-piece-beeldjes\/sabo-beeldjes\/one-piece-sabo-figuurtje-en-zijn-vlag\/","og_locale":"nl_NL","og_type":"article","og_title":"Figurine One Piece Sabo et son Drapeau | Figurine One Piece \u2013 Boutique One Piece","og_description":"Jeune pirate, le moment est venu pour toi de te procurer cette Figurine One Piece Sabo et son Drapeau. Voici une br\u00e8ve pr\u00e9sentation de Sabo, (uniquement faite pour te rafraichir la m\u00e9moire) ! Sabo est n\u00e9 dans une famille de Noble, mais d\u00e9cida de s'enfuir et de s'installer dans le Grey Terminal. Il est devenu le fr\u00e8re d","og_url":"https:\/\/boutique-one-piece.com\/nl\/one-piece-beeldjes\/sabo-beeldjes\/one-piece-sabo-figuurtje-en-zijn-vlag\/","og_site_name":"Boutique One Piece","article_modified_time":"2024-09-16T11:32:02+00:00","og_image":[{"width":640,"height":640,"url":"https:\/\/boutique-one-piece.com\/wp-content\/uploads\/2022\/09\/Figurine-One-Piece-Sabo-et-son-Drapeau.jpg","type":"image\/jpeg"}],"twitter_card":"summary_large_image","twitter_misc":{"Geschatte leestijd":"2 minuten"},"schema":{"@context":"https:\/\/schema.org","@graph":[{"@type":"WebPage","@id":"https:\/\/boutique-one-piece.com\/figurines-one-piece\/figurines-sabo\/figurine-one-piece-sabo-et-son-drapeau\/","url":"https:\/\/boutique-one-piece.com\/figurines-one-piece\/figurines-sabo\/figurine-one-piece-sabo-et-son-drapeau\/","name":"One Piece Sabo-figuur en zijn vlag | One Piece-figuur \u2013 One Piece Shop","isPartOf":{"@id":"https:\/\/boutique-one-piece.com\/#website"},"primaryImageOfPage":{"@id":"https:\/\/boutique-one-piece.com\/figurines-one-piece\/figurines-sabo\/figurine-one-piece-sabo-et-son-drapeau\/#primaryimage"},"image":{"@id":"https:\/\/boutique-one-piece.com\/figurines-one-piece\/figurines-sabo\/figurine-one-piece-sabo-et-son-drapeau\/#primaryimage"},"thumbnailUrl":"https:\/\/boutique-one-piece.com\/wp-content\/uploads\/2022\/09\/Figurine-One-Piece-Sabo-et-son-Drapeau.jpg","datePublished":"2022-09-27T20:16:51+00:00","dateModified":"2024-09-16T11:32:02+00:00","description":"Jonge piraat, het is tijd dat je dit One Piece Sabo-figuurtje en zijn vlag in handen krijgt. Hier is een korte introductie van Sabo (om je geheugen op te frissen)! Sabo werd geboren in een adellijke familie, maar besloot weg te lopen en zich te vestigen in de Grijze Terminal. Hij werd de broer van...","breadcrumb":{"@id":"https:\/\/boutique-one-piece.com\/figurines-one-piece\/figurines-sabo\/figurine-one-piece-sabo-et-son-drapeau\/#breadcrumb"},"inLanguage":"nl-NL","potentialAction":[{"@type":"ReadAction","target":["https:\/\/boutique-one-piece.com\/figurines-one-piece\/figurines-sabo\/figurine-one-piece-sabo-et-son-drapeau\/"]}]},{"@type":"ImageObject","inLanguage":"nl-NL","@id":"https:\/\/boutique-one-piece.com\/figurines-one-piece\/figurines-sabo\/figurine-one-piece-sabo-et-son-drapeau\/#primaryimage","url":"https:\/\/boutique-one-piece.com\/wp-content\/uploads\/2022\/09\/Figurine-One-Piece-Sabo-et-son-Drapeau.jpg","contentUrl":"https:\/\/boutique-one-piece.com\/wp-content\/uploads\/2022\/09\/Figurine-One-Piece-Sabo-et-son-Drapeau.jpg","width":640,"height":640,"caption":"Figurine One Piece Sabo et son Drapeau Default Title"},{"@type":"BreadcrumbList","@id":"https:\/\/boutique-one-piece.com\/figurines-one-piece\/figurines-sabo\/figurine-one-piece-sabo-et-son-drapeau\/#breadcrumb","itemListElement":[{"@type":"ListItem","position":1,"name":"Home","item":"https:\/\/boutique-one-piece.com\/"},{"@type":"ListItem","position":2,"name":"Shop","item":"https:\/\/boutique-one-piece.com\/shop\/"},{"@type":"ListItem","position":3,"name":"Figurine One Piece Sabo et son Drapeau"}]},{"@type":"WebSite","@id":"https:\/\/boutique-one-piece.com\/#website","url":"https:\/\/boutique-one-piece.com\/","name":"One Piece Shop","description":"Gespecialiseerde winkel voor One Piece manga en anime.","publisher":{"@id":"https:\/\/boutique-one-piece.com\/#organization"},"potentialAction":[{"@type":"SearchAction","target":{"@type":"EntryPoint","urlTemplate":"https:\/\/boutique-one-piece.com\/?s={search_term_string}"},"query-input":{"@type":"PropertyValueSpecification","valueRequired":true,"valueName":"search_term_string"}}],"inLanguage":"nl-NL"},{"@type":"Organization","@id":"https:\/\/boutique-one-piece.com\/#organization","name":"One Piece Shop","url":"https:\/\/boutique-one-piece.com\/","logo":{"@type":"ImageObject","inLanguage":"nl-NL","@id":"https:\/\/boutique-one-piece.com\/#\/schema\/logo\/image\/","url":"https:\/\/boutique-one-piece.com\/wp-content\/uploads\/2022\/09\/Logo-01.png","contentUrl":"https:\/\/boutique-one-piece.com\/wp-content\/uploads\/2022\/09\/Logo-01.png","width":2318,"height":957,"caption":"Boutique One Piece"},"image":{"@id":"https:\/\/boutique-one-piece.com\/#\/schema\/logo\/image\/"}}]}},"_links":{"self":[{"href":"https:\/\/boutique-one-piece.com\/nl\/wp-json\/wp\/v2\/product\/9005","targetHints":{"allow":["GET"]}}],"collection":[{"href":"https:\/\/boutique-one-piece.com\/nl\/wp-json\/wp\/v2\/product"}],"about":[{"href":"https:\/\/boutique-one-piece.com\/nl\/wp-json\/wp\/v2\/types\/product"}],"replies":[{"embeddable":true,"href":"https:\/\/boutique-one-piece.com\/nl\/wp-json\/wp\/v2\/comments?post=9005"}],"wp:featuredmedia":[{"embeddable":true,"href":"https:\/\/boutique-one-piece.com\/nl\/wp-json\/wp\/v2\/media\/9007"}],"wp:attachment":[{"href":"https:\/\/boutique-one-piece.com\/nl\/wp-json\/wp\/v2\/media?parent=9005"}],"wp:term":[{"taxonomy":"product_brand","embeddable":true,"href":"https:\/\/boutique-one-piece.com\/nl\/wp-json\/wp\/v2\/product_brand?post=9005"},{"taxonomy":"product_cat","embeddable":true,"href":"https:\/\/boutique-one-piece.com\/nl\/wp-json\/wp\/v2\/product_cat?post=9005"},{"taxonomy":"product_tag","embeddable":true,"href":"https:\/\/boutique-one-piece.com\/nl\/wp-json\/wp\/v2\/product_tag?post=9005"}],"curies":[{"name":"wp","href":"https:\/\/api.w.org\/{rel}","templated":true}]}}