{"id":9186,"date":"2022-09-27T20:18:06","date_gmt":"2022-09-27T20:18:06","guid":{"rendered":"https:\/\/boutique-one-piece.com\/uncategorized\/figurine-one-piece-dracule-mihawk-le-shishibukai\/"},"modified":"2024-09-16T11:37:15","modified_gmt":"2024-09-16T11:37:15","slug":"one-piece-figuurtje-van-dracule-mihawk-de-shishibukai","status":"publish","type":"product","link":"https:\/\/boutique-one-piece.com\/nl\/one-piece-beeldjes\/one-piece-figuurtje-van-dracule-mihawk-de-shishibukai\/","title":{"rendered":"One Piece-figuur Dracule Mihawk De Shishibukai"},"content":{"rendered":"<h2>Jonge piraat, het is tijd dat je dit One Piece Dracule Mihawk The Shichibukai-beeldje bemachtigt.<\/h2>\n<p>U bent er ongetwijfeld van op de hoogte dat <strong>Dracule Mihawk<\/strong> bekend onder de bijnaam Hawkeye is de eerste <strong>Kapitein van de kapers<\/strong> om te verschijnen. Hij bleef een Krijgsheer van de Zee tot de groep werd ontbonden. Je moet ook weten dat de Zeven Krijgsheren van de Zee (in het Japans &quot;Shichibukai&quot;) een groep van zeven machtige en beroemde piraten waren, sommigen met een leidende bemanning en anderen niet, die een pact hadden gesloten met de Wereldregering.<\/p>\n<p>Ze maakten deel uit van de Drie Grote Machten van de wereld, samen met het Marinehoofdkwartier en de Vier Keizers. Om terug te komen op Dracule Mihawk: hij draagt de titel &quot;Beste Zwaardvechter ter Wereld&quot; en was bovendien de trainer van Zoro Roronoa tijdens de tweejarige tijdsprong. Daarnaast... <a title=\"ONE PIECE ZORO-FIGUUR IN WITTE OUTFIT\" href=\"https:\/\/boutique-one-piece.com\/nl\/one-piece-zoro-figuurtje-in-witte-outfit\/\" target=\"_blank\" rel=\"noopener\">Zoro Roronoa-beeldje<\/a>, [Naam], gekleed in wit, is binnen handbereik.<\/p>\n<h3>Ben je gefascineerd door het piratenkapiteinfiguurtje? Zo ja, aarzel dan niet langer en beleef talloze avonturen samen met Dracule Mihawk.<\/h3>\n<p>Jonge piraat, de tijd is gekomen om je lot in eigen handen te nemen. Duik erin, of duik er weer in. <strong>het One Piece-universum<\/strong>. Om dit te bereiken, schaf deze mythische voorwerpen nu aan. Ze zullen je nooit verlaten en je vergezellen op al je avonturen. <strong>One Piece schat<\/strong> Ik wacht op je!<\/p>\n<h2>Informatie over het Dracule Mihawk Shichibukai-beeldje.<\/h2>\n<ul data-mce-fragment=\"1\">\n<li data-mce-fragment=\"1\"><span data-mce-fragment=\"1\"><b data-mce-fragment=\"1\"><u data-mce-fragment=\"1\">One Piece-figuurtje<\/u><\/b>\u00a0Een premium One Piece-figuurtje voor echte piraten.<\/span><\/li>\n<\/ul>\n<ul data-mce-fragment=\"1\">\n<li data-mce-fragment=\"1\">\n<b data-mce-fragment=\"1\">Materie<\/b><span data-mce-fragment=\"1\">\u00a0<\/span>PVC<\/li>\n<\/ul>\n<ul data-mce-fragment=\"1\">\n<li data-mce-fragment=\"1\"><span data-mce-fragment=\"1\"><strong data-mce-fragment=\"1\">Dimensie<\/strong>\u00a0: 34 cm<\/span><\/li>\n<\/ul>\n<ul data-mce-fragment=\"1\">\n<li data-mce-fragment=\"1\"><span data-mce-fragment=\"1\"><strong data-mce-fragment=\"1\">GRATIS BEZORGING<\/strong><\/span><\/li>\n<\/ul>","protected":false},"excerpt":{"rendered":"<p>Jeune pirate, le moment est venu pour toi de te procurer cette Figurine One Piece Dracule Mihawk Le Shichibukai. Tu n&rsquo;es pas sans savoir que Dracule Mihawk connu sous le surnom d\u0092\u009cil de Faucon est le premier Capitaine Corsaire \u00e0 appara\u00eetre. Il est rest\u00e9 Capitaine Corsaire jusqu&rsquo;\u00e0 la dissolution de ce groupe. Tu dois \u00e9galement [&hellip;]<\/p>","protected":false},"featured_media":9188,"comment_status":"open","ping_status":"open","template":"","meta":[],"product_brand":[],"product_cat":[76],"product_tag":[272],"class_list":{"0":"post-9186","1":"product","2":"type-product","3":"status-publish","4":"has-post-thumbnail","6":"product_cat-figurines-one-piece","7":"product_tag-mihawk","9":"first","10":"instock","11":"purchasable","12":"product-type-simple"},"yoast_head":"<!-- This site is optimized with the Yoast SEO plugin v27.5 - https:\/\/yoast.com\/product\/yoast-seo-wordpress\/ -->\n<title>Figurine One Piece Dracule Mihawk Le Shishibukai | Figurine One Piece \u2013 Boutique One Piece<\/title>\n<meta name=\"description\" content=\"Jeune pirate, le moment est venu pour toi de te procurer cette Figurine One Piece Dracule Mihawk Le Shichibukai. Tu n&#039;es pas sans savoir que Dracule Mihawk connu sous le surnom d\u2019\u0153il de Faucon est le premier Capitaine Corsaire \u00e0 appara\u00eetre. Il est rest\u00e9 Capitaine Corsaire jusqu&#039;\u00e0 la dissolution de ce groupe. Tu dois \u00e9g\" \/>\n<meta name=\"robots\" content=\"index, follow, max-snippet:-1, max-image-preview:large, max-video-preview:-1\" \/>\n<link rel=\"canonical\" href=\"https:\/\/boutique-one-piece.com\/nl\/one-piece-beeldjes\/one-piece-figuurtje-van-dracule-mihawk-de-shishibukai\/\" \/>\n<meta property=\"og:locale\" content=\"nl_NL\" \/>\n<meta property=\"og:type\" content=\"article\" \/>\n<meta property=\"og:title\" content=\"Figurine One Piece Dracule Mihawk Le Shishibukai | Figurine One Piece \u2013 Boutique One Piece\" \/>\n<meta property=\"og:description\" content=\"Jeune pirate, le moment est venu pour toi de te procurer cette Figurine One Piece Dracule Mihawk Le Shichibukai. Tu n&#039;es pas sans savoir que Dracule Mihawk connu sous le surnom d\u2019\u0153il de Faucon est le premier Capitaine Corsaire \u00e0 appara\u00eetre. Il est rest\u00e9 Capitaine Corsaire jusqu&#039;\u00e0 la dissolution de ce groupe. Tu dois \u00e9g\" \/>\n<meta property=\"og:url\" content=\"https:\/\/boutique-one-piece.com\/nl\/one-piece-beeldjes\/one-piece-figuurtje-van-dracule-mihawk-de-shishibukai\/\" \/>\n<meta property=\"og:site_name\" content=\"Boutique One Piece\" \/>\n<meta property=\"article:modified_time\" content=\"2024-09-16T11:37:15+00:00\" \/>\n<meta property=\"og:image\" content=\"https:\/\/boutique-one-piece.com\/wp-content\/uploads\/2022\/09\/Figurine-One-Piece-Dracule-Mihawk-Le-Shishibukai-1.jpg\" \/>\n\t<meta property=\"og:image:width\" content=\"800\" \/>\n\t<meta property=\"og:image:height\" content=\"800\" \/>\n\t<meta property=\"og:image:type\" content=\"image\/jpeg\" \/>\n<meta name=\"twitter:card\" content=\"summary_large_image\" \/>\n<meta name=\"twitter:label1\" content=\"Geschatte leestijd\" \/>\n\t<meta name=\"twitter:data1\" content=\"1 minuut\" \/>\n<script type=\"application\/ld+json\" class=\"yoast-schema-graph\">{\"@context\":\"https:\\\/\\\/schema.org\",\"@graph\":[{\"@type\":\"WebPage\",\"@id\":\"https:\\\/\\\/boutique-one-piece.com\\\/figurines-one-piece\\\/figurine-one-piece-dracule-mihawk-le-shishibukai\\\/\",\"url\":\"https:\\\/\\\/boutique-one-piece.com\\\/figurines-one-piece\\\/figurine-one-piece-dracule-mihawk-le-shishibukai\\\/\",\"name\":\"Figurine One Piece Dracule Mihawk Le Shishibukai | Figurine One Piece \u2013 Boutique One Piece\",\"isPartOf\":{\"@id\":\"https:\\\/\\\/boutique-one-piece.com\\\/#website\"},\"primaryImageOfPage\":{\"@id\":\"https:\\\/\\\/boutique-one-piece.com\\\/figurines-one-piece\\\/figurine-one-piece-dracule-mihawk-le-shishibukai\\\/#primaryimage\"},\"image\":{\"@id\":\"https:\\\/\\\/boutique-one-piece.com\\\/figurines-one-piece\\\/figurine-one-piece-dracule-mihawk-le-shishibukai\\\/#primaryimage\"},\"thumbnailUrl\":\"https:\\\/\\\/boutique-one-piece.com\\\/wp-content\\\/uploads\\\/2022\\\/09\\\/Figurine-One-Piece-Dracule-Mihawk-Le-Shishibukai-1.jpg\",\"datePublished\":\"2022-09-27T20:18:06+00:00\",\"dateModified\":\"2024-09-16T11:37:15+00:00\",\"description\":\"Jeune pirate, le moment est venu pour toi de te procurer cette Figurine One Piece Dracule Mihawk Le Shichibukai. Tu n'es pas sans savoir que Dracule Mihawk connu sous le surnom d\u2019\u0153il de Faucon est le premier Capitaine Corsaire \u00e0 appara\u00eetre. Il est rest\u00e9 Capitaine Corsaire jusqu'\u00e0 la dissolution de ce groupe. Tu dois \u00e9g\",\"breadcrumb\":{\"@id\":\"https:\\\/\\\/boutique-one-piece.com\\\/figurines-one-piece\\\/figurine-one-piece-dracule-mihawk-le-shishibukai\\\/#breadcrumb\"},\"inLanguage\":\"nl-NL\",\"potentialAction\":[{\"@type\":\"ReadAction\",\"target\":[\"https:\\\/\\\/boutique-one-piece.com\\\/figurines-one-piece\\\/figurine-one-piece-dracule-mihawk-le-shishibukai\\\/\"]}]},{\"@type\":\"ImageObject\",\"inLanguage\":\"nl-NL\",\"@id\":\"https:\\\/\\\/boutique-one-piece.com\\\/figurines-one-piece\\\/figurine-one-piece-dracule-mihawk-le-shishibukai\\\/#primaryimage\",\"url\":\"https:\\\/\\\/boutique-one-piece.com\\\/wp-content\\\/uploads\\\/2022\\\/09\\\/Figurine-One-Piece-Dracule-Mihawk-Le-Shishibukai-1.jpg\",\"contentUrl\":\"https:\\\/\\\/boutique-one-piece.com\\\/wp-content\\\/uploads\\\/2022\\\/09\\\/Figurine-One-Piece-Dracule-Mihawk-Le-Shishibukai-1.jpg\",\"width\":800,\"height\":800},{\"@type\":\"BreadcrumbList\",\"@id\":\"https:\\\/\\\/boutique-one-piece.com\\\/figurines-one-piece\\\/figurine-one-piece-dracule-mihawk-le-shishibukai\\\/#breadcrumb\",\"itemListElement\":[{\"@type\":\"ListItem\",\"position\":1,\"name\":\"Home\",\"item\":\"https:\\\/\\\/boutique-one-piece.com\\\/\"},{\"@type\":\"ListItem\",\"position\":2,\"name\":\"Shop\",\"item\":\"https:\\\/\\\/boutique-one-piece.com\\\/shop\\\/\"},{\"@type\":\"ListItem\",\"position\":3,\"name\":\"Figurine One Piece Dracule Mihawk Le Shishibukai\"}]},{\"@type\":\"WebSite\",\"@id\":\"https:\\\/\\\/boutique-one-piece.com\\\/#website\",\"url\":\"https:\\\/\\\/boutique-one-piece.com\\\/\",\"name\":\"Boutique One Piece\",\"description\":\"Magasin Sp\u00e9cialis\u00e9 du Manga et l&#039;Anime One Piece\",\"publisher\":{\"@id\":\"https:\\\/\\\/boutique-one-piece.com\\\/#organization\"},\"potentialAction\":[{\"@type\":\"SearchAction\",\"target\":{\"@type\":\"EntryPoint\",\"urlTemplate\":\"https:\\\/\\\/boutique-one-piece.com\\\/?s={search_term_string}\"},\"query-input\":{\"@type\":\"PropertyValueSpecification\",\"valueRequired\":true,\"valueName\":\"search_term_string\"}}],\"inLanguage\":\"nl-NL\"},{\"@type\":\"Organization\",\"@id\":\"https:\\\/\\\/boutique-one-piece.com\\\/#organization\",\"name\":\"Boutique One Piece\",\"url\":\"https:\\\/\\\/boutique-one-piece.com\\\/\",\"logo\":{\"@type\":\"ImageObject\",\"inLanguage\":\"nl-NL\",\"@id\":\"https:\\\/\\\/boutique-one-piece.com\\\/#\\\/schema\\\/logo\\\/image\\\/\",\"url\":\"https:\\\/\\\/boutique-one-piece.com\\\/wp-content\\\/uploads\\\/2022\\\/09\\\/Logo-01.png\",\"contentUrl\":\"https:\\\/\\\/boutique-one-piece.com\\\/wp-content\\\/uploads\\\/2022\\\/09\\\/Logo-01.png\",\"width\":2318,\"height\":957,\"caption\":\"Boutique One Piece\"},\"image\":{\"@id\":\"https:\\\/\\\/boutique-one-piece.com\\\/#\\\/schema\\\/logo\\\/image\\\/\"}}]}<\/script>\n<!-- \/ Yoast SEO plugin. -->","yoast_head_json":{"title":"One Piece-figuur Dracule Mihawk de Shishibukai | One Piece-figuur \u2013 One Piece Shop","description":"Jonge piraat, het is tijd dat je deze One Piece Dracule Mihawk Shichibukai-figuur bemachtigt. Je weet vast wel dat Dracule Mihawk, ook bekend als Hawkeye, de eerste Krijgsheer van de Zee was. Hij bleef Krijgsheer tot de groep werd ontbonden. Je moet ook","robots":{"index":"index","follow":"follow","max-snippet":"max-snippet:-1","max-image-preview":"max-image-preview:large","max-video-preview":"max-video-preview:-1"},"canonical":"https:\/\/boutique-one-piece.com\/nl\/one-piece-beeldjes\/one-piece-figuurtje-van-dracule-mihawk-de-shishibukai\/","og_locale":"nl_NL","og_type":"article","og_title":"Figurine One Piece Dracule Mihawk Le Shishibukai | Figurine One Piece \u2013 Boutique One Piece","og_description":"Jeune pirate, le moment est venu pour toi de te procurer cette Figurine One Piece Dracule Mihawk Le Shichibukai. Tu n'es pas sans savoir que Dracule Mihawk connu sous le surnom d\u2019\u0153il de Faucon est le premier Capitaine Corsaire \u00e0 appara\u00eetre. Il est rest\u00e9 Capitaine Corsaire jusqu'\u00e0 la dissolution de ce groupe. Tu dois \u00e9g","og_url":"https:\/\/boutique-one-piece.com\/nl\/one-piece-beeldjes\/one-piece-figuurtje-van-dracule-mihawk-de-shishibukai\/","og_site_name":"Boutique One Piece","article_modified_time":"2024-09-16T11:37:15+00:00","og_image":[{"width":800,"height":800,"url":"https:\/\/boutique-one-piece.com\/wp-content\/uploads\/2022\/09\/Figurine-One-Piece-Dracule-Mihawk-Le-Shishibukai-1.jpg","type":"image\/jpeg"}],"twitter_card":"summary_large_image","twitter_misc":{"Geschatte leestijd":"1 minuut"},"schema":{"@context":"https:\/\/schema.org","@graph":[{"@type":"WebPage","@id":"https:\/\/boutique-one-piece.com\/figurines-one-piece\/figurine-one-piece-dracule-mihawk-le-shishibukai\/","url":"https:\/\/boutique-one-piece.com\/figurines-one-piece\/figurine-one-piece-dracule-mihawk-le-shishibukai\/","name":"One Piece-figuur Dracule Mihawk de Shishibukai | One Piece-figuur \u2013 One Piece Shop","isPartOf":{"@id":"https:\/\/boutique-one-piece.com\/#website"},"primaryImageOfPage":{"@id":"https:\/\/boutique-one-piece.com\/figurines-one-piece\/figurine-one-piece-dracule-mihawk-le-shishibukai\/#primaryimage"},"image":{"@id":"https:\/\/boutique-one-piece.com\/figurines-one-piece\/figurine-one-piece-dracule-mihawk-le-shishibukai\/#primaryimage"},"thumbnailUrl":"https:\/\/boutique-one-piece.com\/wp-content\/uploads\/2022\/09\/Figurine-One-Piece-Dracule-Mihawk-Le-Shishibukai-1.jpg","datePublished":"2022-09-27T20:18:06+00:00","dateModified":"2024-09-16T11:37:15+00:00","description":"Jonge piraat, het is tijd dat je deze One Piece Dracule Mihawk Shichibukai-figuur bemachtigt. Je weet vast wel dat Dracule Mihawk, ook bekend als Hawkeye, de eerste Krijgsheer van de Zee was. Hij bleef Krijgsheer tot de groep werd ontbonden. Je moet ook","breadcrumb":{"@id":"https:\/\/boutique-one-piece.com\/figurines-one-piece\/figurine-one-piece-dracule-mihawk-le-shishibukai\/#breadcrumb"},"inLanguage":"nl-NL","potentialAction":[{"@type":"ReadAction","target":["https:\/\/boutique-one-piece.com\/figurines-one-piece\/figurine-one-piece-dracule-mihawk-le-shishibukai\/"]}]},{"@type":"ImageObject","inLanguage":"nl-NL","@id":"https:\/\/boutique-one-piece.com\/figurines-one-piece\/figurine-one-piece-dracule-mihawk-le-shishibukai\/#primaryimage","url":"https:\/\/boutique-one-piece.com\/wp-content\/uploads\/2022\/09\/Figurine-One-Piece-Dracule-Mihawk-Le-Shishibukai-1.jpg","contentUrl":"https:\/\/boutique-one-piece.com\/wp-content\/uploads\/2022\/09\/Figurine-One-Piece-Dracule-Mihawk-Le-Shishibukai-1.jpg","width":800,"height":800},{"@type":"BreadcrumbList","@id":"https:\/\/boutique-one-piece.com\/figurines-one-piece\/figurine-one-piece-dracule-mihawk-le-shishibukai\/#breadcrumb","itemListElement":[{"@type":"ListItem","position":1,"name":"Home","item":"https:\/\/boutique-one-piece.com\/"},{"@type":"ListItem","position":2,"name":"Shop","item":"https:\/\/boutique-one-piece.com\/shop\/"},{"@type":"ListItem","position":3,"name":"Figurine One Piece Dracule Mihawk Le Shishibukai"}]},{"@type":"WebSite","@id":"https:\/\/boutique-one-piece.com\/#website","url":"https:\/\/boutique-one-piece.com\/","name":"One Piece Shop","description":"Gespecialiseerde winkel voor One Piece manga en anime.","publisher":{"@id":"https:\/\/boutique-one-piece.com\/#organization"},"potentialAction":[{"@type":"SearchAction","target":{"@type":"EntryPoint","urlTemplate":"https:\/\/boutique-one-piece.com\/?s={search_term_string}"},"query-input":{"@type":"PropertyValueSpecification","valueRequired":true,"valueName":"search_term_string"}}],"inLanguage":"nl-NL"},{"@type":"Organization","@id":"https:\/\/boutique-one-piece.com\/#organization","name":"One Piece Shop","url":"https:\/\/boutique-one-piece.com\/","logo":{"@type":"ImageObject","inLanguage":"nl-NL","@id":"https:\/\/boutique-one-piece.com\/#\/schema\/logo\/image\/","url":"https:\/\/boutique-one-piece.com\/wp-content\/uploads\/2022\/09\/Logo-01.png","contentUrl":"https:\/\/boutique-one-piece.com\/wp-content\/uploads\/2022\/09\/Logo-01.png","width":2318,"height":957,"caption":"Boutique One Piece"},"image":{"@id":"https:\/\/boutique-one-piece.com\/#\/schema\/logo\/image\/"}}]}},"_links":{"self":[{"href":"https:\/\/boutique-one-piece.com\/nl\/wp-json\/wp\/v2\/product\/9186","targetHints":{"allow":["GET"]}}],"collection":[{"href":"https:\/\/boutique-one-piece.com\/nl\/wp-json\/wp\/v2\/product"}],"about":[{"href":"https:\/\/boutique-one-piece.com\/nl\/wp-json\/wp\/v2\/types\/product"}],"replies":[{"embeddable":true,"href":"https:\/\/boutique-one-piece.com\/nl\/wp-json\/wp\/v2\/comments?post=9186"}],"wp:featuredmedia":[{"embeddable":true,"href":"https:\/\/boutique-one-piece.com\/nl\/wp-json\/wp\/v2\/media\/9188"}],"wp:attachment":[{"href":"https:\/\/boutique-one-piece.com\/nl\/wp-json\/wp\/v2\/media?parent=9186"}],"wp:term":[{"taxonomy":"product_brand","embeddable":true,"href":"https:\/\/boutique-one-piece.com\/nl\/wp-json\/wp\/v2\/product_brand?post=9186"},{"taxonomy":"product_cat","embeddable":true,"href":"https:\/\/boutique-one-piece.com\/nl\/wp-json\/wp\/v2\/product_cat?post=9186"},{"taxonomy":"product_tag","embeddable":true,"href":"https:\/\/boutique-one-piece.com\/nl\/wp-json\/wp\/v2\/product_tag?post=9186"}],"curies":[{"name":"wp","href":"https:\/\/api.w.org\/{rel}","templated":true}]}}