{"id":9328,"date":"2022-09-27T20:19:09","date_gmt":"2022-09-27T20:19:09","guid":{"rendered":"https:\/\/boutique-one-piece.com\/uncategorized\/avis-de-recherche-crocodile-wanted\/"},"modified":"2024-09-16T11:40:33","modified_gmt":"2024-09-16T11:40:33","slug":"opsporingsposter-voor-krokodillen","status":"publish","type":"product","link":"https:\/\/boutique-one-piece.com\/nl\/one-piece-gezocht-poster\/opsporingsposter-voor-krokodillen\/","title":{"rendered":"Opsporingsbericht voor krokodillen"},"content":{"rendered":"<h2>Ben je een groot fan van de Alabasta-arc? Dan zal deze Crocodile Wanted-poster je zeker bevallen.<\/h2>\n<p>Krokodil is een van de <strong>antagonisten<\/strong> De meest charismatische en geliefde in One Piece. Hij at de Duivelsvrucht van <strong>Suna Suna no mi<\/strong> waardoor hij in een zandman kan veranderen en het zand naar believen kan beheersen. Hij is een <strong>Shichibukai<\/strong> die misbruik maakt van zijn status om de mariniers te ontlopen en om te handelen in &quot;danspoeder&quot; om zoveel mogelijk geld te verdienen. Dit poeder zorgt ervoor dat het gaat regenen als het op een wolk wordt afgeschoten.<\/p>\n<p>Dit heeft ertoe geleid dat het land is opgedroogd, omdat de wolken niet langer alle delen van het land bereiken. Hierdoor kan Crocodile de bevolking controleren door het water te beheersen. Zo greep hij de macht in het land en ontketende hij een burgeroorlog tegen de voormalige koning van Alabasta.<\/p>\n<h3>Versier je kamer met deze afbeelding van Crocodile, een van de beste schurken van v\u00f3\u00f3r de tijdsprong.<\/h3>\n<p>Hij is degene die de leiding heeft over de <strong>Barokwerken<\/strong>, Een criminele organisatie waar ook Nico Robin (onder het alias Miss Allsunday) en Nefertari Vivi, de prinses van Alabasta, deel van uitmaken. Zij infiltreerde in Baroque Works om Crocodile te stoppen. Crocodile zal Luffy tegenkomen, die hem samen met prinses Nefertari Vivi zal verslaan. Er staat een prijs van 81 miljoen Berries op het hoofd van Crocodile.<\/p>\n<p>Ben je dol op premies? Bekijk dit dan eens. <a href=\"https:\/\/boutique-one-piece.com\/nl\/slappe-gezocht-poster\/\" target=\"_blank\" title=\"Baggy gezocht bericht\" rel=\"noopener noreferrer\">Slappe gezocht-poster<\/a>.<\/p>\n<h2>Informatie over de One Piece Wanted Crocodile-poster<\/h2>\n<ul>\n<li><span><b><u>One Piece Wanted Poster<\/u><\/b>\u00a0Een authentieke One Piece-opsporingsposter voor echte piraten.<\/span><\/li>\n<\/ul>\n<ul>\n<li>\n<b><u>Krokodillen Premium<\/u><\/b>\u00a081.000.000 bessen<\/li>\n<\/ul>\n<ul>\n<li><span><strong>Afdrukken van hoge kwaliteit<\/strong>\u00a0nauwkeurige kleuren<\/span><\/li>\n<\/ul>\n<ul>\n<li>\n<strong>Dimensie<\/strong>\u00a0: 30 cm x 21 cm en 42 cm x 30 cm<\/li>\n<\/ul>\n<ul>\n<li><span><strong>GRATIS BEZORGING<\/strong><\/span><\/li>\n<\/ul>\n<div id=\"gtx-trans\" style=\"position: absolute; left: 678px; top: 49px;\">\n<div class=\"gtx-trans-icon\"><\/div>\n<\/div>","protected":false},"excerpt":{"rendered":"<p>As-tu particuli\u00e8rement l&rsquo;arc d&rsquo;Alabasta ? Dans ce cas, cet Avis de Recherche Crocodile Wanted va te faire plaisir. Crocodile est un des antagonistes les plus charismatiques et appr\u00e9ci\u00e9s de One Piece. Il a mang\u00e9 le fruit du d\u00e9mon du Suna Suna no mi qui lui permet de se transformer en homme-sable et de contr\u00f4ler le [&hellip;]<\/p>","protected":false},"featured_media":9330,"comment_status":"open","ping_status":"open","template":"","meta":[],"product_brand":[],"product_cat":[171],"product_tag":[],"class_list":{"0":"post-9328","1":"product","2":"type-product","3":"status-publish","4":"has-post-thumbnail","6":"product_cat-avis-de-recherche-one-piece","8":"first","9":"instock","10":"purchasable","11":"product-type-variable","12":"has-default-attributes"},"yoast_head":"<!-- This site is optimized with the Yoast SEO plugin v27.5 - https:\/\/yoast.com\/product\/yoast-seo-wordpress\/ -->\n<title>Avis De Recherche Crocodile Wanted | D\u00e9coration One Piece \u2013 Boutique One Piece<\/title>\n<meta name=\"description\" content=\"As-tu particuli\u00e8rement l&#039;arc d&#039;Alabasta ? Dans ce cas, cet Avis de Recherche Crocodile Wanted va te faire plaisir. Crocodile est un des antagonistes les plus charismatiques et appr\u00e9ci\u00e9s de One Piece. Il a mang\u00e9 le fruit du d\u00e9mon du Suna Suna no mi qui lui permet de se transformer en homme-sable et de contr\u00f4ler le sable\" \/>\n<meta name=\"robots\" content=\"index, follow, max-snippet:-1, max-image-preview:large, max-video-preview:-1\" \/>\n<link rel=\"canonical\" href=\"https:\/\/boutique-one-piece.com\/nl\/one-piece-gezocht-poster\/opsporingsposter-voor-krokodillen\/\" \/>\n<meta property=\"og:locale\" content=\"nl_NL\" \/>\n<meta property=\"og:type\" content=\"article\" \/>\n<meta property=\"og:title\" content=\"Avis De Recherche Crocodile Wanted | D\u00e9coration One Piece \u2013 Boutique One Piece\" \/>\n<meta property=\"og:description\" content=\"As-tu particuli\u00e8rement l&#039;arc d&#039;Alabasta ? Dans ce cas, cet Avis de Recherche Crocodile Wanted va te faire plaisir. Crocodile est un des antagonistes les plus charismatiques et appr\u00e9ci\u00e9s de One Piece. Il a mang\u00e9 le fruit du d\u00e9mon du Suna Suna no mi qui lui permet de se transformer en homme-sable et de contr\u00f4ler le sable\" \/>\n<meta property=\"og:url\" content=\"https:\/\/boutique-one-piece.com\/nl\/one-piece-gezocht-poster\/opsporingsposter-voor-krokodillen\/\" \/>\n<meta property=\"og:site_name\" content=\"Boutique One Piece\" \/>\n<meta property=\"article:modified_time\" content=\"2024-09-16T11:40:33+00:00\" \/>\n<meta property=\"og:image\" content=\"https:\/\/boutique-one-piece.com\/wp-content\/uploads\/2022\/09\/Avis-De-Recherche-Crocodile-Wanted.jpg\" \/>\n\t<meta property=\"og:image:width\" content=\"800\" \/>\n\t<meta property=\"og:image:height\" content=\"800\" \/>\n\t<meta property=\"og:image:type\" content=\"image\/jpeg\" \/>\n<meta name=\"twitter:card\" content=\"summary_large_image\" \/>\n<meta name=\"twitter:label1\" content=\"Geschatte leestijd\" \/>\n\t<meta name=\"twitter:data1\" content=\"2 minuten\" \/>\n<script type=\"application\/ld+json\" class=\"yoast-schema-graph\">{\"@context\":\"https:\\\/\\\/schema.org\",\"@graph\":[{\"@type\":\"WebPage\",\"@id\":\"https:\\\/\\\/boutique-one-piece.com\\\/avis-de-recherche-one-piece\\\/avis-de-recherche-crocodile-wanted\\\/\",\"url\":\"https:\\\/\\\/boutique-one-piece.com\\\/avis-de-recherche-one-piece\\\/avis-de-recherche-crocodile-wanted\\\/\",\"name\":\"Avis De Recherche Crocodile Wanted | D\u00e9coration One Piece \u2013 Boutique One Piece\",\"isPartOf\":{\"@id\":\"https:\\\/\\\/boutique-one-piece.com\\\/#website\"},\"primaryImageOfPage\":{\"@id\":\"https:\\\/\\\/boutique-one-piece.com\\\/avis-de-recherche-one-piece\\\/avis-de-recherche-crocodile-wanted\\\/#primaryimage\"},\"image\":{\"@id\":\"https:\\\/\\\/boutique-one-piece.com\\\/avis-de-recherche-one-piece\\\/avis-de-recherche-crocodile-wanted\\\/#primaryimage\"},\"thumbnailUrl\":\"https:\\\/\\\/boutique-one-piece.com\\\/wp-content\\\/uploads\\\/2022\\\/09\\\/Avis-De-Recherche-Crocodile-Wanted.jpg\",\"datePublished\":\"2022-09-27T20:19:09+00:00\",\"dateModified\":\"2024-09-16T11:40:33+00:00\",\"description\":\"As-tu particuli\u00e8rement l'arc d'Alabasta ? Dans ce cas, cet Avis de Recherche Crocodile Wanted va te faire plaisir. Crocodile est un des antagonistes les plus charismatiques et appr\u00e9ci\u00e9s de One Piece. Il a mang\u00e9 le fruit du d\u00e9mon du Suna Suna no mi qui lui permet de se transformer en homme-sable et de contr\u00f4ler le sable\",\"breadcrumb\":{\"@id\":\"https:\\\/\\\/boutique-one-piece.com\\\/avis-de-recherche-one-piece\\\/avis-de-recherche-crocodile-wanted\\\/#breadcrumb\"},\"inLanguage\":\"nl-NL\",\"potentialAction\":[{\"@type\":\"ReadAction\",\"target\":[\"https:\\\/\\\/boutique-one-piece.com\\\/avis-de-recherche-one-piece\\\/avis-de-recherche-crocodile-wanted\\\/\"]}]},{\"@type\":\"ImageObject\",\"inLanguage\":\"nl-NL\",\"@id\":\"https:\\\/\\\/boutique-one-piece.com\\\/avis-de-recherche-one-piece\\\/avis-de-recherche-crocodile-wanted\\\/#primaryimage\",\"url\":\"https:\\\/\\\/boutique-one-piece.com\\\/wp-content\\\/uploads\\\/2022\\\/09\\\/Avis-De-Recherche-Crocodile-Wanted.jpg\",\"contentUrl\":\"https:\\\/\\\/boutique-one-piece.com\\\/wp-content\\\/uploads\\\/2022\\\/09\\\/Avis-De-Recherche-Crocodile-Wanted.jpg\",\"width\":800,\"height\":800,\"caption\":\"Avis De Recherche Crocodile Wanted 42X30cm\"},{\"@type\":\"BreadcrumbList\",\"@id\":\"https:\\\/\\\/boutique-one-piece.com\\\/avis-de-recherche-one-piece\\\/avis-de-recherche-crocodile-wanted\\\/#breadcrumb\",\"itemListElement\":[{\"@type\":\"ListItem\",\"position\":1,\"name\":\"Home\",\"item\":\"https:\\\/\\\/boutique-one-piece.com\\\/\"},{\"@type\":\"ListItem\",\"position\":2,\"name\":\"Shop\",\"item\":\"https:\\\/\\\/boutique-one-piece.com\\\/shop\\\/\"},{\"@type\":\"ListItem\",\"position\":3,\"name\":\"Avis De Recherche Crocodile Wanted\"}]},{\"@type\":\"WebSite\",\"@id\":\"https:\\\/\\\/boutique-one-piece.com\\\/#website\",\"url\":\"https:\\\/\\\/boutique-one-piece.com\\\/\",\"name\":\"Boutique One Piece\",\"description\":\"Magasin Sp\u00e9cialis\u00e9 du Manga et l&#039;Anime One Piece\",\"publisher\":{\"@id\":\"https:\\\/\\\/boutique-one-piece.com\\\/#organization\"},\"potentialAction\":[{\"@type\":\"SearchAction\",\"target\":{\"@type\":\"EntryPoint\",\"urlTemplate\":\"https:\\\/\\\/boutique-one-piece.com\\\/?s={search_term_string}\"},\"query-input\":{\"@type\":\"PropertyValueSpecification\",\"valueRequired\":true,\"valueName\":\"search_term_string\"}}],\"inLanguage\":\"nl-NL\"},{\"@type\":\"Organization\",\"@id\":\"https:\\\/\\\/boutique-one-piece.com\\\/#organization\",\"name\":\"Boutique One Piece\",\"url\":\"https:\\\/\\\/boutique-one-piece.com\\\/\",\"logo\":{\"@type\":\"ImageObject\",\"inLanguage\":\"nl-NL\",\"@id\":\"https:\\\/\\\/boutique-one-piece.com\\\/#\\\/schema\\\/logo\\\/image\\\/\",\"url\":\"https:\\\/\\\/boutique-one-piece.com\\\/wp-content\\\/uploads\\\/2022\\\/09\\\/Logo-01.png\",\"contentUrl\":\"https:\\\/\\\/boutique-one-piece.com\\\/wp-content\\\/uploads\\\/2022\\\/09\\\/Logo-01.png\",\"width\":2318,\"height\":957,\"caption\":\"Boutique One Piece\"},\"image\":{\"@id\":\"https:\\\/\\\/boutique-one-piece.com\\\/#\\\/schema\\\/logo\\\/image\\\/\"}}]}<\/script>\n<!-- \/ Yoast SEO plugin. -->","yoast_head_json":{"title":"Krokodil gezocht | One Piece Decoratie \u2013 One Piece Shop","description":"Ben je een grote fan van de Alabasta-arc? Dan is deze &#039;Crocodile Wanted&#039;-poster echt iets voor jou. Crocodile is een van de meest charismatische en geliefde antagonisten in One Piece. Hij heeft de Suna Suna no Mi-duivelsvrucht gegeten, waardoor hij in een zandman kan veranderen en zand kan beheersen.","robots":{"index":"index","follow":"follow","max-snippet":"max-snippet:-1","max-image-preview":"max-image-preview:large","max-video-preview":"max-video-preview:-1"},"canonical":"https:\/\/boutique-one-piece.com\/nl\/one-piece-gezocht-poster\/opsporingsposter-voor-krokodillen\/","og_locale":"nl_NL","og_type":"article","og_title":"Avis De Recherche Crocodile Wanted | D\u00e9coration One Piece \u2013 Boutique One Piece","og_description":"As-tu particuli\u00e8rement l'arc d'Alabasta ? Dans ce cas, cet Avis de Recherche Crocodile Wanted va te faire plaisir. Crocodile est un des antagonistes les plus charismatiques et appr\u00e9ci\u00e9s de One Piece. Il a mang\u00e9 le fruit du d\u00e9mon du Suna Suna no mi qui lui permet de se transformer en homme-sable et de contr\u00f4ler le sable","og_url":"https:\/\/boutique-one-piece.com\/nl\/one-piece-gezocht-poster\/opsporingsposter-voor-krokodillen\/","og_site_name":"Boutique One Piece","article_modified_time":"2024-09-16T11:40:33+00:00","og_image":[{"width":800,"height":800,"url":"https:\/\/boutique-one-piece.com\/wp-content\/uploads\/2022\/09\/Avis-De-Recherche-Crocodile-Wanted.jpg","type":"image\/jpeg"}],"twitter_card":"summary_large_image","twitter_misc":{"Geschatte leestijd":"2 minuten"},"schema":{"@context":"https:\/\/schema.org","@graph":[{"@type":"WebPage","@id":"https:\/\/boutique-one-piece.com\/avis-de-recherche-one-piece\/avis-de-recherche-crocodile-wanted\/","url":"https:\/\/boutique-one-piece.com\/avis-de-recherche-one-piece\/avis-de-recherche-crocodile-wanted\/","name":"Krokodil gezocht | One Piece Decoratie \u2013 One Piece Shop","isPartOf":{"@id":"https:\/\/boutique-one-piece.com\/#website"},"primaryImageOfPage":{"@id":"https:\/\/boutique-one-piece.com\/avis-de-recherche-one-piece\/avis-de-recherche-crocodile-wanted\/#primaryimage"},"image":{"@id":"https:\/\/boutique-one-piece.com\/avis-de-recherche-one-piece\/avis-de-recherche-crocodile-wanted\/#primaryimage"},"thumbnailUrl":"https:\/\/boutique-one-piece.com\/wp-content\/uploads\/2022\/09\/Avis-De-Recherche-Crocodile-Wanted.jpg","datePublished":"2022-09-27T20:19:09+00:00","dateModified":"2024-09-16T11:40:33+00:00","description":"Ben je een grote fan van de Alabasta-arc? Dan is deze &#039;Crocodile Wanted&#039;-poster echt iets voor jou. Crocodile is een van de meest charismatische en geliefde antagonisten in One Piece. Hij heeft de Suna Suna no Mi-duivelsvrucht gegeten, waardoor hij in een zandman kan veranderen en zand kan beheersen.","breadcrumb":{"@id":"https:\/\/boutique-one-piece.com\/avis-de-recherche-one-piece\/avis-de-recherche-crocodile-wanted\/#breadcrumb"},"inLanguage":"nl-NL","potentialAction":[{"@type":"ReadAction","target":["https:\/\/boutique-one-piece.com\/avis-de-recherche-one-piece\/avis-de-recherche-crocodile-wanted\/"]}]},{"@type":"ImageObject","inLanguage":"nl-NL","@id":"https:\/\/boutique-one-piece.com\/avis-de-recherche-one-piece\/avis-de-recherche-crocodile-wanted\/#primaryimage","url":"https:\/\/boutique-one-piece.com\/wp-content\/uploads\/2022\/09\/Avis-De-Recherche-Crocodile-Wanted.jpg","contentUrl":"https:\/\/boutique-one-piece.com\/wp-content\/uploads\/2022\/09\/Avis-De-Recherche-Crocodile-Wanted.jpg","width":800,"height":800,"caption":"Avis De Recherche Crocodile Wanted 42X30cm"},{"@type":"BreadcrumbList","@id":"https:\/\/boutique-one-piece.com\/avis-de-recherche-one-piece\/avis-de-recherche-crocodile-wanted\/#breadcrumb","itemListElement":[{"@type":"ListItem","position":1,"name":"Home","item":"https:\/\/boutique-one-piece.com\/"},{"@type":"ListItem","position":2,"name":"Shop","item":"https:\/\/boutique-one-piece.com\/shop\/"},{"@type":"ListItem","position":3,"name":"Avis De Recherche Crocodile Wanted"}]},{"@type":"WebSite","@id":"https:\/\/boutique-one-piece.com\/#website","url":"https:\/\/boutique-one-piece.com\/","name":"One Piece Shop","description":"Gespecialiseerde winkel voor One Piece manga en anime.","publisher":{"@id":"https:\/\/boutique-one-piece.com\/#organization"},"potentialAction":[{"@type":"SearchAction","target":{"@type":"EntryPoint","urlTemplate":"https:\/\/boutique-one-piece.com\/?s={search_term_string}"},"query-input":{"@type":"PropertyValueSpecification","valueRequired":true,"valueName":"search_term_string"}}],"inLanguage":"nl-NL"},{"@type":"Organization","@id":"https:\/\/boutique-one-piece.com\/#organization","name":"One Piece Shop","url":"https:\/\/boutique-one-piece.com\/","logo":{"@type":"ImageObject","inLanguage":"nl-NL","@id":"https:\/\/boutique-one-piece.com\/#\/schema\/logo\/image\/","url":"https:\/\/boutique-one-piece.com\/wp-content\/uploads\/2022\/09\/Logo-01.png","contentUrl":"https:\/\/boutique-one-piece.com\/wp-content\/uploads\/2022\/09\/Logo-01.png","width":2318,"height":957,"caption":"Boutique One Piece"},"image":{"@id":"https:\/\/boutique-one-piece.com\/#\/schema\/logo\/image\/"}}]}},"_links":{"self":[{"href":"https:\/\/boutique-one-piece.com\/nl\/wp-json\/wp\/v2\/product\/9328","targetHints":{"allow":["GET"]}}],"collection":[{"href":"https:\/\/boutique-one-piece.com\/nl\/wp-json\/wp\/v2\/product"}],"about":[{"href":"https:\/\/boutique-one-piece.com\/nl\/wp-json\/wp\/v2\/types\/product"}],"replies":[{"embeddable":true,"href":"https:\/\/boutique-one-piece.com\/nl\/wp-json\/wp\/v2\/comments?post=9328"}],"wp:featuredmedia":[{"embeddable":true,"href":"https:\/\/boutique-one-piece.com\/nl\/wp-json\/wp\/v2\/media\/9330"}],"wp:attachment":[{"href":"https:\/\/boutique-one-piece.com\/nl\/wp-json\/wp\/v2\/media?parent=9328"}],"wp:term":[{"taxonomy":"product_brand","embeddable":true,"href":"https:\/\/boutique-one-piece.com\/nl\/wp-json\/wp\/v2\/product_brand?post=9328"},{"taxonomy":"product_cat","embeddable":true,"href":"https:\/\/boutique-one-piece.com\/nl\/wp-json\/wp\/v2\/product_cat?post=9328"},{"taxonomy":"product_tag","embeddable":true,"href":"https:\/\/boutique-one-piece.com\/nl\/wp-json\/wp\/v2\/product_tag?post=9328"}],"curies":[{"name":"wp","href":"https:\/\/api.w.org\/{rel}","templated":true}]}}