{"id":9443,"date":"2022-09-27T20:19:49","date_gmt":"2022-09-27T20:19:49","guid":{"rendered":"https:\/\/boutique-one-piece.com\/uncategorized\/avis-de-recherche-one-piece-vinsmoke-sanji-wanted\/"},"modified":"2025-09-09T05:34:37","modified_gmt":"2025-09-09T05:34:37","slug":"one-piece-wanted-poster-vinsmoke-sanji","status":"publish","type":"product","link":"https:\/\/boutique-one-piece.com\/nl\/one-piece-decoraties\/one-piece-wanted-poster-vinsmoke-sanji\/","title":{"rendered":"Vinsmoke Sanji gezocht"},"content":{"rendered":"<h2>Jonge Nakama, het is tijd dat je deze Vinsmoke Sanji Wanted Poster in handen krijgt.<\/h2>\n<p>Je bent er ongetwijfeld van op de hoogte dat Sanji, geboren als Vinsmoke Sanji voordat hij zijn achternaam afzwoer, de bijnaam Vinsmoke Sanji heeft. <strong>Sanji met het Zwarte Been<\/strong>. Hij is de kok van de Strohoedpiraten. Sanji leerde koken op de <strong>Baratie<\/strong>, Een drijvend restaurant, eigendom van Red-Leg Zeff, een voormalige piraat. Sanji is zeer galant tegenover vrouwen, zozeer zelfs dat hij kan aanvoelen wanneer een vrouw in gevaar is, zelfs van een afstand die te groot is om te horen.<\/p>\n<p>Daarom brengt hij zichzelf vaak in levensgevaar wanneer zijn tegenstander een vrouw is, omdat hij weigert haar te slaan. Het enige wat hij dan kan doen, is proberen haar slagen af te weren. Uiteindelijk, zoals je kunt zien, <strong>zijn bonus<\/strong> Dit komt neer op 330.000.000 bessen. Bovendien, als je je verzameling &#039;gewenst&#039; wilt uitbreiden,\u00ab<a title=\"OPZOEKBERICHT: NAMI GEZOCHT\" href=\"https:\/\/boutique-one-piece.com\/nl\/one-piece-gezocht-poster-nami-gezocht\/\" target=\"_blank\" rel=\"noopener\">Nami gezocht-poster<\/a> ligt binnen handbereik.<\/p>\n<h3>Bemachtig zo snel mogelijk de gezocht-poster van Sanji de Zwarte Been. Je kunt hem aan je muur hangen.<\/h3>\n<p><strong>One Piece<\/strong> Dit is de bestverkochte manga ter wereld. Wees trots dat je deel uitmaakt van dit fantastische universum waar piraterij hoogtij viert. Aarzel bovendien niet om deze mythische items te bemachtigen die je terugvoeren naar je favoriete anime-wereld. Het is aan jou om je eigen avontuur te beleven!<strong> jonge piraat<\/strong> Zoals u dat goeddunkt. Er is maar \u00e9\u00e9n regel: er zijn geen regels.<\/p>\n<h2>Informatie over de One Piece Wanted Sanji-poster<\/h2>\n<ul>\n<li><span><b><u>One Piece Wanted Poster<\/u><\/b>\u00a0Een authentieke One Piece-opsporingsposter voor echte piraten.<\/span><\/li>\n<\/ul>\n<ul>\n<li>\n<b><u>Vinsmoke Sanji&#039;s Bounty<\/u><\/b>\u00a0330.000.000 bessen<\/li>\n<\/ul>\n<ul>\n<li><span><strong>Afdrukken van hoge kwaliteit<\/strong>\u00a0nauwkeurige kleuren<\/span><\/li>\n<\/ul>\n<ul>\n<li>\n<strong>Dimensie<\/strong>\u00a0: 51 cm x 36 cm<\/li>\n<\/ul>\n<ul>\n<li><span><strong>GRATIS BEZORGING<\/strong><\/span><\/li>\n<\/ul>","protected":false},"excerpt":{"rendered":"<p>Jeune Nakama, le moment est venu pour toi de te procurer cet Avis de Recherche Vinsmoke Sanji Wanted. Tu n&rsquo;es pas sans savoir que Sanji, n\u00e9 Vinsmoke Sanji avant de renoncer \u00e0 son nom de famille, est surnomm\u00e9 Sanji la Jambe Noire. C&rsquo;est le cuisinier de l&rsquo;\u00c9quipage du Chapeau de Paille. Sanji a appris l&rsquo;art [&hellip;]<\/p>","protected":false},"featured_media":9445,"comment_status":"open","ping_status":"open","template":"","meta":[],"product_brand":[],"product_cat":[171,150],"product_tag":[],"class_list":{"0":"post-9443","1":"product","2":"type-product","3":"status-publish","4":"has-post-thumbnail","6":"product_cat-avis-de-recherche-one-piece","7":"product_cat-decorations-one-piece","9":"first","10":"instock","11":"purchasable","12":"product-type-simple"},"yoast_head":"<!-- This site is optimized with the Yoast SEO plugin v27.5 - https:\/\/yoast.com\/product\/yoast-seo-wordpress\/ -->\n<title>Avis de Recherche One Piece Vinsmoke Sanji Wanted | D\u00e9coration One Piece \u2013 Boutique One Piece<\/title>\n<meta name=\"description\" content=\"Jeune Nakama, le moment est venu pour toi de te procurer cet Avis de Recherche Vinsmoke Sanji Wanted. Tu n&#039;es pas sans savoir que Sanji, n\u00e9 Vinsmoke Sanji avant de renoncer \u00e0 son nom de famille, est surnomm\u00e9 Sanji la Jambe Noire. C&#039;est le cuisinier de l&#039;\u00c9quipage du Chapeau de Paille. Sanji a appris l&#039;art culinaire sur\" \/>\n<meta name=\"robots\" content=\"index, follow, max-snippet:-1, max-image-preview:large, max-video-preview:-1\" \/>\n<link rel=\"canonical\" href=\"https:\/\/boutique-one-piece.com\/nl\/one-piece-gezocht-poster\/one-piece-wanted-poster-vinsmoke-sanji\/\" \/>\n<meta property=\"og:locale\" content=\"nl_NL\" \/>\n<meta property=\"og:type\" content=\"article\" \/>\n<meta property=\"og:title\" content=\"Avis de Recherche One Piece Vinsmoke Sanji Wanted | D\u00e9coration One Piece \u2013 Boutique One Piece\" \/>\n<meta property=\"og:description\" content=\"Jeune Nakama, le moment est venu pour toi de te procurer cet Avis de Recherche Vinsmoke Sanji Wanted. Tu n&#039;es pas sans savoir que Sanji, n\u00e9 Vinsmoke Sanji avant de renoncer \u00e0 son nom de famille, est surnomm\u00e9 Sanji la Jambe Noire. C&#039;est le cuisinier de l&#039;\u00c9quipage du Chapeau de Paille. Sanji a appris l&#039;art culinaire sur\" \/>\n<meta property=\"og:url\" content=\"https:\/\/boutique-one-piece.com\/nl\/one-piece-gezocht-poster\/one-piece-wanted-poster-vinsmoke-sanji\/\" \/>\n<meta property=\"og:site_name\" content=\"Boutique One Piece\" \/>\n<meta property=\"article:modified_time\" content=\"2025-09-09T05:34:37+00:00\" \/>\n<meta property=\"og:image\" content=\"https:\/\/boutique-one-piece.com\/wp-content\/uploads\/2022\/09\/Avis-de-Recherche-Vinsmoke-Sanji-Wanted-1.jpg\" \/>\n\t<meta property=\"og:image:width\" content=\"799\" \/>\n\t<meta property=\"og:image:height\" content=\"797\" \/>\n\t<meta property=\"og:image:type\" content=\"image\/jpeg\" \/>\n<meta name=\"twitter:card\" content=\"summary_large_image\" \/>\n<meta name=\"twitter:label1\" content=\"Geschatte leestijd\" \/>\n\t<meta name=\"twitter:data1\" content=\"2 minuten\" \/>\n<script type=\"application\/ld+json\" class=\"yoast-schema-graph\">{\"@context\":\"https:\\\/\\\/schema.org\",\"@graph\":[{\"@type\":\"WebPage\",\"@id\":\"https:\\\/\\\/boutique-one-piece.com\\\/avis-de-recherche-one-piece\\\/avis-de-recherche-one-piece-vinsmoke-sanji-wanted\\\/\",\"url\":\"https:\\\/\\\/boutique-one-piece.com\\\/avis-de-recherche-one-piece\\\/avis-de-recherche-one-piece-vinsmoke-sanji-wanted\\\/\",\"name\":\"Avis de Recherche One Piece Vinsmoke Sanji Wanted | D\u00e9coration One Piece \u2013 Boutique One Piece\",\"isPartOf\":{\"@id\":\"https:\\\/\\\/boutique-one-piece.com\\\/#website\"},\"primaryImageOfPage\":{\"@id\":\"https:\\\/\\\/boutique-one-piece.com\\\/avis-de-recherche-one-piece\\\/avis-de-recherche-one-piece-vinsmoke-sanji-wanted\\\/#primaryimage\"},\"image\":{\"@id\":\"https:\\\/\\\/boutique-one-piece.com\\\/avis-de-recherche-one-piece\\\/avis-de-recherche-one-piece-vinsmoke-sanji-wanted\\\/#primaryimage\"},\"thumbnailUrl\":\"https:\\\/\\\/boutique-one-piece.com\\\/wp-content\\\/uploads\\\/2022\\\/09\\\/Avis-de-Recherche-Vinsmoke-Sanji-Wanted-1.jpg\",\"datePublished\":\"2022-09-27T20:19:49+00:00\",\"dateModified\":\"2025-09-09T05:34:37+00:00\",\"description\":\"Jeune Nakama, le moment est venu pour toi de te procurer cet Avis de Recherche Vinsmoke Sanji Wanted. Tu n'es pas sans savoir que Sanji, n\u00e9 Vinsmoke Sanji avant de renoncer \u00e0 son nom de famille, est surnomm\u00e9 Sanji la Jambe Noire. C'est le cuisinier de l'\u00c9quipage du Chapeau de Paille. Sanji a appris l'art culinaire sur\",\"breadcrumb\":{\"@id\":\"https:\\\/\\\/boutique-one-piece.com\\\/avis-de-recherche-one-piece\\\/avis-de-recherche-one-piece-vinsmoke-sanji-wanted\\\/#breadcrumb\"},\"inLanguage\":\"nl-NL\",\"potentialAction\":[{\"@type\":\"ReadAction\",\"target\":[\"https:\\\/\\\/boutique-one-piece.com\\\/avis-de-recherche-one-piece\\\/avis-de-recherche-one-piece-vinsmoke-sanji-wanted\\\/\"]}]},{\"@type\":\"ImageObject\",\"inLanguage\":\"nl-NL\",\"@id\":\"https:\\\/\\\/boutique-one-piece.com\\\/avis-de-recherche-one-piece\\\/avis-de-recherche-one-piece-vinsmoke-sanji-wanted\\\/#primaryimage\",\"url\":\"https:\\\/\\\/boutique-one-piece.com\\\/wp-content\\\/uploads\\\/2022\\\/09\\\/Avis-de-Recherche-Vinsmoke-Sanji-Wanted-1.jpg\",\"contentUrl\":\"https:\\\/\\\/boutique-one-piece.com\\\/wp-content\\\/uploads\\\/2022\\\/09\\\/Avis-de-Recherche-Vinsmoke-Sanji-Wanted-1.jpg\",\"width\":799,\"height\":797},{\"@type\":\"BreadcrumbList\",\"@id\":\"https:\\\/\\\/boutique-one-piece.com\\\/avis-de-recherche-one-piece\\\/avis-de-recherche-one-piece-vinsmoke-sanji-wanted\\\/#breadcrumb\",\"itemListElement\":[{\"@type\":\"ListItem\",\"position\":1,\"name\":\"Home\",\"item\":\"https:\\\/\\\/boutique-one-piece.com\\\/\"},{\"@type\":\"ListItem\",\"position\":2,\"name\":\"Shop\",\"item\":\"https:\\\/\\\/boutique-one-piece.com\\\/shop\\\/\"},{\"@type\":\"ListItem\",\"position\":3,\"name\":\"Avis de Recherche Vinsmoke Sanji Wanted\"}]},{\"@type\":\"WebSite\",\"@id\":\"https:\\\/\\\/boutique-one-piece.com\\\/#website\",\"url\":\"https:\\\/\\\/boutique-one-piece.com\\\/\",\"name\":\"Boutique One Piece\",\"description\":\"Magasin Sp\u00e9cialis\u00e9 du Manga et l&#039;Anime One Piece\",\"publisher\":{\"@id\":\"https:\\\/\\\/boutique-one-piece.com\\\/#organization\"},\"potentialAction\":[{\"@type\":\"SearchAction\",\"target\":{\"@type\":\"EntryPoint\",\"urlTemplate\":\"https:\\\/\\\/boutique-one-piece.com\\\/?s={search_term_string}\"},\"query-input\":{\"@type\":\"PropertyValueSpecification\",\"valueRequired\":true,\"valueName\":\"search_term_string\"}}],\"inLanguage\":\"nl-NL\"},{\"@type\":\"Organization\",\"@id\":\"https:\\\/\\\/boutique-one-piece.com\\\/#organization\",\"name\":\"Boutique One Piece\",\"url\":\"https:\\\/\\\/boutique-one-piece.com\\\/\",\"logo\":{\"@type\":\"ImageObject\",\"inLanguage\":\"nl-NL\",\"@id\":\"https:\\\/\\\/boutique-one-piece.com\\\/#\\\/schema\\\/logo\\\/image\\\/\",\"url\":\"https:\\\/\\\/boutique-one-piece.com\\\/wp-content\\\/uploads\\\/2022\\\/09\\\/Logo-01.png\",\"contentUrl\":\"https:\\\/\\\/boutique-one-piece.com\\\/wp-content\\\/uploads\\\/2022\\\/09\\\/Logo-01.png\",\"width\":2318,\"height\":957,\"caption\":\"Boutique One Piece\"},\"image\":{\"@id\":\"https:\\\/\\\/boutique-one-piece.com\\\/#\\\/schema\\\/logo\\\/image\\\/\"}}]}<\/script>\n<!-- \/ Yoast SEO plugin. -->","yoast_head_json":{"title":"One Piece Wanted Poster: Vinsmoke Sanji | One Piece Decoraties \u2013 One Piece Shop","description":"Jonge Nakama, het is tijd dat je deze gezocht-poster van Vinsmoke Sanji in handen krijgt. Je weet vast wel dat Sanji, geboren als Vinsmoke Sanji voordat hij zijn achternaam liet vallen, de bijnaam Black Leg Sanji heeft. Hij is de kok van de Strohoedpiraten. Sanji leerde koken op...","robots":{"index":"index","follow":"follow","max-snippet":"max-snippet:-1","max-image-preview":"max-image-preview:large","max-video-preview":"max-video-preview:-1"},"canonical":"https:\/\/boutique-one-piece.com\/nl\/one-piece-gezocht-poster\/one-piece-wanted-poster-vinsmoke-sanji\/","og_locale":"nl_NL","og_type":"article","og_title":"Avis de Recherche One Piece Vinsmoke Sanji Wanted | D\u00e9coration One Piece \u2013 Boutique One Piece","og_description":"Jeune Nakama, le moment est venu pour toi de te procurer cet Avis de Recherche Vinsmoke Sanji Wanted. Tu n'es pas sans savoir que Sanji, n\u00e9 Vinsmoke Sanji avant de renoncer \u00e0 son nom de famille, est surnomm\u00e9 Sanji la Jambe Noire. C'est le cuisinier de l'\u00c9quipage du Chapeau de Paille. Sanji a appris l'art culinaire sur","og_url":"https:\/\/boutique-one-piece.com\/nl\/one-piece-gezocht-poster\/one-piece-wanted-poster-vinsmoke-sanji\/","og_site_name":"Boutique One Piece","article_modified_time":"2025-09-09T05:34:37+00:00","og_image":[{"width":799,"height":797,"url":"https:\/\/boutique-one-piece.com\/wp-content\/uploads\/2022\/09\/Avis-de-Recherche-Vinsmoke-Sanji-Wanted-1.jpg","type":"image\/jpeg"}],"twitter_card":"summary_large_image","twitter_misc":{"Geschatte leestijd":"2 minuten"},"schema":{"@context":"https:\/\/schema.org","@graph":[{"@type":"WebPage","@id":"https:\/\/boutique-one-piece.com\/avis-de-recherche-one-piece\/avis-de-recherche-one-piece-vinsmoke-sanji-wanted\/","url":"https:\/\/boutique-one-piece.com\/avis-de-recherche-one-piece\/avis-de-recherche-one-piece-vinsmoke-sanji-wanted\/","name":"One Piece Wanted Poster: Vinsmoke Sanji | One Piece Decoraties \u2013 One Piece Shop","isPartOf":{"@id":"https:\/\/boutique-one-piece.com\/#website"},"primaryImageOfPage":{"@id":"https:\/\/boutique-one-piece.com\/avis-de-recherche-one-piece\/avis-de-recherche-one-piece-vinsmoke-sanji-wanted\/#primaryimage"},"image":{"@id":"https:\/\/boutique-one-piece.com\/avis-de-recherche-one-piece\/avis-de-recherche-one-piece-vinsmoke-sanji-wanted\/#primaryimage"},"thumbnailUrl":"https:\/\/boutique-one-piece.com\/wp-content\/uploads\/2022\/09\/Avis-de-Recherche-Vinsmoke-Sanji-Wanted-1.jpg","datePublished":"2022-09-27T20:19:49+00:00","dateModified":"2025-09-09T05:34:37+00:00","description":"Jonge Nakama, het is tijd dat je deze gezocht-poster van Vinsmoke Sanji in handen krijgt. Je weet vast wel dat Sanji, geboren als Vinsmoke Sanji voordat hij zijn achternaam liet vallen, de bijnaam Black Leg Sanji heeft. Hij is de kok van de Strohoedpiraten. Sanji leerde koken op...","breadcrumb":{"@id":"https:\/\/boutique-one-piece.com\/avis-de-recherche-one-piece\/avis-de-recherche-one-piece-vinsmoke-sanji-wanted\/#breadcrumb"},"inLanguage":"nl-NL","potentialAction":[{"@type":"ReadAction","target":["https:\/\/boutique-one-piece.com\/avis-de-recherche-one-piece\/avis-de-recherche-one-piece-vinsmoke-sanji-wanted\/"]}]},{"@type":"ImageObject","inLanguage":"nl-NL","@id":"https:\/\/boutique-one-piece.com\/avis-de-recherche-one-piece\/avis-de-recherche-one-piece-vinsmoke-sanji-wanted\/#primaryimage","url":"https:\/\/boutique-one-piece.com\/wp-content\/uploads\/2022\/09\/Avis-de-Recherche-Vinsmoke-Sanji-Wanted-1.jpg","contentUrl":"https:\/\/boutique-one-piece.com\/wp-content\/uploads\/2022\/09\/Avis-de-Recherche-Vinsmoke-Sanji-Wanted-1.jpg","width":799,"height":797},{"@type":"BreadcrumbList","@id":"https:\/\/boutique-one-piece.com\/avis-de-recherche-one-piece\/avis-de-recherche-one-piece-vinsmoke-sanji-wanted\/#breadcrumb","itemListElement":[{"@type":"ListItem","position":1,"name":"Home","item":"https:\/\/boutique-one-piece.com\/"},{"@type":"ListItem","position":2,"name":"Shop","item":"https:\/\/boutique-one-piece.com\/shop\/"},{"@type":"ListItem","position":3,"name":"Avis de Recherche Vinsmoke Sanji Wanted"}]},{"@type":"WebSite","@id":"https:\/\/boutique-one-piece.com\/#website","url":"https:\/\/boutique-one-piece.com\/","name":"One Piece Shop","description":"Gespecialiseerde winkel voor One Piece manga en anime.","publisher":{"@id":"https:\/\/boutique-one-piece.com\/#organization"},"potentialAction":[{"@type":"SearchAction","target":{"@type":"EntryPoint","urlTemplate":"https:\/\/boutique-one-piece.com\/?s={search_term_string}"},"query-input":{"@type":"PropertyValueSpecification","valueRequired":true,"valueName":"search_term_string"}}],"inLanguage":"nl-NL"},{"@type":"Organization","@id":"https:\/\/boutique-one-piece.com\/#organization","name":"One Piece Shop","url":"https:\/\/boutique-one-piece.com\/","logo":{"@type":"ImageObject","inLanguage":"nl-NL","@id":"https:\/\/boutique-one-piece.com\/#\/schema\/logo\/image\/","url":"https:\/\/boutique-one-piece.com\/wp-content\/uploads\/2022\/09\/Logo-01.png","contentUrl":"https:\/\/boutique-one-piece.com\/wp-content\/uploads\/2022\/09\/Logo-01.png","width":2318,"height":957,"caption":"Boutique One Piece"},"image":{"@id":"https:\/\/boutique-one-piece.com\/#\/schema\/logo\/image\/"}}]}},"_links":{"self":[{"href":"https:\/\/boutique-one-piece.com\/nl\/wp-json\/wp\/v2\/product\/9443","targetHints":{"allow":["GET"]}}],"collection":[{"href":"https:\/\/boutique-one-piece.com\/nl\/wp-json\/wp\/v2\/product"}],"about":[{"href":"https:\/\/boutique-one-piece.com\/nl\/wp-json\/wp\/v2\/types\/product"}],"replies":[{"embeddable":true,"href":"https:\/\/boutique-one-piece.com\/nl\/wp-json\/wp\/v2\/comments?post=9443"}],"wp:featuredmedia":[{"embeddable":true,"href":"https:\/\/boutique-one-piece.com\/nl\/wp-json\/wp\/v2\/media\/9445"}],"wp:attachment":[{"href":"https:\/\/boutique-one-piece.com\/nl\/wp-json\/wp\/v2\/media?parent=9443"}],"wp:term":[{"taxonomy":"product_brand","embeddable":true,"href":"https:\/\/boutique-one-piece.com\/nl\/wp-json\/wp\/v2\/product_brand?post=9443"},{"taxonomy":"product_cat","embeddable":true,"href":"https:\/\/boutique-one-piece.com\/nl\/wp-json\/wp\/v2\/product_cat?post=9443"},{"taxonomy":"product_tag","embeddable":true,"href":"https:\/\/boutique-one-piece.com\/nl\/wp-json\/wp\/v2\/product_tag?post=9443"}],"curies":[{"name":"wp","href":"https:\/\/api.w.org\/{rel}","templated":true}]}}