{"id":9529,"date":"2022-09-27T20:20:50","date_gmt":"2022-09-27T20:20:50","guid":{"rendered":"https:\/\/boutique-one-piece.com\/uncategorized\/maillot-imprime-one-piece-luffy-au-chapeau-de-paille\/"},"modified":"2024-09-16T11:45:11","modified_gmt":"2024-09-16T11:45:11","slug":"one-piece-luffy-strohoed-bedrukt-shirt","status":"publish","type":"product","link":"https:\/\/boutique-one-piece.com\/nl\/one-piece-kleding\/one-piece-t-shirts-2\/one-piece-luffy-strohoed-bedrukt-shirt\/","title":{"rendered":"One Piece Luffy Strohoed T-shirt voor kinderen"},"content":{"rendered":"<p><meta charset=\"utf-8\"><\/p>\n<h2>\n<b>One Piece-onderhemd met een print van Luffy met zijn strohoed voor kinderen.<\/b><b>,\u00a0<\/b>Een superkwaliteit shirt voor een piraat zoals jij!<\/h2>\n<p>Als u een\u00a0<strong>echte piraat<\/strong>, U zult het waarderen\u00a0<strong>kwaliteit<\/strong>\u00a0stof en\u00a0<strong>3D-canvas printen<\/strong>\u00a0hiervan\u00a0<strong>One Piece T-shirt<\/strong>\u00a0Maar het allerbelangrijkste is dat hiermee\u00a0<strong>zwart bedrukt shirt<\/strong>\u00a0Dat komt omdat je deel zult uitmaken van\u00a0<strong>de fanploeg<\/strong>\u00a0van\u00a0<strong>piratenmanga<\/strong>\u00a0en u zult het volgende verkrijgen:<\/p>\n<ul>\n<li>\u00a0<strong>Bewondering<\/strong>\u00a0van alle fans van\u00a0<strong>mugiwara<\/strong>\u00a0die je zult tegenkomen<\/li>\n<\/ul>\n<ul>\n<li>Een echte\u00a0<strong>bedrukt t-shirt<\/strong>\u00a0waarmee je een kunt worden<span>\u00a0<\/span><strong>Nakama<\/strong><span>\u00a0<\/span>van<strong> toekomstige koning der piraten<\/strong>\n<\/li>\n<\/ul>\n<p>Dus, klaar om de te dragen\u00a0<strong>kleuren\u00a0<\/strong>van\u00a0<strong>Strohoed Luffy<\/strong>\u00a0?<\/p>\n<h2>Ben je fan van de One Piece manga of anime? Laat het zien met dit One Piece shirt!<\/h2>\n<p>Als u\u00a0<strong>lezen<\/strong>\u00a0of waar je ook kijkt\u00a0<span>\u00a0<\/span><strong>Japanse anime<\/strong>, De kans is groot dat je bent geworden\u00a0<strong>Ik ben helemaal gek op One Piece.<\/strong>\u00a0Hiermee!\u00a0<strong>T-shirt met print van Luffy de Strohoed<\/strong>, sluit je aan bij de\u2019<strong>een groep fans van de franchise<\/strong><\/p>\n<p>Dit\u00a0<strong>zwarte trui<\/strong>\u00a0is verkrijgbaar in de maten\u00a0<strong>XS<\/strong>,<strong>\u00a0S<\/strong>,<strong>\u00a0M<\/strong>,<strong>\u00a0L<\/strong>,\u00a0<strong>XL<\/strong>,\u00a0<strong>XXL<\/strong>, Het is geschikt voor alle soorten piraten, zelfs als je er geen hebt.\u00a0<strong>zwaard<\/strong>\u00a0of\u00a0<strong>duivelsvrucht<\/strong>\u00a0Je kunt het nog steeds met trots dragen.<\/p>\n<h2>Informatie over het T-shirt:\u00a0<\/h2>\n<ul>\n<li>\u00a0<strong>Jersey van premium kwaliteit\u00a0<\/strong>: heeft een\u00a0<strong>hoog gramgewicht<\/strong>, met hoogwaardige materialen<\/li>\n<\/ul>\n<ul>\n<li>\n<strong>Losse pasvorm<\/strong>\u00a0:\u00a0\u00a0<strong>t-shirt<\/strong>\u00a0met een\u00a0<strong>brede snede<\/strong>, voor extra comfort<\/li>\n<\/ul>\n<ul>\n<li>\n<strong>Zeer comfortabel\u00a0<\/strong>met deze\u00a0<strong>vezels<\/strong>\u00a0van\u00a0<strong>katoen<\/strong>\u00a0Geweldig\u00a0<strong>zacht<\/strong>, er is geen\u00a0<strong>wrijving<\/strong>\n<\/li>\n<\/ul>\n<ul>\n<li>\n<strong>3D digitaal printen<\/strong>\u00a0:\u00a0<strong>bedrukt t-shirt<\/strong>\u00a0met een origineel ontwerp,\u00a0<strong>Canvasafdruk<\/strong>\n<\/li>\n<\/ul>\n<ul>\n<li>\n<strong>Biologisch katoen\u00a0<\/strong>: kwaliteitskatoen met\u00a0<strong>extra lange vezels<\/strong>\n<\/li>\n<\/ul>\n<ul>\n<li>\n<strong>Gratis bezorging\u00a0<\/strong>voor elke aankoop<\/li>\n<\/ul>\n<h2><strong>Vergeet niet de maattabel hieronder te bekijken.<\/strong><\/h2>\n<h2><img decoding=\"async\" src=\"\/\/cdn.shopify.com\/s\/files\/1\/0087\/7556\/5348\/files\/boutque_one__piece_tableau_taille_maillot-imprime_large.jpg?v=1560345982\" alt=\"Maattabel voor bedrukte badpakken uit \u00e9\u00e9n stuk\"><\/h2>\n<h3>Wasvoorschriften:<\/h3>\n<ul>\n<li>Machinewas op 30\u00b0C, fijnwasprogramma.<\/li>\n<\/ul>\n<ul>\n<li>Strijk aan de achterkant<\/li>\n<\/ul>\n<p>Voor<span>\u00a0<\/span><strong>behoud de kwaliteit<\/strong><span>\u00a0<\/span>hiervan<span>\u00a0Jersey<\/span><strong>\u00a0One Piece<\/strong>, Wij raden u aan om<span>\u00a0<\/span><strong>respect<\/strong><span>\u00a0<\/span>DE<span>\u00a0<\/span><strong>wasvoorschriften<\/strong>.<\/p>","protected":false},"excerpt":{"rendered":"<p>Maillot de Corps\u00a0One Piece Imprim\u00e9 avec Luffy Enfant avec\u00a0son Chapeau de Paille,\u00a0Un Maillot de super qualit\u00e9 pour un pirate comme\u00a0toi\u00a0! Si tu es un\u00a0v\u00e9ritable pirate, tu sauras appr\u00e9cier la\u00a0qualit\u00e9\u00a0du tissu et de\u00a0l&rsquo;impression 3D Canvas\u00a0de ce\u00a0t-shirt\u00a0One Piece\u00a0!\u00a0Mais le plus important, avec ce\u00a0maillot noir imprim\u00e9\u00a0c\u0092est que tu\u00a0feras partie de\u00a0l&rsquo;\u00e9quipage\u00a0des fans\u00a0du\u00a0manga de pirates\u00a0et tu obtiendras\u00a0: \u00a0L&rsquo;admiration\u00a0de tous les [&hellip;]<\/p>","protected":false},"featured_media":9531,"comment_status":"open","ping_status":"open","template":"","meta":[],"product_brand":[],"product_cat":[53],"product_tag":[92,304],"class_list":{"0":"post-9529","1":"product","2":"type-product","3":"status-publish","4":"has-post-thumbnail","6":"product_cat-t-shirts-one-piece","7":"product_tag-luffy","8":"product_tag-manche-courte","10":"first","11":"instock","12":"purchasable","13":"product-type-variable","14":"has-default-attributes"},"yoast_head":"<!-- This site is optimized with the Yoast SEO plugin v27.5 - https:\/\/yoast.com\/product\/yoast-seo-wordpress\/ -->\n<title>Maillot Luffy Au Chapeau De Paille Enfant | Boutique One Piece<\/title>\n<meta name=\"description\" content=\"Maillot de Corps One Piece Imprim\u00e9 avec Luffy Enfant de Haute Qualit\u00e9 : Rejoins l&#039;\u00c9quipage des Fans de Monkey D. Luffy et Porte ton appartenance \u00e0 la Team Luffy\" \/>\n<meta name=\"robots\" content=\"index, follow, max-snippet:-1, max-image-preview:large, max-video-preview:-1\" \/>\n<link rel=\"canonical\" href=\"https:\/\/boutique-one-piece.com\/nl\/one-piece-kleding\/one-piece-t-shirts-2\/one-piece-luffy-strohoed-bedrukt-shirt\/\" \/>\n<meta property=\"og:locale\" content=\"nl_NL\" \/>\n<meta property=\"og:type\" content=\"article\" \/>\n<meta property=\"og:title\" content=\"Maillot Luffy Au Chapeau De Paille Enfant | Boutique One Piece\" \/>\n<meta property=\"og:description\" content=\"Maillot de Corps One Piece Imprim\u00e9 avec Luffy Enfant de Haute Qualit\u00e9 : Rejoins l&#039;\u00c9quipage des Fans de Monkey D. Luffy et Porte ton appartenance \u00e0 la Team Luffy\" \/>\n<meta property=\"og:url\" content=\"https:\/\/boutique-one-piece.com\/nl\/one-piece-kleding\/one-piece-t-shirts-2\/one-piece-luffy-strohoed-bedrukt-shirt\/\" \/>\n<meta property=\"og:site_name\" content=\"Boutique One Piece\" \/>\n<meta property=\"article:modified_time\" content=\"2024-09-16T11:45:11+00:00\" \/>\n<meta property=\"og:image\" content=\"https:\/\/boutique-one-piece.com\/wp-content\/uploads\/2022\/09\/Maillot-Imprime-One-Piece-Luffy-Au-Chapeau-De-Paille-Enfant.jpg\" \/>\n\t<meta property=\"og:image:width\" content=\"600\" \/>\n\t<meta property=\"og:image:height\" content=\"600\" \/>\n\t<meta property=\"og:image:type\" content=\"image\/jpeg\" \/>\n<meta name=\"twitter:card\" content=\"summary_large_image\" \/>\n<meta name=\"twitter:label1\" content=\"Geschatte leestijd\" \/>\n\t<meta name=\"twitter:data1\" content=\"2 minuten\" \/>\n<script type=\"application\/ld+json\" class=\"yoast-schema-graph\">{\"@context\":\"https:\\\/\\\/schema.org\",\"@graph\":[{\"@type\":\"WebPage\",\"@id\":\"https:\\\/\\\/boutique-one-piece.com\\\/vetements-one-piece\\\/t-shirts-one-piece\\\/maillot-imprime-one-piece-luffy-au-chapeau-de-paille\\\/\",\"url\":\"https:\\\/\\\/boutique-one-piece.com\\\/vetements-one-piece\\\/t-shirts-one-piece\\\/maillot-imprime-one-piece-luffy-au-chapeau-de-paille\\\/\",\"name\":\"Maillot Luffy Au Chapeau De Paille Enfant | Boutique One Piece\",\"isPartOf\":{\"@id\":\"https:\\\/\\\/boutique-one-piece.com\\\/#website\"},\"primaryImageOfPage\":{\"@id\":\"https:\\\/\\\/boutique-one-piece.com\\\/vetements-one-piece\\\/t-shirts-one-piece\\\/maillot-imprime-one-piece-luffy-au-chapeau-de-paille\\\/#primaryimage\"},\"image\":{\"@id\":\"https:\\\/\\\/boutique-one-piece.com\\\/vetements-one-piece\\\/t-shirts-one-piece\\\/maillot-imprime-one-piece-luffy-au-chapeau-de-paille\\\/#primaryimage\"},\"thumbnailUrl\":\"https:\\\/\\\/boutique-one-piece.com\\\/wp-content\\\/uploads\\\/2022\\\/09\\\/Maillot-Imprime-One-Piece-Luffy-Au-Chapeau-De-Paille-Enfant.jpg\",\"datePublished\":\"2022-09-27T20:20:50+00:00\",\"dateModified\":\"2024-09-16T11:45:11+00:00\",\"description\":\"Maillot de Corps One Piece Imprim\u00e9 avec Luffy Enfant de Haute Qualit\u00e9 : Rejoins l'\u00c9quipage des Fans de Monkey D. Luffy et Porte ton appartenance \u00e0 la Team Luffy\",\"breadcrumb\":{\"@id\":\"https:\\\/\\\/boutique-one-piece.com\\\/vetements-one-piece\\\/t-shirts-one-piece\\\/maillot-imprime-one-piece-luffy-au-chapeau-de-paille\\\/#breadcrumb\"},\"inLanguage\":\"nl-NL\",\"potentialAction\":[{\"@type\":\"ReadAction\",\"target\":[\"https:\\\/\\\/boutique-one-piece.com\\\/vetements-one-piece\\\/t-shirts-one-piece\\\/maillot-imprime-one-piece-luffy-au-chapeau-de-paille\\\/\"]}]},{\"@type\":\"ImageObject\",\"inLanguage\":\"nl-NL\",\"@id\":\"https:\\\/\\\/boutique-one-piece.com\\\/vetements-one-piece\\\/t-shirts-one-piece\\\/maillot-imprime-one-piece-luffy-au-chapeau-de-paille\\\/#primaryimage\",\"url\":\"https:\\\/\\\/boutique-one-piece.com\\\/wp-content\\\/uploads\\\/2022\\\/09\\\/Maillot-Imprime-One-Piece-Luffy-Au-Chapeau-De-Paille-Enfant.jpg\",\"contentUrl\":\"https:\\\/\\\/boutique-one-piece.com\\\/wp-content\\\/uploads\\\/2022\\\/09\\\/Maillot-Imprime-One-Piece-Luffy-Au-Chapeau-De-Paille-Enfant.jpg\",\"width\":600,\"height\":600,\"caption\":\"Maillot Imprim\u00e9 One Piece Luffy Au Chapeau De Paille Enfant 4xl\"},{\"@type\":\"BreadcrumbList\",\"@id\":\"https:\\\/\\\/boutique-one-piece.com\\\/vetements-one-piece\\\/t-shirts-one-piece\\\/maillot-imprime-one-piece-luffy-au-chapeau-de-paille\\\/#breadcrumb\",\"itemListElement\":[{\"@type\":\"ListItem\",\"position\":1,\"name\":\"Home\",\"item\":\"https:\\\/\\\/boutique-one-piece.com\\\/\"},{\"@type\":\"ListItem\",\"position\":2,\"name\":\"Shop\",\"item\":\"https:\\\/\\\/boutique-one-piece.com\\\/shop\\\/\"},{\"@type\":\"ListItem\",\"position\":3,\"name\":\"Maillot Imprim\u00e9 One Piece Luffy Au Chapeau De Paille Enfant\"}]},{\"@type\":\"WebSite\",\"@id\":\"https:\\\/\\\/boutique-one-piece.com\\\/#website\",\"url\":\"https:\\\/\\\/boutique-one-piece.com\\\/\",\"name\":\"Boutique One Piece\",\"description\":\"Magasin Sp\u00e9cialis\u00e9 du Manga et l&#039;Anime One Piece\",\"publisher\":{\"@id\":\"https:\\\/\\\/boutique-one-piece.com\\\/#organization\"},\"potentialAction\":[{\"@type\":\"SearchAction\",\"target\":{\"@type\":\"EntryPoint\",\"urlTemplate\":\"https:\\\/\\\/boutique-one-piece.com\\\/?s={search_term_string}\"},\"query-input\":{\"@type\":\"PropertyValueSpecification\",\"valueRequired\":true,\"valueName\":\"search_term_string\"}}],\"inLanguage\":\"nl-NL\"},{\"@type\":\"Organization\",\"@id\":\"https:\\\/\\\/boutique-one-piece.com\\\/#organization\",\"name\":\"Boutique One Piece\",\"url\":\"https:\\\/\\\/boutique-one-piece.com\\\/\",\"logo\":{\"@type\":\"ImageObject\",\"inLanguage\":\"nl-NL\",\"@id\":\"https:\\\/\\\/boutique-one-piece.com\\\/#\\\/schema\\\/logo\\\/image\\\/\",\"url\":\"https:\\\/\\\/boutique-one-piece.com\\\/wp-content\\\/uploads\\\/2022\\\/09\\\/Logo-01.png\",\"contentUrl\":\"https:\\\/\\\/boutique-one-piece.com\\\/wp-content\\\/uploads\\\/2022\\\/09\\\/Logo-01.png\",\"width\":2318,\"height\":957,\"caption\":\"Boutique One Piece\"},\"image\":{\"@id\":\"https:\\\/\\\/boutique-one-piece.com\\\/#\\\/schema\\\/logo\\\/image\\\/\"}}]}<\/script>\n<!-- \/ Yoast SEO plugin. -->","yoast_head_json":{"title":"Luffy Strohoed Kinderjersey | One Piece Shop","description":"Hoogwaardig One Piece Luffy-onderhemd met print voor kinderen: Sluit je aan bij de Monkey D. Luffy-fanclub en laat zien dat je Team Luffy steunt!","robots":{"index":"index","follow":"follow","max-snippet":"max-snippet:-1","max-image-preview":"max-image-preview:large","max-video-preview":"max-video-preview:-1"},"canonical":"https:\/\/boutique-one-piece.com\/nl\/one-piece-kleding\/one-piece-t-shirts-2\/one-piece-luffy-strohoed-bedrukt-shirt\/","og_locale":"nl_NL","og_type":"article","og_title":"Maillot Luffy Au Chapeau De Paille Enfant | Boutique One Piece","og_description":"Maillot de Corps One Piece Imprim\u00e9 avec Luffy Enfant de Haute Qualit\u00e9 : Rejoins l'\u00c9quipage des Fans de Monkey D. Luffy et Porte ton appartenance \u00e0 la Team Luffy","og_url":"https:\/\/boutique-one-piece.com\/nl\/one-piece-kleding\/one-piece-t-shirts-2\/one-piece-luffy-strohoed-bedrukt-shirt\/","og_site_name":"Boutique One Piece","article_modified_time":"2024-09-16T11:45:11+00:00","og_image":[{"width":600,"height":600,"url":"https:\/\/boutique-one-piece.com\/wp-content\/uploads\/2022\/09\/Maillot-Imprime-One-Piece-Luffy-Au-Chapeau-De-Paille-Enfant.jpg","type":"image\/jpeg"}],"twitter_card":"summary_large_image","twitter_misc":{"Geschatte leestijd":"2 minuten"},"schema":{"@context":"https:\/\/schema.org","@graph":[{"@type":"WebPage","@id":"https:\/\/boutique-one-piece.com\/vetements-one-piece\/t-shirts-one-piece\/maillot-imprime-one-piece-luffy-au-chapeau-de-paille\/","url":"https:\/\/boutique-one-piece.com\/vetements-one-piece\/t-shirts-one-piece\/maillot-imprime-one-piece-luffy-au-chapeau-de-paille\/","name":"Luffy Strohoed Kinderjersey | One Piece Shop","isPartOf":{"@id":"https:\/\/boutique-one-piece.com\/#website"},"primaryImageOfPage":{"@id":"https:\/\/boutique-one-piece.com\/vetements-one-piece\/t-shirts-one-piece\/maillot-imprime-one-piece-luffy-au-chapeau-de-paille\/#primaryimage"},"image":{"@id":"https:\/\/boutique-one-piece.com\/vetements-one-piece\/t-shirts-one-piece\/maillot-imprime-one-piece-luffy-au-chapeau-de-paille\/#primaryimage"},"thumbnailUrl":"https:\/\/boutique-one-piece.com\/wp-content\/uploads\/2022\/09\/Maillot-Imprime-One-Piece-Luffy-Au-Chapeau-De-Paille-Enfant.jpg","datePublished":"2022-09-27T20:20:50+00:00","dateModified":"2024-09-16T11:45:11+00:00","description":"Hoogwaardig One Piece Luffy-onderhemd met print voor kinderen: Sluit je aan bij de Monkey D. Luffy-fanclub en laat zien dat je Team Luffy steunt!","breadcrumb":{"@id":"https:\/\/boutique-one-piece.com\/vetements-one-piece\/t-shirts-one-piece\/maillot-imprime-one-piece-luffy-au-chapeau-de-paille\/#breadcrumb"},"inLanguage":"nl-NL","potentialAction":[{"@type":"ReadAction","target":["https:\/\/boutique-one-piece.com\/vetements-one-piece\/t-shirts-one-piece\/maillot-imprime-one-piece-luffy-au-chapeau-de-paille\/"]}]},{"@type":"ImageObject","inLanguage":"nl-NL","@id":"https:\/\/boutique-one-piece.com\/vetements-one-piece\/t-shirts-one-piece\/maillot-imprime-one-piece-luffy-au-chapeau-de-paille\/#primaryimage","url":"https:\/\/boutique-one-piece.com\/wp-content\/uploads\/2022\/09\/Maillot-Imprime-One-Piece-Luffy-Au-Chapeau-De-Paille-Enfant.jpg","contentUrl":"https:\/\/boutique-one-piece.com\/wp-content\/uploads\/2022\/09\/Maillot-Imprime-One-Piece-Luffy-Au-Chapeau-De-Paille-Enfant.jpg","width":600,"height":600,"caption":"Maillot Imprim\u00e9 One Piece Luffy Au Chapeau De Paille Enfant 4xl"},{"@type":"BreadcrumbList","@id":"https:\/\/boutique-one-piece.com\/vetements-one-piece\/t-shirts-one-piece\/maillot-imprime-one-piece-luffy-au-chapeau-de-paille\/#breadcrumb","itemListElement":[{"@type":"ListItem","position":1,"name":"Home","item":"https:\/\/boutique-one-piece.com\/"},{"@type":"ListItem","position":2,"name":"Shop","item":"https:\/\/boutique-one-piece.com\/shop\/"},{"@type":"ListItem","position":3,"name":"Maillot Imprim\u00e9 One Piece Luffy Au Chapeau De Paille Enfant"}]},{"@type":"WebSite","@id":"https:\/\/boutique-one-piece.com\/#website","url":"https:\/\/boutique-one-piece.com\/","name":"One Piece Shop","description":"Gespecialiseerde winkel voor One Piece manga en anime.","publisher":{"@id":"https:\/\/boutique-one-piece.com\/#organization"},"potentialAction":[{"@type":"SearchAction","target":{"@type":"EntryPoint","urlTemplate":"https:\/\/boutique-one-piece.com\/?s={search_term_string}"},"query-input":{"@type":"PropertyValueSpecification","valueRequired":true,"valueName":"search_term_string"}}],"inLanguage":"nl-NL"},{"@type":"Organization","@id":"https:\/\/boutique-one-piece.com\/#organization","name":"One Piece Shop","url":"https:\/\/boutique-one-piece.com\/","logo":{"@type":"ImageObject","inLanguage":"nl-NL","@id":"https:\/\/boutique-one-piece.com\/#\/schema\/logo\/image\/","url":"https:\/\/boutique-one-piece.com\/wp-content\/uploads\/2022\/09\/Logo-01.png","contentUrl":"https:\/\/boutique-one-piece.com\/wp-content\/uploads\/2022\/09\/Logo-01.png","width":2318,"height":957,"caption":"Boutique One Piece"},"image":{"@id":"https:\/\/boutique-one-piece.com\/#\/schema\/logo\/image\/"}}]}},"_links":{"self":[{"href":"https:\/\/boutique-one-piece.com\/nl\/wp-json\/wp\/v2\/product\/9529","targetHints":{"allow":["GET"]}}],"collection":[{"href":"https:\/\/boutique-one-piece.com\/nl\/wp-json\/wp\/v2\/product"}],"about":[{"href":"https:\/\/boutique-one-piece.com\/nl\/wp-json\/wp\/v2\/types\/product"}],"replies":[{"embeddable":true,"href":"https:\/\/boutique-one-piece.com\/nl\/wp-json\/wp\/v2\/comments?post=9529"}],"wp:featuredmedia":[{"embeddable":true,"href":"https:\/\/boutique-one-piece.com\/nl\/wp-json\/wp\/v2\/media\/9531"}],"wp:attachment":[{"href":"https:\/\/boutique-one-piece.com\/nl\/wp-json\/wp\/v2\/media?parent=9529"}],"wp:term":[{"taxonomy":"product_brand","embeddable":true,"href":"https:\/\/boutique-one-piece.com\/nl\/wp-json\/wp\/v2\/product_brand?post=9529"},{"taxonomy":"product_cat","embeddable":true,"href":"https:\/\/boutique-one-piece.com\/nl\/wp-json\/wp\/v2\/product_cat?post=9529"},{"taxonomy":"product_tag","embeddable":true,"href":"https:\/\/boutique-one-piece.com\/nl\/wp-json\/wp\/v2\/product_tag?post=9529"}],"curies":[{"name":"wp","href":"https:\/\/api.w.org\/{rel}","templated":true}]}}