{"id":9653,"date":"2022-09-27T20:21:30","date_gmt":"2022-09-27T20:21:30","guid":{"rendered":"https:\/\/boutique-one-piece.com\/uncategorized\/avis-de-recherche-one-piece-shanks-wanted\/"},"modified":"2026-02-08T10:17:14","modified_gmt":"2026-02-08T10:17:14","slug":"one-piece-gezocht-poster-shanks-gezocht","status":"publish","type":"product","link":"https:\/\/boutique-one-piece.com\/nl\/one-piece-decoraties\/one-piece-gezocht-poster-shanks-gezocht\/","title":{"rendered":"Shanks gezocht-bericht"},"content":{"rendered":"<h2>Jonge piraat, zorg dat je deze Shanks Wanted-poster nu in handen krijgt.<\/h2>\n<p>Dit is wat je over hem moet weten; ; <strong>Shanks<\/strong> Roodharig is de kapitein van de Roodharige Piraten en een van de Vier Keizers. Hij was ook lid van de legendarische Roger Piraten, de enige groep die erin slaagde de Grand Line te veroveren. Ten slotte is hij degene die Luffy inspireerde op zijn reis als piraat.<\/p>\n<p>Hij herstelde de <strong>Gomu Gomu geen Mi<\/strong> die gestolen was van een schip van de Wereldregering en vervolgens per ongeluk door Luffy werd opgegeten. Bovendien, de\u2019<a title=\"GEZOCHT: AAP D. LUFFY\" href=\"https:\/\/boutique-one-piece.com\/nl\/gezocht-one-piece-monkey-d-luffy\/\" target=\"_blank\" rel=\"noopener\">Luffy gezocht-poster<\/a> ligt binnen handbereik. Om terug te komen op Shanks: je moet weten dat zijn huidige premie 4.098.400.000 bessen bedraagt.<\/p>\n<h3>Ben je ge\u00efntrigeerd door de opsporingsposter van Shanks? Zo ja, dan weet je wat je moet doen. Koop hem en hang hem aan je slaapkamerwand.<\/h3>\n<p><strong>One Piece<\/strong> Dit is een manga die zich afspeelt in een fictieve wereld die wordt gedomineerd door oceanen, waar bepaalde piraten verlangen naar een tijdperk van vrijheid en avontuur, bekend als de &quot;Gouden Eeuw van de Piraterij&quot;. Als je ook deel wilt uitmaken van deze wereld, is er maar \u00e9\u00e9n ding te doen: zorg dat je deze manga in handen krijgt. <strong>mythische objecten<\/strong> die je steeds weer meesleurt in deze wereld van avonturen, de ene nog spannender dan de andere.<\/p>\n<h2>Informatie over de One Piece Wanted Shanks the Red-poster<\/h2>\n<ul>\n<li><b><u>One Piece Wanted Poster<\/u><\/b>\u00a0Een authentieke One Piece-opsporingsposter voor echte piraten.<\/li>\n<\/ul>\n<ul>\n<li><b><u>Shanks&#039; Bounty<\/u><\/b>\u00a04.098.400.000 bessen<\/li>\n<\/ul>\n<ul>\n<li><strong>Afdrukken van hoge kwaliteit<\/strong>\u00a0nauwkeurige kleuren<\/li>\n<\/ul>\n<ul>\n<li><strong>Dimensie<\/strong> : 42 cm x 28,5 cm<\/li>\n<\/ul>\n<ul>\n<li><strong>GRATIS BEZORGING<\/strong><\/li>\n<\/ul>\n<div id=\"gtx-trans\" style=\"position: absolute;left: 669px;top: 49px\">\n<div class=\"gtx-trans-icon\">\u00a0<\/div>\n<\/div>\n\n\n<p><\/p>","protected":false},"excerpt":{"rendered":"<p>Jeune pirate, procure-toi d\u00e8s \u00e0 pr\u00e9sent cet Avis de Recherche Shanks Wanted. Voici ce que tu dois savoir \u00e0 son sujet ; Shanks dit Le Roux est le capitaine de l&rsquo;\u00c9quipage du Roux et l&rsquo;un des Quatre Empereurs. Il est \u00e9galement un ancien membre du l\u00e9gendaire \u00e9quipage des Pirates Roger, le seul groupe \u00e0 avoir [&hellip;]<\/p>","protected":false},"featured_media":20809,"comment_status":"open","ping_status":"open","template":"","meta":[],"product_brand":[],"product_cat":[171,150],"product_tag":[],"class_list":{"0":"post-9653","1":"product","2":"type-product","3":"status-publish","4":"has-post-thumbnail","6":"product_cat-avis-de-recherche-one-piece","7":"product_cat-decorations-one-piece","9":"first","10":"instock","11":"purchasable","12":"product-type-variable"},"yoast_head":"<!-- This site is optimized with the Yoast SEO plugin v27.5 - https:\/\/yoast.com\/product\/yoast-seo-wordpress\/ -->\n<title>Avis de Recherche One Piece Shanks Wanted | D\u00e9coration One Piece \u2013 Boutique One Piece<\/title>\n<meta name=\"description\" content=\"Jeune pirate, procure-toi d\u00e8s \u00e0 pr\u00e9sent cet Avis de Recherche Shanks Wanted. Voici ce que tu dois savoir \u00e0 son sujet ; Shanks dit Le Roux est le capitaine de l&#039;\u00c9quipage du Roux et l&#039;un des Quatre Empereurs. Il est \u00e9galement un ancien membre du l\u00e9gendaire \u00e9quipage des Pirates Roger, le seul groupe \u00e0 avoir conquis avec s\" \/>\n<meta name=\"robots\" content=\"index, follow, max-snippet:-1, max-image-preview:large, max-video-preview:-1\" \/>\n<link rel=\"canonical\" href=\"https:\/\/boutique-one-piece.com\/nl\/one-piece-decoraties\/one-piece-gezocht-poster-shanks-gezocht\/\" \/>\n<meta property=\"og:locale\" content=\"nl_NL\" \/>\n<meta property=\"og:type\" content=\"article\" \/>\n<meta property=\"og:title\" content=\"Avis de Recherche One Piece Shanks Wanted | D\u00e9coration One Piece \u2013 Boutique One Piece\" \/>\n<meta property=\"og:description\" content=\"Jeune pirate, procure-toi d\u00e8s \u00e0 pr\u00e9sent cet Avis de Recherche Shanks Wanted. Voici ce que tu dois savoir \u00e0 son sujet ; Shanks dit Le Roux est le capitaine de l&#039;\u00c9quipage du Roux et l&#039;un des Quatre Empereurs. Il est \u00e9galement un ancien membre du l\u00e9gendaire \u00e9quipage des Pirates Roger, le seul groupe \u00e0 avoir conquis avec s\" \/>\n<meta property=\"og:url\" content=\"https:\/\/boutique-one-piece.com\/nl\/one-piece-decoraties\/one-piece-gezocht-poster-shanks-gezocht\/\" \/>\n<meta property=\"og:site_name\" content=\"Boutique One Piece\" \/>\n<meta property=\"article:modified_time\" content=\"2026-02-08T10:17:14+00:00\" \/>\n<meta property=\"og:image\" content=\"https:\/\/boutique-one-piece.com\/wp-content\/uploads\/2022\/09\/imgi_1_Sa3b7a81b53c442689eb36d79c1bb8d07a.jpg\" \/>\n\t<meta property=\"og:image:width\" content=\"640\" \/>\n\t<meta property=\"og:image:height\" content=\"640\" \/>\n\t<meta property=\"og:image:type\" content=\"image\/jpeg\" \/>\n<meta name=\"twitter:card\" content=\"summary_large_image\" \/>\n<meta name=\"twitter:label1\" content=\"Geschatte leestijd\" \/>\n\t<meta name=\"twitter:data1\" content=\"2 minuten\" \/>\n<script type=\"application\/ld+json\" class=\"yoast-schema-graph\">{\"@context\":\"https:\\\/\\\/schema.org\",\"@graph\":[{\"@type\":\"WebPage\",\"@id\":\"https:\\\/\\\/boutique-one-piece.com\\\/decorations-one-piece\\\/avis-de-recherche-one-piece-shanks-wanted\\\/\",\"url\":\"https:\\\/\\\/boutique-one-piece.com\\\/decorations-one-piece\\\/avis-de-recherche-one-piece-shanks-wanted\\\/\",\"name\":\"Avis de Recherche One Piece Shanks Wanted | D\u00e9coration One Piece \u2013 Boutique One Piece\",\"isPartOf\":{\"@id\":\"https:\\\/\\\/boutique-one-piece.com\\\/#website\"},\"primaryImageOfPage\":{\"@id\":\"https:\\\/\\\/boutique-one-piece.com\\\/decorations-one-piece\\\/avis-de-recherche-one-piece-shanks-wanted\\\/#primaryimage\"},\"image\":{\"@id\":\"https:\\\/\\\/boutique-one-piece.com\\\/decorations-one-piece\\\/avis-de-recherche-one-piece-shanks-wanted\\\/#primaryimage\"},\"thumbnailUrl\":\"https:\\\/\\\/boutique-one-piece.com\\\/wp-content\\\/uploads\\\/2022\\\/09\\\/imgi_1_Sa3b7a81b53c442689eb36d79c1bb8d07a.jpg\",\"datePublished\":\"2022-09-27T20:21:30+00:00\",\"dateModified\":\"2026-02-08T10:17:14+00:00\",\"description\":\"Jeune pirate, procure-toi d\u00e8s \u00e0 pr\u00e9sent cet Avis de Recherche Shanks Wanted. Voici ce que tu dois savoir \u00e0 son sujet ; Shanks dit Le Roux est le capitaine de l'\u00c9quipage du Roux et l'un des Quatre Empereurs. Il est \u00e9galement un ancien membre du l\u00e9gendaire \u00e9quipage des Pirates Roger, le seul groupe \u00e0 avoir conquis avec s\",\"breadcrumb\":{\"@id\":\"https:\\\/\\\/boutique-one-piece.com\\\/decorations-one-piece\\\/avis-de-recherche-one-piece-shanks-wanted\\\/#breadcrumb\"},\"inLanguage\":\"nl-NL\",\"potentialAction\":[{\"@type\":\"ReadAction\",\"target\":[\"https:\\\/\\\/boutique-one-piece.com\\\/decorations-one-piece\\\/avis-de-recherche-one-piece-shanks-wanted\\\/\"]}]},{\"@type\":\"ImageObject\",\"inLanguage\":\"nl-NL\",\"@id\":\"https:\\\/\\\/boutique-one-piece.com\\\/decorations-one-piece\\\/avis-de-recherche-one-piece-shanks-wanted\\\/#primaryimage\",\"url\":\"https:\\\/\\\/boutique-one-piece.com\\\/wp-content\\\/uploads\\\/2022\\\/09\\\/imgi_1_Sa3b7a81b53c442689eb36d79c1bb8d07a.jpg\",\"contentUrl\":\"https:\\\/\\\/boutique-one-piece.com\\\/wp-content\\\/uploads\\\/2022\\\/09\\\/imgi_1_Sa3b7a81b53c442689eb36d79c1bb8d07a.jpg\",\"width\":640,\"height\":640},{\"@type\":\"BreadcrumbList\",\"@id\":\"https:\\\/\\\/boutique-one-piece.com\\\/decorations-one-piece\\\/avis-de-recherche-one-piece-shanks-wanted\\\/#breadcrumb\",\"itemListElement\":[{\"@type\":\"ListItem\",\"position\":1,\"name\":\"Home\",\"item\":\"https:\\\/\\\/boutique-one-piece.com\\\/\"},{\"@type\":\"ListItem\",\"position\":2,\"name\":\"Shop\",\"item\":\"https:\\\/\\\/boutique-one-piece.com\\\/shop\\\/\"},{\"@type\":\"ListItem\",\"position\":3,\"name\":\"Avis de Recherche Shanks Wanted\"}]},{\"@type\":\"WebSite\",\"@id\":\"https:\\\/\\\/boutique-one-piece.com\\\/#website\",\"url\":\"https:\\\/\\\/boutique-one-piece.com\\\/\",\"name\":\"Boutique One Piece\",\"description\":\"Magasin Sp\u00e9cialis\u00e9 du Manga et l&#039;Anime One Piece\",\"publisher\":{\"@id\":\"https:\\\/\\\/boutique-one-piece.com\\\/#organization\"},\"potentialAction\":[{\"@type\":\"SearchAction\",\"target\":{\"@type\":\"EntryPoint\",\"urlTemplate\":\"https:\\\/\\\/boutique-one-piece.com\\\/?s={search_term_string}\"},\"query-input\":{\"@type\":\"PropertyValueSpecification\",\"valueRequired\":true,\"valueName\":\"search_term_string\"}}],\"inLanguage\":\"nl-NL\"},{\"@type\":\"Organization\",\"@id\":\"https:\\\/\\\/boutique-one-piece.com\\\/#organization\",\"name\":\"Boutique One Piece\",\"url\":\"https:\\\/\\\/boutique-one-piece.com\\\/\",\"logo\":{\"@type\":\"ImageObject\",\"inLanguage\":\"nl-NL\",\"@id\":\"https:\\\/\\\/boutique-one-piece.com\\\/#\\\/schema\\\/logo\\\/image\\\/\",\"url\":\"https:\\\/\\\/boutique-one-piece.com\\\/wp-content\\\/uploads\\\/2022\\\/09\\\/Logo-01.png\",\"contentUrl\":\"https:\\\/\\\/boutique-one-piece.com\\\/wp-content\\\/uploads\\\/2022\\\/09\\\/Logo-01.png\",\"width\":2318,\"height\":957,\"caption\":\"Boutique One Piece\"},\"image\":{\"@id\":\"https:\\\/\\\/boutique-one-piece.com\\\/#\\\/schema\\\/logo\\\/image\\\/\"}}]}<\/script>\n<!-- \/ Yoast SEO plugin. -->","yoast_head_json":{"title":"One Piece Wanted Poster: Shanks gezocht | One Piece Decoraties \u2013 One Piece Shop","description":"Jonge piraat, zorg dat je deze Shanks Wanted-poster in handen krijgt! Dit moet je over hem weten: Shanks de Roodharige is de kapitein van de Roodharige Piraten en een van de Vier Keizers. Hij was ook lid van de legendarische Roger Pirates, de enige groep die de Verenigde Staten heeft veroverd met zijn...","robots":{"index":"index","follow":"follow","max-snippet":"max-snippet:-1","max-image-preview":"max-image-preview:large","max-video-preview":"max-video-preview:-1"},"canonical":"https:\/\/boutique-one-piece.com\/nl\/one-piece-decoraties\/one-piece-gezocht-poster-shanks-gezocht\/","og_locale":"nl_NL","og_type":"article","og_title":"Avis de Recherche One Piece Shanks Wanted | D\u00e9coration One Piece \u2013 Boutique One Piece","og_description":"Jeune pirate, procure-toi d\u00e8s \u00e0 pr\u00e9sent cet Avis de Recherche Shanks Wanted. Voici ce que tu dois savoir \u00e0 son sujet ; Shanks dit Le Roux est le capitaine de l'\u00c9quipage du Roux et l'un des Quatre Empereurs. Il est \u00e9galement un ancien membre du l\u00e9gendaire \u00e9quipage des Pirates Roger, le seul groupe \u00e0 avoir conquis avec s","og_url":"https:\/\/boutique-one-piece.com\/nl\/one-piece-decoraties\/one-piece-gezocht-poster-shanks-gezocht\/","og_site_name":"Boutique One Piece","article_modified_time":"2026-02-08T10:17:14+00:00","og_image":[{"width":640,"height":640,"url":"https:\/\/boutique-one-piece.com\/wp-content\/uploads\/2022\/09\/imgi_1_Sa3b7a81b53c442689eb36d79c1bb8d07a.jpg","type":"image\/jpeg"}],"twitter_card":"summary_large_image","twitter_misc":{"Geschatte leestijd":"2 minuten"},"schema":{"@context":"https:\/\/schema.org","@graph":[{"@type":"WebPage","@id":"https:\/\/boutique-one-piece.com\/decorations-one-piece\/avis-de-recherche-one-piece-shanks-wanted\/","url":"https:\/\/boutique-one-piece.com\/decorations-one-piece\/avis-de-recherche-one-piece-shanks-wanted\/","name":"One Piece Wanted Poster: Shanks gezocht | One Piece Decoraties \u2013 One Piece Shop","isPartOf":{"@id":"https:\/\/boutique-one-piece.com\/#website"},"primaryImageOfPage":{"@id":"https:\/\/boutique-one-piece.com\/decorations-one-piece\/avis-de-recherche-one-piece-shanks-wanted\/#primaryimage"},"image":{"@id":"https:\/\/boutique-one-piece.com\/decorations-one-piece\/avis-de-recherche-one-piece-shanks-wanted\/#primaryimage"},"thumbnailUrl":"https:\/\/boutique-one-piece.com\/wp-content\/uploads\/2022\/09\/imgi_1_Sa3b7a81b53c442689eb36d79c1bb8d07a.jpg","datePublished":"2022-09-27T20:21:30+00:00","dateModified":"2026-02-08T10:17:14+00:00","description":"Jonge piraat, zorg dat je deze Shanks Wanted-poster in handen krijgt! Dit moet je over hem weten: Shanks de Roodharige is de kapitein van de Roodharige Piraten en een van de Vier Keizers. Hij was ook lid van de legendarische Roger Pirates, de enige groep die de Verenigde Staten heeft veroverd met zijn...","breadcrumb":{"@id":"https:\/\/boutique-one-piece.com\/decorations-one-piece\/avis-de-recherche-one-piece-shanks-wanted\/#breadcrumb"},"inLanguage":"nl-NL","potentialAction":[{"@type":"ReadAction","target":["https:\/\/boutique-one-piece.com\/decorations-one-piece\/avis-de-recherche-one-piece-shanks-wanted\/"]}]},{"@type":"ImageObject","inLanguage":"nl-NL","@id":"https:\/\/boutique-one-piece.com\/decorations-one-piece\/avis-de-recherche-one-piece-shanks-wanted\/#primaryimage","url":"https:\/\/boutique-one-piece.com\/wp-content\/uploads\/2022\/09\/imgi_1_Sa3b7a81b53c442689eb36d79c1bb8d07a.jpg","contentUrl":"https:\/\/boutique-one-piece.com\/wp-content\/uploads\/2022\/09\/imgi_1_Sa3b7a81b53c442689eb36d79c1bb8d07a.jpg","width":640,"height":640},{"@type":"BreadcrumbList","@id":"https:\/\/boutique-one-piece.com\/decorations-one-piece\/avis-de-recherche-one-piece-shanks-wanted\/#breadcrumb","itemListElement":[{"@type":"ListItem","position":1,"name":"Home","item":"https:\/\/boutique-one-piece.com\/"},{"@type":"ListItem","position":2,"name":"Shop","item":"https:\/\/boutique-one-piece.com\/shop\/"},{"@type":"ListItem","position":3,"name":"Avis de Recherche Shanks Wanted"}]},{"@type":"WebSite","@id":"https:\/\/boutique-one-piece.com\/#website","url":"https:\/\/boutique-one-piece.com\/","name":"One Piece Shop","description":"Gespecialiseerde winkel voor One Piece manga en anime.","publisher":{"@id":"https:\/\/boutique-one-piece.com\/#organization"},"potentialAction":[{"@type":"SearchAction","target":{"@type":"EntryPoint","urlTemplate":"https:\/\/boutique-one-piece.com\/?s={search_term_string}"},"query-input":{"@type":"PropertyValueSpecification","valueRequired":true,"valueName":"search_term_string"}}],"inLanguage":"nl-NL"},{"@type":"Organization","@id":"https:\/\/boutique-one-piece.com\/#organization","name":"One Piece Shop","url":"https:\/\/boutique-one-piece.com\/","logo":{"@type":"ImageObject","inLanguage":"nl-NL","@id":"https:\/\/boutique-one-piece.com\/#\/schema\/logo\/image\/","url":"https:\/\/boutique-one-piece.com\/wp-content\/uploads\/2022\/09\/Logo-01.png","contentUrl":"https:\/\/boutique-one-piece.com\/wp-content\/uploads\/2022\/09\/Logo-01.png","width":2318,"height":957,"caption":"Boutique One Piece"},"image":{"@id":"https:\/\/boutique-one-piece.com\/#\/schema\/logo\/image\/"}}]}},"_links":{"self":[{"href":"https:\/\/boutique-one-piece.com\/nl\/wp-json\/wp\/v2\/product\/9653","targetHints":{"allow":["GET"]}}],"collection":[{"href":"https:\/\/boutique-one-piece.com\/nl\/wp-json\/wp\/v2\/product"}],"about":[{"href":"https:\/\/boutique-one-piece.com\/nl\/wp-json\/wp\/v2\/types\/product"}],"replies":[{"embeddable":true,"href":"https:\/\/boutique-one-piece.com\/nl\/wp-json\/wp\/v2\/comments?post=9653"}],"wp:featuredmedia":[{"embeddable":true,"href":"https:\/\/boutique-one-piece.com\/nl\/wp-json\/wp\/v2\/media\/20809"}],"wp:attachment":[{"href":"https:\/\/boutique-one-piece.com\/nl\/wp-json\/wp\/v2\/media?parent=9653"}],"wp:term":[{"taxonomy":"product_brand","embeddable":true,"href":"https:\/\/boutique-one-piece.com\/nl\/wp-json\/wp\/v2\/product_brand?post=9653"},{"taxonomy":"product_cat","embeddable":true,"href":"https:\/\/boutique-one-piece.com\/nl\/wp-json\/wp\/v2\/product_cat?post=9653"},{"taxonomy":"product_tag","embeddable":true,"href":"https:\/\/boutique-one-piece.com\/nl\/wp-json\/wp\/v2\/product_tag?post=9653"}],"curies":[{"name":"wp","href":"https:\/\/api.w.org\/{rel}","templated":true}]}}