{"id":9870,"date":"2022-09-27T20:23:09","date_gmt":"2022-09-27T20:23:09","guid":{"rendered":"https:\/\/boutique-one-piece.com\/uncategorized\/figurine-one-piece-jinbe-karate-homme-poisson\/"},"modified":"2024-09-16T11:52:45","modified_gmt":"2024-09-16T11:52:45","slug":"one-piece-figuurtje-jinbe-karate-visman","status":"publish","type":"product","link":"https:\/\/boutique-one-piece.com\/nl\/one-piece-beeldjes\/jinbe-beeldjes\/one-piece-figuurtje-jinbe-karate-visman\/","title":{"rendered":"One Piece Jinbe Visman Karate Figuur"},"content":{"rendered":"<h2>Jonge piraat, het is tijd dat je dit One Piece Jinbe Visman Karate-beeldje bemachtigt.<\/h2>\n<p>Dit is wat je over hem moet weten; Jinbe, ook wel bekend als &quot;\u00ab\u00a0<strong>De Paladijn van de Zee\u00ebn<\/strong>\u00a0\u00bb&quot; is de stuurman van de Strohoedpiraten. Een stuurman is de persoon die het schip bestuurt.<strong> Jinbe<\/strong> is officieel het tiende lid van de Strohoedpiraten en de negende die zich bij Luffy&#039;s bemanning aansluit.<\/p>\n<p>Bovendien, de <a title=\"POK\u00c9MON-FIGUUR KAPITEIN STROOHOED LUFFY\" href=\"https:\/\/boutique-one-piece.com\/nl\/pokemon-figuurtje-van-kapitein-luffy-met-de-strohoed\/\" target=\"_blank\" rel=\"noopener\">beeldje van Kapitein Strohoed<\/a> ligt binnen handbereik. Om terug te komen op Jinbe: je moet weten dat hij een meester is in... <strong>Amfibisch karate<\/strong>. Hij gebruikt deze vechtkunst dan ook om meerdere mannen tegelijk uit te schakelen. Zijn slagen zijn zo krachtig dat hij geen fysiek contact met de vijand hoeft te maken, omdat de lucht ze afstoot.<\/p>\n<h3>Bent u gefascineerd door het beeldje &quot;Paladin of the Seas&quot;? Beleef dan samen met hem vele avonturen aan boord van de Thousand Sunny.<\/h3>\n<p>Of je nu een fervent fan bent of een serieuze verzamelaar, deze items zijn absoluut iets voor jou. Perfect om cadeau te geven, te dragen of te verzamelen, deze items zullen je collectie verrijken. <strong>jouw One Piece-universum<\/strong>. Neem je lot in eigen handen, jonge piraat, en ga aan boord van de <strong>Thomas Sunny<\/strong>, Daar wachten je talloze avonturen.<\/p>\n<h2>Informatie over de Jinbe Visman Karatefiguur&nbsp;<\/h2>\n<ul>\n<li><span><b><u>One Piece-figuurtje<\/u><\/b>&nbsp;Een premium One Piece-figuurtje voor echte piraten.<\/span><\/li>\n<\/ul>\n<ul>\n<li>\n<b>Materie<\/b><span>&nbsp;<\/span>PVC<\/li>\n<\/ul>\n<ul>\n<li><span><strong>Dimensie<\/strong>&nbsp;: 18 cm<\/span><\/li>\n<\/ul>\n<ul>\n<li><span><strong>GRATIS BEZORGING<\/strong><\/span><\/li>\n<\/ul>","protected":false},"excerpt":{"rendered":"<p>Jeune pirate, le moment est venu pour toi de te procurer cette Figurine One Piece Jinbe Karat\u00e9 Des Hommes Poisson. Voici ce que tu dois savoir \u00e0 son sujet ; Jinbe \u00e9galement appel\u00e9 \u00ab\u00a0Le Paladin des Mers\u00a0\u00bb est le timonier de l&rsquo;\u00c9quipage du Chapeau de Paille. Un timonier ou un barreur, est la personne qui [&hellip;]<\/p>","protected":false},"featured_media":19236,"comment_status":"open","ping_status":"open","template":"","meta":[],"product_brand":[],"product_cat":[301,76],"product_tag":[274],"class_list":{"0":"post-9870","1":"product","2":"type-product","3":"status-publish","4":"has-post-thumbnail","6":"product_cat-figurines-jinbe","7":"product_cat-figurines-one-piece","8":"product_tag-jinbe","10":"first","11":"instock","12":"purchasable","13":"product-type-simple"},"yoast_head":"<!-- This site is optimized with the Yoast SEO plugin v27.5 - https:\/\/yoast.com\/product\/yoast-seo-wordpress\/ -->\n<title>Figurine One Piece Jinbe Karat\u00e9 Des Hommes Poisson | Figurine One Piece \u2013 Boutique One Piece<\/title>\n<meta name=\"description\" content=\"Jeune pirate, le moment est venu pour toi de te procurer cette Figurine One Piece Jinbe Karat\u00e9 Des Hommes Poisson. Voici ce que tu dois savoir \u00e0 son sujet ; Jinbe \u00e9galement appel\u00e9 &quot;Le Paladin des Mers&quot; est le timonier de l&#039;\u00c9quipage du Chapeau de Paille. Un timonier ou un barreur, est la personne qui dirige le navire. J\" \/>\n<meta name=\"robots\" content=\"index, follow, max-snippet:-1, max-image-preview:large, max-video-preview:-1\" \/>\n<link rel=\"canonical\" href=\"https:\/\/boutique-one-piece.com\/nl\/one-piece-beeldjes\/jinbe-beeldjes\/one-piece-figuurtje-jinbe-karate-visman\/\" \/>\n<meta property=\"og:locale\" content=\"nl_NL\" \/>\n<meta property=\"og:type\" content=\"article\" \/>\n<meta property=\"og:title\" content=\"Figurine One Piece Jinbe Karat\u00e9 Des Hommes Poisson | Figurine One Piece \u2013 Boutique One Piece\" \/>\n<meta property=\"og:description\" content=\"Jeune pirate, le moment est venu pour toi de te procurer cette Figurine One Piece Jinbe Karat\u00e9 Des Hommes Poisson. Voici ce que tu dois savoir \u00e0 son sujet ; Jinbe \u00e9galement appel\u00e9 &quot;Le Paladin des Mers&quot; est le timonier de l&#039;\u00c9quipage du Chapeau de Paille. Un timonier ou un barreur, est la personne qui dirige le navire. J\" \/>\n<meta property=\"og:url\" content=\"https:\/\/boutique-one-piece.com\/nl\/one-piece-beeldjes\/jinbe-beeldjes\/one-piece-figuurtje-jinbe-karate-visman\/\" \/>\n<meta property=\"og:site_name\" content=\"Boutique One Piece\" \/>\n<meta property=\"article:modified_time\" content=\"2024-09-16T11:52:45+00:00\" \/>\n<meta property=\"og:image\" content=\"https:\/\/boutique-one-piece.com\/wp-content\/uploads\/2022\/09\/H8d6545effc834a45ba219f8e12ee17a0U.jpg\" \/>\n\t<meta property=\"og:image:width\" content=\"800\" \/>\n\t<meta property=\"og:image:height\" content=\"800\" \/>\n\t<meta property=\"og:image:type\" content=\"image\/jpeg\" \/>\n<meta name=\"twitter:card\" content=\"summary_large_image\" \/>\n<meta name=\"twitter:label1\" content=\"Geschatte leestijd\" \/>\n\t<meta name=\"twitter:data1\" content=\"2 minuten\" \/>\n<script type=\"application\/ld+json\" class=\"yoast-schema-graph\">{\"@context\":\"https:\\\/\\\/schema.org\",\"@graph\":[{\"@type\":\"WebPage\",\"@id\":\"https:\\\/\\\/boutique-one-piece.com\\\/figurines-one-piece\\\/figurines-jinbe\\\/figurine-one-piece-jinbe-karate-homme-poisson\\\/\",\"url\":\"https:\\\/\\\/boutique-one-piece.com\\\/figurines-one-piece\\\/figurines-jinbe\\\/figurine-one-piece-jinbe-karate-homme-poisson\\\/\",\"name\":\"Figurine One Piece Jinbe Karat\u00e9 Des Hommes Poisson | Figurine One Piece \u2013 Boutique One Piece\",\"isPartOf\":{\"@id\":\"https:\\\/\\\/boutique-one-piece.com\\\/#website\"},\"primaryImageOfPage\":{\"@id\":\"https:\\\/\\\/boutique-one-piece.com\\\/figurines-one-piece\\\/figurines-jinbe\\\/figurine-one-piece-jinbe-karate-homme-poisson\\\/#primaryimage\"},\"image\":{\"@id\":\"https:\\\/\\\/boutique-one-piece.com\\\/figurines-one-piece\\\/figurines-jinbe\\\/figurine-one-piece-jinbe-karate-homme-poisson\\\/#primaryimage\"},\"thumbnailUrl\":\"https:\\\/\\\/boutique-one-piece.com\\\/wp-content\\\/uploads\\\/2022\\\/09\\\/H8d6545effc834a45ba219f8e12ee17a0U.jpg\",\"datePublished\":\"2022-09-27T20:23:09+00:00\",\"dateModified\":\"2024-09-16T11:52:45+00:00\",\"description\":\"Jeune pirate, le moment est venu pour toi de te procurer cette Figurine One Piece Jinbe Karat\u00e9 Des Hommes Poisson. Voici ce que tu dois savoir \u00e0 son sujet ; Jinbe \u00e9galement appel\u00e9 \\\"Le Paladin des Mers\\\" est le timonier de l'\u00c9quipage du Chapeau de Paille. Un timonier ou un barreur, est la personne qui dirige le navire. J\",\"breadcrumb\":{\"@id\":\"https:\\\/\\\/boutique-one-piece.com\\\/figurines-one-piece\\\/figurines-jinbe\\\/figurine-one-piece-jinbe-karate-homme-poisson\\\/#breadcrumb\"},\"inLanguage\":\"nl-NL\",\"potentialAction\":[{\"@type\":\"ReadAction\",\"target\":[\"https:\\\/\\\/boutique-one-piece.com\\\/figurines-one-piece\\\/figurines-jinbe\\\/figurine-one-piece-jinbe-karate-homme-poisson\\\/\"]}]},{\"@type\":\"ImageObject\",\"inLanguage\":\"nl-NL\",\"@id\":\"https:\\\/\\\/boutique-one-piece.com\\\/figurines-one-piece\\\/figurines-jinbe\\\/figurine-one-piece-jinbe-karate-homme-poisson\\\/#primaryimage\",\"url\":\"https:\\\/\\\/boutique-one-piece.com\\\/wp-content\\\/uploads\\\/2022\\\/09\\\/H8d6545effc834a45ba219f8e12ee17a0U.jpg\",\"contentUrl\":\"https:\\\/\\\/boutique-one-piece.com\\\/wp-content\\\/uploads\\\/2022\\\/09\\\/H8d6545effc834a45ba219f8e12ee17a0U.jpg\",\"width\":800,\"height\":800},{\"@type\":\"BreadcrumbList\",\"@id\":\"https:\\\/\\\/boutique-one-piece.com\\\/figurines-one-piece\\\/figurines-jinbe\\\/figurine-one-piece-jinbe-karate-homme-poisson\\\/#breadcrumb\",\"itemListElement\":[{\"@type\":\"ListItem\",\"position\":1,\"name\":\"Home\",\"item\":\"https:\\\/\\\/boutique-one-piece.com\\\/\"},{\"@type\":\"ListItem\",\"position\":2,\"name\":\"Shop\",\"item\":\"https:\\\/\\\/boutique-one-piece.com\\\/shop\\\/\"},{\"@type\":\"ListItem\",\"position\":3,\"name\":\"Figurine One Piece Jinbe Karat\u00e9 Des Hommes Poisson\"}]},{\"@type\":\"WebSite\",\"@id\":\"https:\\\/\\\/boutique-one-piece.com\\\/#website\",\"url\":\"https:\\\/\\\/boutique-one-piece.com\\\/\",\"name\":\"Boutique One Piece\",\"description\":\"Magasin Sp\u00e9cialis\u00e9 du Manga et l&#039;Anime One Piece\",\"publisher\":{\"@id\":\"https:\\\/\\\/boutique-one-piece.com\\\/#organization\"},\"potentialAction\":[{\"@type\":\"SearchAction\",\"target\":{\"@type\":\"EntryPoint\",\"urlTemplate\":\"https:\\\/\\\/boutique-one-piece.com\\\/?s={search_term_string}\"},\"query-input\":{\"@type\":\"PropertyValueSpecification\",\"valueRequired\":true,\"valueName\":\"search_term_string\"}}],\"inLanguage\":\"nl-NL\"},{\"@type\":\"Organization\",\"@id\":\"https:\\\/\\\/boutique-one-piece.com\\\/#organization\",\"name\":\"Boutique One Piece\",\"url\":\"https:\\\/\\\/boutique-one-piece.com\\\/\",\"logo\":{\"@type\":\"ImageObject\",\"inLanguage\":\"nl-NL\",\"@id\":\"https:\\\/\\\/boutique-one-piece.com\\\/#\\\/schema\\\/logo\\\/image\\\/\",\"url\":\"https:\\\/\\\/boutique-one-piece.com\\\/wp-content\\\/uploads\\\/2022\\\/09\\\/Logo-01.png\",\"contentUrl\":\"https:\\\/\\\/boutique-one-piece.com\\\/wp-content\\\/uploads\\\/2022\\\/09\\\/Logo-01.png\",\"width\":2318,\"height\":957,\"caption\":\"Boutique One Piece\"},\"image\":{\"@id\":\"https:\\\/\\\/boutique-one-piece.com\\\/#\\\/schema\\\/logo\\\/image\\\/\"}}]}<\/script>\n<!-- \/ Yoast SEO plugin. -->","yoast_head_json":{"title":"One Piece Jinbe Visman Karate Figuur | One Piece Figuur \u2013 One Piece Shop","description":"Jonge piraat, het is tijd dat je deze One Piece Jinbe Fish-Man Karate-figuur bemachtigt. Dit is wat je over hem moet weten: Jinbe, ook wel bekend als &quot;De Paladijn van de Zee\u00ebn&quot;, is de stuurman van de Strohoedpiraten. Een stuurman is degene die het schip bestuurt.","robots":{"index":"index","follow":"follow","max-snippet":"max-snippet:-1","max-image-preview":"max-image-preview:large","max-video-preview":"max-video-preview:-1"},"canonical":"https:\/\/boutique-one-piece.com\/nl\/one-piece-beeldjes\/jinbe-beeldjes\/one-piece-figuurtje-jinbe-karate-visman\/","og_locale":"nl_NL","og_type":"article","og_title":"Figurine One Piece Jinbe Karat\u00e9 Des Hommes Poisson | Figurine One Piece \u2013 Boutique One Piece","og_description":"Jeune pirate, le moment est venu pour toi de te procurer cette Figurine One Piece Jinbe Karat\u00e9 Des Hommes Poisson. Voici ce que tu dois savoir \u00e0 son sujet ; Jinbe \u00e9galement appel\u00e9 \"Le Paladin des Mers\" est le timonier de l'\u00c9quipage du Chapeau de Paille. Un timonier ou un barreur, est la personne qui dirige le navire. J","og_url":"https:\/\/boutique-one-piece.com\/nl\/one-piece-beeldjes\/jinbe-beeldjes\/one-piece-figuurtje-jinbe-karate-visman\/","og_site_name":"Boutique One Piece","article_modified_time":"2024-09-16T11:52:45+00:00","og_image":[{"width":800,"height":800,"url":"https:\/\/boutique-one-piece.com\/wp-content\/uploads\/2022\/09\/H8d6545effc834a45ba219f8e12ee17a0U.jpg","type":"image\/jpeg"}],"twitter_card":"summary_large_image","twitter_misc":{"Geschatte leestijd":"2 minuten"},"schema":{"@context":"https:\/\/schema.org","@graph":[{"@type":"WebPage","@id":"https:\/\/boutique-one-piece.com\/figurines-one-piece\/figurines-jinbe\/figurine-one-piece-jinbe-karate-homme-poisson\/","url":"https:\/\/boutique-one-piece.com\/figurines-one-piece\/figurines-jinbe\/figurine-one-piece-jinbe-karate-homme-poisson\/","name":"One Piece Jinbe Visman Karate Figuur | One Piece Figuur \u2013 One Piece Shop","isPartOf":{"@id":"https:\/\/boutique-one-piece.com\/#website"},"primaryImageOfPage":{"@id":"https:\/\/boutique-one-piece.com\/figurines-one-piece\/figurines-jinbe\/figurine-one-piece-jinbe-karate-homme-poisson\/#primaryimage"},"image":{"@id":"https:\/\/boutique-one-piece.com\/figurines-one-piece\/figurines-jinbe\/figurine-one-piece-jinbe-karate-homme-poisson\/#primaryimage"},"thumbnailUrl":"https:\/\/boutique-one-piece.com\/wp-content\/uploads\/2022\/09\/H8d6545effc834a45ba219f8e12ee17a0U.jpg","datePublished":"2022-09-27T20:23:09+00:00","dateModified":"2024-09-16T11:52:45+00:00","description":"Jonge piraat, het is tijd dat je deze One Piece Jinbe Fish-Man Karate-figuur bemachtigt. Dit is wat je over hem moet weten: Jinbe, ook wel bekend als &quot;De Paladijn van de Zee\u00ebn&quot;, is de stuurman van de Strohoedpiraten. Een stuurman is degene die het schip bestuurt.","breadcrumb":{"@id":"https:\/\/boutique-one-piece.com\/figurines-one-piece\/figurines-jinbe\/figurine-one-piece-jinbe-karate-homme-poisson\/#breadcrumb"},"inLanguage":"nl-NL","potentialAction":[{"@type":"ReadAction","target":["https:\/\/boutique-one-piece.com\/figurines-one-piece\/figurines-jinbe\/figurine-one-piece-jinbe-karate-homme-poisson\/"]}]},{"@type":"ImageObject","inLanguage":"nl-NL","@id":"https:\/\/boutique-one-piece.com\/figurines-one-piece\/figurines-jinbe\/figurine-one-piece-jinbe-karate-homme-poisson\/#primaryimage","url":"https:\/\/boutique-one-piece.com\/wp-content\/uploads\/2022\/09\/H8d6545effc834a45ba219f8e12ee17a0U.jpg","contentUrl":"https:\/\/boutique-one-piece.com\/wp-content\/uploads\/2022\/09\/H8d6545effc834a45ba219f8e12ee17a0U.jpg","width":800,"height":800},{"@type":"BreadcrumbList","@id":"https:\/\/boutique-one-piece.com\/figurines-one-piece\/figurines-jinbe\/figurine-one-piece-jinbe-karate-homme-poisson\/#breadcrumb","itemListElement":[{"@type":"ListItem","position":1,"name":"Home","item":"https:\/\/boutique-one-piece.com\/"},{"@type":"ListItem","position":2,"name":"Shop","item":"https:\/\/boutique-one-piece.com\/shop\/"},{"@type":"ListItem","position":3,"name":"Figurine One Piece Jinbe Karat\u00e9 Des Hommes Poisson"}]},{"@type":"WebSite","@id":"https:\/\/boutique-one-piece.com\/#website","url":"https:\/\/boutique-one-piece.com\/","name":"One Piece Shop","description":"Gespecialiseerde winkel voor One Piece manga en anime.","publisher":{"@id":"https:\/\/boutique-one-piece.com\/#organization"},"potentialAction":[{"@type":"SearchAction","target":{"@type":"EntryPoint","urlTemplate":"https:\/\/boutique-one-piece.com\/?s={search_term_string}"},"query-input":{"@type":"PropertyValueSpecification","valueRequired":true,"valueName":"search_term_string"}}],"inLanguage":"nl-NL"},{"@type":"Organization","@id":"https:\/\/boutique-one-piece.com\/#organization","name":"One Piece Shop","url":"https:\/\/boutique-one-piece.com\/","logo":{"@type":"ImageObject","inLanguage":"nl-NL","@id":"https:\/\/boutique-one-piece.com\/#\/schema\/logo\/image\/","url":"https:\/\/boutique-one-piece.com\/wp-content\/uploads\/2022\/09\/Logo-01.png","contentUrl":"https:\/\/boutique-one-piece.com\/wp-content\/uploads\/2022\/09\/Logo-01.png","width":2318,"height":957,"caption":"Boutique One Piece"},"image":{"@id":"https:\/\/boutique-one-piece.com\/#\/schema\/logo\/image\/"}}]}},"_links":{"self":[{"href":"https:\/\/boutique-one-piece.com\/nl\/wp-json\/wp\/v2\/product\/9870","targetHints":{"allow":["GET"]}}],"collection":[{"href":"https:\/\/boutique-one-piece.com\/nl\/wp-json\/wp\/v2\/product"}],"about":[{"href":"https:\/\/boutique-one-piece.com\/nl\/wp-json\/wp\/v2\/types\/product"}],"replies":[{"embeddable":true,"href":"https:\/\/boutique-one-piece.com\/nl\/wp-json\/wp\/v2\/comments?post=9870"}],"wp:featuredmedia":[{"embeddable":true,"href":"https:\/\/boutique-one-piece.com\/nl\/wp-json\/wp\/v2\/media\/19236"}],"wp:attachment":[{"href":"https:\/\/boutique-one-piece.com\/nl\/wp-json\/wp\/v2\/media?parent=9870"}],"wp:term":[{"taxonomy":"product_brand","embeddable":true,"href":"https:\/\/boutique-one-piece.com\/nl\/wp-json\/wp\/v2\/product_brand?post=9870"},{"taxonomy":"product_cat","embeddable":true,"href":"https:\/\/boutique-one-piece.com\/nl\/wp-json\/wp\/v2\/product_cat?post=9870"},{"taxonomy":"product_tag","embeddable":true,"href":"https:\/\/boutique-one-piece.com\/nl\/wp-json\/wp\/v2\/product_tag?post=9870"}],"curies":[{"name":"wp","href":"https:\/\/api.w.org\/{rel}","templated":true}]}}