{"id":18145,"date":"2022-09-28T16:43:16","date_gmt":"2022-09-28T16:43:16","guid":{"rendered":"https:\/\/boutique-one-piece.com\/?page_id=18145"},"modified":"2024-09-16T16:25:24","modified_gmt":"2024-09-16T16:25:24","slug":"polityka-prywatnosci","status":"publish","type":"page","link":"https:\/\/boutique-one-piece.com\/pl\/polityka-prywatnosci\/","title":{"rendered":"POLITYKA PRYWATNO\u015aCI"},"content":{"rendered":"<div data-elementor-type=\"wp-page\" data-elementor-id=\"18145\" class=\"elementor elementor-18145\">\n\t\t\t\t\t\t<section class=\"elementor-section elementor-top-section elementor-element elementor-element-8831766 elementor-section-boxed elementor-section-height-default elementor-section-height-default\" data-id=\"8831766\" data-element_type=\"section\" data-e-type=\"section\">\n\t\t\t\t\t\t<div class=\"elementor-container elementor-column-gap-default\">\n\t\t\t\t\t<div class=\"elementor-column elementor-col-100 elementor-top-column elementor-element elementor-element-3c0935e0\" data-id=\"3c0935e0\" data-element_type=\"column\" data-e-type=\"column\">\n\t\t\t<div class=\"elementor-widget-wrap elementor-element-populated\">\n\t\t\t\t\t\t<div class=\"elementor-element elementor-element-5c388b30 elementor-widget elementor-widget-text-editor\" data-id=\"5c388b30\" data-element_type=\"widget\" data-e-type=\"widget\" data-widget_type=\"text-editor.default\">\n\t\t\t\t<div class=\"elementor-widget-container\">\n\t\t\t\t\t\t\t\t\t\n<p>O\u015aWIADCZENIE O PRYWATNO\u015aCI<br \/><br \/>\u2014-<br \/><br \/>ARTYKU\u0141 1 \u2013 GROMADZONE DANE OSOBOWE<br \/><br \/>Kiedy dokonujesz zakupu w naszym sklepie, w ramach naszego procesu kupna i sprzeda\u017cy zbieramy Twoje dane osobowe, takie jak imi\u0119 i nazwisko, adres i adres e-mail.<br \/><br \/>Gdy przegl\u0105dasz nasz sklep, automatycznie otrzymujemy adres protoko\u0142u internetowego (IP) Twojego komputera, dzi\u0119ki czemu mo\u017cemy uzyska\u0107 wi\u0119cej szczeg\u00f3\u0142\u00f3w na temat przegl\u0105darki i systemu operacyjnego, z kt\u00f3rych korzystasz.<br \/><br \/>Marketing e-mailowy (je\u015bli dotyczy): Za Twoj\u0105 zgod\u0105 mo\u017cemy wysy\u0142a\u0107 Ci wiadomo\u015bci e-mail dotycz\u0105ce naszego sklepu, nowych produkt\u00f3w i innych aktualizacji.<br \/><br \/><br \/>ARTYKU\u0141 2 \u2013 ZGODA<br \/><br \/>W jaki spos\u00f3b uzyskasz moj\u0105 zgod\u0119?<br \/><br \/>Kiedy podajesz nam swoje dane osobowe w celu realizacji transakcji, weryfikacji karty kredytowej, z\u0142o\u017cenia zam\u00f3wienia, zorganizowania dostawy lub zwrotu zakupu, zak\u0142adamy, \u017ce wyra\u017casz zgod\u0119 na gromadzenie i wykorzystywanie przez nas Twoich danych wy\u0142\u0105cznie w tym konkretnym celu.<br \/><br \/>Je\u015bli poprosimy Ci\u0119 o podanie danych osobowych z innego powodu, na przyk\u0142ad w celach marketingowych, poprosimy Ci\u0119 bezpo\u015brednio o wyra\u017an\u0105 zgod\u0119 lub damy Ci mo\u017cliwo\u015b\u0107 odmowy.<br \/><br \/><br \/>Jak mog\u0119 cofn\u0105\u0107 swoj\u0105 zgod\u0119?<br \/><br \/>Je\u017celi po udzieleniu nam zgody zmienisz zdanie i nie b\u0119dziesz ju\u017c wyra\u017ca\u0107 zgody na kontakt z nami, zbieranie Twoich danych lub ich ujawnianie, mo\u017cesz nas o tym powiadomi\u0107, pisz\u0105c na adres contact@boutique-one-piece.com<br \/><br \/><br \/>ARTYKU\u0141 3 \u2013 UJAWNIANIE<br \/><br \/>Mo\u017cemy ujawni\u0107 Twoje dane osobowe, je\u017celi wymaga tego prawo lub je\u017celi naruszysz nasze Warunki sprzeda\u017cy i u\u017cytkowania.<br \/><br \/><br \/>ARTYKU\u0141 4 \u2013 SHOPIFY<br \/><br \/>Nasz sklep jest hostowany na platformie Shopify Inc. Firma ta udost\u0119pnia nam platform\u0119 handlu elektronicznego online, dzi\u0119ki kt\u00f3rej mo\u017cemy sprzedawa\u0107 nasze us\u0142ugi i produkty.<br \/><br \/>Twoje dane s\u0105 przechowywane w systemie przechowywania danych i bazach danych Shopify oraz w og\u00f3lnej aplikacji Shopify. Twoje dane s\u0105 przechowywane na bezpiecznym serwerze chronionym zapor\u0105 sieciow\u0105.<br \/><br \/><br \/>Zap\u0142ata:<br \/><br \/>Je\u015bli dokonasz zakupu za po\u015brednictwem bramki p\u0142atno\u015bci bezpo\u015brednich, Shopify zapisze dane Twojej karty kredytowej. Dane te s\u0105 szyfrowane zgodnie ze standardem bezpiecze\u0144stwa danych bran\u017cy kart p\u0142atniczych (PCI-DSS). Informacje o Twojej transakcji zakupu s\u0105 przechowywane tylko tak d\u0142ugo, jak jest to konieczne do realizacji zam\u00f3wienia. Po sfinalizowaniu zam\u00f3wienia informacje o transakcji zakupu zostan\u0105 usuni\u0119te.<br \/><br \/>Wszystkie bramki p\u0142atno\u015bci bezpo\u015brednich s\u0105 zgodne ze standardem PCI-DSS, zarz\u0105dzanym przez PCI Security Standards Council, kt\u00f3ry jest efektem wsp\u00f3lnego wysi\u0142ku takich firm, jak Visa, MasterCard, American Express i Discover.<br \/><br \/>Wymagania standardu PCI-DSS zapewniaj\u0105 bezpieczne przetwarzanie danych kart kredytowych przez nasz sklep i wsp\u00f3\u0142pracuj\u0105cych z nami dostawc\u00f3w us\u0142ug.<br \/><br \/>Aby uzyska\u0107 wi\u0119cej informacji, zapoznaj si\u0119 z Warunkami \u015bwiadczenia us\u0142ug Shopify dost\u0119pnymi tutaj lub Polityk\u0105 prywatno\u015bci dost\u0119pn\u0105 tutaj.<br \/><br \/><br \/>ARTYKU\u0141 5 \u2013 US\u0141UGI \u015aWIADCZONE PRZEZ OSOBY TRZECIE<br \/><br \/><br \/>Co do zasady, zewn\u0119trzni dostawcy us\u0142ug, z kt\u00f3rych korzystamy, b\u0119d\u0105 gromadzi\u0107, wykorzystywa\u0107 i ujawnia\u0107 Twoje dane wy\u0142\u0105cznie w zakresie niezb\u0119dnym do realizacji us\u0142ug, kt\u00f3re nam \u015bwiadcz\u0105.<br \/><br \/>Jednak niekt\u00f3rzy zewn\u0119trzni dostawcy us\u0142ug, np. bramki p\u0142atnicze i inne podmioty przetwarzaj\u0105ce transakcje p\u0142atnicze, maj\u0105 w\u0142asne polityki prywatno\u015bci dotycz\u0105ce informacji, kt\u00f3re jeste\u015bmy zobowi\u0105zani im udost\u0119pni\u0107 w celu realizacji transakcji zakupu.<br \/><br \/>W przypadku tych dostawc\u00f3w zalecamy dok\u0142adne zapoznanie si\u0119 z ich polityk\u0105 prywatno\u015bci, aby zrozumie\u0107, w jaki spos\u00f3b b\u0119d\u0105 oni obchodzi\u0107 si\u0119 z Twoimi danymi osobowymi.<br \/><br \/>Nale\u017cy pami\u0119ta\u0107, \u017ce niekt\u00f3rzy dostawcy mog\u0105 mie\u0107 siedzib\u0119 lub oddzia\u0142y w jurysdykcji innej ni\u017c Twoja lub nasza. W zwi\u0105zku z tym, je\u015bli zdecydujesz si\u0119 na transakcj\u0119 wymagaj\u0105c\u0105 us\u0142ug dostawcy zewn\u0119trznego, Twoje dane mog\u0105 podlega\u0107 prawu jurysdykcji, w kt\u00f3rej znajduje si\u0119 ten dostawca lub jego oddzia\u0142y.<br \/><br \/>Na przyk\u0142ad, je\u015bli znajdujesz si\u0119 w Kanadzie, a Twoja transakcja jest przetwarzana przez bramk\u0119 p\u0142atnicz\u0105 znajduj\u0105c\u0105 si\u0119 w Stanach Zjednoczonych, Twoje dane wykorzystane do sfinalizowania transakcji mog\u0105 zosta\u0107 ujawnione na mocy prawa Stan\u00f3w Zjednoczonych, w tym ustawy Patriot Act.<br \/><br \/>Po opuszczeniu witryny naszego sklepu lub przekierowaniu na witryn\u0119 lub aplikacj\u0119 osoby trzeciej, niniejsza Polityka prywatno\u015bci ani Warunki sprzeda\u017cy i u\u017cytkowania naszej witryny nie obowi\u0105zuj\u0105 Ci\u0119 ju\u017c.<br \/><br \/><br \/>Spinki do mankiet\u00f3w<br \/><br \/>Klikaj\u0105c na niekt\u00f3re linki na naszej stronie, mo\u017cesz zosta\u0107 przekierowany do innych stron internetowych. Nie ponosimy odpowiedzialno\u015bci za polityk\u0119 prywatno\u015bci tych innych stron i zalecamy dok\u0142adne zapoznanie si\u0119 z ich polityk\u0105 prywatno\u015bci.<br \/><br \/><br \/>ARTYKU\u0141 6 \u2013 BEZPIECZE\u0143STWO<br \/><br \/>Aby chroni\u0107 Twoje dane osobowe, podejmujemy odpowiednie \u015brodki ostro\u017cno\u015bci i post\u0119pujemy zgodnie z najlepszymi praktykami bran\u017cowymi, aby mie\u0107 pewno\u015b\u0107, \u017ce nie zostan\u0105 one utracone, wykorzystane w niew\u0142a\u015bciwy spos\u00f3b, udost\u0119pnione, ujawnione, zmienione lub zniszczone.<br \/><br \/>Je\u015bli podasz nam dane swojej karty kredytowej, zostan\u0105 one zaszyfrowane za pomoc\u0105 protoko\u0142u SSL i zapisane z u\u017cyciem szyfrowania AES-256. Chocia\u017c \u017cadna metoda przesy\u0142ania danych przez Internet ani przechowywania danych elektronicznych nie jest w 100% bezpieczna, przestrzegamy wszystkich wymog\u00f3w PCI-DSS i wdra\u017camy dodatkowe, bran\u017cowe \u015brodki bezpiecze\u0144stwa.<br \/>CIASTKA<br \/><br \/>Oto lista plik\u00f3w cookie, kt\u00f3rych u\u017cywamy. Wypisali\u015bmy je tutaj, aby\u015b m\u00f3g\u0142 zdecydowa\u0107, czy chcesz na nie zezwoli\u0107.<br \/><br \/>_session_id, unikalny identyfikator sesji, umo\u017cliwia Shopify przechowywanie informacji zwi\u0105zanych z Twoj\u0105 sesj\u0105 (odno\u015bnik, strona docelowa itp.).<br \/><br \/>_shopify_visit, bez przechowywania danych, jest przechowywany przez 30 minut od ostatniej wizyty. U\u017cywany przez wewn\u0119trzny system \u015bledzenia statystyk naszego dostawcy strony internetowej do rejestrowania liczby wizyt.<br \/><br \/>_shopify_uniq, bez przechowywania danych, wygasa o p\u00f3\u0142nocy (w zale\u017cno\u015bci od lokalizacji u\u017cytkownika) nast\u0119pnego dnia. Oblicza liczb\u0119 wizyt w sklepie jednego unikalnego klienta.<br \/><br \/>koszyk, unikalny identyfikator, trwa 2 tygodnie, przechowuje informacje dotycz\u0105ce Twojego koszyka.<br \/><br \/>_secure_session_id, unikalny identyfikator sesji<br \/><br \/>storefront_digest, unikatowy identyfikator, niezdefiniowany. Je\u015bli sklep ma has\u0142o, s\u0142u\u017cy ono do okre\u015blenia, czy bie\u017c\u0105cy u\u017cytkownik ma dost\u0119p.<br \/><br \/><br \/>ARTYKU\u0141 7 \u2013 WIEK ZGODY<br \/><br \/>Korzystaj\u0105c z tej witryny, o\u015bwiadczasz, \u017ce masz uko\u0144czone 18 lat i \u017ce wyrazi\u0142e\u015b zgod\u0119 na korzystanie z tej witryny przez ka\u017cd\u0105 osob\u0119 niepe\u0142noletni\u0105 pozostaj\u0105c\u0105 pod Twoim nadzorem.<br \/><br \/><br \/>ARTYKU\u0141 8 \u2013 ZMIANY W NINIEJSZEJ POLITYCE PRYWATNO\u015aCI<br \/><br \/>Zastrzegamy sobie prawo do zmiany niniejszej polityki prywatno\u015bci w dowolnym momencie, dlatego prosimy o jej regularne przegl\u0105danie. Zmiany i wyja\u015bnienia wchodz\u0105 w \u017cycie natychmiast po ich opublikowaniu na stronie internetowej. W przypadku wprowadzenia zmian w niniejszej polityce, powiadomimy Ci\u0119 o tym tutaj, aby\u015b by\u0142 \u015bwiadomy, jakie informacje gromadzimy, jak je wykorzystujemy oraz w jakich okoliczno\u015bciach, je\u015bli w og\u00f3le, je ujawniamy.<br \/><br \/>Je\u015bli nasz sklep zostanie przej\u0119ty lub po\u0142\u0105czony z inn\u0105 firm\u0105, Twoje dane mog\u0105 zosta\u0107 przekazane nowym w\u0142a\u015bcicielom, aby\u015bmy mogli nadal sprzedawa\u0107 Ci produkty.<br \/><br \/><br \/>PYTANIA I INFORMACJE KONTAKTOWE<br \/><br \/>Je\u015bli chcesz uzyska\u0107 dost\u0119p, poprawi\u0107, zmieni\u0107 lub usun\u0105\u0107 jakiekolwiek dane osobowe, kt\u00f3re o Tobie posiadamy, z\u0142o\u017cy\u0107 skarg\u0119 lub po prostu chcesz uzyska\u0107 wi\u0119cej informacji, skontaktuj si\u0119 z naszym Inspektorem Ochrony Danych pod adresem contact@boutique-one-piece.com<\/p>\n\t\t\t\t\t\t\t\t<\/div>\n\t\t\t\t<\/div>\n\t\t\t\t\t<\/div>\n\t\t<\/div>\n\t\t\t\t\t<\/div>\n\t\t<\/section>\n\t\t\t\t<\/div>","protected":false},"excerpt":{"rendered":"<p>D\u00c9CLARATION DE CONFIDENTIALIT\u00c9 &#8212;- ARTICLE 1 \u2013 RENSEIGNEMENTS PERSONNELS RECUEILLIS Lorsque vous effectuez un achat sur notre boutique, dans le cadre de notre processus d\u2019achat et de vente, nous recueillons les renseignements personnels que vous nous fournissez, tels que votre nom, votre adresse et votre adresse e-mail. Lorsque vous naviguez sur notre boutique, nous recevons [&hellip;]<\/p>","protected":false},"author":2,"featured_media":0,"parent":0,"menu_order":0,"comment_status":"closed","ping_status":"closed","template":"","meta":{"footnotes":""},"class_list":["post-18145","page","type-page","status-publish","hentry"],"yoast_head":"<!-- This site is optimized with the Yoast SEO plugin v27.5 - https:\/\/yoast.com\/product\/yoast-seo-wordpress\/ -->\n<title>POLITIQUE DE CONFIDENTIALIT\u00c9 | Boutique One Piece<\/title>\n<meta name=\"robots\" content=\"noindex, follow\" \/>\n<meta property=\"og:locale\" content=\"pl_PL\" \/>\n<meta property=\"og:type\" content=\"article\" \/>\n<meta property=\"og:title\" content=\"POLITIQUE DE CONFIDENTIALIT\u00c9 | Boutique One Piece\" \/>\n<meta property=\"og:description\" content=\"D\u00c9CLARATION DE CONFIDENTIALIT\u00c9 &#8212;- ARTICLE 1 \u2013 RENSEIGNEMENTS PERSONNELS RECUEILLIS Lorsque vous effectuez un achat sur notre boutique, dans le cadre de notre processus d\u2019achat et de vente, nous recueillons les renseignements personnels que vous nous fournissez, tels que votre nom, votre adresse et votre adresse e-mail. Lorsque vous naviguez sur notre boutique, nous recevons [&hellip;]\" \/>\n<meta property=\"og:url\" content=\"https:\/\/boutique-one-piece.com\/pl\/polityka-prywatnosci\/\" \/>\n<meta property=\"og:site_name\" content=\"Boutique One Piece\" \/>\n<meta property=\"article:modified_time\" content=\"2024-09-16T16:25:24+00:00\" \/>\n<meta name=\"twitter:card\" content=\"summary_large_image\" \/>\n<meta name=\"twitter:label1\" content=\"Szacowany czas czytania\" \/>\n\t<meta name=\"twitter:data1\" content=\"7 minut\" \/>\n<script type=\"application\/ld+json\" class=\"yoast-schema-graph\">{\"@context\":\"https:\\\/\\\/schema.org\",\"@graph\":[{\"@type\":\"WebPage\",\"@id\":\"https:\\\/\\\/boutique-one-piece.com\\\/politique-de-confidentialite\\\/\",\"url\":\"https:\\\/\\\/boutique-one-piece.com\\\/politique-de-confidentialite\\\/\",\"name\":\"POLITIQUE DE CONFIDENTIALIT\u00c9 | Boutique One Piece\",\"isPartOf\":{\"@id\":\"https:\\\/\\\/boutique-one-piece.com\\\/#website\"},\"datePublished\":\"2022-09-28T16:43:16+00:00\",\"dateModified\":\"2024-09-16T16:25:24+00:00\",\"breadcrumb\":{\"@id\":\"https:\\\/\\\/boutique-one-piece.com\\\/politique-de-confidentialite\\\/#breadcrumb\"},\"inLanguage\":\"pl-PL\",\"potentialAction\":[{\"@type\":\"ReadAction\",\"target\":[\"https:\\\/\\\/boutique-one-piece.com\\\/politique-de-confidentialite\\\/\"]}]},{\"@type\":\"BreadcrumbList\",\"@id\":\"https:\\\/\\\/boutique-one-piece.com\\\/politique-de-confidentialite\\\/#breadcrumb\",\"itemListElement\":[{\"@type\":\"ListItem\",\"position\":1,\"name\":\"Home\",\"item\":\"https:\\\/\\\/boutique-one-piece.com\\\/\"},{\"@type\":\"ListItem\",\"position\":2,\"name\":\"POLITIQUE DE CONFIDENTIALIT\u00c9\"}]},{\"@type\":\"WebSite\",\"@id\":\"https:\\\/\\\/boutique-one-piece.com\\\/#website\",\"url\":\"https:\\\/\\\/boutique-one-piece.com\\\/\",\"name\":\"Boutique One Piece\",\"description\":\"Magasin Sp\u00e9cialis\u00e9 du Manga et l&#039;Anime One Piece\",\"publisher\":{\"@id\":\"https:\\\/\\\/boutique-one-piece.com\\\/#organization\"},\"potentialAction\":[{\"@type\":\"SearchAction\",\"target\":{\"@type\":\"EntryPoint\",\"urlTemplate\":\"https:\\\/\\\/boutique-one-piece.com\\\/?s={search_term_string}\"},\"query-input\":{\"@type\":\"PropertyValueSpecification\",\"valueRequired\":true,\"valueName\":\"search_term_string\"}}],\"inLanguage\":\"pl-PL\"},{\"@type\":\"Organization\",\"@id\":\"https:\\\/\\\/boutique-one-piece.com\\\/#organization\",\"name\":\"Boutique One Piece\",\"url\":\"https:\\\/\\\/boutique-one-piece.com\\\/\",\"logo\":{\"@type\":\"ImageObject\",\"inLanguage\":\"pl-PL\",\"@id\":\"https:\\\/\\\/boutique-one-piece.com\\\/#\\\/schema\\\/logo\\\/image\\\/\",\"url\":\"https:\\\/\\\/boutique-one-piece.com\\\/wp-content\\\/uploads\\\/2022\\\/09\\\/Logo-01.png\",\"contentUrl\":\"https:\\\/\\\/boutique-one-piece.com\\\/wp-content\\\/uploads\\\/2022\\\/09\\\/Logo-01.png\",\"width\":2318,\"height\":957,\"caption\":\"Boutique One Piece\"},\"image\":{\"@id\":\"https:\\\/\\\/boutique-one-piece.com\\\/#\\\/schema\\\/logo\\\/image\\\/\"}}]}<\/script>\n<!-- \/ Yoast SEO plugin. -->","yoast_head_json":{"title":"POLITYKA PRYWATNO\u015aCI | One Piece Shop","robots":{"index":"noindex","follow":"follow"},"og_locale":"pl_PL","og_type":"article","og_title":"POLITIQUE DE CONFIDENTIALIT\u00c9 | Boutique One Piece","og_description":"D\u00c9CLARATION DE CONFIDENTIALIT\u00c9 &#8212;- ARTICLE 1 \u2013 RENSEIGNEMENTS PERSONNELS RECUEILLIS Lorsque vous effectuez un achat sur notre boutique, dans le cadre de notre processus d\u2019achat et de vente, nous recueillons les renseignements personnels que vous nous fournissez, tels que votre nom, votre adresse et votre adresse e-mail. Lorsque vous naviguez sur notre boutique, nous recevons [&hellip;]","og_url":"https:\/\/boutique-one-piece.com\/pl\/polityka-prywatnosci\/","og_site_name":"Boutique One Piece","article_modified_time":"2024-09-16T16:25:24+00:00","twitter_card":"summary_large_image","twitter_misc":{"Szacowany czas czytania":"7 minut"},"schema":{"@context":"https:\/\/schema.org","@graph":[{"@type":"WebPage","@id":"https:\/\/boutique-one-piece.com\/politique-de-confidentialite\/","url":"https:\/\/boutique-one-piece.com\/politique-de-confidentialite\/","name":"POLITYKA PRYWATNO\u015aCI | One Piece Shop","isPartOf":{"@id":"https:\/\/boutique-one-piece.com\/#website"},"datePublished":"2022-09-28T16:43:16+00:00","dateModified":"2024-09-16T16:25:24+00:00","breadcrumb":{"@id":"https:\/\/boutique-one-piece.com\/politique-de-confidentialite\/#breadcrumb"},"inLanguage":"pl-PL","potentialAction":[{"@type":"ReadAction","target":["https:\/\/boutique-one-piece.com\/politique-de-confidentialite\/"]}]},{"@type":"BreadcrumbList","@id":"https:\/\/boutique-one-piece.com\/politique-de-confidentialite\/#breadcrumb","itemListElement":[{"@type":"ListItem","position":1,"name":"Home","item":"https:\/\/boutique-one-piece.com\/"},{"@type":"ListItem","position":2,"name":"POLITIQUE DE CONFIDENTIALIT\u00c9"}]},{"@type":"WebSite","@id":"https:\/\/boutique-one-piece.com\/#website","url":"https:\/\/boutique-one-piece.com\/","name":"One Piece Shop","description":"Sklep specjalistyczny z mang\u0105 i anime One Piece","publisher":{"@id":"https:\/\/boutique-one-piece.com\/#organization"},"potentialAction":[{"@type":"SearchAction","target":{"@type":"EntryPoint","urlTemplate":"https:\/\/boutique-one-piece.com\/?s={search_term_string}"},"query-input":{"@type":"PropertyValueSpecification","valueRequired":true,"valueName":"search_term_string"}}],"inLanguage":"pl-PL"},{"@type":"Organization","@id":"https:\/\/boutique-one-piece.com\/#organization","name":"One Piece Shop","url":"https:\/\/boutique-one-piece.com\/","logo":{"@type":"ImageObject","inLanguage":"pl-PL","@id":"https:\/\/boutique-one-piece.com\/#\/schema\/logo\/image\/","url":"https:\/\/boutique-one-piece.com\/wp-content\/uploads\/2022\/09\/Logo-01.png","contentUrl":"https:\/\/boutique-one-piece.com\/wp-content\/uploads\/2022\/09\/Logo-01.png","width":2318,"height":957,"caption":"Boutique One Piece"},"image":{"@id":"https:\/\/boutique-one-piece.com\/#\/schema\/logo\/image\/"}}]}},"_links":{"self":[{"href":"https:\/\/boutique-one-piece.com\/pl\/wp-json\/wp\/v2\/pages\/18145","targetHints":{"allow":["GET"]}}],"collection":[{"href":"https:\/\/boutique-one-piece.com\/pl\/wp-json\/wp\/v2\/pages"}],"about":[{"href":"https:\/\/boutique-one-piece.com\/pl\/wp-json\/wp\/v2\/types\/page"}],"author":[{"embeddable":true,"href":"https:\/\/boutique-one-piece.com\/pl\/wp-json\/wp\/v2\/users\/2"}],"replies":[{"embeddable":true,"href":"https:\/\/boutique-one-piece.com\/pl\/wp-json\/wp\/v2\/comments?post=18145"}],"version-history":[{"count":5,"href":"https:\/\/boutique-one-piece.com\/pl\/wp-json\/wp\/v2\/pages\/18145\/revisions"}],"predecessor-version":[{"id":19794,"href":"https:\/\/boutique-one-piece.com\/pl\/wp-json\/wp\/v2\/pages\/18145\/revisions\/19794"}],"wp:attachment":[{"href":"https:\/\/boutique-one-piece.com\/pl\/wp-json\/wp\/v2\/media?parent=18145"}],"curies":[{"name":"wp","href":"https:\/\/api.w.org\/{rel}","templated":true}]}}