{"id":10047,"date":"2022-09-27T20:24:18","date_gmt":"2022-09-27T20:24:18","guid":{"rendered":"https:\/\/boutique-one-piece.com\/uncategorized\/figurine-one-piece-luffy-fluide-offensif\/"},"modified":"2024-09-16T11:56:43","modified_gmt":"2024-09-16T11:56:43","slug":"jednoczesciowa-figurka-luffyego-z-ofensywnym-plynem","status":"publish","type":"product","link":"https:\/\/boutique-one-piece.com\/pl\/figurki-one-piece\/jednoczesciowa-figurka-luffyego-z-ofensywnym-plynem\/","title":{"rendered":"One Piece Luffy Offensive Fluid Figure"},"content":{"rendered":"<h2>M\u0142ody piracie, zdob\u0105d\u017a ju\u017c teraz t\u0119 ofensywn\u0105, p\u0142ynn\u0105 figurk\u0119 Luffy&#039;ego z One Piece.<\/h2>\n<p><strong>Luffy<\/strong> Nie trzeba go nikomu przedstawia\u0107, ale oto kilka s\u0142\u00f3w o nim; ma \u015bwiatow\u0105 reputacj\u0119 cz\u0142owieka, kt\u00f3ry powoduje k\u0142opoty i katastrofy, nawet w\u015br\u00f3d Siedmiu Wodz\u00f3w M\u00f3rz i Marynarki Wojennej, posun\u0105\u0142 si\u0119 nawet do tego, \u017ce rzuci\u0142 wyzwanie dw\u00f3m z <strong>Czterech cesarzy<\/strong> (Big Mom i Kaido), a tak\u017ce pope\u0142niaj\u0105c przest\u0119pstwa i podejmuj\u0105c dzia\u0142ania uznane przez Rz\u0105d \u015awiatowy za niebezpieczne.<\/p>\n<p>W sprawie jego wykorzystania <strong>p\u0142yn o dzia\u0142aniu dra\u017cni\u0105cym<\/strong>, Powiniene\u015b wiedzie\u0107, \u017ce to tajemnicza moc z mangi One Piece, kt\u00f3ra pozwala u\u017cytkownikowi wykorzystywa\u0107 w\u0142asn\u0105 energi\u0119 duchow\u0105 do r\u00f3\u017cnych cel\u00f3w. Istniej\u0105 trzy rodzaje haki: Spostrzegawcze haki, Ofensywne haki i Zdobywcze haki. Tutaj m\u00f3wimy o Ofensywnym haki, kt\u00f3re daje u\u017cytkownikowi mo\u017cliwo\u015b\u0107 wykorzystania w\u0142asnej energii duchowej do stworzenia wok\u00f3\u0142 siebie niewidzialnej zbroi, zapewniaj\u0105cej niesamowite mo\u017cliwo\u015bci ofensywne i defensywne. Co wi\u0119cej, <a title=\"ONE PIECE ZORO OFFENSIVE FLUIDS FIGURKA\" href=\"https:\/\/boutique-one-piece.com\/pl\/figurki-one-piece\/produkty\/figurine-one-piece-+zoro-fluides-offensif\/\" target=\"_blank\" rel=\"noopener\">Figurka Zoro z p\u0142ynem ofensywnym<\/a> jest w Twoim zasi\u0119gu.<\/p>\n<h3>Czy posta\u0107 Luffy&#039;ego i jego ofensywny Haki Ci\u0119 urzek\u0142y? Je\u015bli tak, rozwijaj swoje Haki razem z nim.<\/h3>\n<p>Niezale\u017cnie od tego, czy jeste\u015b zagorza\u0142ym fanem, czy do\u015bwiadczonym kolekcjonerem, te przedmioty s\u0105 zdecydowanie dla Ciebie. Idealne na prezent, do dekoracji lub jako element kolekcji, wzbogac\u0105 Twoj\u0105 kolekcj\u0119. <strong>Tw\u00f3j wszech\u015bwiat One Piece<\/strong>. Nie wahaj si\u0119 d\u0142u\u017cej i skorzystaj z okazji, by pop\u0142yn\u0105\u0107 na pok\u0142adzie <strong>Tysi\u0105c S\u0142oneczny<\/strong> aby zdoby\u0107 skarb One Piece.<\/p>\n<h2>Informacje o figurce Luffy Offensive Fluid&nbsp;<\/h2>\n<ul>\n<li><span><b><u>Figurka One Piece<\/u><\/b>&nbsp;Figurka Premium One Piece dla prawdziwych pirat\u00f3w<\/span><\/li>\n<\/ul>\n<ul>\n<li>\n<b>Materia\u0142<\/b><span>&nbsp;<\/span>PCV<\/li>\n<\/ul>\n<ul>\n<li><span><strong>Wymiar<\/strong>&nbsp;: 20 cm<\/span><\/li>\n<\/ul>\n<ul>\n<li><span><strong>DARMOWA DOSTAWA<\/strong><\/span><\/li>\n<\/ul>","protected":false},"excerpt":{"rendered":"<p>Jeune pirate, procure-toi d\u00e8s maintenant cette Figurine One Piece Luffy fluide offensif. Luffy n&rsquo;est plus \u00e0 pr\u00e9senter, mais voici quelques mots le concernant ; Il a une r\u00e9putation mondiale pour avoir caus\u00e9 des troubles et des catastrophes, m\u00eame parmi les 7 Capitaines Corsaires et la Marine, en \u00e9tant all\u00e9 jusqu&rsquo;\u00e0 d\u00e9fier deux des Quatre Empereurs [&hellip;]<\/p>","protected":false},"featured_media":10049,"comment_status":"open","ping_status":"open","template":"","meta":[],"product_brand":[],"product_cat":[181,76],"product_tag":[92],"class_list":{"0":"post-10047","1":"product","2":"type-product","3":"status-publish","4":"has-post-thumbnail","6":"product_cat-figurines-monkey-d-luffy","7":"product_cat-figurines-one-piece","8":"product_tag-luffy","10":"first","11":"outofstock","12":"purchasable","13":"product-type-simple"},"yoast_head":"<!-- This site is optimized with the Yoast SEO plugin v27.5 - https:\/\/yoast.com\/product\/yoast-seo-wordpress\/ -->\n<title>Figurine One Piece Luffy fluide offensif | Figurine One Piece \u2013 Boutique One Piece<\/title>\n<meta name=\"description\" content=\"Jeune pirate, procure-toi d\u00e8s maintenant cette Figurine One Piece Luffy fluide offensif. Luffy n&#039;est plus \u00e0 pr\u00e9senter, mais voici quelques mots le concernant ; Il a une r\u00e9putation mondiale pour avoir caus\u00e9 des troubles et des catastrophes, m\u00eame parmi les 7 Capitaines Corsaires et la Marine, en \u00e9tant all\u00e9 jusqu&#039;\u00e0 d\u00e9fier\" \/>\n<meta name=\"robots\" content=\"index, follow, max-snippet:-1, max-image-preview:large, max-video-preview:-1\" \/>\n<link rel=\"canonical\" href=\"https:\/\/boutique-one-piece.com\/pl\/figurki-one-piece\/jednoczesciowa-figurka-luffyego-z-ofensywnym-plynem\/\" \/>\n<meta property=\"og:locale\" content=\"pl_PL\" \/>\n<meta property=\"og:type\" content=\"article\" \/>\n<meta property=\"og:title\" content=\"Figurine One Piece Luffy fluide offensif | Figurine One Piece \u2013 Boutique One Piece\" \/>\n<meta property=\"og:description\" content=\"Jeune pirate, procure-toi d\u00e8s maintenant cette Figurine One Piece Luffy fluide offensif. Luffy n&#039;est plus \u00e0 pr\u00e9senter, mais voici quelques mots le concernant ; Il a une r\u00e9putation mondiale pour avoir caus\u00e9 des troubles et des catastrophes, m\u00eame parmi les 7 Capitaines Corsaires et la Marine, en \u00e9tant all\u00e9 jusqu&#039;\u00e0 d\u00e9fier\" \/>\n<meta property=\"og:url\" content=\"https:\/\/boutique-one-piece.com\/pl\/figurki-one-piece\/jednoczesciowa-figurka-luffyego-z-ofensywnym-plynem\/\" \/>\n<meta property=\"og:site_name\" content=\"Boutique One Piece\" \/>\n<meta property=\"article:modified_time\" content=\"2024-09-16T11:56:43+00:00\" \/>\n<meta property=\"og:image\" content=\"https:\/\/boutique-one-piece.com\/wp-content\/uploads\/2022\/09\/Figurine-One-Piece-Luffy-fluide-offensif-1.jpg\" \/>\n\t<meta property=\"og:image:width\" content=\"800\" \/>\n\t<meta property=\"og:image:height\" content=\"800\" \/>\n\t<meta property=\"og:image:type\" content=\"image\/jpeg\" \/>\n<meta name=\"twitter:card\" content=\"summary_large_image\" \/>\n<meta name=\"twitter:label1\" content=\"Szacowany czas czytania\" \/>\n\t<meta name=\"twitter:data1\" content=\"2 minuty\" \/>\n<script type=\"application\/ld+json\" class=\"yoast-schema-graph\">{\"@context\":\"https:\\\/\\\/schema.org\",\"@graph\":[{\"@type\":\"WebPage\",\"@id\":\"https:\\\/\\\/boutique-one-piece.com\\\/figurines-one-piece\\\/figurine-one-piece-luffy-fluide-offensif\\\/\",\"url\":\"https:\\\/\\\/boutique-one-piece.com\\\/figurines-one-piece\\\/figurine-one-piece-luffy-fluide-offensif\\\/\",\"name\":\"Figurine One Piece Luffy fluide offensif | Figurine One Piece \u2013 Boutique One Piece\",\"isPartOf\":{\"@id\":\"https:\\\/\\\/boutique-one-piece.com\\\/#website\"},\"primaryImageOfPage\":{\"@id\":\"https:\\\/\\\/boutique-one-piece.com\\\/figurines-one-piece\\\/figurine-one-piece-luffy-fluide-offensif\\\/#primaryimage\"},\"image\":{\"@id\":\"https:\\\/\\\/boutique-one-piece.com\\\/figurines-one-piece\\\/figurine-one-piece-luffy-fluide-offensif\\\/#primaryimage\"},\"thumbnailUrl\":\"https:\\\/\\\/boutique-one-piece.com\\\/wp-content\\\/uploads\\\/2022\\\/09\\\/Figurine-One-Piece-Luffy-fluide-offensif-1.jpg\",\"datePublished\":\"2022-09-27T20:24:18+00:00\",\"dateModified\":\"2024-09-16T11:56:43+00:00\",\"description\":\"Jeune pirate, procure-toi d\u00e8s maintenant cette Figurine One Piece Luffy fluide offensif. Luffy n'est plus \u00e0 pr\u00e9senter, mais voici quelques mots le concernant ; Il a une r\u00e9putation mondiale pour avoir caus\u00e9 des troubles et des catastrophes, m\u00eame parmi les 7 Capitaines Corsaires et la Marine, en \u00e9tant all\u00e9 jusqu'\u00e0 d\u00e9fier\",\"breadcrumb\":{\"@id\":\"https:\\\/\\\/boutique-one-piece.com\\\/figurines-one-piece\\\/figurine-one-piece-luffy-fluide-offensif\\\/#breadcrumb\"},\"inLanguage\":\"pl-PL\",\"potentialAction\":[{\"@type\":\"ReadAction\",\"target\":[\"https:\\\/\\\/boutique-one-piece.com\\\/figurines-one-piece\\\/figurine-one-piece-luffy-fluide-offensif\\\/\"]}]},{\"@type\":\"ImageObject\",\"inLanguage\":\"pl-PL\",\"@id\":\"https:\\\/\\\/boutique-one-piece.com\\\/figurines-one-piece\\\/figurine-one-piece-luffy-fluide-offensif\\\/#primaryimage\",\"url\":\"https:\\\/\\\/boutique-one-piece.com\\\/wp-content\\\/uploads\\\/2022\\\/09\\\/Figurine-One-Piece-Luffy-fluide-offensif-1.jpg\",\"contentUrl\":\"https:\\\/\\\/boutique-one-piece.com\\\/wp-content\\\/uploads\\\/2022\\\/09\\\/Figurine-One-Piece-Luffy-fluide-offensif-1.jpg\",\"width\":800,\"height\":800},{\"@type\":\"BreadcrumbList\",\"@id\":\"https:\\\/\\\/boutique-one-piece.com\\\/figurines-one-piece\\\/figurine-one-piece-luffy-fluide-offensif\\\/#breadcrumb\",\"itemListElement\":[{\"@type\":\"ListItem\",\"position\":1,\"name\":\"Home\",\"item\":\"https:\\\/\\\/boutique-one-piece.com\\\/\"},{\"@type\":\"ListItem\",\"position\":2,\"name\":\"Shop\",\"item\":\"https:\\\/\\\/boutique-one-piece.com\\\/shop\\\/\"},{\"@type\":\"ListItem\",\"position\":3,\"name\":\"Figurine One Piece Luffy fluide offensif\"}]},{\"@type\":\"WebSite\",\"@id\":\"https:\\\/\\\/boutique-one-piece.com\\\/#website\",\"url\":\"https:\\\/\\\/boutique-one-piece.com\\\/\",\"name\":\"Boutique One Piece\",\"description\":\"Magasin Sp\u00e9cialis\u00e9 du Manga et l&#039;Anime One Piece\",\"publisher\":{\"@id\":\"https:\\\/\\\/boutique-one-piece.com\\\/#organization\"},\"potentialAction\":[{\"@type\":\"SearchAction\",\"target\":{\"@type\":\"EntryPoint\",\"urlTemplate\":\"https:\\\/\\\/boutique-one-piece.com\\\/?s={search_term_string}\"},\"query-input\":{\"@type\":\"PropertyValueSpecification\",\"valueRequired\":true,\"valueName\":\"search_term_string\"}}],\"inLanguage\":\"pl-PL\"},{\"@type\":\"Organization\",\"@id\":\"https:\\\/\\\/boutique-one-piece.com\\\/#organization\",\"name\":\"Boutique One Piece\",\"url\":\"https:\\\/\\\/boutique-one-piece.com\\\/\",\"logo\":{\"@type\":\"ImageObject\",\"inLanguage\":\"pl-PL\",\"@id\":\"https:\\\/\\\/boutique-one-piece.com\\\/#\\\/schema\\\/logo\\\/image\\\/\",\"url\":\"https:\\\/\\\/boutique-one-piece.com\\\/wp-content\\\/uploads\\\/2022\\\/09\\\/Logo-01.png\",\"contentUrl\":\"https:\\\/\\\/boutique-one-piece.com\\\/wp-content\\\/uploads\\\/2022\\\/09\\\/Logo-01.png\",\"width\":2318,\"height\":957,\"caption\":\"Boutique One Piece\"},\"image\":{\"@id\":\"https:\\\/\\\/boutique-one-piece.com\\\/#\\\/schema\\\/logo\\\/image\\\/\"}}]}<\/script>\n<!-- \/ Yoast SEO plugin. -->","yoast_head_json":{"title":"Figurka One Piece Luffy Offensive Fluid | Figurka One Piece \u2013 Sklep One Piece","description":"M\u0142ody piracie, zdob\u0105d\u017a t\u0119 figurk\u0119 One Piece Luffy&#039;ego w jego ofensywnej, p\u0142ynnej formie ju\u017c teraz! Luffy&#039;ego nie trzeba przedstawia\u0107, ale kilka s\u0142\u00f3w o nim: Ma \u015bwiatow\u0105 reputacj\u0119 jako sprawca k\u0142opot\u00f3w i katastrof, nawet w\u015br\u00f3d Siedmiu Wodz\u00f3w M\u00f3rz i Marynarki Wojennej, posuwaj\u0105c si\u0119 nawet do rzucania wyzwa\u0144...","robots":{"index":"index","follow":"follow","max-snippet":"max-snippet:-1","max-image-preview":"max-image-preview:large","max-video-preview":"max-video-preview:-1"},"canonical":"https:\/\/boutique-one-piece.com\/pl\/figurki-one-piece\/jednoczesciowa-figurka-luffyego-z-ofensywnym-plynem\/","og_locale":"pl_PL","og_type":"article","og_title":"Figurine One Piece Luffy fluide offensif | Figurine One Piece \u2013 Boutique One Piece","og_description":"Jeune pirate, procure-toi d\u00e8s maintenant cette Figurine One Piece Luffy fluide offensif. Luffy n'est plus \u00e0 pr\u00e9senter, mais voici quelques mots le concernant ; Il a une r\u00e9putation mondiale pour avoir caus\u00e9 des troubles et des catastrophes, m\u00eame parmi les 7 Capitaines Corsaires et la Marine, en \u00e9tant all\u00e9 jusqu'\u00e0 d\u00e9fier","og_url":"https:\/\/boutique-one-piece.com\/pl\/figurki-one-piece\/jednoczesciowa-figurka-luffyego-z-ofensywnym-plynem\/","og_site_name":"Boutique One Piece","article_modified_time":"2024-09-16T11:56:43+00:00","og_image":[{"width":800,"height":800,"url":"https:\/\/boutique-one-piece.com\/wp-content\/uploads\/2022\/09\/Figurine-One-Piece-Luffy-fluide-offensif-1.jpg","type":"image\/jpeg"}],"twitter_card":"summary_large_image","twitter_misc":{"Szacowany czas czytania":"2 minuty"},"schema":{"@context":"https:\/\/schema.org","@graph":[{"@type":"WebPage","@id":"https:\/\/boutique-one-piece.com\/figurines-one-piece\/figurine-one-piece-luffy-fluide-offensif\/","url":"https:\/\/boutique-one-piece.com\/figurines-one-piece\/figurine-one-piece-luffy-fluide-offensif\/","name":"Figurka One Piece Luffy Offensive Fluid | Figurka One Piece \u2013 Sklep One Piece","isPartOf":{"@id":"https:\/\/boutique-one-piece.com\/#website"},"primaryImageOfPage":{"@id":"https:\/\/boutique-one-piece.com\/figurines-one-piece\/figurine-one-piece-luffy-fluide-offensif\/#primaryimage"},"image":{"@id":"https:\/\/boutique-one-piece.com\/figurines-one-piece\/figurine-one-piece-luffy-fluide-offensif\/#primaryimage"},"thumbnailUrl":"https:\/\/boutique-one-piece.com\/wp-content\/uploads\/2022\/09\/Figurine-One-Piece-Luffy-fluide-offensif-1.jpg","datePublished":"2022-09-27T20:24:18+00:00","dateModified":"2024-09-16T11:56:43+00:00","description":"M\u0142ody piracie, zdob\u0105d\u017a t\u0119 figurk\u0119 One Piece Luffy&#039;ego w jego ofensywnej, p\u0142ynnej formie ju\u017c teraz! Luffy&#039;ego nie trzeba przedstawia\u0107, ale kilka s\u0142\u00f3w o nim: Ma \u015bwiatow\u0105 reputacj\u0119 jako sprawca k\u0142opot\u00f3w i katastrof, nawet w\u015br\u00f3d Siedmiu Wodz\u00f3w M\u00f3rz i Marynarki Wojennej, posuwaj\u0105c si\u0119 nawet do rzucania wyzwa\u0144...","breadcrumb":{"@id":"https:\/\/boutique-one-piece.com\/figurines-one-piece\/figurine-one-piece-luffy-fluide-offensif\/#breadcrumb"},"inLanguage":"pl-PL","potentialAction":[{"@type":"ReadAction","target":["https:\/\/boutique-one-piece.com\/figurines-one-piece\/figurine-one-piece-luffy-fluide-offensif\/"]}]},{"@type":"ImageObject","inLanguage":"pl-PL","@id":"https:\/\/boutique-one-piece.com\/figurines-one-piece\/figurine-one-piece-luffy-fluide-offensif\/#primaryimage","url":"https:\/\/boutique-one-piece.com\/wp-content\/uploads\/2022\/09\/Figurine-One-Piece-Luffy-fluide-offensif-1.jpg","contentUrl":"https:\/\/boutique-one-piece.com\/wp-content\/uploads\/2022\/09\/Figurine-One-Piece-Luffy-fluide-offensif-1.jpg","width":800,"height":800},{"@type":"BreadcrumbList","@id":"https:\/\/boutique-one-piece.com\/figurines-one-piece\/figurine-one-piece-luffy-fluide-offensif\/#breadcrumb","itemListElement":[{"@type":"ListItem","position":1,"name":"Home","item":"https:\/\/boutique-one-piece.com\/"},{"@type":"ListItem","position":2,"name":"Shop","item":"https:\/\/boutique-one-piece.com\/shop\/"},{"@type":"ListItem","position":3,"name":"Figurine One Piece Luffy fluide offensif"}]},{"@type":"WebSite","@id":"https:\/\/boutique-one-piece.com\/#website","url":"https:\/\/boutique-one-piece.com\/","name":"One Piece Shop","description":"Sklep specjalistyczny z mang\u0105 i anime One Piece","publisher":{"@id":"https:\/\/boutique-one-piece.com\/#organization"},"potentialAction":[{"@type":"SearchAction","target":{"@type":"EntryPoint","urlTemplate":"https:\/\/boutique-one-piece.com\/?s={search_term_string}"},"query-input":{"@type":"PropertyValueSpecification","valueRequired":true,"valueName":"search_term_string"}}],"inLanguage":"pl-PL"},{"@type":"Organization","@id":"https:\/\/boutique-one-piece.com\/#organization","name":"One Piece Shop","url":"https:\/\/boutique-one-piece.com\/","logo":{"@type":"ImageObject","inLanguage":"pl-PL","@id":"https:\/\/boutique-one-piece.com\/#\/schema\/logo\/image\/","url":"https:\/\/boutique-one-piece.com\/wp-content\/uploads\/2022\/09\/Logo-01.png","contentUrl":"https:\/\/boutique-one-piece.com\/wp-content\/uploads\/2022\/09\/Logo-01.png","width":2318,"height":957,"caption":"Boutique One Piece"},"image":{"@id":"https:\/\/boutique-one-piece.com\/#\/schema\/logo\/image\/"}}]}},"_links":{"self":[{"href":"https:\/\/boutique-one-piece.com\/pl\/wp-json\/wp\/v2\/product\/10047","targetHints":{"allow":["GET"]}}],"collection":[{"href":"https:\/\/boutique-one-piece.com\/pl\/wp-json\/wp\/v2\/product"}],"about":[{"href":"https:\/\/boutique-one-piece.com\/pl\/wp-json\/wp\/v2\/types\/product"}],"replies":[{"embeddable":true,"href":"https:\/\/boutique-one-piece.com\/pl\/wp-json\/wp\/v2\/comments?post=10047"}],"wp:featuredmedia":[{"embeddable":true,"href":"https:\/\/boutique-one-piece.com\/pl\/wp-json\/wp\/v2\/media\/10049"}],"wp:attachment":[{"href":"https:\/\/boutique-one-piece.com\/pl\/wp-json\/wp\/v2\/media?parent=10047"}],"wp:term":[{"taxonomy":"product_brand","embeddable":true,"href":"https:\/\/boutique-one-piece.com\/pl\/wp-json\/wp\/v2\/product_brand?post=10047"},{"taxonomy":"product_cat","embeddable":true,"href":"https:\/\/boutique-one-piece.com\/pl\/wp-json\/wp\/v2\/product_cat?post=10047"},{"taxonomy":"product_tag","embeddable":true,"href":"https:\/\/boutique-one-piece.com\/pl\/wp-json\/wp\/v2\/product_tag?post=10047"}],"curies":[{"name":"wp","href":"https:\/\/api.w.org\/{rel}","templated":true}]}}