{"id":10130,"date":"2022-09-27T20:32:36","date_gmt":"2022-09-27T20:32:36","guid":{"rendered":"https:\/\/boutique-one-piece.com\/uncategorized\/replique-one-piece-vogue-merry\/"},"modified":"2024-09-16T11:58:32","modified_gmt":"2024-09-16T11:58:32","slug":"replika-one-piece-vogue-merry","status":"publish","type":"product","link":"https:\/\/boutique-one-piece.com\/pl\/figurki-one-piece\/replika-one-piece-vogue-merry\/","title":{"rendered":"Vogue Merry Boat"},"content":{"rendered":"<h2>M\u0142ody piracie, nadszed\u0142 czas, aby\u015b zdoby\u0142 figurk\u0119 One Piece Vogue Merry.<\/h2>\n<p>Na przypomnienie, <strong>Vogue Merry<\/strong>, Statek, cz\u0119sto pieszczotliwie nazywany \u201eMerry\u201d, by\u0142 pierwszym statkiem za\u0142ogi S\u0142omkowego Kapelusza. Z czasem statek sta\u0142 si\u0119 tak ukochanym przez za\u0142og\u0119 domem, \u017ce dos\u0142ownie nabra\u0142 w\u0142asnej osobowo\u015bci i by\u0142 traktowany jak cz\u0142onek za\u0142ogi, jak ka\u017cdy inny cz\u0142onek.<\/p>\n<p>Niestety, Going Merry dozna\u0142 ogromnych uszkodze\u0144 podczas swojej s\u0142u\u017cby. Oczywi\u015bcie, statek nie m\u00f3g\u0142 ju\u017c kontynuowa\u0107 s\u0142u\u017cby. Dlatego po dotarciu do Water 7, odby\u0142 si\u0119 jego pogrzeb w stylu wiking\u00f3w. Statek ten zosta\u0142 p\u00f3\u017aniej zast\u0105piony przez <strong>Tysi\u0105c S\u0142oneczny<\/strong>. Co wi\u0119cej, <a title=\"ONE PIECE THOUSAND SUNNY REPLICA\" href=\"https:\/\/boutique-one-piece.com\/pl\/replika-one-piece-tysiac-sloneczny\/\" target=\"_blank\" rel=\"noopener\">replika Thousand Sunny<\/a> jest w Twoim zasi\u0119gu.<\/p>\n<h3>Zafascynowany kultowym Going Merry? Je\u015bli tak, to na co czekasz? Wejd\u017a na pok\u0142ad i do\u0142\u0105cz do za\u0142ogi Monkey D. Luffy&#039;ego.<\/h3>\n<p>One Piece to seria <strong>sh\u014dnen manga<\/strong>. We\u017a udzia\u0142 w przygodzie i zosta\u0144 jednym z cz\u0142onk\u00f3w za\u0142ogi <strong>S\u0142omkowy kapelusz<\/strong>. Te przedmioty pozwol\u0105 Ci zanurzy\u0107 si\u0119 w Twoim ulubionym animowanym uniwersum. Nie czekaj wi\u0119c d\u0142u\u017cej i skorzystaj z okazji, by prze\u017cy\u0107 ekscytuj\u0105ce przygody.<\/p>\n<h2>Informacje o figurce Vogue Merry\u00a0<\/h2>\n<ul>\n<li><span><b><u>Figurka One Piece<\/u><\/b>\u00a0Figurka Premium One Piece dla prawdziwych pirat\u00f3w<\/span><\/li>\n<\/ul>\n<ul>\n<li>\n<b>Materia\u0142<\/b><span>\u00a0<\/span>PCV<\/li>\n<\/ul>\n<ul>\n<li><span><strong>Wymiar<\/strong>\u00a0: 28 cm<\/span><\/li>\n<\/ul>\n<ul>\n<li><span><strong>DARMOWA DOSTAWA<\/strong><\/span><\/li>\n<\/ul>","protected":false},"excerpt":{"rendered":"<p>Jeune pirate, le moment est venu pour toi de te procurer cette\u00a0Figurine One piece Vogue Merry. Pour rappel, Le Vogue Merry, souvent tendrement appel\u00e9 Merry, \u00e9tait le premier navire de L&rsquo;\u00c9quipage du Chapeau de Paille. Au fil du temps, le navire se fait si aimer par l&rsquo;\u00e9quipage en tant que maison qu&rsquo;il s&rsquo;est litt\u00e9ralement constitu\u00e9 [&hellip;]<\/p>","protected":false},"featured_media":10132,"comment_status":"open","ping_status":"open","template":"","meta":[],"product_brand":[],"product_cat":[76],"product_tag":[138,324],"class_list":{"0":"post-10130","1":"product","2":"type-product","3":"status-publish","4":"has-post-thumbnail","6":"product_cat-figurines-one-piece","7":"product_tag-bateau","8":"product_tag-vogue-merry","10":"first","11":"instock","12":"purchasable","13":"product-type-simple"},"yoast_head":"<!-- This site is optimized with the Yoast SEO plugin v27.5 - https:\/\/yoast.com\/product\/yoast-seo-wordpress\/ -->\n<title>Figurine Vogue Merry One Piece | Boutique One Piece<\/title>\n<meta name=\"description\" content=\"Jeune pirate, le moment est venu pour toi de te procurer cette\u00a0Figurine One piece Vogue Merry. Pour rappel, Le Vogue Merry, souvent tendrement appel\u00e9 Merry, \u00e9tait le premier navire de L&#039;\u00c9quipage du Chapeau de Paille. Au fil du temps, le navire se fait si aimer par l&#039;\u00e9quipage en tant que maison qu&#039;il s&#039;est litt\u00e9ralement\" \/>\n<meta name=\"robots\" content=\"index, follow, max-snippet:-1, max-image-preview:large, max-video-preview:-1\" \/>\n<link rel=\"canonical\" href=\"https:\/\/boutique-one-piece.com\/pl\/figurki-one-piece\/replika-one-piece-vogue-merry\/\" \/>\n<meta property=\"og:locale\" content=\"pl_PL\" \/>\n<meta property=\"og:type\" content=\"article\" \/>\n<meta property=\"og:title\" content=\"Figurine Vogue Merry One Piece | Boutique One Piece\" \/>\n<meta property=\"og:description\" content=\"Jeune pirate, le moment est venu pour toi de te procurer cette\u00a0Figurine One piece Vogue Merry. Pour rappel, Le Vogue Merry, souvent tendrement appel\u00e9 Merry, \u00e9tait le premier navire de L&#039;\u00c9quipage du Chapeau de Paille. Au fil du temps, le navire se fait si aimer par l&#039;\u00e9quipage en tant que maison qu&#039;il s&#039;est litt\u00e9ralement\" \/>\n<meta property=\"og:url\" content=\"https:\/\/boutique-one-piece.com\/pl\/figurki-one-piece\/replika-one-piece-vogue-merry\/\" \/>\n<meta property=\"og:site_name\" content=\"Boutique One Piece\" \/>\n<meta property=\"article:modified_time\" content=\"2024-09-16T11:58:32+00:00\" \/>\n<meta property=\"og:image\" content=\"https:\/\/boutique-one-piece.com\/wp-content\/uploads\/2022\/09\/Bateau-Vogue-Merry-1.jpg\" \/>\n\t<meta property=\"og:image:width\" content=\"800\" \/>\n\t<meta property=\"og:image:height\" content=\"800\" \/>\n\t<meta property=\"og:image:type\" content=\"image\/jpeg\" \/>\n<meta name=\"twitter:card\" content=\"summary_large_image\" \/>\n<meta name=\"twitter:label1\" content=\"Szacowany czas czytania\" \/>\n\t<meta name=\"twitter:data1\" content=\"1 minuta\" \/>\n<script type=\"application\/ld+json\" class=\"yoast-schema-graph\">{\"@context\":\"https:\\\/\\\/schema.org\",\"@graph\":[{\"@type\":\"WebPage\",\"@id\":\"https:\\\/\\\/boutique-one-piece.com\\\/figurines-one-piece\\\/replique-one-piece-vogue-merry\\\/\",\"url\":\"https:\\\/\\\/boutique-one-piece.com\\\/figurines-one-piece\\\/replique-one-piece-vogue-merry\\\/\",\"name\":\"Figurine Vogue Merry One Piece | Boutique One Piece\",\"isPartOf\":{\"@id\":\"https:\\\/\\\/boutique-one-piece.com\\\/#website\"},\"primaryImageOfPage\":{\"@id\":\"https:\\\/\\\/boutique-one-piece.com\\\/figurines-one-piece\\\/replique-one-piece-vogue-merry\\\/#primaryimage\"},\"image\":{\"@id\":\"https:\\\/\\\/boutique-one-piece.com\\\/figurines-one-piece\\\/replique-one-piece-vogue-merry\\\/#primaryimage\"},\"thumbnailUrl\":\"https:\\\/\\\/boutique-one-piece.com\\\/wp-content\\\/uploads\\\/2022\\\/09\\\/Bateau-Vogue-Merry-1.jpg\",\"datePublished\":\"2022-09-27T20:32:36+00:00\",\"dateModified\":\"2024-09-16T11:58:32+00:00\",\"description\":\"Jeune pirate, le moment est venu pour toi de te procurer cette\u00a0Figurine One piece Vogue Merry. Pour rappel, Le Vogue Merry, souvent tendrement appel\u00e9 Merry, \u00e9tait le premier navire de L'\u00c9quipage du Chapeau de Paille. Au fil du temps, le navire se fait si aimer par l'\u00e9quipage en tant que maison qu'il s'est litt\u00e9ralement\",\"breadcrumb\":{\"@id\":\"https:\\\/\\\/boutique-one-piece.com\\\/figurines-one-piece\\\/replique-one-piece-vogue-merry\\\/#breadcrumb\"},\"inLanguage\":\"pl-PL\",\"potentialAction\":[{\"@type\":\"ReadAction\",\"target\":[\"https:\\\/\\\/boutique-one-piece.com\\\/figurines-one-piece\\\/replique-one-piece-vogue-merry\\\/\"]}]},{\"@type\":\"ImageObject\",\"inLanguage\":\"pl-PL\",\"@id\":\"https:\\\/\\\/boutique-one-piece.com\\\/figurines-one-piece\\\/replique-one-piece-vogue-merry\\\/#primaryimage\",\"url\":\"https:\\\/\\\/boutique-one-piece.com\\\/wp-content\\\/uploads\\\/2022\\\/09\\\/Bateau-Vogue-Merry-1.jpg\",\"contentUrl\":\"https:\\\/\\\/boutique-one-piece.com\\\/wp-content\\\/uploads\\\/2022\\\/09\\\/Bateau-Vogue-Merry-1.jpg\",\"width\":800,\"height\":800},{\"@type\":\"BreadcrumbList\",\"@id\":\"https:\\\/\\\/boutique-one-piece.com\\\/figurines-one-piece\\\/replique-one-piece-vogue-merry\\\/#breadcrumb\",\"itemListElement\":[{\"@type\":\"ListItem\",\"position\":1,\"name\":\"Home\",\"item\":\"https:\\\/\\\/boutique-one-piece.com\\\/\"},{\"@type\":\"ListItem\",\"position\":2,\"name\":\"Shop\",\"item\":\"https:\\\/\\\/boutique-one-piece.com\\\/shop\\\/\"},{\"@type\":\"ListItem\",\"position\":3,\"name\":\"Bateau Vogue Merry\"}]},{\"@type\":\"WebSite\",\"@id\":\"https:\\\/\\\/boutique-one-piece.com\\\/#website\",\"url\":\"https:\\\/\\\/boutique-one-piece.com\\\/\",\"name\":\"Boutique One Piece\",\"description\":\"Magasin Sp\u00e9cialis\u00e9 du Manga et l&#039;Anime One Piece\",\"publisher\":{\"@id\":\"https:\\\/\\\/boutique-one-piece.com\\\/#organization\"},\"potentialAction\":[{\"@type\":\"SearchAction\",\"target\":{\"@type\":\"EntryPoint\",\"urlTemplate\":\"https:\\\/\\\/boutique-one-piece.com\\\/?s={search_term_string}\"},\"query-input\":{\"@type\":\"PropertyValueSpecification\",\"valueRequired\":true,\"valueName\":\"search_term_string\"}}],\"inLanguage\":\"pl-PL\"},{\"@type\":\"Organization\",\"@id\":\"https:\\\/\\\/boutique-one-piece.com\\\/#organization\",\"name\":\"Boutique One Piece\",\"url\":\"https:\\\/\\\/boutique-one-piece.com\\\/\",\"logo\":{\"@type\":\"ImageObject\",\"inLanguage\":\"pl-PL\",\"@id\":\"https:\\\/\\\/boutique-one-piece.com\\\/#\\\/schema\\\/logo\\\/image\\\/\",\"url\":\"https:\\\/\\\/boutique-one-piece.com\\\/wp-content\\\/uploads\\\/2022\\\/09\\\/Logo-01.png\",\"contentUrl\":\"https:\\\/\\\/boutique-one-piece.com\\\/wp-content\\\/uploads\\\/2022\\\/09\\\/Logo-01.png\",\"width\":2318,\"height\":957,\"caption\":\"Boutique One Piece\"},\"image\":{\"@id\":\"https:\\\/\\\/boutique-one-piece.com\\\/#\\\/schema\\\/logo\\\/image\\\/\"}}]}<\/script>\n<!-- \/ Yoast SEO plugin. -->","yoast_head_json":{"title":"Vogue Merry One Piece Figure | Sklep One Piece","description":"M\u0142ody piracie, nadszed\u0142 czas, aby\u015b zdoby\u0142 figurk\u0119 One Piece Going Merry. Przypominamy, \u017ce Going Merry, cz\u0119sto pieszczotliwie nazywany Merry, by\u0142 pierwszym statkiem za\u0142ogi S\u0142omkowego Kapelusza. Z czasem statek sta\u0142 si\u0119 tak ukochany przez za\u0142og\u0119, \u017ce dos\u0142ownie sta\u0142 si\u0119 ich domem.","robots":{"index":"index","follow":"follow","max-snippet":"max-snippet:-1","max-image-preview":"max-image-preview:large","max-video-preview":"max-video-preview:-1"},"canonical":"https:\/\/boutique-one-piece.com\/pl\/figurki-one-piece\/replika-one-piece-vogue-merry\/","og_locale":"pl_PL","og_type":"article","og_title":"Figurine Vogue Merry One Piece | Boutique One Piece","og_description":"Jeune pirate, le moment est venu pour toi de te procurer cette\u00a0Figurine One piece Vogue Merry. Pour rappel, Le Vogue Merry, souvent tendrement appel\u00e9 Merry, \u00e9tait le premier navire de L'\u00c9quipage du Chapeau de Paille. Au fil du temps, le navire se fait si aimer par l'\u00e9quipage en tant que maison qu'il s'est litt\u00e9ralement","og_url":"https:\/\/boutique-one-piece.com\/pl\/figurki-one-piece\/replika-one-piece-vogue-merry\/","og_site_name":"Boutique One Piece","article_modified_time":"2024-09-16T11:58:32+00:00","og_image":[{"width":800,"height":800,"url":"https:\/\/boutique-one-piece.com\/wp-content\/uploads\/2022\/09\/Bateau-Vogue-Merry-1.jpg","type":"image\/jpeg"}],"twitter_card":"summary_large_image","twitter_misc":{"Szacowany czas czytania":"1 minuta"},"schema":{"@context":"https:\/\/schema.org","@graph":[{"@type":"WebPage","@id":"https:\/\/boutique-one-piece.com\/figurines-one-piece\/replique-one-piece-vogue-merry\/","url":"https:\/\/boutique-one-piece.com\/figurines-one-piece\/replique-one-piece-vogue-merry\/","name":"Vogue Merry One Piece Figure | Sklep One Piece","isPartOf":{"@id":"https:\/\/boutique-one-piece.com\/#website"},"primaryImageOfPage":{"@id":"https:\/\/boutique-one-piece.com\/figurines-one-piece\/replique-one-piece-vogue-merry\/#primaryimage"},"image":{"@id":"https:\/\/boutique-one-piece.com\/figurines-one-piece\/replique-one-piece-vogue-merry\/#primaryimage"},"thumbnailUrl":"https:\/\/boutique-one-piece.com\/wp-content\/uploads\/2022\/09\/Bateau-Vogue-Merry-1.jpg","datePublished":"2022-09-27T20:32:36+00:00","dateModified":"2024-09-16T11:58:32+00:00","description":"M\u0142ody piracie, nadszed\u0142 czas, aby\u015b zdoby\u0142 figurk\u0119 One Piece Going Merry. Przypominamy, \u017ce Going Merry, cz\u0119sto pieszczotliwie nazywany Merry, by\u0142 pierwszym statkiem za\u0142ogi S\u0142omkowego Kapelusza. Z czasem statek sta\u0142 si\u0119 tak ukochany przez za\u0142og\u0119, \u017ce dos\u0142ownie sta\u0142 si\u0119 ich domem.","breadcrumb":{"@id":"https:\/\/boutique-one-piece.com\/figurines-one-piece\/replique-one-piece-vogue-merry\/#breadcrumb"},"inLanguage":"pl-PL","potentialAction":[{"@type":"ReadAction","target":["https:\/\/boutique-one-piece.com\/figurines-one-piece\/replique-one-piece-vogue-merry\/"]}]},{"@type":"ImageObject","inLanguage":"pl-PL","@id":"https:\/\/boutique-one-piece.com\/figurines-one-piece\/replique-one-piece-vogue-merry\/#primaryimage","url":"https:\/\/boutique-one-piece.com\/wp-content\/uploads\/2022\/09\/Bateau-Vogue-Merry-1.jpg","contentUrl":"https:\/\/boutique-one-piece.com\/wp-content\/uploads\/2022\/09\/Bateau-Vogue-Merry-1.jpg","width":800,"height":800},{"@type":"BreadcrumbList","@id":"https:\/\/boutique-one-piece.com\/figurines-one-piece\/replique-one-piece-vogue-merry\/#breadcrumb","itemListElement":[{"@type":"ListItem","position":1,"name":"Home","item":"https:\/\/boutique-one-piece.com\/"},{"@type":"ListItem","position":2,"name":"Shop","item":"https:\/\/boutique-one-piece.com\/shop\/"},{"@type":"ListItem","position":3,"name":"Bateau Vogue Merry"}]},{"@type":"WebSite","@id":"https:\/\/boutique-one-piece.com\/#website","url":"https:\/\/boutique-one-piece.com\/","name":"One Piece Shop","description":"Sklep specjalistyczny z mang\u0105 i anime One Piece","publisher":{"@id":"https:\/\/boutique-one-piece.com\/#organization"},"potentialAction":[{"@type":"SearchAction","target":{"@type":"EntryPoint","urlTemplate":"https:\/\/boutique-one-piece.com\/?s={search_term_string}"},"query-input":{"@type":"PropertyValueSpecification","valueRequired":true,"valueName":"search_term_string"}}],"inLanguage":"pl-PL"},{"@type":"Organization","@id":"https:\/\/boutique-one-piece.com\/#organization","name":"One Piece Shop","url":"https:\/\/boutique-one-piece.com\/","logo":{"@type":"ImageObject","inLanguage":"pl-PL","@id":"https:\/\/boutique-one-piece.com\/#\/schema\/logo\/image\/","url":"https:\/\/boutique-one-piece.com\/wp-content\/uploads\/2022\/09\/Logo-01.png","contentUrl":"https:\/\/boutique-one-piece.com\/wp-content\/uploads\/2022\/09\/Logo-01.png","width":2318,"height":957,"caption":"Boutique One Piece"},"image":{"@id":"https:\/\/boutique-one-piece.com\/#\/schema\/logo\/image\/"}}]}},"_links":{"self":[{"href":"https:\/\/boutique-one-piece.com\/pl\/wp-json\/wp\/v2\/product\/10130","targetHints":{"allow":["GET"]}}],"collection":[{"href":"https:\/\/boutique-one-piece.com\/pl\/wp-json\/wp\/v2\/product"}],"about":[{"href":"https:\/\/boutique-one-piece.com\/pl\/wp-json\/wp\/v2\/types\/product"}],"replies":[{"embeddable":true,"href":"https:\/\/boutique-one-piece.com\/pl\/wp-json\/wp\/v2\/comments?post=10130"}],"wp:featuredmedia":[{"embeddable":true,"href":"https:\/\/boutique-one-piece.com\/pl\/wp-json\/wp\/v2\/media\/10132"}],"wp:attachment":[{"href":"https:\/\/boutique-one-piece.com\/pl\/wp-json\/wp\/v2\/media?parent=10130"}],"wp:term":[{"taxonomy":"product_brand","embeddable":true,"href":"https:\/\/boutique-one-piece.com\/pl\/wp-json\/wp\/v2\/product_brand?post=10130"},{"taxonomy":"product_cat","embeddable":true,"href":"https:\/\/boutique-one-piece.com\/pl\/wp-json\/wp\/v2\/product_cat?post=10130"},{"taxonomy":"product_tag","embeddable":true,"href":"https:\/\/boutique-one-piece.com\/pl\/wp-json\/wp\/v2\/product_tag?post=10130"}],"curies":[{"name":"wp","href":"https:\/\/api.w.org\/{rel}","templated":true}]}}