{"id":10206,"date":"2022-09-27T20:33:02","date_gmt":"2022-09-27T20:33:02","guid":{"rendered":"https:\/\/boutique-one-piece.com\/uncategorized\/avis-de-recherche-donquixote-doflamingo-wanted\/"},"modified":"2024-09-16T15:25:23","modified_gmt":"2024-09-16T15:25:23","slug":"plakat-gonczy-donquixote-doflamingo","status":"publish","type":"product","link":"https:\/\/boutique-one-piece.com\/pl\/plakat-poszukiwany-one-piece\/plakat-gonczy-donquixote-doflamingo\/","title":{"rendered":"Og\u0142oszenie o poszukiwaniu Donquixote Doflamingo"},"content":{"rendered":"<h2>Je\u015bli lubisz nienawidzi\u0107 jakiej\u015b postaci, ten plakat go\u0144czy Donquixote Doflamingo sprawi ci rado\u015b\u0107.<\/h2>\n<p>Donquixote Doflamingo jest g\u0142\u00f3wnym antagonist\u0105 \u0142uku <strong>Dressrosa<\/strong>, Jest r\u00f3wnie\u017c jednym z antagonist\u00f3w Marineford. Jest przyw\u00f3dc\u0105 <strong>Ruch u\u015bmiechni\u0119ty<\/strong>, Sztuczne Diabelskie Owoce, kt\u00f3re sprzedaje Kaido. Doflamingo rz\u0105dzi Dressros\u0105, gdzie przybywa pod postaci\u0105 wybawcy wyspy, aby zyska\u0107 przychylno\u015b\u0107 mieszka\u0144c\u00f3w. Manipulowa\u0142 kr\u00f3lem jak marionetk\u0105, u\u017cywaj\u0105c Diabelskiego Owocu do atakowania ludzi, a nast\u0119pnie pokona\u0142 go i sta\u0142 si\u0119 bohaterem dla ludu.<\/p>\n<p>Zjad\u0142 diabelski owoc <strong>Ito Ito no mi<\/strong>, co pozwala mu u\u017cywa\u0107 napi\u0119tych lin do wzbijania si\u0119 w powietrze, wykonywania ci\u0119tych atak\u00f3w z dystansu, ale tak\u017ce manipulowania kim\u015b jak marionetk\u0105 za pomoc\u0105 lin przymocowanych do wszystkich ko\u0144czyn manipulowanej osoby.<\/p>\n<h3>Chro\u0144 sw\u00f3j pok\u00f3j za pomoc\u0105 plakatu z wizerunkiem ptaka \u00abKlatka dla ptak\u00f3w\u00bb z wizerunkiem Doflamingo.<\/h3>\n<p>Donquixote Doflamingo ma r\u00f3wnie\u017c bogat\u0105 przesz\u0142o\u015b\u0107 <strong>Prawo Trafalgarskie<\/strong>, Poniewa\u017c chcia\u0142 do\u0142\u0105czy\u0107 do za\u0142ogi Doflamingo i zosta\u0142 wzi\u0119ty pod swoje skrzyd\u0142a przez swojego brata, Rossinante. Rossinante zawsze opiekowa\u0142 si\u0119 Trafalgarem i stara\u0142 si\u0119 za wszelk\u0105 cen\u0119 wyleczy\u0107 go z choroby. Zosta\u0142 zabity przez Doflamingo, gdy dowiedzia\u0142 si\u0119, \u017ce Rossinante jest szpiegiem marines, a Trafalgar zawsze pragn\u0105\u0142 zemsty na Doflamingo. Za g\u0142ow\u0119 Doflamingo wyznaczono nagrod\u0119 w wysoko\u015bci 340 milion\u00f3w jag\u00f3d.<\/p>\n<p>Je\u015bli jeste\u015b wielkim fanem nagr\u00f3d, rzu\u0107 okiem na\u2019<a title=\"Og\u0142oszenie o poszukiwaniu Thatch\" href=\"https:\/\/boutique-one-piece.com\/pl\/avis-de-recherche-thatch-wanted\/\" target=\"_blank\" rel=\"noopener noreferrer\">Thatch chcia\u0142 zawiadomienia<\/a>.<\/p>\n<h2>Informacje o plakacie One Piece Wanted Donquixote Doflamingo<\/h2>\n<ul>\n<li><b><u>Plakat poszukiwany One Piece<\/u><\/b> Prawdziwy plakat poszukiwany za bycie prawdziwym piratem One Piece<\/li>\n<\/ul>\n<ul>\n<li><b><u>Dary Donquixote Doflamingo<\/u><\/b> 340 000 000 jag\u00f3d<\/li>\n<\/ul>\n<ul>\n<li><strong>Wysoka jako\u015b\u0107 druku<\/strong> dok\u0142adne kolory<\/li>\n<\/ul>\n<ul>\n<li><strong>DARMOWA DOSTAWA<\/strong><\/li>\n<\/ul>","protected":false},"excerpt":{"rendered":"<p>Si tu aimes d\u00e9tester un personnage, cet Avis de Recherche de Donquixote Doflamingo va faire ton bonheur. Donquixote Doflamingo est l&rsquo;antagoniste principal de l&rsquo;arc Dressrosa, il fait \u00e9galement partie des antagonistes de Marineford. Il est \u00e0 la t\u00eate d&rsquo;un trafic de Smile, des fruits du d\u00e9mon artificiels qu&rsquo;il vend \u00e0 Kaido. Doflamingo r\u00e8gne sur Dressrosa [&hellip;]<\/p>","protected":false},"featured_media":10208,"comment_status":"open","ping_status":"open","template":"","meta":[],"product_brand":[],"product_cat":[171],"product_tag":[325],"class_list":{"0":"post-10206","1":"product","2":"type-product","3":"status-publish","4":"has-post-thumbnail","6":"product_cat-avis-de-recherche-one-piece","7":"product_tag-avalo-pizarro","9":"first","10":"instock","11":"purchasable","12":"product-type-variable"},"yoast_head":"<!-- This site is optimized with the Yoast SEO plugin v27.5 - https:\/\/yoast.com\/product\/yoast-seo-wordpress\/ -->\n<title>Avis De Recherche Donquixote Doflamingo Wanted | Boutique One Piece<\/title>\n<meta name=\"description\" content=\"Si tu aimes d\u00e9tester un personnage, cet Avis de Recherche de Donquixote Doflamingo va faire ton bonheur. Donquixote Doflamingo est l&#039;antagoniste principal de l&#039;arc Dressrosa, il fait \u00e9galement partie des antagonistes de Marineford. Il est \u00e0 la t\u00eate d&#039;un trafic de Smile, des fruits du d\u00e9mon artificiels qu&#039;il vend \u00e0 Kaid\" \/>\n<meta name=\"robots\" content=\"index, follow, max-snippet:-1, max-image-preview:large, max-video-preview:-1\" \/>\n<link rel=\"canonical\" href=\"https:\/\/boutique-one-piece.com\/pl\/plakat-poszukiwany-one-piece\/plakat-gonczy-donquixote-doflamingo\/\" \/>\n<meta property=\"og:locale\" content=\"pl_PL\" \/>\n<meta property=\"og:type\" content=\"article\" \/>\n<meta property=\"og:title\" content=\"Avis De Recherche Donquixote Doflamingo Wanted | Boutique One Piece\" \/>\n<meta property=\"og:description\" content=\"Si tu aimes d\u00e9tester un personnage, cet Avis de Recherche de Donquixote Doflamingo va faire ton bonheur. Donquixote Doflamingo est l&#039;antagoniste principal de l&#039;arc Dressrosa, il fait \u00e9galement partie des antagonistes de Marineford. Il est \u00e0 la t\u00eate d&#039;un trafic de Smile, des fruits du d\u00e9mon artificiels qu&#039;il vend \u00e0 Kaid\" \/>\n<meta property=\"og:url\" content=\"https:\/\/boutique-one-piece.com\/pl\/plakat-poszukiwany-one-piece\/plakat-gonczy-donquixote-doflamingo\/\" \/>\n<meta property=\"og:site_name\" content=\"Boutique One Piece\" \/>\n<meta property=\"article:modified_time\" content=\"2024-09-16T15:25:23+00:00\" \/>\n<meta property=\"og:image\" content=\"https:\/\/boutique-one-piece.com\/wp-content\/uploads\/2022\/09\/Avis-De-Recherche-Donquixote-Doflamingo-Wanted-1.jpg\" \/>\n\t<meta property=\"og:image:width\" content=\"799\" \/>\n\t<meta property=\"og:image:height\" content=\"798\" \/>\n\t<meta property=\"og:image:type\" content=\"image\/jpeg\" \/>\n<meta name=\"twitter:card\" content=\"summary_large_image\" \/>\n<meta name=\"twitter:label1\" content=\"Szacowany czas czytania\" \/>\n\t<meta name=\"twitter:data1\" content=\"3 minuty\" \/>\n<script type=\"application\/ld+json\" class=\"yoast-schema-graph\">{\"@context\":\"https:\\\/\\\/schema.org\",\"@graph\":[{\"@type\":\"WebPage\",\"@id\":\"https:\\\/\\\/boutique-one-piece.com\\\/avis-de-recherche-one-piece\\\/avis-de-recherche-donquixote-doflamingo-wanted\\\/\",\"url\":\"https:\\\/\\\/boutique-one-piece.com\\\/avis-de-recherche-one-piece\\\/avis-de-recherche-donquixote-doflamingo-wanted\\\/\",\"name\":\"Avis De Recherche Donquixote Doflamingo Wanted | Boutique One Piece\",\"isPartOf\":{\"@id\":\"https:\\\/\\\/boutique-one-piece.com\\\/#website\"},\"primaryImageOfPage\":{\"@id\":\"https:\\\/\\\/boutique-one-piece.com\\\/avis-de-recherche-one-piece\\\/avis-de-recherche-donquixote-doflamingo-wanted\\\/#primaryimage\"},\"image\":{\"@id\":\"https:\\\/\\\/boutique-one-piece.com\\\/avis-de-recherche-one-piece\\\/avis-de-recherche-donquixote-doflamingo-wanted\\\/#primaryimage\"},\"thumbnailUrl\":\"https:\\\/\\\/boutique-one-piece.com\\\/wp-content\\\/uploads\\\/2022\\\/09\\\/Avis-De-Recherche-Donquixote-Doflamingo-Wanted-1.jpg\",\"datePublished\":\"2022-09-27T20:33:02+00:00\",\"dateModified\":\"2024-09-16T15:25:23+00:00\",\"description\":\"Si tu aimes d\u00e9tester un personnage, cet Avis de Recherche de Donquixote Doflamingo va faire ton bonheur. Donquixote Doflamingo est l'antagoniste principal de l'arc Dressrosa, il fait \u00e9galement partie des antagonistes de Marineford. Il est \u00e0 la t\u00eate d'un trafic de Smile, des fruits du d\u00e9mon artificiels qu'il vend \u00e0 Kaid\",\"breadcrumb\":{\"@id\":\"https:\\\/\\\/boutique-one-piece.com\\\/avis-de-recherche-one-piece\\\/avis-de-recherche-donquixote-doflamingo-wanted\\\/#breadcrumb\"},\"inLanguage\":\"pl-PL\",\"potentialAction\":[{\"@type\":\"ReadAction\",\"target\":[\"https:\\\/\\\/boutique-one-piece.com\\\/avis-de-recherche-one-piece\\\/avis-de-recherche-donquixote-doflamingo-wanted\\\/\"]}]},{\"@type\":\"ImageObject\",\"inLanguage\":\"pl-PL\",\"@id\":\"https:\\\/\\\/boutique-one-piece.com\\\/avis-de-recherche-one-piece\\\/avis-de-recherche-donquixote-doflamingo-wanted\\\/#primaryimage\",\"url\":\"https:\\\/\\\/boutique-one-piece.com\\\/wp-content\\\/uploads\\\/2022\\\/09\\\/Avis-De-Recherche-Donquixote-Doflamingo-Wanted-1.jpg\",\"contentUrl\":\"https:\\\/\\\/boutique-one-piece.com\\\/wp-content\\\/uploads\\\/2022\\\/09\\\/Avis-De-Recherche-Donquixote-Doflamingo-Wanted-1.jpg\",\"width\":799,\"height\":798},{\"@type\":\"BreadcrumbList\",\"@id\":\"https:\\\/\\\/boutique-one-piece.com\\\/avis-de-recherche-one-piece\\\/avis-de-recherche-donquixote-doflamingo-wanted\\\/#breadcrumb\",\"itemListElement\":[{\"@type\":\"ListItem\",\"position\":1,\"name\":\"Home\",\"item\":\"https:\\\/\\\/boutique-one-piece.com\\\/\"},{\"@type\":\"ListItem\",\"position\":2,\"name\":\"Shop\",\"item\":\"https:\\\/\\\/boutique-one-piece.com\\\/shop\\\/\"},{\"@type\":\"ListItem\",\"position\":3,\"name\":\"Avis De Recherche Donquixote Doflamingo Wanted\"}]},{\"@type\":\"WebSite\",\"@id\":\"https:\\\/\\\/boutique-one-piece.com\\\/#website\",\"url\":\"https:\\\/\\\/boutique-one-piece.com\\\/\",\"name\":\"Boutique One Piece\",\"description\":\"Magasin Sp\u00e9cialis\u00e9 du Manga et l&#039;Anime One Piece\",\"publisher\":{\"@id\":\"https:\\\/\\\/boutique-one-piece.com\\\/#organization\"},\"potentialAction\":[{\"@type\":\"SearchAction\",\"target\":{\"@type\":\"EntryPoint\",\"urlTemplate\":\"https:\\\/\\\/boutique-one-piece.com\\\/?s={search_term_string}\"},\"query-input\":{\"@type\":\"PropertyValueSpecification\",\"valueRequired\":true,\"valueName\":\"search_term_string\"}}],\"inLanguage\":\"pl-PL\"},{\"@type\":\"Organization\",\"@id\":\"https:\\\/\\\/boutique-one-piece.com\\\/#organization\",\"name\":\"Boutique One Piece\",\"url\":\"https:\\\/\\\/boutique-one-piece.com\\\/\",\"logo\":{\"@type\":\"ImageObject\",\"inLanguage\":\"pl-PL\",\"@id\":\"https:\\\/\\\/boutique-one-piece.com\\\/#\\\/schema\\\/logo\\\/image\\\/\",\"url\":\"https:\\\/\\\/boutique-one-piece.com\\\/wp-content\\\/uploads\\\/2022\\\/09\\\/Logo-01.png\",\"contentUrl\":\"https:\\\/\\\/boutique-one-piece.com\\\/wp-content\\\/uploads\\\/2022\\\/09\\\/Logo-01.png\",\"width\":2318,\"height\":957,\"caption\":\"Boutique One Piece\"},\"image\":{\"@id\":\"https:\\\/\\\/boutique-one-piece.com\\\/#\\\/schema\\\/logo\\\/image\\\/\"}}]}<\/script>\n<!-- \/ Yoast SEO plugin. -->","yoast_head_json":{"title":"Og\u0142oszenie o poszukiwaniu Donquixote Doflamingo | Sklep One Piece","description":"Je\u015bli lubisz hejtowa\u0107 jak\u0105\u015b posta\u0107, ten plakat z Donquixote Doflamingo umili Ci dzie\u0144. Donquixote Doflamingo to g\u0142\u00f3wny antagonista w w\u0105tku Dressrosa, a tak\u017ce jeden z antagonist\u00f3w Marineford. Prowadzi gang handlarzy SMILE, sprzedaj\u0105c sztuczne diabelskie owoce kr\u00f3lowi Kai.","robots":{"index":"index","follow":"follow","max-snippet":"max-snippet:-1","max-image-preview":"max-image-preview:large","max-video-preview":"max-video-preview:-1"},"canonical":"https:\/\/boutique-one-piece.com\/pl\/plakat-poszukiwany-one-piece\/plakat-gonczy-donquixote-doflamingo\/","og_locale":"pl_PL","og_type":"article","og_title":"Avis De Recherche Donquixote Doflamingo Wanted | Boutique One Piece","og_description":"Si tu aimes d\u00e9tester un personnage, cet Avis de Recherche de Donquixote Doflamingo va faire ton bonheur. Donquixote Doflamingo est l'antagoniste principal de l'arc Dressrosa, il fait \u00e9galement partie des antagonistes de Marineford. Il est \u00e0 la t\u00eate d'un trafic de Smile, des fruits du d\u00e9mon artificiels qu'il vend \u00e0 Kaid","og_url":"https:\/\/boutique-one-piece.com\/pl\/plakat-poszukiwany-one-piece\/plakat-gonczy-donquixote-doflamingo\/","og_site_name":"Boutique One Piece","article_modified_time":"2024-09-16T15:25:23+00:00","og_image":[{"width":799,"height":798,"url":"https:\/\/boutique-one-piece.com\/wp-content\/uploads\/2022\/09\/Avis-De-Recherche-Donquixote-Doflamingo-Wanted-1.jpg","type":"image\/jpeg"}],"twitter_card":"summary_large_image","twitter_misc":{"Szacowany czas czytania":"3 minuty"},"schema":{"@context":"https:\/\/schema.org","@graph":[{"@type":"WebPage","@id":"https:\/\/boutique-one-piece.com\/avis-de-recherche-one-piece\/avis-de-recherche-donquixote-doflamingo-wanted\/","url":"https:\/\/boutique-one-piece.com\/avis-de-recherche-one-piece\/avis-de-recherche-donquixote-doflamingo-wanted\/","name":"Og\u0142oszenie o poszukiwaniu Donquixote Doflamingo | Sklep One Piece","isPartOf":{"@id":"https:\/\/boutique-one-piece.com\/#website"},"primaryImageOfPage":{"@id":"https:\/\/boutique-one-piece.com\/avis-de-recherche-one-piece\/avis-de-recherche-donquixote-doflamingo-wanted\/#primaryimage"},"image":{"@id":"https:\/\/boutique-one-piece.com\/avis-de-recherche-one-piece\/avis-de-recherche-donquixote-doflamingo-wanted\/#primaryimage"},"thumbnailUrl":"https:\/\/boutique-one-piece.com\/wp-content\/uploads\/2022\/09\/Avis-De-Recherche-Donquixote-Doflamingo-Wanted-1.jpg","datePublished":"2022-09-27T20:33:02+00:00","dateModified":"2024-09-16T15:25:23+00:00","description":"Je\u015bli lubisz hejtowa\u0107 jak\u0105\u015b posta\u0107, ten plakat z Donquixote Doflamingo umili Ci dzie\u0144. Donquixote Doflamingo to g\u0142\u00f3wny antagonista w w\u0105tku Dressrosa, a tak\u017ce jeden z antagonist\u00f3w Marineford. Prowadzi gang handlarzy SMILE, sprzedaj\u0105c sztuczne diabelskie owoce kr\u00f3lowi Kai.","breadcrumb":{"@id":"https:\/\/boutique-one-piece.com\/avis-de-recherche-one-piece\/avis-de-recherche-donquixote-doflamingo-wanted\/#breadcrumb"},"inLanguage":"pl-PL","potentialAction":[{"@type":"ReadAction","target":["https:\/\/boutique-one-piece.com\/avis-de-recherche-one-piece\/avis-de-recherche-donquixote-doflamingo-wanted\/"]}]},{"@type":"ImageObject","inLanguage":"pl-PL","@id":"https:\/\/boutique-one-piece.com\/avis-de-recherche-one-piece\/avis-de-recherche-donquixote-doflamingo-wanted\/#primaryimage","url":"https:\/\/boutique-one-piece.com\/wp-content\/uploads\/2022\/09\/Avis-De-Recherche-Donquixote-Doflamingo-Wanted-1.jpg","contentUrl":"https:\/\/boutique-one-piece.com\/wp-content\/uploads\/2022\/09\/Avis-De-Recherche-Donquixote-Doflamingo-Wanted-1.jpg","width":799,"height":798},{"@type":"BreadcrumbList","@id":"https:\/\/boutique-one-piece.com\/avis-de-recherche-one-piece\/avis-de-recherche-donquixote-doflamingo-wanted\/#breadcrumb","itemListElement":[{"@type":"ListItem","position":1,"name":"Home","item":"https:\/\/boutique-one-piece.com\/"},{"@type":"ListItem","position":2,"name":"Shop","item":"https:\/\/boutique-one-piece.com\/shop\/"},{"@type":"ListItem","position":3,"name":"Avis De Recherche Donquixote Doflamingo Wanted"}]},{"@type":"WebSite","@id":"https:\/\/boutique-one-piece.com\/#website","url":"https:\/\/boutique-one-piece.com\/","name":"One Piece Shop","description":"Sklep specjalistyczny z mang\u0105 i anime One Piece","publisher":{"@id":"https:\/\/boutique-one-piece.com\/#organization"},"potentialAction":[{"@type":"SearchAction","target":{"@type":"EntryPoint","urlTemplate":"https:\/\/boutique-one-piece.com\/?s={search_term_string}"},"query-input":{"@type":"PropertyValueSpecification","valueRequired":true,"valueName":"search_term_string"}}],"inLanguage":"pl-PL"},{"@type":"Organization","@id":"https:\/\/boutique-one-piece.com\/#organization","name":"One Piece Shop","url":"https:\/\/boutique-one-piece.com\/","logo":{"@type":"ImageObject","inLanguage":"pl-PL","@id":"https:\/\/boutique-one-piece.com\/#\/schema\/logo\/image\/","url":"https:\/\/boutique-one-piece.com\/wp-content\/uploads\/2022\/09\/Logo-01.png","contentUrl":"https:\/\/boutique-one-piece.com\/wp-content\/uploads\/2022\/09\/Logo-01.png","width":2318,"height":957,"caption":"Boutique One Piece"},"image":{"@id":"https:\/\/boutique-one-piece.com\/#\/schema\/logo\/image\/"}}]}},"_links":{"self":[{"href":"https:\/\/boutique-one-piece.com\/pl\/wp-json\/wp\/v2\/product\/10206","targetHints":{"allow":["GET"]}}],"collection":[{"href":"https:\/\/boutique-one-piece.com\/pl\/wp-json\/wp\/v2\/product"}],"about":[{"href":"https:\/\/boutique-one-piece.com\/pl\/wp-json\/wp\/v2\/types\/product"}],"replies":[{"embeddable":true,"href":"https:\/\/boutique-one-piece.com\/pl\/wp-json\/wp\/v2\/comments?post=10206"}],"wp:featuredmedia":[{"embeddable":true,"href":"https:\/\/boutique-one-piece.com\/pl\/wp-json\/wp\/v2\/media\/10208"}],"wp:attachment":[{"href":"https:\/\/boutique-one-piece.com\/pl\/wp-json\/wp\/v2\/media?parent=10206"}],"wp:term":[{"taxonomy":"product_brand","embeddable":true,"href":"https:\/\/boutique-one-piece.com\/pl\/wp-json\/wp\/v2\/product_brand?post=10206"},{"taxonomy":"product_cat","embeddable":true,"href":"https:\/\/boutique-one-piece.com\/pl\/wp-json\/wp\/v2\/product_cat?post=10206"},{"taxonomy":"product_tag","embeddable":true,"href":"https:\/\/boutique-one-piece.com\/pl\/wp-json\/wp\/v2\/product_tag?post=10206"}],"curies":[{"name":"wp","href":"https:\/\/api.w.org\/{rel}","templated":true}]}}