{"id":10209,"date":"2022-09-27T20:33:02","date_gmt":"2022-09-27T20:33:02","guid":{"rendered":"https:\/\/boutique-one-piece.com\/uncategorized\/peluche-chopper-cosplay-luffy\/"},"modified":"2024-12-13T06:31:20","modified_gmt":"2024-12-13T06:31:20","slug":"chopper-pluszowy-cosplay-luffy","status":"publish","type":"product","link":"https:\/\/boutique-one-piece.com\/pl\/smakolyki-z-one-piece\/tony-goodies-tony-chopper-one-piece\/chopper-pluszowy-cosplay-luffy\/","title":{"rendered":"Chopper Pluszowy Cosplay Luffy"},"content":{"rendered":"<h2>M\u0142ody piracie, oto cosplay, kt\u00f3ry absolutnie musisz mie\u0107. Ta pluszowa maskotka Chopper Luffy zas\u0142uguje na miejsce w twojej kolekcji One Piece.<\/h2>\n<p>Zacznijmy od <strong>Luffy<\/strong> ; Cho\u0107 nie trzeba go nikomu przedstawia\u0107, oto, co powiniene\u015b o nim wiedzie\u0107: Luffy jest piratem i <strong>g\u0142\u00f3wny bohater<\/strong> Z mangi i anime One Piece. Jego najwi\u0119kszym marzeniem jest zosta\u0107 Kr\u00f3lem Pirat\u00f3w poprzez odnalezienie legendarnego skarbu One Piece, ukrytego gdzie\u015b na \u015bwiecie przez Gol D. Rogera. Wed\u0142ug niego, bycie Kr\u00f3lem Pirat\u00f3w oznacza bycie tym, kt\u00f3ry cieszy si\u0119 niezr\u00f3wnan\u0105 wolno\u015bci\u0105 na \u015bwiecie.<\/p>\n<p>Co si\u0119 tyczy <strong>Chopper<\/strong>, Jak zapewne wiecie, jest lekarzem za\u0142ogi S\u0142omkowego Kapelusza. To tak\u017ce renifer, kt\u00f3ry zjad\u0142 Hito Hito no Mi, co pozwoli\u0142o mu przemieni\u0107 si\u0119 w cz\u0142owieka. A tak przy okazji, je\u015bli chcecie poszerzy\u0107 swoj\u0105 kolekcj\u0119 pluszak\u00f3w, <a title=\"PLUSZOWY \u015aMIG\u0141OWIEC COSPLAY PORTGAS D ACE\" href=\"https:\/\/boutique-one-piece.com\/pl\/pluszowa-zabawka-one-piece\/produkty\/pluszowy-helikopter-cosplay-portgas-d-ace\/\" target=\"_blank\" rel=\"noopener\">Pluszowy Chopper w cosplayu Ace&#039;a<\/a> jest w Twoim zasi\u0119gu.<\/p>\n<h3>Czy ten cosplay kapitana za\u0142ogi S\u0142omkowego Kapelusza Ci\u0119 urzek\u0142? Je\u015bli tak, nie wahaj si\u0119 i do\u0142\u0105cz do nich. Czeka Ci\u0119 wiele przyg\u00f3d.<\/h3>\n<p>Niezale\u017cnie od tego, czy jeste\u015b zagorza\u0142ym fanem, czy do\u015bwiadczonym kolekcjonerem, nie szukaj dalej, trafi\u0142e\u015b we w\u0142a\u015bciwe miejsce. Znajdziesz tu legendarne przedmioty, kt\u00f3re przenios\u0105 Ci\u0119 w czasie. <strong>Wszech\u015bwiat Luffy&#039;ego<\/strong>. Te przedmioty idealnie nadaj\u0105 si\u0119 na prezent, do kolekcjonowania lub po prostu do zabawy. Nie czekaj wi\u0119c d\u0142u\u017cej i skorzystaj z okazji, by prze\u017cy\u0107 wiele ekscytuj\u0105cych przyg\u00f3d w\u2026 <strong>wszech\u015bwiat One Piece<\/strong>.<\/p>\n<h2>Informacje o pluszowej zabawce One Piece Chopper:<\/h2>\n<ul>\n<li>\u00a0<b>Typ produktu<\/b><span>\u00a0<\/span>Pluszowa zabawka manga One Piece<\/li>\n<\/ul>\n<ul>\n<li>\n<b>Wykorzystanie Peluce<\/b>\u00a0Zabawki, dekoracje, przedmioty kolekcjonerskie, prezenty<\/li>\n<\/ul>\n<ul>\n<li>\n<b>Nazwa postaci<\/b>\u00a0Tony Chopper<\/li>\n<\/ul>\n<ul>\n<li>\n<b>Rozmiar pluszowej zabawki<\/b>\u00a0:25 lub 30 centymetr\u00f3w<\/li>\n<\/ul>\n<ul>\n<li>\n<b>Materia\u0142<\/b>\u00a0: Bawe\u0142na<\/li>\n<\/ul>\n<ul>\n<li>\n<b>Zalecany wiek<\/b>\u00a0:ponad 3 lata<\/li>\n<\/ul>\n<ul>\n<li>\n<b>Darmowa dostawa<\/b> za ka\u017cdy zakup<\/li>\n<\/ul>","protected":false},"excerpt":{"rendered":"<p>M\u0142ody piracie, oto cosplay, kt\u00f3ry absolutnie musisz mie\u0107. Ta pluszowa maskotka Chopper Cosplay Luffy to pozycja obowi\u0105zkowa w Twojej kolekcji One Piece. Zacznijmy od Luffy&#039;ego; cho\u0107 nie trzeba go nikomu przedstawia\u0107, oto, co powiniene\u015b o nim wiedzie\u0107: Luffy jest piratem i g\u0142\u00f3wnym bohaterem mangi i [\u2026]<\/p>","protected":false},"featured_media":10211,"comment_status":"open","ping_status":"open","template":"","meta":[],"product_brand":[],"product_cat":[163,177],"product_tag":[165],"class_list":{"0":"post-10209","1":"product","2":"type-product","3":"status-publish","4":"has-post-thumbnail","6":"product_cat-goodies-tony-tony-chopper-one-piece","7":"product_cat-peluches-one-piece","8":"product_tag-chopper","10":"first","11":"instock","12":"purchasable","13":"product-type-variable"},"yoast_head":"<!-- This site is optimized with the Yoast SEO plugin v27.5 - https:\/\/yoast.com\/product\/yoast-seo-wordpress\/ -->\n<title>Peluche Chopper Cosplay Luffy | Boutique One Piece<\/title>\n<meta name=\"description\" content=\"D\u00e9couvrez la peluche One Piece Tony Chopper d\u00e9guis\u00e9 en Luffy, elle est aussi douce que mignonne ! Commencez votre aventure de pirate \u00e0 la recherche du One Piece dans l&#039;\u00e9quipage du Chapeau de Paille\" \/>\n<meta name=\"robots\" content=\"index, follow, max-snippet:-1, max-image-preview:large, max-video-preview:-1\" \/>\n<link rel=\"canonical\" href=\"https:\/\/boutique-one-piece.com\/pl\/pluszowe-zabawki-one-piece\/chopper-pluszowy-cosplay-luffy\/\" \/>\n<meta property=\"og:locale\" content=\"pl_PL\" \/>\n<meta property=\"og:type\" content=\"article\" \/>\n<meta property=\"og:title\" content=\"Peluche Chopper Cosplay Luffy | Boutique One Piece\" \/>\n<meta property=\"og:description\" content=\"D\u00e9couvrez la peluche One Piece Tony Chopper d\u00e9guis\u00e9 en Luffy, elle est aussi douce que mignonne ! Commencez votre aventure de pirate \u00e0 la recherche du One Piece dans l&#039;\u00e9quipage du Chapeau de Paille\" \/>\n<meta property=\"og:url\" content=\"https:\/\/boutique-one-piece.com\/pl\/pluszowe-zabawki-one-piece\/chopper-pluszowy-cosplay-luffy\/\" \/>\n<meta property=\"og:site_name\" content=\"Boutique One Piece\" \/>\n<meta property=\"article:modified_time\" content=\"2024-12-13T06:31:20+00:00\" \/>\n<meta property=\"og:image\" content=\"https:\/\/boutique-one-piece.com\/wp-content\/uploads\/2022\/09\/Peluche-Chopper-Cosplay-Luffy.png\" \/>\n\t<meta property=\"og:image:width\" content=\"500\" \/>\n\t<meta property=\"og:image:height\" content=\"500\" \/>\n\t<meta property=\"og:image:type\" content=\"image\/png\" \/>\n<meta name=\"twitter:card\" content=\"summary_large_image\" \/>\n<meta name=\"twitter:label1\" content=\"Szacowany czas czytania\" \/>\n\t<meta name=\"twitter:data1\" content=\"2 minuty\" \/>\n<script type=\"application\/ld+json\" class=\"yoast-schema-graph\">{\"@context\":\"https:\\\/\\\/schema.org\",\"@graph\":[{\"@type\":\"WebPage\",\"@id\":\"https:\\\/\\\/boutique-one-piece.com\\\/peluches-one-piece\\\/peluche-chopper-cosplay-luffy\\\/\",\"url\":\"https:\\\/\\\/boutique-one-piece.com\\\/peluches-one-piece\\\/peluche-chopper-cosplay-luffy\\\/\",\"name\":\"Peluche Chopper Cosplay Luffy | Boutique One Piece\",\"isPartOf\":{\"@id\":\"https:\\\/\\\/boutique-one-piece.com\\\/#website\"},\"primaryImageOfPage\":{\"@id\":\"https:\\\/\\\/boutique-one-piece.com\\\/peluches-one-piece\\\/peluche-chopper-cosplay-luffy\\\/#primaryimage\"},\"image\":{\"@id\":\"https:\\\/\\\/boutique-one-piece.com\\\/peluches-one-piece\\\/peluche-chopper-cosplay-luffy\\\/#primaryimage\"},\"thumbnailUrl\":\"https:\\\/\\\/boutique-one-piece.com\\\/wp-content\\\/uploads\\\/2022\\\/09\\\/Peluche-Chopper-Cosplay-Luffy.png\",\"datePublished\":\"2022-09-27T20:33:02+00:00\",\"dateModified\":\"2024-12-13T06:31:20+00:00\",\"description\":\"D\u00e9couvrez la peluche One Piece Tony Chopper d\u00e9guis\u00e9 en Luffy, elle est aussi douce que mignonne ! Commencez votre aventure de pirate \u00e0 la recherche du One Piece dans l'\u00e9quipage du Chapeau de Paille\",\"breadcrumb\":{\"@id\":\"https:\\\/\\\/boutique-one-piece.com\\\/peluches-one-piece\\\/peluche-chopper-cosplay-luffy\\\/#breadcrumb\"},\"inLanguage\":\"pl-PL\",\"potentialAction\":[{\"@type\":\"ReadAction\",\"target\":[\"https:\\\/\\\/boutique-one-piece.com\\\/peluches-one-piece\\\/peluche-chopper-cosplay-luffy\\\/\"]}]},{\"@type\":\"ImageObject\",\"inLanguage\":\"pl-PL\",\"@id\":\"https:\\\/\\\/boutique-one-piece.com\\\/peluches-one-piece\\\/peluche-chopper-cosplay-luffy\\\/#primaryimage\",\"url\":\"https:\\\/\\\/boutique-one-piece.com\\\/wp-content\\\/uploads\\\/2022\\\/09\\\/Peluche-Chopper-Cosplay-Luffy.png\",\"contentUrl\":\"https:\\\/\\\/boutique-one-piece.com\\\/wp-content\\\/uploads\\\/2022\\\/09\\\/Peluche-Chopper-Cosplay-Luffy.png\",\"width\":500,\"height\":500,\"caption\":\"Peluche Chopper Cosplay Luffy 30cm\"},{\"@type\":\"BreadcrumbList\",\"@id\":\"https:\\\/\\\/boutique-one-piece.com\\\/peluches-one-piece\\\/peluche-chopper-cosplay-luffy\\\/#breadcrumb\",\"itemListElement\":[{\"@type\":\"ListItem\",\"position\":1,\"name\":\"Home\",\"item\":\"https:\\\/\\\/boutique-one-piece.com\\\/\"},{\"@type\":\"ListItem\",\"position\":2,\"name\":\"Shop\",\"item\":\"https:\\\/\\\/boutique-one-piece.com\\\/shop\\\/\"},{\"@type\":\"ListItem\",\"position\":3,\"name\":\"Peluche Chopper Cosplay Luffy\"}]},{\"@type\":\"WebSite\",\"@id\":\"https:\\\/\\\/boutique-one-piece.com\\\/#website\",\"url\":\"https:\\\/\\\/boutique-one-piece.com\\\/\",\"name\":\"Boutique One Piece\",\"description\":\"Magasin Sp\u00e9cialis\u00e9 du Manga et l&#039;Anime One Piece\",\"publisher\":{\"@id\":\"https:\\\/\\\/boutique-one-piece.com\\\/#organization\"},\"potentialAction\":[{\"@type\":\"SearchAction\",\"target\":{\"@type\":\"EntryPoint\",\"urlTemplate\":\"https:\\\/\\\/boutique-one-piece.com\\\/?s={search_term_string}\"},\"query-input\":{\"@type\":\"PropertyValueSpecification\",\"valueRequired\":true,\"valueName\":\"search_term_string\"}}],\"inLanguage\":\"pl-PL\"},{\"@type\":\"Organization\",\"@id\":\"https:\\\/\\\/boutique-one-piece.com\\\/#organization\",\"name\":\"Boutique One Piece\",\"url\":\"https:\\\/\\\/boutique-one-piece.com\\\/\",\"logo\":{\"@type\":\"ImageObject\",\"inLanguage\":\"pl-PL\",\"@id\":\"https:\\\/\\\/boutique-one-piece.com\\\/#\\\/schema\\\/logo\\\/image\\\/\",\"url\":\"https:\\\/\\\/boutique-one-piece.com\\\/wp-content\\\/uploads\\\/2022\\\/09\\\/Logo-01.png\",\"contentUrl\":\"https:\\\/\\\/boutique-one-piece.com\\\/wp-content\\\/uploads\\\/2022\\\/09\\\/Logo-01.png\",\"width\":2318,\"height\":957,\"caption\":\"Boutique One Piece\"},\"image\":{\"@id\":\"https:\\\/\\\/boutique-one-piece.com\\\/#\\\/schema\\\/logo\\\/image\\\/\"}}]}<\/script>\n<!-- \/ Yoast SEO plugin. -->","yoast_head_json":{"title":"Pluszowy Chopper Cosplay Luffy | Sklep One Piece","description":"Odkryj pluszowego Tony&#039;ego Choppera z One Piece w przebraniu Luffy&#039;ego \u2013 jest tak mi\u0119kki, jak uroczy! Rozpocznij swoj\u0105 pirack\u0105 przygod\u0119 w poszukiwaniu One Piece z za\u0142og\u0105 S\u0142omkowego Kapelusza.","robots":{"index":"index","follow":"follow","max-snippet":"max-snippet:-1","max-image-preview":"max-image-preview:large","max-video-preview":"max-video-preview:-1"},"canonical":"https:\/\/boutique-one-piece.com\/pl\/pluszowe-zabawki-one-piece\/chopper-pluszowy-cosplay-luffy\/","og_locale":"pl_PL","og_type":"article","og_title":"Peluche Chopper Cosplay Luffy | Boutique One Piece","og_description":"D\u00e9couvrez la peluche One Piece Tony Chopper d\u00e9guis\u00e9 en Luffy, elle est aussi douce que mignonne ! Commencez votre aventure de pirate \u00e0 la recherche du One Piece dans l'\u00e9quipage du Chapeau de Paille","og_url":"https:\/\/boutique-one-piece.com\/pl\/pluszowe-zabawki-one-piece\/chopper-pluszowy-cosplay-luffy\/","og_site_name":"Boutique One Piece","article_modified_time":"2024-12-13T06:31:20+00:00","og_image":[{"width":500,"height":500,"url":"https:\/\/boutique-one-piece.com\/wp-content\/uploads\/2022\/09\/Peluche-Chopper-Cosplay-Luffy.png","type":"image\/png"}],"twitter_card":"summary_large_image","twitter_misc":{"Szacowany czas czytania":"2 minuty"},"schema":{"@context":"https:\/\/schema.org","@graph":[{"@type":"WebPage","@id":"https:\/\/boutique-one-piece.com\/peluches-one-piece\/peluche-chopper-cosplay-luffy\/","url":"https:\/\/boutique-one-piece.com\/peluches-one-piece\/peluche-chopper-cosplay-luffy\/","name":"Pluszowy Chopper Cosplay Luffy | Sklep One Piece","isPartOf":{"@id":"https:\/\/boutique-one-piece.com\/#website"},"primaryImageOfPage":{"@id":"https:\/\/boutique-one-piece.com\/peluches-one-piece\/peluche-chopper-cosplay-luffy\/#primaryimage"},"image":{"@id":"https:\/\/boutique-one-piece.com\/peluches-one-piece\/peluche-chopper-cosplay-luffy\/#primaryimage"},"thumbnailUrl":"https:\/\/boutique-one-piece.com\/wp-content\/uploads\/2022\/09\/Peluche-Chopper-Cosplay-Luffy.png","datePublished":"2022-09-27T20:33:02+00:00","dateModified":"2024-12-13T06:31:20+00:00","description":"Odkryj pluszowego Tony&#039;ego Choppera z One Piece w przebraniu Luffy&#039;ego \u2013 jest tak mi\u0119kki, jak uroczy! Rozpocznij swoj\u0105 pirack\u0105 przygod\u0119 w poszukiwaniu One Piece z za\u0142og\u0105 S\u0142omkowego Kapelusza.","breadcrumb":{"@id":"https:\/\/boutique-one-piece.com\/peluches-one-piece\/peluche-chopper-cosplay-luffy\/#breadcrumb"},"inLanguage":"pl-PL","potentialAction":[{"@type":"ReadAction","target":["https:\/\/boutique-one-piece.com\/peluches-one-piece\/peluche-chopper-cosplay-luffy\/"]}]},{"@type":"ImageObject","inLanguage":"pl-PL","@id":"https:\/\/boutique-one-piece.com\/peluches-one-piece\/peluche-chopper-cosplay-luffy\/#primaryimage","url":"https:\/\/boutique-one-piece.com\/wp-content\/uploads\/2022\/09\/Peluche-Chopper-Cosplay-Luffy.png","contentUrl":"https:\/\/boutique-one-piece.com\/wp-content\/uploads\/2022\/09\/Peluche-Chopper-Cosplay-Luffy.png","width":500,"height":500,"caption":"Peluche Chopper Cosplay Luffy 30cm"},{"@type":"BreadcrumbList","@id":"https:\/\/boutique-one-piece.com\/peluches-one-piece\/peluche-chopper-cosplay-luffy\/#breadcrumb","itemListElement":[{"@type":"ListItem","position":1,"name":"Home","item":"https:\/\/boutique-one-piece.com\/"},{"@type":"ListItem","position":2,"name":"Shop","item":"https:\/\/boutique-one-piece.com\/shop\/"},{"@type":"ListItem","position":3,"name":"Peluche Chopper Cosplay Luffy"}]},{"@type":"WebSite","@id":"https:\/\/boutique-one-piece.com\/#website","url":"https:\/\/boutique-one-piece.com\/","name":"One Piece Shop","description":"Sklep specjalistyczny z mang\u0105 i anime One Piece","publisher":{"@id":"https:\/\/boutique-one-piece.com\/#organization"},"potentialAction":[{"@type":"SearchAction","target":{"@type":"EntryPoint","urlTemplate":"https:\/\/boutique-one-piece.com\/?s={search_term_string}"},"query-input":{"@type":"PropertyValueSpecification","valueRequired":true,"valueName":"search_term_string"}}],"inLanguage":"pl-PL"},{"@type":"Organization","@id":"https:\/\/boutique-one-piece.com\/#organization","name":"One Piece Shop","url":"https:\/\/boutique-one-piece.com\/","logo":{"@type":"ImageObject","inLanguage":"pl-PL","@id":"https:\/\/boutique-one-piece.com\/#\/schema\/logo\/image\/","url":"https:\/\/boutique-one-piece.com\/wp-content\/uploads\/2022\/09\/Logo-01.png","contentUrl":"https:\/\/boutique-one-piece.com\/wp-content\/uploads\/2022\/09\/Logo-01.png","width":2318,"height":957,"caption":"Boutique One Piece"},"image":{"@id":"https:\/\/boutique-one-piece.com\/#\/schema\/logo\/image\/"}}]}},"_links":{"self":[{"href":"https:\/\/boutique-one-piece.com\/pl\/wp-json\/wp\/v2\/product\/10209","targetHints":{"allow":["GET"]}}],"collection":[{"href":"https:\/\/boutique-one-piece.com\/pl\/wp-json\/wp\/v2\/product"}],"about":[{"href":"https:\/\/boutique-one-piece.com\/pl\/wp-json\/wp\/v2\/types\/product"}],"replies":[{"embeddable":true,"href":"https:\/\/boutique-one-piece.com\/pl\/wp-json\/wp\/v2\/comments?post=10209"}],"wp:featuredmedia":[{"embeddable":true,"href":"https:\/\/boutique-one-piece.com\/pl\/wp-json\/wp\/v2\/media\/10211"}],"wp:attachment":[{"href":"https:\/\/boutique-one-piece.com\/pl\/wp-json\/wp\/v2\/media?parent=10209"}],"wp:term":[{"taxonomy":"product_brand","embeddable":true,"href":"https:\/\/boutique-one-piece.com\/pl\/wp-json\/wp\/v2\/product_brand?post=10209"},{"taxonomy":"product_cat","embeddable":true,"href":"https:\/\/boutique-one-piece.com\/pl\/wp-json\/wp\/v2\/product_cat?post=10209"},{"taxonomy":"product_tag","embeddable":true,"href":"https:\/\/boutique-one-piece.com\/pl\/wp-json\/wp\/v2\/product_tag?post=10209"}],"curies":[{"name":"wp","href":"https:\/\/api.w.org\/{rel}","templated":true}]}}