{"id":10257,"date":"2022-09-27T20:33:22","date_gmt":"2022-09-27T20:33:22","guid":{"rendered":"https:\/\/boutique-one-piece.com\/uncategorized\/figurine-one-piece-charlotte-katakuri\/"},"modified":"2024-09-16T12:01:43","modified_gmt":"2024-09-16T12:01:43","slug":"jednoczesciowa-figurka-charlotte-katakuri","status":"publish","type":"product","link":"https:\/\/boutique-one-piece.com\/pl\/figurki-one-piece\/jednoczesciowa-figurka-charlotte-katakuri\/","title":{"rendered":"One Piece Charlotte Katakuri Figure"},"content":{"rendered":"<h2>M\u0142ody piracie, nadszed\u0142 czas, aby\u015b zdoby\u0142 figurk\u0119 Charlotte Katakuri z One Piece.<\/h2>\n<p>Oto, co musisz o nim wiedzie\u0107: ; <strong>Charlotte Katakuri<\/strong> Jest drugim synem i trzecim dzieckiem rodziny Charlotte. Jest r\u00f3wnie\u017c jednym z trojaczk\u00f3w urodzonych w tym samym czasie co Oven i Daifuku. Jest jednym z trzech S\u0142odkich Dow\u00f3dc\u00f3w Pirat\u00f3w. <strong>Big Mom<\/strong>, oraz ministra ds. m\u0105ki zarz\u0105dzaj\u0105cego Wysp\u0105 Pszeniczn\u0105.<\/p>\n<p>Kr\u00f3tka dygresja na temat Big Mom, znanej r\u00f3wnie\u017c jako Charlotte Linlin: jest kapitanem Pirat\u00f3w Big Mom i jedyn\u0105 kobiet\u0105 w dru\u017cynie <strong>Czterech cesarzy<\/strong>. Jest matriarch\u0105 rodziny Charlotte, kt\u00f3ra stanowi trzon jej za\u0142ogi. Je\u015bli chcesz poszerzy\u0107 swoj\u0105 kolekcj\u0119 figurek, <a title=\"FIGURKA WIELKIEJ MAMY NA TRONIE Z ONE PIECE\" href=\"https:\/\/boutique-one-piece.com\/pl\/jednoczesciowa-figurka-duzej-mamy-na-tronie-26-cm\/\" target=\"_blank\" rel=\"noopener\">Figurka Big Mom na tronie<\/a> jest w Twoim zasi\u0119gu.<\/p>\n<h3>Czy figurka Charlotte Katakuri Ci\u0119 urzek\u0142a? Je\u015bli tak, nie wahaj si\u0119 d\u0142u\u017cej i do\u0142\u0105cz do Big Mom Pirates.<\/h3>\n<p>Niezale\u017cnie od tego, czy jeste\u015b zagorza\u0142ym fanem, czy do\u015bwiadczonym kolekcjonerem, te przedmioty s\u0105 zdecydowanie dla Ciebie. Idealne na prezent, do kolekcjonowania lub jako element dekoracyjny, wzbogac\u0105 Twoj\u0105 kolekcj\u0119. <strong>Tw\u00f3j wszech\u015bwiat One Piece<\/strong>. We\u017a sw\u00f3j los w swoje r\u0119ce, m\u0142ody piracie, i wyrusz na poszukiwanie <strong>Skarb One Piece<\/strong>.<\/p>\n<h2>Informacje o figurce Charlotte Katakuri\u00a0<\/h2>\n<ul>\n<li><span><b><u>Figurka One Piece<\/u><\/b>\u00a0Figurka Premium One Piece dla prawdziwych pirat\u00f3w<\/span><\/li>\n<\/ul>\n<ul>\n<li>\n<b>Materia\u0142<\/b><span>\u00a0<\/span>PCV<\/li>\n<\/ul>\n<ul>\n<li><span><strong>Wymiar<\/strong>\u00a0: 22 cm<\/span><\/li>\n<\/ul>\n<ul>\n<li><span><strong>DARMOWA DOSTAWA<\/strong><\/span><\/li>\n<\/ul>","protected":false},"excerpt":{"rendered":"<p>M\u0142ody piracie, nadszed\u0142 czas, aby\u015b zdoby\u0142 figurk\u0119 Charlotte Katakuri z One Piece. Oto, co musisz o niej wiedzie\u0107: Charlotte Katakuri jest drugim synem i trzecim dzieckiem rodziny Charlotte. Jest r\u00f3wnie\u017c jedn\u0105 z trojaczk\u00f3w urodzonych w tym samym czasie co Oven i Daifuku. Jest [\u2026]<\/p>","protected":false},"featured_media":10259,"comment_status":"open","ping_status":"open","template":"","meta":[],"product_brand":[],"product_cat":[76],"product_tag":[330],"class_list":{"0":"post-10257","1":"product","2":"type-product","3":"status-publish","4":"has-post-thumbnail","6":"product_cat-figurines-one-piece","7":"product_tag-katakuri","9":"first","10":"instock","11":"purchasable","12":"product-type-simple"},"yoast_head":"<!-- This site is optimized with the Yoast SEO plugin v27.5 - https:\/\/yoast.com\/product\/yoast-seo-wordpress\/ -->\n<title>Figurine One Piece Charlotte Katakuri | Figurine One Piece \u2013 Boutique One Piece<\/title>\n<meta name=\"description\" content=\"Jeune pirate, le moment est venu pour toi de te procurer cette Figurine One Piece Charlotte Katakuri. Voici ce que tu dois savoir \u00e0 son sujet ; Charlotte Katakuri est le 2e fils et le 3e enfant de la Famille Charlotte. C&#039;est aussi un des tripl\u00e9s n\u00e9s en m\u00eame temps qu&#039;Oven et Daifuku. Il est l&#039;un des trois Sweet Commande\" \/>\n<meta name=\"robots\" content=\"index, follow, max-snippet:-1, max-image-preview:large, max-video-preview:-1\" \/>\n<link rel=\"canonical\" href=\"https:\/\/boutique-one-piece.com\/pl\/figurki-one-piece\/jednoczesciowa-figurka-charlotte-katakuri\/\" \/>\n<meta property=\"og:locale\" content=\"pl_PL\" \/>\n<meta property=\"og:type\" content=\"article\" \/>\n<meta property=\"og:title\" content=\"Figurine One Piece Charlotte Katakuri | Figurine One Piece \u2013 Boutique One Piece\" \/>\n<meta property=\"og:description\" content=\"Jeune pirate, le moment est venu pour toi de te procurer cette Figurine One Piece Charlotte Katakuri. Voici ce que tu dois savoir \u00e0 son sujet ; Charlotte Katakuri est le 2e fils et le 3e enfant de la Famille Charlotte. C&#039;est aussi un des tripl\u00e9s n\u00e9s en m\u00eame temps qu&#039;Oven et Daifuku. Il est l&#039;un des trois Sweet Commande\" \/>\n<meta property=\"og:url\" content=\"https:\/\/boutique-one-piece.com\/pl\/figurki-one-piece\/jednoczesciowa-figurka-charlotte-katakuri\/\" \/>\n<meta property=\"og:site_name\" content=\"Boutique One Piece\" \/>\n<meta property=\"article:modified_time\" content=\"2024-09-16T12:01:43+00:00\" \/>\n<meta property=\"og:image\" content=\"https:\/\/boutique-one-piece.com\/wp-content\/uploads\/2022\/09\/Figurine-One-Piece-Charlotte-Katakuri-1.jpg\" \/>\n\t<meta property=\"og:image:width\" content=\"600\" \/>\n\t<meta property=\"og:image:height\" content=\"600\" \/>\n\t<meta property=\"og:image:type\" content=\"image\/jpeg\" \/>\n<meta name=\"twitter:card\" content=\"summary_large_image\" \/>\n<meta name=\"twitter:label1\" content=\"Szacowany czas czytania\" \/>\n\t<meta name=\"twitter:data1\" content=\"1 minuta\" \/>\n<script type=\"application\/ld+json\" class=\"yoast-schema-graph\">{\"@context\":\"https:\\\/\\\/schema.org\",\"@graph\":[{\"@type\":\"WebPage\",\"@id\":\"https:\\\/\\\/boutique-one-piece.com\\\/figurines-one-piece\\\/figurine-one-piece-charlotte-katakuri\\\/\",\"url\":\"https:\\\/\\\/boutique-one-piece.com\\\/figurines-one-piece\\\/figurine-one-piece-charlotte-katakuri\\\/\",\"name\":\"Figurine One Piece Charlotte Katakuri | Figurine One Piece \u2013 Boutique One Piece\",\"isPartOf\":{\"@id\":\"https:\\\/\\\/boutique-one-piece.com\\\/#website\"},\"primaryImageOfPage\":{\"@id\":\"https:\\\/\\\/boutique-one-piece.com\\\/figurines-one-piece\\\/figurine-one-piece-charlotte-katakuri\\\/#primaryimage\"},\"image\":{\"@id\":\"https:\\\/\\\/boutique-one-piece.com\\\/figurines-one-piece\\\/figurine-one-piece-charlotte-katakuri\\\/#primaryimage\"},\"thumbnailUrl\":\"https:\\\/\\\/boutique-one-piece.com\\\/wp-content\\\/uploads\\\/2022\\\/09\\\/Figurine-One-Piece-Charlotte-Katakuri-1.jpg\",\"datePublished\":\"2022-09-27T20:33:22+00:00\",\"dateModified\":\"2024-09-16T12:01:43+00:00\",\"description\":\"Jeune pirate, le moment est venu pour toi de te procurer cette Figurine One Piece Charlotte Katakuri. Voici ce que tu dois savoir \u00e0 son sujet ; Charlotte Katakuri est le 2e fils et le 3e enfant de la Famille Charlotte. C'est aussi un des tripl\u00e9s n\u00e9s en m\u00eame temps qu'Oven et Daifuku. Il est l'un des trois Sweet Commande\",\"breadcrumb\":{\"@id\":\"https:\\\/\\\/boutique-one-piece.com\\\/figurines-one-piece\\\/figurine-one-piece-charlotte-katakuri\\\/#breadcrumb\"},\"inLanguage\":\"pl-PL\",\"potentialAction\":[{\"@type\":\"ReadAction\",\"target\":[\"https:\\\/\\\/boutique-one-piece.com\\\/figurines-one-piece\\\/figurine-one-piece-charlotte-katakuri\\\/\"]}]},{\"@type\":\"ImageObject\",\"inLanguage\":\"pl-PL\",\"@id\":\"https:\\\/\\\/boutique-one-piece.com\\\/figurines-one-piece\\\/figurine-one-piece-charlotte-katakuri\\\/#primaryimage\",\"url\":\"https:\\\/\\\/boutique-one-piece.com\\\/wp-content\\\/uploads\\\/2022\\\/09\\\/Figurine-One-Piece-Charlotte-Katakuri-1.jpg\",\"contentUrl\":\"https:\\\/\\\/boutique-one-piece.com\\\/wp-content\\\/uploads\\\/2022\\\/09\\\/Figurine-One-Piece-Charlotte-Katakuri-1.jpg\",\"width\":600,\"height\":600},{\"@type\":\"BreadcrumbList\",\"@id\":\"https:\\\/\\\/boutique-one-piece.com\\\/figurines-one-piece\\\/figurine-one-piece-charlotte-katakuri\\\/#breadcrumb\",\"itemListElement\":[{\"@type\":\"ListItem\",\"position\":1,\"name\":\"Home\",\"item\":\"https:\\\/\\\/boutique-one-piece.com\\\/\"},{\"@type\":\"ListItem\",\"position\":2,\"name\":\"Shop\",\"item\":\"https:\\\/\\\/boutique-one-piece.com\\\/shop\\\/\"},{\"@type\":\"ListItem\",\"position\":3,\"name\":\"Figurine One Piece Charlotte Katakuri\"}]},{\"@type\":\"WebSite\",\"@id\":\"https:\\\/\\\/boutique-one-piece.com\\\/#website\",\"url\":\"https:\\\/\\\/boutique-one-piece.com\\\/\",\"name\":\"Boutique One Piece\",\"description\":\"Magasin Sp\u00e9cialis\u00e9 du Manga et l&#039;Anime One Piece\",\"publisher\":{\"@id\":\"https:\\\/\\\/boutique-one-piece.com\\\/#organization\"},\"potentialAction\":[{\"@type\":\"SearchAction\",\"target\":{\"@type\":\"EntryPoint\",\"urlTemplate\":\"https:\\\/\\\/boutique-one-piece.com\\\/?s={search_term_string}\"},\"query-input\":{\"@type\":\"PropertyValueSpecification\",\"valueRequired\":true,\"valueName\":\"search_term_string\"}}],\"inLanguage\":\"pl-PL\"},{\"@type\":\"Organization\",\"@id\":\"https:\\\/\\\/boutique-one-piece.com\\\/#organization\",\"name\":\"Boutique One Piece\",\"url\":\"https:\\\/\\\/boutique-one-piece.com\\\/\",\"logo\":{\"@type\":\"ImageObject\",\"inLanguage\":\"pl-PL\",\"@id\":\"https:\\\/\\\/boutique-one-piece.com\\\/#\\\/schema\\\/logo\\\/image\\\/\",\"url\":\"https:\\\/\\\/boutique-one-piece.com\\\/wp-content\\\/uploads\\\/2022\\\/09\\\/Logo-01.png\",\"contentUrl\":\"https:\\\/\\\/boutique-one-piece.com\\\/wp-content\\\/uploads\\\/2022\\\/09\\\/Logo-01.png\",\"width\":2318,\"height\":957,\"caption\":\"Boutique One Piece\"},\"image\":{\"@id\":\"https:\\\/\\\/boutique-one-piece.com\\\/#\\\/schema\\\/logo\\\/image\\\/\"}}]}<\/script>\n<!-- \/ Yoast SEO plugin. -->","yoast_head_json":{"title":"Figurka Charlotte Katakuri z One Piece | Figurka One Piece \u2013 Sklep One Piece","description":"M\u0142ody piracie, nadszed\u0142 czas, aby\u015b zdoby\u0142 figurk\u0119 Charlotte Katakuri z One Piece. Oto, co musisz o niej wiedzie\u0107: Charlotte Katakuri jest drugim synem i trzecim dzieckiem rodziny Charlotte. Jest r\u00f3wnie\u017c jedn\u0105 z trojaczk\u00f3w urodzonych w tym samym czasie co Oven i Daifuku. Jest jedn\u0105 z trzech S\u0142odkich Przykaza\u0144.","robots":{"index":"index","follow":"follow","max-snippet":"max-snippet:-1","max-image-preview":"max-image-preview:large","max-video-preview":"max-video-preview:-1"},"canonical":"https:\/\/boutique-one-piece.com\/pl\/figurki-one-piece\/jednoczesciowa-figurka-charlotte-katakuri\/","og_locale":"pl_PL","og_type":"article","og_title":"Figurine One Piece Charlotte Katakuri | Figurine One Piece \u2013 Boutique One Piece","og_description":"Jeune pirate, le moment est venu pour toi de te procurer cette Figurine One Piece Charlotte Katakuri. Voici ce que tu dois savoir \u00e0 son sujet ; Charlotte Katakuri est le 2e fils et le 3e enfant de la Famille Charlotte. C'est aussi un des tripl\u00e9s n\u00e9s en m\u00eame temps qu'Oven et Daifuku. Il est l'un des trois Sweet Commande","og_url":"https:\/\/boutique-one-piece.com\/pl\/figurki-one-piece\/jednoczesciowa-figurka-charlotte-katakuri\/","og_site_name":"Boutique One Piece","article_modified_time":"2024-09-16T12:01:43+00:00","og_image":[{"width":600,"height":600,"url":"https:\/\/boutique-one-piece.com\/wp-content\/uploads\/2022\/09\/Figurine-One-Piece-Charlotte-Katakuri-1.jpg","type":"image\/jpeg"}],"twitter_card":"summary_large_image","twitter_misc":{"Szacowany czas czytania":"1 minuta"},"schema":{"@context":"https:\/\/schema.org","@graph":[{"@type":"WebPage","@id":"https:\/\/boutique-one-piece.com\/figurines-one-piece\/figurine-one-piece-charlotte-katakuri\/","url":"https:\/\/boutique-one-piece.com\/figurines-one-piece\/figurine-one-piece-charlotte-katakuri\/","name":"Figurka Charlotte Katakuri z One Piece | Figurka One Piece \u2013 Sklep One Piece","isPartOf":{"@id":"https:\/\/boutique-one-piece.com\/#website"},"primaryImageOfPage":{"@id":"https:\/\/boutique-one-piece.com\/figurines-one-piece\/figurine-one-piece-charlotte-katakuri\/#primaryimage"},"image":{"@id":"https:\/\/boutique-one-piece.com\/figurines-one-piece\/figurine-one-piece-charlotte-katakuri\/#primaryimage"},"thumbnailUrl":"https:\/\/boutique-one-piece.com\/wp-content\/uploads\/2022\/09\/Figurine-One-Piece-Charlotte-Katakuri-1.jpg","datePublished":"2022-09-27T20:33:22+00:00","dateModified":"2024-09-16T12:01:43+00:00","description":"M\u0142ody piracie, nadszed\u0142 czas, aby\u015b zdoby\u0142 figurk\u0119 Charlotte Katakuri z One Piece. Oto, co musisz o niej wiedzie\u0107: Charlotte Katakuri jest drugim synem i trzecim dzieckiem rodziny Charlotte. Jest r\u00f3wnie\u017c jedn\u0105 z trojaczk\u00f3w urodzonych w tym samym czasie co Oven i Daifuku. Jest jedn\u0105 z trzech S\u0142odkich Przykaza\u0144.","breadcrumb":{"@id":"https:\/\/boutique-one-piece.com\/figurines-one-piece\/figurine-one-piece-charlotte-katakuri\/#breadcrumb"},"inLanguage":"pl-PL","potentialAction":[{"@type":"ReadAction","target":["https:\/\/boutique-one-piece.com\/figurines-one-piece\/figurine-one-piece-charlotte-katakuri\/"]}]},{"@type":"ImageObject","inLanguage":"pl-PL","@id":"https:\/\/boutique-one-piece.com\/figurines-one-piece\/figurine-one-piece-charlotte-katakuri\/#primaryimage","url":"https:\/\/boutique-one-piece.com\/wp-content\/uploads\/2022\/09\/Figurine-One-Piece-Charlotte-Katakuri-1.jpg","contentUrl":"https:\/\/boutique-one-piece.com\/wp-content\/uploads\/2022\/09\/Figurine-One-Piece-Charlotte-Katakuri-1.jpg","width":600,"height":600},{"@type":"BreadcrumbList","@id":"https:\/\/boutique-one-piece.com\/figurines-one-piece\/figurine-one-piece-charlotte-katakuri\/#breadcrumb","itemListElement":[{"@type":"ListItem","position":1,"name":"Home","item":"https:\/\/boutique-one-piece.com\/"},{"@type":"ListItem","position":2,"name":"Shop","item":"https:\/\/boutique-one-piece.com\/shop\/"},{"@type":"ListItem","position":3,"name":"Figurine One Piece Charlotte Katakuri"}]},{"@type":"WebSite","@id":"https:\/\/boutique-one-piece.com\/#website","url":"https:\/\/boutique-one-piece.com\/","name":"One Piece Shop","description":"Sklep specjalistyczny z mang\u0105 i anime One Piece","publisher":{"@id":"https:\/\/boutique-one-piece.com\/#organization"},"potentialAction":[{"@type":"SearchAction","target":{"@type":"EntryPoint","urlTemplate":"https:\/\/boutique-one-piece.com\/?s={search_term_string}"},"query-input":{"@type":"PropertyValueSpecification","valueRequired":true,"valueName":"search_term_string"}}],"inLanguage":"pl-PL"},{"@type":"Organization","@id":"https:\/\/boutique-one-piece.com\/#organization","name":"One Piece Shop","url":"https:\/\/boutique-one-piece.com\/","logo":{"@type":"ImageObject","inLanguage":"pl-PL","@id":"https:\/\/boutique-one-piece.com\/#\/schema\/logo\/image\/","url":"https:\/\/boutique-one-piece.com\/wp-content\/uploads\/2022\/09\/Logo-01.png","contentUrl":"https:\/\/boutique-one-piece.com\/wp-content\/uploads\/2022\/09\/Logo-01.png","width":2318,"height":957,"caption":"Boutique One Piece"},"image":{"@id":"https:\/\/boutique-one-piece.com\/#\/schema\/logo\/image\/"}}]}},"_links":{"self":[{"href":"https:\/\/boutique-one-piece.com\/pl\/wp-json\/wp\/v2\/product\/10257","targetHints":{"allow":["GET"]}}],"collection":[{"href":"https:\/\/boutique-one-piece.com\/pl\/wp-json\/wp\/v2\/product"}],"about":[{"href":"https:\/\/boutique-one-piece.com\/pl\/wp-json\/wp\/v2\/types\/product"}],"replies":[{"embeddable":true,"href":"https:\/\/boutique-one-piece.com\/pl\/wp-json\/wp\/v2\/comments?post=10257"}],"wp:featuredmedia":[{"embeddable":true,"href":"https:\/\/boutique-one-piece.com\/pl\/wp-json\/wp\/v2\/media\/10259"}],"wp:attachment":[{"href":"https:\/\/boutique-one-piece.com\/pl\/wp-json\/wp\/v2\/media?parent=10257"}],"wp:term":[{"taxonomy":"product_brand","embeddable":true,"href":"https:\/\/boutique-one-piece.com\/pl\/wp-json\/wp\/v2\/product_brand?post=10257"},{"taxonomy":"product_cat","embeddable":true,"href":"https:\/\/boutique-one-piece.com\/pl\/wp-json\/wp\/v2\/product_cat?post=10257"},{"taxonomy":"product_tag","embeddable":true,"href":"https:\/\/boutique-one-piece.com\/pl\/wp-json\/wp\/v2\/product_tag?post=10257"}],"curies":[{"name":"wp","href":"https:\/\/api.w.org\/{rel}","templated":true}]}}