{"id":10735,"date":"2022-09-27T20:36:20","date_gmt":"2022-09-27T20:36:20","guid":{"rendered":"https:\/\/boutique-one-piece.com\/uncategorized\/short-de-bain-one-piece-luffy-haki\/"},"modified":"2024-09-16T12:12:40","modified_gmt":"2024-09-16T12:12:40","slug":"jednoczesciowe-spodenki-kapielowe-luffy-haki","status":"publish","type":"product","link":"https:\/\/boutique-one-piece.com\/pl\/ubrania-jednoczesciowe\/jednoczesciowe-spodenki-kapielowe\/jednoczesciowe-spodenki-kapielowe-luffy-haki\/","title":{"rendered":"Jednocz\u0119\u015bciowe spodenki k\u0105pielowe Luffy Haki"},"content":{"rendered":"<p><meta charset=\"utf-8\"><\/p>\n<h2>Jednocz\u0119\u015bciowe spodenki k\u0105pielowe z Luffym w stroju Armament Haki, wysokiej jako\u015bci kostium k\u0105pielowy dla pirata takiego jak ty!<\/h2>\n<p>Je\u015bli jeste\u015b <strong>prawdziwy pirat<\/strong>, B\u0119dziesz doceniany <strong>jako\u015b\u0107 materia\u0142\u00f3w,<\/strong>\u00a0z <strong>projekt <\/strong>I<strong> Drukowanie 3D<\/strong>\u00a0tego <strong>Jednocz\u0119\u015bciowe spodenki k\u0105pielowe<\/strong> Ale co najwa\u017cniejsze, dzi\u0119ki tym spodenkom staniesz si\u0119 cz\u0119\u015bci\u0105 <strong>ekipa fan\u00f3w<\/strong> z <strong>manga piracka<\/strong> i otrzymasz:<\/p>\n<ul>\n<li>\u00a0<strong>Podziw<\/strong> wszystkich fan\u00f3w <strong>mugiwara<\/strong> \u017ce spotkasz<\/li>\n<\/ul>\n<ul>\n<li>Prawdziwy <strong>spodenki k\u0105pielowe z nadrukiem<\/strong> z kt\u00f3rym mo\u017cesz p\u0142ywa\u0107 <strong>Grand Line<\/strong>, Ale b\u0105d\u017a ostro\u017cny, nie zaleca si\u0119 wchodzenia do morza, je\u015bli zjad\u0142e\u015b jednego z nich. <strong>diabelski owoc<\/strong>\n<\/li>\n<\/ul>\n<p>Wi\u0119c gotowy do za\u0142o\u017cenia <strong>kolory przysz\u0142ego Kr\u00f3la Pirat\u00f3w<\/strong>\u00a0?<\/p>\n<h2>Jeste\u015b fanem mangi lub anime One Piece? Poka\u017c to w tych spodenkach k\u0105pielowych!<\/h2>\n<p>Je\u015bli ty <strong>Czyta\u0107<\/strong> lub gdziekolwiek spojrzysz\u00a0<strong>Japo\u0144skie anime<\/strong>, Jest du\u017ca szansa, \u017ce si\u0119 sta\u0142e\u015b <strong>szalony na punkcie One Piece<\/strong> Dzi\u0119ki temu! <strong>spodenki k\u0105pielowe<\/strong> <strong>Luffy Haki<\/strong>, do\u0142\u0105cz do niego <strong>za\u0142oga<\/strong><\/p>\n<p>Te spodenki s\u0105 dost\u0119pne w rozmiarach<span>\u00a0<\/span><strong>XXS, XS, S, M, L, XL<\/strong>, B\u0119dzie pasowa\u0107 ka\u017cdemu typowi pirata, nawet je\u015bli nie masz <strong>miecz<\/strong>\u00a0Lub <strong>diabelski owoc<\/strong> nadal mo\u017cesz to nosi\u0107\u00a0<\/p>\n<p>Podczas<strong> dwuletnia elipsa<\/strong>, <strong>Luffy<\/strong> przeszed\u0142 <strong>intensywne szkolenie<\/strong> z <strong>Rayleigh<\/strong> na wyspie <strong>Ruskaina<\/strong>, na kt\u00f3rym opanowa\u0142 swoje <strong>Haki zdobywcy<\/strong>. <strong>S\u0142omkowy Kapelusz Luffy<\/strong> nie mia\u0142 innego wyboru, jak tylko rozwin\u0105\u0107 kontrol\u0119 nad <strong>p\u0142yn<\/strong> aby m\u00f3c <strong>aby te marzenia si\u0119 spe\u0142ni\u0142y<\/strong>\u00a0!<\/p>\n<p><meta charset=\"utf-8\"><\/p>\n<h3>Nie zapomnij zapozna\u0107 si\u0119 z poni\u017csz\u0105 tabel\u0105 rozmiar\u00f3w.<\/h3>\n<p style=\"text-align: left;\"><span><img decoding=\"async\" alt=\"Tabela rozmiar\u00f3w szort\u00f3w jednocz\u0119\u015bciowych Baim XXS, XS, S, M, L, XL\" src=\"\/\/cdn.shopify.com\/s\/files\/1\/0087\/7556\/5348\/files\/boutque_one__piece_tableau_taille_short_de_bain_large.jpg?v=1560446518\" style=\"float: none;\"><\/span><\/p>\n<h3>Instrukcja prania:<\/h3>\n<ul>\n<li>Pra\u0107 w pralce w temperaturze 30\u00b0C, cykl delikatny<\/li>\n<\/ul>\n<ul>\n<li>Prasowa\u0107 na odwrotnej stronie<\/li>\n<\/ul>\n<p>Dla <strong>zachowa\u0107 jako\u015b\u0107<\/strong> tego\u00a0<strong>Jednocz\u0119\u015bciowe spodenki k\u0105pielowe<\/strong>, Zalecamy, aby\u015b <strong>szacunek<\/strong> THE <strong>instrukcje prania<\/strong>.<\/p>","protected":false},"excerpt":{"rendered":"<p>Short de Bain One Piece avec Luffy qui Utilise le Haki de l&rsquo;Armement, Un\u00a0Maillot de Bain de qualit\u00e9 pour un pirate comme\u00a0toi\u00a0! Si tu es un v\u00e9ritable pirate, tu seras appr\u00e9ci\u00e9 la qualit\u00e9 des mat\u00e9riaux,\u00a0de la conception et de l&rsquo;impression 3D\u00a0de ce short de bain One Piece !\u00a0Mais le plus important, avec ce short tu\u00a0feras [&hellip;]<\/p>","protected":false},"featured_media":10737,"comment_status":"open","ping_status":"open","template":"","meta":[],"product_brand":[],"product_cat":[66],"product_tag":[92],"class_list":{"0":"post-10735","1":"product","2":"type-product","3":"status-publish","4":"has-post-thumbnail","6":"product_cat-shorts-de-bain-one-piece","7":"product_tag-luffy","9":"first","10":"instock","11":"purchasable","12":"product-type-variable","13":"has-default-attributes"},"yoast_head":"<!-- This site is optimized with the Yoast SEO plugin v27.5 - https:\/\/yoast.com\/product\/yoast-seo-wordpress\/ -->\n<title>Short de Bain One Piece Luffy Haki \u2013 Boutique One Piece<\/title>\n<meta name=\"description\" content=\"Maillot de Bain du Manga One Piece Haute Qualit\u00e9 avec Monkey D. Luffy qui utilise le Fluide le Short parfait pour les Pirates qui vont \u00e0 la Mer ou \u00e0 la Piscine\" \/>\n<meta name=\"robots\" content=\"index, follow, max-snippet:-1, max-image-preview:large, max-video-preview:-1\" \/>\n<link rel=\"canonical\" href=\"https:\/\/boutique-one-piece.com\/pl\/ubrania-jednoczesciowe\/jednoczesciowe-spodenki-kapielowe\/jednoczesciowe-spodenki-kapielowe-luffy-haki\/\" \/>\n<meta property=\"og:locale\" content=\"pl_PL\" \/>\n<meta property=\"og:type\" content=\"article\" \/>\n<meta property=\"og:title\" content=\"Short de Bain One Piece Luffy Haki \u2013 Boutique One Piece\" \/>\n<meta property=\"og:description\" content=\"Maillot de Bain du Manga One Piece Haute Qualit\u00e9 avec Monkey D. Luffy qui utilise le Fluide le Short parfait pour les Pirates qui vont \u00e0 la Mer ou \u00e0 la Piscine\" \/>\n<meta property=\"og:url\" content=\"https:\/\/boutique-one-piece.com\/pl\/ubrania-jednoczesciowe\/jednoczesciowe-spodenki-kapielowe\/jednoczesciowe-spodenki-kapielowe-luffy-haki\/\" \/>\n<meta property=\"og:site_name\" content=\"Boutique One Piece\" \/>\n<meta property=\"article:modified_time\" content=\"2024-09-16T12:12:40+00:00\" \/>\n<meta property=\"og:image\" content=\"https:\/\/boutique-one-piece.com\/wp-content\/uploads\/2022\/09\/Short-de-Bain-One-Piece-Luffy-Haki.jpg\" \/>\n\t<meta property=\"og:image:width\" content=\"640\" \/>\n\t<meta property=\"og:image:height\" content=\"636\" \/>\n\t<meta property=\"og:image:type\" content=\"image\/jpeg\" \/>\n<meta name=\"twitter:card\" content=\"summary_large_image\" \/>\n<meta name=\"twitter:label1\" content=\"Szacowany czas czytania\" \/>\n\t<meta name=\"twitter:data1\" content=\"2 minuty\" \/>\n<script type=\"application\/ld+json\" class=\"yoast-schema-graph\">{\"@context\":\"https:\\\/\\\/schema.org\",\"@graph\":[{\"@type\":\"WebPage\",\"@id\":\"https:\\\/\\\/boutique-one-piece.com\\\/vetements-one-piece\\\/shorts-de-bain-one-piece\\\/short-de-bain-one-piece-luffy-haki\\\/\",\"url\":\"https:\\\/\\\/boutique-one-piece.com\\\/vetements-one-piece\\\/shorts-de-bain-one-piece\\\/short-de-bain-one-piece-luffy-haki\\\/\",\"name\":\"Short de Bain One Piece Luffy Haki \u2013 Boutique One Piece\",\"isPartOf\":{\"@id\":\"https:\\\/\\\/boutique-one-piece.com\\\/#website\"},\"primaryImageOfPage\":{\"@id\":\"https:\\\/\\\/boutique-one-piece.com\\\/vetements-one-piece\\\/shorts-de-bain-one-piece\\\/short-de-bain-one-piece-luffy-haki\\\/#primaryimage\"},\"image\":{\"@id\":\"https:\\\/\\\/boutique-one-piece.com\\\/vetements-one-piece\\\/shorts-de-bain-one-piece\\\/short-de-bain-one-piece-luffy-haki\\\/#primaryimage\"},\"thumbnailUrl\":\"https:\\\/\\\/boutique-one-piece.com\\\/wp-content\\\/uploads\\\/2022\\\/09\\\/Short-de-Bain-One-Piece-Luffy-Haki.jpg\",\"datePublished\":\"2022-09-27T20:36:20+00:00\",\"dateModified\":\"2024-09-16T12:12:40+00:00\",\"description\":\"Maillot de Bain du Manga One Piece Haute Qualit\u00e9 avec Monkey D. Luffy qui utilise le Fluide le Short parfait pour les Pirates qui vont \u00e0 la Mer ou \u00e0 la Piscine\",\"breadcrumb\":{\"@id\":\"https:\\\/\\\/boutique-one-piece.com\\\/vetements-one-piece\\\/shorts-de-bain-one-piece\\\/short-de-bain-one-piece-luffy-haki\\\/#breadcrumb\"},\"inLanguage\":\"pl-PL\",\"potentialAction\":[{\"@type\":\"ReadAction\",\"target\":[\"https:\\\/\\\/boutique-one-piece.com\\\/vetements-one-piece\\\/shorts-de-bain-one-piece\\\/short-de-bain-one-piece-luffy-haki\\\/\"]}]},{\"@type\":\"ImageObject\",\"inLanguage\":\"pl-PL\",\"@id\":\"https:\\\/\\\/boutique-one-piece.com\\\/vetements-one-piece\\\/shorts-de-bain-one-piece\\\/short-de-bain-one-piece-luffy-haki\\\/#primaryimage\",\"url\":\"https:\\\/\\\/boutique-one-piece.com\\\/wp-content\\\/uploads\\\/2022\\\/09\\\/Short-de-Bain-One-Piece-Luffy-Haki.jpg\",\"contentUrl\":\"https:\\\/\\\/boutique-one-piece.com\\\/wp-content\\\/uploads\\\/2022\\\/09\\\/Short-de-Bain-One-Piece-Luffy-Haki.jpg\",\"width\":640,\"height\":636,\"caption\":\"Short de Bain One Piece Luffy Haki xl\"},{\"@type\":\"BreadcrumbList\",\"@id\":\"https:\\\/\\\/boutique-one-piece.com\\\/vetements-one-piece\\\/shorts-de-bain-one-piece\\\/short-de-bain-one-piece-luffy-haki\\\/#breadcrumb\",\"itemListElement\":[{\"@type\":\"ListItem\",\"position\":1,\"name\":\"Home\",\"item\":\"https:\\\/\\\/boutique-one-piece.com\\\/\"},{\"@type\":\"ListItem\",\"position\":2,\"name\":\"Shop\",\"item\":\"https:\\\/\\\/boutique-one-piece.com\\\/shop\\\/\"},{\"@type\":\"ListItem\",\"position\":3,\"name\":\"Short de Bain One Piece Luffy Haki\"}]},{\"@type\":\"WebSite\",\"@id\":\"https:\\\/\\\/boutique-one-piece.com\\\/#website\",\"url\":\"https:\\\/\\\/boutique-one-piece.com\\\/\",\"name\":\"Boutique One Piece\",\"description\":\"Magasin Sp\u00e9cialis\u00e9 du Manga et l&#039;Anime One Piece\",\"publisher\":{\"@id\":\"https:\\\/\\\/boutique-one-piece.com\\\/#organization\"},\"potentialAction\":[{\"@type\":\"SearchAction\",\"target\":{\"@type\":\"EntryPoint\",\"urlTemplate\":\"https:\\\/\\\/boutique-one-piece.com\\\/?s={search_term_string}\"},\"query-input\":{\"@type\":\"PropertyValueSpecification\",\"valueRequired\":true,\"valueName\":\"search_term_string\"}}],\"inLanguage\":\"pl-PL\"},{\"@type\":\"Organization\",\"@id\":\"https:\\\/\\\/boutique-one-piece.com\\\/#organization\",\"name\":\"Boutique One Piece\",\"url\":\"https:\\\/\\\/boutique-one-piece.com\\\/\",\"logo\":{\"@type\":\"ImageObject\",\"inLanguage\":\"pl-PL\",\"@id\":\"https:\\\/\\\/boutique-one-piece.com\\\/#\\\/schema\\\/logo\\\/image\\\/\",\"url\":\"https:\\\/\\\/boutique-one-piece.com\\\/wp-content\\\/uploads\\\/2022\\\/09\\\/Logo-01.png\",\"contentUrl\":\"https:\\\/\\\/boutique-one-piece.com\\\/wp-content\\\/uploads\\\/2022\\\/09\\\/Logo-01.png\",\"width\":2318,\"height\":957,\"caption\":\"Boutique One Piece\"},\"image\":{\"@id\":\"https:\\\/\\\/boutique-one-piece.com\\\/#\\\/schema\\\/logo\\\/image\\\/\"}}]}<\/script>\n<!-- \/ Yoast SEO plugin. -->","yoast_head_json":{"title":"One Piece Luffy Haki Swim Shorts \u2013 Sklep One Piece","description":"Wysokiej jako\u015bci kostium k\u0105pielowy w stylu mangi One Piece z Monkey D. Luffy&#039;m graj\u0105cym Haki; idealne spodenki dla pirat\u00f3w wybieraj\u0105cych si\u0119 na morze lub basen.","robots":{"index":"index","follow":"follow","max-snippet":"max-snippet:-1","max-image-preview":"max-image-preview:large","max-video-preview":"max-video-preview:-1"},"canonical":"https:\/\/boutique-one-piece.com\/pl\/ubrania-jednoczesciowe\/jednoczesciowe-spodenki-kapielowe\/jednoczesciowe-spodenki-kapielowe-luffy-haki\/","og_locale":"pl_PL","og_type":"article","og_title":"Short de Bain One Piece Luffy Haki \u2013 Boutique One Piece","og_description":"Maillot de Bain du Manga One Piece Haute Qualit\u00e9 avec Monkey D. Luffy qui utilise le Fluide le Short parfait pour les Pirates qui vont \u00e0 la Mer ou \u00e0 la Piscine","og_url":"https:\/\/boutique-one-piece.com\/pl\/ubrania-jednoczesciowe\/jednoczesciowe-spodenki-kapielowe\/jednoczesciowe-spodenki-kapielowe-luffy-haki\/","og_site_name":"Boutique One Piece","article_modified_time":"2024-09-16T12:12:40+00:00","og_image":[{"width":640,"height":636,"url":"https:\/\/boutique-one-piece.com\/wp-content\/uploads\/2022\/09\/Short-de-Bain-One-Piece-Luffy-Haki.jpg","type":"image\/jpeg"}],"twitter_card":"summary_large_image","twitter_misc":{"Szacowany czas czytania":"2 minuty"},"schema":{"@context":"https:\/\/schema.org","@graph":[{"@type":"WebPage","@id":"https:\/\/boutique-one-piece.com\/vetements-one-piece\/shorts-de-bain-one-piece\/short-de-bain-one-piece-luffy-haki\/","url":"https:\/\/boutique-one-piece.com\/vetements-one-piece\/shorts-de-bain-one-piece\/short-de-bain-one-piece-luffy-haki\/","name":"One Piece Luffy Haki Swim Shorts \u2013 Sklep One Piece","isPartOf":{"@id":"https:\/\/boutique-one-piece.com\/#website"},"primaryImageOfPage":{"@id":"https:\/\/boutique-one-piece.com\/vetements-one-piece\/shorts-de-bain-one-piece\/short-de-bain-one-piece-luffy-haki\/#primaryimage"},"image":{"@id":"https:\/\/boutique-one-piece.com\/vetements-one-piece\/shorts-de-bain-one-piece\/short-de-bain-one-piece-luffy-haki\/#primaryimage"},"thumbnailUrl":"https:\/\/boutique-one-piece.com\/wp-content\/uploads\/2022\/09\/Short-de-Bain-One-Piece-Luffy-Haki.jpg","datePublished":"2022-09-27T20:36:20+00:00","dateModified":"2024-09-16T12:12:40+00:00","description":"Wysokiej jako\u015bci kostium k\u0105pielowy w stylu mangi One Piece z Monkey D. Luffy&#039;m graj\u0105cym Haki; idealne spodenki dla pirat\u00f3w wybieraj\u0105cych si\u0119 na morze lub basen.","breadcrumb":{"@id":"https:\/\/boutique-one-piece.com\/vetements-one-piece\/shorts-de-bain-one-piece\/short-de-bain-one-piece-luffy-haki\/#breadcrumb"},"inLanguage":"pl-PL","potentialAction":[{"@type":"ReadAction","target":["https:\/\/boutique-one-piece.com\/vetements-one-piece\/shorts-de-bain-one-piece\/short-de-bain-one-piece-luffy-haki\/"]}]},{"@type":"ImageObject","inLanguage":"pl-PL","@id":"https:\/\/boutique-one-piece.com\/vetements-one-piece\/shorts-de-bain-one-piece\/short-de-bain-one-piece-luffy-haki\/#primaryimage","url":"https:\/\/boutique-one-piece.com\/wp-content\/uploads\/2022\/09\/Short-de-Bain-One-Piece-Luffy-Haki.jpg","contentUrl":"https:\/\/boutique-one-piece.com\/wp-content\/uploads\/2022\/09\/Short-de-Bain-One-Piece-Luffy-Haki.jpg","width":640,"height":636,"caption":"Short de Bain One Piece Luffy Haki xl"},{"@type":"BreadcrumbList","@id":"https:\/\/boutique-one-piece.com\/vetements-one-piece\/shorts-de-bain-one-piece\/short-de-bain-one-piece-luffy-haki\/#breadcrumb","itemListElement":[{"@type":"ListItem","position":1,"name":"Home","item":"https:\/\/boutique-one-piece.com\/"},{"@type":"ListItem","position":2,"name":"Shop","item":"https:\/\/boutique-one-piece.com\/shop\/"},{"@type":"ListItem","position":3,"name":"Short de Bain One Piece Luffy Haki"}]},{"@type":"WebSite","@id":"https:\/\/boutique-one-piece.com\/#website","url":"https:\/\/boutique-one-piece.com\/","name":"One Piece Shop","description":"Sklep specjalistyczny z mang\u0105 i anime One Piece","publisher":{"@id":"https:\/\/boutique-one-piece.com\/#organization"},"potentialAction":[{"@type":"SearchAction","target":{"@type":"EntryPoint","urlTemplate":"https:\/\/boutique-one-piece.com\/?s={search_term_string}"},"query-input":{"@type":"PropertyValueSpecification","valueRequired":true,"valueName":"search_term_string"}}],"inLanguage":"pl-PL"},{"@type":"Organization","@id":"https:\/\/boutique-one-piece.com\/#organization","name":"One Piece Shop","url":"https:\/\/boutique-one-piece.com\/","logo":{"@type":"ImageObject","inLanguage":"pl-PL","@id":"https:\/\/boutique-one-piece.com\/#\/schema\/logo\/image\/","url":"https:\/\/boutique-one-piece.com\/wp-content\/uploads\/2022\/09\/Logo-01.png","contentUrl":"https:\/\/boutique-one-piece.com\/wp-content\/uploads\/2022\/09\/Logo-01.png","width":2318,"height":957,"caption":"Boutique One Piece"},"image":{"@id":"https:\/\/boutique-one-piece.com\/#\/schema\/logo\/image\/"}}]}},"_links":{"self":[{"href":"https:\/\/boutique-one-piece.com\/pl\/wp-json\/wp\/v2\/product\/10735","targetHints":{"allow":["GET"]}}],"collection":[{"href":"https:\/\/boutique-one-piece.com\/pl\/wp-json\/wp\/v2\/product"}],"about":[{"href":"https:\/\/boutique-one-piece.com\/pl\/wp-json\/wp\/v2\/types\/product"}],"replies":[{"embeddable":true,"href":"https:\/\/boutique-one-piece.com\/pl\/wp-json\/wp\/v2\/comments?post=10735"}],"wp:featuredmedia":[{"embeddable":true,"href":"https:\/\/boutique-one-piece.com\/pl\/wp-json\/wp\/v2\/media\/10737"}],"wp:attachment":[{"href":"https:\/\/boutique-one-piece.com\/pl\/wp-json\/wp\/v2\/media?parent=10735"}],"wp:term":[{"taxonomy":"product_brand","embeddable":true,"href":"https:\/\/boutique-one-piece.com\/pl\/wp-json\/wp\/v2\/product_brand?post=10735"},{"taxonomy":"product_cat","embeddable":true,"href":"https:\/\/boutique-one-piece.com\/pl\/wp-json\/wp\/v2\/product_cat?post=10735"},{"taxonomy":"product_tag","embeddable":true,"href":"https:\/\/boutique-one-piece.com\/pl\/wp-json\/wp\/v2\/product_tag?post=10735"}],"curies":[{"name":"wp","href":"https:\/\/api.w.org\/{rel}","templated":true}]}}