{"id":10862,"date":"2022-09-27T20:37:09","date_gmt":"2022-09-27T20:37:09","guid":{"rendered":"https:\/\/boutique-one-piece.com\/uncategorized\/drapeau-franky\/"},"modified":"2024-09-16T12:15:33","modified_gmt":"2024-09-16T12:15:33","slug":"flaga-frankyego","status":"publish","type":"product","link":"https:\/\/boutique-one-piece.com\/pl\/dekoracje-one-piece\/flagi-one-piece\/flaga-frankyego\/","title":{"rendered":"Flaga Franky&#039;ego"},"content":{"rendered":"<h2>M\u0142ody Nakama, zdob\u0105d\u017a t\u0119 flag\u0119 Franky&#039;ego.<\/h2>\n<p>Z pewno\u015bci\u0105 jeste\u015b tego \u015bwiadomy <strong>Franky<\/strong>, kt\u00f3rego prawdziwe nazwisko brzmi Cutty Flam, jest <strong>stolarz<\/strong> Za\u0142ogi S\u0142omkowego Kapelusza. Franky to cyborg zwerbowany w Water Seven, kt\u00f3ry pojawi\u0142 si\u0119 w historii jako przyw\u00f3dca Rodziny Franky, grupy zajmuj\u0105cej si\u0119 demonta\u017cem statk\u00f3w.<\/p>\n<p>Jest te\u017c pierwszym cyborgiem wprowadzonym w serii. W rzeczywisto\u015bci, zanim do\u0142\u0105czy\u0142 do za\u0142ogi S\u0142omkowego Kapelusza, to w\u0142a\u015bnie Usopp odpowiada\u0142 za napraw\u0119 Going Merry (\u0142ataj\u0105c dziury wszystkim, co uda\u0142o mu si\u0119 znale\u017a\u0107); Franky przej\u0105\u0142 dowodzenie, gdy ten drugi i <strong>Tysi\u0105c S\u0142oneczny<\/strong> do\u0142\u0105czy\u0142 do za\u0142ogi. Co wi\u0119cej, <a title=\"FLAGA USOPP\" href=\"https:\/\/boutique-one-piece.com\/pl\/flaga-usoppa\/\" target=\"_blank\" rel=\"noopener\">Flaga Usoppa<\/a> jest w Twoim zasi\u0119gu.<\/p>\n<h3>Czy flaga Franky&#039;ego Ci\u0119 urzek\u0142a? Je\u015bli tak, poka\u017c j\u0105 z dum\u0105 i oddaj ho\u0142d cyborgowi z za\u0142ogi S\u0142omkowego Kapelusza.<\/h3>\n<p>Niezale\u017cnie od tego, czy jeste\u015b zagorza\u0142ym fanem, czy do\u015bwiadczonym kolekcjonerem, nie szukaj dalej, te legendarne przedmioty s\u0105 zdecydowanie dla Ciebie. Idealne na prezent, ozdob\u0119 lub po prostu uzupe\u0142nienie kolekcji \u2013 te przedmioty wzbogac\u0105 Twoj\u0105 kolekcj\u0119. <strong>Tw\u00f3j wszech\u015bwiat One Piece<\/strong>. Tylko od Ciebie zale\u017cy, czy nim zostaniesz. <strong>pirat<\/strong> s\u0142ynny.<\/p>\n<h2>Informacje o fladze Franky&#039;ego:<\/h2>\n<ul>\n<li>\n<strong><u>Flaga One Piece<\/u><\/strong>\u00a0Oryginalna piracka flaga One Piece dla prawdziwych fan\u00f3w<\/li>\n<\/ul>\n<ul>\n<li>\n<strong>Wysoka jako\u015b\u0107 druku<\/strong>\u00a0dok\u0142adne kolory<\/li>\n<\/ul>\n<ul>\n<li>\n<strong>Materia\u0142<\/strong>\u00a0Poliester<\/li>\n<\/ul>\n<ul>\n<li>\n<strong>Wymiar<\/strong>\u00a0: 100 cm X 100 cm lub 90 cm X 150 cm<\/li>\n<\/ul>\n<ul>\n<li><strong>DARMOWA DOSTAWA<\/strong><\/li>\n<\/ul>","protected":false},"excerpt":{"rendered":"<p>M\u0142ody Nakama, zdob\u0105d\u017a t\u0119 Flag\u0119 Franky&#039;ego. Na pewno wiesz, \u017ce Franky, kt\u00f3rego prawdziwe imi\u0119 to Cutty Flam, jest szkutnikiem za\u0142ogi S\u0142omkowego Kapelusza. Franky to cyborg zrekrutowany z Water Seven, kt\u00f3ry pojawi\u0142 si\u0119 w historii jako przyw\u00f3dca Rodziny Franky, grupy \u0142amaczy ko\u015bci [\u2026]<\/p>","protected":false},"featured_media":10864,"comment_status":"open","ping_status":"open","template":"","meta":[],"product_brand":[],"product_cat":[212],"product_tag":[129],"class_list":{"0":"post-10862","1":"product","2":"type-product","3":"status-publish","4":"has-post-thumbnail","6":"product_cat-drapeaux-one-piece","7":"product_tag-franky","9":"first","10":"instock","11":"purchasable","12":"product-type-variable","13":"has-default-attributes"},"yoast_head":"<!-- This site is optimized with the Yoast SEO plugin v27.5 - https:\/\/yoast.com\/product\/yoast-seo-wordpress\/ -->\n<title>Drapeau Franky | Boutique One Piece<\/title>\n<meta name=\"description\" content=\"D\u00e9couvrez le Drapeau One Piece Franky, d\u00e9corez votre pi\u00e8ce en rejoignant la flotte du Cyborg Charpentier ! Commencez votre aventure recherche du One Piece dans l&#039;\u00e9quipage du Chapeau de Paille\" \/>\n<meta name=\"robots\" content=\"index, follow, max-snippet:-1, max-image-preview:large, max-video-preview:-1\" \/>\n<link rel=\"canonical\" href=\"https:\/\/boutique-one-piece.com\/pl\/dekoracje-one-piece\/flagi-one-piece\/flaga-frankyego\/\" \/>\n<meta property=\"og:locale\" content=\"pl_PL\" \/>\n<meta property=\"og:type\" content=\"article\" \/>\n<meta property=\"og:title\" content=\"Drapeau Franky | Boutique One Piece\" \/>\n<meta property=\"og:description\" content=\"D\u00e9couvrez le Drapeau One Piece Franky, d\u00e9corez votre pi\u00e8ce en rejoignant la flotte du Cyborg Charpentier ! Commencez votre aventure recherche du One Piece dans l&#039;\u00e9quipage du Chapeau de Paille\" \/>\n<meta property=\"og:url\" content=\"https:\/\/boutique-one-piece.com\/pl\/dekoracje-one-piece\/flagi-one-piece\/flaga-frankyego\/\" \/>\n<meta property=\"og:site_name\" content=\"Boutique One Piece\" \/>\n<meta property=\"article:modified_time\" content=\"2024-09-16T12:15:33+00:00\" \/>\n<meta property=\"og:image\" content=\"https:\/\/boutique-one-piece.com\/wp-content\/uploads\/2022\/09\/Drapeau-Franky.jpg\" \/>\n\t<meta property=\"og:image:width\" content=\"800\" \/>\n\t<meta property=\"og:image:height\" content=\"694\" \/>\n\t<meta property=\"og:image:type\" content=\"image\/jpeg\" \/>\n<meta name=\"twitter:card\" content=\"summary_large_image\" \/>\n<meta name=\"twitter:label1\" content=\"Szacowany czas czytania\" \/>\n\t<meta name=\"twitter:data1\" content=\"1 minuta\" \/>\n<script type=\"application\/ld+json\" class=\"yoast-schema-graph\">{\"@context\":\"https:\\\/\\\/schema.org\",\"@graph\":[{\"@type\":\"WebPage\",\"@id\":\"https:\\\/\\\/boutique-one-piece.com\\\/decorations-one-piece\\\/drapeaux-one-piece\\\/drapeau-franky\\\/\",\"url\":\"https:\\\/\\\/boutique-one-piece.com\\\/decorations-one-piece\\\/drapeaux-one-piece\\\/drapeau-franky\\\/\",\"name\":\"Drapeau Franky | Boutique One Piece\",\"isPartOf\":{\"@id\":\"https:\\\/\\\/boutique-one-piece.com\\\/#website\"},\"primaryImageOfPage\":{\"@id\":\"https:\\\/\\\/boutique-one-piece.com\\\/decorations-one-piece\\\/drapeaux-one-piece\\\/drapeau-franky\\\/#primaryimage\"},\"image\":{\"@id\":\"https:\\\/\\\/boutique-one-piece.com\\\/decorations-one-piece\\\/drapeaux-one-piece\\\/drapeau-franky\\\/#primaryimage\"},\"thumbnailUrl\":\"https:\\\/\\\/boutique-one-piece.com\\\/wp-content\\\/uploads\\\/2022\\\/09\\\/Drapeau-Franky.jpg\",\"datePublished\":\"2022-09-27T20:37:09+00:00\",\"dateModified\":\"2024-09-16T12:15:33+00:00\",\"description\":\"D\u00e9couvrez le Drapeau One Piece Franky, d\u00e9corez votre pi\u00e8ce en rejoignant la flotte du Cyborg Charpentier ! Commencez votre aventure recherche du One Piece dans l'\u00e9quipage du Chapeau de Paille\",\"breadcrumb\":{\"@id\":\"https:\\\/\\\/boutique-one-piece.com\\\/decorations-one-piece\\\/drapeaux-one-piece\\\/drapeau-franky\\\/#breadcrumb\"},\"inLanguage\":\"pl-PL\",\"potentialAction\":[{\"@type\":\"ReadAction\",\"target\":[\"https:\\\/\\\/boutique-one-piece.com\\\/decorations-one-piece\\\/drapeaux-one-piece\\\/drapeau-franky\\\/\"]}]},{\"@type\":\"ImageObject\",\"inLanguage\":\"pl-PL\",\"@id\":\"https:\\\/\\\/boutique-one-piece.com\\\/decorations-one-piece\\\/drapeaux-one-piece\\\/drapeau-franky\\\/#primaryimage\",\"url\":\"https:\\\/\\\/boutique-one-piece.com\\\/wp-content\\\/uploads\\\/2022\\\/09\\\/Drapeau-Franky.jpg\",\"contentUrl\":\"https:\\\/\\\/boutique-one-piece.com\\\/wp-content\\\/uploads\\\/2022\\\/09\\\/Drapeau-Franky.jpg\",\"width\":800,\"height\":694,\"caption\":\"Drapeau Franky 90x150cm\"},{\"@type\":\"BreadcrumbList\",\"@id\":\"https:\\\/\\\/boutique-one-piece.com\\\/decorations-one-piece\\\/drapeaux-one-piece\\\/drapeau-franky\\\/#breadcrumb\",\"itemListElement\":[{\"@type\":\"ListItem\",\"position\":1,\"name\":\"Home\",\"item\":\"https:\\\/\\\/boutique-one-piece.com\\\/\"},{\"@type\":\"ListItem\",\"position\":2,\"name\":\"Shop\",\"item\":\"https:\\\/\\\/boutique-one-piece.com\\\/shop\\\/\"},{\"@type\":\"ListItem\",\"position\":3,\"name\":\"Drapeau Franky\"}]},{\"@type\":\"WebSite\",\"@id\":\"https:\\\/\\\/boutique-one-piece.com\\\/#website\",\"url\":\"https:\\\/\\\/boutique-one-piece.com\\\/\",\"name\":\"Boutique One Piece\",\"description\":\"Magasin Sp\u00e9cialis\u00e9 du Manga et l&#039;Anime One Piece\",\"publisher\":{\"@id\":\"https:\\\/\\\/boutique-one-piece.com\\\/#organization\"},\"potentialAction\":[{\"@type\":\"SearchAction\",\"target\":{\"@type\":\"EntryPoint\",\"urlTemplate\":\"https:\\\/\\\/boutique-one-piece.com\\\/?s={search_term_string}\"},\"query-input\":{\"@type\":\"PropertyValueSpecification\",\"valueRequired\":true,\"valueName\":\"search_term_string\"}}],\"inLanguage\":\"pl-PL\"},{\"@type\":\"Organization\",\"@id\":\"https:\\\/\\\/boutique-one-piece.com\\\/#organization\",\"name\":\"Boutique One Piece\",\"url\":\"https:\\\/\\\/boutique-one-piece.com\\\/\",\"logo\":{\"@type\":\"ImageObject\",\"inLanguage\":\"pl-PL\",\"@id\":\"https:\\\/\\\/boutique-one-piece.com\\\/#\\\/schema\\\/logo\\\/image\\\/\",\"url\":\"https:\\\/\\\/boutique-one-piece.com\\\/wp-content\\\/uploads\\\/2022\\\/09\\\/Logo-01.png\",\"contentUrl\":\"https:\\\/\\\/boutique-one-piece.com\\\/wp-content\\\/uploads\\\/2022\\\/09\\\/Logo-01.png\",\"width\":2318,\"height\":957,\"caption\":\"Boutique One Piece\"},\"image\":{\"@id\":\"https:\\\/\\\/boutique-one-piece.com\\\/#\\\/schema\\\/logo\\\/image\\\/\"}}]}<\/script>\n<!-- \/ Yoast SEO plugin. -->","yoast_head_json":{"title":"Franky Flag | Sklep One Piece","description":"Odkryj flag\u0119 Franky&#039;ego z One Piece i udekoruj sw\u00f3j pok\u00f3j, do\u0142\u0105czaj\u0105c do floty Cyborg Shipwright! Rozpocznij swoj\u0105 przygod\u0119 z poszukiwaniami One Piece z za\u0142og\u0105 S\u0142omkowego Kapelusza.","robots":{"index":"index","follow":"follow","max-snippet":"max-snippet:-1","max-image-preview":"max-image-preview:large","max-video-preview":"max-video-preview:-1"},"canonical":"https:\/\/boutique-one-piece.com\/pl\/dekoracje-one-piece\/flagi-one-piece\/flaga-frankyego\/","og_locale":"pl_PL","og_type":"article","og_title":"Drapeau Franky | Boutique One Piece","og_description":"D\u00e9couvrez le Drapeau One Piece Franky, d\u00e9corez votre pi\u00e8ce en rejoignant la flotte du Cyborg Charpentier ! Commencez votre aventure recherche du One Piece dans l'\u00e9quipage du Chapeau de Paille","og_url":"https:\/\/boutique-one-piece.com\/pl\/dekoracje-one-piece\/flagi-one-piece\/flaga-frankyego\/","og_site_name":"Boutique One Piece","article_modified_time":"2024-09-16T12:15:33+00:00","og_image":[{"width":800,"height":694,"url":"https:\/\/boutique-one-piece.com\/wp-content\/uploads\/2022\/09\/Drapeau-Franky.jpg","type":"image\/jpeg"}],"twitter_card":"summary_large_image","twitter_misc":{"Szacowany czas czytania":"1 minuta"},"schema":{"@context":"https:\/\/schema.org","@graph":[{"@type":"WebPage","@id":"https:\/\/boutique-one-piece.com\/decorations-one-piece\/drapeaux-one-piece\/drapeau-franky\/","url":"https:\/\/boutique-one-piece.com\/decorations-one-piece\/drapeaux-one-piece\/drapeau-franky\/","name":"Franky Flag | Sklep One Piece","isPartOf":{"@id":"https:\/\/boutique-one-piece.com\/#website"},"primaryImageOfPage":{"@id":"https:\/\/boutique-one-piece.com\/decorations-one-piece\/drapeaux-one-piece\/drapeau-franky\/#primaryimage"},"image":{"@id":"https:\/\/boutique-one-piece.com\/decorations-one-piece\/drapeaux-one-piece\/drapeau-franky\/#primaryimage"},"thumbnailUrl":"https:\/\/boutique-one-piece.com\/wp-content\/uploads\/2022\/09\/Drapeau-Franky.jpg","datePublished":"2022-09-27T20:37:09+00:00","dateModified":"2024-09-16T12:15:33+00:00","description":"Odkryj flag\u0119 Franky&#039;ego z One Piece i udekoruj sw\u00f3j pok\u00f3j, do\u0142\u0105czaj\u0105c do floty Cyborg Shipwright! Rozpocznij swoj\u0105 przygod\u0119 z poszukiwaniami One Piece z za\u0142og\u0105 S\u0142omkowego Kapelusza.","breadcrumb":{"@id":"https:\/\/boutique-one-piece.com\/decorations-one-piece\/drapeaux-one-piece\/drapeau-franky\/#breadcrumb"},"inLanguage":"pl-PL","potentialAction":[{"@type":"ReadAction","target":["https:\/\/boutique-one-piece.com\/decorations-one-piece\/drapeaux-one-piece\/drapeau-franky\/"]}]},{"@type":"ImageObject","inLanguage":"pl-PL","@id":"https:\/\/boutique-one-piece.com\/decorations-one-piece\/drapeaux-one-piece\/drapeau-franky\/#primaryimage","url":"https:\/\/boutique-one-piece.com\/wp-content\/uploads\/2022\/09\/Drapeau-Franky.jpg","contentUrl":"https:\/\/boutique-one-piece.com\/wp-content\/uploads\/2022\/09\/Drapeau-Franky.jpg","width":800,"height":694,"caption":"Drapeau Franky 90x150cm"},{"@type":"BreadcrumbList","@id":"https:\/\/boutique-one-piece.com\/decorations-one-piece\/drapeaux-one-piece\/drapeau-franky\/#breadcrumb","itemListElement":[{"@type":"ListItem","position":1,"name":"Home","item":"https:\/\/boutique-one-piece.com\/"},{"@type":"ListItem","position":2,"name":"Shop","item":"https:\/\/boutique-one-piece.com\/shop\/"},{"@type":"ListItem","position":3,"name":"Drapeau Franky"}]},{"@type":"WebSite","@id":"https:\/\/boutique-one-piece.com\/#website","url":"https:\/\/boutique-one-piece.com\/","name":"One Piece Shop","description":"Sklep specjalistyczny z mang\u0105 i anime One Piece","publisher":{"@id":"https:\/\/boutique-one-piece.com\/#organization"},"potentialAction":[{"@type":"SearchAction","target":{"@type":"EntryPoint","urlTemplate":"https:\/\/boutique-one-piece.com\/?s={search_term_string}"},"query-input":{"@type":"PropertyValueSpecification","valueRequired":true,"valueName":"search_term_string"}}],"inLanguage":"pl-PL"},{"@type":"Organization","@id":"https:\/\/boutique-one-piece.com\/#organization","name":"One Piece Shop","url":"https:\/\/boutique-one-piece.com\/","logo":{"@type":"ImageObject","inLanguage":"pl-PL","@id":"https:\/\/boutique-one-piece.com\/#\/schema\/logo\/image\/","url":"https:\/\/boutique-one-piece.com\/wp-content\/uploads\/2022\/09\/Logo-01.png","contentUrl":"https:\/\/boutique-one-piece.com\/wp-content\/uploads\/2022\/09\/Logo-01.png","width":2318,"height":957,"caption":"Boutique One Piece"},"image":{"@id":"https:\/\/boutique-one-piece.com\/#\/schema\/logo\/image\/"}}]}},"_links":{"self":[{"href":"https:\/\/boutique-one-piece.com\/pl\/wp-json\/wp\/v2\/product\/10862","targetHints":{"allow":["GET"]}}],"collection":[{"href":"https:\/\/boutique-one-piece.com\/pl\/wp-json\/wp\/v2\/product"}],"about":[{"href":"https:\/\/boutique-one-piece.com\/pl\/wp-json\/wp\/v2\/types\/product"}],"replies":[{"embeddable":true,"href":"https:\/\/boutique-one-piece.com\/pl\/wp-json\/wp\/v2\/comments?post=10862"}],"wp:featuredmedia":[{"embeddable":true,"href":"https:\/\/boutique-one-piece.com\/pl\/wp-json\/wp\/v2\/media\/10864"}],"wp:attachment":[{"href":"https:\/\/boutique-one-piece.com\/pl\/wp-json\/wp\/v2\/media?parent=10862"}],"wp:term":[{"taxonomy":"product_brand","embeddable":true,"href":"https:\/\/boutique-one-piece.com\/pl\/wp-json\/wp\/v2\/product_brand?post=10862"},{"taxonomy":"product_cat","embeddable":true,"href":"https:\/\/boutique-one-piece.com\/pl\/wp-json\/wp\/v2\/product_cat?post=10862"},{"taxonomy":"product_tag","embeddable":true,"href":"https:\/\/boutique-one-piece.com\/pl\/wp-json\/wp\/v2\/product_tag?post=10862"}],"curies":[{"name":"wp","href":"https:\/\/api.w.org\/{rel}","templated":true}]}}