{"id":11091,"date":"2022-09-27T20:38:37","date_gmt":"2022-09-27T20:38:37","guid":{"rendered":"https:\/\/boutique-one-piece.com\/uncategorized\/figurine-one-piece-barbe-blanche\/"},"modified":"2024-09-16T12:21:36","modified_gmt":"2024-09-16T12:21:36","slug":"figurka-jednoczesciowa-z-biala-broda","status":"publish","type":"product","link":"https:\/\/boutique-one-piece.com\/pl\/figurki-one-piece\/figurki-edwarda-newgatea\/figurka-jednoczesciowa-z-biala-broda\/","title":{"rendered":"One Piece Whitebeard Figure"},"content":{"rendered":"<h2>M\u0142ody piracie, nadszed\u0142 czas, aby\u015b zdoby\u0142 t\u0119 figurk\u0119 One Piece Whitebearda.<\/h2>\n<p>Z pewno\u015bci\u0105 wiesz, \u017ce Edward Newgate, znany r\u00f3wnie\u017c jako <strong>Bia\u0142obrody, \u00abNajsilniejszy cz\u0142owiek \u015bwiata\u00bb<\/strong>, uwa\u017cany r\u00f3wnie\u017c za cz\u0142owieka \u00abnajbli\u017cszego One Piece\u00bb, by\u0142 kapitanem Pirat\u00f3w Bia\u0142obrodego. Bia\u0142obrody by\u0142 jednym z <strong>Czterech cesarzy<\/strong> za \u017cycia, ale zgin\u0105\u0142 w bitwie pod Marineford z r\u0105k swojego by\u0142ego podw\u0142adnego, marsza\u0142ka D. Teacha (i jego za\u0142ogi). Zna\u0142 znaczenie testamentu D. Teacha.<\/p>\n<p>Jego ostatnie s\u0142owa przewidywa\u0142y, \u017ce jedna osoba rzuci wyzwanie ca\u0142emu \u015bwiatu, \u017ce b\u0119dzie to wojna jeszcze wi\u0119ksza ni\u017c ta, kt\u00f3r\u0105 stoczy\u0142 <strong>Marineford<\/strong> nadejdzie i w ko\u0144cu og\u0142osi, \u017ce One Piece naprawd\u0119 istnia\u0142. Jest pierwszym protagonist\u0105 w\u0105tku Marineford, za nim plasuje si\u0119 Luffy, a na trzecim miejscu Ace. A tak przy okazji, je\u015bli chcesz poszerzy\u0107 swoj\u0105 kolekcj\u0119 figurek, <a title=\"ONE PIECE ACE SKAKAJ\u0104CA FIGURA\" href=\"https:\/\/boutique-one-piece.com\/pl\/figurka-asa-kucajacego-z-one-piece\/\" target=\"_blank\" rel=\"noopener\">Figurka asa \u00abkucaj\u0105ca\u00bb<\/a> jest w Twoim zasi\u0119gu.<\/p>\n<h3>Czy figurka Bia\u0142obrodego Ci\u0119 urzek\u0142a? Je\u015bli tak, nie czekaj d\u0142u\u017cej i skorzystaj z okazji, by prze\u017cy\u0107 wojn\u0119 w Marineford razem z nim.<\/h3>\n<p>M\u0142ody piracie, nadszed\u0142 czas, aby\u015b wzi\u0105\u0142 sw\u00f3j los we w\u0142asne r\u0119ce. Niezale\u017cnie od tego, czy jeste\u015b zagorza\u0142ym fanem, czy do\u015bwiadczonym kolekcjonerem, nie szukaj dalej. <strong>mityczne przedmioty<\/strong> Zdecydowanie dla Ciebie. Idealne na prezent, dekoracj\u0119 lub do kolekcjonowania, te przedmioty u\u015bwietni\u0105 <strong>Tw\u00f3j wszech\u015bwiat One Piece<\/strong>.<\/p>\n<h2>Informacje o figurce Bia\u0142obrodego\u00a0<\/h2>\n<ul>\n<li><span><b><u>Figurka One Piece<\/u><\/b>\u00a0Figurka Premium One Piece dla prawdziwych pirat\u00f3w<\/span><\/li>\n<\/ul>\n<ul>\n<li>\n<b>Materia\u0142<\/b><span>\u00a0<\/span>PCV<\/li>\n<\/ul>\n<ul>\n<li><span><strong>Wymiar<\/strong>\u00a0: 23 cm<\/span><\/li>\n<\/ul>\n<ul>\n<li><span><strong>DARMOWA DOSTAWA<\/strong><\/span><\/li>\n<\/ul>","protected":false},"excerpt":{"rendered":"<p>Jeune pirate, le moment est venu pour toi de te procurer d\u00e8s maintenant cette Figurine One Piece Barbe Blanche. Tu n&rsquo;es pas sans savoir qu&rsquo;Edward Newgate, aussi appel\u00e9 Barbe Blanche, \u00ab\u00a0L&rsquo;Homme le Plus Fort au Monde\u00a0\u00bb, \u00e9galement consid\u00e9r\u00e9 comme \u00e9tant l&rsquo;homme \u00ab\u00a0le plus proche du One Piece\u00a0\u00bb, \u00e9tait le capitaine de L&rsquo;\u00c9quipage de Barbe Blanche. [&hellip;]<\/p>","protected":false},"featured_media":11093,"comment_status":"open","ping_status":"open","template":"","meta":[],"product_brand":[],"product_cat":[310],"product_tag":[199],"class_list":{"0":"post-11091","1":"product","2":"type-product","3":"status-publish","4":"has-post-thumbnail","6":"product_cat-figurines-edward-newgate","7":"product_tag-barbe-blanche","9":"first","10":"instock","11":"purchasable","12":"product-type-simple"},"yoast_head":"<!-- This site is optimized with the Yoast SEO plugin v27.5 - https:\/\/yoast.com\/product\/yoast-seo-wordpress\/ -->\n<title>Figurine One Piece Barbe Blanche | Figurine One Piece \u2013 Boutique One Piece<\/title>\n<meta name=\"description\" content=\"Jeune pirate, le moment est venu pour toi de te procurer d\u00e8s maintenant cette Figurine One Piece Barbe Blanche. Tu n&#039;es pas sans savoir qu&#039;Edward Newgate, aussi appel\u00e9 Barbe Blanche, &quot;L&#039;Homme le Plus Fort au Monde&quot;, \u00e9galement consid\u00e9r\u00e9 comme \u00e9tant l&#039;homme &quot;le plus proche du One Piece&quot;, \u00e9tait le capitaine de L&#039;\u00c9quipage\" \/>\n<meta name=\"robots\" content=\"index, follow, max-snippet:-1, max-image-preview:large, max-video-preview:-1\" \/>\n<link rel=\"canonical\" href=\"https:\/\/boutique-one-piece.com\/pl\/figurki-one-piece\/figurki-edwarda-newgatea\/figurka-jednoczesciowa-z-biala-broda\/\" \/>\n<meta property=\"og:locale\" content=\"pl_PL\" \/>\n<meta property=\"og:type\" content=\"article\" \/>\n<meta property=\"og:title\" content=\"Figurine One Piece Barbe Blanche | Figurine One Piece \u2013 Boutique One Piece\" \/>\n<meta property=\"og:description\" content=\"Jeune pirate, le moment est venu pour toi de te procurer d\u00e8s maintenant cette Figurine One Piece Barbe Blanche. Tu n&#039;es pas sans savoir qu&#039;Edward Newgate, aussi appel\u00e9 Barbe Blanche, &quot;L&#039;Homme le Plus Fort au Monde&quot;, \u00e9galement consid\u00e9r\u00e9 comme \u00e9tant l&#039;homme &quot;le plus proche du One Piece&quot;, \u00e9tait le capitaine de L&#039;\u00c9quipage\" \/>\n<meta property=\"og:url\" content=\"https:\/\/boutique-one-piece.com\/pl\/figurki-one-piece\/figurki-edwarda-newgatea\/figurka-jednoczesciowa-z-biala-broda\/\" \/>\n<meta property=\"og:site_name\" content=\"Boutique One Piece\" \/>\n<meta property=\"article:modified_time\" content=\"2024-09-16T12:21:36+00:00\" \/>\n<meta property=\"og:image\" content=\"https:\/\/boutique-one-piece.com\/wp-content\/uploads\/2022\/09\/Figurine-One-Piece-Barbe-Blanche.jpg\" \/>\n\t<meta property=\"og:image:width\" content=\"400\" \/>\n\t<meta property=\"og:image:height\" content=\"400\" \/>\n\t<meta property=\"og:image:type\" content=\"image\/jpeg\" \/>\n<meta name=\"twitter:card\" content=\"summary_large_image\" \/>\n<meta name=\"twitter:label1\" content=\"Szacowany czas czytania\" \/>\n\t<meta name=\"twitter:data1\" content=\"1 minuta\" \/>\n<script type=\"application\/ld+json\" class=\"yoast-schema-graph\">{\"@context\":\"https:\\\/\\\/schema.org\",\"@graph\":[{\"@type\":\"WebPage\",\"@id\":\"https:\\\/\\\/boutique-one-piece.com\\\/figurines-one-piece\\\/figurines-edward-newgate\\\/figurine-one-piece-barbe-blanche\\\/\",\"url\":\"https:\\\/\\\/boutique-one-piece.com\\\/figurines-one-piece\\\/figurines-edward-newgate\\\/figurine-one-piece-barbe-blanche\\\/\",\"name\":\"Figurine One Piece Barbe Blanche | Figurine One Piece \u2013 Boutique One Piece\",\"isPartOf\":{\"@id\":\"https:\\\/\\\/boutique-one-piece.com\\\/#website\"},\"primaryImageOfPage\":{\"@id\":\"https:\\\/\\\/boutique-one-piece.com\\\/figurines-one-piece\\\/figurines-edward-newgate\\\/figurine-one-piece-barbe-blanche\\\/#primaryimage\"},\"image\":{\"@id\":\"https:\\\/\\\/boutique-one-piece.com\\\/figurines-one-piece\\\/figurines-edward-newgate\\\/figurine-one-piece-barbe-blanche\\\/#primaryimage\"},\"thumbnailUrl\":\"https:\\\/\\\/boutique-one-piece.com\\\/wp-content\\\/uploads\\\/2022\\\/09\\\/Figurine-One-Piece-Barbe-Blanche.jpg\",\"datePublished\":\"2022-09-27T20:38:37+00:00\",\"dateModified\":\"2024-09-16T12:21:36+00:00\",\"description\":\"Jeune pirate, le moment est venu pour toi de te procurer d\u00e8s maintenant cette Figurine One Piece Barbe Blanche. Tu n'es pas sans savoir qu'Edward Newgate, aussi appel\u00e9 Barbe Blanche, \\\"L'Homme le Plus Fort au Monde\\\", \u00e9galement consid\u00e9r\u00e9 comme \u00e9tant l'homme \\\"le plus proche du One Piece\\\", \u00e9tait le capitaine de L'\u00c9quipage\",\"breadcrumb\":{\"@id\":\"https:\\\/\\\/boutique-one-piece.com\\\/figurines-one-piece\\\/figurines-edward-newgate\\\/figurine-one-piece-barbe-blanche\\\/#breadcrumb\"},\"inLanguage\":\"pl-PL\",\"potentialAction\":[{\"@type\":\"ReadAction\",\"target\":[\"https:\\\/\\\/boutique-one-piece.com\\\/figurines-one-piece\\\/figurines-edward-newgate\\\/figurine-one-piece-barbe-blanche\\\/\"]}]},{\"@type\":\"ImageObject\",\"inLanguage\":\"pl-PL\",\"@id\":\"https:\\\/\\\/boutique-one-piece.com\\\/figurines-one-piece\\\/figurines-edward-newgate\\\/figurine-one-piece-barbe-blanche\\\/#primaryimage\",\"url\":\"https:\\\/\\\/boutique-one-piece.com\\\/wp-content\\\/uploads\\\/2022\\\/09\\\/Figurine-One-Piece-Barbe-Blanche.jpg\",\"contentUrl\":\"https:\\\/\\\/boutique-one-piece.com\\\/wp-content\\\/uploads\\\/2022\\\/09\\\/Figurine-One-Piece-Barbe-Blanche.jpg\",\"width\":400,\"height\":400,\"caption\":\"Figurine One Piece Barbe Blanche Default Title\"},{\"@type\":\"BreadcrumbList\",\"@id\":\"https:\\\/\\\/boutique-one-piece.com\\\/figurines-one-piece\\\/figurines-edward-newgate\\\/figurine-one-piece-barbe-blanche\\\/#breadcrumb\",\"itemListElement\":[{\"@type\":\"ListItem\",\"position\":1,\"name\":\"Home\",\"item\":\"https:\\\/\\\/boutique-one-piece.com\\\/\"},{\"@type\":\"ListItem\",\"position\":2,\"name\":\"Shop\",\"item\":\"https:\\\/\\\/boutique-one-piece.com\\\/shop\\\/\"},{\"@type\":\"ListItem\",\"position\":3,\"name\":\"Figurine One Piece Barbe Blanche\"}]},{\"@type\":\"WebSite\",\"@id\":\"https:\\\/\\\/boutique-one-piece.com\\\/#website\",\"url\":\"https:\\\/\\\/boutique-one-piece.com\\\/\",\"name\":\"Boutique One Piece\",\"description\":\"Magasin Sp\u00e9cialis\u00e9 du Manga et l&#039;Anime One Piece\",\"publisher\":{\"@id\":\"https:\\\/\\\/boutique-one-piece.com\\\/#organization\"},\"potentialAction\":[{\"@type\":\"SearchAction\",\"target\":{\"@type\":\"EntryPoint\",\"urlTemplate\":\"https:\\\/\\\/boutique-one-piece.com\\\/?s={search_term_string}\"},\"query-input\":{\"@type\":\"PropertyValueSpecification\",\"valueRequired\":true,\"valueName\":\"search_term_string\"}}],\"inLanguage\":\"pl-PL\"},{\"@type\":\"Organization\",\"@id\":\"https:\\\/\\\/boutique-one-piece.com\\\/#organization\",\"name\":\"Boutique One Piece\",\"url\":\"https:\\\/\\\/boutique-one-piece.com\\\/\",\"logo\":{\"@type\":\"ImageObject\",\"inLanguage\":\"pl-PL\",\"@id\":\"https:\\\/\\\/boutique-one-piece.com\\\/#\\\/schema\\\/logo\\\/image\\\/\",\"url\":\"https:\\\/\\\/boutique-one-piece.com\\\/wp-content\\\/uploads\\\/2022\\\/09\\\/Logo-01.png\",\"contentUrl\":\"https:\\\/\\\/boutique-one-piece.com\\\/wp-content\\\/uploads\\\/2022\\\/09\\\/Logo-01.png\",\"width\":2318,\"height\":957,\"caption\":\"Boutique One Piece\"},\"image\":{\"@id\":\"https:\\\/\\\/boutique-one-piece.com\\\/#\\\/schema\\\/logo\\\/image\\\/\"}}]}<\/script>\n<!-- \/ Yoast SEO plugin. -->","yoast_head_json":{"title":"Figurka One Piece Whitebeard | Figurka One Piece \u2013 Sklep One Piece","description":"M\u0142ody piracie, nadszed\u0142 czas, aby\u015b zdoby\u0142 t\u0119 figurk\u0119 Bia\u0142obrodego z One Piece. Z pewno\u015bci\u0105 wiesz, \u017ce Edward Newgate, znany r\u00f3wnie\u017c jako Bia\u0142obrody, \"Najsilniejszy Cz\u0142owiek \u015awiata\", uwa\u017cany r\u00f3wnie\u017c za cz\u0142owieka \"najbli\u017cszego One Piece\", by\u0142 kapitanem Pirat\u00f3w.","robots":{"index":"index","follow":"follow","max-snippet":"max-snippet:-1","max-image-preview":"max-image-preview:large","max-video-preview":"max-video-preview:-1"},"canonical":"https:\/\/boutique-one-piece.com\/pl\/figurki-one-piece\/figurki-edwarda-newgatea\/figurka-jednoczesciowa-z-biala-broda\/","og_locale":"pl_PL","og_type":"article","og_title":"Figurine One Piece Barbe Blanche | Figurine One Piece \u2013 Boutique One Piece","og_description":"Jeune pirate, le moment est venu pour toi de te procurer d\u00e8s maintenant cette Figurine One Piece Barbe Blanche. Tu n'es pas sans savoir qu'Edward Newgate, aussi appel\u00e9 Barbe Blanche, \"L'Homme le Plus Fort au Monde\", \u00e9galement consid\u00e9r\u00e9 comme \u00e9tant l'homme \"le plus proche du One Piece\", \u00e9tait le capitaine de L'\u00c9quipage","og_url":"https:\/\/boutique-one-piece.com\/pl\/figurki-one-piece\/figurki-edwarda-newgatea\/figurka-jednoczesciowa-z-biala-broda\/","og_site_name":"Boutique One Piece","article_modified_time":"2024-09-16T12:21:36+00:00","og_image":[{"width":400,"height":400,"url":"https:\/\/boutique-one-piece.com\/wp-content\/uploads\/2022\/09\/Figurine-One-Piece-Barbe-Blanche.jpg","type":"image\/jpeg"}],"twitter_card":"summary_large_image","twitter_misc":{"Szacowany czas czytania":"1 minuta"},"schema":{"@context":"https:\/\/schema.org","@graph":[{"@type":"WebPage","@id":"https:\/\/boutique-one-piece.com\/figurines-one-piece\/figurines-edward-newgate\/figurine-one-piece-barbe-blanche\/","url":"https:\/\/boutique-one-piece.com\/figurines-one-piece\/figurines-edward-newgate\/figurine-one-piece-barbe-blanche\/","name":"Figurka One Piece Whitebeard | Figurka One Piece \u2013 Sklep One Piece","isPartOf":{"@id":"https:\/\/boutique-one-piece.com\/#website"},"primaryImageOfPage":{"@id":"https:\/\/boutique-one-piece.com\/figurines-one-piece\/figurines-edward-newgate\/figurine-one-piece-barbe-blanche\/#primaryimage"},"image":{"@id":"https:\/\/boutique-one-piece.com\/figurines-one-piece\/figurines-edward-newgate\/figurine-one-piece-barbe-blanche\/#primaryimage"},"thumbnailUrl":"https:\/\/boutique-one-piece.com\/wp-content\/uploads\/2022\/09\/Figurine-One-Piece-Barbe-Blanche.jpg","datePublished":"2022-09-27T20:38:37+00:00","dateModified":"2024-09-16T12:21:36+00:00","description":"M\u0142ody piracie, nadszed\u0142 czas, aby\u015b zdoby\u0142 t\u0119 figurk\u0119 Bia\u0142obrodego z One Piece. Z pewno\u015bci\u0105 wiesz, \u017ce Edward Newgate, znany r\u00f3wnie\u017c jako Bia\u0142obrody, \"Najsilniejszy Cz\u0142owiek \u015awiata\", uwa\u017cany r\u00f3wnie\u017c za cz\u0142owieka \"najbli\u017cszego One Piece\", by\u0142 kapitanem Pirat\u00f3w.","breadcrumb":{"@id":"https:\/\/boutique-one-piece.com\/figurines-one-piece\/figurines-edward-newgate\/figurine-one-piece-barbe-blanche\/#breadcrumb"},"inLanguage":"pl-PL","potentialAction":[{"@type":"ReadAction","target":["https:\/\/boutique-one-piece.com\/figurines-one-piece\/figurines-edward-newgate\/figurine-one-piece-barbe-blanche\/"]}]},{"@type":"ImageObject","inLanguage":"pl-PL","@id":"https:\/\/boutique-one-piece.com\/figurines-one-piece\/figurines-edward-newgate\/figurine-one-piece-barbe-blanche\/#primaryimage","url":"https:\/\/boutique-one-piece.com\/wp-content\/uploads\/2022\/09\/Figurine-One-Piece-Barbe-Blanche.jpg","contentUrl":"https:\/\/boutique-one-piece.com\/wp-content\/uploads\/2022\/09\/Figurine-One-Piece-Barbe-Blanche.jpg","width":400,"height":400,"caption":"Figurine One Piece Barbe Blanche Default Title"},{"@type":"BreadcrumbList","@id":"https:\/\/boutique-one-piece.com\/figurines-one-piece\/figurines-edward-newgate\/figurine-one-piece-barbe-blanche\/#breadcrumb","itemListElement":[{"@type":"ListItem","position":1,"name":"Home","item":"https:\/\/boutique-one-piece.com\/"},{"@type":"ListItem","position":2,"name":"Shop","item":"https:\/\/boutique-one-piece.com\/shop\/"},{"@type":"ListItem","position":3,"name":"Figurine One Piece Barbe Blanche"}]},{"@type":"WebSite","@id":"https:\/\/boutique-one-piece.com\/#website","url":"https:\/\/boutique-one-piece.com\/","name":"One Piece Shop","description":"Sklep specjalistyczny z mang\u0105 i anime One Piece","publisher":{"@id":"https:\/\/boutique-one-piece.com\/#organization"},"potentialAction":[{"@type":"SearchAction","target":{"@type":"EntryPoint","urlTemplate":"https:\/\/boutique-one-piece.com\/?s={search_term_string}"},"query-input":{"@type":"PropertyValueSpecification","valueRequired":true,"valueName":"search_term_string"}}],"inLanguage":"pl-PL"},{"@type":"Organization","@id":"https:\/\/boutique-one-piece.com\/#organization","name":"One Piece Shop","url":"https:\/\/boutique-one-piece.com\/","logo":{"@type":"ImageObject","inLanguage":"pl-PL","@id":"https:\/\/boutique-one-piece.com\/#\/schema\/logo\/image\/","url":"https:\/\/boutique-one-piece.com\/wp-content\/uploads\/2022\/09\/Logo-01.png","contentUrl":"https:\/\/boutique-one-piece.com\/wp-content\/uploads\/2022\/09\/Logo-01.png","width":2318,"height":957,"caption":"Boutique One Piece"},"image":{"@id":"https:\/\/boutique-one-piece.com\/#\/schema\/logo\/image\/"}}]}},"_links":{"self":[{"href":"https:\/\/boutique-one-piece.com\/pl\/wp-json\/wp\/v2\/product\/11091","targetHints":{"allow":["GET"]}}],"collection":[{"href":"https:\/\/boutique-one-piece.com\/pl\/wp-json\/wp\/v2\/product"}],"about":[{"href":"https:\/\/boutique-one-piece.com\/pl\/wp-json\/wp\/v2\/types\/product"}],"replies":[{"embeddable":true,"href":"https:\/\/boutique-one-piece.com\/pl\/wp-json\/wp\/v2\/comments?post=11091"}],"wp:featuredmedia":[{"embeddable":true,"href":"https:\/\/boutique-one-piece.com\/pl\/wp-json\/wp\/v2\/media\/11093"}],"wp:attachment":[{"href":"https:\/\/boutique-one-piece.com\/pl\/wp-json\/wp\/v2\/media?parent=11091"}],"wp:term":[{"taxonomy":"product_brand","embeddable":true,"href":"https:\/\/boutique-one-piece.com\/pl\/wp-json\/wp\/v2\/product_brand?post=11091"},{"taxonomy":"product_cat","embeddable":true,"href":"https:\/\/boutique-one-piece.com\/pl\/wp-json\/wp\/v2\/product_cat?post=11091"},{"taxonomy":"product_tag","embeddable":true,"href":"https:\/\/boutique-one-piece.com\/pl\/wp-json\/wp\/v2\/product_tag?post=11091"}],"curies":[{"name":"wp","href":"https:\/\/api.w.org\/{rel}","templated":true}]}}