{"id":11106,"date":"2022-09-27T20:38:47","date_gmt":"2022-09-27T20:38:47","guid":{"rendered":"https:\/\/boutique-one-piece.com\/uncategorized\/sweatshirt-one-piece-cute-kawaii-sanji\/"},"modified":"2024-09-16T12:22:26","modified_gmt":"2024-09-16T12:22:26","slug":"jednoczesciowa-slodka-bluza-z-motywem-sanji","status":"publish","type":"product","link":"https:\/\/boutique-one-piece.com\/pl\/ubrania-jednoczesciowe\/swetry-jednoczesciowe\/jednoczesciowa-slodka-bluza-z-motywem-sanji\/","title":{"rendered":"Bluza One Piece Cute Kawaii Sanji"},"content":{"rendered":"<h2>Informacje o swetrze:<\/h2>\n<ul>\n<li>\n<strong>Wysokiej jako\u015bci sweter jednocz\u0119\u015bciowy\u00a0<\/strong><span>:\u00a0<\/span>Ma du\u017c\u0105 wag\u0119 i jest wykonany z wysokiej jako\u015bci materia\u0142\u00f3w.<\/li>\n<\/ul>\n<ul>\n<li>\n<strong>Du\u017ca elastyczno\u015b\u0107\u00a0<\/strong>Dzi\u0119ki swojej elastyczno\u015bci nie marszczy si\u0119.<\/li>\n<\/ul>\n<ul>\n<li>\n<strong>Bardzo wygodne <\/strong>Dzi\u0119ki tym supermi\u0119kkim w\u0142\u00f3knom nie wyst\u0119puje tarcie.<\/li>\n<\/ul>\n<ul>\n<li>Druk cyfrowy 3D, oryginalny design<\/li>\n<\/ul>\n<ul>\n<li>\n<strong>Darmowa dostawa\u00a0<\/strong>za ka\u017cdy zakup<strong>\u00a0<\/strong>\n<\/li>\n<\/ul>\n<p>Nie zapomnij zapozna\u0107 si\u0119 z poni\u017csz\u0105 tabel\u0105 rozmiar\u00f3w.<\/p>\n<p><meta charset=\"utf-8\"><\/p>\n<h2>Informacje o kurtce:\u00a0<\/h2>\n<ul>\n<li>\u00a0<strong>Kurtka najwy\u017cszej jako\u015bci\u00a0<\/strong>Wykonane z wysokiej jako\u015bci materia\u0142\u00f3w<\/li>\n<\/ul>\n<ul>\n<li>\n<strong>Bardzo wygodne\u00a0<\/strong>: z<span>\u00a0<\/span>jego\u00a0<strong>w\u0142\u00f3kna<\/strong>\u00a0z\u00a0<strong>poliester<\/strong>\u00a0\u015awietnie\u00a0<strong>mi\u0119kki<\/strong>, nie ma\u00a0<strong>tarcie<\/strong>\n<\/li>\n<\/ul>\n<ul>\n<li>\n<strong>Druk cyfrowy 3D<\/strong>\u00a0:\u00a0<strong>kurtka z nadrukiem<\/strong>\u00a0z oryginalnym designem,\u00a0<strong>Wydruk na p\u0142\u00f3tnie<\/strong>\n<\/li>\n<\/ul>\n<ul>\n<li>\n<strong>Darmowa dostawa\u00a0<\/strong>za ka\u017cdy zakup<\/li>\n<\/ul>\n<h2><strong>Nie zapomnij sprawdzi\u0107 poni\u017cszej tabeli rozmiar\u00f3w.<\/strong><\/h2>\n<style><!--\n.content-table {\n  border-collapse: collapse;\n  margin: 25px 0;\n  font-size: 0.9em;\n  min-width: 400px;\n  border-radius: 5px 5px 0 0;\n  overflow: hidden;\n  box-shadow: 0 0 20px rgba(0, 0, 0, 0.15);\n  text-align: center;\n}\n.content-table thead tr {\n  background-color: #E6B96E;\n  color: #ffffff;\n  text-align: left;\n  font-weight: bold;\n}\n.content-table th,\n.content-table td {\n  padding: 12px 15px;\n}\n.content-table tbody tr {\n  border-bottom: 1px solid #dddddd;\n}\n.content-table tbody tr:nth-of-type(even) {\n  background-color: #f3f3f3;\n}\n.content-table tbody tr:last-of-type {\n  border-bottom: 2px solid #E6B96E;\n}\n--><\/style>\n<table class=\"content-table\">\n<thead>\n<tr>\n<th colspan=\"4\">PRZEWODNIK PO ROZMIARACH \u2013 WYBIERZ SW\u00d3J ROZMIAR<\/th>\n<\/tr>\n<tr>\n<th style=\"text-align: center;\">Rozmiar<\/th>\n<th style=\"text-align: center;\">Biust<\/th>\n<th style=\"text-align: center;\">D\u0142ugo\u015b\u0107<\/th>\n<th style=\"text-align: center;\">R\u0119kawy<\/th>\n<\/tr>\n<\/thead>\n<tbody>\n<tr>\n<td style=\"text-align: center;\"><b>100<\/b><\/td>\n<td style=\"text-align: center;\">68<\/td>\n<td style=\"text-align: center;\">43.5\n<\/td>\n<td style=\"text-align: center;\">43.5<\/td>\n<\/tr>\n<tr class=\"active-row\">\n<td style=\"text-align: center;\"><strong>110<\/strong><\/td>\n<td style=\"text-align: center;\">72\n<\/td>\n<td style=\"text-align: center;\">45.5\n<\/td>\n<td style=\"text-align: center;\">45.5<\/td>\n<\/tr>\n<tr>\n<td style=\"text-align: center;\"><strong>120<\/strong><\/td>\n<td style=\"text-align: center;\">76<\/td>\n<td style=\"text-align: center;\">47.5\n<\/td>\n<td style=\"text-align: center;\">47.5<\/td>\n<\/tr>\n<tr class=\"active-row\">\n<td style=\"text-align: center;\"><strong>130<\/strong><\/td>\n<td style=\"text-align: center;\">84\n<\/td>\n<td style=\"text-align: center;\">51.5\n<\/td>\n<td style=\"text-align: center;\">51.5<\/td>\n<\/tr>\n<tr>\n<td style=\"text-align: center;\"><strong>140<\/strong><\/td>\n<td style=\"text-align: center;\">87<\/td>\n<td style=\"text-align: center;\">53.5\n<\/td>\n<td style=\"text-align: center;\">53.5<\/td>\n<\/tr>\n<tr class=\"active-row\">\n<td style=\"text-align: center;\"><strong>150<\/strong><\/td>\n<td style=\"text-align: center;\">90\n<\/td>\n<td style=\"text-align: center;\">55\n<\/td>\n<td style=\"text-align: center;\">55<\/td>\n<\/tr>\n<tr>\n<td style=\"text-align: center;\"><strong>XXS<\/strong><\/td>\n<td style=\"text-align: center;\">86<\/td>\n<td style=\"text-align: center;\">63\n<\/td>\n<td style=\"text-align: center;\">58<\/td>\n<\/tr>\n<tr class=\"active-row\">\n<td style=\"text-align: center;\"><strong>XS<\/strong><\/td>\n<td style=\"text-align: center;\">92\n<\/td>\n<td style=\"text-align: center;\">65\n<\/td>\n<td style=\"text-align: center;\">60<\/td>\n<\/tr>\n<tr>\n<td style=\"text-align: center;\"><strong>S<\/strong><\/td>\n<td style=\"text-align: center;\">98<\/td>\n<td style=\"text-align: center;\">67\n<\/td>\n<td style=\"text-align: center;\">62<\/td>\n<\/tr>\n<tr class=\"active-row\">\n<td style=\"text-align: center;\"><strong>M<\/strong><\/td>\n<td style=\"text-align: center;\">104\n<\/td>\n<td style=\"text-align: center;\">70\n<\/td>\n<td style=\"text-align: center;\">64<\/td>\n<\/tr>\n<tr>\n<td style=\"text-align: center;\"><strong>L<\/strong><\/td>\n<td style=\"text-align: center;\">110\n<\/td>\n<td style=\"text-align: center;\">73\n<\/td>\n<td style=\"text-align: center;\">66<\/td>\n<\/tr>\n<tr class=\"active-row\">\n<td style=\"text-align: center;\"><strong>XL<\/strong><\/td>\n<td style=\"text-align: center;\">116<\/td>\n<td style=\"text-align: center;\">76\n<\/td>\n<td style=\"text-align: center;\">68\n<\/td>\n<\/tr>\n<tr>\n<td style=\"text-align: center;\"><strong>XXL<\/strong><\/td>\n<td style=\"text-align: center;\">122<\/td>\n<td style=\"text-align: center;\">79\n<\/td>\n<td style=\"text-align: center;\">70\n<\/td>\n<\/tr>\n<tr class=\"active-row\">\n<td style=\"text-align: center;\"><strong>3XL<\/strong><\/td>\n<td style=\"text-align: center;\">128\n<\/td>\n<td style=\"text-align: center;\">81<\/td>\n<td style=\"text-align: center;\">72\n<\/td>\n<\/tr>\n<tr>\n<td style=\"text-align: center;\"><strong>4XL<\/strong><\/td>\n<td style=\"text-align: center;\">134<\/td>\n<td style=\"text-align: center;\">83<\/td>\n<td style=\"text-align: center;\">74<\/td>\n<\/tr>\n<\/tbody>\n<\/table>\n<p><\/p>\n<h3>Instrukcja prania:<\/h3>\n<ul>\n<li>Pra\u0107 w pralce w temperaturze 30\u00b0C, cykl delikatny<\/li>\n<\/ul>\n<ul>\n<li>Prasowa\u0107 na odwrotnej stronie<\/li>\n<\/ul>\n<p>Aby zachowa\u0107 jako\u015b\u0107 tego <strong>sweter<\/strong><strong>\u00a0Jeden kawa\u0142ek<\/strong>, Zalecamy przestrzeganie instrukcji prania.<\/p>","protected":false},"excerpt":{"rendered":"<p>Informations sur le Pull : Pull\u00a0One Piece\u00a0de qualit\u00e9 sup\u00e9rieur\u00a0:\u00a0poc\u00e8de un grammage \u00e9lev\u00e9 avec des mat\u00e9riaux de qualit\u00e9s Grande souplesse\u00a0: gr\u00e2ce \u00e0 son \u00e9lasticit\u00e9, il ne se froisse pas Tr\u00e8s confortable : avec ces fibres super douces, il n&rsquo;y a pas\u00a0de frottements Impression digitale 3D, design original Livraison\u00a0Offerte\u00a0pour tout achat\u00a0 N&rsquo;oubliez pas de jeter\u00a0un oeil au [&hellip;]<\/p>","protected":false},"featured_media":11108,"comment_status":"open","ping_status":"open","template":"","meta":[],"product_brand":[],"product_cat":[81,54],"product_tag":[],"class_list":{"0":"post-11106","1":"product","2":"type-product","3":"status-publish","4":"has-post-thumbnail","6":"product_cat-pulls-one-piece","7":"product_cat-vetements-one-piece","9":"first","10":"instock","11":"purchasable","12":"product-type-variable","13":"has-default-attributes"},"yoast_head":"<!-- This site is optimized with the Yoast SEO plugin v27.5 - https:\/\/yoast.com\/product\/yoast-seo-wordpress\/ -->\n<title>Sweatshirt One Piece Cute Kawaii Sanji | V\u00eatement One Piece \u2013 Boutique One Piece<\/title>\n<meta name=\"description\" content=\"Informations sur le Pull : Pull\u00a0One Piece\u00a0de qualit\u00e9 sup\u00e9rieur\u00a0:\u00a0poc\u00e8de un grammage \u00e9lev\u00e9 avec des mat\u00e9riaux de qualit\u00e9s Grande souplesse\u00a0: gr\u00e2ce \u00e0 son \u00e9lasticit\u00e9, il ne se froisse pas Tr\u00e8s confortable : avec ces fibres super douces, il n&#039;y a pas\u00a0de frottements Impression digitale 3D, design original Livraison\u00a0Offerte\u00a0\" \/>\n<meta name=\"robots\" content=\"index, follow, max-snippet:-1, max-image-preview:large, max-video-preview:-1\" \/>\n<link rel=\"canonical\" href=\"https:\/\/boutique-one-piece.com\/pl\/ubrania-jednoczesciowe\/swetry-jednoczesciowe\/jednoczesciowa-slodka-bluza-z-motywem-sanji\/\" \/>\n<meta property=\"og:locale\" content=\"pl_PL\" \/>\n<meta property=\"og:type\" content=\"article\" \/>\n<meta property=\"og:title\" content=\"Sweatshirt One Piece Cute Kawaii Sanji | V\u00eatement One Piece \u2013 Boutique One Piece\" \/>\n<meta property=\"og:description\" content=\"Informations sur le Pull : Pull\u00a0One Piece\u00a0de qualit\u00e9 sup\u00e9rieur\u00a0:\u00a0poc\u00e8de un grammage \u00e9lev\u00e9 avec des mat\u00e9riaux de qualit\u00e9s Grande souplesse\u00a0: gr\u00e2ce \u00e0 son \u00e9lasticit\u00e9, il ne se froisse pas Tr\u00e8s confortable : avec ces fibres super douces, il n&#039;y a pas\u00a0de frottements Impression digitale 3D, design original Livraison\u00a0Offerte\u00a0\" \/>\n<meta property=\"og:url\" content=\"https:\/\/boutique-one-piece.com\/pl\/ubrania-jednoczesciowe\/swetry-jednoczesciowe\/jednoczesciowa-slodka-bluza-z-motywem-sanji\/\" \/>\n<meta property=\"og:site_name\" content=\"Boutique One Piece\" \/>\n<meta property=\"article:modified_time\" content=\"2024-09-16T12:22:26+00:00\" \/>\n<meta property=\"og:image\" content=\"https:\/\/boutique-one-piece.com\/wp-content\/uploads\/2022\/09\/Sweatshirt-One-Piece-Cute-Kawaii-Sanji.jpg\" \/>\n\t<meta property=\"og:image:width\" content=\"640\" \/>\n\t<meta property=\"og:image:height\" content=\"640\" \/>\n\t<meta property=\"og:image:type\" content=\"image\/jpeg\" \/>\n<meta name=\"twitter:card\" content=\"summary_large_image\" \/>\n<meta name=\"twitter:label1\" content=\"Szacowany czas czytania\" \/>\n\t<meta name=\"twitter:data1\" content=\"1 minuta\" \/>\n<script type=\"application\/ld+json\" class=\"yoast-schema-graph\">{\"@context\":\"https:\\\/\\\/schema.org\",\"@graph\":[{\"@type\":\"WebPage\",\"@id\":\"https:\\\/\\\/boutique-one-piece.com\\\/vetements-one-piece\\\/pulls-one-piece\\\/sweatshirt-one-piece-cute-kawaii-sanji\\\/\",\"url\":\"https:\\\/\\\/boutique-one-piece.com\\\/vetements-one-piece\\\/pulls-one-piece\\\/sweatshirt-one-piece-cute-kawaii-sanji\\\/\",\"name\":\"Sweatshirt One Piece Cute Kawaii Sanji | V\u00eatement One Piece \u2013 Boutique One Piece\",\"isPartOf\":{\"@id\":\"https:\\\/\\\/boutique-one-piece.com\\\/#website\"},\"primaryImageOfPage\":{\"@id\":\"https:\\\/\\\/boutique-one-piece.com\\\/vetements-one-piece\\\/pulls-one-piece\\\/sweatshirt-one-piece-cute-kawaii-sanji\\\/#primaryimage\"},\"image\":{\"@id\":\"https:\\\/\\\/boutique-one-piece.com\\\/vetements-one-piece\\\/pulls-one-piece\\\/sweatshirt-one-piece-cute-kawaii-sanji\\\/#primaryimage\"},\"thumbnailUrl\":\"https:\\\/\\\/boutique-one-piece.com\\\/wp-content\\\/uploads\\\/2022\\\/09\\\/Sweatshirt-One-Piece-Cute-Kawaii-Sanji.jpg\",\"datePublished\":\"2022-09-27T20:38:47+00:00\",\"dateModified\":\"2024-09-16T12:22:26+00:00\",\"description\":\"Informations sur le Pull : Pull\u00a0One Piece\u00a0de qualit\u00e9 sup\u00e9rieur\u00a0:\u00a0poc\u00e8de un grammage \u00e9lev\u00e9 avec des mat\u00e9riaux de qualit\u00e9s Grande souplesse\u00a0: gr\u00e2ce \u00e0 son \u00e9lasticit\u00e9, il ne se froisse pas Tr\u00e8s confortable : avec ces fibres super douces, il n'y a pas\u00a0de frottements Impression digitale 3D, design original Livraison\u00a0Offerte\u00a0\",\"breadcrumb\":{\"@id\":\"https:\\\/\\\/boutique-one-piece.com\\\/vetements-one-piece\\\/pulls-one-piece\\\/sweatshirt-one-piece-cute-kawaii-sanji\\\/#breadcrumb\"},\"inLanguage\":\"pl-PL\",\"potentialAction\":[{\"@type\":\"ReadAction\",\"target\":[\"https:\\\/\\\/boutique-one-piece.com\\\/vetements-one-piece\\\/pulls-one-piece\\\/sweatshirt-one-piece-cute-kawaii-sanji\\\/\"]}]},{\"@type\":\"ImageObject\",\"inLanguage\":\"pl-PL\",\"@id\":\"https:\\\/\\\/boutique-one-piece.com\\\/vetements-one-piece\\\/pulls-one-piece\\\/sweatshirt-one-piece-cute-kawaii-sanji\\\/#primaryimage\",\"url\":\"https:\\\/\\\/boutique-one-piece.com\\\/wp-content\\\/uploads\\\/2022\\\/09\\\/Sweatshirt-One-Piece-Cute-Kawaii-Sanji.jpg\",\"contentUrl\":\"https:\\\/\\\/boutique-one-piece.com\\\/wp-content\\\/uploads\\\/2022\\\/09\\\/Sweatshirt-One-Piece-Cute-Kawaii-Sanji.jpg\",\"width\":640,\"height\":640,\"caption\":\"Sweatshirt One Piece Cute Kawaii Sanji 4XL\"},{\"@type\":\"BreadcrumbList\",\"@id\":\"https:\\\/\\\/boutique-one-piece.com\\\/vetements-one-piece\\\/pulls-one-piece\\\/sweatshirt-one-piece-cute-kawaii-sanji\\\/#breadcrumb\",\"itemListElement\":[{\"@type\":\"ListItem\",\"position\":1,\"name\":\"Home\",\"item\":\"https:\\\/\\\/boutique-one-piece.com\\\/\"},{\"@type\":\"ListItem\",\"position\":2,\"name\":\"Shop\",\"item\":\"https:\\\/\\\/boutique-one-piece.com\\\/shop\\\/\"},{\"@type\":\"ListItem\",\"position\":3,\"name\":\"Sweatshirt One Piece Cute Kawaii Sanji\"}]},{\"@type\":\"WebSite\",\"@id\":\"https:\\\/\\\/boutique-one-piece.com\\\/#website\",\"url\":\"https:\\\/\\\/boutique-one-piece.com\\\/\",\"name\":\"Boutique One Piece\",\"description\":\"Magasin Sp\u00e9cialis\u00e9 du Manga et l&#039;Anime One Piece\",\"publisher\":{\"@id\":\"https:\\\/\\\/boutique-one-piece.com\\\/#organization\"},\"potentialAction\":[{\"@type\":\"SearchAction\",\"target\":{\"@type\":\"EntryPoint\",\"urlTemplate\":\"https:\\\/\\\/boutique-one-piece.com\\\/?s={search_term_string}\"},\"query-input\":{\"@type\":\"PropertyValueSpecification\",\"valueRequired\":true,\"valueName\":\"search_term_string\"}}],\"inLanguage\":\"pl-PL\"},{\"@type\":\"Organization\",\"@id\":\"https:\\\/\\\/boutique-one-piece.com\\\/#organization\",\"name\":\"Boutique One Piece\",\"url\":\"https:\\\/\\\/boutique-one-piece.com\\\/\",\"logo\":{\"@type\":\"ImageObject\",\"inLanguage\":\"pl-PL\",\"@id\":\"https:\\\/\\\/boutique-one-piece.com\\\/#\\\/schema\\\/logo\\\/image\\\/\",\"url\":\"https:\\\/\\\/boutique-one-piece.com\\\/wp-content\\\/uploads\\\/2022\\\/09\\\/Logo-01.png\",\"contentUrl\":\"https:\\\/\\\/boutique-one-piece.com\\\/wp-content\\\/uploads\\\/2022\\\/09\\\/Logo-01.png\",\"width\":2318,\"height\":957,\"caption\":\"Boutique One Piece\"},\"image\":{\"@id\":\"https:\\\/\\\/boutique-one-piece.com\\\/#\\\/schema\\\/logo\\\/image\\\/\"}}]}<\/script>\n<!-- \/ Yoast SEO plugin. -->","yoast_head_json":{"title":"Bluza One Piece z uroczym Kawaii Sanji | Odzie\u017c One Piece \u2013 Sklep One Piece","description":"Informacje o swetrze: Sweter Premium One Piece: wysokiej jako\u015bci tkanina o znacznej gramaturze. Wysoce elastyczny: dzi\u0119ki swojej elastyczno\u015bci nie gniecie si\u0119. Bardzo wygodny: dzi\u0119ki supermi\u0119kkim w\u0142\u00f3knom nie powoduje otar\u0107. Nadruk cyfrowy 3D, oryginalny wz\u00f3r. Darmowa wysy\u0142ka.\u00a0","robots":{"index":"index","follow":"follow","max-snippet":"max-snippet:-1","max-image-preview":"max-image-preview:large","max-video-preview":"max-video-preview:-1"},"canonical":"https:\/\/boutique-one-piece.com\/pl\/ubrania-jednoczesciowe\/swetry-jednoczesciowe\/jednoczesciowa-slodka-bluza-z-motywem-sanji\/","og_locale":"pl_PL","og_type":"article","og_title":"Sweatshirt One Piece Cute Kawaii Sanji | V\u00eatement One Piece \u2013 Boutique One Piece","og_description":"Informations sur le Pull : Pull\u00a0One Piece\u00a0de qualit\u00e9 sup\u00e9rieur\u00a0:\u00a0poc\u00e8de un grammage \u00e9lev\u00e9 avec des mat\u00e9riaux de qualit\u00e9s Grande souplesse\u00a0: gr\u00e2ce \u00e0 son \u00e9lasticit\u00e9, il ne se froisse pas Tr\u00e8s confortable : avec ces fibres super douces, il n'y a pas\u00a0de frottements Impression digitale 3D, design original Livraison\u00a0Offerte\u00a0","og_url":"https:\/\/boutique-one-piece.com\/pl\/ubrania-jednoczesciowe\/swetry-jednoczesciowe\/jednoczesciowa-slodka-bluza-z-motywem-sanji\/","og_site_name":"Boutique One Piece","article_modified_time":"2024-09-16T12:22:26+00:00","og_image":[{"width":640,"height":640,"url":"https:\/\/boutique-one-piece.com\/wp-content\/uploads\/2022\/09\/Sweatshirt-One-Piece-Cute-Kawaii-Sanji.jpg","type":"image\/jpeg"}],"twitter_card":"summary_large_image","twitter_misc":{"Szacowany czas czytania":"1 minuta"},"schema":{"@context":"https:\/\/schema.org","@graph":[{"@type":"WebPage","@id":"https:\/\/boutique-one-piece.com\/vetements-one-piece\/pulls-one-piece\/sweatshirt-one-piece-cute-kawaii-sanji\/","url":"https:\/\/boutique-one-piece.com\/vetements-one-piece\/pulls-one-piece\/sweatshirt-one-piece-cute-kawaii-sanji\/","name":"Bluza One Piece z uroczym Kawaii Sanji | Odzie\u017c One Piece \u2013 Sklep One Piece","isPartOf":{"@id":"https:\/\/boutique-one-piece.com\/#website"},"primaryImageOfPage":{"@id":"https:\/\/boutique-one-piece.com\/vetements-one-piece\/pulls-one-piece\/sweatshirt-one-piece-cute-kawaii-sanji\/#primaryimage"},"image":{"@id":"https:\/\/boutique-one-piece.com\/vetements-one-piece\/pulls-one-piece\/sweatshirt-one-piece-cute-kawaii-sanji\/#primaryimage"},"thumbnailUrl":"https:\/\/boutique-one-piece.com\/wp-content\/uploads\/2022\/09\/Sweatshirt-One-Piece-Cute-Kawaii-Sanji.jpg","datePublished":"2022-09-27T20:38:47+00:00","dateModified":"2024-09-16T12:22:26+00:00","description":"Informacje o swetrze: Sweter Premium One Piece: wysokiej jako\u015bci tkanina o znacznej gramaturze. Wysoce elastyczny: dzi\u0119ki swojej elastyczno\u015bci nie gniecie si\u0119. Bardzo wygodny: dzi\u0119ki supermi\u0119kkim w\u0142\u00f3knom nie powoduje otar\u0107. Nadruk cyfrowy 3D, oryginalny wz\u00f3r. Darmowa wysy\u0142ka.\u00a0","breadcrumb":{"@id":"https:\/\/boutique-one-piece.com\/vetements-one-piece\/pulls-one-piece\/sweatshirt-one-piece-cute-kawaii-sanji\/#breadcrumb"},"inLanguage":"pl-PL","potentialAction":[{"@type":"ReadAction","target":["https:\/\/boutique-one-piece.com\/vetements-one-piece\/pulls-one-piece\/sweatshirt-one-piece-cute-kawaii-sanji\/"]}]},{"@type":"ImageObject","inLanguage":"pl-PL","@id":"https:\/\/boutique-one-piece.com\/vetements-one-piece\/pulls-one-piece\/sweatshirt-one-piece-cute-kawaii-sanji\/#primaryimage","url":"https:\/\/boutique-one-piece.com\/wp-content\/uploads\/2022\/09\/Sweatshirt-One-Piece-Cute-Kawaii-Sanji.jpg","contentUrl":"https:\/\/boutique-one-piece.com\/wp-content\/uploads\/2022\/09\/Sweatshirt-One-Piece-Cute-Kawaii-Sanji.jpg","width":640,"height":640,"caption":"Sweatshirt One Piece Cute Kawaii Sanji 4XL"},{"@type":"BreadcrumbList","@id":"https:\/\/boutique-one-piece.com\/vetements-one-piece\/pulls-one-piece\/sweatshirt-one-piece-cute-kawaii-sanji\/#breadcrumb","itemListElement":[{"@type":"ListItem","position":1,"name":"Home","item":"https:\/\/boutique-one-piece.com\/"},{"@type":"ListItem","position":2,"name":"Shop","item":"https:\/\/boutique-one-piece.com\/shop\/"},{"@type":"ListItem","position":3,"name":"Sweatshirt One Piece Cute Kawaii Sanji"}]},{"@type":"WebSite","@id":"https:\/\/boutique-one-piece.com\/#website","url":"https:\/\/boutique-one-piece.com\/","name":"One Piece Shop","description":"Sklep specjalistyczny z mang\u0105 i anime One Piece","publisher":{"@id":"https:\/\/boutique-one-piece.com\/#organization"},"potentialAction":[{"@type":"SearchAction","target":{"@type":"EntryPoint","urlTemplate":"https:\/\/boutique-one-piece.com\/?s={search_term_string}"},"query-input":{"@type":"PropertyValueSpecification","valueRequired":true,"valueName":"search_term_string"}}],"inLanguage":"pl-PL"},{"@type":"Organization","@id":"https:\/\/boutique-one-piece.com\/#organization","name":"One Piece Shop","url":"https:\/\/boutique-one-piece.com\/","logo":{"@type":"ImageObject","inLanguage":"pl-PL","@id":"https:\/\/boutique-one-piece.com\/#\/schema\/logo\/image\/","url":"https:\/\/boutique-one-piece.com\/wp-content\/uploads\/2022\/09\/Logo-01.png","contentUrl":"https:\/\/boutique-one-piece.com\/wp-content\/uploads\/2022\/09\/Logo-01.png","width":2318,"height":957,"caption":"Boutique One Piece"},"image":{"@id":"https:\/\/boutique-one-piece.com\/#\/schema\/logo\/image\/"}}]}},"_links":{"self":[{"href":"https:\/\/boutique-one-piece.com\/pl\/wp-json\/wp\/v2\/product\/11106","targetHints":{"allow":["GET"]}}],"collection":[{"href":"https:\/\/boutique-one-piece.com\/pl\/wp-json\/wp\/v2\/product"}],"about":[{"href":"https:\/\/boutique-one-piece.com\/pl\/wp-json\/wp\/v2\/types\/product"}],"replies":[{"embeddable":true,"href":"https:\/\/boutique-one-piece.com\/pl\/wp-json\/wp\/v2\/comments?post=11106"}],"wp:featuredmedia":[{"embeddable":true,"href":"https:\/\/boutique-one-piece.com\/pl\/wp-json\/wp\/v2\/media\/11108"}],"wp:attachment":[{"href":"https:\/\/boutique-one-piece.com\/pl\/wp-json\/wp\/v2\/media?parent=11106"}],"wp:term":[{"taxonomy":"product_brand","embeddable":true,"href":"https:\/\/boutique-one-piece.com\/pl\/wp-json\/wp\/v2\/product_brand?post=11106"},{"taxonomy":"product_cat","embeddable":true,"href":"https:\/\/boutique-one-piece.com\/pl\/wp-json\/wp\/v2\/product_cat?post=11106"},{"taxonomy":"product_tag","embeddable":true,"href":"https:\/\/boutique-one-piece.com\/pl\/wp-json\/wp\/v2\/product_tag?post=11106"}],"curies":[{"name":"wp","href":"https:\/\/api.w.org\/{rel}","templated":true}]}}