{"id":11550,"date":"2022-09-27T20:41:57","date_gmt":"2022-09-27T20:41:57","guid":{"rendered":"https:\/\/boutique-one-piece.com\/uncategorized\/avis-de-recherche-mr-2-wanted\/"},"modified":"2026-02-13T15:08:17","modified_gmt":"2026-02-13T15:08:17","slug":"ogloszenie-o-poszukiwaniu-pana-2","status":"publish","type":"product","link":"https:\/\/boutique-one-piece.com\/pl\/plakat-poszukiwany-one-piece\/ogloszenie-o-poszukiwaniu-pana-2\/","title":{"rendered":"Poszukiwany: Bon Clay"},"content":{"rendered":"<h2>Oddaj ho\u0142d sile przyja\u017ani za pomoc\u0105 tego plakatu z napisem \u201eBon Clay Wanted\u201d.<\/h2>\n<p>Bon Clay, kt\u00f3rego prawdziwe imi\u0119 <strong>Bentham<\/strong>, jest bardzo popularn\u0105 postaci\u0105 w One Piece ze wzgl\u0119du na swoj\u0105 ekscentryczn\u0105 i pogodn\u0105 osobowo\u015b\u0107. Chocia\u017c podczas ich pierwszego spotkania jest wrogiem Luffy&#039;ego pod pseudonimem <strong>Pan Dwa<\/strong> Pracuj\u0105c dla Baroque Works, organizacji przest\u0119pczej, szybko zaprzyja\u017ania si\u0119 z bohaterem opowie\u015bci.<\/p>\n<p>Podziwia jego lojalno\u015b\u0107 wobec przyjaci\u00f3\u0142 i posuwa si\u0119 tak daleko, \u017ce dwukrotnie ratuje Luffy&#039;ego: w Alabamie, a szczeg\u00f3lnie w wi\u0119zieniu Impel Down, gdzie pozwala wszystkim uciekinierom uciec, po\u015bwi\u0119caj\u0105c siebie, nawet je\u015bli nie umiera.\u00a0<\/p>\n<h3>Udekoruj sw\u00f3j pok\u00f3j wzruszaj\u0105c\u0105 postaci\u0105 Bon Claya dzi\u0119ki jego plakatowi go\u0144czemu.<\/h3>\n<p>Bon Clay to barwna posta\u0107, jest <strong>transwestyta<\/strong>. Podziwia rewolucjonist\u0119 Ivankowa, przyw\u00f3dc\u0119 Okamy. Jego g\u0142owa jest warta 32 miliony jag\u00f3d.<\/p>\n<p>Zjad\u0142 owoc diab\u0142a, kt\u00f3ry idealnie do niego pasowa\u0142, <strong>Mane Mane no mi<\/strong> co pozwala mu, u\u017cywaj\u0105c prawej r\u0119ki, przybiera\u0107 wygl\u0105d ka\u017cdego, kogo dotkn\u0105\u0142 lew\u0105 r\u0119k\u0105. To dzi\u0119ki tej mocy m\u00f3g\u0142 podszy\u0107 si\u0119 pod Magellana i umo\u017cliwi\u0107 uciekinierom ucieczk\u0119 z Impel Down.<\/p>\n<p>Je\u015bli lubisz bonusy, powiniene\u015b to sprawdzi\u0107. <a href=\"https:\/\/boutique-one-piece.com\/pl\/plakat-poszukiwany-one-piece-sabo-poszukiwany\/\" target=\"_blank\" title=\"Plakat go\u0144czy Sabo\" rel=\"noopener noreferrer\">Plakat go\u0144czy Sabo<\/a>.<\/p>\n<p>\u00a0<\/p>\n<h2>Informacje o plakacie poszukiwanym One Piece: Bon Clay, znany r\u00f3wnie\u017c jako Mr. 2<\/h2>\n<ul>\n<li><span><b><u>Plakat poszukiwany One Piece<\/u><\/b>\u00a0Prawdziwy plakat poszukiwany za bycie prawdziwym piratem One Piece<\/span><\/li>\n<\/ul>\n<ul>\n<li>\n<b><u>Premiera Bon Claya<\/u><\/b>\u00a036 000 000 jag\u00f3d<\/li>\n<\/ul>\n<ul>\n<li><span><strong>Wysoka jako\u015b\u0107 druku<\/strong>\u00a0dok\u0142adne kolory<\/span><\/li>\n<\/ul>\n<ul>\n<li>\n<strong>Wymiar<\/strong>\u00a0: 51 cm x 36 cm<\/li>\n<\/ul>\n<ul>\n<li><span><strong>DARMOWA DOSTAWA<\/strong><\/span><\/li>\n<\/ul>","protected":false},"excerpt":{"rendered":"<p>Oddaj ho\u0142d sile przyja\u017ani z tym listem go\u0144czym Bon Clay. Bon Clay, kt\u00f3rego prawdziwe imi\u0119 to Bentham, jest uwielbian\u0105 postaci\u0105 w One Piece dzi\u0119ki swojej ekscentrycznej i radosnej osobowo\u015bci. Chocia\u017c by\u0142 wrogiem Luffy&#039;ego, kiedy si\u0119 poznali, pod pseudonimem Mister [\u2026]<\/p>","protected":false},"featured_media":11552,"comment_status":"open","ping_status":"open","template":"","meta":[],"product_brand":[],"product_cat":[171],"product_tag":[],"class_list":{"0":"post-11550","1":"product","2":"type-product","3":"status-publish","4":"has-post-thumbnail","6":"product_cat-avis-de-recherche-one-piece","8":"first","9":"outofstock","10":"purchasable","11":"product-type-simple"},"yoast_head":"<!-- This site is optimized with the Yoast SEO plugin v27.5 - https:\/\/yoast.com\/product\/yoast-seo-wordpress\/ -->\n<title>Avis De Recherche Bon Clay Wanted | D\u00e9coration One Piece \u2013 Boutique One Piece<\/title>\n<meta name=\"description\" content=\"Rend hommage \u00e0 la puissance de l&#039;amiti\u00e9 avec cet Avis de Recherche Bon Clay Wanted. Bon Clay, de son vrai nom Bentham, est un personnage tr\u00e8s appr\u00e9ci\u00e9 dans One Piece par rapport \u00e0 son caract\u00e8re excentrique et enjou\u00e9. Bien qu&#039;il soit un ennemi de Luffy lors de leur premi\u00e8re rencontre sous le pseudonyme de Mister Two pou\" \/>\n<meta name=\"robots\" content=\"index, follow, max-snippet:-1, max-image-preview:large, max-video-preview:-1\" \/>\n<link rel=\"canonical\" href=\"https:\/\/boutique-one-piece.com\/pl\/plakat-poszukiwany-one-piece\/ogloszenie-o-poszukiwaniu-pana-2\/\" \/>\n<meta property=\"og:locale\" content=\"pl_PL\" \/>\n<meta property=\"og:type\" content=\"article\" \/>\n<meta property=\"og:title\" content=\"Avis De Recherche Bon Clay Wanted | D\u00e9coration One Piece \u2013 Boutique One Piece\" \/>\n<meta property=\"og:description\" content=\"Rend hommage \u00e0 la puissance de l&#039;amiti\u00e9 avec cet Avis de Recherche Bon Clay Wanted. Bon Clay, de son vrai nom Bentham, est un personnage tr\u00e8s appr\u00e9ci\u00e9 dans One Piece par rapport \u00e0 son caract\u00e8re excentrique et enjou\u00e9. Bien qu&#039;il soit un ennemi de Luffy lors de leur premi\u00e8re rencontre sous le pseudonyme de Mister Two pou\" \/>\n<meta property=\"og:url\" content=\"https:\/\/boutique-one-piece.com\/pl\/plakat-poszukiwany-one-piece\/ogloszenie-o-poszukiwaniu-pana-2\/\" \/>\n<meta property=\"og:site_name\" content=\"Boutique One Piece\" \/>\n<meta property=\"article:modified_time\" content=\"2026-02-13T15:08:17+00:00\" \/>\n<meta property=\"og:image\" content=\"https:\/\/boutique-one-piece.com\/wp-content\/uploads\/2022\/09\/Avis-De-Recherche-Bon-Clay-Wanted-1.jpg\" \/>\n\t<meta property=\"og:image:width\" content=\"798\" \/>\n\t<meta property=\"og:image:height\" content=\"798\" \/>\n\t<meta property=\"og:image:type\" content=\"image\/jpeg\" \/>\n<meta name=\"twitter:card\" content=\"summary_large_image\" \/>\n<meta name=\"twitter:label1\" content=\"Szacowany czas czytania\" \/>\n\t<meta name=\"twitter:data1\" content=\"2 minuty\" \/>\n<script type=\"application\/ld+json\" class=\"yoast-schema-graph\">{\"@context\":\"https:\\\/\\\/schema.org\",\"@graph\":[{\"@type\":\"WebPage\",\"@id\":\"https:\\\/\\\/boutique-one-piece.com\\\/avis-de-recherche-one-piece\\\/avis-de-recherche-mr-2-wanted\\\/\",\"url\":\"https:\\\/\\\/boutique-one-piece.com\\\/avis-de-recherche-one-piece\\\/avis-de-recherche-mr-2-wanted\\\/\",\"name\":\"Avis De Recherche Bon Clay Wanted | D\u00e9coration One Piece \u2013 Boutique One Piece\",\"isPartOf\":{\"@id\":\"https:\\\/\\\/boutique-one-piece.com\\\/#website\"},\"primaryImageOfPage\":{\"@id\":\"https:\\\/\\\/boutique-one-piece.com\\\/avis-de-recherche-one-piece\\\/avis-de-recherche-mr-2-wanted\\\/#primaryimage\"},\"image\":{\"@id\":\"https:\\\/\\\/boutique-one-piece.com\\\/avis-de-recherche-one-piece\\\/avis-de-recherche-mr-2-wanted\\\/#primaryimage\"},\"thumbnailUrl\":\"https:\\\/\\\/boutique-one-piece.com\\\/wp-content\\\/uploads\\\/2022\\\/09\\\/Avis-De-Recherche-Bon-Clay-Wanted-1.jpg\",\"datePublished\":\"2022-09-27T20:41:57+00:00\",\"dateModified\":\"2026-02-13T15:08:17+00:00\",\"description\":\"Rend hommage \u00e0 la puissance de l'amiti\u00e9 avec cet Avis de Recherche Bon Clay Wanted. Bon Clay, de son vrai nom Bentham, est un personnage tr\u00e8s appr\u00e9ci\u00e9 dans One Piece par rapport \u00e0 son caract\u00e8re excentrique et enjou\u00e9. Bien qu'il soit un ennemi de Luffy lors de leur premi\u00e8re rencontre sous le pseudonyme de Mister Two pou\",\"breadcrumb\":{\"@id\":\"https:\\\/\\\/boutique-one-piece.com\\\/avis-de-recherche-one-piece\\\/avis-de-recherche-mr-2-wanted\\\/#breadcrumb\"},\"inLanguage\":\"pl-PL\",\"potentialAction\":[{\"@type\":\"ReadAction\",\"target\":[\"https:\\\/\\\/boutique-one-piece.com\\\/avis-de-recherche-one-piece\\\/avis-de-recherche-mr-2-wanted\\\/\"]}]},{\"@type\":\"ImageObject\",\"inLanguage\":\"pl-PL\",\"@id\":\"https:\\\/\\\/boutique-one-piece.com\\\/avis-de-recherche-one-piece\\\/avis-de-recherche-mr-2-wanted\\\/#primaryimage\",\"url\":\"https:\\\/\\\/boutique-one-piece.com\\\/wp-content\\\/uploads\\\/2022\\\/09\\\/Avis-De-Recherche-Bon-Clay-Wanted-1.jpg\",\"contentUrl\":\"https:\\\/\\\/boutique-one-piece.com\\\/wp-content\\\/uploads\\\/2022\\\/09\\\/Avis-De-Recherche-Bon-Clay-Wanted-1.jpg\",\"width\":798,\"height\":798},{\"@type\":\"BreadcrumbList\",\"@id\":\"https:\\\/\\\/boutique-one-piece.com\\\/avis-de-recherche-one-piece\\\/avis-de-recherche-mr-2-wanted\\\/#breadcrumb\",\"itemListElement\":[{\"@type\":\"ListItem\",\"position\":1,\"name\":\"Home\",\"item\":\"https:\\\/\\\/boutique-one-piece.com\\\/\"},{\"@type\":\"ListItem\",\"position\":2,\"name\":\"Shop\",\"item\":\"https:\\\/\\\/boutique-one-piece.com\\\/shop\\\/\"},{\"@type\":\"ListItem\",\"position\":3,\"name\":\"Avis De Recherche Bon Clay Wanted\"}]},{\"@type\":\"WebSite\",\"@id\":\"https:\\\/\\\/boutique-one-piece.com\\\/#website\",\"url\":\"https:\\\/\\\/boutique-one-piece.com\\\/\",\"name\":\"Boutique One Piece\",\"description\":\"Magasin Sp\u00e9cialis\u00e9 du Manga et l&#039;Anime One Piece\",\"publisher\":{\"@id\":\"https:\\\/\\\/boutique-one-piece.com\\\/#organization\"},\"potentialAction\":[{\"@type\":\"SearchAction\",\"target\":{\"@type\":\"EntryPoint\",\"urlTemplate\":\"https:\\\/\\\/boutique-one-piece.com\\\/?s={search_term_string}\"},\"query-input\":{\"@type\":\"PropertyValueSpecification\",\"valueRequired\":true,\"valueName\":\"search_term_string\"}}],\"inLanguage\":\"pl-PL\"},{\"@type\":\"Organization\",\"@id\":\"https:\\\/\\\/boutique-one-piece.com\\\/#organization\",\"name\":\"Boutique One Piece\",\"url\":\"https:\\\/\\\/boutique-one-piece.com\\\/\",\"logo\":{\"@type\":\"ImageObject\",\"inLanguage\":\"pl-PL\",\"@id\":\"https:\\\/\\\/boutique-one-piece.com\\\/#\\\/schema\\\/logo\\\/image\\\/\",\"url\":\"https:\\\/\\\/boutique-one-piece.com\\\/wp-content\\\/uploads\\\/2022\\\/09\\\/Logo-01.png\",\"contentUrl\":\"https:\\\/\\\/boutique-one-piece.com\\\/wp-content\\\/uploads\\\/2022\\\/09\\\/Logo-01.png\",\"width\":2318,\"height\":957,\"caption\":\"Boutique One Piece\"},\"image\":{\"@id\":\"https:\\\/\\\/boutique-one-piece.com\\\/#\\\/schema\\\/logo\\\/image\\\/\"}}]}<\/script>\n<!-- \/ Yoast SEO plugin. -->","yoast_head_json":{"title":"Og\u0142oszenie o poszukiwaniu: Dobra glina poszukiwana | Dekoracja One Piece \u2013 Sklep One Piece","description":"Oddaj ho\u0142d sile przyja\u017ani z tym listem go\u0144czym Bon Clay. Bon Clay, kt\u00f3rego prawdziwe imi\u0119 to Bentham, jest uwielbian\u0105 postaci\u0105 w One Piece ze wzgl\u0119du na swoj\u0105 ekscentryczn\u0105 i radosn\u0105 osobowo\u015b\u0107. Chocia\u017c podczas ich pierwszego spotkania jest wrogiem Luffy&#039;ego pod pseudonimem Mister Two...","robots":{"index":"index","follow":"follow","max-snippet":"max-snippet:-1","max-image-preview":"max-image-preview:large","max-video-preview":"max-video-preview:-1"},"canonical":"https:\/\/boutique-one-piece.com\/pl\/plakat-poszukiwany-one-piece\/ogloszenie-o-poszukiwaniu-pana-2\/","og_locale":"pl_PL","og_type":"article","og_title":"Avis De Recherche Bon Clay Wanted | D\u00e9coration One Piece \u2013 Boutique One Piece","og_description":"Rend hommage \u00e0 la puissance de l'amiti\u00e9 avec cet Avis de Recherche Bon Clay Wanted. Bon Clay, de son vrai nom Bentham, est un personnage tr\u00e8s appr\u00e9ci\u00e9 dans One Piece par rapport \u00e0 son caract\u00e8re excentrique et enjou\u00e9. Bien qu'il soit un ennemi de Luffy lors de leur premi\u00e8re rencontre sous le pseudonyme de Mister Two pou","og_url":"https:\/\/boutique-one-piece.com\/pl\/plakat-poszukiwany-one-piece\/ogloszenie-o-poszukiwaniu-pana-2\/","og_site_name":"Boutique One Piece","article_modified_time":"2026-02-13T15:08:17+00:00","og_image":[{"width":798,"height":798,"url":"https:\/\/boutique-one-piece.com\/wp-content\/uploads\/2022\/09\/Avis-De-Recherche-Bon-Clay-Wanted-1.jpg","type":"image\/jpeg"}],"twitter_card":"summary_large_image","twitter_misc":{"Szacowany czas czytania":"2 minuty"},"schema":{"@context":"https:\/\/schema.org","@graph":[{"@type":"WebPage","@id":"https:\/\/boutique-one-piece.com\/avis-de-recherche-one-piece\/avis-de-recherche-mr-2-wanted\/","url":"https:\/\/boutique-one-piece.com\/avis-de-recherche-one-piece\/avis-de-recherche-mr-2-wanted\/","name":"Og\u0142oszenie o poszukiwaniu: Dobra glina poszukiwana | Dekoracja One Piece \u2013 Sklep One Piece","isPartOf":{"@id":"https:\/\/boutique-one-piece.com\/#website"},"primaryImageOfPage":{"@id":"https:\/\/boutique-one-piece.com\/avis-de-recherche-one-piece\/avis-de-recherche-mr-2-wanted\/#primaryimage"},"image":{"@id":"https:\/\/boutique-one-piece.com\/avis-de-recherche-one-piece\/avis-de-recherche-mr-2-wanted\/#primaryimage"},"thumbnailUrl":"https:\/\/boutique-one-piece.com\/wp-content\/uploads\/2022\/09\/Avis-De-Recherche-Bon-Clay-Wanted-1.jpg","datePublished":"2022-09-27T20:41:57+00:00","dateModified":"2026-02-13T15:08:17+00:00","description":"Oddaj ho\u0142d sile przyja\u017ani z tym listem go\u0144czym Bon Clay. Bon Clay, kt\u00f3rego prawdziwe imi\u0119 to Bentham, jest uwielbian\u0105 postaci\u0105 w One Piece ze wzgl\u0119du na swoj\u0105 ekscentryczn\u0105 i radosn\u0105 osobowo\u015b\u0107. Chocia\u017c podczas ich pierwszego spotkania jest wrogiem Luffy&#039;ego pod pseudonimem Mister Two...","breadcrumb":{"@id":"https:\/\/boutique-one-piece.com\/avis-de-recherche-one-piece\/avis-de-recherche-mr-2-wanted\/#breadcrumb"},"inLanguage":"pl-PL","potentialAction":[{"@type":"ReadAction","target":["https:\/\/boutique-one-piece.com\/avis-de-recherche-one-piece\/avis-de-recherche-mr-2-wanted\/"]}]},{"@type":"ImageObject","inLanguage":"pl-PL","@id":"https:\/\/boutique-one-piece.com\/avis-de-recherche-one-piece\/avis-de-recherche-mr-2-wanted\/#primaryimage","url":"https:\/\/boutique-one-piece.com\/wp-content\/uploads\/2022\/09\/Avis-De-Recherche-Bon-Clay-Wanted-1.jpg","contentUrl":"https:\/\/boutique-one-piece.com\/wp-content\/uploads\/2022\/09\/Avis-De-Recherche-Bon-Clay-Wanted-1.jpg","width":798,"height":798},{"@type":"BreadcrumbList","@id":"https:\/\/boutique-one-piece.com\/avis-de-recherche-one-piece\/avis-de-recherche-mr-2-wanted\/#breadcrumb","itemListElement":[{"@type":"ListItem","position":1,"name":"Home","item":"https:\/\/boutique-one-piece.com\/"},{"@type":"ListItem","position":2,"name":"Shop","item":"https:\/\/boutique-one-piece.com\/shop\/"},{"@type":"ListItem","position":3,"name":"Avis De Recherche Bon Clay Wanted"}]},{"@type":"WebSite","@id":"https:\/\/boutique-one-piece.com\/#website","url":"https:\/\/boutique-one-piece.com\/","name":"One Piece Shop","description":"Sklep specjalistyczny z mang\u0105 i anime One Piece","publisher":{"@id":"https:\/\/boutique-one-piece.com\/#organization"},"potentialAction":[{"@type":"SearchAction","target":{"@type":"EntryPoint","urlTemplate":"https:\/\/boutique-one-piece.com\/?s={search_term_string}"},"query-input":{"@type":"PropertyValueSpecification","valueRequired":true,"valueName":"search_term_string"}}],"inLanguage":"pl-PL"},{"@type":"Organization","@id":"https:\/\/boutique-one-piece.com\/#organization","name":"One Piece Shop","url":"https:\/\/boutique-one-piece.com\/","logo":{"@type":"ImageObject","inLanguage":"pl-PL","@id":"https:\/\/boutique-one-piece.com\/#\/schema\/logo\/image\/","url":"https:\/\/boutique-one-piece.com\/wp-content\/uploads\/2022\/09\/Logo-01.png","contentUrl":"https:\/\/boutique-one-piece.com\/wp-content\/uploads\/2022\/09\/Logo-01.png","width":2318,"height":957,"caption":"Boutique One Piece"},"image":{"@id":"https:\/\/boutique-one-piece.com\/#\/schema\/logo\/image\/"}}]}},"_links":{"self":[{"href":"https:\/\/boutique-one-piece.com\/pl\/wp-json\/wp\/v2\/product\/11550","targetHints":{"allow":["GET"]}}],"collection":[{"href":"https:\/\/boutique-one-piece.com\/pl\/wp-json\/wp\/v2\/product"}],"about":[{"href":"https:\/\/boutique-one-piece.com\/pl\/wp-json\/wp\/v2\/types\/product"}],"replies":[{"embeddable":true,"href":"https:\/\/boutique-one-piece.com\/pl\/wp-json\/wp\/v2\/comments?post=11550"}],"wp:featuredmedia":[{"embeddable":true,"href":"https:\/\/boutique-one-piece.com\/pl\/wp-json\/wp\/v2\/media\/11552"}],"wp:attachment":[{"href":"https:\/\/boutique-one-piece.com\/pl\/wp-json\/wp\/v2\/media?parent=11550"}],"wp:term":[{"taxonomy":"product_brand","embeddable":true,"href":"https:\/\/boutique-one-piece.com\/pl\/wp-json\/wp\/v2\/product_brand?post=11550"},{"taxonomy":"product_cat","embeddable":true,"href":"https:\/\/boutique-one-piece.com\/pl\/wp-json\/wp\/v2\/product_cat?post=11550"},{"taxonomy":"product_tag","embeddable":true,"href":"https:\/\/boutique-one-piece.com\/pl\/wp-json\/wp\/v2\/product_tag?post=11550"}],"curies":[{"name":"wp","href":"https:\/\/api.w.org\/{rel}","templated":true}]}}