{"id":11620,"date":"2022-09-27T20:42:27","date_gmt":"2022-09-27T20:42:27","guid":{"rendered":"https:\/\/boutique-one-piece.com\/uncategorized\/figurine-one-piece-boa-hancock-kimono\/"},"modified":"2024-09-16T12:34:59","modified_gmt":"2024-09-16T12:34:59","slug":"jednoczesciowa-figurka-boa-hancock-kimono","status":"publish","type":"product","link":"https:\/\/boutique-one-piece.com\/pl\/figurki-one-piece\/figurki-boa-hancock\/jednoczesciowa-figurka-boa-hancock-kimono\/","title":{"rendered":"Figurka kimona One Piece Boa Hancock"},"content":{"rendered":"<h2>M\u0142ody piracie, nadszed\u0142 czas, aby\u015b zdoby\u0142 figurk\u0119 Boa Hancock Kimono One Piece.<\/h2>\n<p><strong>Cesarzowa Pirat\u00f3w Boa Hancock<\/strong> jest Ksi\u0119\u017cniczk\u0105 W\u0119\u017ca z Amazon Lily, kt\u00f3ra rz\u0105dzi plemieniem Kuja z pomoc\u0105 dw\u00f3ch si\u00f3str gorgon, Boa Marigold i Boa Sandersonii. Jest r\u00f3wnie\u017c obecn\u0105 kapitan <strong>Za\u0142oga pirat\u00f3w Kuja<\/strong>. Boa Hancock by\u0142a jedyn\u0105 kobiet\u0105 w Siedmiu Wojownikach Morza a\u017c do rozwi\u0105zania grupy. Po raz pierwszy wspomnieli o niej Bracia Ryzykowni pod koniec w\u0105tku Thriller Bark, por\u00f3wnuj\u0105c jej legendarn\u0105 urod\u0119 do urody syren.<\/p>\n<p>Wielu uwa\u017ca j\u0105 za najpi\u0119kniejsz\u0105 kobiet\u0119 na \u015bwiecie, g\u0142\u00f3wnie ze wzgl\u0119du na jej diabelski owoc, kt\u00f3ry sprawia, \u017ce prawie ka\u017cdy, kto na ni\u0105 spojrzy, zakochuje si\u0119 w niej.<\/p>\n<p>Chocia\u017c obecnie nadal pracuje w Siedmiu W\u0142adcach Morza, jej mi\u0142o\u015b\u0107 do <strong>Monkey D. Luffy<\/strong> To sk\u0142oni\u0142o j\u0105 do wielokrotnego zwracania si\u0119 przeciwko Rz\u0105dowi \u015awiatowemu, co zagrozi\u0142o jej statusowi W\u0142adczyni Morza. Co wi\u0119cej, <a title=\"FIGURA POK\u00c9MON KAPITAN S\u0141OMKOWY KAPELUSZ LUFFY\" href=\"https:\/\/boutique-one-piece.com\/pl\/figurki-one-piece\/produkty\/figurka-pokemon-przedstawiajaca-kapitana-luffyego-w-kapeluszu-slomkowym\/\" target=\"_blank\" rel=\"noopener\">Figurka Luffy&#039;ego S\u0142omkowego Kapelusza<\/a> jest w Twoim zasi\u0119gu.<\/p>\n<h3>Czy urzek\u0142a Ci\u0119 figurka uroczej Boa Hancock? Je\u015bli tak, nie czekaj d\u0142u\u017cej i do\u0142\u0105cz do niej na jej wyspie Amazon Lily.<\/h3>\n<p>Niezale\u017cnie od tego, czy jeste\u015b zagorza\u0142ym fanem, czy do\u015bwiadczonym kolekcjonerem, te przedmioty s\u0105 zdecydowanie dla Ciebie. Idealne na prezent, ozdob\u0119 lub uzupe\u0142nienie kolekcji, te przedmioty wzbogac\u0105 Twoj\u0105 kolekcj\u0119.<strong> Tw\u00f3j wszech\u015bwiat One Piece<\/strong>. Nie czekaj wi\u0119c d\u0142u\u017cej i skorzystaj z okazji, by prze\u017cy\u0107 wiele ekscytuj\u0105cych przyg\u00f3d w \u015bwiecie <strong>Luffy<\/strong>.<\/p>\n<h2>Informacje o figurce kimona Boa Hancock\u00a0<\/h2>\n<ul>\n<li><span><b><u>Figurka One Piece<\/u><\/b>\u00a0Figurka Premium One Piece dla prawdziwych pirat\u00f3w<\/span><\/li>\n<\/ul>\n<ul>\n<li>\n<b>Materia\u0142<\/b><span>\u00a0<\/span>PCV<\/li>\n<\/ul>\n<ul>\n<li><span><strong>Wymiar<\/strong>\u00a0: 20 cm<\/span><\/li>\n<\/ul>\n<ul>\n<li><span><strong>DARMOWA DOSTAWA<\/strong><\/span><\/li>\n<\/ul>","protected":false},"excerpt":{"rendered":"<p>Jeune pirate, le moment est venu pour toi de te procurer cette Figurine One Piece Boa Hancock Kimono. L&rsquo;Imp\u00e9ratrice Pirate Boa Hancock est la Princesse Serpent d&rsquo;Amazon Lily qui gouverne la tribu Kuja avec l&rsquo;aide de ses deux s\u009curs gorgones, Boa Marigold et Boa Sandersonia. Elle est \u00e9galement la capitaine actuelle de L&rsquo;\u00c9quipage des Pirates [&hellip;]<\/p>","protected":false},"featured_media":11622,"comment_status":"open","ping_status":"open","template":"","meta":[],"product_brand":[],"product_cat":[174,76],"product_tag":[175],"class_list":{"0":"post-11620","1":"product","2":"type-product","3":"status-publish","4":"has-post-thumbnail","6":"product_cat-figurines-boa-hancock","7":"product_cat-figurines-one-piece","8":"product_tag-boa-hancock","10":"first","11":"instock","12":"purchasable","13":"product-type-simple"},"yoast_head":"<!-- This site is optimized with the Yoast SEO plugin v27.5 - https:\/\/yoast.com\/product\/yoast-seo-wordpress\/ -->\n<title>Figurine One Piece Boa Hancock Kimono | Figurine One Piece \u2013 Boutique One Piece<\/title>\n<meta name=\"description\" content=\"Jeune pirate, le moment est venu pour toi de te procurer cette Figurine One Piece Boa Hancock Kimono. L&#039;Imp\u00e9ratrice Pirate Boa Hancock est la Princesse Serpent d&#039;Amazon Lily qui gouverne la tribu Kuja avec l&#039;aide de ses deux s\u0153urs gorgones, Boa Marigold et Boa Sandersonia. Elle est \u00e9galement la capitaine actuelle de L&#039;\" \/>\n<meta name=\"robots\" content=\"index, follow, max-snippet:-1, max-image-preview:large, max-video-preview:-1\" \/>\n<link rel=\"canonical\" href=\"https:\/\/boutique-one-piece.com\/pl\/figurki-one-piece\/figurki-boa-hancock\/jednoczesciowa-figurka-boa-hancock-kimono\/\" \/>\n<meta property=\"og:locale\" content=\"pl_PL\" \/>\n<meta property=\"og:type\" content=\"article\" \/>\n<meta property=\"og:title\" content=\"Figurine One Piece Boa Hancock Kimono | Figurine One Piece \u2013 Boutique One Piece\" \/>\n<meta property=\"og:description\" content=\"Jeune pirate, le moment est venu pour toi de te procurer cette Figurine One Piece Boa Hancock Kimono. L&#039;Imp\u00e9ratrice Pirate Boa Hancock est la Princesse Serpent d&#039;Amazon Lily qui gouverne la tribu Kuja avec l&#039;aide de ses deux s\u0153urs gorgones, Boa Marigold et Boa Sandersonia. Elle est \u00e9galement la capitaine actuelle de L&#039;\" \/>\n<meta property=\"og:url\" content=\"https:\/\/boutique-one-piece.com\/pl\/figurki-one-piece\/figurki-boa-hancock\/jednoczesciowa-figurka-boa-hancock-kimono\/\" \/>\n<meta property=\"og:site_name\" content=\"Boutique One Piece\" \/>\n<meta property=\"article:modified_time\" content=\"2024-09-16T12:34:59+00:00\" \/>\n<meta property=\"og:image\" content=\"https:\/\/boutique-one-piece.com\/wp-content\/uploads\/2022\/09\/Figurine-One-Piece-Boa-Hancock-Kimono.jpg\" \/>\n\t<meta property=\"og:image:width\" content=\"640\" \/>\n\t<meta property=\"og:image:height\" content=\"640\" \/>\n\t<meta property=\"og:image:type\" content=\"image\/jpeg\" \/>\n<meta name=\"twitter:card\" content=\"summary_large_image\" \/>\n<meta name=\"twitter:label1\" content=\"Szacowany czas czytania\" \/>\n\t<meta name=\"twitter:data1\" content=\"2 minuty\" \/>\n<script type=\"application\/ld+json\" class=\"yoast-schema-graph\">{\"@context\":\"https:\\\/\\\/schema.org\",\"@graph\":[{\"@type\":\"WebPage\",\"@id\":\"https:\\\/\\\/boutique-one-piece.com\\\/figurines-one-piece\\\/figurines-boa-hancock\\\/figurine-one-piece-boa-hancock-kimono\\\/\",\"url\":\"https:\\\/\\\/boutique-one-piece.com\\\/figurines-one-piece\\\/figurines-boa-hancock\\\/figurine-one-piece-boa-hancock-kimono\\\/\",\"name\":\"Figurine One Piece Boa Hancock Kimono | Figurine One Piece \u2013 Boutique One Piece\",\"isPartOf\":{\"@id\":\"https:\\\/\\\/boutique-one-piece.com\\\/#website\"},\"primaryImageOfPage\":{\"@id\":\"https:\\\/\\\/boutique-one-piece.com\\\/figurines-one-piece\\\/figurines-boa-hancock\\\/figurine-one-piece-boa-hancock-kimono\\\/#primaryimage\"},\"image\":{\"@id\":\"https:\\\/\\\/boutique-one-piece.com\\\/figurines-one-piece\\\/figurines-boa-hancock\\\/figurine-one-piece-boa-hancock-kimono\\\/#primaryimage\"},\"thumbnailUrl\":\"https:\\\/\\\/boutique-one-piece.com\\\/wp-content\\\/uploads\\\/2022\\\/09\\\/Figurine-One-Piece-Boa-Hancock-Kimono.jpg\",\"datePublished\":\"2022-09-27T20:42:27+00:00\",\"dateModified\":\"2024-09-16T12:34:59+00:00\",\"description\":\"Jeune pirate, le moment est venu pour toi de te procurer cette Figurine One Piece Boa Hancock Kimono. L'Imp\u00e9ratrice Pirate Boa Hancock est la Princesse Serpent d'Amazon Lily qui gouverne la tribu Kuja avec l'aide de ses deux s\u0153urs gorgones, Boa Marigold et Boa Sandersonia. Elle est \u00e9galement la capitaine actuelle de L'\",\"breadcrumb\":{\"@id\":\"https:\\\/\\\/boutique-one-piece.com\\\/figurines-one-piece\\\/figurines-boa-hancock\\\/figurine-one-piece-boa-hancock-kimono\\\/#breadcrumb\"},\"inLanguage\":\"pl-PL\",\"potentialAction\":[{\"@type\":\"ReadAction\",\"target\":[\"https:\\\/\\\/boutique-one-piece.com\\\/figurines-one-piece\\\/figurines-boa-hancock\\\/figurine-one-piece-boa-hancock-kimono\\\/\"]}]},{\"@type\":\"ImageObject\",\"inLanguage\":\"pl-PL\",\"@id\":\"https:\\\/\\\/boutique-one-piece.com\\\/figurines-one-piece\\\/figurines-boa-hancock\\\/figurine-one-piece-boa-hancock-kimono\\\/#primaryimage\",\"url\":\"https:\\\/\\\/boutique-one-piece.com\\\/wp-content\\\/uploads\\\/2022\\\/09\\\/Figurine-One-Piece-Boa-Hancock-Kimono.jpg\",\"contentUrl\":\"https:\\\/\\\/boutique-one-piece.com\\\/wp-content\\\/uploads\\\/2022\\\/09\\\/Figurine-One-Piece-Boa-Hancock-Kimono.jpg\",\"width\":640,\"height\":640,\"caption\":\"Figurine One Piece Boa Hancock Kimono Default Title\"},{\"@type\":\"BreadcrumbList\",\"@id\":\"https:\\\/\\\/boutique-one-piece.com\\\/figurines-one-piece\\\/figurines-boa-hancock\\\/figurine-one-piece-boa-hancock-kimono\\\/#breadcrumb\",\"itemListElement\":[{\"@type\":\"ListItem\",\"position\":1,\"name\":\"Home\",\"item\":\"https:\\\/\\\/boutique-one-piece.com\\\/\"},{\"@type\":\"ListItem\",\"position\":2,\"name\":\"Shop\",\"item\":\"https:\\\/\\\/boutique-one-piece.com\\\/shop\\\/\"},{\"@type\":\"ListItem\",\"position\":3,\"name\":\"Figurine One Piece Boa Hancock Kimono\"}]},{\"@type\":\"WebSite\",\"@id\":\"https:\\\/\\\/boutique-one-piece.com\\\/#website\",\"url\":\"https:\\\/\\\/boutique-one-piece.com\\\/\",\"name\":\"Boutique One Piece\",\"description\":\"Magasin Sp\u00e9cialis\u00e9 du Manga et l&#039;Anime One Piece\",\"publisher\":{\"@id\":\"https:\\\/\\\/boutique-one-piece.com\\\/#organization\"},\"potentialAction\":[{\"@type\":\"SearchAction\",\"target\":{\"@type\":\"EntryPoint\",\"urlTemplate\":\"https:\\\/\\\/boutique-one-piece.com\\\/?s={search_term_string}\"},\"query-input\":{\"@type\":\"PropertyValueSpecification\",\"valueRequired\":true,\"valueName\":\"search_term_string\"}}],\"inLanguage\":\"pl-PL\"},{\"@type\":\"Organization\",\"@id\":\"https:\\\/\\\/boutique-one-piece.com\\\/#organization\",\"name\":\"Boutique One Piece\",\"url\":\"https:\\\/\\\/boutique-one-piece.com\\\/\",\"logo\":{\"@type\":\"ImageObject\",\"inLanguage\":\"pl-PL\",\"@id\":\"https:\\\/\\\/boutique-one-piece.com\\\/#\\\/schema\\\/logo\\\/image\\\/\",\"url\":\"https:\\\/\\\/boutique-one-piece.com\\\/wp-content\\\/uploads\\\/2022\\\/09\\\/Logo-01.png\",\"contentUrl\":\"https:\\\/\\\/boutique-one-piece.com\\\/wp-content\\\/uploads\\\/2022\\\/09\\\/Logo-01.png\",\"width\":2318,\"height\":957,\"caption\":\"Boutique One Piece\"},\"image\":{\"@id\":\"https:\\\/\\\/boutique-one-piece.com\\\/#\\\/schema\\\/logo\\\/image\\\/\"}}]}<\/script>\n<!-- \/ Yoast SEO plugin. -->","yoast_head_json":{"title":"Figurka Boa Hancock Kimono One Piece | Figurka One Piece \u2013 Sklep One Piece","description":"M\u0142ody piracie, nadszed\u0142 czas, aby\u015b zdoby\u0142 figurk\u0119 Boa Hancocka w kimono One Piece. Cesarzowa Pirat\u00f3w Boa Hancock to Ksi\u0119\u017cniczka W\u0119\u017cy z Amazonii, kt\u00f3ra rz\u0105dzi plemieniem Kuja z pomoc\u0105 dw\u00f3ch si\u00f3str gorgon, Boa Marigold i Boa Sandersonii. Jest r\u00f3wnie\u017c obecn\u0105 kapitan...'","robots":{"index":"index","follow":"follow","max-snippet":"max-snippet:-1","max-image-preview":"max-image-preview:large","max-video-preview":"max-video-preview:-1"},"canonical":"https:\/\/boutique-one-piece.com\/pl\/figurki-one-piece\/figurki-boa-hancock\/jednoczesciowa-figurka-boa-hancock-kimono\/","og_locale":"pl_PL","og_type":"article","og_title":"Figurine One Piece Boa Hancock Kimono | Figurine One Piece \u2013 Boutique One Piece","og_description":"Jeune pirate, le moment est venu pour toi de te procurer cette Figurine One Piece Boa Hancock Kimono. L'Imp\u00e9ratrice Pirate Boa Hancock est la Princesse Serpent d'Amazon Lily qui gouverne la tribu Kuja avec l'aide de ses deux s\u0153urs gorgones, Boa Marigold et Boa Sandersonia. Elle est \u00e9galement la capitaine actuelle de L'","og_url":"https:\/\/boutique-one-piece.com\/pl\/figurki-one-piece\/figurki-boa-hancock\/jednoczesciowa-figurka-boa-hancock-kimono\/","og_site_name":"Boutique One Piece","article_modified_time":"2024-09-16T12:34:59+00:00","og_image":[{"width":640,"height":640,"url":"https:\/\/boutique-one-piece.com\/wp-content\/uploads\/2022\/09\/Figurine-One-Piece-Boa-Hancock-Kimono.jpg","type":"image\/jpeg"}],"twitter_card":"summary_large_image","twitter_misc":{"Szacowany czas czytania":"2 minuty"},"schema":{"@context":"https:\/\/schema.org","@graph":[{"@type":"WebPage","@id":"https:\/\/boutique-one-piece.com\/figurines-one-piece\/figurines-boa-hancock\/figurine-one-piece-boa-hancock-kimono\/","url":"https:\/\/boutique-one-piece.com\/figurines-one-piece\/figurines-boa-hancock\/figurine-one-piece-boa-hancock-kimono\/","name":"Figurka Boa Hancock Kimono One Piece | Figurka One Piece \u2013 Sklep One Piece","isPartOf":{"@id":"https:\/\/boutique-one-piece.com\/#website"},"primaryImageOfPage":{"@id":"https:\/\/boutique-one-piece.com\/figurines-one-piece\/figurines-boa-hancock\/figurine-one-piece-boa-hancock-kimono\/#primaryimage"},"image":{"@id":"https:\/\/boutique-one-piece.com\/figurines-one-piece\/figurines-boa-hancock\/figurine-one-piece-boa-hancock-kimono\/#primaryimage"},"thumbnailUrl":"https:\/\/boutique-one-piece.com\/wp-content\/uploads\/2022\/09\/Figurine-One-Piece-Boa-Hancock-Kimono.jpg","datePublished":"2022-09-27T20:42:27+00:00","dateModified":"2024-09-16T12:34:59+00:00","description":"M\u0142ody piracie, nadszed\u0142 czas, aby\u015b zdoby\u0142 figurk\u0119 Boa Hancocka w kimono One Piece. Cesarzowa Pirat\u00f3w Boa Hancock to Ksi\u0119\u017cniczka W\u0119\u017cy z Amazonii, kt\u00f3ra rz\u0105dzi plemieniem Kuja z pomoc\u0105 dw\u00f3ch si\u00f3str gorgon, Boa Marigold i Boa Sandersonii. Jest r\u00f3wnie\u017c obecn\u0105 kapitan...'","breadcrumb":{"@id":"https:\/\/boutique-one-piece.com\/figurines-one-piece\/figurines-boa-hancock\/figurine-one-piece-boa-hancock-kimono\/#breadcrumb"},"inLanguage":"pl-PL","potentialAction":[{"@type":"ReadAction","target":["https:\/\/boutique-one-piece.com\/figurines-one-piece\/figurines-boa-hancock\/figurine-one-piece-boa-hancock-kimono\/"]}]},{"@type":"ImageObject","inLanguage":"pl-PL","@id":"https:\/\/boutique-one-piece.com\/figurines-one-piece\/figurines-boa-hancock\/figurine-one-piece-boa-hancock-kimono\/#primaryimage","url":"https:\/\/boutique-one-piece.com\/wp-content\/uploads\/2022\/09\/Figurine-One-Piece-Boa-Hancock-Kimono.jpg","contentUrl":"https:\/\/boutique-one-piece.com\/wp-content\/uploads\/2022\/09\/Figurine-One-Piece-Boa-Hancock-Kimono.jpg","width":640,"height":640,"caption":"Figurine One Piece Boa Hancock Kimono Default Title"},{"@type":"BreadcrumbList","@id":"https:\/\/boutique-one-piece.com\/figurines-one-piece\/figurines-boa-hancock\/figurine-one-piece-boa-hancock-kimono\/#breadcrumb","itemListElement":[{"@type":"ListItem","position":1,"name":"Home","item":"https:\/\/boutique-one-piece.com\/"},{"@type":"ListItem","position":2,"name":"Shop","item":"https:\/\/boutique-one-piece.com\/shop\/"},{"@type":"ListItem","position":3,"name":"Figurine One Piece Boa Hancock Kimono"}]},{"@type":"WebSite","@id":"https:\/\/boutique-one-piece.com\/#website","url":"https:\/\/boutique-one-piece.com\/","name":"One Piece Shop","description":"Sklep specjalistyczny z mang\u0105 i anime One Piece","publisher":{"@id":"https:\/\/boutique-one-piece.com\/#organization"},"potentialAction":[{"@type":"SearchAction","target":{"@type":"EntryPoint","urlTemplate":"https:\/\/boutique-one-piece.com\/?s={search_term_string}"},"query-input":{"@type":"PropertyValueSpecification","valueRequired":true,"valueName":"search_term_string"}}],"inLanguage":"pl-PL"},{"@type":"Organization","@id":"https:\/\/boutique-one-piece.com\/#organization","name":"One Piece Shop","url":"https:\/\/boutique-one-piece.com\/","logo":{"@type":"ImageObject","inLanguage":"pl-PL","@id":"https:\/\/boutique-one-piece.com\/#\/schema\/logo\/image\/","url":"https:\/\/boutique-one-piece.com\/wp-content\/uploads\/2022\/09\/Logo-01.png","contentUrl":"https:\/\/boutique-one-piece.com\/wp-content\/uploads\/2022\/09\/Logo-01.png","width":2318,"height":957,"caption":"Boutique One Piece"},"image":{"@id":"https:\/\/boutique-one-piece.com\/#\/schema\/logo\/image\/"}}]}},"_links":{"self":[{"href":"https:\/\/boutique-one-piece.com\/pl\/wp-json\/wp\/v2\/product\/11620","targetHints":{"allow":["GET"]}}],"collection":[{"href":"https:\/\/boutique-one-piece.com\/pl\/wp-json\/wp\/v2\/product"}],"about":[{"href":"https:\/\/boutique-one-piece.com\/pl\/wp-json\/wp\/v2\/types\/product"}],"replies":[{"embeddable":true,"href":"https:\/\/boutique-one-piece.com\/pl\/wp-json\/wp\/v2\/comments?post=11620"}],"wp:featuredmedia":[{"embeddable":true,"href":"https:\/\/boutique-one-piece.com\/pl\/wp-json\/wp\/v2\/media\/11622"}],"wp:attachment":[{"href":"https:\/\/boutique-one-piece.com\/pl\/wp-json\/wp\/v2\/media?parent=11620"}],"wp:term":[{"taxonomy":"product_brand","embeddable":true,"href":"https:\/\/boutique-one-piece.com\/pl\/wp-json\/wp\/v2\/product_brand?post=11620"},{"taxonomy":"product_cat","embeddable":true,"href":"https:\/\/boutique-one-piece.com\/pl\/wp-json\/wp\/v2\/product_cat?post=11620"},{"taxonomy":"product_tag","embeddable":true,"href":"https:\/\/boutique-one-piece.com\/pl\/wp-json\/wp\/v2\/product_tag?post=11620"}],"curies":[{"name":"wp","href":"https:\/\/api.w.org\/{rel}","templated":true}]}}