{"id":11660,"date":"2022-09-27T20:42:39","date_gmt":"2022-09-27T20:42:39","guid":{"rendered":"https:\/\/boutique-one-piece.com\/uncategorized\/figurine-one-piece-usopp-attaque\/"},"modified":"2025-11-09T17:22:44","modified_gmt":"2025-11-09T17:22:44","slug":"jednoczesciowa-figurka-akcji-usopp-attack","status":"publish","type":"product","link":"https:\/\/boutique-one-piece.com\/pl\/smakolyki-z-one-piece\/one-piece-gadzety-usoppa\/jednoczesciowa-figurka-akcji-usopp-attack\/","title":{"rendered":"One Piece Usopp Attack Figure"},"content":{"rendered":"<h2>M\u0142ody piracie, zdob\u0105d\u017a ju\u017c teraz t\u0119 figurk\u0119 One Piece Usopp Attack.<\/h2>\n<p>Oto, co musisz o nim wiedzie\u0107: ; <strong>Usopp<\/strong>, znany r\u00f3wnie\u017c jako <strong>Pipo<\/strong> W starszych edycjach mangi Glenat jest cz\u0142onkiem za\u0142ogi S\u0142omkowego Kapelusza i zajmuje stanowisko <strong>Snajper<\/strong>. Bycie strzelcem wyborowym oznacza, \u017ce Usopp biegle pos\u0142uguje si\u0119 broni\u0105 paln\u0105 lub proc\u0105. Jest r\u00f3wnie\u017c bieg\u0142y w konserwacji i projektowaniu broni.<\/p>\n<p>Pochodzi\u0142 z wioski Syrup. Cho\u0107 nie by\u0142 szkutnikiem, zajmowa\u0142 si\u0119 r\u00f3wnie\u017c napraw\u0105 <strong>Vogue Merry<\/strong> (kt\u00f3rego dziury zatyka\u0142 wszystkim, co mia\u0142 pod r\u0119k\u0105). P\u00f3\u017aniej, gdy ten ostatni i Thousand Sunny do\u0142\u0105czyli do za\u0142ogi, zast\u0105pi\u0142 go Franky, kt\u00f3ry zajmowa\u0142 si\u0119 konserwacj\u0105 statku. Co wi\u0119cej, <a title=\"ONE PIECE DEAD OR ALIVE FIGURKA FRANKY NEW WORLD\" href=\"https:\/\/boutique-one-piece.com\/pl\/figurka-frankyego-new-world-z-filmu-one-piece-dead-or-alive\/\" target=\"_blank\" rel=\"noopener\">Figurka Franky&#039;ego \u00ab\u017cywego lub martwego\u00bb<\/a> jest w Twoim zasi\u0119gu.<\/p>\n<h3>Czy figurka Usoppa w trakcie ataku Ci\u0119 urzek\u0142a? Je\u015bli tak, do\u0142\u0105cz do niego natychmiast na pok\u0142adzie Thousand Sunny. Czeka Ci\u0119 wiele przyg\u00f3d.<\/h3>\n<p><strong>M\u0142ody pirat<\/strong>, Nie szukaj dalej, w\u0142a\u015bnie znalaz\u0142e\u015b kolekcj\u0119 mitycznych przedmiot\u00f3w, kt\u00f3re poszerz\u0105 Twoje uniwersum One Piece. Zanurz si\u0119, lub zanurz si\u0119 ponownie, w swoim ulubionym anime z tymi przedmiotami. Tw\u00f3j piracki los jest teraz w Twoich r\u0119kach. Czy si\u0119gniesz po nie? <strong>skarb One Piece<\/strong> ?<\/p>\n<h2>Informacje o figurce Usoppa Attack\u00a0<\/h2>\n<ul>\n<li><span><b><u>Figurka One Piece<\/u><\/b>\u00a0Figurka Premium One Piece dla prawdziwych pirat\u00f3w<\/span><\/li>\n<\/ul>\n<ul>\n<li>\n<b>Materia\u0142<\/b><span>\u00a0<\/span>PCV<\/li>\n<\/ul>\n<ul>\n<li><span><strong>Wymiar<\/strong>\u00a0: 17 cm<\/span><\/li>\n<\/ul>\n<ul>\n<li><span><strong>DARMOWA DOSTAWA<\/strong><\/span><\/li>\n<\/ul>","protected":false},"excerpt":{"rendered":"<p>M\u0142ody piracie, zdob\u0105d\u017a t\u0119 figurk\u0119 One Piece Usopp Attack ju\u017c teraz! Oto, co musisz o nim wiedzie\u0107: Usopp, znany r\u00f3wnie\u017c jako Pipo w starszych edycjach mangi Gl\u00e9nat, jest cz\u0142onkiem za\u0142ogi S\u0142omkowego Kapelusza i pe\u0142ni funkcj\u0119 Snajpera. B\u0119d\u0105c Snajperem [\u2026]<\/p>","protected":false},"featured_media":11662,"comment_status":"open","ping_status":"open","template":"","meta":[],"product_brand":[],"product_cat":[76,283,155],"product_tag":[144],"class_list":{"0":"post-11660","1":"product","2":"type-product","3":"status-publish","4":"has-post-thumbnail","6":"product_cat-figurines-one-piece","7":"product_cat-figurines-usopp","8":"product_cat-goodies-usopp-one-piece","9":"product_tag-usopp","11":"first","12":"instock","13":"purchasable","14":"product-type-simple"},"yoast_head":"<!-- This site is optimized with the Yoast SEO plugin v27.5 - https:\/\/yoast.com\/product\/yoast-seo-wordpress\/ -->\n<title>Figurine One Piece Usopp Attaque | Boutique One Piece<\/title>\n<meta name=\"description\" content=\"Jeune pirate, fais d\u00e8s \u00e0 pr\u00e9sent l&#039;acquisition de cette Figurine One Piece Usopp Attaque. Voici ce que tu dois savoir \u00e0 son sujet ; Usopp, \u00e9galement nomm\u00e9 Pipo dans les anciennes \u00e9ditions de Gl\u00e9nat du manga, est un membre de L&#039;\u00c9quipage du Chapeau de Paille, il occupe le poste de Tireur d&#039;\u00c9lite. \u00catre un Tireur d\u2019\u00c9lite s\" \/>\n<meta name=\"robots\" content=\"index, follow, max-snippet:-1, max-image-preview:large, max-video-preview:-1\" \/>\n<link rel=\"canonical\" href=\"https:\/\/boutique-one-piece.com\/pl\/figurki-one-piece\/figurki-usoppa\/jednoczesciowa-figurka-akcji-usopp-attack\/\" \/>\n<meta property=\"og:locale\" content=\"pl_PL\" \/>\n<meta property=\"og:type\" content=\"article\" \/>\n<meta property=\"og:title\" content=\"Figurine One Piece Usopp Attaque | Boutique One Piece\" \/>\n<meta property=\"og:description\" content=\"Jeune pirate, fais d\u00e8s \u00e0 pr\u00e9sent l&#039;acquisition de cette Figurine One Piece Usopp Attaque. Voici ce que tu dois savoir \u00e0 son sujet ; Usopp, \u00e9galement nomm\u00e9 Pipo dans les anciennes \u00e9ditions de Gl\u00e9nat du manga, est un membre de L&#039;\u00c9quipage du Chapeau de Paille, il occupe le poste de Tireur d&#039;\u00c9lite. \u00catre un Tireur d\u2019\u00c9lite s\" \/>\n<meta property=\"og:url\" content=\"https:\/\/boutique-one-piece.com\/pl\/figurki-one-piece\/figurki-usoppa\/jednoczesciowa-figurka-akcji-usopp-attack\/\" \/>\n<meta property=\"og:site_name\" content=\"Boutique One Piece\" \/>\n<meta property=\"article:modified_time\" content=\"2025-11-09T17:22:44+00:00\" \/>\n<meta property=\"og:image\" content=\"https:\/\/boutique-one-piece.com\/wp-content\/uploads\/2022\/09\/Figurine-One-Piece-Usopp-Attaque.jpg\" \/>\n\t<meta property=\"og:image:width\" content=\"640\" \/>\n\t<meta property=\"og:image:height\" content=\"640\" \/>\n\t<meta property=\"og:image:type\" content=\"image\/jpeg\" \/>\n<meta name=\"twitter:card\" content=\"summary_large_image\" \/>\n<meta name=\"twitter:label1\" content=\"Szacowany czas czytania\" \/>\n\t<meta name=\"twitter:data1\" content=\"2 minuty\" \/>\n<script type=\"application\/ld+json\" class=\"yoast-schema-graph\">{\"@context\":\"https:\\\/\\\/schema.org\",\"@graph\":[{\"@type\":\"WebPage\",\"@id\":\"https:\\\/\\\/boutique-one-piece.com\\\/figurines-one-piece\\\/figurines-usopp\\\/figurine-one-piece-usopp-attaque\\\/\",\"url\":\"https:\\\/\\\/boutique-one-piece.com\\\/figurines-one-piece\\\/figurines-usopp\\\/figurine-one-piece-usopp-attaque\\\/\",\"name\":\"Figurine One Piece Usopp Attaque | Boutique One Piece\",\"isPartOf\":{\"@id\":\"https:\\\/\\\/boutique-one-piece.com\\\/#website\"},\"primaryImageOfPage\":{\"@id\":\"https:\\\/\\\/boutique-one-piece.com\\\/figurines-one-piece\\\/figurines-usopp\\\/figurine-one-piece-usopp-attaque\\\/#primaryimage\"},\"image\":{\"@id\":\"https:\\\/\\\/boutique-one-piece.com\\\/figurines-one-piece\\\/figurines-usopp\\\/figurine-one-piece-usopp-attaque\\\/#primaryimage\"},\"thumbnailUrl\":\"https:\\\/\\\/boutique-one-piece.com\\\/wp-content\\\/uploads\\\/2022\\\/09\\\/Figurine-One-Piece-Usopp-Attaque.jpg\",\"datePublished\":\"2022-09-27T20:42:39+00:00\",\"dateModified\":\"2025-11-09T17:22:44+00:00\",\"description\":\"Jeune pirate, fais d\u00e8s \u00e0 pr\u00e9sent l'acquisition de cette Figurine One Piece Usopp Attaque. Voici ce que tu dois savoir \u00e0 son sujet ; Usopp, \u00e9galement nomm\u00e9 Pipo dans les anciennes \u00e9ditions de Gl\u00e9nat du manga, est un membre de L'\u00c9quipage du Chapeau de Paille, il occupe le poste de Tireur d'\u00c9lite. \u00catre un Tireur d\u2019\u00c9lite s\",\"breadcrumb\":{\"@id\":\"https:\\\/\\\/boutique-one-piece.com\\\/figurines-one-piece\\\/figurines-usopp\\\/figurine-one-piece-usopp-attaque\\\/#breadcrumb\"},\"inLanguage\":\"pl-PL\",\"potentialAction\":[{\"@type\":\"ReadAction\",\"target\":[\"https:\\\/\\\/boutique-one-piece.com\\\/figurines-one-piece\\\/figurines-usopp\\\/figurine-one-piece-usopp-attaque\\\/\"]}]},{\"@type\":\"ImageObject\",\"inLanguage\":\"pl-PL\",\"@id\":\"https:\\\/\\\/boutique-one-piece.com\\\/figurines-one-piece\\\/figurines-usopp\\\/figurine-one-piece-usopp-attaque\\\/#primaryimage\",\"url\":\"https:\\\/\\\/boutique-one-piece.com\\\/wp-content\\\/uploads\\\/2022\\\/09\\\/Figurine-One-Piece-Usopp-Attaque.jpg\",\"contentUrl\":\"https:\\\/\\\/boutique-one-piece.com\\\/wp-content\\\/uploads\\\/2022\\\/09\\\/Figurine-One-Piece-Usopp-Attaque.jpg\",\"width\":640,\"height\":640,\"caption\":\"Figurine One Piece Usopp Attaque Usopp in box\"},{\"@type\":\"BreadcrumbList\",\"@id\":\"https:\\\/\\\/boutique-one-piece.com\\\/figurines-one-piece\\\/figurines-usopp\\\/figurine-one-piece-usopp-attaque\\\/#breadcrumb\",\"itemListElement\":[{\"@type\":\"ListItem\",\"position\":1,\"name\":\"Home\",\"item\":\"https:\\\/\\\/boutique-one-piece.com\\\/\"},{\"@type\":\"ListItem\",\"position\":2,\"name\":\"Shop\",\"item\":\"https:\\\/\\\/boutique-one-piece.com\\\/shop\\\/\"},{\"@type\":\"ListItem\",\"position\":3,\"name\":\"Figurine One Piece Usopp Attaque\"}]},{\"@type\":\"WebSite\",\"@id\":\"https:\\\/\\\/boutique-one-piece.com\\\/#website\",\"url\":\"https:\\\/\\\/boutique-one-piece.com\\\/\",\"name\":\"Boutique One Piece\",\"description\":\"Magasin Sp\u00e9cialis\u00e9 du Manga et l&#039;Anime One Piece\",\"publisher\":{\"@id\":\"https:\\\/\\\/boutique-one-piece.com\\\/#organization\"},\"potentialAction\":[{\"@type\":\"SearchAction\",\"target\":{\"@type\":\"EntryPoint\",\"urlTemplate\":\"https:\\\/\\\/boutique-one-piece.com\\\/?s={search_term_string}\"},\"query-input\":{\"@type\":\"PropertyValueSpecification\",\"valueRequired\":true,\"valueName\":\"search_term_string\"}}],\"inLanguage\":\"pl-PL\"},{\"@type\":\"Organization\",\"@id\":\"https:\\\/\\\/boutique-one-piece.com\\\/#organization\",\"name\":\"Boutique One Piece\",\"url\":\"https:\\\/\\\/boutique-one-piece.com\\\/\",\"logo\":{\"@type\":\"ImageObject\",\"inLanguage\":\"pl-PL\",\"@id\":\"https:\\\/\\\/boutique-one-piece.com\\\/#\\\/schema\\\/logo\\\/image\\\/\",\"url\":\"https:\\\/\\\/boutique-one-piece.com\\\/wp-content\\\/uploads\\\/2022\\\/09\\\/Logo-01.png\",\"contentUrl\":\"https:\\\/\\\/boutique-one-piece.com\\\/wp-content\\\/uploads\\\/2022\\\/09\\\/Logo-01.png\",\"width\":2318,\"height\":957,\"caption\":\"Boutique One Piece\"},\"image\":{\"@id\":\"https:\\\/\\\/boutique-one-piece.com\\\/#\\\/schema\\\/logo\\\/image\\\/\"}}]}<\/script>\n<!-- \/ Yoast SEO plugin. -->","yoast_head_json":{"title":"One Piece: Figurka Usopp Attack | Sklep One Piece","description":"M\u0142ody piracie, zdob\u0105d\u017a t\u0119 figurk\u0119 One Piece Usopp Attack ju\u017c teraz! Oto, co musisz o nim wiedzie\u0107: Usopp, znany r\u00f3wnie\u017c jako Pipo w starszych edycjach mangi Gl\u00e9nat, jest cz\u0142onkiem za\u0142ogi S\u0142omkowego Kapelusza i pe\u0142ni funkcj\u0119 Snajpera. B\u0119d\u0105c Snajperem...","robots":{"index":"index","follow":"follow","max-snippet":"max-snippet:-1","max-image-preview":"max-image-preview:large","max-video-preview":"max-video-preview:-1"},"canonical":"https:\/\/boutique-one-piece.com\/pl\/figurki-one-piece\/figurki-usoppa\/jednoczesciowa-figurka-akcji-usopp-attack\/","og_locale":"pl_PL","og_type":"article","og_title":"Figurine One Piece Usopp Attaque | Boutique One Piece","og_description":"Jeune pirate, fais d\u00e8s \u00e0 pr\u00e9sent l'acquisition de cette Figurine One Piece Usopp Attaque. Voici ce que tu dois savoir \u00e0 son sujet ; Usopp, \u00e9galement nomm\u00e9 Pipo dans les anciennes \u00e9ditions de Gl\u00e9nat du manga, est un membre de L'\u00c9quipage du Chapeau de Paille, il occupe le poste de Tireur d'\u00c9lite. \u00catre un Tireur d\u2019\u00c9lite s","og_url":"https:\/\/boutique-one-piece.com\/pl\/figurki-one-piece\/figurki-usoppa\/jednoczesciowa-figurka-akcji-usopp-attack\/","og_site_name":"Boutique One Piece","article_modified_time":"2025-11-09T17:22:44+00:00","og_image":[{"width":640,"height":640,"url":"https:\/\/boutique-one-piece.com\/wp-content\/uploads\/2022\/09\/Figurine-One-Piece-Usopp-Attaque.jpg","type":"image\/jpeg"}],"twitter_card":"summary_large_image","twitter_misc":{"Szacowany czas czytania":"2 minuty"},"schema":{"@context":"https:\/\/schema.org","@graph":[{"@type":"WebPage","@id":"https:\/\/boutique-one-piece.com\/figurines-one-piece\/figurines-usopp\/figurine-one-piece-usopp-attaque\/","url":"https:\/\/boutique-one-piece.com\/figurines-one-piece\/figurines-usopp\/figurine-one-piece-usopp-attaque\/","name":"One Piece: Figurka Usopp Attack | Sklep One Piece","isPartOf":{"@id":"https:\/\/boutique-one-piece.com\/#website"},"primaryImageOfPage":{"@id":"https:\/\/boutique-one-piece.com\/figurines-one-piece\/figurines-usopp\/figurine-one-piece-usopp-attaque\/#primaryimage"},"image":{"@id":"https:\/\/boutique-one-piece.com\/figurines-one-piece\/figurines-usopp\/figurine-one-piece-usopp-attaque\/#primaryimage"},"thumbnailUrl":"https:\/\/boutique-one-piece.com\/wp-content\/uploads\/2022\/09\/Figurine-One-Piece-Usopp-Attaque.jpg","datePublished":"2022-09-27T20:42:39+00:00","dateModified":"2025-11-09T17:22:44+00:00","description":"M\u0142ody piracie, zdob\u0105d\u017a t\u0119 figurk\u0119 One Piece Usopp Attack ju\u017c teraz! Oto, co musisz o nim wiedzie\u0107: Usopp, znany r\u00f3wnie\u017c jako Pipo w starszych edycjach mangi Gl\u00e9nat, jest cz\u0142onkiem za\u0142ogi S\u0142omkowego Kapelusza i pe\u0142ni funkcj\u0119 Snajpera. B\u0119d\u0105c Snajperem...","breadcrumb":{"@id":"https:\/\/boutique-one-piece.com\/figurines-one-piece\/figurines-usopp\/figurine-one-piece-usopp-attaque\/#breadcrumb"},"inLanguage":"pl-PL","potentialAction":[{"@type":"ReadAction","target":["https:\/\/boutique-one-piece.com\/figurines-one-piece\/figurines-usopp\/figurine-one-piece-usopp-attaque\/"]}]},{"@type":"ImageObject","inLanguage":"pl-PL","@id":"https:\/\/boutique-one-piece.com\/figurines-one-piece\/figurines-usopp\/figurine-one-piece-usopp-attaque\/#primaryimage","url":"https:\/\/boutique-one-piece.com\/wp-content\/uploads\/2022\/09\/Figurine-One-Piece-Usopp-Attaque.jpg","contentUrl":"https:\/\/boutique-one-piece.com\/wp-content\/uploads\/2022\/09\/Figurine-One-Piece-Usopp-Attaque.jpg","width":640,"height":640,"caption":"Figurine One Piece Usopp Attaque Usopp in box"},{"@type":"BreadcrumbList","@id":"https:\/\/boutique-one-piece.com\/figurines-one-piece\/figurines-usopp\/figurine-one-piece-usopp-attaque\/#breadcrumb","itemListElement":[{"@type":"ListItem","position":1,"name":"Home","item":"https:\/\/boutique-one-piece.com\/"},{"@type":"ListItem","position":2,"name":"Shop","item":"https:\/\/boutique-one-piece.com\/shop\/"},{"@type":"ListItem","position":3,"name":"Figurine One Piece Usopp Attaque"}]},{"@type":"WebSite","@id":"https:\/\/boutique-one-piece.com\/#website","url":"https:\/\/boutique-one-piece.com\/","name":"One Piece Shop","description":"Sklep specjalistyczny z mang\u0105 i anime One Piece","publisher":{"@id":"https:\/\/boutique-one-piece.com\/#organization"},"potentialAction":[{"@type":"SearchAction","target":{"@type":"EntryPoint","urlTemplate":"https:\/\/boutique-one-piece.com\/?s={search_term_string}"},"query-input":{"@type":"PropertyValueSpecification","valueRequired":true,"valueName":"search_term_string"}}],"inLanguage":"pl-PL"},{"@type":"Organization","@id":"https:\/\/boutique-one-piece.com\/#organization","name":"One Piece Shop","url":"https:\/\/boutique-one-piece.com\/","logo":{"@type":"ImageObject","inLanguage":"pl-PL","@id":"https:\/\/boutique-one-piece.com\/#\/schema\/logo\/image\/","url":"https:\/\/boutique-one-piece.com\/wp-content\/uploads\/2022\/09\/Logo-01.png","contentUrl":"https:\/\/boutique-one-piece.com\/wp-content\/uploads\/2022\/09\/Logo-01.png","width":2318,"height":957,"caption":"Boutique One Piece"},"image":{"@id":"https:\/\/boutique-one-piece.com\/#\/schema\/logo\/image\/"}}]}},"_links":{"self":[{"href":"https:\/\/boutique-one-piece.com\/pl\/wp-json\/wp\/v2\/product\/11660","targetHints":{"allow":["GET"]}}],"collection":[{"href":"https:\/\/boutique-one-piece.com\/pl\/wp-json\/wp\/v2\/product"}],"about":[{"href":"https:\/\/boutique-one-piece.com\/pl\/wp-json\/wp\/v2\/types\/product"}],"replies":[{"embeddable":true,"href":"https:\/\/boutique-one-piece.com\/pl\/wp-json\/wp\/v2\/comments?post=11660"}],"wp:featuredmedia":[{"embeddable":true,"href":"https:\/\/boutique-one-piece.com\/pl\/wp-json\/wp\/v2\/media\/11662"}],"wp:attachment":[{"href":"https:\/\/boutique-one-piece.com\/pl\/wp-json\/wp\/v2\/media?parent=11660"}],"wp:term":[{"taxonomy":"product_brand","embeddable":true,"href":"https:\/\/boutique-one-piece.com\/pl\/wp-json\/wp\/v2\/product_brand?post=11660"},{"taxonomy":"product_cat","embeddable":true,"href":"https:\/\/boutique-one-piece.com\/pl\/wp-json\/wp\/v2\/product_cat?post=11660"},{"taxonomy":"product_tag","embeddable":true,"href":"https:\/\/boutique-one-piece.com\/pl\/wp-json\/wp\/v2\/product_tag?post=11660"}],"curies":[{"name":"wp","href":"https:\/\/api.w.org\/{rel}","templated":true}]}}