{"id":11803,"date":"2022-09-27T20:43:27","date_gmt":"2022-09-27T20:43:27","guid":{"rendered":"https:\/\/boutique-one-piece.com\/uncategorized\/avis-de-recherche-charlotte-katakuri-wanted\/"},"modified":"2025-02-11T22:20:23","modified_gmt":"2025-02-11T22:20:23","slug":"charlotte-katakuri-chciala","status":"publish","type":"product","link":"https:\/\/boutique-one-piece.com\/pl\/plakat-poszukiwany-one-piece\/charlotte-katakuri-chciala\/","title":{"rendered":"Poszukiwany Charlotte Katakuri"},"content":{"rendered":"<h2>Podoba\u0142 Ci si\u0119 w\u0105tek Totto Land? Je\u015bli tak, ten list go\u0144czy za Charlotte Katakuri przywo\u0142a mi\u0142e wspomnienia.<\/h2>\n<p>Charlotte Katakuri jest jedn\u0105 z g\u0142\u00f3wnych antagonistek <strong>Kraina Totto<\/strong>. Nale\u017cy do ekipy Big Mom, poniewa\u017c jest jednym z jej syn\u00f3w, o czym \u015bwiadczy jego imi\u0119 \u00abCharlotte\u00bb. Jest r\u00f3wnie\u017c jednym z jej \u00ab\u00a0<strong>S\u0142odcy Dow\u00f3dcy<\/strong>\u00ab, co wskazuje na wielk\u0105 moc. Jest postaci\u0105 uderzaj\u0105c\u0105, cho\u0107by ze wzgl\u0119du na charyzm\u0119 i si\u0142\u0119, jak\u0105 emanuje, patrz\u0105c na niego.<\/p>\n<p>Charlotte Katakuri zjad\u0142a owoc <strong>Mochi Mochi no mi<\/strong>, Pozwala mu to przekszta\u0142ca\u0107 swoje cia\u0142o w mochi, rozci\u0105ga\u0107 je lub wystrzeliwa\u0107 kulki. Ta wyj\u0105tkowa umiej\u0119tno\u015b\u0107 sprawia, \u017ce gdy z\u0142apie wroga, ten zostaje uwi\u0119ziony i nie mo\u017ce uciec.<\/p>\n<h3>Pami\u0119tacie wspania\u0142\u0105 walk\u0119 Katakuriego, kt\u00f3rego nazwisko widnia\u0142o na plakacie go\u0144czym?.<\/h3>\n<p>Charlotte Katakuri b\u0119dzie walczy\u0107 z Luffym o <strong>pami\u0119tna bitwa<\/strong> Poniewa\u017c ma podobne cechy do Luffy&#039;ego, ale Katakuri potrafi robi\u0107 to samo, co Luffy, tylko lepiej. Katakuri nawet zrani si\u0119 swoim <strong>tr\u00f3jz\u0105b<\/strong> Poniewa\u017c Luffy doznaje kontuzji, kt\u00f3ra nie jest jego w\u0142asn\u0105, walka si\u0119 wyr\u00f3wnuje. Zostanie pokonany przez now\u0105 form\u0119 Luffy&#039;ego, Snakemana, a Charlotte Katakuri zdoby\u0142a szacunek Luffy&#039;ego. Nagroda za Katakuriego wynosi 1 miliard 57 milion\u00f3w Jag\u00f3d.<\/p>\n<p>Je\u015bli interesuj\u0105 Ci\u0119 bonusy, sprawd\u017a\u2019<a title=\"Sycylia poszukiwana\" href=\"https:\/\/boutique-one-piece.com\/pl\/avis-de-recherche-sicilion-wanted\/\" target=\"_blank\" rel=\"noopener\" class=\"broken_link\">list go\u0144czy z Sycylii<\/a>.<\/p>\n<h2>Informacje o plakacie One Piece Wanted Charlotte Katakuri<\/h2>\n<ul>\n<li><b><u>Plakat poszukiwany One Piece<\/u><\/b>\u00a0Prawdziwy plakat poszukiwany za bycie prawdziwym piratem One Piece<\/li>\n<\/ul>\n<ul>\n<li><b><u>Nagroda za Charlotte Katakuri<\/u><\/b>\u00a01 057 000 000 jag\u00f3d<\/li>\n<\/ul>\n<ul>\n<li><strong>Wysoka jako\u015b\u0107 druku<\/strong>\u00a0dok\u0142adne kolory<\/li>\n<\/ul>\n<ul>\n<li><strong>Wymiar<\/strong> : 52 cm x 36 cm<\/li>\n<\/ul>\n<ul>\n<li><strong>DARMOWA DOSTAWA<\/strong><\/li>\n<\/ul>","protected":false},"excerpt":{"rendered":"<p>Tu as aim\u00e9 l&rsquo;arc de Totto Land ? Dans ce cas, cet avis de recherche Charlotte Katakuri wanted va te rappeler des bons souvenirs. Charlotte Katakuri est un des principaux antagonistes de Totto Land. Il fait partie de l&rsquo;\u00e9quipage de Big Mom puisqu&rsquo;il est l&rsquo;un de ses fils, comme l&rsquo;indique son nom \u00ab\u00a0Charlotte\u00a0\u00bb. Il en [&hellip;]<\/p>","protected":false},"featured_media":11805,"comment_status":"open","ping_status":"open","template":"","meta":[],"product_brand":[],"product_cat":[171],"product_tag":[325],"class_list":{"0":"post-11803","1":"product","2":"type-product","3":"status-publish","4":"has-post-thumbnail","6":"product_cat-avis-de-recherche-one-piece","7":"product_tag-avalo-pizarro","9":"first","10":"instock","11":"purchasable","12":"product-type-simple"},"yoast_head":"<!-- This site is optimized with the Yoast SEO plugin v27.5 - https:\/\/yoast.com\/product\/yoast-seo-wordpress\/ -->\n<title>Avis De Recherche Charlotte Katakuri Wanted | D\u00e9coration One Piece \u2013 Boutique One Piece<\/title>\n<meta name=\"description\" content=\"Tu as aim\u00e9 l&#039;arc de Totto Land ? Dans ce cas, cet avis de recherche Charlotte Katakuri wanted va te rappeler des bons souvenirs. Charlotte Katakuri est un des principaux antagonistes de Totto Land. Il fait partie de l&#039;\u00e9quipage de Big Mom puisqu&#039;il est l&#039;un de ses fils, comme l&#039;indique son nom &quot;Charlotte&quot;. Il en est d&#039;a\" \/>\n<meta name=\"robots\" content=\"index, follow, max-snippet:-1, max-image-preview:large, max-video-preview:-1\" \/>\n<link rel=\"canonical\" href=\"https:\/\/boutique-one-piece.com\/pl\/plakat-poszukiwany-one-piece\/charlotte-katakuri-chciala\/\" \/>\n<meta property=\"og:locale\" content=\"pl_PL\" \/>\n<meta property=\"og:type\" content=\"article\" \/>\n<meta property=\"og:title\" content=\"Avis De Recherche Charlotte Katakuri Wanted | D\u00e9coration One Piece \u2013 Boutique One Piece\" \/>\n<meta property=\"og:description\" content=\"Tu as aim\u00e9 l&#039;arc de Totto Land ? Dans ce cas, cet avis de recherche Charlotte Katakuri wanted va te rappeler des bons souvenirs. Charlotte Katakuri est un des principaux antagonistes de Totto Land. Il fait partie de l&#039;\u00e9quipage de Big Mom puisqu&#039;il est l&#039;un de ses fils, comme l&#039;indique son nom &quot;Charlotte&quot;. Il en est d&#039;a\" \/>\n<meta property=\"og:url\" content=\"https:\/\/boutique-one-piece.com\/pl\/plakat-poszukiwany-one-piece\/charlotte-katakuri-chciala\/\" \/>\n<meta property=\"og:site_name\" content=\"Boutique One Piece\" \/>\n<meta property=\"article:modified_time\" content=\"2025-02-11T22:20:23+00:00\" \/>\n<meta property=\"og:image\" content=\"https:\/\/boutique-one-piece.com\/wp-content\/uploads\/2022\/09\/Avis-De-Recherche-Charlotte-Katakuri-Wanted-1.jpg\" \/>\n\t<meta property=\"og:image:width\" content=\"799\" \/>\n\t<meta property=\"og:image:height\" content=\"797\" \/>\n\t<meta property=\"og:image:type\" content=\"image\/jpeg\" \/>\n<meta name=\"twitter:card\" content=\"summary_large_image\" \/>\n<meta name=\"twitter:label1\" content=\"Szacowany czas czytania\" \/>\n\t<meta name=\"twitter:data1\" content=\"2 minuty\" \/>\n<script type=\"application\/ld+json\" class=\"yoast-schema-graph\">{\"@context\":\"https:\\\/\\\/schema.org\",\"@graph\":[{\"@type\":\"WebPage\",\"@id\":\"https:\\\/\\\/boutique-one-piece.com\\\/avis-de-recherche-one-piece\\\/avis-de-recherche-charlotte-katakuri-wanted\\\/\",\"url\":\"https:\\\/\\\/boutique-one-piece.com\\\/avis-de-recherche-one-piece\\\/avis-de-recherche-charlotte-katakuri-wanted\\\/\",\"name\":\"Avis De Recherche Charlotte Katakuri Wanted | D\u00e9coration One Piece \u2013 Boutique One Piece\",\"isPartOf\":{\"@id\":\"https:\\\/\\\/boutique-one-piece.com\\\/#website\"},\"primaryImageOfPage\":{\"@id\":\"https:\\\/\\\/boutique-one-piece.com\\\/avis-de-recherche-one-piece\\\/avis-de-recherche-charlotte-katakuri-wanted\\\/#primaryimage\"},\"image\":{\"@id\":\"https:\\\/\\\/boutique-one-piece.com\\\/avis-de-recherche-one-piece\\\/avis-de-recherche-charlotte-katakuri-wanted\\\/#primaryimage\"},\"thumbnailUrl\":\"https:\\\/\\\/boutique-one-piece.com\\\/wp-content\\\/uploads\\\/2022\\\/09\\\/Avis-De-Recherche-Charlotte-Katakuri-Wanted-1.jpg\",\"datePublished\":\"2022-09-27T20:43:27+00:00\",\"dateModified\":\"2025-02-11T22:20:23+00:00\",\"description\":\"Tu as aim\u00e9 l'arc de Totto Land ? Dans ce cas, cet avis de recherche Charlotte Katakuri wanted va te rappeler des bons souvenirs. Charlotte Katakuri est un des principaux antagonistes de Totto Land. Il fait partie de l'\u00e9quipage de Big Mom puisqu'il est l'un de ses fils, comme l'indique son nom \\\"Charlotte\\\". Il en est d'a\",\"breadcrumb\":{\"@id\":\"https:\\\/\\\/boutique-one-piece.com\\\/avis-de-recherche-one-piece\\\/avis-de-recherche-charlotte-katakuri-wanted\\\/#breadcrumb\"},\"inLanguage\":\"pl-PL\",\"potentialAction\":[{\"@type\":\"ReadAction\",\"target\":[\"https:\\\/\\\/boutique-one-piece.com\\\/avis-de-recherche-one-piece\\\/avis-de-recherche-charlotte-katakuri-wanted\\\/\"]}]},{\"@type\":\"ImageObject\",\"inLanguage\":\"pl-PL\",\"@id\":\"https:\\\/\\\/boutique-one-piece.com\\\/avis-de-recherche-one-piece\\\/avis-de-recherche-charlotte-katakuri-wanted\\\/#primaryimage\",\"url\":\"https:\\\/\\\/boutique-one-piece.com\\\/wp-content\\\/uploads\\\/2022\\\/09\\\/Avis-De-Recherche-Charlotte-Katakuri-Wanted-1.jpg\",\"contentUrl\":\"https:\\\/\\\/boutique-one-piece.com\\\/wp-content\\\/uploads\\\/2022\\\/09\\\/Avis-De-Recherche-Charlotte-Katakuri-Wanted-1.jpg\",\"width\":799,\"height\":797},{\"@type\":\"BreadcrumbList\",\"@id\":\"https:\\\/\\\/boutique-one-piece.com\\\/avis-de-recherche-one-piece\\\/avis-de-recherche-charlotte-katakuri-wanted\\\/#breadcrumb\",\"itemListElement\":[{\"@type\":\"ListItem\",\"position\":1,\"name\":\"Home\",\"item\":\"https:\\\/\\\/boutique-one-piece.com\\\/\"},{\"@type\":\"ListItem\",\"position\":2,\"name\":\"Shop\",\"item\":\"https:\\\/\\\/boutique-one-piece.com\\\/shop\\\/\"},{\"@type\":\"ListItem\",\"position\":3,\"name\":\"Avis De Recherche Charlotte Katakuri Wanted\"}]},{\"@type\":\"WebSite\",\"@id\":\"https:\\\/\\\/boutique-one-piece.com\\\/#website\",\"url\":\"https:\\\/\\\/boutique-one-piece.com\\\/\",\"name\":\"Boutique One Piece\",\"description\":\"Magasin Sp\u00e9cialis\u00e9 du Manga et l&#039;Anime One Piece\",\"publisher\":{\"@id\":\"https:\\\/\\\/boutique-one-piece.com\\\/#organization\"},\"potentialAction\":[{\"@type\":\"SearchAction\",\"target\":{\"@type\":\"EntryPoint\",\"urlTemplate\":\"https:\\\/\\\/boutique-one-piece.com\\\/?s={search_term_string}\"},\"query-input\":{\"@type\":\"PropertyValueSpecification\",\"valueRequired\":true,\"valueName\":\"search_term_string\"}}],\"inLanguage\":\"pl-PL\"},{\"@type\":\"Organization\",\"@id\":\"https:\\\/\\\/boutique-one-piece.com\\\/#organization\",\"name\":\"Boutique One Piece\",\"url\":\"https:\\\/\\\/boutique-one-piece.com\\\/\",\"logo\":{\"@type\":\"ImageObject\",\"inLanguage\":\"pl-PL\",\"@id\":\"https:\\\/\\\/boutique-one-piece.com\\\/#\\\/schema\\\/logo\\\/image\\\/\",\"url\":\"https:\\\/\\\/boutique-one-piece.com\\\/wp-content\\\/uploads\\\/2022\\\/09\\\/Logo-01.png\",\"contentUrl\":\"https:\\\/\\\/boutique-one-piece.com\\\/wp-content\\\/uploads\\\/2022\\\/09\\\/Logo-01.png\",\"width\":2318,\"height\":957,\"caption\":\"Boutique One Piece\"},\"image\":{\"@id\":\"https:\\\/\\\/boutique-one-piece.com\\\/#\\\/schema\\\/logo\\\/image\\\/\"}}]}<\/script>\n<!-- \/ Yoast SEO plugin. -->","yoast_head_json":{"title":"Og\u0142oszenie o poszukiwaniu Charlotte Katakuri | One Piece Decor \u2013 Sklep One Piece","description":"Podoba\u0142 Ci si\u0119 w\u0105tek Totto Land? Je\u015bli tak, ten list go\u0144czy Charlotte Katakuri przywo\u0142a mi\u0142e wspomnienia. Charlotte Katakuri jest jednym z g\u0142\u00f3wnych antagonist\u00f3w Totto Land. Nale\u017cy do ekipy Big Mom, poniewa\u017c jest jednym z jej syn\u00f3w, jak wskazuje na to jego imi\u0119 \"Charlotte\". Jest...","robots":{"index":"index","follow":"follow","max-snippet":"max-snippet:-1","max-image-preview":"max-image-preview:large","max-video-preview":"max-video-preview:-1"},"canonical":"https:\/\/boutique-one-piece.com\/pl\/plakat-poszukiwany-one-piece\/charlotte-katakuri-chciala\/","og_locale":"pl_PL","og_type":"article","og_title":"Avis De Recherche Charlotte Katakuri Wanted | D\u00e9coration One Piece \u2013 Boutique One Piece","og_description":"Tu as aim\u00e9 l'arc de Totto Land ? Dans ce cas, cet avis de recherche Charlotte Katakuri wanted va te rappeler des bons souvenirs. Charlotte Katakuri est un des principaux antagonistes de Totto Land. Il fait partie de l'\u00e9quipage de Big Mom puisqu'il est l'un de ses fils, comme l'indique son nom \"Charlotte\". Il en est d'a","og_url":"https:\/\/boutique-one-piece.com\/pl\/plakat-poszukiwany-one-piece\/charlotte-katakuri-chciala\/","og_site_name":"Boutique One Piece","article_modified_time":"2025-02-11T22:20:23+00:00","og_image":[{"width":799,"height":797,"url":"https:\/\/boutique-one-piece.com\/wp-content\/uploads\/2022\/09\/Avis-De-Recherche-Charlotte-Katakuri-Wanted-1.jpg","type":"image\/jpeg"}],"twitter_card":"summary_large_image","twitter_misc":{"Szacowany czas czytania":"2 minuty"},"schema":{"@context":"https:\/\/schema.org","@graph":[{"@type":"WebPage","@id":"https:\/\/boutique-one-piece.com\/avis-de-recherche-one-piece\/avis-de-recherche-charlotte-katakuri-wanted\/","url":"https:\/\/boutique-one-piece.com\/avis-de-recherche-one-piece\/avis-de-recherche-charlotte-katakuri-wanted\/","name":"Og\u0142oszenie o poszukiwaniu Charlotte Katakuri | One Piece Decor \u2013 Sklep One Piece","isPartOf":{"@id":"https:\/\/boutique-one-piece.com\/#website"},"primaryImageOfPage":{"@id":"https:\/\/boutique-one-piece.com\/avis-de-recherche-one-piece\/avis-de-recherche-charlotte-katakuri-wanted\/#primaryimage"},"image":{"@id":"https:\/\/boutique-one-piece.com\/avis-de-recherche-one-piece\/avis-de-recherche-charlotte-katakuri-wanted\/#primaryimage"},"thumbnailUrl":"https:\/\/boutique-one-piece.com\/wp-content\/uploads\/2022\/09\/Avis-De-Recherche-Charlotte-Katakuri-Wanted-1.jpg","datePublished":"2022-09-27T20:43:27+00:00","dateModified":"2025-02-11T22:20:23+00:00","description":"Podoba\u0142 Ci si\u0119 w\u0105tek Totto Land? Je\u015bli tak, ten list go\u0144czy Charlotte Katakuri przywo\u0142a mi\u0142e wspomnienia. Charlotte Katakuri jest jednym z g\u0142\u00f3wnych antagonist\u00f3w Totto Land. Nale\u017cy do ekipy Big Mom, poniewa\u017c jest jednym z jej syn\u00f3w, jak wskazuje na to jego imi\u0119 \"Charlotte\". Jest...","breadcrumb":{"@id":"https:\/\/boutique-one-piece.com\/avis-de-recherche-one-piece\/avis-de-recherche-charlotte-katakuri-wanted\/#breadcrumb"},"inLanguage":"pl-PL","potentialAction":[{"@type":"ReadAction","target":["https:\/\/boutique-one-piece.com\/avis-de-recherche-one-piece\/avis-de-recherche-charlotte-katakuri-wanted\/"]}]},{"@type":"ImageObject","inLanguage":"pl-PL","@id":"https:\/\/boutique-one-piece.com\/avis-de-recherche-one-piece\/avis-de-recherche-charlotte-katakuri-wanted\/#primaryimage","url":"https:\/\/boutique-one-piece.com\/wp-content\/uploads\/2022\/09\/Avis-De-Recherche-Charlotte-Katakuri-Wanted-1.jpg","contentUrl":"https:\/\/boutique-one-piece.com\/wp-content\/uploads\/2022\/09\/Avis-De-Recherche-Charlotte-Katakuri-Wanted-1.jpg","width":799,"height":797},{"@type":"BreadcrumbList","@id":"https:\/\/boutique-one-piece.com\/avis-de-recherche-one-piece\/avis-de-recherche-charlotte-katakuri-wanted\/#breadcrumb","itemListElement":[{"@type":"ListItem","position":1,"name":"Home","item":"https:\/\/boutique-one-piece.com\/"},{"@type":"ListItem","position":2,"name":"Shop","item":"https:\/\/boutique-one-piece.com\/shop\/"},{"@type":"ListItem","position":3,"name":"Avis De Recherche Charlotte Katakuri Wanted"}]},{"@type":"WebSite","@id":"https:\/\/boutique-one-piece.com\/#website","url":"https:\/\/boutique-one-piece.com\/","name":"One Piece Shop","description":"Sklep specjalistyczny z mang\u0105 i anime One Piece","publisher":{"@id":"https:\/\/boutique-one-piece.com\/#organization"},"potentialAction":[{"@type":"SearchAction","target":{"@type":"EntryPoint","urlTemplate":"https:\/\/boutique-one-piece.com\/?s={search_term_string}"},"query-input":{"@type":"PropertyValueSpecification","valueRequired":true,"valueName":"search_term_string"}}],"inLanguage":"pl-PL"},{"@type":"Organization","@id":"https:\/\/boutique-one-piece.com\/#organization","name":"One Piece Shop","url":"https:\/\/boutique-one-piece.com\/","logo":{"@type":"ImageObject","inLanguage":"pl-PL","@id":"https:\/\/boutique-one-piece.com\/#\/schema\/logo\/image\/","url":"https:\/\/boutique-one-piece.com\/wp-content\/uploads\/2022\/09\/Logo-01.png","contentUrl":"https:\/\/boutique-one-piece.com\/wp-content\/uploads\/2022\/09\/Logo-01.png","width":2318,"height":957,"caption":"Boutique One Piece"},"image":{"@id":"https:\/\/boutique-one-piece.com\/#\/schema\/logo\/image\/"}}]}},"_links":{"self":[{"href":"https:\/\/boutique-one-piece.com\/pl\/wp-json\/wp\/v2\/product\/11803","targetHints":{"allow":["GET"]}}],"collection":[{"href":"https:\/\/boutique-one-piece.com\/pl\/wp-json\/wp\/v2\/product"}],"about":[{"href":"https:\/\/boutique-one-piece.com\/pl\/wp-json\/wp\/v2\/types\/product"}],"replies":[{"embeddable":true,"href":"https:\/\/boutique-one-piece.com\/pl\/wp-json\/wp\/v2\/comments?post=11803"}],"wp:featuredmedia":[{"embeddable":true,"href":"https:\/\/boutique-one-piece.com\/pl\/wp-json\/wp\/v2\/media\/11805"}],"wp:attachment":[{"href":"https:\/\/boutique-one-piece.com\/pl\/wp-json\/wp\/v2\/media?parent=11803"}],"wp:term":[{"taxonomy":"product_brand","embeddable":true,"href":"https:\/\/boutique-one-piece.com\/pl\/wp-json\/wp\/v2\/product_brand?post=11803"},{"taxonomy":"product_cat","embeddable":true,"href":"https:\/\/boutique-one-piece.com\/pl\/wp-json\/wp\/v2\/product_cat?post=11803"},{"taxonomy":"product_tag","embeddable":true,"href":"https:\/\/boutique-one-piece.com\/pl\/wp-json\/wp\/v2\/product_tag?post=11803"}],"curies":[{"name":"wp","href":"https:\/\/api.w.org\/{rel}","templated":true}]}}