{"id":11961,"date":"2022-09-27T20:52:36","date_gmt":"2022-09-27T20:52:36","guid":{"rendered":"https:\/\/boutique-one-piece.com\/uncategorized\/peluche-sabo\/"},"modified":"2024-09-16T12:44:04","modified_gmt":"2024-09-16T12:44:04","slug":"pluszowa-zabawka-sabo","status":"publish","type":"product","link":"https:\/\/boutique-one-piece.com\/pl\/pluszowe-zabawki-one-piece\/pluszowa-zabawka-sabo\/","title":{"rendered":"Pluszowa zabawka Sabo"},"content":{"rendered":"<h2>M\u0142ody piracie, wyrusz na spotkanie z drugim najwa\u017cniejszym cz\u0142onkiem Armii Rewolucyjnej. Aby to zrobi\u0107, zdob\u0105d\u017a ju\u017c teraz t\u0119 pluszow\u0105 figurk\u0119 Sabo.<\/h2>\n<p>Powiniene\u015b wiedzie\u0107, \u017ce<strong> Sabo<\/strong> Jest osob\u0105 rozs\u0105dn\u0105, kt\u00f3ra g\u0142\u0119boko troszczy si\u0119 o tych, kt\u00f3rych kocha (jak Luffy). Jest lojalny podczas bitew. Kiedy si\u0119 pojawia, przejawia pewn\u0105 dojrza\u0142o\u015b\u0107 i ma tendencj\u0119 do pozytywnego patrzenia na \u015bwiat. Podobnie jak jego bracia, podziela\u0142 marzenie o zostaniu piratem (co nie sta\u0142o si\u0119 od razu), ale ju\u017c jako dziecko by\u0142 zdeterminowany, by je zrealizowa\u0107.<\/p>\n<p>Wed\u0142ug Luffy&#039;ego, Sabo jest milszym bratem ni\u017c Ace. Marzeniem Sabo jest podr\u00f3\u017cowanie po \u015bwiecie jako pirat i spisanie ksi\u0119gi zawieraj\u0105cej histori\u0119 wszystkiego, co zobaczy i ka\u017cdego miejsca, kt\u00f3re odwiedzi podczas swojej podr\u00f3\u017cy. By\u0142 jednak got\u00f3w od\u0142o\u017cy\u0107 swoje marzenie na bok, by chroni\u0107 swoich braci. I rzeczywi\u015bcie, Sabo by\u0142\u2026 <strong>lojalny wobec swoich dw\u00f3ch braci i przyjaci\u00f3\u0142<\/strong>. Co wi\u0119cej, mo\u017cesz powi\u0119kszy\u0107 swoj\u0105 kolekcj\u0119 pluszowych zabawek, kupuj\u0105c je ju\u017c teraz. <a title=\"PLUSZOWY LUFFY\" href=\"https:\/\/boutique-one-piece.com\/pl\/pluszowy-luffy\/\" target=\"\u00ab\" _blank rel=\"noopener\">Pluszowa zabawka Luffy<\/a>.<\/p>\n<h3>M\u0142ody piracie, zbli\u017c si\u0119 do zast\u0119pcy dow\u00f3dcy Armii Rewolucyjnej. Ta pluszowa zabawka Sabo b\u0119dzie ci towarzyszy\u0107 w wyprawie po One Piece.<\/h3>\n<p>Wyrusz na pok\u0142ad Thousand Sunny. Czeka Ci\u0119 wiele przyg\u00f3d. Te legendarne przedmioty idealnie nadaj\u0105 si\u0119 na prezent, dekoracj\u0119 lub po prostu dla Twojej w\u0142asnej przyjemno\u015bci. Nie czekaj wi\u0119c d\u0142u\u017cej i skorzystaj z okazji, by sta\u0107 si\u0119\u2026 <strong>najlepszy pirat<\/strong> w za\u0142odze S\u0142omkowego Kapelusza. <strong>Jeden kawa\u0142ek<\/strong> To czeka tylko na Ciebie.<\/p>\n<h2>Informacje o pluszowej maskotce One Piece Sabo:<\/h2>\n<ul>\n<li>\u00a0<b>Typ produktu<\/b><span>\u00a0<\/span>Pluszowa zabawka manga One Piece<\/li>\n<\/ul>\n<ul>\n<li>\n<b>Wykorzystanie Peluce<\/b>\u00a0Zabawki, dekoracje, przedmioty kolekcjonerskie, prezenty<\/li>\n<\/ul>\n<ul>\n<li>\n<b>Nazwa postaci<\/b>\u00a0Sabo<\/li>\n<\/ul>\n<ul>\n<li>\n<b>Rozmiar pluszowej zabawki<\/b>\u00a0:25 lub 30 centymetr\u00f3w<\/li>\n<\/ul>\n<ul>\n<li>\n<b>Materia\u0142<\/b>\u00a0: Bawe\u0142na<\/li>\n<\/ul>\n<ul>\n<li>\n<b>Zalecany wiek<\/b>\u00a0:ponad 3 lata<\/li>\n<\/ul>\n<ul>\n<li>\n<b>Darmowa dostawa<\/b> za ka\u017cdy zakup<\/li>\n<\/ul>","protected":false},"excerpt":{"rendered":"<p>M\u0142ody pirat, wyruszasz na spotkanie z drugim najwa\u017cniejszym cz\u0142onkiem Armii Rewolucyjnej. Aby to zrobi\u0107, zdob\u0105d\u017a ju\u017c teraz t\u0119 pluszow\u0105 maskotk\u0119 Sabo. Powiniene\u015b wiedzie\u0107, \u017ce Sabo to osoba rozs\u0105dna, kt\u00f3ra g\u0142\u0119boko troszczy si\u0119 o tych, kt\u00f3rych kocha (jak Luffy). Jest lojalny w walce. Kiedy si\u0119 pojawia, [\u2026]<\/p>","protected":false},"featured_media":11963,"comment_status":"open","ping_status":"open","template":"","meta":[],"product_brand":[],"product_cat":[177],"product_tag":[180],"class_list":{"0":"post-11961","1":"product","2":"type-product","3":"status-publish","4":"has-post-thumbnail","6":"product_cat-peluches-one-piece","7":"product_tag-sabo","9":"first","10":"instock","11":"purchasable","12":"product-type-variable","13":"has-default-attributes"},"yoast_head":"<!-- This site is optimized with the Yoast SEO plugin v27.5 - https:\/\/yoast.com\/product\/yoast-seo-wordpress\/ -->\n<title>Peluche Sabo | Boutique One Piece<\/title>\n<meta name=\"description\" content=\"D\u00e9couvrez la peluche One Piece Sabo le r\u00e9volutionnaire, elle est aussi douce que mignonne ! Commencez votre aventure de pirate \u00e0 la recherche du One Piece dans l&#039;\u00e9quipage du Chapeau de Paille\" \/>\n<meta name=\"robots\" content=\"index, follow, max-snippet:-1, max-image-preview:large, max-video-preview:-1\" \/>\n<link rel=\"canonical\" href=\"https:\/\/boutique-one-piece.com\/pl\/pluszowe-zabawki-one-piece\/pluszowa-zabawka-sabo\/\" \/>\n<meta property=\"og:locale\" content=\"pl_PL\" \/>\n<meta property=\"og:type\" content=\"article\" \/>\n<meta property=\"og:title\" content=\"Peluche Sabo | Boutique One Piece\" \/>\n<meta property=\"og:description\" content=\"D\u00e9couvrez la peluche One Piece Sabo le r\u00e9volutionnaire, elle est aussi douce que mignonne ! Commencez votre aventure de pirate \u00e0 la recherche du One Piece dans l&#039;\u00e9quipage du Chapeau de Paille\" \/>\n<meta property=\"og:url\" content=\"https:\/\/boutique-one-piece.com\/pl\/pluszowe-zabawki-one-piece\/pluszowa-zabawka-sabo\/\" \/>\n<meta property=\"og:site_name\" content=\"Boutique One Piece\" \/>\n<meta property=\"article:modified_time\" content=\"2024-09-16T12:44:04+00:00\" \/>\n<meta property=\"og:image\" content=\"https:\/\/boutique-one-piece.com\/wp-content\/uploads\/2022\/09\/Peluche-Sabo.png\" \/>\n\t<meta property=\"og:image:width\" content=\"500\" \/>\n\t<meta property=\"og:image:height\" content=\"500\" \/>\n\t<meta property=\"og:image:type\" content=\"image\/png\" \/>\n<meta name=\"twitter:card\" content=\"summary_large_image\" \/>\n<meta name=\"twitter:label1\" content=\"Szacowany czas czytania\" \/>\n\t<meta name=\"twitter:data1\" content=\"2 minuty\" \/>\n<script type=\"application\/ld+json\" class=\"yoast-schema-graph\">{\"@context\":\"https:\\\/\\\/schema.org\",\"@graph\":[{\"@type\":\"WebPage\",\"@id\":\"https:\\\/\\\/boutique-one-piece.com\\\/peluches-one-piece\\\/peluche-sabo\\\/\",\"url\":\"https:\\\/\\\/boutique-one-piece.com\\\/peluches-one-piece\\\/peluche-sabo\\\/\",\"name\":\"Peluche Sabo | Boutique One Piece\",\"isPartOf\":{\"@id\":\"https:\\\/\\\/boutique-one-piece.com\\\/#website\"},\"primaryImageOfPage\":{\"@id\":\"https:\\\/\\\/boutique-one-piece.com\\\/peluches-one-piece\\\/peluche-sabo\\\/#primaryimage\"},\"image\":{\"@id\":\"https:\\\/\\\/boutique-one-piece.com\\\/peluches-one-piece\\\/peluche-sabo\\\/#primaryimage\"},\"thumbnailUrl\":\"https:\\\/\\\/boutique-one-piece.com\\\/wp-content\\\/uploads\\\/2022\\\/09\\\/Peluche-Sabo.png\",\"datePublished\":\"2022-09-27T20:52:36+00:00\",\"dateModified\":\"2024-09-16T12:44:04+00:00\",\"description\":\"D\u00e9couvrez la peluche One Piece Sabo le r\u00e9volutionnaire, elle est aussi douce que mignonne ! Commencez votre aventure de pirate \u00e0 la recherche du One Piece dans l'\u00e9quipage du Chapeau de Paille\",\"breadcrumb\":{\"@id\":\"https:\\\/\\\/boutique-one-piece.com\\\/peluches-one-piece\\\/peluche-sabo\\\/#breadcrumb\"},\"inLanguage\":\"pl-PL\",\"potentialAction\":[{\"@type\":\"ReadAction\",\"target\":[\"https:\\\/\\\/boutique-one-piece.com\\\/peluches-one-piece\\\/peluche-sabo\\\/\"]}]},{\"@type\":\"ImageObject\",\"inLanguage\":\"pl-PL\",\"@id\":\"https:\\\/\\\/boutique-one-piece.com\\\/peluches-one-piece\\\/peluche-sabo\\\/#primaryimage\",\"url\":\"https:\\\/\\\/boutique-one-piece.com\\\/wp-content\\\/uploads\\\/2022\\\/09\\\/Peluche-Sabo.png\",\"contentUrl\":\"https:\\\/\\\/boutique-one-piece.com\\\/wp-content\\\/uploads\\\/2022\\\/09\\\/Peluche-Sabo.png\",\"width\":500,\"height\":500,\"caption\":\"Peluche Sabo 30cm\"},{\"@type\":\"BreadcrumbList\",\"@id\":\"https:\\\/\\\/boutique-one-piece.com\\\/peluches-one-piece\\\/peluche-sabo\\\/#breadcrumb\",\"itemListElement\":[{\"@type\":\"ListItem\",\"position\":1,\"name\":\"Home\",\"item\":\"https:\\\/\\\/boutique-one-piece.com\\\/\"},{\"@type\":\"ListItem\",\"position\":2,\"name\":\"Shop\",\"item\":\"https:\\\/\\\/boutique-one-piece.com\\\/shop\\\/\"},{\"@type\":\"ListItem\",\"position\":3,\"name\":\"Peluche Sabo\"}]},{\"@type\":\"WebSite\",\"@id\":\"https:\\\/\\\/boutique-one-piece.com\\\/#website\",\"url\":\"https:\\\/\\\/boutique-one-piece.com\\\/\",\"name\":\"Boutique One Piece\",\"description\":\"Magasin Sp\u00e9cialis\u00e9 du Manga et l&#039;Anime One Piece\",\"publisher\":{\"@id\":\"https:\\\/\\\/boutique-one-piece.com\\\/#organization\"},\"potentialAction\":[{\"@type\":\"SearchAction\",\"target\":{\"@type\":\"EntryPoint\",\"urlTemplate\":\"https:\\\/\\\/boutique-one-piece.com\\\/?s={search_term_string}\"},\"query-input\":{\"@type\":\"PropertyValueSpecification\",\"valueRequired\":true,\"valueName\":\"search_term_string\"}}],\"inLanguage\":\"pl-PL\"},{\"@type\":\"Organization\",\"@id\":\"https:\\\/\\\/boutique-one-piece.com\\\/#organization\",\"name\":\"Boutique One Piece\",\"url\":\"https:\\\/\\\/boutique-one-piece.com\\\/\",\"logo\":{\"@type\":\"ImageObject\",\"inLanguage\":\"pl-PL\",\"@id\":\"https:\\\/\\\/boutique-one-piece.com\\\/#\\\/schema\\\/logo\\\/image\\\/\",\"url\":\"https:\\\/\\\/boutique-one-piece.com\\\/wp-content\\\/uploads\\\/2022\\\/09\\\/Logo-01.png\",\"contentUrl\":\"https:\\\/\\\/boutique-one-piece.com\\\/wp-content\\\/uploads\\\/2022\\\/09\\\/Logo-01.png\",\"width\":2318,\"height\":957,\"caption\":\"Boutique One Piece\"},\"image\":{\"@id\":\"https:\\\/\\\/boutique-one-piece.com\\\/#\\\/schema\\\/logo\\\/image\\\/\"}}]}<\/script>\n<!-- \/ Yoast SEO plugin. -->","yoast_head_json":{"title":"Pluszowy Sabo | Sklep One Piece","description":"Odkryj pluszowego rewolucjonist\u0119 Sabo z One Piece \u2013 jest tak mi\u0119kki, jak uroczy! Rozpocznij swoj\u0105 pirack\u0105 przygod\u0119 w poszukiwaniu One Piece z za\u0142og\u0105 S\u0142omkowego Kapelusza.","robots":{"index":"index","follow":"follow","max-snippet":"max-snippet:-1","max-image-preview":"max-image-preview:large","max-video-preview":"max-video-preview:-1"},"canonical":"https:\/\/boutique-one-piece.com\/pl\/pluszowe-zabawki-one-piece\/pluszowa-zabawka-sabo\/","og_locale":"pl_PL","og_type":"article","og_title":"Peluche Sabo | Boutique One Piece","og_description":"D\u00e9couvrez la peluche One Piece Sabo le r\u00e9volutionnaire, elle est aussi douce que mignonne ! Commencez votre aventure de pirate \u00e0 la recherche du One Piece dans l'\u00e9quipage du Chapeau de Paille","og_url":"https:\/\/boutique-one-piece.com\/pl\/pluszowe-zabawki-one-piece\/pluszowa-zabawka-sabo\/","og_site_name":"Boutique One Piece","article_modified_time":"2024-09-16T12:44:04+00:00","og_image":[{"width":500,"height":500,"url":"https:\/\/boutique-one-piece.com\/wp-content\/uploads\/2022\/09\/Peluche-Sabo.png","type":"image\/png"}],"twitter_card":"summary_large_image","twitter_misc":{"Szacowany czas czytania":"2 minuty"},"schema":{"@context":"https:\/\/schema.org","@graph":[{"@type":"WebPage","@id":"https:\/\/boutique-one-piece.com\/peluches-one-piece\/peluche-sabo\/","url":"https:\/\/boutique-one-piece.com\/peluches-one-piece\/peluche-sabo\/","name":"Pluszowy Sabo | Sklep One Piece","isPartOf":{"@id":"https:\/\/boutique-one-piece.com\/#website"},"primaryImageOfPage":{"@id":"https:\/\/boutique-one-piece.com\/peluches-one-piece\/peluche-sabo\/#primaryimage"},"image":{"@id":"https:\/\/boutique-one-piece.com\/peluches-one-piece\/peluche-sabo\/#primaryimage"},"thumbnailUrl":"https:\/\/boutique-one-piece.com\/wp-content\/uploads\/2022\/09\/Peluche-Sabo.png","datePublished":"2022-09-27T20:52:36+00:00","dateModified":"2024-09-16T12:44:04+00:00","description":"Odkryj pluszowego rewolucjonist\u0119 Sabo z One Piece \u2013 jest tak mi\u0119kki, jak uroczy! Rozpocznij swoj\u0105 pirack\u0105 przygod\u0119 w poszukiwaniu One Piece z za\u0142og\u0105 S\u0142omkowego Kapelusza.","breadcrumb":{"@id":"https:\/\/boutique-one-piece.com\/peluches-one-piece\/peluche-sabo\/#breadcrumb"},"inLanguage":"pl-PL","potentialAction":[{"@type":"ReadAction","target":["https:\/\/boutique-one-piece.com\/peluches-one-piece\/peluche-sabo\/"]}]},{"@type":"ImageObject","inLanguage":"pl-PL","@id":"https:\/\/boutique-one-piece.com\/peluches-one-piece\/peluche-sabo\/#primaryimage","url":"https:\/\/boutique-one-piece.com\/wp-content\/uploads\/2022\/09\/Peluche-Sabo.png","contentUrl":"https:\/\/boutique-one-piece.com\/wp-content\/uploads\/2022\/09\/Peluche-Sabo.png","width":500,"height":500,"caption":"Peluche Sabo 30cm"},{"@type":"BreadcrumbList","@id":"https:\/\/boutique-one-piece.com\/peluches-one-piece\/peluche-sabo\/#breadcrumb","itemListElement":[{"@type":"ListItem","position":1,"name":"Home","item":"https:\/\/boutique-one-piece.com\/"},{"@type":"ListItem","position":2,"name":"Shop","item":"https:\/\/boutique-one-piece.com\/shop\/"},{"@type":"ListItem","position":3,"name":"Peluche Sabo"}]},{"@type":"WebSite","@id":"https:\/\/boutique-one-piece.com\/#website","url":"https:\/\/boutique-one-piece.com\/","name":"One Piece Shop","description":"Sklep specjalistyczny z mang\u0105 i anime One Piece","publisher":{"@id":"https:\/\/boutique-one-piece.com\/#organization"},"potentialAction":[{"@type":"SearchAction","target":{"@type":"EntryPoint","urlTemplate":"https:\/\/boutique-one-piece.com\/?s={search_term_string}"},"query-input":{"@type":"PropertyValueSpecification","valueRequired":true,"valueName":"search_term_string"}}],"inLanguage":"pl-PL"},{"@type":"Organization","@id":"https:\/\/boutique-one-piece.com\/#organization","name":"One Piece Shop","url":"https:\/\/boutique-one-piece.com\/","logo":{"@type":"ImageObject","inLanguage":"pl-PL","@id":"https:\/\/boutique-one-piece.com\/#\/schema\/logo\/image\/","url":"https:\/\/boutique-one-piece.com\/wp-content\/uploads\/2022\/09\/Logo-01.png","contentUrl":"https:\/\/boutique-one-piece.com\/wp-content\/uploads\/2022\/09\/Logo-01.png","width":2318,"height":957,"caption":"Boutique One Piece"},"image":{"@id":"https:\/\/boutique-one-piece.com\/#\/schema\/logo\/image\/"}}]}},"_links":{"self":[{"href":"https:\/\/boutique-one-piece.com\/pl\/wp-json\/wp\/v2\/product\/11961","targetHints":{"allow":["GET"]}}],"collection":[{"href":"https:\/\/boutique-one-piece.com\/pl\/wp-json\/wp\/v2\/product"}],"about":[{"href":"https:\/\/boutique-one-piece.com\/pl\/wp-json\/wp\/v2\/types\/product"}],"replies":[{"embeddable":true,"href":"https:\/\/boutique-one-piece.com\/pl\/wp-json\/wp\/v2\/comments?post=11961"}],"wp:featuredmedia":[{"embeddable":true,"href":"https:\/\/boutique-one-piece.com\/pl\/wp-json\/wp\/v2\/media\/11963"}],"wp:attachment":[{"href":"https:\/\/boutique-one-piece.com\/pl\/wp-json\/wp\/v2\/media?parent=11961"}],"wp:term":[{"taxonomy":"product_brand","embeddable":true,"href":"https:\/\/boutique-one-piece.com\/pl\/wp-json\/wp\/v2\/product_brand?post=11961"},{"taxonomy":"product_cat","embeddable":true,"href":"https:\/\/boutique-one-piece.com\/pl\/wp-json\/wp\/v2\/product_cat?post=11961"},{"taxonomy":"product_tag","embeddable":true,"href":"https:\/\/boutique-one-piece.com\/pl\/wp-json\/wp\/v2\/product_tag?post=11961"}],"curies":[{"name":"wp","href":"https:\/\/api.w.org\/{rel}","templated":true}]}}