{"id":11997,"date":"2022-09-27T20:52:47","date_gmt":"2022-09-27T20:52:47","guid":{"rendered":"https:\/\/boutique-one-piece.com\/uncategorized\/drapeau-equipage-de-barbe-blanche\/"},"modified":"2024-09-16T12:44:54","modified_gmt":"2024-09-16T12:44:54","slug":"flaga-zalogi-bialobrodego","status":"publish","type":"product","link":"https:\/\/boutique-one-piece.com\/pl\/dekoracje-one-piece\/flagi-one-piece\/flaga-zalogi-bialobrodego\/","title":{"rendered":"Flaga za\u0142ogi Bia\u0142obrodego"},"content":{"rendered":"<h2>M\u0142ody piracie, oka\u017c swoj\u0105 wierno\u015b\u0107. Aby to zrobi\u0107, z dum\u0105 poka\u017c t\u0119 flag\u0119 pirat\u00f3w Bia\u0142obrodego.<\/h2>\n<p><strong>Za\u0142oga Bia\u0142obrodego<\/strong> By\u0142a niegdy\u015b najpot\u0119\u017cniejsz\u0105 pirack\u0105 za\u0142og\u0105 na \u015bwiecie. Jej kapitanem by\u0142 Edward Newgate, znany r\u00f3wnie\u017c jako Bia\u0142obrody, jedyny pirat, kt\u00f3ry dor\u00f3wna\u0142 w walce Kr\u00f3lowi Pirat\u00f3w, Gol D. Rogerowi. Za\u0142oga liczy\u0142a co najmniej czterdzie\u015bci siedem sprzymierzonych za\u0142\u00f3g w Nowym \u015awiecie. <strong>\u015bmier\u0107 Bia\u0142obrodego<\/strong> Po \u015bmierci Ace&#039;a na Marineford, pozostali cz\u0142onkowie za\u0142ogi stawili czo\u0142a piratom Czarnobrodego podczas Wojny Odwetowej, gdzie zostali brutalnie pokonani. Nast\u0119pnie Czarnobrody podbi\u0142 terytoria Bia\u0142obrodego, a Marshall D. Teach uzurpowa\u0142 sobie prawo do tronu zmar\u0142ego pirata.<\/p>\n<p>W rezultacie za\u0142oga Bia\u0142obrodego straci\u0142a wi\u0119kszo\u015b\u0107 swoich wp\u0142yw\u00f3w i si\u0142. Ma\u0142a anegdota o <strong>flaga tej za\u0142ogi<\/strong> ; Oryginalna flaga pirata Bia\u0142obrodego przedstawia\u0142a swastyk\u0119 z twarz\u0105 ozdobion\u0105 ogromnymi w\u0105sami, ale poniewa\u017c wygl\u0105da\u0142a zbyt podobnie do swastyki, Oda musia\u0142a zmieni\u0107 j\u0105 na prosty krzy\u017c z ko\u015bci, bardziej klasyczny i znacznie mniej symboliczny\u2026 Co wi\u0119cej, <a title=\"FLAGA ZA\u0141OGI CZARNOBRODEGO\" href=\"https:\/\/boutique-one-piece.com\/pl\/flaga-zalogi-czarnobrodego\/\" target=\"_blank\" rel=\"noopener\">Flaga za\u0142ogi Czarnobrodego<\/a> jest w Twoim zasi\u0119gu.<\/p>\n<h3>Czy wi\u0119c przekona\u0142a Ci\u0119 flaga Pirat\u00f3w Bia\u0142obrodego? Nawet je\u015bli historia sko\u0144czy si\u0119 \u017ale dla tej za\u0142ogi, masz prawo domaga\u0107 si\u0119 uznania swojej przynale\u017cno\u015bci do tej za\u0142ogi, kt\u00f3ra by\u0142a najpot\u0119\u017cniejsza na \u015bwiecie.<\/h3>\n<p>Niezale\u017cnie od tego, czy jeste\u015b zagorza\u0142ym fanem, czy te\u017c powa\u017cnym kolekcjonerem, te <strong>mityczne przedmioty<\/strong> Zdecydowanie s\u0105 dla Ciebie. Pozwol\u0105 Ci zanurzy\u0107 si\u0119 w Twoim ulubionym animowanym uniwersum raz po raz. Nie czekaj wi\u0119c d\u0142u\u017cej i skorzystaj z okazji, by zosta\u0107 s\u0142awnym piratem w tej\u2026 <strong>bajeczny wszech\u015bwiat<\/strong>.<\/p>\n<h2>Informacje o fladze za\u0142ogi Edwarda Newgate&#039;a:<\/h2>\n<ul>\n<li>\n<strong><u>Flaga One Piece<\/u><\/strong>\u00a0Oryginalna piracka flaga One Piece dla prawdziwych fan\u00f3w<\/li>\n<\/ul>\n<ul>\n<li>\n<strong>Wysoka jako\u015b\u0107 druku<\/strong>\u00a0dok\u0142adne kolory<\/li>\n<\/ul>\n<ul>\n<li>\n<strong>Materia\u0142<\/strong> Poliester<\/li>\n<\/ul>\n<ul>\n<li>\n<strong>Wymiar<\/strong>\u00a0: 65 cm x 90<\/li>\n<\/ul>\n<ul>\n<li><strong>DARMOWA DOSTAWA<\/strong><\/li>\n<\/ul>","protected":false},"excerpt":{"rendered":"<p>Jeune pirate, revendique ton appartenance. Pour ce faire, arbore fi\u00e8rement ce Drapeau \u00c9quipage de Barbe Blanche. L&rsquo;\u00c9quipage de Barbe Blanche \u00e9tait anciennement l&rsquo;\u00e9quipage pirate le plus puissant du monde. Il avait comme capitaine Edward Newgate alias Barbe Blanche, le seul pirate ayant pu rivaliser avec le Roi des Pirates, Gol D. Roger lors d&rsquo;un combat. [&hellip;]<\/p>","protected":false},"featured_media":11999,"comment_status":"open","ping_status":"open","template":"","meta":[],"product_brand":[],"product_cat":[212],"product_tag":[199],"class_list":{"0":"post-11997","1":"product","2":"type-product","3":"status-publish","4":"has-post-thumbnail","6":"product_cat-drapeaux-one-piece","7":"product_tag-barbe-blanche","9":"first","10":"instock","11":"purchasable","12":"product-type-simple"},"yoast_head":"<!-- This site is optimized with the Yoast SEO plugin v27.5 - https:\/\/yoast.com\/product\/yoast-seo-wordpress\/ -->\n<title>Drapeau \u00c9quipage de Barbe Blanche | Boutique One Piece<\/title>\n<meta name=\"description\" content=\"D\u00e9couvrez le Drapeau One Piece Barbe Blanche, d\u00e9corez votre pi\u00e8ce en portant les couleurs de Barbe Blanche ! Commencez votre aventure recherche du One Piece dans l&#039;\u00e9quipage de Barbe Blanche\" \/>\n<meta name=\"robots\" content=\"index, follow, max-snippet:-1, max-image-preview:large, max-video-preview:-1\" \/>\n<link rel=\"canonical\" href=\"https:\/\/boutique-one-piece.com\/pl\/dekoracje-one-piece\/flagi-one-piece\/flaga-zalogi-bialobrodego\/\" \/>\n<meta property=\"og:locale\" content=\"pl_PL\" \/>\n<meta property=\"og:type\" content=\"article\" \/>\n<meta property=\"og:title\" content=\"Drapeau \u00c9quipage de Barbe Blanche | Boutique One Piece\" \/>\n<meta property=\"og:description\" content=\"D\u00e9couvrez le Drapeau One Piece Barbe Blanche, d\u00e9corez votre pi\u00e8ce en portant les couleurs de Barbe Blanche ! Commencez votre aventure recherche du One Piece dans l&#039;\u00e9quipage de Barbe Blanche\" \/>\n<meta property=\"og:url\" content=\"https:\/\/boutique-one-piece.com\/pl\/dekoracje-one-piece\/flagi-one-piece\/flaga-zalogi-bialobrodego\/\" \/>\n<meta property=\"og:site_name\" content=\"Boutique One Piece\" \/>\n<meta property=\"article:modified_time\" content=\"2024-09-16T12:44:54+00:00\" \/>\n<meta property=\"og:image\" content=\"https:\/\/boutique-one-piece.com\/wp-content\/uploads\/2022\/09\/Drapeau-Equipage-de-Barbe-Blanche-1.jpg\" \/>\n\t<meta property=\"og:image:width\" content=\"800\" \/>\n\t<meta property=\"og:image:height\" content=\"800\" \/>\n\t<meta property=\"og:image:type\" content=\"image\/jpeg\" \/>\n<meta name=\"twitter:card\" content=\"summary_large_image\" \/>\n<meta name=\"twitter:label1\" content=\"Szacowany czas czytania\" \/>\n\t<meta name=\"twitter:data1\" content=\"2 minuty\" \/>\n<script type=\"application\/ld+json\" class=\"yoast-schema-graph\">{\"@context\":\"https:\\\/\\\/schema.org\",\"@graph\":[{\"@type\":\"WebPage\",\"@id\":\"https:\\\/\\\/boutique-one-piece.com\\\/decorations-one-piece\\\/drapeaux-one-piece\\\/drapeau-equipage-de-barbe-blanche\\\/\",\"url\":\"https:\\\/\\\/boutique-one-piece.com\\\/decorations-one-piece\\\/drapeaux-one-piece\\\/drapeau-equipage-de-barbe-blanche\\\/\",\"name\":\"Drapeau \u00c9quipage de Barbe Blanche | Boutique One Piece\",\"isPartOf\":{\"@id\":\"https:\\\/\\\/boutique-one-piece.com\\\/#website\"},\"primaryImageOfPage\":{\"@id\":\"https:\\\/\\\/boutique-one-piece.com\\\/decorations-one-piece\\\/drapeaux-one-piece\\\/drapeau-equipage-de-barbe-blanche\\\/#primaryimage\"},\"image\":{\"@id\":\"https:\\\/\\\/boutique-one-piece.com\\\/decorations-one-piece\\\/drapeaux-one-piece\\\/drapeau-equipage-de-barbe-blanche\\\/#primaryimage\"},\"thumbnailUrl\":\"https:\\\/\\\/boutique-one-piece.com\\\/wp-content\\\/uploads\\\/2022\\\/09\\\/Drapeau-Equipage-de-Barbe-Blanche-1.jpg\",\"datePublished\":\"2022-09-27T20:52:47+00:00\",\"dateModified\":\"2024-09-16T12:44:54+00:00\",\"description\":\"D\u00e9couvrez le Drapeau One Piece Barbe Blanche, d\u00e9corez votre pi\u00e8ce en portant les couleurs de Barbe Blanche ! Commencez votre aventure recherche du One Piece dans l'\u00e9quipage de Barbe Blanche\",\"breadcrumb\":{\"@id\":\"https:\\\/\\\/boutique-one-piece.com\\\/decorations-one-piece\\\/drapeaux-one-piece\\\/drapeau-equipage-de-barbe-blanche\\\/#breadcrumb\"},\"inLanguage\":\"pl-PL\",\"potentialAction\":[{\"@type\":\"ReadAction\",\"target\":[\"https:\\\/\\\/boutique-one-piece.com\\\/decorations-one-piece\\\/drapeaux-one-piece\\\/drapeau-equipage-de-barbe-blanche\\\/\"]}]},{\"@type\":\"ImageObject\",\"inLanguage\":\"pl-PL\",\"@id\":\"https:\\\/\\\/boutique-one-piece.com\\\/decorations-one-piece\\\/drapeaux-one-piece\\\/drapeau-equipage-de-barbe-blanche\\\/#primaryimage\",\"url\":\"https:\\\/\\\/boutique-one-piece.com\\\/wp-content\\\/uploads\\\/2022\\\/09\\\/Drapeau-Equipage-de-Barbe-Blanche-1.jpg\",\"contentUrl\":\"https:\\\/\\\/boutique-one-piece.com\\\/wp-content\\\/uploads\\\/2022\\\/09\\\/Drapeau-Equipage-de-Barbe-Blanche-1.jpg\",\"width\":800,\"height\":800},{\"@type\":\"BreadcrumbList\",\"@id\":\"https:\\\/\\\/boutique-one-piece.com\\\/decorations-one-piece\\\/drapeaux-one-piece\\\/drapeau-equipage-de-barbe-blanche\\\/#breadcrumb\",\"itemListElement\":[{\"@type\":\"ListItem\",\"position\":1,\"name\":\"Home\",\"item\":\"https:\\\/\\\/boutique-one-piece.com\\\/\"},{\"@type\":\"ListItem\",\"position\":2,\"name\":\"Shop\",\"item\":\"https:\\\/\\\/boutique-one-piece.com\\\/shop\\\/\"},{\"@type\":\"ListItem\",\"position\":3,\"name\":\"Drapeau \u00c9quipage de Barbe Blanche\"}]},{\"@type\":\"WebSite\",\"@id\":\"https:\\\/\\\/boutique-one-piece.com\\\/#website\",\"url\":\"https:\\\/\\\/boutique-one-piece.com\\\/\",\"name\":\"Boutique One Piece\",\"description\":\"Magasin Sp\u00e9cialis\u00e9 du Manga et l&#039;Anime One Piece\",\"publisher\":{\"@id\":\"https:\\\/\\\/boutique-one-piece.com\\\/#organization\"},\"potentialAction\":[{\"@type\":\"SearchAction\",\"target\":{\"@type\":\"EntryPoint\",\"urlTemplate\":\"https:\\\/\\\/boutique-one-piece.com\\\/?s={search_term_string}\"},\"query-input\":{\"@type\":\"PropertyValueSpecification\",\"valueRequired\":true,\"valueName\":\"search_term_string\"}}],\"inLanguage\":\"pl-PL\"},{\"@type\":\"Organization\",\"@id\":\"https:\\\/\\\/boutique-one-piece.com\\\/#organization\",\"name\":\"Boutique One Piece\",\"url\":\"https:\\\/\\\/boutique-one-piece.com\\\/\",\"logo\":{\"@type\":\"ImageObject\",\"inLanguage\":\"pl-PL\",\"@id\":\"https:\\\/\\\/boutique-one-piece.com\\\/#\\\/schema\\\/logo\\\/image\\\/\",\"url\":\"https:\\\/\\\/boutique-one-piece.com\\\/wp-content\\\/uploads\\\/2022\\\/09\\\/Logo-01.png\",\"contentUrl\":\"https:\\\/\\\/boutique-one-piece.com\\\/wp-content\\\/uploads\\\/2022\\\/09\\\/Logo-01.png\",\"width\":2318,\"height\":957,\"caption\":\"Boutique One Piece\"},\"image\":{\"@id\":\"https:\\\/\\\/boutique-one-piece.com\\\/#\\\/schema\\\/logo\\\/image\\\/\"}}]}<\/script>\n<!-- \/ Yoast SEO plugin. -->","yoast_head_json":{"title":"Flaga Pirat\u00f3w Bia\u0142obrodego | Sklep One Piece","description":"Odkryj flag\u0119 One Piece Bia\u0142obrodego i udekoruj sw\u00f3j pok\u00f3j kolorami Bia\u0142obrodego! Rozpocznij swoj\u0105 przygod\u0119 z poszukiwaniem One Piece z ekip\u0105 Bia\u0142obrodego.","robots":{"index":"index","follow":"follow","max-snippet":"max-snippet:-1","max-image-preview":"max-image-preview:large","max-video-preview":"max-video-preview:-1"},"canonical":"https:\/\/boutique-one-piece.com\/pl\/dekoracje-one-piece\/flagi-one-piece\/flaga-zalogi-bialobrodego\/","og_locale":"pl_PL","og_type":"article","og_title":"Drapeau \u00c9quipage de Barbe Blanche | Boutique One Piece","og_description":"D\u00e9couvrez le Drapeau One Piece Barbe Blanche, d\u00e9corez votre pi\u00e8ce en portant les couleurs de Barbe Blanche ! Commencez votre aventure recherche du One Piece dans l'\u00e9quipage de Barbe Blanche","og_url":"https:\/\/boutique-one-piece.com\/pl\/dekoracje-one-piece\/flagi-one-piece\/flaga-zalogi-bialobrodego\/","og_site_name":"Boutique One Piece","article_modified_time":"2024-09-16T12:44:54+00:00","og_image":[{"width":800,"height":800,"url":"https:\/\/boutique-one-piece.com\/wp-content\/uploads\/2022\/09\/Drapeau-Equipage-de-Barbe-Blanche-1.jpg","type":"image\/jpeg"}],"twitter_card":"summary_large_image","twitter_misc":{"Szacowany czas czytania":"2 minuty"},"schema":{"@context":"https:\/\/schema.org","@graph":[{"@type":"WebPage","@id":"https:\/\/boutique-one-piece.com\/decorations-one-piece\/drapeaux-one-piece\/drapeau-equipage-de-barbe-blanche\/","url":"https:\/\/boutique-one-piece.com\/decorations-one-piece\/drapeaux-one-piece\/drapeau-equipage-de-barbe-blanche\/","name":"Flaga Pirat\u00f3w Bia\u0142obrodego | Sklep One Piece","isPartOf":{"@id":"https:\/\/boutique-one-piece.com\/#website"},"primaryImageOfPage":{"@id":"https:\/\/boutique-one-piece.com\/decorations-one-piece\/drapeaux-one-piece\/drapeau-equipage-de-barbe-blanche\/#primaryimage"},"image":{"@id":"https:\/\/boutique-one-piece.com\/decorations-one-piece\/drapeaux-one-piece\/drapeau-equipage-de-barbe-blanche\/#primaryimage"},"thumbnailUrl":"https:\/\/boutique-one-piece.com\/wp-content\/uploads\/2022\/09\/Drapeau-Equipage-de-Barbe-Blanche-1.jpg","datePublished":"2022-09-27T20:52:47+00:00","dateModified":"2024-09-16T12:44:54+00:00","description":"Odkryj flag\u0119 One Piece Bia\u0142obrodego i udekoruj sw\u00f3j pok\u00f3j kolorami Bia\u0142obrodego! Rozpocznij swoj\u0105 przygod\u0119 z poszukiwaniem One Piece z ekip\u0105 Bia\u0142obrodego.","breadcrumb":{"@id":"https:\/\/boutique-one-piece.com\/decorations-one-piece\/drapeaux-one-piece\/drapeau-equipage-de-barbe-blanche\/#breadcrumb"},"inLanguage":"pl-PL","potentialAction":[{"@type":"ReadAction","target":["https:\/\/boutique-one-piece.com\/decorations-one-piece\/drapeaux-one-piece\/drapeau-equipage-de-barbe-blanche\/"]}]},{"@type":"ImageObject","inLanguage":"pl-PL","@id":"https:\/\/boutique-one-piece.com\/decorations-one-piece\/drapeaux-one-piece\/drapeau-equipage-de-barbe-blanche\/#primaryimage","url":"https:\/\/boutique-one-piece.com\/wp-content\/uploads\/2022\/09\/Drapeau-Equipage-de-Barbe-Blanche-1.jpg","contentUrl":"https:\/\/boutique-one-piece.com\/wp-content\/uploads\/2022\/09\/Drapeau-Equipage-de-Barbe-Blanche-1.jpg","width":800,"height":800},{"@type":"BreadcrumbList","@id":"https:\/\/boutique-one-piece.com\/decorations-one-piece\/drapeaux-one-piece\/drapeau-equipage-de-barbe-blanche\/#breadcrumb","itemListElement":[{"@type":"ListItem","position":1,"name":"Home","item":"https:\/\/boutique-one-piece.com\/"},{"@type":"ListItem","position":2,"name":"Shop","item":"https:\/\/boutique-one-piece.com\/shop\/"},{"@type":"ListItem","position":3,"name":"Drapeau \u00c9quipage de Barbe Blanche"}]},{"@type":"WebSite","@id":"https:\/\/boutique-one-piece.com\/#website","url":"https:\/\/boutique-one-piece.com\/","name":"One Piece Shop","description":"Sklep specjalistyczny z mang\u0105 i anime One Piece","publisher":{"@id":"https:\/\/boutique-one-piece.com\/#organization"},"potentialAction":[{"@type":"SearchAction","target":{"@type":"EntryPoint","urlTemplate":"https:\/\/boutique-one-piece.com\/?s={search_term_string}"},"query-input":{"@type":"PropertyValueSpecification","valueRequired":true,"valueName":"search_term_string"}}],"inLanguage":"pl-PL"},{"@type":"Organization","@id":"https:\/\/boutique-one-piece.com\/#organization","name":"One Piece Shop","url":"https:\/\/boutique-one-piece.com\/","logo":{"@type":"ImageObject","inLanguage":"pl-PL","@id":"https:\/\/boutique-one-piece.com\/#\/schema\/logo\/image\/","url":"https:\/\/boutique-one-piece.com\/wp-content\/uploads\/2022\/09\/Logo-01.png","contentUrl":"https:\/\/boutique-one-piece.com\/wp-content\/uploads\/2022\/09\/Logo-01.png","width":2318,"height":957,"caption":"Boutique One Piece"},"image":{"@id":"https:\/\/boutique-one-piece.com\/#\/schema\/logo\/image\/"}}]}},"_links":{"self":[{"href":"https:\/\/boutique-one-piece.com\/pl\/wp-json\/wp\/v2\/product\/11997","targetHints":{"allow":["GET"]}}],"collection":[{"href":"https:\/\/boutique-one-piece.com\/pl\/wp-json\/wp\/v2\/product"}],"about":[{"href":"https:\/\/boutique-one-piece.com\/pl\/wp-json\/wp\/v2\/types\/product"}],"replies":[{"embeddable":true,"href":"https:\/\/boutique-one-piece.com\/pl\/wp-json\/wp\/v2\/comments?post=11997"}],"wp:featuredmedia":[{"embeddable":true,"href":"https:\/\/boutique-one-piece.com\/pl\/wp-json\/wp\/v2\/media\/11999"}],"wp:attachment":[{"href":"https:\/\/boutique-one-piece.com\/pl\/wp-json\/wp\/v2\/media?parent=11997"}],"wp:term":[{"taxonomy":"product_brand","embeddable":true,"href":"https:\/\/boutique-one-piece.com\/pl\/wp-json\/wp\/v2\/product_brand?post=11997"},{"taxonomy":"product_cat","embeddable":true,"href":"https:\/\/boutique-one-piece.com\/pl\/wp-json\/wp\/v2\/product_cat?post=11997"},{"taxonomy":"product_tag","embeddable":true,"href":"https:\/\/boutique-one-piece.com\/pl\/wp-json\/wp\/v2\/product_tag?post=11997"}],"curies":[{"name":"wp","href":"https:\/\/api.w.org\/{rel}","templated":true}]}}