{"id":12012,"date":"2022-09-27T20:53:01","date_gmt":"2022-09-27T20:53:01","guid":{"rendered":"https:\/\/boutique-one-piece.com\/uncategorized\/figurine-one-piece-dead-or-alive-zoro-nouveau-monde\/"},"modified":"2024-09-16T12:45:17","modified_gmt":"2024-09-16T12:45:17","slug":"figurka-zoro-new-world-z-filmu-one-piece-dead-or-alive","status":"publish","type":"product","link":"https:\/\/boutique-one-piece.com\/pl\/smakolyki-z-one-piece\/roronoa-zoro-jednoczesciowe-gadzety\/figurka-zoro-new-world-z-filmu-one-piece-dead-or-alive\/","title":{"rendered":"One Piece Dead or Alive Zoro New World Figure"},"content":{"rendered":"<h2>M\u0142ody piracie, nadszed\u0142 czas, aby\u015b zdoby\u0142 figurk\u0119 One Piece Dead or Alive Zoro New World.<\/h2>\n<p>Z pewno\u015bci\u0105 wiesz, \u017ce Rz\u0105d \u015awiatowy wyznaczy\u0142 nagrody za za\u0142og\u0119 S\u0142omkowego Kapelusza w odcinku 320. \u0141\u0105czna nagroda wynosi 600 000 050 jag\u00f3d.<strong> Nagroda Zoro<\/strong>, To daje 120 000 000 jag\u00f3d. Je\u015bli chodzi o <strong>Nowy \u015awiat<\/strong>, Nazwa ta odnosi si\u0119 do drugiej po\u0142owy Grand Line. Jest to zatem ocean, na kt\u00f3rym rozgrywa si\u0119 wi\u0119kszo\u015b\u0107 fabu\u0142y mangi i anime One Piece.<\/p>\n<p>Na razie niewiele wiemy o tej cz\u0119\u015bci oceanu; wydaje si\u0119 jednak, \u017ce ci, kt\u00f3rzy tam byli, uwa\u017caj\u0105 pierwsz\u0105 po\u0142ow\u0119 za raj w por\u00f3wnaniu z reszt\u0105. Jedynymi osobami, kt\u00f3re przekroczy\u0142y Grand Line, s\u0105 Gol D. Roger i jego ekipa. A tak przy okazji, je\u015bli jeste\u015b fanem Zoro, <a title=\"JEDNCZ\u0118\u015aCIOWA FIGURKA UZBROJONA ZORO HAKI\" href=\"https:\/\/boutique-one-piece.com\/pl\/one-piece-%20zoro-haki-de-larmement\/\" target=\"_blank\" rel=\"noopener\">Figurka Zoro Haki z Armament<\/a> jest w Twoim zasi\u0119gu.<\/p>\n<h3>Czy urzek\u0142a Ci\u0119 ta figurka przedstawiaj\u0105ca nagrod\u0119 za Zoro? Je\u015bli tak, nie wahaj si\u0119 d\u0142u\u017cej i skorzystaj z okazji, by j\u0105 zdoby\u0107. Pomimo nagrody, przygoda za\u0142ogi S\u0142omkowego Kapelusza trwa.<\/h3>\n<p>Niezale\u017cnie od tego, czy jeste\u015b fanem od dawna, czy <strong>m\u0142ody pirat<\/strong>, Te przedmioty s\u0105 zdecydowanie dla Ciebie. Idealne na prezent, dekoracj\u0119 lub do kolekcjonowania, te przedmioty u\u015bwietni\u0105<strong> Tw\u00f3j wszech\u015bwiat One Piece<\/strong>. Wi\u0119c nie czekaj d\u0142u\u017cej, we\u017a sw\u00f3j los we w\u0142asne r\u0119ce i wejd\u017a na pok\u0142ad Thousand Sunny. Czeka tam na Ciebie wiele przyg\u00f3d.<\/p>\n<h2>Informacje o figurce Zoro New World\u00a0<\/h2>\n<ul>\n<li><span><b><u>Figurka One Piece<\/u><\/b>\u00a0Figurka Premium One Piece dla prawdziwych pirat\u00f3w<\/span><\/li>\n<\/ul>\n<ul>\n<li>\n<b>Materia\u0142<\/b><span>\u00a0<\/span>PCV<\/li>\n<\/ul>\n<ul>\n<li><span><strong>Wymiar<\/strong>\u00a0: 13 cm<\/span><\/li>\n<\/ul>\n<ul>\n<li><span><strong>DARMOWA DOSTAWA<\/strong><\/span><\/li>\n<\/ul>","protected":false},"excerpt":{"rendered":"<p>Jeune pirate, le moment est venu pour toi de te procurer cette Figurine One Piece Dead or Alive Zoro Nouveau Monde. Tu n&rsquo;es pas sans savoir que le Gouvernement mondial lors de l&rsquo;\u00e9pisode 320, a mis sur la t\u00eate de l&rsquo;\u00e9quipage du Chapeau de Paille des primes. Le total de cette prime s&rsquo;\u00e9l\u00e8ve \u00e0 600 [&hellip;]<\/p>","protected":false},"featured_media":12014,"comment_status":"open","ping_status":"open","template":"","meta":[],"product_brand":[],"product_cat":[76,162,151],"product_tag":[113],"class_list":{"0":"post-12012","1":"product","2":"type-product","3":"status-publish","4":"has-post-thumbnail","6":"product_cat-figurines-one-piece","7":"product_cat-figurines-roronoa-zoro","8":"product_cat-goodies-roronoa-zoro-one-piece","9":"product_tag-zoro","11":"first","12":"outofstock","13":"purchasable","14":"product-type-simple"},"yoast_head":"<!-- This site is optimized with the Yoast SEO plugin v27.5 - https:\/\/yoast.com\/product\/yoast-seo-wordpress\/ -->\n<title>Figurine One Piece Dead or Alive Zoro Nouveau Monde | Figurine One Piece \u2013 Boutique One Piece<\/title>\n<meta name=\"description\" content=\"Jeune pirate, le moment est venu pour toi de te procurer cette Figurine One Piece Dead or Alive Zoro Nouveau Monde. Tu n&#039;es pas sans savoir que le Gouvernement mondial lors de l&#039;\u00e9pisode 320, a mis sur la t\u00eate de l&#039;\u00e9quipage du Chapeau de Paille des primes. Le total de cette prime s&#039;\u00e9l\u00e8ve \u00e0 600 000 050 Berrys. Concernant\" \/>\n<meta name=\"robots\" content=\"index, follow, max-snippet:-1, max-image-preview:large, max-video-preview:-1\" \/>\n<link rel=\"canonical\" href=\"https:\/\/boutique-one-piece.com\/pl\/figurki-one-piece\/figurki-roronoa-zoro\/figurka-zoro-new-world-z-filmu-one-piece-dead-or-alive\/\" \/>\n<meta property=\"og:locale\" content=\"pl_PL\" \/>\n<meta property=\"og:type\" content=\"article\" \/>\n<meta property=\"og:title\" content=\"Figurine One Piece Dead or Alive Zoro Nouveau Monde | Figurine One Piece \u2013 Boutique One Piece\" \/>\n<meta property=\"og:description\" content=\"Jeune pirate, le moment est venu pour toi de te procurer cette Figurine One Piece Dead or Alive Zoro Nouveau Monde. Tu n&#039;es pas sans savoir que le Gouvernement mondial lors de l&#039;\u00e9pisode 320, a mis sur la t\u00eate de l&#039;\u00e9quipage du Chapeau de Paille des primes. Le total de cette prime s&#039;\u00e9l\u00e8ve \u00e0 600 000 050 Berrys. Concernant\" \/>\n<meta property=\"og:url\" content=\"https:\/\/boutique-one-piece.com\/pl\/figurki-one-piece\/figurki-roronoa-zoro\/figurka-zoro-new-world-z-filmu-one-piece-dead-or-alive\/\" \/>\n<meta property=\"og:site_name\" content=\"Boutique One Piece\" \/>\n<meta property=\"article:modified_time\" content=\"2024-09-16T12:45:17+00:00\" \/>\n<meta property=\"og:image\" content=\"https:\/\/boutique-one-piece.com\/wp-content\/uploads\/2022\/09\/Figurine-One-Piece-Dead-or-Alive-Zoro-Nouveau-Monde.jpg\" \/>\n\t<meta property=\"og:image:width\" content=\"640\" \/>\n\t<meta property=\"og:image:height\" content=\"640\" \/>\n\t<meta property=\"og:image:type\" content=\"image\/jpeg\" \/>\n<meta name=\"twitter:card\" content=\"summary_large_image\" \/>\n<meta name=\"twitter:label1\" content=\"Szacowany czas czytania\" \/>\n\t<meta name=\"twitter:data1\" content=\"2 minuty\" \/>\n<script type=\"application\/ld+json\" class=\"yoast-schema-graph\">{\"@context\":\"https:\\\/\\\/schema.org\",\"@graph\":[{\"@type\":\"WebPage\",\"@id\":\"https:\\\/\\\/boutique-one-piece.com\\\/figurines-one-piece\\\/figurines-roronoa-zoro\\\/figurine-one-piece-dead-or-alive-zoro-nouveau-monde\\\/\",\"url\":\"https:\\\/\\\/boutique-one-piece.com\\\/figurines-one-piece\\\/figurines-roronoa-zoro\\\/figurine-one-piece-dead-or-alive-zoro-nouveau-monde\\\/\",\"name\":\"Figurine One Piece Dead or Alive Zoro Nouveau Monde | Figurine One Piece \u2013 Boutique One Piece\",\"isPartOf\":{\"@id\":\"https:\\\/\\\/boutique-one-piece.com\\\/#website\"},\"primaryImageOfPage\":{\"@id\":\"https:\\\/\\\/boutique-one-piece.com\\\/figurines-one-piece\\\/figurines-roronoa-zoro\\\/figurine-one-piece-dead-or-alive-zoro-nouveau-monde\\\/#primaryimage\"},\"image\":{\"@id\":\"https:\\\/\\\/boutique-one-piece.com\\\/figurines-one-piece\\\/figurines-roronoa-zoro\\\/figurine-one-piece-dead-or-alive-zoro-nouveau-monde\\\/#primaryimage\"},\"thumbnailUrl\":\"https:\\\/\\\/boutique-one-piece.com\\\/wp-content\\\/uploads\\\/2022\\\/09\\\/Figurine-One-Piece-Dead-or-Alive-Zoro-Nouveau-Monde.jpg\",\"datePublished\":\"2022-09-27T20:53:01+00:00\",\"dateModified\":\"2024-09-16T12:45:17+00:00\",\"description\":\"Jeune pirate, le moment est venu pour toi de te procurer cette Figurine One Piece Dead or Alive Zoro Nouveau Monde. Tu n'es pas sans savoir que le Gouvernement mondial lors de l'\u00e9pisode 320, a mis sur la t\u00eate de l'\u00e9quipage du Chapeau de Paille des primes. Le total de cette prime s'\u00e9l\u00e8ve \u00e0 600 000 050 Berrys. Concernant\",\"breadcrumb\":{\"@id\":\"https:\\\/\\\/boutique-one-piece.com\\\/figurines-one-piece\\\/figurines-roronoa-zoro\\\/figurine-one-piece-dead-or-alive-zoro-nouveau-monde\\\/#breadcrumb\"},\"inLanguage\":\"pl-PL\",\"potentialAction\":[{\"@type\":\"ReadAction\",\"target\":[\"https:\\\/\\\/boutique-one-piece.com\\\/figurines-one-piece\\\/figurines-roronoa-zoro\\\/figurine-one-piece-dead-or-alive-zoro-nouveau-monde\\\/\"]}]},{\"@type\":\"ImageObject\",\"inLanguage\":\"pl-PL\",\"@id\":\"https:\\\/\\\/boutique-one-piece.com\\\/figurines-one-piece\\\/figurines-roronoa-zoro\\\/figurine-one-piece-dead-or-alive-zoro-nouveau-monde\\\/#primaryimage\",\"url\":\"https:\\\/\\\/boutique-one-piece.com\\\/wp-content\\\/uploads\\\/2022\\\/09\\\/Figurine-One-Piece-Dead-or-Alive-Zoro-Nouveau-Monde.jpg\",\"contentUrl\":\"https:\\\/\\\/boutique-one-piece.com\\\/wp-content\\\/uploads\\\/2022\\\/09\\\/Figurine-One-Piece-Dead-or-Alive-Zoro-Nouveau-Monde.jpg\",\"width\":640,\"height\":640,\"caption\":\"Figurine One Piece Dead or Alive Zoro Nouveau Monde Default Title\"},{\"@type\":\"BreadcrumbList\",\"@id\":\"https:\\\/\\\/boutique-one-piece.com\\\/figurines-one-piece\\\/figurines-roronoa-zoro\\\/figurine-one-piece-dead-or-alive-zoro-nouveau-monde\\\/#breadcrumb\",\"itemListElement\":[{\"@type\":\"ListItem\",\"position\":1,\"name\":\"Home\",\"item\":\"https:\\\/\\\/boutique-one-piece.com\\\/\"},{\"@type\":\"ListItem\",\"position\":2,\"name\":\"Shop\",\"item\":\"https:\\\/\\\/boutique-one-piece.com\\\/shop\\\/\"},{\"@type\":\"ListItem\",\"position\":3,\"name\":\"Figurine One Piece Dead or Alive Zoro Nouveau Monde\"}]},{\"@type\":\"WebSite\",\"@id\":\"https:\\\/\\\/boutique-one-piece.com\\\/#website\",\"url\":\"https:\\\/\\\/boutique-one-piece.com\\\/\",\"name\":\"Boutique One Piece\",\"description\":\"Magasin Sp\u00e9cialis\u00e9 du Manga et l&#039;Anime One Piece\",\"publisher\":{\"@id\":\"https:\\\/\\\/boutique-one-piece.com\\\/#organization\"},\"potentialAction\":[{\"@type\":\"SearchAction\",\"target\":{\"@type\":\"EntryPoint\",\"urlTemplate\":\"https:\\\/\\\/boutique-one-piece.com\\\/?s={search_term_string}\"},\"query-input\":{\"@type\":\"PropertyValueSpecification\",\"valueRequired\":true,\"valueName\":\"search_term_string\"}}],\"inLanguage\":\"pl-PL\"},{\"@type\":\"Organization\",\"@id\":\"https:\\\/\\\/boutique-one-piece.com\\\/#organization\",\"name\":\"Boutique One Piece\",\"url\":\"https:\\\/\\\/boutique-one-piece.com\\\/\",\"logo\":{\"@type\":\"ImageObject\",\"inLanguage\":\"pl-PL\",\"@id\":\"https:\\\/\\\/boutique-one-piece.com\\\/#\\\/schema\\\/logo\\\/image\\\/\",\"url\":\"https:\\\/\\\/boutique-one-piece.com\\\/wp-content\\\/uploads\\\/2022\\\/09\\\/Logo-01.png\",\"contentUrl\":\"https:\\\/\\\/boutique-one-piece.com\\\/wp-content\\\/uploads\\\/2022\\\/09\\\/Logo-01.png\",\"width\":2318,\"height\":957,\"caption\":\"Boutique One Piece\"},\"image\":{\"@id\":\"https:\\\/\\\/boutique-one-piece.com\\\/#\\\/schema\\\/logo\\\/image\\\/\"}}]}<\/script>\n<!-- \/ Yoast SEO plugin. -->","yoast_head_json":{"title":"Figurka Zoro New World z filmu One Piece: Dead or Alive | Figurka One Piece \u2013 Sklep One Piece","description":"M\u0142ody piracie, nadszed\u0142 czas, aby\u015b zdoby\u0142 figurk\u0119 Zoro New World z gry One Piece Dead or Alive. Prawdopodobnie wiesz, \u017ce w odcinku 320 Rz\u0105d \u015awiatowy wyznaczy\u0142 nagrody za za\u0142og\u0119 S\u0142omkowego Kapelusza. \u0141\u0105czna nagroda wynosi 600 000 050 jag\u00f3d.","robots":{"index":"index","follow":"follow","max-snippet":"max-snippet:-1","max-image-preview":"max-image-preview:large","max-video-preview":"max-video-preview:-1"},"canonical":"https:\/\/boutique-one-piece.com\/pl\/figurki-one-piece\/figurki-roronoa-zoro\/figurka-zoro-new-world-z-filmu-one-piece-dead-or-alive\/","og_locale":"pl_PL","og_type":"article","og_title":"Figurine One Piece Dead or Alive Zoro Nouveau Monde | Figurine One Piece \u2013 Boutique One Piece","og_description":"Jeune pirate, le moment est venu pour toi de te procurer cette Figurine One Piece Dead or Alive Zoro Nouveau Monde. Tu n'es pas sans savoir que le Gouvernement mondial lors de l'\u00e9pisode 320, a mis sur la t\u00eate de l'\u00e9quipage du Chapeau de Paille des primes. Le total de cette prime s'\u00e9l\u00e8ve \u00e0 600 000 050 Berrys. Concernant","og_url":"https:\/\/boutique-one-piece.com\/pl\/figurki-one-piece\/figurki-roronoa-zoro\/figurka-zoro-new-world-z-filmu-one-piece-dead-or-alive\/","og_site_name":"Boutique One Piece","article_modified_time":"2024-09-16T12:45:17+00:00","og_image":[{"width":640,"height":640,"url":"https:\/\/boutique-one-piece.com\/wp-content\/uploads\/2022\/09\/Figurine-One-Piece-Dead-or-Alive-Zoro-Nouveau-Monde.jpg","type":"image\/jpeg"}],"twitter_card":"summary_large_image","twitter_misc":{"Szacowany czas czytania":"2 minuty"},"schema":{"@context":"https:\/\/schema.org","@graph":[{"@type":"WebPage","@id":"https:\/\/boutique-one-piece.com\/figurines-one-piece\/figurines-roronoa-zoro\/figurine-one-piece-dead-or-alive-zoro-nouveau-monde\/","url":"https:\/\/boutique-one-piece.com\/figurines-one-piece\/figurines-roronoa-zoro\/figurine-one-piece-dead-or-alive-zoro-nouveau-monde\/","name":"Figurka Zoro New World z filmu One Piece: Dead or Alive | Figurka One Piece \u2013 Sklep One Piece","isPartOf":{"@id":"https:\/\/boutique-one-piece.com\/#website"},"primaryImageOfPage":{"@id":"https:\/\/boutique-one-piece.com\/figurines-one-piece\/figurines-roronoa-zoro\/figurine-one-piece-dead-or-alive-zoro-nouveau-monde\/#primaryimage"},"image":{"@id":"https:\/\/boutique-one-piece.com\/figurines-one-piece\/figurines-roronoa-zoro\/figurine-one-piece-dead-or-alive-zoro-nouveau-monde\/#primaryimage"},"thumbnailUrl":"https:\/\/boutique-one-piece.com\/wp-content\/uploads\/2022\/09\/Figurine-One-Piece-Dead-or-Alive-Zoro-Nouveau-Monde.jpg","datePublished":"2022-09-27T20:53:01+00:00","dateModified":"2024-09-16T12:45:17+00:00","description":"M\u0142ody piracie, nadszed\u0142 czas, aby\u015b zdoby\u0142 figurk\u0119 Zoro New World z gry One Piece Dead or Alive. Prawdopodobnie wiesz, \u017ce w odcinku 320 Rz\u0105d \u015awiatowy wyznaczy\u0142 nagrody za za\u0142og\u0119 S\u0142omkowego Kapelusza. \u0141\u0105czna nagroda wynosi 600 000 050 jag\u00f3d.","breadcrumb":{"@id":"https:\/\/boutique-one-piece.com\/figurines-one-piece\/figurines-roronoa-zoro\/figurine-one-piece-dead-or-alive-zoro-nouveau-monde\/#breadcrumb"},"inLanguage":"pl-PL","potentialAction":[{"@type":"ReadAction","target":["https:\/\/boutique-one-piece.com\/figurines-one-piece\/figurines-roronoa-zoro\/figurine-one-piece-dead-or-alive-zoro-nouveau-monde\/"]}]},{"@type":"ImageObject","inLanguage":"pl-PL","@id":"https:\/\/boutique-one-piece.com\/figurines-one-piece\/figurines-roronoa-zoro\/figurine-one-piece-dead-or-alive-zoro-nouveau-monde\/#primaryimage","url":"https:\/\/boutique-one-piece.com\/wp-content\/uploads\/2022\/09\/Figurine-One-Piece-Dead-or-Alive-Zoro-Nouveau-Monde.jpg","contentUrl":"https:\/\/boutique-one-piece.com\/wp-content\/uploads\/2022\/09\/Figurine-One-Piece-Dead-or-Alive-Zoro-Nouveau-Monde.jpg","width":640,"height":640,"caption":"Figurine One Piece Dead or Alive Zoro Nouveau Monde Default Title"},{"@type":"BreadcrumbList","@id":"https:\/\/boutique-one-piece.com\/figurines-one-piece\/figurines-roronoa-zoro\/figurine-one-piece-dead-or-alive-zoro-nouveau-monde\/#breadcrumb","itemListElement":[{"@type":"ListItem","position":1,"name":"Home","item":"https:\/\/boutique-one-piece.com\/"},{"@type":"ListItem","position":2,"name":"Shop","item":"https:\/\/boutique-one-piece.com\/shop\/"},{"@type":"ListItem","position":3,"name":"Figurine One Piece Dead or Alive Zoro Nouveau Monde"}]},{"@type":"WebSite","@id":"https:\/\/boutique-one-piece.com\/#website","url":"https:\/\/boutique-one-piece.com\/","name":"One Piece Shop","description":"Sklep specjalistyczny z mang\u0105 i anime One Piece","publisher":{"@id":"https:\/\/boutique-one-piece.com\/#organization"},"potentialAction":[{"@type":"SearchAction","target":{"@type":"EntryPoint","urlTemplate":"https:\/\/boutique-one-piece.com\/?s={search_term_string}"},"query-input":{"@type":"PropertyValueSpecification","valueRequired":true,"valueName":"search_term_string"}}],"inLanguage":"pl-PL"},{"@type":"Organization","@id":"https:\/\/boutique-one-piece.com\/#organization","name":"One Piece Shop","url":"https:\/\/boutique-one-piece.com\/","logo":{"@type":"ImageObject","inLanguage":"pl-PL","@id":"https:\/\/boutique-one-piece.com\/#\/schema\/logo\/image\/","url":"https:\/\/boutique-one-piece.com\/wp-content\/uploads\/2022\/09\/Logo-01.png","contentUrl":"https:\/\/boutique-one-piece.com\/wp-content\/uploads\/2022\/09\/Logo-01.png","width":2318,"height":957,"caption":"Boutique One Piece"},"image":{"@id":"https:\/\/boutique-one-piece.com\/#\/schema\/logo\/image\/"}}]}},"_links":{"self":[{"href":"https:\/\/boutique-one-piece.com\/pl\/wp-json\/wp\/v2\/product\/12012","targetHints":{"allow":["GET"]}}],"collection":[{"href":"https:\/\/boutique-one-piece.com\/pl\/wp-json\/wp\/v2\/product"}],"about":[{"href":"https:\/\/boutique-one-piece.com\/pl\/wp-json\/wp\/v2\/types\/product"}],"replies":[{"embeddable":true,"href":"https:\/\/boutique-one-piece.com\/pl\/wp-json\/wp\/v2\/comments?post=12012"}],"wp:featuredmedia":[{"embeddable":true,"href":"https:\/\/boutique-one-piece.com\/pl\/wp-json\/wp\/v2\/media\/12014"}],"wp:attachment":[{"href":"https:\/\/boutique-one-piece.com\/pl\/wp-json\/wp\/v2\/media?parent=12012"}],"wp:term":[{"taxonomy":"product_brand","embeddable":true,"href":"https:\/\/boutique-one-piece.com\/pl\/wp-json\/wp\/v2\/product_brand?post=12012"},{"taxonomy":"product_cat","embeddable":true,"href":"https:\/\/boutique-one-piece.com\/pl\/wp-json\/wp\/v2\/product_cat?post=12012"},{"taxonomy":"product_tag","embeddable":true,"href":"https:\/\/boutique-one-piece.com\/pl\/wp-json\/wp\/v2\/product_tag?post=12012"}],"curies":[{"name":"wp","href":"https:\/\/api.w.org\/{rel}","templated":true}]}}