{"id":12032,"date":"2022-09-27T20:53:01","date_gmt":"2022-09-27T20:53:01","guid":{"rendered":"https:\/\/boutique-one-piece.com\/uncategorized\/peluche-chopper-marine\/"},"modified":"2024-09-16T12:45:37","modified_gmt":"2024-09-16T12:45:37","slug":"pluszowy-smiglowiec-morski","status":"publish","type":"product","link":"https:\/\/boutique-one-piece.com\/pl\/smakolyki-z-one-piece\/tony-goodies-tony-chopper-one-piece\/pluszowy-smiglowiec-morski\/","title":{"rendered":"Pluszowa zabawka Chopper Marine"},"content":{"rendered":"<h2>M\u0142ody piracie, skorzystaj z okazji i zdob\u0105d\u017a pluszowego Chopper Marine.<\/h2>\n<p>Z pewno\u015bci\u0105 jeste\u015b tego \u015bwiadomy <strong>Chopper<\/strong> Tony Tony Chopper jest lekarzem za\u0142ogi S\u0142omkowego Kapelusza. Oto anegdota o nim: Kiedy Luffy i Sanji po raz pierwszy spotykaj\u0105 Choppera, s\u0105 wyczerpani i g\u0142odni, i postanawiaj\u0105 go zje\u015b\u0107. Ale kiedy Luffy zdaje sobie spraw\u0119 z mocy Choppera, postanawia w\u0142\u0105czy\u0107 go do swojej za\u0142ogi. Dowiaduje si\u0119 o tym po ich odej\u015bciu ze starego\u2026 <strong>Wyspa Drum<\/strong> Nami powiedzia\u0142a, \u017ce Chopper jest lekarzem.<\/p>\n<p>Pocz\u0105tkowo niech\u0119tny, Chopper postanawia do\u0142\u0105czy\u0107 do Pirat\u00f3w S\u0142omkowego Kapelusza po pokonaniu Wapola. Na pok\u0142adzie Going Merry zaprzyja\u017ania si\u0119 z<strong> Usopp<\/strong>. W walce tworz\u0105 uzupe\u0142niaj\u0105cy si\u0119 duet: Chopper wnosi swoj\u0105 si\u0142\u0119 fizyczn\u0105, a Usopp pomys\u0142owo\u015b\u0107. Je\u015bli chodzi o <strong>Morski<\/strong>, Powiniene\u015b wiedzie\u0107, \u017ce to g\u0142\u00f3wna si\u0142a militarna Rz\u0105du \u015awiatowego. Co wi\u0119cej, mo\u017cesz poszerzy\u0107 swoj\u0105 kolekcj\u0119 pluszak\u00f3w, nabywaj\u0105c\u2026 <a title=\"Pluszowy Chopper Kawaii\" href=\"https:\/\/boutique-one-piece.com\/pl\/pluszowy-chopper-kawaii\/\" target=\"_blank\" rel=\"noopener\">Pluszowa zabawka Chopper w wersji Kawaii<\/a>.<\/p>\n<h3>Urzek\u0142a Ci\u0119 pluszowa maskotka Chopper w morskich barwach? Je\u015bli tak, to wiesz, co robi\u0107. Przygarnij t\u0119 maskotk\u0119; b\u0119dzie Ci towarzyszy\u0107 we wszystkich pirackich przygodach.<\/h3>\n<p>Niezale\u017cnie od tego, czy jeste\u015b zagorza\u0142ym fanem, czy kolekcjonerem, te przedmioty s\u0105 dla Ciebie. Idealne na prezent, do kolekcjonowania lub po prostu dla zabawy, te przedmioty wzbogac\u0105 Twoj\u0105 kolekcj\u0119. <strong>Tw\u00f3j wszech\u015bwiat One Piece<\/strong>. Jedno jest pewne: era piractwa jeszcze si\u0119 nie sko\u0144czy\u0142a! To od Ciebie zale\u017cy, czy prze\u017cyjesz wiele ekscytuj\u0105cych przyg\u00f3d w fantastycznym \u015bwiecie <strong>Luffy<\/strong>.<\/p>\n<h2>Informacje o pluszowej zabawce One Piece Chopper:<\/h2>\n<ul>\n<li>\u00a0<b>Typ produktu<\/b><span>\u00a0<\/span>Pluszowa zabawka manga One Piece<\/li>\n<\/ul>\n<ul>\n<li>\n<b>Wykorzystanie Peluce<\/b>\u00a0Zabawki, dekoracje, przedmioty kolekcjonerskie, prezenty<\/li>\n<\/ul>\n<ul>\n<li>\n<b>Nazwa postaci<\/b>\u00a0Tony Chopper<\/li>\n<\/ul>\n<ul>\n<li>\n<b>Rozmiar pluszowej zabawki<\/b>\u00a0:25 lub 30 centymetr\u00f3w<\/li>\n<\/ul>\n<ul>\n<li>\n<b>Materia\u0142<\/b>\u00a0: Bawe\u0142na<\/li>\n<\/ul>\n<ul>\n<li>\n<b>Zalecany wiek<\/b>\u00a0:ponad 3 lata<\/li>\n<\/ul>\n<ul>\n<li>\n<b>Darmowa dostawa<\/b> za ka\u017cdy zakup<\/li>\n<\/ul>","protected":false},"excerpt":{"rendered":"<p>Jeune pirate, saute sur l&rsquo;occasion de pouvoir te procurer cette Peluche Chopper Marine. Tu n&rsquo;es pas sans savoir que Chopper ou Tony Tony Chopper est le docteur de l&rsquo;Equipage de Chapeau de Paille. Voici une anecdote le concernant ; Lorsque Luffy et Sanji rencontrent Chopper pour la premi\u00e8re fois, ils sont \u00e9puis\u00e9s et affam\u00e9s, et [&hellip;]<\/p>","protected":false},"featured_media":12034,"comment_status":"open","ping_status":"open","template":"","meta":[],"product_brand":[],"product_cat":[163,177],"product_tag":[165],"class_list":{"0":"post-12032","1":"product","2":"type-product","3":"status-publish","4":"has-post-thumbnail","6":"product_cat-goodies-tony-tony-chopper-one-piece","7":"product_cat-peluches-one-piece","8":"product_tag-chopper","10":"first","11":"instock","12":"purchasable","13":"product-type-simple"},"yoast_head":"<!-- This site is optimized with the Yoast SEO plugin v27.5 - https:\/\/yoast.com\/product\/yoast-seo-wordpress\/ -->\n<title>Peluche Chopper Marine | Boutique One Piece<\/title>\n<meta name=\"description\" content=\"D\u00e9couvrez la peluche One Piece Tony Chopper, elle est aussi douce que mignonne ! Commencez votre aventure de pirate \u00e0 la recherche du One Piece dans l&#039;\u00e9quipage du Chapeau de Paille\" \/>\n<meta name=\"robots\" content=\"index, follow, max-snippet:-1, max-image-preview:large, max-video-preview:-1\" \/>\n<link rel=\"canonical\" href=\"https:\/\/boutique-one-piece.com\/pl\/pluszowe-zabawki-one-piece\/pluszowy-smiglowiec-morski\/\" \/>\n<meta property=\"og:locale\" content=\"pl_PL\" \/>\n<meta property=\"og:type\" content=\"article\" \/>\n<meta property=\"og:title\" content=\"Peluche Chopper Marine | Boutique One Piece\" \/>\n<meta property=\"og:description\" content=\"D\u00e9couvrez la peluche One Piece Tony Chopper, elle est aussi douce que mignonne ! Commencez votre aventure de pirate \u00e0 la recherche du One Piece dans l&#039;\u00e9quipage du Chapeau de Paille\" \/>\n<meta property=\"og:url\" content=\"https:\/\/boutique-one-piece.com\/pl\/pluszowe-zabawki-one-piece\/pluszowy-smiglowiec-morski\/\" \/>\n<meta property=\"og:site_name\" content=\"Boutique One Piece\" \/>\n<meta property=\"article:modified_time\" content=\"2024-09-16T12:45:37+00:00\" \/>\n<meta property=\"og:image\" content=\"https:\/\/boutique-one-piece.com\/wp-content\/uploads\/2022\/09\/Peluche-Chopper-Marine-1.png\" \/>\n\t<meta property=\"og:image:width\" content=\"500\" \/>\n\t<meta property=\"og:image:height\" content=\"500\" \/>\n\t<meta property=\"og:image:type\" content=\"image\/png\" \/>\n<meta name=\"twitter:card\" content=\"summary_large_image\" \/>\n<meta name=\"twitter:label1\" content=\"Szacowany czas czytania\" \/>\n\t<meta name=\"twitter:data1\" content=\"2 minuty\" \/>\n<script type=\"application\/ld+json\" class=\"yoast-schema-graph\">{\"@context\":\"https:\\\/\\\/schema.org\",\"@graph\":[{\"@type\":\"WebPage\",\"@id\":\"https:\\\/\\\/boutique-one-piece.com\\\/peluches-one-piece\\\/peluche-chopper-marine\\\/\",\"url\":\"https:\\\/\\\/boutique-one-piece.com\\\/peluches-one-piece\\\/peluche-chopper-marine\\\/\",\"name\":\"Peluche Chopper Marine | Boutique One Piece\",\"isPartOf\":{\"@id\":\"https:\\\/\\\/boutique-one-piece.com\\\/#website\"},\"primaryImageOfPage\":{\"@id\":\"https:\\\/\\\/boutique-one-piece.com\\\/peluches-one-piece\\\/peluche-chopper-marine\\\/#primaryimage\"},\"image\":{\"@id\":\"https:\\\/\\\/boutique-one-piece.com\\\/peluches-one-piece\\\/peluche-chopper-marine\\\/#primaryimage\"},\"thumbnailUrl\":\"https:\\\/\\\/boutique-one-piece.com\\\/wp-content\\\/uploads\\\/2022\\\/09\\\/Peluche-Chopper-Marine-1.png\",\"datePublished\":\"2022-09-27T20:53:01+00:00\",\"dateModified\":\"2024-09-16T12:45:37+00:00\",\"description\":\"D\u00e9couvrez la peluche One Piece Tony Chopper, elle est aussi douce que mignonne ! Commencez votre aventure de pirate \u00e0 la recherche du One Piece dans l'\u00e9quipage du Chapeau de Paille\",\"breadcrumb\":{\"@id\":\"https:\\\/\\\/boutique-one-piece.com\\\/peluches-one-piece\\\/peluche-chopper-marine\\\/#breadcrumb\"},\"inLanguage\":\"pl-PL\",\"potentialAction\":[{\"@type\":\"ReadAction\",\"target\":[\"https:\\\/\\\/boutique-one-piece.com\\\/peluches-one-piece\\\/peluche-chopper-marine\\\/\"]}]},{\"@type\":\"ImageObject\",\"inLanguage\":\"pl-PL\",\"@id\":\"https:\\\/\\\/boutique-one-piece.com\\\/peluches-one-piece\\\/peluche-chopper-marine\\\/#primaryimage\",\"url\":\"https:\\\/\\\/boutique-one-piece.com\\\/wp-content\\\/uploads\\\/2022\\\/09\\\/Peluche-Chopper-Marine-1.png\",\"contentUrl\":\"https:\\\/\\\/boutique-one-piece.com\\\/wp-content\\\/uploads\\\/2022\\\/09\\\/Peluche-Chopper-Marine-1.png\",\"width\":500,\"height\":500},{\"@type\":\"BreadcrumbList\",\"@id\":\"https:\\\/\\\/boutique-one-piece.com\\\/peluches-one-piece\\\/peluche-chopper-marine\\\/#breadcrumb\",\"itemListElement\":[{\"@type\":\"ListItem\",\"position\":1,\"name\":\"Home\",\"item\":\"https:\\\/\\\/boutique-one-piece.com\\\/\"},{\"@type\":\"ListItem\",\"position\":2,\"name\":\"Shop\",\"item\":\"https:\\\/\\\/boutique-one-piece.com\\\/shop\\\/\"},{\"@type\":\"ListItem\",\"position\":3,\"name\":\"Peluche Chopper Marine\"}]},{\"@type\":\"WebSite\",\"@id\":\"https:\\\/\\\/boutique-one-piece.com\\\/#website\",\"url\":\"https:\\\/\\\/boutique-one-piece.com\\\/\",\"name\":\"Boutique One Piece\",\"description\":\"Magasin Sp\u00e9cialis\u00e9 du Manga et l&#039;Anime One Piece\",\"publisher\":{\"@id\":\"https:\\\/\\\/boutique-one-piece.com\\\/#organization\"},\"potentialAction\":[{\"@type\":\"SearchAction\",\"target\":{\"@type\":\"EntryPoint\",\"urlTemplate\":\"https:\\\/\\\/boutique-one-piece.com\\\/?s={search_term_string}\"},\"query-input\":{\"@type\":\"PropertyValueSpecification\",\"valueRequired\":true,\"valueName\":\"search_term_string\"}}],\"inLanguage\":\"pl-PL\"},{\"@type\":\"Organization\",\"@id\":\"https:\\\/\\\/boutique-one-piece.com\\\/#organization\",\"name\":\"Boutique One Piece\",\"url\":\"https:\\\/\\\/boutique-one-piece.com\\\/\",\"logo\":{\"@type\":\"ImageObject\",\"inLanguage\":\"pl-PL\",\"@id\":\"https:\\\/\\\/boutique-one-piece.com\\\/#\\\/schema\\\/logo\\\/image\\\/\",\"url\":\"https:\\\/\\\/boutique-one-piece.com\\\/wp-content\\\/uploads\\\/2022\\\/09\\\/Logo-01.png\",\"contentUrl\":\"https:\\\/\\\/boutique-one-piece.com\\\/wp-content\\\/uploads\\\/2022\\\/09\\\/Logo-01.png\",\"width\":2318,\"height\":957,\"caption\":\"Boutique One Piece\"},\"image\":{\"@id\":\"https:\\\/\\\/boutique-one-piece.com\\\/#\\\/schema\\\/logo\\\/image\\\/\"}}]}<\/script>\n<!-- \/ Yoast SEO plugin. -->","yoast_head_json":{"title":"Pluszowy \u015bmig\u0142owiec Navy Chopper | Sklep One Piece","description":"Odkryj pluszowego Tony&#039;ego Choppera z One Piece \u2013 jest tak mi\u0119kki, jak uroczy! Rozpocznij swoj\u0105 pirack\u0105 przygod\u0119 w poszukiwaniu One Piece z za\u0142og\u0105 S\u0142omkowego Kapelusza.","robots":{"index":"index","follow":"follow","max-snippet":"max-snippet:-1","max-image-preview":"max-image-preview:large","max-video-preview":"max-video-preview:-1"},"canonical":"https:\/\/boutique-one-piece.com\/pl\/pluszowe-zabawki-one-piece\/pluszowy-smiglowiec-morski\/","og_locale":"pl_PL","og_type":"article","og_title":"Peluche Chopper Marine | Boutique One Piece","og_description":"D\u00e9couvrez la peluche One Piece Tony Chopper, elle est aussi douce que mignonne ! Commencez votre aventure de pirate \u00e0 la recherche du One Piece dans l'\u00e9quipage du Chapeau de Paille","og_url":"https:\/\/boutique-one-piece.com\/pl\/pluszowe-zabawki-one-piece\/pluszowy-smiglowiec-morski\/","og_site_name":"Boutique One Piece","article_modified_time":"2024-09-16T12:45:37+00:00","og_image":[{"width":500,"height":500,"url":"https:\/\/boutique-one-piece.com\/wp-content\/uploads\/2022\/09\/Peluche-Chopper-Marine-1.png","type":"image\/png"}],"twitter_card":"summary_large_image","twitter_misc":{"Szacowany czas czytania":"2 minuty"},"schema":{"@context":"https:\/\/schema.org","@graph":[{"@type":"WebPage","@id":"https:\/\/boutique-one-piece.com\/peluches-one-piece\/peluche-chopper-marine\/","url":"https:\/\/boutique-one-piece.com\/peluches-one-piece\/peluche-chopper-marine\/","name":"Pluszowy \u015bmig\u0142owiec Navy Chopper | Sklep One Piece","isPartOf":{"@id":"https:\/\/boutique-one-piece.com\/#website"},"primaryImageOfPage":{"@id":"https:\/\/boutique-one-piece.com\/peluches-one-piece\/peluche-chopper-marine\/#primaryimage"},"image":{"@id":"https:\/\/boutique-one-piece.com\/peluches-one-piece\/peluche-chopper-marine\/#primaryimage"},"thumbnailUrl":"https:\/\/boutique-one-piece.com\/wp-content\/uploads\/2022\/09\/Peluche-Chopper-Marine-1.png","datePublished":"2022-09-27T20:53:01+00:00","dateModified":"2024-09-16T12:45:37+00:00","description":"Odkryj pluszowego Tony&#039;ego Choppera z One Piece \u2013 jest tak mi\u0119kki, jak uroczy! Rozpocznij swoj\u0105 pirack\u0105 przygod\u0119 w poszukiwaniu One Piece z za\u0142og\u0105 S\u0142omkowego Kapelusza.","breadcrumb":{"@id":"https:\/\/boutique-one-piece.com\/peluches-one-piece\/peluche-chopper-marine\/#breadcrumb"},"inLanguage":"pl-PL","potentialAction":[{"@type":"ReadAction","target":["https:\/\/boutique-one-piece.com\/peluches-one-piece\/peluche-chopper-marine\/"]}]},{"@type":"ImageObject","inLanguage":"pl-PL","@id":"https:\/\/boutique-one-piece.com\/peluches-one-piece\/peluche-chopper-marine\/#primaryimage","url":"https:\/\/boutique-one-piece.com\/wp-content\/uploads\/2022\/09\/Peluche-Chopper-Marine-1.png","contentUrl":"https:\/\/boutique-one-piece.com\/wp-content\/uploads\/2022\/09\/Peluche-Chopper-Marine-1.png","width":500,"height":500},{"@type":"BreadcrumbList","@id":"https:\/\/boutique-one-piece.com\/peluches-one-piece\/peluche-chopper-marine\/#breadcrumb","itemListElement":[{"@type":"ListItem","position":1,"name":"Home","item":"https:\/\/boutique-one-piece.com\/"},{"@type":"ListItem","position":2,"name":"Shop","item":"https:\/\/boutique-one-piece.com\/shop\/"},{"@type":"ListItem","position":3,"name":"Peluche Chopper Marine"}]},{"@type":"WebSite","@id":"https:\/\/boutique-one-piece.com\/#website","url":"https:\/\/boutique-one-piece.com\/","name":"One Piece Shop","description":"Sklep specjalistyczny z mang\u0105 i anime One Piece","publisher":{"@id":"https:\/\/boutique-one-piece.com\/#organization"},"potentialAction":[{"@type":"SearchAction","target":{"@type":"EntryPoint","urlTemplate":"https:\/\/boutique-one-piece.com\/?s={search_term_string}"},"query-input":{"@type":"PropertyValueSpecification","valueRequired":true,"valueName":"search_term_string"}}],"inLanguage":"pl-PL"},{"@type":"Organization","@id":"https:\/\/boutique-one-piece.com\/#organization","name":"One Piece Shop","url":"https:\/\/boutique-one-piece.com\/","logo":{"@type":"ImageObject","inLanguage":"pl-PL","@id":"https:\/\/boutique-one-piece.com\/#\/schema\/logo\/image\/","url":"https:\/\/boutique-one-piece.com\/wp-content\/uploads\/2022\/09\/Logo-01.png","contentUrl":"https:\/\/boutique-one-piece.com\/wp-content\/uploads\/2022\/09\/Logo-01.png","width":2318,"height":957,"caption":"Boutique One Piece"},"image":{"@id":"https:\/\/boutique-one-piece.com\/#\/schema\/logo\/image\/"}}]}},"_links":{"self":[{"href":"https:\/\/boutique-one-piece.com\/pl\/wp-json\/wp\/v2\/product\/12032","targetHints":{"allow":["GET"]}}],"collection":[{"href":"https:\/\/boutique-one-piece.com\/pl\/wp-json\/wp\/v2\/product"}],"about":[{"href":"https:\/\/boutique-one-piece.com\/pl\/wp-json\/wp\/v2\/types\/product"}],"replies":[{"embeddable":true,"href":"https:\/\/boutique-one-piece.com\/pl\/wp-json\/wp\/v2\/comments?post=12032"}],"wp:featuredmedia":[{"embeddable":true,"href":"https:\/\/boutique-one-piece.com\/pl\/wp-json\/wp\/v2\/media\/12034"}],"wp:attachment":[{"href":"https:\/\/boutique-one-piece.com\/pl\/wp-json\/wp\/v2\/media?parent=12032"}],"wp:term":[{"taxonomy":"product_brand","embeddable":true,"href":"https:\/\/boutique-one-piece.com\/pl\/wp-json\/wp\/v2\/product_brand?post=12032"},{"taxonomy":"product_cat","embeddable":true,"href":"https:\/\/boutique-one-piece.com\/pl\/wp-json\/wp\/v2\/product_cat?post=12032"},{"taxonomy":"product_tag","embeddable":true,"href":"https:\/\/boutique-one-piece.com\/pl\/wp-json\/wp\/v2\/product_tag?post=12032"}],"curies":[{"name":"wp","href":"https:\/\/api.w.org\/{rel}","templated":true}]}}