{"id":12332,"date":"2022-09-27T20:55:08","date_gmt":"2022-09-27T20:55:08","guid":{"rendered":"https:\/\/boutique-one-piece.com\/uncategorized\/figurine-pop-zoro-bras-droit-de-luffy\/"},"modified":"2026-01-29T07:18:19","modified_gmt":"2026-01-29T07:18:19","slug":"figurka-zoro-pop-prawa-reka-luffyego","status":"publish","type":"product","link":"https:\/\/boutique-one-piece.com\/pl\/figurki-one-piece\/figurka-zoro-pop-prawa-reka-luffyego\/","title":{"rendered":"Pop! Figurka Zoro, prawa r\u0119ka Luffy&#039;ego"},"content":{"rendered":"<h2>M\u0142ody cz\u0142onku za\u0142ogi S\u0142omkowego Kapelusza, nadszed\u0142 czas, aby\u015b zdoby\u0142 t\u0119 figurk\u0119 Zoro Luffy&#039;ego - praw\u0105 r\u0119k\u0119.<\/h2>\n<p>Oto, co musisz o nim wiedzie\u0107: ; <strong> Zoro<\/strong> by\u0142 pierwszym cz\u0142onkiem za\u0142ogi S\u0142omkowego Kapelusza, jest <strong>pierwszy i g\u0142\u00f3wny szermierz<\/strong>. Jego ambicj\u0105 jest zosta\u0107 najlepszym szermierzem na \u015bwiecie i wykaza\u0142 si\u0119 \u017celazn\u0105 wol\u0105, aby to osi\u0105gn\u0105\u0107.<\/p>\n<p>Jest mistrzem szermierki, kt\u00f3ry pos\u0142uguje si\u0119 kilkoma stylami walki, a jego cech\u0105 charakterystyczn\u0105 jest liczba mieczy, kt\u00f3rymi w\u0142ada. Jego umiej\u0119tno\u015bci bojowe s\u0105 tak du\u017ce, \u017ce czasami osoby spoza za\u0142ogi mog\u0105 odnie\u015b\u0107 wra\u017cenie, \u017ce to on jest prawdziwym Kapitanem.<\/p>\n<p>Co wi\u0119cej, je\u015bli szczeg\u00f3lnie lubisz posta\u0107 Zoro, <a title=\"FIGURKA ONE PIECE ZORO I JEGO SZABLE\" href=\"https:\/\/boutique-one-piece.com\/pl\/figurine-one-piece-%20zoro-et-ses-sabres\/\" target=\"_blank\" rel=\"noopener\" class=\"broken_link\">figurka, na kt\u00f3rej stoi z 3 mieczami<\/a> jest w zasi\u0119gu r\u0119ki. Wracaj\u0105c do Zoro i jego relacji z Luffym, powiniene\u015b wiedzie\u0107, \u017ce Zoro bezgranicznie ufa Luffy&#039;emu i zawsze pod\u0105\u017ca za jego decyzjami, niezale\u017cnie od konsekwencji, uznaj\u0105c, \u017ce jest to decyzja kapitana, kt\u00f3r\u0105 za\u0142oga musi wykona\u0107 bez zadawania pyta\u0144.<\/p>\n<h3>Czy figurka Zoro Ci\u0119 urzek\u0142a? Je\u015bli tak, nie czekaj d\u0142u\u017cej i skorzystaj z okazji, by do\u0142\u0105czy\u0107 do za\u0142ogi Thousand Sunny.<\/h3>\n<p>Niezale\u017cnie od tego, czy jeste\u015b wieloletnim fanem, czy do\u015bwiadczonym kolekcjonerem, nie szukaj dalej \u2013 te przedmioty s\u0105 zdecydowanie dla Ciebie. Idealne na prezent, ozdob\u0119 lub do kolekcji, te przedmioty podkre\u015bl\u0105 Tw\u00f3j styl. <strong>Tw\u00f3j wszech\u015bwiat One Piece<\/strong>. We\u017a sw\u00f3j los we w\u0142asne r\u0119ce. <strong>m\u0142ody pirat<\/strong> i prze\u017cy\u0142em wiele przyg\u00f3d, z kt\u00f3rych ka\u017cda by\u0142a bardziej ekscytuj\u0105ca od poprzedniej.<\/p>\n<h2>Informacje o figurce Pop! Zoro, prawej r\u0119ce Luffy&#039;ego\u00a0<\/h2>\n<ul>\n<li><span><b><u>Figurka One Piece<\/u><\/b>\u00a0Figurka Premium One Piece dla prawdziwych pirat\u00f3w<\/span><\/li>\n<\/ul>\n<ul>\n<li>\n<b>Materia\u0142<\/b><span>\u00a0<\/span>PCV<\/li>\n<\/ul>\n<ul>\n<li><span><strong>Wymiar<\/strong>\u00a0: 10 cm<\/span><\/li>\n<\/ul>\n<ul>\n<li><span><strong>DARMOWA DOSTAWA<\/strong><\/span><\/li>\n<\/ul>","protected":false},"excerpt":{"rendered":"<p>Jeune membre de l&rsquo;\u00e9quipage de Chapeau de paille, le moment est venu pour toi de te procurer cette Figurine Pop Zoro Bras Droit De Luffy. Voici ce que tu dois savoir \u00e0 son sujet ; Zoro fut le premier membre \u00e0 rejoindre l&rsquo;\u00c9quipage du Chapeau de Paille, il en est le premier et principal \u00e9p\u00e9iste. [&hellip;]<\/p>","protected":false},"featured_media":12334,"comment_status":"open","ping_status":"open","template":"","meta":[],"product_brand":[],"product_cat":[76,334,162,151],"product_tag":[335,113],"class_list":{"0":"post-12332","1":"product","2":"type-product","3":"status-publish","4":"has-post-thumbnail","6":"product_cat-figurines-one-piece","7":"product_cat-figurines-pop-one-piece","8":"product_cat-figurines-roronoa-zoro","9":"product_cat-goodies-roronoa-zoro-one-piece","10":"product_tag-figurine-pop","11":"product_tag-zoro","13":"first","14":"instock","15":"purchasable","16":"product-type-simple"},"yoast_head":"<!-- This site is optimized with the Yoast SEO plugin v27.5 - https:\/\/yoast.com\/product\/yoast-seo-wordpress\/ -->\n<title>Figurine Pop Zoro Bras Droit De Luffy | Figurine One Piece \u2013 Boutique One Piece<\/title>\n<meta name=\"description\" content=\"Jeune membre de l&#039;\u00e9quipage de Chapeau de paille, le moment est venu pour toi de te procurer cette Figurine Pop Zoro Bras Droit De Luffy. Voici ce que tu dois savoir \u00e0 son sujet ; Zoro fut le premier membre \u00e0 rejoindre l&#039;\u00c9quipage du Chapeau de Paille, il en est le premier et principal \u00e9p\u00e9iste. Son ambition est de deveni\" \/>\n<meta name=\"robots\" content=\"index, follow, max-snippet:-1, max-image-preview:large, max-video-preview:-1\" \/>\n<link rel=\"canonical\" href=\"https:\/\/boutique-one-piece.com\/pl\/figurki-one-piece\/figurka-zoro-pop-prawa-reka-luffyego\/\" \/>\n<meta property=\"og:locale\" content=\"pl_PL\" \/>\n<meta property=\"og:type\" content=\"article\" \/>\n<meta property=\"og:title\" content=\"Figurine Pop Zoro Bras Droit De Luffy | Figurine One Piece \u2013 Boutique One Piece\" \/>\n<meta property=\"og:description\" content=\"Jeune membre de l&#039;\u00e9quipage de Chapeau de paille, le moment est venu pour toi de te procurer cette Figurine Pop Zoro Bras Droit De Luffy. Voici ce que tu dois savoir \u00e0 son sujet ; Zoro fut le premier membre \u00e0 rejoindre l&#039;\u00c9quipage du Chapeau de Paille, il en est le premier et principal \u00e9p\u00e9iste. Son ambition est de deveni\" \/>\n<meta property=\"og:url\" content=\"https:\/\/boutique-one-piece.com\/pl\/figurki-one-piece\/figurka-zoro-pop-prawa-reka-luffyego\/\" \/>\n<meta property=\"og:site_name\" content=\"Boutique One Piece\" \/>\n<meta property=\"article:modified_time\" content=\"2026-01-29T07:18:19+00:00\" \/>\n<meta property=\"og:image\" content=\"https:\/\/boutique-one-piece.com\/wp-content\/uploads\/2022\/09\/Figurine-Pop-Zoro-Bras-Droit-De-Luffy.jpg\" \/>\n\t<meta property=\"og:image:width\" content=\"640\" \/>\n\t<meta property=\"og:image:height\" content=\"640\" \/>\n\t<meta property=\"og:image:type\" content=\"image\/jpeg\" \/>\n<meta name=\"twitter:card\" content=\"summary_large_image\" \/>\n<meta name=\"twitter:label1\" content=\"Szacowany czas czytania\" \/>\n\t<meta name=\"twitter:data1\" content=\"2 minuty\" \/>\n<script type=\"application\/ld+json\" class=\"yoast-schema-graph\">{\"@context\":\"https:\\\/\\\/schema.org\",\"@graph\":[{\"@type\":\"WebPage\",\"@id\":\"https:\\\/\\\/boutique-one-piece.com\\\/figurines-one-piece\\\/figurine-pop-zoro-bras-droit-de-luffy\\\/\",\"url\":\"https:\\\/\\\/boutique-one-piece.com\\\/figurines-one-piece\\\/figurine-pop-zoro-bras-droit-de-luffy\\\/\",\"name\":\"Figurine Pop Zoro Bras Droit De Luffy | Figurine One Piece \u2013 Boutique One Piece\",\"isPartOf\":{\"@id\":\"https:\\\/\\\/boutique-one-piece.com\\\/#website\"},\"primaryImageOfPage\":{\"@id\":\"https:\\\/\\\/boutique-one-piece.com\\\/figurines-one-piece\\\/figurine-pop-zoro-bras-droit-de-luffy\\\/#primaryimage\"},\"image\":{\"@id\":\"https:\\\/\\\/boutique-one-piece.com\\\/figurines-one-piece\\\/figurine-pop-zoro-bras-droit-de-luffy\\\/#primaryimage\"},\"thumbnailUrl\":\"https:\\\/\\\/boutique-one-piece.com\\\/wp-content\\\/uploads\\\/2022\\\/09\\\/Figurine-Pop-Zoro-Bras-Droit-De-Luffy.jpg\",\"datePublished\":\"2022-09-27T20:55:08+00:00\",\"dateModified\":\"2026-01-29T07:18:19+00:00\",\"description\":\"Jeune membre de l'\u00e9quipage de Chapeau de paille, le moment est venu pour toi de te procurer cette Figurine Pop Zoro Bras Droit De Luffy. Voici ce que tu dois savoir \u00e0 son sujet ; Zoro fut le premier membre \u00e0 rejoindre l'\u00c9quipage du Chapeau de Paille, il en est le premier et principal \u00e9p\u00e9iste. Son ambition est de deveni\",\"breadcrumb\":{\"@id\":\"https:\\\/\\\/boutique-one-piece.com\\\/figurines-one-piece\\\/figurine-pop-zoro-bras-droit-de-luffy\\\/#breadcrumb\"},\"inLanguage\":\"pl-PL\",\"potentialAction\":[{\"@type\":\"ReadAction\",\"target\":[\"https:\\\/\\\/boutique-one-piece.com\\\/figurines-one-piece\\\/figurine-pop-zoro-bras-droit-de-luffy\\\/\"]}]},{\"@type\":\"ImageObject\",\"inLanguage\":\"pl-PL\",\"@id\":\"https:\\\/\\\/boutique-one-piece.com\\\/figurines-one-piece\\\/figurine-pop-zoro-bras-droit-de-luffy\\\/#primaryimage\",\"url\":\"https:\\\/\\\/boutique-one-piece.com\\\/wp-content\\\/uploads\\\/2022\\\/09\\\/Figurine-Pop-Zoro-Bras-Droit-De-Luffy.jpg\",\"contentUrl\":\"https:\\\/\\\/boutique-one-piece.com\\\/wp-content\\\/uploads\\\/2022\\\/09\\\/Figurine-Pop-Zoro-Bras-Droit-De-Luffy.jpg\",\"width\":640,\"height\":640,\"caption\":\"Figurine Pop Zoro Bras Droit De Luffy Default Title\"},{\"@type\":\"BreadcrumbList\",\"@id\":\"https:\\\/\\\/boutique-one-piece.com\\\/figurines-one-piece\\\/figurine-pop-zoro-bras-droit-de-luffy\\\/#breadcrumb\",\"itemListElement\":[{\"@type\":\"ListItem\",\"position\":1,\"name\":\"Home\",\"item\":\"https:\\\/\\\/boutique-one-piece.com\\\/\"},{\"@type\":\"ListItem\",\"position\":2,\"name\":\"Shop\",\"item\":\"https:\\\/\\\/boutique-one-piece.com\\\/shop\\\/\"},{\"@type\":\"ListItem\",\"position\":3,\"name\":\"Figurine Pop Zoro Bras Droit De Luffy\"}]},{\"@type\":\"WebSite\",\"@id\":\"https:\\\/\\\/boutique-one-piece.com\\\/#website\",\"url\":\"https:\\\/\\\/boutique-one-piece.com\\\/\",\"name\":\"Boutique One Piece\",\"description\":\"Magasin Sp\u00e9cialis\u00e9 du Manga et l&#039;Anime One Piece\",\"publisher\":{\"@id\":\"https:\\\/\\\/boutique-one-piece.com\\\/#organization\"},\"potentialAction\":[{\"@type\":\"SearchAction\",\"target\":{\"@type\":\"EntryPoint\",\"urlTemplate\":\"https:\\\/\\\/boutique-one-piece.com\\\/?s={search_term_string}\"},\"query-input\":{\"@type\":\"PropertyValueSpecification\",\"valueRequired\":true,\"valueName\":\"search_term_string\"}}],\"inLanguage\":\"pl-PL\"},{\"@type\":\"Organization\",\"@id\":\"https:\\\/\\\/boutique-one-piece.com\\\/#organization\",\"name\":\"Boutique One Piece\",\"url\":\"https:\\\/\\\/boutique-one-piece.com\\\/\",\"logo\":{\"@type\":\"ImageObject\",\"inLanguage\":\"pl-PL\",\"@id\":\"https:\\\/\\\/boutique-one-piece.com\\\/#\\\/schema\\\/logo\\\/image\\\/\",\"url\":\"https:\\\/\\\/boutique-one-piece.com\\\/wp-content\\\/uploads\\\/2022\\\/09\\\/Logo-01.png\",\"contentUrl\":\"https:\\\/\\\/boutique-one-piece.com\\\/wp-content\\\/uploads\\\/2022\\\/09\\\/Logo-01.png\",\"width\":2318,\"height\":957,\"caption\":\"Boutique One Piece\"},\"image\":{\"@id\":\"https:\\\/\\\/boutique-one-piece.com\\\/#\\\/schema\\\/logo\\\/image\\\/\"}}]}<\/script>\n<!-- \/ Yoast SEO plugin. -->","yoast_head_json":{"title":"Pop Figure Zoro Prawe Rami\u0119 Luffy&#039;ego | Figurka One Piece \u2013 Sklep One Piece","description":"M\u0142ody cz\u0142onku za\u0142ogi S\u0142omkowego Kapelusza, nadszed\u0142 czas, aby\u015b zdoby\u0142 figurk\u0119 Zoro Pop! \u2013 praw\u0105 r\u0119k\u0119 Luffy&#039;ego. Oto, co musisz o nim wiedzie\u0107: Zoro by\u0142 pierwszym cz\u0142onkiem za\u0142ogi S\u0142omkowego Kapelusza i jest jej pierwszym i g\u0142\u00f3wnym szermierzem. Jego ambicj\u0105 jest zosta\u0107...","robots":{"index":"index","follow":"follow","max-snippet":"max-snippet:-1","max-image-preview":"max-image-preview:large","max-video-preview":"max-video-preview:-1"},"canonical":"https:\/\/boutique-one-piece.com\/pl\/figurki-one-piece\/figurka-zoro-pop-prawa-reka-luffyego\/","og_locale":"pl_PL","og_type":"article","og_title":"Figurine Pop Zoro Bras Droit De Luffy | Figurine One Piece \u2013 Boutique One Piece","og_description":"Jeune membre de l'\u00e9quipage de Chapeau de paille, le moment est venu pour toi de te procurer cette Figurine Pop Zoro Bras Droit De Luffy. Voici ce que tu dois savoir \u00e0 son sujet ; Zoro fut le premier membre \u00e0 rejoindre l'\u00c9quipage du Chapeau de Paille, il en est le premier et principal \u00e9p\u00e9iste. Son ambition est de deveni","og_url":"https:\/\/boutique-one-piece.com\/pl\/figurki-one-piece\/figurka-zoro-pop-prawa-reka-luffyego\/","og_site_name":"Boutique One Piece","article_modified_time":"2026-01-29T07:18:19+00:00","og_image":[{"width":640,"height":640,"url":"https:\/\/boutique-one-piece.com\/wp-content\/uploads\/2022\/09\/Figurine-Pop-Zoro-Bras-Droit-De-Luffy.jpg","type":"image\/jpeg"}],"twitter_card":"summary_large_image","twitter_misc":{"Szacowany czas czytania":"2 minuty"},"schema":{"@context":"https:\/\/schema.org","@graph":[{"@type":"WebPage","@id":"https:\/\/boutique-one-piece.com\/figurines-one-piece\/figurine-pop-zoro-bras-droit-de-luffy\/","url":"https:\/\/boutique-one-piece.com\/figurines-one-piece\/figurine-pop-zoro-bras-droit-de-luffy\/","name":"Pop Figure Zoro Prawe Rami\u0119 Luffy&#039;ego | Figurka One Piece \u2013 Sklep One Piece","isPartOf":{"@id":"https:\/\/boutique-one-piece.com\/#website"},"primaryImageOfPage":{"@id":"https:\/\/boutique-one-piece.com\/figurines-one-piece\/figurine-pop-zoro-bras-droit-de-luffy\/#primaryimage"},"image":{"@id":"https:\/\/boutique-one-piece.com\/figurines-one-piece\/figurine-pop-zoro-bras-droit-de-luffy\/#primaryimage"},"thumbnailUrl":"https:\/\/boutique-one-piece.com\/wp-content\/uploads\/2022\/09\/Figurine-Pop-Zoro-Bras-Droit-De-Luffy.jpg","datePublished":"2022-09-27T20:55:08+00:00","dateModified":"2026-01-29T07:18:19+00:00","description":"M\u0142ody cz\u0142onku za\u0142ogi S\u0142omkowego Kapelusza, nadszed\u0142 czas, aby\u015b zdoby\u0142 figurk\u0119 Zoro Pop! \u2013 praw\u0105 r\u0119k\u0119 Luffy&#039;ego. Oto, co musisz o nim wiedzie\u0107: Zoro by\u0142 pierwszym cz\u0142onkiem za\u0142ogi S\u0142omkowego Kapelusza i jest jej pierwszym i g\u0142\u00f3wnym szermierzem. Jego ambicj\u0105 jest zosta\u0107...","breadcrumb":{"@id":"https:\/\/boutique-one-piece.com\/figurines-one-piece\/figurine-pop-zoro-bras-droit-de-luffy\/#breadcrumb"},"inLanguage":"pl-PL","potentialAction":[{"@type":"ReadAction","target":["https:\/\/boutique-one-piece.com\/figurines-one-piece\/figurine-pop-zoro-bras-droit-de-luffy\/"]}]},{"@type":"ImageObject","inLanguage":"pl-PL","@id":"https:\/\/boutique-one-piece.com\/figurines-one-piece\/figurine-pop-zoro-bras-droit-de-luffy\/#primaryimage","url":"https:\/\/boutique-one-piece.com\/wp-content\/uploads\/2022\/09\/Figurine-Pop-Zoro-Bras-Droit-De-Luffy.jpg","contentUrl":"https:\/\/boutique-one-piece.com\/wp-content\/uploads\/2022\/09\/Figurine-Pop-Zoro-Bras-Droit-De-Luffy.jpg","width":640,"height":640,"caption":"Figurine Pop Zoro Bras Droit De Luffy Default Title"},{"@type":"BreadcrumbList","@id":"https:\/\/boutique-one-piece.com\/figurines-one-piece\/figurine-pop-zoro-bras-droit-de-luffy\/#breadcrumb","itemListElement":[{"@type":"ListItem","position":1,"name":"Home","item":"https:\/\/boutique-one-piece.com\/"},{"@type":"ListItem","position":2,"name":"Shop","item":"https:\/\/boutique-one-piece.com\/shop\/"},{"@type":"ListItem","position":3,"name":"Figurine Pop Zoro Bras Droit De Luffy"}]},{"@type":"WebSite","@id":"https:\/\/boutique-one-piece.com\/#website","url":"https:\/\/boutique-one-piece.com\/","name":"One Piece Shop","description":"Sklep specjalistyczny z mang\u0105 i anime One Piece","publisher":{"@id":"https:\/\/boutique-one-piece.com\/#organization"},"potentialAction":[{"@type":"SearchAction","target":{"@type":"EntryPoint","urlTemplate":"https:\/\/boutique-one-piece.com\/?s={search_term_string}"},"query-input":{"@type":"PropertyValueSpecification","valueRequired":true,"valueName":"search_term_string"}}],"inLanguage":"pl-PL"},{"@type":"Organization","@id":"https:\/\/boutique-one-piece.com\/#organization","name":"One Piece Shop","url":"https:\/\/boutique-one-piece.com\/","logo":{"@type":"ImageObject","inLanguage":"pl-PL","@id":"https:\/\/boutique-one-piece.com\/#\/schema\/logo\/image\/","url":"https:\/\/boutique-one-piece.com\/wp-content\/uploads\/2022\/09\/Logo-01.png","contentUrl":"https:\/\/boutique-one-piece.com\/wp-content\/uploads\/2022\/09\/Logo-01.png","width":2318,"height":957,"caption":"Boutique One Piece"},"image":{"@id":"https:\/\/boutique-one-piece.com\/#\/schema\/logo\/image\/"}}]}},"_links":{"self":[{"href":"https:\/\/boutique-one-piece.com\/pl\/wp-json\/wp\/v2\/product\/12332","targetHints":{"allow":["GET"]}}],"collection":[{"href":"https:\/\/boutique-one-piece.com\/pl\/wp-json\/wp\/v2\/product"}],"about":[{"href":"https:\/\/boutique-one-piece.com\/pl\/wp-json\/wp\/v2\/types\/product"}],"replies":[{"embeddable":true,"href":"https:\/\/boutique-one-piece.com\/pl\/wp-json\/wp\/v2\/comments?post=12332"}],"wp:featuredmedia":[{"embeddable":true,"href":"https:\/\/boutique-one-piece.com\/pl\/wp-json\/wp\/v2\/media\/12334"}],"wp:attachment":[{"href":"https:\/\/boutique-one-piece.com\/pl\/wp-json\/wp\/v2\/media?parent=12332"}],"wp:term":[{"taxonomy":"product_brand","embeddable":true,"href":"https:\/\/boutique-one-piece.com\/pl\/wp-json\/wp\/v2\/product_brand?post=12332"},{"taxonomy":"product_cat","embeddable":true,"href":"https:\/\/boutique-one-piece.com\/pl\/wp-json\/wp\/v2\/product_cat?post=12332"},{"taxonomy":"product_tag","embeddable":true,"href":"https:\/\/boutique-one-piece.com\/pl\/wp-json\/wp\/v2\/product_tag?post=12332"}],"curies":[{"name":"wp","href":"https:\/\/api.w.org\/{rel}","templated":true}]}}