{"id":12365,"date":"2022-09-27T20:55:17","date_gmt":"2022-09-27T20:55:17","guid":{"rendered":"https:\/\/boutique-one-piece.com\/uncategorized\/tee-shirt-one-piece-luffy-nakama-equipage-pirate\/"},"modified":"2024-09-16T12:53:29","modified_gmt":"2024-09-16T12:53:29","slug":"jednoczesciowa-koszulka-luffy-nakama-pirate-crew","status":"publish","type":"product","link":"https:\/\/boutique-one-piece.com\/pl\/smakolyki-z-one-piece\/slodycze-monkey-d-luffy-one-piece\/jednoczesciowa-koszulka-luffy-nakama-pirate-crew\/","title":{"rendered":"Koszulka One Piece Luffy i jego Nakamas"},"content":{"rendered":"<p><meta charset=\"utf-8\"><\/p>\n<h2>\n<b>Koszulka One Piece przedstawiaj\u0105ca Luffy&#039;ego i jego za\u0142og\u0119, kt\u00f3rzy budz\u0105 pirata w ka\u017cdym z nas, pod\u0105\u017caj\u0105c \u015bcie\u017ck\u0105 Gol D. Rogera.<\/b>\u00a0!<\/h2>\n<p>Je\u015bli jeste\u015b\u00a0<strong>prawdziwy pirat<\/strong>, Docenisz\u00a0<strong>jako\u015b\u0107<\/strong>\u00a0tkanina i\u00a0<strong>Drukowanie na p\u0142\u00f3tnie 3D<\/strong>\u00a0tego\u00a0<strong>Koszulka One Piece<\/strong>\u00a0Ale co najwa\u017cniejsze, dzi\u0119ki temu\u00a0<strong>drukowany d\u017cersej<\/strong>\u00a0dlatego, \u017ce b\u0119dziesz cz\u0119\u015bci\u0105\u00a0<strong>ekipa fan\u00f3w<\/strong>\u00a0z\u00a0<strong>manga piracka<\/strong>\u00a0i otrzymasz:<\/p>\n<ul>\n<li>\u00a0<strong>Podziw<\/strong>\u00a0wszystkich fan\u00f3w\u00a0<strong>mugiwara<\/strong>\u00a0\u017ce spotkasz<\/li>\n<\/ul>\n<ul>\n<li>Prawdziwy\u00a0<strong>koszulka z nadrukiem<\/strong>\u00a0z kt\u00f3rym mo\u017cesz <strong>do\u0142\u0105czy\u0107<\/strong> za\u0142oga <strong>S\u0142omkowy kapelusz<\/strong>\n<\/li>\n<\/ul>\n<p>Wi\u0119c jeste\u015b gotowy do noszenia\u00a0<strong>zabarwienie\u00a0<\/strong>za\u0142ogi przysz\u0142o\u015bci <strong>Kr\u00f3l Pirat\u00f3w<\/strong>\u00a0?<\/p>\n<h2>Jeste\u015b fanem mangi lub anime One Piece? Poka\u017c to w tej koszulce z nadrukiem One Piece!<\/h2>\n<p>Je\u015bli ty\u00a0<strong>Czyta\u0107<\/strong>\u00a0lub gdziekolwiek spojrzysz\u00a0<span>\u00a0<\/span><strong>Japo\u0144skie anime<\/strong>, Jest du\u017ca szansa, \u017ce si\u0119 sta\u0142e\u015b\u00a0<strong>szalony na punkcie One Piece<\/strong>\u00a0Dzi\u0119ki temu!<span>\u00a0<\/span><strong>Koszulka jednocz\u0119\u015bciowa<span>\u00a0Luffy i jego Nakamas<\/span><\/strong>, do\u0142\u0105cz do\u2019<strong>ekipa fan\u00f3w serii<\/strong><\/p>\n<p>Ten\u00a0<strong>bia\u0142a koszulka<\/strong>\u00a0jest dost\u0119pny w rozmiarach\u00a0<strong>XS<\/strong>,<strong>\u00a0S<\/strong>,<strong>\u00a0M<\/strong>,<strong>\u00a0L<\/strong>,\u00a0<strong>XL<\/strong>,\u00a0<strong>XXL<\/strong>, B\u0119dzie pasowa\u0107 ka\u017cdej kategorii pirat\u00f3w.,<span>\u00a0<\/span><strong>Cz\u0142owiek<\/strong>\u00a0Lub<span>\u00a0<\/span><strong>kobiety<\/strong>, nawet je\u015bli nie masz\u00a0<strong>miecz<\/strong>\u00a0Lub\u00a0<strong>diabelski owoc<\/strong>\u00a0Nadal mo\u017cesz nosi\u0107 je z dum\u0105.<\/p>\n<h2>Informacje o koszulce:\u00a0<\/h2>\n<ul>\n<li>\u00a0<strong>Koszulka najwy\u017cszej jako\u015bci\u00a0<\/strong>:ma\u00a0<strong>wysoka gramatura<\/strong>, z wysokiej jako\u015bci materia\u0142\u00f3w<\/li>\n<\/ul>\n<ul>\n<li>\n<strong>Lu\u017any kr\u00f3j<\/strong>\u00a0:\u00a0\u00a0<strong>koszulka<\/strong>\u00a0z\u00a0<strong>szerokie ci\u0119cie<\/strong>, dla dodatkowego komfortu<\/li>\n<\/ul>\n<ul>\n<li>\n<strong>Bardzo wygodne\u00a0<\/strong>z tymi\u00a0<strong>w\u0142\u00f3kna<\/strong>\u00a0z\u00a0<strong>bawe\u0142na<\/strong>\u00a0\u015awietnie\u00a0<strong>mi\u0119kki<\/strong>, nie ma\u00a0<strong>tarcie<\/strong>\n<\/li>\n<\/ul>\n<ul>\n<li>\n<strong>Druk cyfrowy 3D<\/strong>\u00a0:\u00a0<strong>koszulka z nadrukiem<\/strong>\u00a0z oryginalnym designem,\u00a0<strong>Wydruk na p\u0142\u00f3tnie<\/strong>\n<\/li>\n<\/ul>\n<ul>\n<li>\n<strong>Bawe\u0142na organiczna\u00a0<\/strong>: wysokiej jako\u015bci bawe\u0142na z\u00a0<strong>bardzo d\u0142ugie w\u0142\u00f3kna<\/strong>\n<\/li>\n<\/ul>\n<ul>\n<li>\n<strong>Darmowa dostawa\u00a0<\/strong>za ka\u017cdy zakup<\/li>\n<\/ul>\n<h2><strong>Nie zapomnij zapozna\u0107 si\u0119 z poni\u017csz\u0105 tabel\u0105 rozmiar\u00f3w.<\/strong><\/h2>\n<p><span><img decoding=\"async\" alt=\"Przewodnik po rozmiarach koszulek jednocz\u0119\u015bciowych\" src=\"https:\/\/cdn.shopify.com\/s\/files\/1\/0087\/7556\/5348\/files\/boutque__one__piece__tableau__taille__t-shirt_large.jpg?v=1559655065\"><\/span><\/p>\n<p><meta charset=\"utf-8\"><\/p>\n<h3>Instrukcja prania:<\/h3>\n<ul>\n<li>Pra\u0107 w pralce w temperaturze 30\u00b0C, cykl delikatny<\/li>\n<\/ul>\n<ul>\n<li>Wr\u00f3\u0107 do<span>\u00a0<\/span>odwrotna strona<\/li>\n<\/ul>\n<p>Dla<span>\u00a0<\/span><strong>zachowa\u0107 jako\u015b\u0107<\/strong><span>\u00a0<\/span>tego<span>\u00a0<\/span><strong>Koszulka One Piece<\/strong>, zalecamy, aby\u015b<span>\u00a0<\/span><strong>szacunek<\/strong><span>\u00a0<\/span>THE<span>\u00a0<\/span><strong>instrukcje prania<\/strong>.<\/p>","protected":false},"excerpt":{"rendered":"<p>T-Shirt One Piece\u00a0Luffy et son \u00c9quipage, R\u00e9veil le Pirate qui est en Chacun de Nous, en Suivant la Voie de\u00a0Gol D. Roger\u00a0! Si tu es un\u00a0v\u00e9ritable pirate, tu sauras appr\u00e9cier la\u00a0qualit\u00e9\u00a0du tissu et de\u00a0l&rsquo;impression 3D Canvas\u00a0de ce\u00a0t-shirt\u00a0One Piece\u00a0!\u00a0Mais le plus important, avec ce\u00a0maillot\u00a0imprim\u00e9\u00a0c\u0092est que tu\u00a0feras partie de\u00a0l&rsquo;\u00e9quipage\u00a0des fans\u00a0du\u00a0manga de pirates\u00a0et tu obtiendras\u00a0: \u00a0L&rsquo;admiration\u00a0de tous les [&hellip;]<\/p>","protected":false},"featured_media":12367,"comment_status":"open","ping_status":"open","template":"","meta":[],"product_brand":[],"product_cat":[157,80,153,198,151,163,155,164,53,54],"product_tag":[158,165,129,274,92,154,205,112,144,113],"class_list":{"0":"post-12365","1":"product","2":"type-product","3":"status-publish","4":"has-post-thumbnail","6":"product_cat-goodies-brook-one-piece","7":"product_cat-goodies-monkey-d-luffy-one-piece","8":"product_cat-goodies-nami-one-piece","9":"product_cat-goodies-nico-robin-one-piece","10":"product_cat-goodies-roronoa-zoro-one-piece","11":"product_cat-goodies-tony-tony-chopper-one-piece","12":"product_cat-goodies-usopp-one-piece","13":"product_cat-goodies-vinsmoke-sanji-one-piece","14":"product_cat-t-shirts-one-piece","15":"product_cat-vetements-one-piece","16":"product_tag-brook","17":"product_tag-chopper","18":"product_tag-franky","19":"product_tag-jinbe","20":"product_tag-luffy","21":"product_tag-nami","22":"product_tag-robin","23":"product_tag-sanji","24":"product_tag-usopp","25":"product_tag-zoro","27":"first","28":"instock","29":"purchasable","30":"product-type-variable","31":"has-default-attributes"},"yoast_head":"<!-- This site is optimized with the Yoast SEO plugin v27.5 - https:\/\/yoast.com\/product\/yoast-seo-wordpress\/ -->\n<title>T-Shirt Luffy et ses Nakamas | Boutique One Piece<\/title>\n<meta name=\"description\" content=\"T-Shirt One Piece Luffy et son \u00c9quiage de pirate au Grand Complet Tr\u00e8s Haute Qualit\u00e9 R\u00e9veil le Pirate en Chacun de Nous, Rejoins l&#039;Equipage du Chapeau de Paille\" \/>\n<meta name=\"robots\" content=\"index, follow, max-snippet:-1, max-image-preview:large, max-video-preview:-1\" \/>\n<link rel=\"canonical\" href=\"https:\/\/boutique-one-piece.com\/pl\/smakolyki-z-one-piece\/nico-robin-one-piece-gadzety\/jednoczesciowa-koszulka-luffy-nakama-pirate-crew\/\" \/>\n<meta property=\"og:locale\" content=\"pl_PL\" \/>\n<meta property=\"og:type\" content=\"article\" \/>\n<meta property=\"og:title\" content=\"T-Shirt Luffy et ses Nakamas | Boutique One Piece\" \/>\n<meta property=\"og:description\" content=\"T-Shirt One Piece Luffy et son \u00c9quiage de pirate au Grand Complet Tr\u00e8s Haute Qualit\u00e9 R\u00e9veil le Pirate en Chacun de Nous, Rejoins l&#039;Equipage du Chapeau de Paille\" \/>\n<meta property=\"og:url\" content=\"https:\/\/boutique-one-piece.com\/pl\/smakolyki-z-one-piece\/nico-robin-one-piece-gadzety\/jednoczesciowa-koszulka-luffy-nakama-pirate-crew\/\" \/>\n<meta property=\"og:site_name\" content=\"Boutique One Piece\" \/>\n<meta property=\"article:modified_time\" content=\"2024-09-16T12:53:29+00:00\" \/>\n<meta property=\"og:image\" content=\"https:\/\/boutique-one-piece.com\/wp-content\/uploads\/2022\/09\/T-Shirt-One-Piece-Luffy-et-ses-Nakamas.jpg\" \/>\n\t<meta property=\"og:image:width\" content=\"600\" \/>\n\t<meta property=\"og:image:height\" content=\"600\" \/>\n\t<meta property=\"og:image:type\" content=\"image\/jpeg\" \/>\n<meta name=\"twitter:card\" content=\"summary_large_image\" \/>\n<meta name=\"twitter:label1\" content=\"Szacowany czas czytania\" \/>\n\t<meta name=\"twitter:data1\" content=\"2 minuty\" \/>\n<script type=\"application\/ld+json\" class=\"yoast-schema-graph\">{\"@context\":\"https:\\\/\\\/schema.org\",\"@graph\":[{\"@type\":\"WebPage\",\"@id\":\"https:\\\/\\\/boutique-one-piece.com\\\/goodies-one-piece\\\/goodies-nico-robin-one-piece\\\/tee-shirt-one-piece-luffy-nakama-equipage-pirate\\\/\",\"url\":\"https:\\\/\\\/boutique-one-piece.com\\\/goodies-one-piece\\\/goodies-nico-robin-one-piece\\\/tee-shirt-one-piece-luffy-nakama-equipage-pirate\\\/\",\"name\":\"T-Shirt Luffy et ses Nakamas | Boutique One Piece\",\"isPartOf\":{\"@id\":\"https:\\\/\\\/boutique-one-piece.com\\\/#website\"},\"primaryImageOfPage\":{\"@id\":\"https:\\\/\\\/boutique-one-piece.com\\\/goodies-one-piece\\\/goodies-nico-robin-one-piece\\\/tee-shirt-one-piece-luffy-nakama-equipage-pirate\\\/#primaryimage\"},\"image\":{\"@id\":\"https:\\\/\\\/boutique-one-piece.com\\\/goodies-one-piece\\\/goodies-nico-robin-one-piece\\\/tee-shirt-one-piece-luffy-nakama-equipage-pirate\\\/#primaryimage\"},\"thumbnailUrl\":\"https:\\\/\\\/boutique-one-piece.com\\\/wp-content\\\/uploads\\\/2022\\\/09\\\/T-Shirt-One-Piece-Luffy-et-ses-Nakamas.jpg\",\"datePublished\":\"2022-09-27T20:55:17+00:00\",\"dateModified\":\"2024-09-16T12:53:29+00:00\",\"description\":\"T-Shirt One Piece Luffy et son \u00c9quiage de pirate au Grand Complet Tr\u00e8s Haute Qualit\u00e9 R\u00e9veil le Pirate en Chacun de Nous, Rejoins l'Equipage du Chapeau de Paille\",\"breadcrumb\":{\"@id\":\"https:\\\/\\\/boutique-one-piece.com\\\/goodies-one-piece\\\/goodies-nico-robin-one-piece\\\/tee-shirt-one-piece-luffy-nakama-equipage-pirate\\\/#breadcrumb\"},\"inLanguage\":\"pl-PL\",\"potentialAction\":[{\"@type\":\"ReadAction\",\"target\":[\"https:\\\/\\\/boutique-one-piece.com\\\/goodies-one-piece\\\/goodies-nico-robin-one-piece\\\/tee-shirt-one-piece-luffy-nakama-equipage-pirate\\\/\"]}]},{\"@type\":\"ImageObject\",\"inLanguage\":\"pl-PL\",\"@id\":\"https:\\\/\\\/boutique-one-piece.com\\\/goodies-one-piece\\\/goodies-nico-robin-one-piece\\\/tee-shirt-one-piece-luffy-nakama-equipage-pirate\\\/#primaryimage\",\"url\":\"https:\\\/\\\/boutique-one-piece.com\\\/wp-content\\\/uploads\\\/2022\\\/09\\\/T-Shirt-One-Piece-Luffy-et-ses-Nakamas.jpg\",\"contentUrl\":\"https:\\\/\\\/boutique-one-piece.com\\\/wp-content\\\/uploads\\\/2022\\\/09\\\/T-Shirt-One-Piece-Luffy-et-ses-Nakamas.jpg\",\"width\":600,\"height\":600,\"caption\":\"T-Shirt One Piece Luffy et ses Nakamas xxl\"},{\"@type\":\"BreadcrumbList\",\"@id\":\"https:\\\/\\\/boutique-one-piece.com\\\/goodies-one-piece\\\/goodies-nico-robin-one-piece\\\/tee-shirt-one-piece-luffy-nakama-equipage-pirate\\\/#breadcrumb\",\"itemListElement\":[{\"@type\":\"ListItem\",\"position\":1,\"name\":\"Home\",\"item\":\"https:\\\/\\\/boutique-one-piece.com\\\/\"},{\"@type\":\"ListItem\",\"position\":2,\"name\":\"Shop\",\"item\":\"https:\\\/\\\/boutique-one-piece.com\\\/shop\\\/\"},{\"@type\":\"ListItem\",\"position\":3,\"name\":\"T-Shirt One Piece Luffy et ses Nakamas\"}]},{\"@type\":\"WebSite\",\"@id\":\"https:\\\/\\\/boutique-one-piece.com\\\/#website\",\"url\":\"https:\\\/\\\/boutique-one-piece.com\\\/\",\"name\":\"Boutique One Piece\",\"description\":\"Magasin Sp\u00e9cialis\u00e9 du Manga et l&#039;Anime One Piece\",\"publisher\":{\"@id\":\"https:\\\/\\\/boutique-one-piece.com\\\/#organization\"},\"potentialAction\":[{\"@type\":\"SearchAction\",\"target\":{\"@type\":\"EntryPoint\",\"urlTemplate\":\"https:\\\/\\\/boutique-one-piece.com\\\/?s={search_term_string}\"},\"query-input\":{\"@type\":\"PropertyValueSpecification\",\"valueRequired\":true,\"valueName\":\"search_term_string\"}}],\"inLanguage\":\"pl-PL\"},{\"@type\":\"Organization\",\"@id\":\"https:\\\/\\\/boutique-one-piece.com\\\/#organization\",\"name\":\"Boutique One Piece\",\"url\":\"https:\\\/\\\/boutique-one-piece.com\\\/\",\"logo\":{\"@type\":\"ImageObject\",\"inLanguage\":\"pl-PL\",\"@id\":\"https:\\\/\\\/boutique-one-piece.com\\\/#\\\/schema\\\/logo\\\/image\\\/\",\"url\":\"https:\\\/\\\/boutique-one-piece.com\\\/wp-content\\\/uploads\\\/2022\\\/09\\\/Logo-01.png\",\"contentUrl\":\"https:\\\/\\\/boutique-one-piece.com\\\/wp-content\\\/uploads\\\/2022\\\/09\\\/Logo-01.png\",\"width\":2318,\"height\":957,\"caption\":\"Boutique One Piece\"},\"image\":{\"@id\":\"https:\\\/\\\/boutique-one-piece.com\\\/#\\\/schema\\\/logo\\\/image\\\/\"}}]}<\/script>\n<!-- \/ Yoast SEO plugin. -->","yoast_head_json":{"title":"Koszulka Luffy i jego Nakamas | Sklep One Piece","description":"Koszulka One Piece z Luffym i ca\u0142\u0105 jego pirack\u0105 za\u0142og\u0105. Bardzo wysoka jako\u015b\u0107. Obud\u017a w ka\u017cdym pirata! Do\u0142\u0105cz do za\u0142ogi S\u0142omkowego Kapelusza!","robots":{"index":"index","follow":"follow","max-snippet":"max-snippet:-1","max-image-preview":"max-image-preview:large","max-video-preview":"max-video-preview:-1"},"canonical":"https:\/\/boutique-one-piece.com\/pl\/smakolyki-z-one-piece\/nico-robin-one-piece-gadzety\/jednoczesciowa-koszulka-luffy-nakama-pirate-crew\/","og_locale":"pl_PL","og_type":"article","og_title":"T-Shirt Luffy et ses Nakamas | Boutique One Piece","og_description":"T-Shirt One Piece Luffy et son \u00c9quiage de pirate au Grand Complet Tr\u00e8s Haute Qualit\u00e9 R\u00e9veil le Pirate en Chacun de Nous, Rejoins l'Equipage du Chapeau de Paille","og_url":"https:\/\/boutique-one-piece.com\/pl\/smakolyki-z-one-piece\/nico-robin-one-piece-gadzety\/jednoczesciowa-koszulka-luffy-nakama-pirate-crew\/","og_site_name":"Boutique One Piece","article_modified_time":"2024-09-16T12:53:29+00:00","og_image":[{"width":600,"height":600,"url":"https:\/\/boutique-one-piece.com\/wp-content\/uploads\/2022\/09\/T-Shirt-One-Piece-Luffy-et-ses-Nakamas.jpg","type":"image\/jpeg"}],"twitter_card":"summary_large_image","twitter_misc":{"Szacowany czas czytania":"2 minuty"},"schema":{"@context":"https:\/\/schema.org","@graph":[{"@type":"WebPage","@id":"https:\/\/boutique-one-piece.com\/goodies-one-piece\/goodies-nico-robin-one-piece\/tee-shirt-one-piece-luffy-nakama-equipage-pirate\/","url":"https:\/\/boutique-one-piece.com\/goodies-one-piece\/goodies-nico-robin-one-piece\/tee-shirt-one-piece-luffy-nakama-equipage-pirate\/","name":"Koszulka Luffy i jego Nakamas | Sklep One Piece","isPartOf":{"@id":"https:\/\/boutique-one-piece.com\/#website"},"primaryImageOfPage":{"@id":"https:\/\/boutique-one-piece.com\/goodies-one-piece\/goodies-nico-robin-one-piece\/tee-shirt-one-piece-luffy-nakama-equipage-pirate\/#primaryimage"},"image":{"@id":"https:\/\/boutique-one-piece.com\/goodies-one-piece\/goodies-nico-robin-one-piece\/tee-shirt-one-piece-luffy-nakama-equipage-pirate\/#primaryimage"},"thumbnailUrl":"https:\/\/boutique-one-piece.com\/wp-content\/uploads\/2022\/09\/T-Shirt-One-Piece-Luffy-et-ses-Nakamas.jpg","datePublished":"2022-09-27T20:55:17+00:00","dateModified":"2024-09-16T12:53:29+00:00","description":"Koszulka One Piece z Luffym i ca\u0142\u0105 jego pirack\u0105 za\u0142og\u0105. Bardzo wysoka jako\u015b\u0107. Obud\u017a w ka\u017cdym pirata! Do\u0142\u0105cz do za\u0142ogi S\u0142omkowego Kapelusza!","breadcrumb":{"@id":"https:\/\/boutique-one-piece.com\/goodies-one-piece\/goodies-nico-robin-one-piece\/tee-shirt-one-piece-luffy-nakama-equipage-pirate\/#breadcrumb"},"inLanguage":"pl-PL","potentialAction":[{"@type":"ReadAction","target":["https:\/\/boutique-one-piece.com\/goodies-one-piece\/goodies-nico-robin-one-piece\/tee-shirt-one-piece-luffy-nakama-equipage-pirate\/"]}]},{"@type":"ImageObject","inLanguage":"pl-PL","@id":"https:\/\/boutique-one-piece.com\/goodies-one-piece\/goodies-nico-robin-one-piece\/tee-shirt-one-piece-luffy-nakama-equipage-pirate\/#primaryimage","url":"https:\/\/boutique-one-piece.com\/wp-content\/uploads\/2022\/09\/T-Shirt-One-Piece-Luffy-et-ses-Nakamas.jpg","contentUrl":"https:\/\/boutique-one-piece.com\/wp-content\/uploads\/2022\/09\/T-Shirt-One-Piece-Luffy-et-ses-Nakamas.jpg","width":600,"height":600,"caption":"T-Shirt One Piece Luffy et ses Nakamas xxl"},{"@type":"BreadcrumbList","@id":"https:\/\/boutique-one-piece.com\/goodies-one-piece\/goodies-nico-robin-one-piece\/tee-shirt-one-piece-luffy-nakama-equipage-pirate\/#breadcrumb","itemListElement":[{"@type":"ListItem","position":1,"name":"Home","item":"https:\/\/boutique-one-piece.com\/"},{"@type":"ListItem","position":2,"name":"Shop","item":"https:\/\/boutique-one-piece.com\/shop\/"},{"@type":"ListItem","position":3,"name":"T-Shirt One Piece Luffy et ses Nakamas"}]},{"@type":"WebSite","@id":"https:\/\/boutique-one-piece.com\/#website","url":"https:\/\/boutique-one-piece.com\/","name":"One Piece Shop","description":"Sklep specjalistyczny z mang\u0105 i anime One Piece","publisher":{"@id":"https:\/\/boutique-one-piece.com\/#organization"},"potentialAction":[{"@type":"SearchAction","target":{"@type":"EntryPoint","urlTemplate":"https:\/\/boutique-one-piece.com\/?s={search_term_string}"},"query-input":{"@type":"PropertyValueSpecification","valueRequired":true,"valueName":"search_term_string"}}],"inLanguage":"pl-PL"},{"@type":"Organization","@id":"https:\/\/boutique-one-piece.com\/#organization","name":"One Piece Shop","url":"https:\/\/boutique-one-piece.com\/","logo":{"@type":"ImageObject","inLanguage":"pl-PL","@id":"https:\/\/boutique-one-piece.com\/#\/schema\/logo\/image\/","url":"https:\/\/boutique-one-piece.com\/wp-content\/uploads\/2022\/09\/Logo-01.png","contentUrl":"https:\/\/boutique-one-piece.com\/wp-content\/uploads\/2022\/09\/Logo-01.png","width":2318,"height":957,"caption":"Boutique One Piece"},"image":{"@id":"https:\/\/boutique-one-piece.com\/#\/schema\/logo\/image\/"}}]}},"_links":{"self":[{"href":"https:\/\/boutique-one-piece.com\/pl\/wp-json\/wp\/v2\/product\/12365","targetHints":{"allow":["GET"]}}],"collection":[{"href":"https:\/\/boutique-one-piece.com\/pl\/wp-json\/wp\/v2\/product"}],"about":[{"href":"https:\/\/boutique-one-piece.com\/pl\/wp-json\/wp\/v2\/types\/product"}],"replies":[{"embeddable":true,"href":"https:\/\/boutique-one-piece.com\/pl\/wp-json\/wp\/v2\/comments?post=12365"}],"wp:featuredmedia":[{"embeddable":true,"href":"https:\/\/boutique-one-piece.com\/pl\/wp-json\/wp\/v2\/media\/12367"}],"wp:attachment":[{"href":"https:\/\/boutique-one-piece.com\/pl\/wp-json\/wp\/v2\/media?parent=12365"}],"wp:term":[{"taxonomy":"product_brand","embeddable":true,"href":"https:\/\/boutique-one-piece.com\/pl\/wp-json\/wp\/v2\/product_brand?post=12365"},{"taxonomy":"product_cat","embeddable":true,"href":"https:\/\/boutique-one-piece.com\/pl\/wp-json\/wp\/v2\/product_cat?post=12365"},{"taxonomy":"product_tag","embeddable":true,"href":"https:\/\/boutique-one-piece.com\/pl\/wp-json\/wp\/v2\/product_tag?post=12365"}],"curies":[{"name":"wp","href":"https:\/\/api.w.org\/{rel}","templated":true}]}}