{"id":12391,"date":"2022-09-27T20:55:32","date_gmt":"2022-09-27T20:55:32","guid":{"rendered":"https:\/\/boutique-one-piece.com\/uncategorized\/avis-de-recherche-one-piece-bartolomeo-wanted\/"},"modified":"2024-09-16T12:53:53","modified_gmt":"2024-09-16T12:53:53","slug":"plakat-poszukiwany-one-piece-bartolomeo-poszukiwany","status":"publish","type":"product","link":"https:\/\/boutique-one-piece.com\/pl\/plakat-poszukiwany-one-piece\/plakat-poszukiwany-one-piece-bartolomeo-poszukiwany\/","title":{"rendered":"Og\u0142oszenie o poszukiwaniu Bartolomeo"},"content":{"rendered":"<h2>Chcesz od\u015bwie\u017cy\u0107 sw\u00f3j pok\u00f3j? W takim razie daj si\u0119 skusi\u0107 na og\u0142oszenie \u201eBartolomeo Wanted\u201d.<\/h2>\n<p>Je\u015bli podoba Ci si\u0119 to, co dzieje si\u0119 w One Piece in the New World, a szczeg\u00f3lnie w Dressrosie, powiniene\u015b doceni\u0107 Bartolomeo, kt\u00f3ry jest <strong>kapitan<\/strong> i nowicjusz z pokolenia po Luffym. To \u015bwietny <strong>Fan Luffy&#039;ego<\/strong> kt\u00f3ry by\u0142 \u015bwiadkiem nieudanej pr\u00f3by egzekucji dokonanej przez Kapitana Buggy&#039;ego Klauna w Loguetown. Kiedy Luffy&#039;ego uratowa\u0142 piorun, Bartolemeo uwierzy\u0142, \u017ce by\u0142 \u015bwiadkiem cudu i natychmiast sta\u0142 si\u0119 jego najwi\u0119kszym fanem.<\/p>\n<p>Bartolem zjad\u0142 owoc <strong>Bari Bari nie mi<\/strong>, Pozwala mu to tworzy\u0107 bariery ochronne, ale wykorzystuje je r\u00f3wnie\u017c, owijaj\u0105c je wok\u00f3\u0142 d\u0142oni, aby atakowa\u0107 przeciwnik\u00f3w. Jest dow\u00f3dc\u0105 drugiej floty Wielkiej Floty S\u0142omkowego Kapelusza.<\/p>\n<h3>Dzi\u0119ki temu plakatowi, wiernie nawi\u0105zuj\u0105cemu do list\u00f3w go\u0144czych One Piece, Bartolomeo z dum\u0105 ozdobi Twoj\u0105 \u015bcian\u0119.<\/h3>\n<p>Udekoruj swoj\u0105 sypialni\u0119 lub biuro tym<strong> Plakat \u201ePoszukiwany\u201d Bartolomeo<\/strong> kt\u00f3ra wy\u015bwietla sum\u0119 200 milion\u00f3w Berry za jej schwytanie \u017cywego lub martwego, doda odrobin\u0119 klasy twojej ulubionej mandze.<\/p>\n<p>Je\u015bli podobaj\u0105 Ci si\u0119 nasze plakaty z napisem \u201ePoszukiwany\u201d, ten r\u00f3wnie\u017c powinien Ci si\u0119 spodoba\u0107 <a href=\"https:\/\/boutique-one-piece.com\/pl\/plakat-poszukiwany-one-piece\/produkty\/ogloszenie-o-poszukiwaniu-one-piece-monkey-d-luffyego\/\" target=\"_blank\" title=\"Plakat go\u0144czy za Luffym\" rel=\"noopener noreferrer\">Plakat go\u0144czy za Luffym<\/a>.<\/p>\n<h2>Informacje o plakacie One Piece Wanted Bartolomeo<\/h2>\n<ul>\n<li><span><b><u>Plakat poszukiwany One Piece<\/u><\/b>\u00a0Prawdziwy plakat poszukiwany za bycie prawdziwym piratem One Piece<\/span><\/li>\n<\/ul>\n<ul>\n<li>\n<b><u>Premia Bartolomeo<\/u><\/b>\u00a0200 000 000 jag\u00f3d<\/li>\n<\/ul>\n<ul>\n<li><span><strong>Wysoka jako\u015b\u0107 druku<\/strong>\u00a0dok\u0142adne kolory<\/span><\/li>\n<\/ul>\n<ul>\n<li>\n<strong>Wymiar<\/strong>\u00a0: 51 cm x 36 cm<\/li>\n<\/ul>\n<ul>\n<li><span><strong>DARMOWA DOSTAWA<\/strong><\/span><\/li>\n<\/ul>","protected":false},"excerpt":{"rendered":"<p>Tu cherches \u00e0 red\u00e9corer ta chambre ? Dans ce cas, laisse-toi tenter par l&rsquo;Avis de Recherche Bartolomeo Wanted. Si tu aimes ce qui se passe dans One Piece au niveau du Nouveau Monde et plus particuli\u00e8rement \u00e0 Dressrosa, tu dois appr\u00e9cier Bartolomeo qui est un capitaine et un rookie d&rsquo;une g\u00e9n\u00e9ration post\u00e9rieure \u00e0 celle de [&hellip;]<\/p>","protected":false},"featured_media":12393,"comment_status":"open","ping_status":"open","template":"","meta":[],"product_brand":[],"product_cat":[171],"product_tag":[],"class_list":{"0":"post-12391","1":"product","2":"type-product","3":"status-publish","4":"has-post-thumbnail","6":"product_cat-avis-de-recherche-one-piece","8":"first","9":"instock","10":"purchasable","11":"product-type-simple"},"yoast_head":"<!-- This site is optimized with the Yoast SEO plugin v27.5 - https:\/\/yoast.com\/product\/yoast-seo-wordpress\/ -->\n<title>Avis de Recherche One Piece Bartolomeo Wanted | D\u00e9coration One Piece \u2013 Boutique One Piece<\/title>\n<meta name=\"description\" content=\"Tu cherches \u00e0 red\u00e9corer ta chambre ? Dans ce cas, laisse-toi tenter par l&#039;Avis de Recherche Bartolomeo Wanted. Si tu aimes ce qui se passe dans One Piece au niveau du Nouveau Monde et plus particuli\u00e8rement \u00e0 Dressrosa, tu dois appr\u00e9cier Bartolomeo qui est un capitaine et un rookie d&#039;une g\u00e9n\u00e9ration post\u00e9rieure \u00e0 celle d\" \/>\n<meta name=\"robots\" content=\"index, follow, max-snippet:-1, max-image-preview:large, max-video-preview:-1\" \/>\n<link rel=\"canonical\" href=\"https:\/\/boutique-one-piece.com\/pl\/plakat-poszukiwany-one-piece\/plakat-poszukiwany-one-piece-bartolomeo-poszukiwany\/\" \/>\n<meta property=\"og:locale\" content=\"pl_PL\" \/>\n<meta property=\"og:type\" content=\"article\" \/>\n<meta property=\"og:title\" content=\"Avis de Recherche One Piece Bartolomeo Wanted | D\u00e9coration One Piece \u2013 Boutique One Piece\" \/>\n<meta property=\"og:description\" content=\"Tu cherches \u00e0 red\u00e9corer ta chambre ? Dans ce cas, laisse-toi tenter par l&#039;Avis de Recherche Bartolomeo Wanted. Si tu aimes ce qui se passe dans One Piece au niveau du Nouveau Monde et plus particuli\u00e8rement \u00e0 Dressrosa, tu dois appr\u00e9cier Bartolomeo qui est un capitaine et un rookie d&#039;une g\u00e9n\u00e9ration post\u00e9rieure \u00e0 celle d\" \/>\n<meta property=\"og:url\" content=\"https:\/\/boutique-one-piece.com\/pl\/plakat-poszukiwany-one-piece\/plakat-poszukiwany-one-piece-bartolomeo-poszukiwany\/\" \/>\n<meta property=\"og:site_name\" content=\"Boutique One Piece\" \/>\n<meta property=\"article:modified_time\" content=\"2024-09-16T12:53:53+00:00\" \/>\n<meta property=\"og:image\" content=\"https:\/\/boutique-one-piece.com\/wp-content\/uploads\/2022\/09\/Avis-de-Recherche-Bartolomeo-Wanted-1.jpg\" \/>\n\t<meta property=\"og:image:width\" content=\"800\" \/>\n\t<meta property=\"og:image:height\" content=\"800\" \/>\n\t<meta property=\"og:image:type\" content=\"image\/jpeg\" \/>\n<meta name=\"twitter:card\" content=\"summary_large_image\" \/>\n<meta name=\"twitter:label1\" content=\"Szacowany czas czytania\" \/>\n\t<meta name=\"twitter:data1\" content=\"1 minuta\" \/>\n<script type=\"application\/ld+json\" class=\"yoast-schema-graph\">{\"@context\":\"https:\\\/\\\/schema.org\",\"@graph\":[{\"@type\":\"WebPage\",\"@id\":\"https:\\\/\\\/boutique-one-piece.com\\\/avis-de-recherche-one-piece\\\/avis-de-recherche-one-piece-bartolomeo-wanted\\\/\",\"url\":\"https:\\\/\\\/boutique-one-piece.com\\\/avis-de-recherche-one-piece\\\/avis-de-recherche-one-piece-bartolomeo-wanted\\\/\",\"name\":\"Avis de Recherche One Piece Bartolomeo Wanted | D\u00e9coration One Piece \u2013 Boutique One Piece\",\"isPartOf\":{\"@id\":\"https:\\\/\\\/boutique-one-piece.com\\\/#website\"},\"primaryImageOfPage\":{\"@id\":\"https:\\\/\\\/boutique-one-piece.com\\\/avis-de-recherche-one-piece\\\/avis-de-recherche-one-piece-bartolomeo-wanted\\\/#primaryimage\"},\"image\":{\"@id\":\"https:\\\/\\\/boutique-one-piece.com\\\/avis-de-recherche-one-piece\\\/avis-de-recherche-one-piece-bartolomeo-wanted\\\/#primaryimage\"},\"thumbnailUrl\":\"https:\\\/\\\/boutique-one-piece.com\\\/wp-content\\\/uploads\\\/2022\\\/09\\\/Avis-de-Recherche-Bartolomeo-Wanted-1.jpg\",\"datePublished\":\"2022-09-27T20:55:32+00:00\",\"dateModified\":\"2024-09-16T12:53:53+00:00\",\"description\":\"Tu cherches \u00e0 red\u00e9corer ta chambre ? Dans ce cas, laisse-toi tenter par l'Avis de Recherche Bartolomeo Wanted. Si tu aimes ce qui se passe dans One Piece au niveau du Nouveau Monde et plus particuli\u00e8rement \u00e0 Dressrosa, tu dois appr\u00e9cier Bartolomeo qui est un capitaine et un rookie d'une g\u00e9n\u00e9ration post\u00e9rieure \u00e0 celle d\",\"breadcrumb\":{\"@id\":\"https:\\\/\\\/boutique-one-piece.com\\\/avis-de-recherche-one-piece\\\/avis-de-recherche-one-piece-bartolomeo-wanted\\\/#breadcrumb\"},\"inLanguage\":\"pl-PL\",\"potentialAction\":[{\"@type\":\"ReadAction\",\"target\":[\"https:\\\/\\\/boutique-one-piece.com\\\/avis-de-recherche-one-piece\\\/avis-de-recherche-one-piece-bartolomeo-wanted\\\/\"]}]},{\"@type\":\"ImageObject\",\"inLanguage\":\"pl-PL\",\"@id\":\"https:\\\/\\\/boutique-one-piece.com\\\/avis-de-recherche-one-piece\\\/avis-de-recherche-one-piece-bartolomeo-wanted\\\/#primaryimage\",\"url\":\"https:\\\/\\\/boutique-one-piece.com\\\/wp-content\\\/uploads\\\/2022\\\/09\\\/Avis-de-Recherche-Bartolomeo-Wanted-1.jpg\",\"contentUrl\":\"https:\\\/\\\/boutique-one-piece.com\\\/wp-content\\\/uploads\\\/2022\\\/09\\\/Avis-de-Recherche-Bartolomeo-Wanted-1.jpg\",\"width\":800,\"height\":800},{\"@type\":\"BreadcrumbList\",\"@id\":\"https:\\\/\\\/boutique-one-piece.com\\\/avis-de-recherche-one-piece\\\/avis-de-recherche-one-piece-bartolomeo-wanted\\\/#breadcrumb\",\"itemListElement\":[{\"@type\":\"ListItem\",\"position\":1,\"name\":\"Home\",\"item\":\"https:\\\/\\\/boutique-one-piece.com\\\/\"},{\"@type\":\"ListItem\",\"position\":2,\"name\":\"Shop\",\"item\":\"https:\\\/\\\/boutique-one-piece.com\\\/shop\\\/\"},{\"@type\":\"ListItem\",\"position\":3,\"name\":\"Avis de Recherche Bartolomeo Wanted\"}]},{\"@type\":\"WebSite\",\"@id\":\"https:\\\/\\\/boutique-one-piece.com\\\/#website\",\"url\":\"https:\\\/\\\/boutique-one-piece.com\\\/\",\"name\":\"Boutique One Piece\",\"description\":\"Magasin Sp\u00e9cialis\u00e9 du Manga et l&#039;Anime One Piece\",\"publisher\":{\"@id\":\"https:\\\/\\\/boutique-one-piece.com\\\/#organization\"},\"potentialAction\":[{\"@type\":\"SearchAction\",\"target\":{\"@type\":\"EntryPoint\",\"urlTemplate\":\"https:\\\/\\\/boutique-one-piece.com\\\/?s={search_term_string}\"},\"query-input\":{\"@type\":\"PropertyValueSpecification\",\"valueRequired\":true,\"valueName\":\"search_term_string\"}}],\"inLanguage\":\"pl-PL\"},{\"@type\":\"Organization\",\"@id\":\"https:\\\/\\\/boutique-one-piece.com\\\/#organization\",\"name\":\"Boutique One Piece\",\"url\":\"https:\\\/\\\/boutique-one-piece.com\\\/\",\"logo\":{\"@type\":\"ImageObject\",\"inLanguage\":\"pl-PL\",\"@id\":\"https:\\\/\\\/boutique-one-piece.com\\\/#\\\/schema\\\/logo\\\/image\\\/\",\"url\":\"https:\\\/\\\/boutique-one-piece.com\\\/wp-content\\\/uploads\\\/2022\\\/09\\\/Logo-01.png\",\"contentUrl\":\"https:\\\/\\\/boutique-one-piece.com\\\/wp-content\\\/uploads\\\/2022\\\/09\\\/Logo-01.png\",\"width\":2318,\"height\":957,\"caption\":\"Boutique One Piece\"},\"image\":{\"@id\":\"https:\\\/\\\/boutique-one-piece.com\\\/#\\\/schema\\\/logo\\\/image\\\/\"}}]}<\/script>\n<!-- \/ Yoast SEO plugin. -->","yoast_head_json":{"title":"Poszukiwany Bartolomeo z One Piece | Dekoracje z One Piece \u2013 Sklep One Piece","description":"Chcesz od\u015bwie\u017cy\u0107 sw\u00f3j pok\u00f3j? Sprawd\u017a plakat \u201ePoszukiwany Bartolomeo\u201d. Je\u015bli jeste\u015b fanem serii \u201eNowy \u015awiat\u201d One Piece, a zw\u0142aszcza Dressrosy, pokochasz Bartolomeo, kapitana i debiutanta z p\u00f3\u017aniejszego pokolenia.","robots":{"index":"index","follow":"follow","max-snippet":"max-snippet:-1","max-image-preview":"max-image-preview:large","max-video-preview":"max-video-preview:-1"},"canonical":"https:\/\/boutique-one-piece.com\/pl\/plakat-poszukiwany-one-piece\/plakat-poszukiwany-one-piece-bartolomeo-poszukiwany\/","og_locale":"pl_PL","og_type":"article","og_title":"Avis de Recherche One Piece Bartolomeo Wanted | D\u00e9coration One Piece \u2013 Boutique One Piece","og_description":"Tu cherches \u00e0 red\u00e9corer ta chambre ? Dans ce cas, laisse-toi tenter par l'Avis de Recherche Bartolomeo Wanted. Si tu aimes ce qui se passe dans One Piece au niveau du Nouveau Monde et plus particuli\u00e8rement \u00e0 Dressrosa, tu dois appr\u00e9cier Bartolomeo qui est un capitaine et un rookie d'une g\u00e9n\u00e9ration post\u00e9rieure \u00e0 celle d","og_url":"https:\/\/boutique-one-piece.com\/pl\/plakat-poszukiwany-one-piece\/plakat-poszukiwany-one-piece-bartolomeo-poszukiwany\/","og_site_name":"Boutique One Piece","article_modified_time":"2024-09-16T12:53:53+00:00","og_image":[{"width":800,"height":800,"url":"https:\/\/boutique-one-piece.com\/wp-content\/uploads\/2022\/09\/Avis-de-Recherche-Bartolomeo-Wanted-1.jpg","type":"image\/jpeg"}],"twitter_card":"summary_large_image","twitter_misc":{"Szacowany czas czytania":"1 minuta"},"schema":{"@context":"https:\/\/schema.org","@graph":[{"@type":"WebPage","@id":"https:\/\/boutique-one-piece.com\/avis-de-recherche-one-piece\/avis-de-recherche-one-piece-bartolomeo-wanted\/","url":"https:\/\/boutique-one-piece.com\/avis-de-recherche-one-piece\/avis-de-recherche-one-piece-bartolomeo-wanted\/","name":"Poszukiwany Bartolomeo z One Piece | Dekoracje z One Piece \u2013 Sklep One Piece","isPartOf":{"@id":"https:\/\/boutique-one-piece.com\/#website"},"primaryImageOfPage":{"@id":"https:\/\/boutique-one-piece.com\/avis-de-recherche-one-piece\/avis-de-recherche-one-piece-bartolomeo-wanted\/#primaryimage"},"image":{"@id":"https:\/\/boutique-one-piece.com\/avis-de-recherche-one-piece\/avis-de-recherche-one-piece-bartolomeo-wanted\/#primaryimage"},"thumbnailUrl":"https:\/\/boutique-one-piece.com\/wp-content\/uploads\/2022\/09\/Avis-de-Recherche-Bartolomeo-Wanted-1.jpg","datePublished":"2022-09-27T20:55:32+00:00","dateModified":"2024-09-16T12:53:53+00:00","description":"Chcesz od\u015bwie\u017cy\u0107 sw\u00f3j pok\u00f3j? Sprawd\u017a plakat \u201ePoszukiwany Bartolomeo\u201d. Je\u015bli jeste\u015b fanem serii \u201eNowy \u015awiat\u201d One Piece, a zw\u0142aszcza Dressrosy, pokochasz Bartolomeo, kapitana i debiutanta z p\u00f3\u017aniejszego pokolenia.","breadcrumb":{"@id":"https:\/\/boutique-one-piece.com\/avis-de-recherche-one-piece\/avis-de-recherche-one-piece-bartolomeo-wanted\/#breadcrumb"},"inLanguage":"pl-PL","potentialAction":[{"@type":"ReadAction","target":["https:\/\/boutique-one-piece.com\/avis-de-recherche-one-piece\/avis-de-recherche-one-piece-bartolomeo-wanted\/"]}]},{"@type":"ImageObject","inLanguage":"pl-PL","@id":"https:\/\/boutique-one-piece.com\/avis-de-recherche-one-piece\/avis-de-recherche-one-piece-bartolomeo-wanted\/#primaryimage","url":"https:\/\/boutique-one-piece.com\/wp-content\/uploads\/2022\/09\/Avis-de-Recherche-Bartolomeo-Wanted-1.jpg","contentUrl":"https:\/\/boutique-one-piece.com\/wp-content\/uploads\/2022\/09\/Avis-de-Recherche-Bartolomeo-Wanted-1.jpg","width":800,"height":800},{"@type":"BreadcrumbList","@id":"https:\/\/boutique-one-piece.com\/avis-de-recherche-one-piece\/avis-de-recherche-one-piece-bartolomeo-wanted\/#breadcrumb","itemListElement":[{"@type":"ListItem","position":1,"name":"Home","item":"https:\/\/boutique-one-piece.com\/"},{"@type":"ListItem","position":2,"name":"Shop","item":"https:\/\/boutique-one-piece.com\/shop\/"},{"@type":"ListItem","position":3,"name":"Avis de Recherche Bartolomeo Wanted"}]},{"@type":"WebSite","@id":"https:\/\/boutique-one-piece.com\/#website","url":"https:\/\/boutique-one-piece.com\/","name":"One Piece Shop","description":"Sklep specjalistyczny z mang\u0105 i anime One Piece","publisher":{"@id":"https:\/\/boutique-one-piece.com\/#organization"},"potentialAction":[{"@type":"SearchAction","target":{"@type":"EntryPoint","urlTemplate":"https:\/\/boutique-one-piece.com\/?s={search_term_string}"},"query-input":{"@type":"PropertyValueSpecification","valueRequired":true,"valueName":"search_term_string"}}],"inLanguage":"pl-PL"},{"@type":"Organization","@id":"https:\/\/boutique-one-piece.com\/#organization","name":"One Piece Shop","url":"https:\/\/boutique-one-piece.com\/","logo":{"@type":"ImageObject","inLanguage":"pl-PL","@id":"https:\/\/boutique-one-piece.com\/#\/schema\/logo\/image\/","url":"https:\/\/boutique-one-piece.com\/wp-content\/uploads\/2022\/09\/Logo-01.png","contentUrl":"https:\/\/boutique-one-piece.com\/wp-content\/uploads\/2022\/09\/Logo-01.png","width":2318,"height":957,"caption":"Boutique One Piece"},"image":{"@id":"https:\/\/boutique-one-piece.com\/#\/schema\/logo\/image\/"}}]}},"_links":{"self":[{"href":"https:\/\/boutique-one-piece.com\/pl\/wp-json\/wp\/v2\/product\/12391","targetHints":{"allow":["GET"]}}],"collection":[{"href":"https:\/\/boutique-one-piece.com\/pl\/wp-json\/wp\/v2\/product"}],"about":[{"href":"https:\/\/boutique-one-piece.com\/pl\/wp-json\/wp\/v2\/types\/product"}],"replies":[{"embeddable":true,"href":"https:\/\/boutique-one-piece.com\/pl\/wp-json\/wp\/v2\/comments?post=12391"}],"wp:featuredmedia":[{"embeddable":true,"href":"https:\/\/boutique-one-piece.com\/pl\/wp-json\/wp\/v2\/media\/12393"}],"wp:attachment":[{"href":"https:\/\/boutique-one-piece.com\/pl\/wp-json\/wp\/v2\/media?parent=12391"}],"wp:term":[{"taxonomy":"product_brand","embeddable":true,"href":"https:\/\/boutique-one-piece.com\/pl\/wp-json\/wp\/v2\/product_brand?post=12391"},{"taxonomy":"product_cat","embeddable":true,"href":"https:\/\/boutique-one-piece.com\/pl\/wp-json\/wp\/v2\/product_cat?post=12391"},{"taxonomy":"product_tag","embeddable":true,"href":"https:\/\/boutique-one-piece.com\/pl\/wp-json\/wp\/v2\/product_tag?post=12391"}],"curies":[{"name":"wp","href":"https:\/\/api.w.org\/{rel}","templated":true}]}}