{"id":12473,"date":"2022-09-27T20:55:55","date_gmt":"2022-09-27T20:55:55","guid":{"rendered":"https:\/\/boutique-one-piece.com\/uncategorized\/tableau-one-piece-lequipage-du-chapeau-de-paille\/"},"modified":"2024-09-16T12:56:12","modified_gmt":"2024-09-16T12:56:12","slug":"obraz-one-piece-zaloga-slomkowego-kapelusza","status":"publish","type":"product","link":"https:\/\/boutique-one-piece.com\/pl\/smakolyki-z-one-piece\/roronoa-zoro-jednoczesciowe-gadzety\/obraz-one-piece-zaloga-slomkowego-kapelusza\/","title":{"rendered":"Malowanie za\u0142ogi One Piece S\u0142omkowy Kapelusz"},"content":{"rendered":"<p><meta charset=\"utf-8\"><meta charset=\"utf-8\"><\/p>\n<h2>Jednocz\u0119\u015bciowy, 3-panelowy wydruk na p\u0142\u00f3tnie przedstawiaj\u0105cy pirat\u00f3w S\u0142omkowego Kapelusza w trzech r\u00f3\u017cnych sytuacjach \u2013 wysokiej jako\u015bci wydruk na p\u0142\u00f3tnie dla pirata takiego jak Ty!<\/h2>\n<p>Je\u015bli jeste\u015b\u00a0<strong>prawdziwy pirat<\/strong>, Docenisz\u00a0<strong>jako\u015b\u0107<\/strong>\u00a0p\u0142\u00f3tno, farby i rama do nich\u00a0<strong>projekty\u00a0<\/strong>I\u00a0<strong>Drukowanie na p\u0142\u00f3tnie 3D<\/strong>\u00a0\u015bmier\u0107 <strong>3<\/strong>\u00a0<strong>Kwadratowe obrazy One Piece<\/strong>\u00a0Ale co najwa\u017cniejsze, dzi\u0119ki tym wykresom b\u0119dziesz cz\u0119\u015bci\u0105\u00a0<strong>ekipa fan\u00f3w<\/strong>\u00a0z\u00a0<strong>manga piracka<\/strong>\u00a0i otrzymasz:<\/p>\n<ul>\n<li>\u00a0<strong>Podziw<\/strong>\u00a0wszystkich fan\u00f3w\u00a0<strong>Mugiwaras<\/strong>\u00a0kt\u00f3re zaprosisz do swojego domu<\/li>\n<\/ul>\n<ul>\n<li>\n<strong>3 wydrukowane wykresy kwadratowe<\/strong>\u00a0dzi\u0119ki kt\u00f3remu b\u0119dziesz m\u00f3g\u0142<strong>\u00a0wyobra\u017ca\u0107 sobie\u00a0<\/strong>z<b>\u00a0Monkey D. Luffy <\/b>i jego Mugawarowie<\/li>\n<\/ul>\n<p>Wi\u0119c jeste\u015b gotowy, aby pokaza\u0107\u00a0<strong>zabarwienie <\/strong>z <strong>za\u0142oga S\u0142omkowego Kapelusza<\/strong>\u00a0?<\/p>\n<h2>Jeste\u015b fanem mangi lub anime One Piece? Poka\u017c to dzi\u0119ki tym 3 kwadratowym wydrukom na p\u0142\u00f3tnie One Piece!<\/h2>\n<p>Je\u015bli ty\u00a0<strong>Czyta\u0107<\/strong>\u00a0lub gdziekolwiek spojrzysz\u00a0<strong>anime\u00a0<\/strong><strong>japo\u0144ski<\/strong>, Jest du\u017ca szansa, \u017ce si\u0119 sta\u0142e\u015b\u00a0<strong>szalony na punkcie One Piece<\/strong>\u00a0Z tymi <strong>3<\/strong>\u00a0<strong>Kwadratowe obrazy za\u0142ogi S\u0142omkowego Kapelusza<\/strong>, do\u0142\u0105cz do\u2019<strong>ekipa fan\u00f3w serii<\/strong><\/p>\n<p>Te\u00a0<strong>sztuka \u015bcienna<\/strong>\u00a0s\u0105 dost\u0119pne z\u00a0<strong>rama drewniana<\/strong>\u00a0wariant &quot;\u00ab\u00a0<strong>Z ram\u0105<\/strong>\u00abMo\u017cliwe jest r\u00f3wnie\u017c posiadanie tylko\u00a0<strong>p\u0142\u00f3tno<\/strong>\u00a0z wariantem &quot;\u00ab\u00a0<strong>Bezszkieletowy<\/strong>\u00ab&quot;Tabele znajdziesz w rozmiarach T&quot;<strong>bardzo<\/strong>\u00a0<strong>Ma\u0142y<\/strong>, <strong>Ma\u0142y<\/strong>,<strong>\u00a0PRZECI\u0118TNY<\/strong>,<strong>\u00a0Du\u017cy<\/strong>,<strong>\u00a0Bardzo du\u017cy.<\/strong>\u00a0Te 3 obrazy mo\u017cna kupi\u0107 pojedynczo lub w pakiecie. B\u0119d\u0105 pasowa\u0107 do ka\u017cdego typu pirata, nawet je\u015bli nie masz\u00a0<strong>miecz<\/strong>\u00a0Lub\u00a0<strong>diabelski owoc<\/strong>\u00a0nadal mo\u017cesz z dum\u0105 powiesi\u0107 go w domu<\/p>\n<p>Te obrazy maj\u0105 <strong>trzy r\u00f3\u017cne obrazy<\/strong>, pierwszy <strong>st\u00f3\u0142 kwadratowy<\/strong>\u00a0reprezentuje\u00a0<strong>Mugiara No Luffy <\/strong>i jego <strong>za\u0142oga<\/strong>\u00a0kt\u00f3ry biegnie, drugi kwadratowy st\u00f3\u0142 z <strong>za\u0142oga<\/strong> z\u00a0<strong>S\u0142omkowy kapelusz <\/strong>z <strong>Tysi\u0105c S\u0142oneczny<\/strong>\u00a0i trzeci kwadratowy obraz\u00a0<strong><\/strong>z <strong>Mugiwaras<\/strong> W <strong>Ma\u0142y<\/strong><\/p>\n<h2>Informacje o obrazie:<\/h2>\n<ul>\n<li>\n<strong>Wysokiej jako\u015bci p\u0142\u00f3tno drukowane\u00a0<\/strong>: p\u0142\u00f3tno \u015bcienne wykonane z <strong>bawe\u0142na<\/strong> I <strong>bielizna<\/strong>, aby uzyska\u0107 <strong>p\u0142\u00f3tno<\/strong> godny tego imienia<\/li>\n<\/ul>\n<ul>\n<li>\n<strong>Malowanie Ultra Design<\/strong>\u00a0Trzycz\u0119\u015bciowy st\u00f3\u0142 zapewnia wiele mo\u017cliwo\u015bci <strong>styl<\/strong> do <strong>sztuka<\/strong>, Fani nie mog\u0105 si\u0119 powstrzyma\u0107 od pokochania tego<\/li>\n<\/ul>\n<ul style=\"font-weight: 400;\">\n<li>\n<strong>Kolor i drukowanie\u00a0<\/strong>Obraz jednocz\u0119\u015bciowy z nadrukiem <strong>Canva<\/strong> punkt odniesienia w druku na p\u0142\u00f3tnie<\/li>\n<\/ul>\n<ul style=\"font-weight: 400;\">\n<li>\n<strong>Lekka sztuka \u015bcienna<\/strong>\u00a0:\u015bwietne otoczenie <strong>\u015bwiat\u0142o,<\/strong> wystarczy jeden <strong>gw\u00f3\u017ad\u017a<\/strong> lub z <strong>sta\u0142a noga<\/strong> dla <strong>utrzymywa\u0107<\/strong> Na <strong>\u015bciana<\/strong>\n<\/li>\n<\/ul>\n<ul style=\"font-weight: 400;\">\n<li>\n<strong>Drewniana rama<\/strong>\u00a0:wariant &quot;\u00ab\u00a0<strong>Z ram\u0105<\/strong>\u00a0\u00bb towarzyszy <strong>rama drewniana<\/strong> i wersja &quot;\u00ab\u00a0<strong>Bezszkieletowy<\/strong>\u00a0\u00bb jest dostarczany <strong>bez drewnianej ramy<\/strong>\n<\/li>\n<\/ul>\n<ul style=\"font-weight: 400;\">\n<li>\n<strong>Darmowa dostawa\u00a0<\/strong>za ka\u017cdy zakup<strong>\u00a0<\/strong>\n<\/li>\n<\/ul>\n<h3>Nie zapomnij zapozna\u0107 si\u0119 z poni\u017csz\u0105 tabel\u0105 rozmiar\u00f3w.<\/h3>\n<h2><strong style=\"font-size: 15px;\"><\/strong><\/h2>\n<p>\u00a0<strong>St\u00f3\u0142 One Piece 3<span>\u00a0<\/span>Sztuk, o rozmiarze<span>\u00a0<\/span><\/strong>Bardzo ma\u0142y<\/p>\n<p style=\"text-align: left;\"><img decoding=\"async\" alt=\"Przewodnik po rozmiarach One Piece Shop - Tabela rozmiar\u00f3w 3-cz\u0119\u015bciowych - Bardzo ma\u0142e\" src=\"\/\/cdn.shopify.com\/s\/files\/1\/0087\/7556\/5348\/files\/guide_taille_tableau_3_pieces_boutique_one_piece_tres_petit_large.jpg?v=1560419504\" style=\"float: none;\"><\/p>\n<p>\u00a0<strong>Obraz jednocz\u0119\u015bciowy, 3-cz\u0119\u015bciowy, rozmiar<span>\u00a0<\/span><\/strong>: Ma\u0142y<\/p>\n<p><img decoding=\"async\" src=\"\/\/cdn.shopify.com\/s\/files\/1\/0087\/7556\/5348\/files\/guide_taille_tableau_3_pieces_boutique_one_piece_petit_large.jpg?v=1560419608\" alt=\"Przewodnik po rozmiarach One Piece Shop Tabela rozmiar\u00f3w 3-cz\u0119\u015bciowych ma\u0142ych\">\u00a0<\/p>\n<p><strong>St\u00f3\u0142 One Piece 3<span>\u00a0<\/span>Sztuk, o rozmiarze<span>\u00a0<\/span><\/strong>:<strong><span>\u00a0<\/span><\/strong>PRZECI\u0118TNY<\/p>\n<p>\u00a0<img decoding=\"async\" src=\"\/\/cdn.shopify.com\/s\/files\/1\/0087\/7556\/5348\/files\/guide_taille_tableau_3_pieces_boutique_one_piece_moyen_large.jpg?v=1560419636\" alt=\"Przewodnik po rozmiarach One Piece Shop \u2013 tabela rozmiar\u00f3w 3-cz\u0119\u015bciowego stroju \u015bredniego\"><\/p>\n<p><strong>St\u00f3\u0142 One Piece 3<span>\u00a0<\/span>Sztuk, o rozmiarze<span>\u00a0<\/span><\/strong>: Du\u017cy<\/p>\n<p>\u00a0<img decoding=\"async\" src=\"\/\/cdn.shopify.com\/s\/files\/1\/0087\/7556\/5348\/files\/guide_taille_tableau_3_pieces_boutique_one_piece_grand_large.jpg?v=1560419663\" alt=\"Tabela rozmiar\u00f3w One Piece Shop 3-cz\u0119\u015bciowy du\u017cy\"><\/p>\n<p><strong>St\u00f3\u0142 One Piece 3<span>\u00a0<\/span>Sztuk, o rozmiarze<span>\u00a0<\/span><\/strong>:<strong><span>\u00a0<\/span><\/strong>Bardzo du\u017cy<\/p>\n<p><img decoding=\"async\" src=\"\/\/cdn.shopify.com\/s\/files\/1\/0087\/7556\/5348\/files\/guide_taille_tableau_3_pieces_boutique_one_piece_tres_grand_large.jpg?v=1560419691\" alt=\"Tabela rozmiar\u00f3w One Piece Shop \u2013 3-cz\u0119\u015bciowy, bardzo du\u017cy\"><\/p>","protected":false},"excerpt":{"rendered":"<p>Tableau One Piece\u00a03 Panneaux avec les\u00a0Mugiwaras dans Trois Situations Diff\u00e9rentes,Un Tableau de qualit\u00e9 pour un pirate comme\u00a0toi\u00a0! Si tu es un\u00a0v\u00e9ritable pirate, tu sauras appr\u00e9cier la\u00a0qualit\u00e9\u00a0de la toile, de la peinture et du cadre\u00a0pour leurs\u00a0conceptions\u00a0et\u00a0l&rsquo;impression 3D Canvas\u00a0de ces 3\u00a0tableaux carr\u00e9s One Piece\u00a0!\u00a0Mais le plus important, avec ces tableaux, c\u0092est que tu\u00a0feras partie de\u00a0l&rsquo;\u00e9quipage\u00a0des fans\u00a0du\u00a0manga de [&hellip;]<\/p>","protected":false},"featured_media":12475,"comment_status":"open","ping_status":"open","template":"","meta":[],"product_brand":[],"product_cat":[150,157,153,198,151,163,155,164,141],"product_tag":[158,165,129,92,154,205,112,364,143,144,113],"class_list":{"0":"post-12473","1":"product","2":"type-product","3":"status-publish","4":"has-post-thumbnail","6":"product_cat-decorations-one-piece","7":"product_cat-goodies-brook-one-piece","8":"product_cat-goodies-nami-one-piece","9":"product_cat-goodies-nico-robin-one-piece","10":"product_cat-goodies-roronoa-zoro-one-piece","11":"product_cat-goodies-tony-tony-chopper-one-piece","12":"product_cat-goodies-usopp-one-piece","13":"product_cat-goodies-vinsmoke-sanji-one-piece","14":"product_cat-tableaux-one-piece","15":"product_tag-brook","16":"product_tag-chopper","17":"product_tag-franky","18":"product_tag-luffy","19":"product_tag-nami","20":"product_tag-robin","21":"product_tag-sanji","22":"product_tag-tableau-3-pieces","23":"product_tag-toile","24":"product_tag-usopp","25":"product_tag-zoro","27":"first","28":"instock","29":"purchasable","30":"product-type-variable","31":"has-default-attributes"},"yoast_head":"<!-- This site is optimized with the Yoast SEO plugin v27.5 - https:\/\/yoast.com\/product\/yoast-seo-wordpress\/ -->\n<title>3 Tableaux Carr\u00e9s One Piece l&#039;\u00c9quipage au Chapeau de Paille \u2013 Boutique One Piece<\/title>\n<meta name=\"description\" content=\"3 Tableaux One Piece avec L&#039;\u00c9quipage du Chapeau de Paille dans Plusieurs Situations Fan du Manga de Pirates ces Troix Tableaux sont les D\u00e9corations Parfaites\" \/>\n<meta name=\"robots\" content=\"index, follow, max-snippet:-1, max-image-preview:large, max-video-preview:-1\" \/>\n<link rel=\"canonical\" href=\"https:\/\/boutique-one-piece.com\/pl\/smakolyki-z-one-piece\/nico-robin-one-piece-gadzety\/obraz-one-piece-zaloga-slomkowego-kapelusza\/\" \/>\n<meta property=\"og:locale\" content=\"pl_PL\" \/>\n<meta property=\"og:type\" content=\"article\" \/>\n<meta property=\"og:title\" content=\"3 Tableaux Carr\u00e9s One Piece l&#039;\u00c9quipage au Chapeau de Paille \u2013 Boutique One Piece\" \/>\n<meta property=\"og:description\" content=\"3 Tableaux One Piece avec L&#039;\u00c9quipage du Chapeau de Paille dans Plusieurs Situations Fan du Manga de Pirates ces Troix Tableaux sont les D\u00e9corations Parfaites\" \/>\n<meta property=\"og:url\" content=\"https:\/\/boutique-one-piece.com\/pl\/smakolyki-z-one-piece\/nico-robin-one-piece-gadzety\/obraz-one-piece-zaloga-slomkowego-kapelusza\/\" \/>\n<meta property=\"og:site_name\" content=\"Boutique One Piece\" \/>\n<meta property=\"article:modified_time\" content=\"2024-09-16T12:56:12+00:00\" \/>\n<meta property=\"og:image\" content=\"https:\/\/boutique-one-piece.com\/wp-content\/uploads\/2022\/09\/Tableau-One-Piece-lEquipage-du-Chapeau-de-Paille.jpg\" \/>\n\t<meta property=\"og:image:width\" content=\"600\" \/>\n\t<meta property=\"og:image:height\" content=\"594\" \/>\n\t<meta property=\"og:image:type\" content=\"image\/jpeg\" \/>\n<meta name=\"twitter:card\" content=\"summary_large_image\" \/>\n<meta name=\"twitter:label1\" content=\"Szacowany czas czytania\" \/>\n\t<meta name=\"twitter:data1\" content=\"2 minuty\" \/>\n<script type=\"application\/ld+json\" class=\"yoast-schema-graph\">{\"@context\":\"https:\\\/\\\/schema.org\",\"@graph\":[{\"@type\":\"WebPage\",\"@id\":\"https:\\\/\\\/boutique-one-piece.com\\\/goodies-one-piece\\\/goodies-nico-robin-one-piece\\\/tableau-one-piece-lequipage-du-chapeau-de-paille\\\/\",\"url\":\"https:\\\/\\\/boutique-one-piece.com\\\/goodies-one-piece\\\/goodies-nico-robin-one-piece\\\/tableau-one-piece-lequipage-du-chapeau-de-paille\\\/\",\"name\":\"3 Tableaux Carr\u00e9s One Piece l'\u00c9quipage au Chapeau de Paille \u2013 Boutique One Piece\",\"isPartOf\":{\"@id\":\"https:\\\/\\\/boutique-one-piece.com\\\/#website\"},\"primaryImageOfPage\":{\"@id\":\"https:\\\/\\\/boutique-one-piece.com\\\/goodies-one-piece\\\/goodies-nico-robin-one-piece\\\/tableau-one-piece-lequipage-du-chapeau-de-paille\\\/#primaryimage\"},\"image\":{\"@id\":\"https:\\\/\\\/boutique-one-piece.com\\\/goodies-one-piece\\\/goodies-nico-robin-one-piece\\\/tableau-one-piece-lequipage-du-chapeau-de-paille\\\/#primaryimage\"},\"thumbnailUrl\":\"https:\\\/\\\/boutique-one-piece.com\\\/wp-content\\\/uploads\\\/2022\\\/09\\\/Tableau-One-Piece-lEquipage-du-Chapeau-de-Paille.jpg\",\"datePublished\":\"2022-09-27T20:55:55+00:00\",\"dateModified\":\"2024-09-16T12:56:12+00:00\",\"description\":\"3 Tableaux One Piece avec L'\u00c9quipage du Chapeau de Paille dans Plusieurs Situations Fan du Manga de Pirates ces Troix Tableaux sont les D\u00e9corations Parfaites\",\"breadcrumb\":{\"@id\":\"https:\\\/\\\/boutique-one-piece.com\\\/goodies-one-piece\\\/goodies-nico-robin-one-piece\\\/tableau-one-piece-lequipage-du-chapeau-de-paille\\\/#breadcrumb\"},\"inLanguage\":\"pl-PL\",\"potentialAction\":[{\"@type\":\"ReadAction\",\"target\":[\"https:\\\/\\\/boutique-one-piece.com\\\/goodies-one-piece\\\/goodies-nico-robin-one-piece\\\/tableau-one-piece-lequipage-du-chapeau-de-paille\\\/\"]}]},{\"@type\":\"ImageObject\",\"inLanguage\":\"pl-PL\",\"@id\":\"https:\\\/\\\/boutique-one-piece.com\\\/goodies-one-piece\\\/goodies-nico-robin-one-piece\\\/tableau-one-piece-lequipage-du-chapeau-de-paille\\\/#primaryimage\",\"url\":\"https:\\\/\\\/boutique-one-piece.com\\\/wp-content\\\/uploads\\\/2022\\\/09\\\/Tableau-One-Piece-lEquipage-du-Chapeau-de-Paille.jpg\",\"contentUrl\":\"https:\\\/\\\/boutique-one-piece.com\\\/wp-content\\\/uploads\\\/2022\\\/09\\\/Tableau-One-Piece-lEquipage-du-Chapeau-de-Paille.jpg\",\"width\":600,\"height\":594,\"caption\":\"Tableau One Piece l'\u00c9quipage du Chapeau de Paille Moyen 1 Avec Cadre\"},{\"@type\":\"BreadcrumbList\",\"@id\":\"https:\\\/\\\/boutique-one-piece.com\\\/goodies-one-piece\\\/goodies-nico-robin-one-piece\\\/tableau-one-piece-lequipage-du-chapeau-de-paille\\\/#breadcrumb\",\"itemListElement\":[{\"@type\":\"ListItem\",\"position\":1,\"name\":\"Home\",\"item\":\"https:\\\/\\\/boutique-one-piece.com\\\/\"},{\"@type\":\"ListItem\",\"position\":2,\"name\":\"Shop\",\"item\":\"https:\\\/\\\/boutique-one-piece.com\\\/shop\\\/\"},{\"@type\":\"ListItem\",\"position\":3,\"name\":\"Tableau One Piece l&#8217;\u00c9quipage du Chapeau de Paille\"}]},{\"@type\":\"WebSite\",\"@id\":\"https:\\\/\\\/boutique-one-piece.com\\\/#website\",\"url\":\"https:\\\/\\\/boutique-one-piece.com\\\/\",\"name\":\"Boutique One Piece\",\"description\":\"Magasin Sp\u00e9cialis\u00e9 du Manga et l&#039;Anime One Piece\",\"publisher\":{\"@id\":\"https:\\\/\\\/boutique-one-piece.com\\\/#organization\"},\"potentialAction\":[{\"@type\":\"SearchAction\",\"target\":{\"@type\":\"EntryPoint\",\"urlTemplate\":\"https:\\\/\\\/boutique-one-piece.com\\\/?s={search_term_string}\"},\"query-input\":{\"@type\":\"PropertyValueSpecification\",\"valueRequired\":true,\"valueName\":\"search_term_string\"}}],\"inLanguage\":\"pl-PL\"},{\"@type\":\"Organization\",\"@id\":\"https:\\\/\\\/boutique-one-piece.com\\\/#organization\",\"name\":\"Boutique One Piece\",\"url\":\"https:\\\/\\\/boutique-one-piece.com\\\/\",\"logo\":{\"@type\":\"ImageObject\",\"inLanguage\":\"pl-PL\",\"@id\":\"https:\\\/\\\/boutique-one-piece.com\\\/#\\\/schema\\\/logo\\\/image\\\/\",\"url\":\"https:\\\/\\\/boutique-one-piece.com\\\/wp-content\\\/uploads\\\/2022\\\/09\\\/Logo-01.png\",\"contentUrl\":\"https:\\\/\\\/boutique-one-piece.com\\\/wp-content\\\/uploads\\\/2022\\\/09\\\/Logo-01.png\",\"width\":2318,\"height\":957,\"caption\":\"Boutique One Piece\"},\"image\":{\"@id\":\"https:\\\/\\\/boutique-one-piece.com\\\/#\\\/schema\\\/logo\\\/image\\\/\"}}]}<\/script>\n<!-- \/ Yoast SEO plugin. -->","yoast_head_json":{"title":"3 kwadratowe jednocz\u0119\u015bciowe kapelusze s\u0142omkowe z nadrukami \u2013 One Piece Shop","description":"3 obrazy One Piece przedstawiaj\u0105ce za\u0142og\u0119 S\u0142omkowego Kapelusza w r\u00f3\u017cnych sytuacjach. Dla fan\u00f3w pirackiej mangi te trzy obrazy b\u0119d\u0105 idealn\u0105 ozdob\u0105.","robots":{"index":"index","follow":"follow","max-snippet":"max-snippet:-1","max-image-preview":"max-image-preview:large","max-video-preview":"max-video-preview:-1"},"canonical":"https:\/\/boutique-one-piece.com\/pl\/smakolyki-z-one-piece\/nico-robin-one-piece-gadzety\/obraz-one-piece-zaloga-slomkowego-kapelusza\/","og_locale":"pl_PL","og_type":"article","og_title":"3 Tableaux Carr\u00e9s One Piece l'\u00c9quipage au Chapeau de Paille \u2013 Boutique One Piece","og_description":"3 Tableaux One Piece avec L'\u00c9quipage du Chapeau de Paille dans Plusieurs Situations Fan du Manga de Pirates ces Troix Tableaux sont les D\u00e9corations Parfaites","og_url":"https:\/\/boutique-one-piece.com\/pl\/smakolyki-z-one-piece\/nico-robin-one-piece-gadzety\/obraz-one-piece-zaloga-slomkowego-kapelusza\/","og_site_name":"Boutique One Piece","article_modified_time":"2024-09-16T12:56:12+00:00","og_image":[{"width":600,"height":594,"url":"https:\/\/boutique-one-piece.com\/wp-content\/uploads\/2022\/09\/Tableau-One-Piece-lEquipage-du-Chapeau-de-Paille.jpg","type":"image\/jpeg"}],"twitter_card":"summary_large_image","twitter_misc":{"Szacowany czas czytania":"2 minuty"},"schema":{"@context":"https:\/\/schema.org","@graph":[{"@type":"WebPage","@id":"https:\/\/boutique-one-piece.com\/goodies-one-piece\/goodies-nico-robin-one-piece\/tableau-one-piece-lequipage-du-chapeau-de-paille\/","url":"https:\/\/boutique-one-piece.com\/goodies-one-piece\/goodies-nico-robin-one-piece\/tableau-one-piece-lequipage-du-chapeau-de-paille\/","name":"3 kwadratowe jednocz\u0119\u015bciowe kapelusze s\u0142omkowe z nadrukami \u2013 One Piece Shop","isPartOf":{"@id":"https:\/\/boutique-one-piece.com\/#website"},"primaryImageOfPage":{"@id":"https:\/\/boutique-one-piece.com\/goodies-one-piece\/goodies-nico-robin-one-piece\/tableau-one-piece-lequipage-du-chapeau-de-paille\/#primaryimage"},"image":{"@id":"https:\/\/boutique-one-piece.com\/goodies-one-piece\/goodies-nico-robin-one-piece\/tableau-one-piece-lequipage-du-chapeau-de-paille\/#primaryimage"},"thumbnailUrl":"https:\/\/boutique-one-piece.com\/wp-content\/uploads\/2022\/09\/Tableau-One-Piece-lEquipage-du-Chapeau-de-Paille.jpg","datePublished":"2022-09-27T20:55:55+00:00","dateModified":"2024-09-16T12:56:12+00:00","description":"3 obrazy One Piece przedstawiaj\u0105ce za\u0142og\u0119 S\u0142omkowego Kapelusza w r\u00f3\u017cnych sytuacjach. Dla fan\u00f3w pirackiej mangi te trzy obrazy b\u0119d\u0105 idealn\u0105 ozdob\u0105.","breadcrumb":{"@id":"https:\/\/boutique-one-piece.com\/goodies-one-piece\/goodies-nico-robin-one-piece\/tableau-one-piece-lequipage-du-chapeau-de-paille\/#breadcrumb"},"inLanguage":"pl-PL","potentialAction":[{"@type":"ReadAction","target":["https:\/\/boutique-one-piece.com\/goodies-one-piece\/goodies-nico-robin-one-piece\/tableau-one-piece-lequipage-du-chapeau-de-paille\/"]}]},{"@type":"ImageObject","inLanguage":"pl-PL","@id":"https:\/\/boutique-one-piece.com\/goodies-one-piece\/goodies-nico-robin-one-piece\/tableau-one-piece-lequipage-du-chapeau-de-paille\/#primaryimage","url":"https:\/\/boutique-one-piece.com\/wp-content\/uploads\/2022\/09\/Tableau-One-Piece-lEquipage-du-Chapeau-de-Paille.jpg","contentUrl":"https:\/\/boutique-one-piece.com\/wp-content\/uploads\/2022\/09\/Tableau-One-Piece-lEquipage-du-Chapeau-de-Paille.jpg","width":600,"height":594,"caption":"Tableau One Piece l'\u00c9quipage du Chapeau de Paille Moyen 1 Avec Cadre"},{"@type":"BreadcrumbList","@id":"https:\/\/boutique-one-piece.com\/goodies-one-piece\/goodies-nico-robin-one-piece\/tableau-one-piece-lequipage-du-chapeau-de-paille\/#breadcrumb","itemListElement":[{"@type":"ListItem","position":1,"name":"Home","item":"https:\/\/boutique-one-piece.com\/"},{"@type":"ListItem","position":2,"name":"Shop","item":"https:\/\/boutique-one-piece.com\/shop\/"},{"@type":"ListItem","position":3,"name":"Tableau One Piece l&#8217;\u00c9quipage du Chapeau de Paille"}]},{"@type":"WebSite","@id":"https:\/\/boutique-one-piece.com\/#website","url":"https:\/\/boutique-one-piece.com\/","name":"One Piece Shop","description":"Sklep specjalistyczny z mang\u0105 i anime One Piece","publisher":{"@id":"https:\/\/boutique-one-piece.com\/#organization"},"potentialAction":[{"@type":"SearchAction","target":{"@type":"EntryPoint","urlTemplate":"https:\/\/boutique-one-piece.com\/?s={search_term_string}"},"query-input":{"@type":"PropertyValueSpecification","valueRequired":true,"valueName":"search_term_string"}}],"inLanguage":"pl-PL"},{"@type":"Organization","@id":"https:\/\/boutique-one-piece.com\/#organization","name":"One Piece Shop","url":"https:\/\/boutique-one-piece.com\/","logo":{"@type":"ImageObject","inLanguage":"pl-PL","@id":"https:\/\/boutique-one-piece.com\/#\/schema\/logo\/image\/","url":"https:\/\/boutique-one-piece.com\/wp-content\/uploads\/2022\/09\/Logo-01.png","contentUrl":"https:\/\/boutique-one-piece.com\/wp-content\/uploads\/2022\/09\/Logo-01.png","width":2318,"height":957,"caption":"Boutique One Piece"},"image":{"@id":"https:\/\/boutique-one-piece.com\/#\/schema\/logo\/image\/"}}]}},"_links":{"self":[{"href":"https:\/\/boutique-one-piece.com\/pl\/wp-json\/wp\/v2\/product\/12473","targetHints":{"allow":["GET"]}}],"collection":[{"href":"https:\/\/boutique-one-piece.com\/pl\/wp-json\/wp\/v2\/product"}],"about":[{"href":"https:\/\/boutique-one-piece.com\/pl\/wp-json\/wp\/v2\/types\/product"}],"replies":[{"embeddable":true,"href":"https:\/\/boutique-one-piece.com\/pl\/wp-json\/wp\/v2\/comments?post=12473"}],"wp:featuredmedia":[{"embeddable":true,"href":"https:\/\/boutique-one-piece.com\/pl\/wp-json\/wp\/v2\/media\/12475"}],"wp:attachment":[{"href":"https:\/\/boutique-one-piece.com\/pl\/wp-json\/wp\/v2\/media?parent=12473"}],"wp:term":[{"taxonomy":"product_brand","embeddable":true,"href":"https:\/\/boutique-one-piece.com\/pl\/wp-json\/wp\/v2\/product_brand?post=12473"},{"taxonomy":"product_cat","embeddable":true,"href":"https:\/\/boutique-one-piece.com\/pl\/wp-json\/wp\/v2\/product_cat?post=12473"},{"taxonomy":"product_tag","embeddable":true,"href":"https:\/\/boutique-one-piece.com\/pl\/wp-json\/wp\/v2\/product_tag?post=12473"}],"curies":[{"name":"wp","href":"https:\/\/api.w.org\/{rel}","templated":true}]}}