{"id":12500,"date":"2022-09-27T20:56:13","date_gmt":"2022-09-27T20:56:13","guid":{"rendered":"https:\/\/boutique-one-piece.com\/uncategorized\/avis-de-recherche-shimotsuki-ryuma-wanted\/"},"modified":"2024-09-16T12:56:20","modified_gmt":"2024-09-16T12:56:20","slug":"ogloszenie-o-zamowieniu-shimotsuki-ryuma-poszukiwany","status":"publish","type":"product","link":"https:\/\/boutique-one-piece.com\/pl\/plakat-poszukiwany-one-piece\/ogloszenie-o-zamowieniu-shimotsuki-ryuma-poszukiwany\/","title":{"rendered":"Poszukiwany og\u0142oszenie Shimotsuki Ryuma Poszukiwany"},"content":{"rendered":"<h2>M\u0142ody \u017beglarzu, nadszed\u0142 czas, aby\u015b zdoby\u0142 to og\u0142oszenie o poszukiwaniu Shimotsukiego Ryumy.<\/h2>\n<p>Na przypomnienie, <strong>Ryuma<\/strong> by\u0142 samurajem z Krainy Wano w Nowym \u015awiecie, kt\u00f3ry zmar\u0142 i by\u0142 jednym z genera\u0142\u00f3w zombie stworzonych przez doktora Hogbacka w Thriller Bark. Posiada\u0142 <strong>Cie\u0144 Brooka<\/strong> przez 5 lat. W\u0142a\u015bciwie, mo\u017cesz ju\u017c go mie\u0107 w swoich r\u0119kach.<a title=\"OG\u0141OSZENIE O POSZUKIWANIU BROOKA\" href=\"https:\/\/boutique-one-piece.com\/pl\/plakat-poszukiwany-brook\/\" target=\"_blank\" rel=\"noopener\">Plakat poszukiwany Brook<\/a>.<\/p>\n<p>Wracaj\u0105c do Ryumy, oto anegdota na jego temat: ma osobowo\u015b\u0107 Brooka, poniewa\u017c posiada sw\u00f3j cie\u0144, ale pomimo tego, \u017ce jest zombie, zachowuje swojego dawnego ducha samuraja i potrafi rozpozna\u0107 umiej\u0119tno\u015bci przeciwnika, co wida\u0107 podczas walki z <strong>Zoro<\/strong>.<\/p>\n<h3>Na co wi\u0119c czekasz? Zdob\u0105d\u017a list go\u0144czy za Shimotsukim Ryum\u0105 ju\u017c teraz. Jak wida\u0107, nagroda za jego g\u0142ow\u0119 wynosi 1 400 000 000 Jag\u00f3d. Ten list jest przeznaczony tylko dla prawdziwych pirat\u00f3w.<\/h3>\n<p><strong>Jeden kawa\u0142ek<\/strong> to najlepiej sprzedaj\u0105ca si\u0119 manga na \u015bwiecie. B\u0105d\u017a dumny, \u017ce jeste\u015b cz\u0119\u015bci\u0105 tego ruchu i nadal wyra\u017caj swoj\u0105 pasj\u0119 do tego uniwersum. Zdob\u0105d\u017a te legendarne, powi\u0119kszone przedmioty. <strong>Tw\u00f3j wszech\u015bwiat One Piece<\/strong>. Tw\u00f3j los jako m\u0142odego pirata jest w twoich r\u0119kach.<\/p>\n<h2>Informacje o plakacie One Piece Wanted Samurai Ryuma<\/h2>\n<ul>\n<li><span><b><u>Plakat poszukiwany One Piece<\/u><\/b>\u00a0Prawdziwy plakat poszukiwany za bycie prawdziwym piratem One Piece<\/span><\/li>\n<\/ul>\n<ul>\n<li>\n<b><u>Nagroda Shimotsuki Ryumy<\/u><\/b>\u00a01 400 000 000 jag\u00f3d<\/li>\n<\/ul>\n<ul>\n<li><span><strong>Wysoka jako\u015b\u0107 druku<\/strong>\u00a0dok\u0142adne kolory<\/span><\/li>\n<\/ul>\n<ul>\n<li>\n<strong>Wymiar<\/strong>\u00a0: 51 cm x 36 cm<\/li>\n<\/ul>\n<ul>\n<li><span><strong>DARMOWA DOSTAWA<\/strong><\/span><\/li>\n<\/ul>","protected":false},"excerpt":{"rendered":"<p>Jeune Moussaillon, le moment est venu pour toi de faire l&rsquo;acquisition de cet Avis De Recherche Shimotsuki Ryuma Wanted. Pour rappel, Ryuma \u00e9tait un Samoura\u00ef du Pays des Wa dans le Nouveau Monde qui est mort et qui a \u00e9t\u00e9 l&rsquo;un des G\u00e9n\u00e9raux Zombies cr\u00e9\u00e9 par le Dr. Hogback \u00e0 Thriller Bark. Il a poss\u00e9d\u00e9 [&hellip;]<\/p>","protected":false},"featured_media":12502,"comment_status":"open","ping_status":"open","template":"","meta":[],"product_brand":[],"product_cat":[171],"product_tag":[372],"class_list":{"0":"post-12500","1":"product","2":"type-product","3":"status-publish","4":"has-post-thumbnail","6":"product_cat-avis-de-recherche-one-piece","7":"product_tag-shimotsuki-ryuma","9":"first","10":"instock","11":"purchasable","12":"product-type-simple"},"yoast_head":"<!-- This site is optimized with the Yoast SEO plugin v27.5 - https:\/\/yoast.com\/product\/yoast-seo-wordpress\/ -->\n<title>Avis De Recherche Shimotsuki Ryuma Wanted | Boutique One Piece<\/title>\n<meta name=\"description\" content=\"Jeune Moussaillon, le moment est venu pour toi de faire l&#039;acquisition de cet Avis De Recherche Shimotsuki Ryuma Wanted. Pour rappel, Ryuma \u00e9tait un Samoura\u00ef du Pays des Wa dans le Nouveau Monde qui est mort et qui a \u00e9t\u00e9 l&#039;un des G\u00e9n\u00e9raux Zombies cr\u00e9\u00e9 par le Dr. Hogback \u00e0 Thriller Bark. Il a poss\u00e9d\u00e9 l&#039;ombre de Brook pen\" \/>\n<meta name=\"robots\" content=\"index, follow, max-snippet:-1, max-image-preview:large, max-video-preview:-1\" \/>\n<link rel=\"canonical\" href=\"https:\/\/boutique-one-piece.com\/pl\/plakat-poszukiwany-one-piece\/ogloszenie-o-zamowieniu-shimotsuki-ryuma-poszukiwany\/\" \/>\n<meta property=\"og:locale\" content=\"pl_PL\" \/>\n<meta property=\"og:type\" content=\"article\" \/>\n<meta property=\"og:title\" content=\"Avis De Recherche Shimotsuki Ryuma Wanted | Boutique One Piece\" \/>\n<meta property=\"og:description\" content=\"Jeune Moussaillon, le moment est venu pour toi de faire l&#039;acquisition de cet Avis De Recherche Shimotsuki Ryuma Wanted. Pour rappel, Ryuma \u00e9tait un Samoura\u00ef du Pays des Wa dans le Nouveau Monde qui est mort et qui a \u00e9t\u00e9 l&#039;un des G\u00e9n\u00e9raux Zombies cr\u00e9\u00e9 par le Dr. Hogback \u00e0 Thriller Bark. Il a poss\u00e9d\u00e9 l&#039;ombre de Brook pen\" \/>\n<meta property=\"og:url\" content=\"https:\/\/boutique-one-piece.com\/pl\/plakat-poszukiwany-one-piece\/ogloszenie-o-zamowieniu-shimotsuki-ryuma-poszukiwany\/\" \/>\n<meta property=\"og:site_name\" content=\"Boutique One Piece\" \/>\n<meta property=\"article:modified_time\" content=\"2024-09-16T12:56:20+00:00\" \/>\n<meta property=\"og:image\" content=\"https:\/\/boutique-one-piece.com\/wp-content\/uploads\/2022\/09\/Avis-De-Recherche-Shimotsuki-Ryuma-Wanted-1.jpg\" \/>\n\t<meta property=\"og:image:width\" content=\"796\" \/>\n\t<meta property=\"og:image:height\" content=\"798\" \/>\n\t<meta property=\"og:image:type\" content=\"image\/jpeg\" \/>\n<meta name=\"twitter:card\" content=\"summary_large_image\" \/>\n<meta name=\"twitter:label1\" content=\"Szacowany czas czytania\" \/>\n\t<meta name=\"twitter:data1\" content=\"1 minuta\" \/>\n<script type=\"application\/ld+json\" class=\"yoast-schema-graph\">{\"@context\":\"https:\\\/\\\/schema.org\",\"@graph\":[{\"@type\":\"WebPage\",\"@id\":\"https:\\\/\\\/boutique-one-piece.com\\\/avis-de-recherche-one-piece\\\/avis-de-recherche-shimotsuki-ryuma-wanted\\\/\",\"url\":\"https:\\\/\\\/boutique-one-piece.com\\\/avis-de-recherche-one-piece\\\/avis-de-recherche-shimotsuki-ryuma-wanted\\\/\",\"name\":\"Avis De Recherche Shimotsuki Ryuma Wanted | Boutique One Piece\",\"isPartOf\":{\"@id\":\"https:\\\/\\\/boutique-one-piece.com\\\/#website\"},\"primaryImageOfPage\":{\"@id\":\"https:\\\/\\\/boutique-one-piece.com\\\/avis-de-recherche-one-piece\\\/avis-de-recherche-shimotsuki-ryuma-wanted\\\/#primaryimage\"},\"image\":{\"@id\":\"https:\\\/\\\/boutique-one-piece.com\\\/avis-de-recherche-one-piece\\\/avis-de-recherche-shimotsuki-ryuma-wanted\\\/#primaryimage\"},\"thumbnailUrl\":\"https:\\\/\\\/boutique-one-piece.com\\\/wp-content\\\/uploads\\\/2022\\\/09\\\/Avis-De-Recherche-Shimotsuki-Ryuma-Wanted-1.jpg\",\"datePublished\":\"2022-09-27T20:56:13+00:00\",\"dateModified\":\"2024-09-16T12:56:20+00:00\",\"description\":\"Jeune Moussaillon, le moment est venu pour toi de faire l'acquisition de cet Avis De Recherche Shimotsuki Ryuma Wanted. Pour rappel, Ryuma \u00e9tait un Samoura\u00ef du Pays des Wa dans le Nouveau Monde qui est mort et qui a \u00e9t\u00e9 l'un des G\u00e9n\u00e9raux Zombies cr\u00e9\u00e9 par le Dr. Hogback \u00e0 Thriller Bark. Il a poss\u00e9d\u00e9 l'ombre de Brook pen\",\"breadcrumb\":{\"@id\":\"https:\\\/\\\/boutique-one-piece.com\\\/avis-de-recherche-one-piece\\\/avis-de-recherche-shimotsuki-ryuma-wanted\\\/#breadcrumb\"},\"inLanguage\":\"pl-PL\",\"potentialAction\":[{\"@type\":\"ReadAction\",\"target\":[\"https:\\\/\\\/boutique-one-piece.com\\\/avis-de-recherche-one-piece\\\/avis-de-recherche-shimotsuki-ryuma-wanted\\\/\"]}]},{\"@type\":\"ImageObject\",\"inLanguage\":\"pl-PL\",\"@id\":\"https:\\\/\\\/boutique-one-piece.com\\\/avis-de-recherche-one-piece\\\/avis-de-recherche-shimotsuki-ryuma-wanted\\\/#primaryimage\",\"url\":\"https:\\\/\\\/boutique-one-piece.com\\\/wp-content\\\/uploads\\\/2022\\\/09\\\/Avis-De-Recherche-Shimotsuki-Ryuma-Wanted-1.jpg\",\"contentUrl\":\"https:\\\/\\\/boutique-one-piece.com\\\/wp-content\\\/uploads\\\/2022\\\/09\\\/Avis-De-Recherche-Shimotsuki-Ryuma-Wanted-1.jpg\",\"width\":796,\"height\":798},{\"@type\":\"BreadcrumbList\",\"@id\":\"https:\\\/\\\/boutique-one-piece.com\\\/avis-de-recherche-one-piece\\\/avis-de-recherche-shimotsuki-ryuma-wanted\\\/#breadcrumb\",\"itemListElement\":[{\"@type\":\"ListItem\",\"position\":1,\"name\":\"Home\",\"item\":\"https:\\\/\\\/boutique-one-piece.com\\\/\"},{\"@type\":\"ListItem\",\"position\":2,\"name\":\"Shop\",\"item\":\"https:\\\/\\\/boutique-one-piece.com\\\/shop\\\/\"},{\"@type\":\"ListItem\",\"position\":3,\"name\":\"Avis De Recherche Shimotsuki Ryuma Wanted\"}]},{\"@type\":\"WebSite\",\"@id\":\"https:\\\/\\\/boutique-one-piece.com\\\/#website\",\"url\":\"https:\\\/\\\/boutique-one-piece.com\\\/\",\"name\":\"Boutique One Piece\",\"description\":\"Magasin Sp\u00e9cialis\u00e9 du Manga et l&#039;Anime One Piece\",\"publisher\":{\"@id\":\"https:\\\/\\\/boutique-one-piece.com\\\/#organization\"},\"potentialAction\":[{\"@type\":\"SearchAction\",\"target\":{\"@type\":\"EntryPoint\",\"urlTemplate\":\"https:\\\/\\\/boutique-one-piece.com\\\/?s={search_term_string}\"},\"query-input\":{\"@type\":\"PropertyValueSpecification\",\"valueRequired\":true,\"valueName\":\"search_term_string\"}}],\"inLanguage\":\"pl-PL\"},{\"@type\":\"Organization\",\"@id\":\"https:\\\/\\\/boutique-one-piece.com\\\/#organization\",\"name\":\"Boutique One Piece\",\"url\":\"https:\\\/\\\/boutique-one-piece.com\\\/\",\"logo\":{\"@type\":\"ImageObject\",\"inLanguage\":\"pl-PL\",\"@id\":\"https:\\\/\\\/boutique-one-piece.com\\\/#\\\/schema\\\/logo\\\/image\\\/\",\"url\":\"https:\\\/\\\/boutique-one-piece.com\\\/wp-content\\\/uploads\\\/2022\\\/09\\\/Logo-01.png\",\"contentUrl\":\"https:\\\/\\\/boutique-one-piece.com\\\/wp-content\\\/uploads\\\/2022\\\/09\\\/Logo-01.png\",\"width\":2318,\"height\":957,\"caption\":\"Boutique One Piece\"},\"image\":{\"@id\":\"https:\\\/\\\/boutique-one-piece.com\\\/#\\\/schema\\\/logo\\\/image\\\/\"}}]}<\/script>\n<!-- \/ Yoast SEO plugin. -->","yoast_head_json":{"title":"Og\u0142oszenie poszukiwane: Shimotsuki Ryuma | Sklep jednocz\u0119\u015bciowy","description":"M\u0142ody \u017beglarzu, nadszed\u0142 czas, aby\u015b zdoby\u0142 ten list go\u0144czy Shimotsuki Ryuma. Przypominamy, \u017ce Ryuma by\u0142 samurajem z Krainy Wano w Nowym \u015awiecie, kt\u00f3ry zgin\u0105\u0142 i by\u0142 jednym z genera\u0142\u00f3w zombie stworzonych przez doktora Hogbacka w Thriller Bark. Op\u0119ta\u0142 cie\u0144 Brooka.","robots":{"index":"index","follow":"follow","max-snippet":"max-snippet:-1","max-image-preview":"max-image-preview:large","max-video-preview":"max-video-preview:-1"},"canonical":"https:\/\/boutique-one-piece.com\/pl\/plakat-poszukiwany-one-piece\/ogloszenie-o-zamowieniu-shimotsuki-ryuma-poszukiwany\/","og_locale":"pl_PL","og_type":"article","og_title":"Avis De Recherche Shimotsuki Ryuma Wanted | Boutique One Piece","og_description":"Jeune Moussaillon, le moment est venu pour toi de faire l'acquisition de cet Avis De Recherche Shimotsuki Ryuma Wanted. Pour rappel, Ryuma \u00e9tait un Samoura\u00ef du Pays des Wa dans le Nouveau Monde qui est mort et qui a \u00e9t\u00e9 l'un des G\u00e9n\u00e9raux Zombies cr\u00e9\u00e9 par le Dr. Hogback \u00e0 Thriller Bark. Il a poss\u00e9d\u00e9 l'ombre de Brook pen","og_url":"https:\/\/boutique-one-piece.com\/pl\/plakat-poszukiwany-one-piece\/ogloszenie-o-zamowieniu-shimotsuki-ryuma-poszukiwany\/","og_site_name":"Boutique One Piece","article_modified_time":"2024-09-16T12:56:20+00:00","og_image":[{"width":796,"height":798,"url":"https:\/\/boutique-one-piece.com\/wp-content\/uploads\/2022\/09\/Avis-De-Recherche-Shimotsuki-Ryuma-Wanted-1.jpg","type":"image\/jpeg"}],"twitter_card":"summary_large_image","twitter_misc":{"Szacowany czas czytania":"1 minuta"},"schema":{"@context":"https:\/\/schema.org","@graph":[{"@type":"WebPage","@id":"https:\/\/boutique-one-piece.com\/avis-de-recherche-one-piece\/avis-de-recherche-shimotsuki-ryuma-wanted\/","url":"https:\/\/boutique-one-piece.com\/avis-de-recherche-one-piece\/avis-de-recherche-shimotsuki-ryuma-wanted\/","name":"Og\u0142oszenie poszukiwane: Shimotsuki Ryuma | Sklep jednocz\u0119\u015bciowy","isPartOf":{"@id":"https:\/\/boutique-one-piece.com\/#website"},"primaryImageOfPage":{"@id":"https:\/\/boutique-one-piece.com\/avis-de-recherche-one-piece\/avis-de-recherche-shimotsuki-ryuma-wanted\/#primaryimage"},"image":{"@id":"https:\/\/boutique-one-piece.com\/avis-de-recherche-one-piece\/avis-de-recherche-shimotsuki-ryuma-wanted\/#primaryimage"},"thumbnailUrl":"https:\/\/boutique-one-piece.com\/wp-content\/uploads\/2022\/09\/Avis-De-Recherche-Shimotsuki-Ryuma-Wanted-1.jpg","datePublished":"2022-09-27T20:56:13+00:00","dateModified":"2024-09-16T12:56:20+00:00","description":"M\u0142ody \u017beglarzu, nadszed\u0142 czas, aby\u015b zdoby\u0142 ten list go\u0144czy Shimotsuki Ryuma. Przypominamy, \u017ce Ryuma by\u0142 samurajem z Krainy Wano w Nowym \u015awiecie, kt\u00f3ry zgin\u0105\u0142 i by\u0142 jednym z genera\u0142\u00f3w zombie stworzonych przez doktora Hogbacka w Thriller Bark. Op\u0119ta\u0142 cie\u0144 Brooka.","breadcrumb":{"@id":"https:\/\/boutique-one-piece.com\/avis-de-recherche-one-piece\/avis-de-recherche-shimotsuki-ryuma-wanted\/#breadcrumb"},"inLanguage":"pl-PL","potentialAction":[{"@type":"ReadAction","target":["https:\/\/boutique-one-piece.com\/avis-de-recherche-one-piece\/avis-de-recherche-shimotsuki-ryuma-wanted\/"]}]},{"@type":"ImageObject","inLanguage":"pl-PL","@id":"https:\/\/boutique-one-piece.com\/avis-de-recherche-one-piece\/avis-de-recherche-shimotsuki-ryuma-wanted\/#primaryimage","url":"https:\/\/boutique-one-piece.com\/wp-content\/uploads\/2022\/09\/Avis-De-Recherche-Shimotsuki-Ryuma-Wanted-1.jpg","contentUrl":"https:\/\/boutique-one-piece.com\/wp-content\/uploads\/2022\/09\/Avis-De-Recherche-Shimotsuki-Ryuma-Wanted-1.jpg","width":796,"height":798},{"@type":"BreadcrumbList","@id":"https:\/\/boutique-one-piece.com\/avis-de-recherche-one-piece\/avis-de-recherche-shimotsuki-ryuma-wanted\/#breadcrumb","itemListElement":[{"@type":"ListItem","position":1,"name":"Home","item":"https:\/\/boutique-one-piece.com\/"},{"@type":"ListItem","position":2,"name":"Shop","item":"https:\/\/boutique-one-piece.com\/shop\/"},{"@type":"ListItem","position":3,"name":"Avis De Recherche Shimotsuki Ryuma Wanted"}]},{"@type":"WebSite","@id":"https:\/\/boutique-one-piece.com\/#website","url":"https:\/\/boutique-one-piece.com\/","name":"One Piece Shop","description":"Sklep specjalistyczny z mang\u0105 i anime One Piece","publisher":{"@id":"https:\/\/boutique-one-piece.com\/#organization"},"potentialAction":[{"@type":"SearchAction","target":{"@type":"EntryPoint","urlTemplate":"https:\/\/boutique-one-piece.com\/?s={search_term_string}"},"query-input":{"@type":"PropertyValueSpecification","valueRequired":true,"valueName":"search_term_string"}}],"inLanguage":"pl-PL"},{"@type":"Organization","@id":"https:\/\/boutique-one-piece.com\/#organization","name":"One Piece Shop","url":"https:\/\/boutique-one-piece.com\/","logo":{"@type":"ImageObject","inLanguage":"pl-PL","@id":"https:\/\/boutique-one-piece.com\/#\/schema\/logo\/image\/","url":"https:\/\/boutique-one-piece.com\/wp-content\/uploads\/2022\/09\/Logo-01.png","contentUrl":"https:\/\/boutique-one-piece.com\/wp-content\/uploads\/2022\/09\/Logo-01.png","width":2318,"height":957,"caption":"Boutique One Piece"},"image":{"@id":"https:\/\/boutique-one-piece.com\/#\/schema\/logo\/image\/"}}]}},"_links":{"self":[{"href":"https:\/\/boutique-one-piece.com\/pl\/wp-json\/wp\/v2\/product\/12500","targetHints":{"allow":["GET"]}}],"collection":[{"href":"https:\/\/boutique-one-piece.com\/pl\/wp-json\/wp\/v2\/product"}],"about":[{"href":"https:\/\/boutique-one-piece.com\/pl\/wp-json\/wp\/v2\/types\/product"}],"replies":[{"embeddable":true,"href":"https:\/\/boutique-one-piece.com\/pl\/wp-json\/wp\/v2\/comments?post=12500"}],"wp:featuredmedia":[{"embeddable":true,"href":"https:\/\/boutique-one-piece.com\/pl\/wp-json\/wp\/v2\/media\/12502"}],"wp:attachment":[{"href":"https:\/\/boutique-one-piece.com\/pl\/wp-json\/wp\/v2\/media?parent=12500"}],"wp:term":[{"taxonomy":"product_brand","embeddable":true,"href":"https:\/\/boutique-one-piece.com\/pl\/wp-json\/wp\/v2\/product_brand?post=12500"},{"taxonomy":"product_cat","embeddable":true,"href":"https:\/\/boutique-one-piece.com\/pl\/wp-json\/wp\/v2\/product_cat?post=12500"},{"taxonomy":"product_tag","embeddable":true,"href":"https:\/\/boutique-one-piece.com\/pl\/wp-json\/wp\/v2\/product_tag?post=12500"}],"curies":[{"name":"wp","href":"https:\/\/api.w.org\/{rel}","templated":true}]}}