{"id":12560,"date":"2022-09-27T20:56:38","date_gmt":"2022-09-27T20:56:38","guid":{"rendered":"https:\/\/boutique-one-piece.com\/uncategorized\/poster-one-piece-docteur-tony-tony-chopper\/"},"modified":"2026-01-11T14:50:09","modified_gmt":"2026-01-11T14:50:09","slug":"plakat-one-piece-doktor-tony-tony-chopper","status":"publish","type":"product","link":"https:\/\/boutique-one-piece.com\/pl\/dekoracje-one-piece\/plakaty-one-piece\/plakat-one-piece-doktor-tony-tony-chopper\/","title":{"rendered":"Plakat One Piece Doktor Tony Tony Chopper"},"content":{"rendered":"<ul>\n<li><span><b><u>Plakat One Piece<\/u><\/b>&nbsp;Oryginalny plakat z uniwersum One Piece dla prawdziwych pirat\u00f3w<\/span><\/li>\n<\/ul>\n<ul>\n<li><span><strong>Wysoka jako\u015b\u0107 druku<\/strong>&nbsp;dok\u0142adne kolory<\/span><\/li>\n<\/ul>\n<ul>\n<li><span><strong>Wymiar<\/strong>&nbsp;: 12x20cm 21x30cm 30x42cm 35x50cm 50x70cm 55x80cm 60x85cm<\/span><\/li>\n<\/ul>\n<ul>\n<li><span><strong>DARMOWA DOSTAWA<\/strong><\/span><\/li>\n<\/ul>","protected":false},"excerpt":{"rendered":"<p>Poster One Piece&nbsp;: v\u00e9ritable poster de l&rsquo;univers One Piece pour les vrais pirates Impression de Haute Qualit\u00e9&nbsp;: couleurs fid\u00e8les Dimension&nbsp;:&nbsp;12x20cm&nbsp;21X30cm&nbsp;30X42cm&nbsp;35X50cm&nbsp;50x70cm&nbsp;55x80cm&nbsp;60x85cm LIVRAISON OFFERTE<\/p>","protected":false},"featured_media":19264,"comment_status":"open","ping_status":"open","template":"","meta":[],"product_brand":[],"product_cat":[219],"product_tag":[],"class_list":{"0":"post-12560","1":"product","2":"type-product","3":"status-publish","4":"has-post-thumbnail","6":"product_cat-posters-one-piece","8":"first","9":"outofstock","10":"purchasable","11":"product-type-variable"},"yoast_head":"<!-- This site is optimized with the Yoast SEO plugin v27.5 - https:\/\/yoast.com\/product\/yoast-seo-wordpress\/ -->\n<title>Poster One Piece Docteur Tony Tony Chopper | D\u00e9coration One Piece \u2013 Boutique One Piece<\/title>\n<meta name=\"description\" content=\"Poster One Piece\u00a0: v\u00e9ritable poster de l&#039;univers One Piece pour les vrais pirates Impression de Haute Qualit\u00e9\u00a0: couleurs fid\u00e8les Dimension\u00a0:\u00a012x20cm\u00a021X30cm\u00a030X42cm\u00a035X50cm\u00a050x70cm\u00a055x80cm\u00a060x85cm LIVRAISON OFFERTE\" \/>\n<meta name=\"robots\" content=\"index, follow, max-snippet:-1, max-image-preview:large, max-video-preview:-1\" \/>\n<link rel=\"canonical\" href=\"https:\/\/boutique-one-piece.com\/pl\/dekoracje-one-piece\/plakaty-one-piece\/plakat-one-piece-doktor-tony-tony-chopper\/\" \/>\n<meta property=\"og:locale\" content=\"pl_PL\" \/>\n<meta property=\"og:type\" content=\"article\" \/>\n<meta property=\"og:title\" content=\"Poster One Piece Docteur Tony Tony Chopper | D\u00e9coration One Piece \u2013 Boutique One Piece\" \/>\n<meta property=\"og:description\" content=\"Poster One Piece\u00a0: v\u00e9ritable poster de l&#039;univers One Piece pour les vrais pirates Impression de Haute Qualit\u00e9\u00a0: couleurs fid\u00e8les Dimension\u00a0:\u00a012x20cm\u00a021X30cm\u00a030X42cm\u00a035X50cm\u00a050x70cm\u00a055x80cm\u00a060x85cm LIVRAISON OFFERTE\" \/>\n<meta property=\"og:url\" content=\"https:\/\/boutique-one-piece.com\/pl\/dekoracje-one-piece\/plakaty-one-piece\/plakat-one-piece-doktor-tony-tony-chopper\/\" \/>\n<meta property=\"og:site_name\" content=\"Boutique One Piece\" \/>\n<meta property=\"article:modified_time\" content=\"2026-01-11T14:50:09+00:00\" \/>\n<meta property=\"og:image\" content=\"https:\/\/boutique-one-piece.com\/wp-content\/uploads\/2023\/05\/Wall-Art-One-Piece-Poster-HD-Prints-Portgas-D-Ace-Modular-Pictures-Tony-Tony-Chopper-Canvas.jpg_640x640.jpg\" \/>\n\t<meta property=\"og:image:width\" content=\"480\" \/>\n\t<meta property=\"og:image:height\" content=\"640\" \/>\n\t<meta property=\"og:image:type\" content=\"image\/jpeg\" \/>\n<meta name=\"twitter:card\" content=\"summary_large_image\" \/>\n<meta name=\"twitter:label1\" content=\"Szacowany czas czytania\" \/>\n\t<meta name=\"twitter:data1\" content=\"1 minuta\" \/>\n<script type=\"application\/ld+json\" class=\"yoast-schema-graph\">{\"@context\":\"https:\\\/\\\/schema.org\",\"@graph\":[{\"@type\":\"WebPage\",\"@id\":\"https:\\\/\\\/boutique-one-piece.com\\\/decorations-one-piece\\\/posters-one-piece\\\/poster-one-piece-docteur-tony-tony-chopper\\\/\",\"url\":\"https:\\\/\\\/boutique-one-piece.com\\\/decorations-one-piece\\\/posters-one-piece\\\/poster-one-piece-docteur-tony-tony-chopper\\\/\",\"name\":\"Poster One Piece Docteur Tony Tony Chopper | D\u00e9coration One Piece \u2013 Boutique One Piece\",\"isPartOf\":{\"@id\":\"https:\\\/\\\/boutique-one-piece.com\\\/#website\"},\"primaryImageOfPage\":{\"@id\":\"https:\\\/\\\/boutique-one-piece.com\\\/decorations-one-piece\\\/posters-one-piece\\\/poster-one-piece-docteur-tony-tony-chopper\\\/#primaryimage\"},\"image\":{\"@id\":\"https:\\\/\\\/boutique-one-piece.com\\\/decorations-one-piece\\\/posters-one-piece\\\/poster-one-piece-docteur-tony-tony-chopper\\\/#primaryimage\"},\"thumbnailUrl\":\"https:\\\/\\\/boutique-one-piece.com\\\/wp-content\\\/uploads\\\/2023\\\/05\\\/Wall-Art-One-Piece-Poster-HD-Prints-Portgas-D-Ace-Modular-Pictures-Tony-Tony-Chopper-Canvas.jpg_640x640.jpg\",\"datePublished\":\"2022-09-27T20:56:38+00:00\",\"dateModified\":\"2026-01-11T14:50:09+00:00\",\"description\":\"Poster One Piece\u00a0: v\u00e9ritable poster de l'univers One Piece pour les vrais pirates Impression de Haute Qualit\u00e9\u00a0: couleurs fid\u00e8les Dimension\u00a0:\u00a012x20cm\u00a021X30cm\u00a030X42cm\u00a035X50cm\u00a050x70cm\u00a055x80cm\u00a060x85cm LIVRAISON OFFERTE\",\"breadcrumb\":{\"@id\":\"https:\\\/\\\/boutique-one-piece.com\\\/decorations-one-piece\\\/posters-one-piece\\\/poster-one-piece-docteur-tony-tony-chopper\\\/#breadcrumb\"},\"inLanguage\":\"pl-PL\",\"potentialAction\":[{\"@type\":\"ReadAction\",\"target\":[\"https:\\\/\\\/boutique-one-piece.com\\\/decorations-one-piece\\\/posters-one-piece\\\/poster-one-piece-docteur-tony-tony-chopper\\\/\"]}]},{\"@type\":\"ImageObject\",\"inLanguage\":\"pl-PL\",\"@id\":\"https:\\\/\\\/boutique-one-piece.com\\\/decorations-one-piece\\\/posters-one-piece\\\/poster-one-piece-docteur-tony-tony-chopper\\\/#primaryimage\",\"url\":\"https:\\\/\\\/boutique-one-piece.com\\\/wp-content\\\/uploads\\\/2023\\\/05\\\/Wall-Art-One-Piece-Poster-HD-Prints-Portgas-D-Ace-Modular-Pictures-Tony-Tony-Chopper-Canvas.jpg_640x640.jpg\",\"contentUrl\":\"https:\\\/\\\/boutique-one-piece.com\\\/wp-content\\\/uploads\\\/2023\\\/05\\\/Wall-Art-One-Piece-Poster-HD-Prints-Portgas-D-Ace-Modular-Pictures-Tony-Tony-Chopper-Canvas.jpg_640x640.jpg\",\"width\":480,\"height\":640},{\"@type\":\"BreadcrumbList\",\"@id\":\"https:\\\/\\\/boutique-one-piece.com\\\/decorations-one-piece\\\/posters-one-piece\\\/poster-one-piece-docteur-tony-tony-chopper\\\/#breadcrumb\",\"itemListElement\":[{\"@type\":\"ListItem\",\"position\":1,\"name\":\"Home\",\"item\":\"https:\\\/\\\/boutique-one-piece.com\\\/\"},{\"@type\":\"ListItem\",\"position\":2,\"name\":\"Shop\",\"item\":\"https:\\\/\\\/boutique-one-piece.com\\\/shop\\\/\"},{\"@type\":\"ListItem\",\"position\":3,\"name\":\"Poster One Piece Docteur Tony Tony Chopper\"}]},{\"@type\":\"WebSite\",\"@id\":\"https:\\\/\\\/boutique-one-piece.com\\\/#website\",\"url\":\"https:\\\/\\\/boutique-one-piece.com\\\/\",\"name\":\"Boutique One Piece\",\"description\":\"Magasin Sp\u00e9cialis\u00e9 du Manga et l&#039;Anime One Piece\",\"publisher\":{\"@id\":\"https:\\\/\\\/boutique-one-piece.com\\\/#organization\"},\"potentialAction\":[{\"@type\":\"SearchAction\",\"target\":{\"@type\":\"EntryPoint\",\"urlTemplate\":\"https:\\\/\\\/boutique-one-piece.com\\\/?s={search_term_string}\"},\"query-input\":{\"@type\":\"PropertyValueSpecification\",\"valueRequired\":true,\"valueName\":\"search_term_string\"}}],\"inLanguage\":\"pl-PL\"},{\"@type\":\"Organization\",\"@id\":\"https:\\\/\\\/boutique-one-piece.com\\\/#organization\",\"name\":\"Boutique One Piece\",\"url\":\"https:\\\/\\\/boutique-one-piece.com\\\/\",\"logo\":{\"@type\":\"ImageObject\",\"inLanguage\":\"pl-PL\",\"@id\":\"https:\\\/\\\/boutique-one-piece.com\\\/#\\\/schema\\\/logo\\\/image\\\/\",\"url\":\"https:\\\/\\\/boutique-one-piece.com\\\/wp-content\\\/uploads\\\/2022\\\/09\\\/Logo-01.png\",\"contentUrl\":\"https:\\\/\\\/boutique-one-piece.com\\\/wp-content\\\/uploads\\\/2022\\\/09\\\/Logo-01.png\",\"width\":2318,\"height\":957,\"caption\":\"Boutique One Piece\"},\"image\":{\"@id\":\"https:\\\/\\\/boutique-one-piece.com\\\/#\\\/schema\\\/logo\\\/image\\\/\"}}]}<\/script>\n<!-- \/ Yoast SEO plugin. -->","yoast_head_json":{"title":"Plakat One Piece: Doktor Tony Tony Chopper | Dekoracja One Piece \u2013 Sklep One Piece","description":"Plakat One Piece: Autentyczny plakat One Piece dla prawdziwych pirat\u00f3w. Wysoka jako\u015b\u0107 wydruku: wierne kolory. Rozmiary: 12 x 20 cm, 21 x 30 cm, 30 x 42 cm, 35 x 50 cm, 50 x 70 cm, 55 x 80 cm, 60 x 85 cm. Darmowa wysy\u0142ka.","robots":{"index":"index","follow":"follow","max-snippet":"max-snippet:-1","max-image-preview":"max-image-preview:large","max-video-preview":"max-video-preview:-1"},"canonical":"https:\/\/boutique-one-piece.com\/pl\/dekoracje-one-piece\/plakaty-one-piece\/plakat-one-piece-doktor-tony-tony-chopper\/","og_locale":"pl_PL","og_type":"article","og_title":"Poster One Piece Docteur Tony Tony Chopper | D\u00e9coration One Piece \u2013 Boutique One Piece","og_description":"Poster One Piece\u00a0: v\u00e9ritable poster de l'univers One Piece pour les vrais pirates Impression de Haute Qualit\u00e9\u00a0: couleurs fid\u00e8les Dimension\u00a0:\u00a012x20cm\u00a021X30cm\u00a030X42cm\u00a035X50cm\u00a050x70cm\u00a055x80cm\u00a060x85cm LIVRAISON OFFERTE","og_url":"https:\/\/boutique-one-piece.com\/pl\/dekoracje-one-piece\/plakaty-one-piece\/plakat-one-piece-doktor-tony-tony-chopper\/","og_site_name":"Boutique One Piece","article_modified_time":"2026-01-11T14:50:09+00:00","og_image":[{"width":480,"height":640,"url":"https:\/\/boutique-one-piece.com\/wp-content\/uploads\/2023\/05\/Wall-Art-One-Piece-Poster-HD-Prints-Portgas-D-Ace-Modular-Pictures-Tony-Tony-Chopper-Canvas.jpg_640x640.jpg","type":"image\/jpeg"}],"twitter_card":"summary_large_image","twitter_misc":{"Szacowany czas czytania":"1 minuta"},"schema":{"@context":"https:\/\/schema.org","@graph":[{"@type":"WebPage","@id":"https:\/\/boutique-one-piece.com\/decorations-one-piece\/posters-one-piece\/poster-one-piece-docteur-tony-tony-chopper\/","url":"https:\/\/boutique-one-piece.com\/decorations-one-piece\/posters-one-piece\/poster-one-piece-docteur-tony-tony-chopper\/","name":"Plakat One Piece: Doktor Tony Tony Chopper | Dekoracja One Piece \u2013 Sklep One Piece","isPartOf":{"@id":"https:\/\/boutique-one-piece.com\/#website"},"primaryImageOfPage":{"@id":"https:\/\/boutique-one-piece.com\/decorations-one-piece\/posters-one-piece\/poster-one-piece-docteur-tony-tony-chopper\/#primaryimage"},"image":{"@id":"https:\/\/boutique-one-piece.com\/decorations-one-piece\/posters-one-piece\/poster-one-piece-docteur-tony-tony-chopper\/#primaryimage"},"thumbnailUrl":"https:\/\/boutique-one-piece.com\/wp-content\/uploads\/2023\/05\/Wall-Art-One-Piece-Poster-HD-Prints-Portgas-D-Ace-Modular-Pictures-Tony-Tony-Chopper-Canvas.jpg_640x640.jpg","datePublished":"2022-09-27T20:56:38+00:00","dateModified":"2026-01-11T14:50:09+00:00","description":"Plakat One Piece: Autentyczny plakat One Piece dla prawdziwych pirat\u00f3w. Wysoka jako\u015b\u0107 wydruku: wierne kolory. Rozmiary: 12 x 20 cm, 21 x 30 cm, 30 x 42 cm, 35 x 50 cm, 50 x 70 cm, 55 x 80 cm, 60 x 85 cm. Darmowa wysy\u0142ka.","breadcrumb":{"@id":"https:\/\/boutique-one-piece.com\/decorations-one-piece\/posters-one-piece\/poster-one-piece-docteur-tony-tony-chopper\/#breadcrumb"},"inLanguage":"pl-PL","potentialAction":[{"@type":"ReadAction","target":["https:\/\/boutique-one-piece.com\/decorations-one-piece\/posters-one-piece\/poster-one-piece-docteur-tony-tony-chopper\/"]}]},{"@type":"ImageObject","inLanguage":"pl-PL","@id":"https:\/\/boutique-one-piece.com\/decorations-one-piece\/posters-one-piece\/poster-one-piece-docteur-tony-tony-chopper\/#primaryimage","url":"https:\/\/boutique-one-piece.com\/wp-content\/uploads\/2023\/05\/Wall-Art-One-Piece-Poster-HD-Prints-Portgas-D-Ace-Modular-Pictures-Tony-Tony-Chopper-Canvas.jpg_640x640.jpg","contentUrl":"https:\/\/boutique-one-piece.com\/wp-content\/uploads\/2023\/05\/Wall-Art-One-Piece-Poster-HD-Prints-Portgas-D-Ace-Modular-Pictures-Tony-Tony-Chopper-Canvas.jpg_640x640.jpg","width":480,"height":640},{"@type":"BreadcrumbList","@id":"https:\/\/boutique-one-piece.com\/decorations-one-piece\/posters-one-piece\/poster-one-piece-docteur-tony-tony-chopper\/#breadcrumb","itemListElement":[{"@type":"ListItem","position":1,"name":"Home","item":"https:\/\/boutique-one-piece.com\/"},{"@type":"ListItem","position":2,"name":"Shop","item":"https:\/\/boutique-one-piece.com\/shop\/"},{"@type":"ListItem","position":3,"name":"Poster One Piece Docteur Tony Tony Chopper"}]},{"@type":"WebSite","@id":"https:\/\/boutique-one-piece.com\/#website","url":"https:\/\/boutique-one-piece.com\/","name":"One Piece Shop","description":"Sklep specjalistyczny z mang\u0105 i anime One Piece","publisher":{"@id":"https:\/\/boutique-one-piece.com\/#organization"},"potentialAction":[{"@type":"SearchAction","target":{"@type":"EntryPoint","urlTemplate":"https:\/\/boutique-one-piece.com\/?s={search_term_string}"},"query-input":{"@type":"PropertyValueSpecification","valueRequired":true,"valueName":"search_term_string"}}],"inLanguage":"pl-PL"},{"@type":"Organization","@id":"https:\/\/boutique-one-piece.com\/#organization","name":"One Piece Shop","url":"https:\/\/boutique-one-piece.com\/","logo":{"@type":"ImageObject","inLanguage":"pl-PL","@id":"https:\/\/boutique-one-piece.com\/#\/schema\/logo\/image\/","url":"https:\/\/boutique-one-piece.com\/wp-content\/uploads\/2022\/09\/Logo-01.png","contentUrl":"https:\/\/boutique-one-piece.com\/wp-content\/uploads\/2022\/09\/Logo-01.png","width":2318,"height":957,"caption":"Boutique One Piece"},"image":{"@id":"https:\/\/boutique-one-piece.com\/#\/schema\/logo\/image\/"}}]}},"_links":{"self":[{"href":"https:\/\/boutique-one-piece.com\/pl\/wp-json\/wp\/v2\/product\/12560","targetHints":{"allow":["GET"]}}],"collection":[{"href":"https:\/\/boutique-one-piece.com\/pl\/wp-json\/wp\/v2\/product"}],"about":[{"href":"https:\/\/boutique-one-piece.com\/pl\/wp-json\/wp\/v2\/types\/product"}],"replies":[{"embeddable":true,"href":"https:\/\/boutique-one-piece.com\/pl\/wp-json\/wp\/v2\/comments?post=12560"}],"wp:featuredmedia":[{"embeddable":true,"href":"https:\/\/boutique-one-piece.com\/pl\/wp-json\/wp\/v2\/media\/19264"}],"wp:attachment":[{"href":"https:\/\/boutique-one-piece.com\/pl\/wp-json\/wp\/v2\/media?parent=12560"}],"wp:term":[{"taxonomy":"product_brand","embeddable":true,"href":"https:\/\/boutique-one-piece.com\/pl\/wp-json\/wp\/v2\/product_brand?post=12560"},{"taxonomy":"product_cat","embeddable":true,"href":"https:\/\/boutique-one-piece.com\/pl\/wp-json\/wp\/v2\/product_cat?post=12560"},{"taxonomy":"product_tag","embeddable":true,"href":"https:\/\/boutique-one-piece.com\/pl\/wp-json\/wp\/v2\/product_tag?post=12560"}],"curies":[{"name":"wp","href":"https:\/\/api.w.org\/{rel}","templated":true}]}}