{"id":12635,"date":"2022-09-27T20:57:05","date_gmt":"2022-09-27T20:57:05","guid":{"rendered":"https:\/\/boutique-one-piece.com\/uncategorized\/figurine-one-piece-monkey-d-luffy-roi-des-pirates\/"},"modified":"2024-09-16T12:59:23","modified_gmt":"2024-09-16T12:59:23","slug":"jednoczesciowa-figurka-malpy-d-luffy-krol-piratow","status":"publish","type":"product","link":"https:\/\/boutique-one-piece.com\/pl\/smakolyki-z-one-piece\/slodycze-monkey-d-luffy-one-piece\/jednoczesciowa-figurka-malpy-d-luffy-krol-piratow\/","title":{"rendered":"One Piece Figure Monkey D Luffy Kr\u00f3l Pirat\u00f3w"},"content":{"rendered":"<h2>M\u0142ody piracie, nadszed\u0142 czas, aby\u015b zdoby\u0142 figurk\u0119 One Piece Monkey D Luffy King of Pirates.<\/h2>\n<p>Oto, co musisz wiedzie\u0107 o tym s\u0142ynnym kapitanie: ; <strong>Monkey D. Luffy<\/strong> jest piratem i g\u0142\u00f3wnym bohaterem mangi i anime One Piece. Jest tak\u017ce przybranym bratem zmar\u0142ego <strong>Portgas D. Ace<\/strong> I <strong>Sabo<\/strong>. Poza tym, je\u015bli lubisz t\u0119 grup\u0119 rodze\u0144stwa, <a title=\"ZESTAW 3 FIGUREK ONE PIECE FIRE BROTHERS\" href=\"https:\/\/boutique-one-piece.com\/pl\/zestaw-3-figurek-one-piece-fire-brothers\/\" target=\"_blank\" rel=\"noopener\">figurka na ich podobie\u0144stwo<\/a> Jutro jest w zasi\u0119gu r\u0119ki. Wracaj\u0105c do Luffy&#039;ego, jego najwi\u0119kszym marzeniem jest zosta\u0107 Kr\u00f3lem Pirat\u00f3w poprzez odnalezienie legendarnego skarbu One Piece, ukrytego gdzie\u015b na \u015bwiecie przez Gol D. Rogera.<\/p>\n<p>Wed\u0142ug niego, bycie <strong>W\u0142adca Pirat\u00f3w<\/strong> Oznacza to bycie kim\u015b, kto cieszy si\u0119 niezr\u00f3wnan\u0105 wolno\u015bci\u0105 na \u015bwiecie. Na koniec warto wiedzie\u0107, \u017ce zjad\u0142 diabelski owoc: Gomu Gomu no Mi. Ten diabelski owoc typu Paramecia nadaje cia\u0142u u\u017cytkownika te same w\u0142a\u015bciwo\u015bci co guma, czyni\u0105c zjadacza Cz\u0142owiekiem Gum\u0105.<\/p>\n<h3>Czy figurka Monkey D. Luffy&#039;ego Ci\u0119 urzek\u0142a? Jak mo\u017cna si\u0119 nie urzec? Do\u0142\u0105cz do jego za\u0142ogi na pok\u0142adzie Thousand Sunny. Czeka Ci\u0119 tam mn\u00f3stwo przyg\u00f3d.<\/h3>\n<p>B\u0105d\u017a dumny, \u017ce jeste\u015b cz\u0119\u015bci\u0105 tej przygody <strong>Jeden kawa\u0142ek<\/strong>. Do\u0142\u0105cz do za\u0142ogi i zosta\u0144 s\u0142awnym piratem u boku <strong>tw\u00f3j kapitan Luffy<\/strong>. Te legendarne przedmioty idealnie nadaj\u0105 si\u0119 na prezent, dekoracj\u0119 lub do kolekcjonowania. Nie czekaj wi\u0119c d\u0142u\u017cej i skorzystaj z okazji, aby rozszerzy\u0107 swoje uniwersum One Piece.<\/p>\n<h2>Informacje o figurce Monkey D. Luffy King of the Pirates<\/h2>\n<ul>\n<li><span><b><u>Figurka One Piece<\/u><\/b>\u00a0Figurka Premium One Piece dla prawdziwych pirat\u00f3w<\/span><\/li>\n<\/ul>\n<ul>\n<li>\n<b>Materia\u0142<\/b><span>\u00a0<\/span>PCV<\/li>\n<\/ul>\n<ul>\n<li><span><strong>Wymiar<\/strong>\u00a0: 26 cm<\/span><\/li>\n<\/ul>\n<ul>\n<li><span><strong>DARMOWA DOSTAWA<\/strong><\/span><\/li>\n<\/ul>","protected":false},"excerpt":{"rendered":"<p>Jeune pirate, le moment est venu pour toi de te procurer cette Figurine One Piece Monkey D Luffy Roi Des Pirates. Voici ce que tu dois savoir au sujet de ce c\u00e9l\u00e8bre capitaine ; Monkey D. Luffy est un pirate et le principal protagoniste du manga et anim\u00e9 One Piece. C&rsquo;est aussi le fr\u00e8re adoptif [&hellip;]<\/p>","protected":false},"featured_media":12637,"comment_status":"open","ping_status":"open","template":"","meta":[],"product_brand":[],"product_cat":[181,76,80],"product_tag":[92],"class_list":{"0":"post-12635","1":"product","2":"type-product","3":"status-publish","4":"has-post-thumbnail","6":"product_cat-figurines-monkey-d-luffy","7":"product_cat-figurines-one-piece","8":"product_cat-goodies-monkey-d-luffy-one-piece","9":"product_tag-luffy","11":"first","12":"instock","13":"purchasable","14":"product-type-simple"},"yoast_head":"<!-- This site is optimized with the Yoast SEO plugin v27.5 - https:\/\/yoast.com\/product\/yoast-seo-wordpress\/ -->\n<title>Figurine One Piece Monkey D Luffy Roi Des Pirates | Figurine One Piece \u2013 Boutique One Piece<\/title>\n<meta name=\"description\" content=\"Jeune pirate, le moment est venu pour toi de te procurer cette Figurine One Piece Monkey D Luffy Roi Des Pirates. Voici ce que tu dois savoir au sujet de ce c\u00e9l\u00e8bre capitaine ; Monkey D. Luffy est un pirate et le principal protagoniste du manga et anim\u00e9 One Piece. C&#039;est aussi le fr\u00e8re adoptif du d\u00e9funt Portgas D. Ace e\" \/>\n<meta name=\"robots\" content=\"index, follow, max-snippet:-1, max-image-preview:large, max-video-preview:-1\" \/>\n<link rel=\"canonical\" href=\"https:\/\/boutique-one-piece.com\/pl\/figurki-one-piece\/figurki-monkey-d-luffyego\/jednoczesciowa-figurka-malpy-d-luffy-krol-piratow\/\" \/>\n<meta property=\"og:locale\" content=\"pl_PL\" \/>\n<meta property=\"og:type\" content=\"article\" \/>\n<meta property=\"og:title\" content=\"Figurine One Piece Monkey D Luffy Roi Des Pirates | Figurine One Piece \u2013 Boutique One Piece\" \/>\n<meta property=\"og:description\" content=\"Jeune pirate, le moment est venu pour toi de te procurer cette Figurine One Piece Monkey D Luffy Roi Des Pirates. Voici ce que tu dois savoir au sujet de ce c\u00e9l\u00e8bre capitaine ; Monkey D. Luffy est un pirate et le principal protagoniste du manga et anim\u00e9 One Piece. C&#039;est aussi le fr\u00e8re adoptif du d\u00e9funt Portgas D. Ace e\" \/>\n<meta property=\"og:url\" content=\"https:\/\/boutique-one-piece.com\/pl\/figurki-one-piece\/figurki-monkey-d-luffyego\/jednoczesciowa-figurka-malpy-d-luffy-krol-piratow\/\" \/>\n<meta property=\"og:site_name\" content=\"Boutique One Piece\" \/>\n<meta property=\"article:modified_time\" content=\"2024-09-16T12:59:23+00:00\" \/>\n<meta property=\"og:image\" content=\"https:\/\/boutique-one-piece.com\/wp-content\/uploads\/2022\/09\/Figurine-One-Piece-Monkey-D-Luffy-Roi-Des-Pirates-1.jpg\" \/>\n\t<meta property=\"og:image:width\" content=\"1000\" \/>\n\t<meta property=\"og:image:height\" content=\"1000\" \/>\n\t<meta property=\"og:image:type\" content=\"image\/jpeg\" \/>\n<meta name=\"twitter:card\" content=\"summary_large_image\" \/>\n<meta name=\"twitter:label1\" content=\"Szacowany czas czytania\" \/>\n\t<meta name=\"twitter:data1\" content=\"1 minuta\" \/>\n<script type=\"application\/ld+json\" class=\"yoast-schema-graph\">{\"@context\":\"https:\\\/\\\/schema.org\",\"@graph\":[{\"@type\":\"WebPage\",\"@id\":\"https:\\\/\\\/boutique-one-piece.com\\\/figurines-one-piece\\\/figurines-monkey-d-luffy\\\/figurine-one-piece-monkey-d-luffy-roi-des-pirates\\\/\",\"url\":\"https:\\\/\\\/boutique-one-piece.com\\\/figurines-one-piece\\\/figurines-monkey-d-luffy\\\/figurine-one-piece-monkey-d-luffy-roi-des-pirates\\\/\",\"name\":\"Figurine One Piece Monkey D Luffy Roi Des Pirates | Figurine One Piece \u2013 Boutique One Piece\",\"isPartOf\":{\"@id\":\"https:\\\/\\\/boutique-one-piece.com\\\/#website\"},\"primaryImageOfPage\":{\"@id\":\"https:\\\/\\\/boutique-one-piece.com\\\/figurines-one-piece\\\/figurines-monkey-d-luffy\\\/figurine-one-piece-monkey-d-luffy-roi-des-pirates\\\/#primaryimage\"},\"image\":{\"@id\":\"https:\\\/\\\/boutique-one-piece.com\\\/figurines-one-piece\\\/figurines-monkey-d-luffy\\\/figurine-one-piece-monkey-d-luffy-roi-des-pirates\\\/#primaryimage\"},\"thumbnailUrl\":\"https:\\\/\\\/boutique-one-piece.com\\\/wp-content\\\/uploads\\\/2022\\\/09\\\/Figurine-One-Piece-Monkey-D-Luffy-Roi-Des-Pirates-1.jpg\",\"datePublished\":\"2022-09-27T20:57:05+00:00\",\"dateModified\":\"2024-09-16T12:59:23+00:00\",\"description\":\"Jeune pirate, le moment est venu pour toi de te procurer cette Figurine One Piece Monkey D Luffy Roi Des Pirates. Voici ce que tu dois savoir au sujet de ce c\u00e9l\u00e8bre capitaine ; Monkey D. Luffy est un pirate et le principal protagoniste du manga et anim\u00e9 One Piece. C'est aussi le fr\u00e8re adoptif du d\u00e9funt Portgas D. Ace e\",\"breadcrumb\":{\"@id\":\"https:\\\/\\\/boutique-one-piece.com\\\/figurines-one-piece\\\/figurines-monkey-d-luffy\\\/figurine-one-piece-monkey-d-luffy-roi-des-pirates\\\/#breadcrumb\"},\"inLanguage\":\"pl-PL\",\"potentialAction\":[{\"@type\":\"ReadAction\",\"target\":[\"https:\\\/\\\/boutique-one-piece.com\\\/figurines-one-piece\\\/figurines-monkey-d-luffy\\\/figurine-one-piece-monkey-d-luffy-roi-des-pirates\\\/\"]}]},{\"@type\":\"ImageObject\",\"inLanguage\":\"pl-PL\",\"@id\":\"https:\\\/\\\/boutique-one-piece.com\\\/figurines-one-piece\\\/figurines-monkey-d-luffy\\\/figurine-one-piece-monkey-d-luffy-roi-des-pirates\\\/#primaryimage\",\"url\":\"https:\\\/\\\/boutique-one-piece.com\\\/wp-content\\\/uploads\\\/2022\\\/09\\\/Figurine-One-Piece-Monkey-D-Luffy-Roi-Des-Pirates-1.jpg\",\"contentUrl\":\"https:\\\/\\\/boutique-one-piece.com\\\/wp-content\\\/uploads\\\/2022\\\/09\\\/Figurine-One-Piece-Monkey-D-Luffy-Roi-Des-Pirates-1.jpg\",\"width\":1000,\"height\":1000},{\"@type\":\"BreadcrumbList\",\"@id\":\"https:\\\/\\\/boutique-one-piece.com\\\/figurines-one-piece\\\/figurines-monkey-d-luffy\\\/figurine-one-piece-monkey-d-luffy-roi-des-pirates\\\/#breadcrumb\",\"itemListElement\":[{\"@type\":\"ListItem\",\"position\":1,\"name\":\"Home\",\"item\":\"https:\\\/\\\/boutique-one-piece.com\\\/\"},{\"@type\":\"ListItem\",\"position\":2,\"name\":\"Shop\",\"item\":\"https:\\\/\\\/boutique-one-piece.com\\\/shop\\\/\"},{\"@type\":\"ListItem\",\"position\":3,\"name\":\"Figurine One Piece Monkey D Luffy Roi Des Pirates\"}]},{\"@type\":\"WebSite\",\"@id\":\"https:\\\/\\\/boutique-one-piece.com\\\/#website\",\"url\":\"https:\\\/\\\/boutique-one-piece.com\\\/\",\"name\":\"Boutique One Piece\",\"description\":\"Magasin Sp\u00e9cialis\u00e9 du Manga et l&#039;Anime One Piece\",\"publisher\":{\"@id\":\"https:\\\/\\\/boutique-one-piece.com\\\/#organization\"},\"potentialAction\":[{\"@type\":\"SearchAction\",\"target\":{\"@type\":\"EntryPoint\",\"urlTemplate\":\"https:\\\/\\\/boutique-one-piece.com\\\/?s={search_term_string}\"},\"query-input\":{\"@type\":\"PropertyValueSpecification\",\"valueRequired\":true,\"valueName\":\"search_term_string\"}}],\"inLanguage\":\"pl-PL\"},{\"@type\":\"Organization\",\"@id\":\"https:\\\/\\\/boutique-one-piece.com\\\/#organization\",\"name\":\"Boutique One Piece\",\"url\":\"https:\\\/\\\/boutique-one-piece.com\\\/\",\"logo\":{\"@type\":\"ImageObject\",\"inLanguage\":\"pl-PL\",\"@id\":\"https:\\\/\\\/boutique-one-piece.com\\\/#\\\/schema\\\/logo\\\/image\\\/\",\"url\":\"https:\\\/\\\/boutique-one-piece.com\\\/wp-content\\\/uploads\\\/2022\\\/09\\\/Logo-01.png\",\"contentUrl\":\"https:\\\/\\\/boutique-one-piece.com\\\/wp-content\\\/uploads\\\/2022\\\/09\\\/Logo-01.png\",\"width\":2318,\"height\":957,\"caption\":\"Boutique One Piece\"},\"image\":{\"@id\":\"https:\\\/\\\/boutique-one-piece.com\\\/#\\\/schema\\\/logo\\\/image\\\/\"}}]}<\/script>\n<!-- \/ Yoast SEO plugin. -->","yoast_head_json":{"title":"Figurka Kr\u00f3la Pirat\u00f3w z One Piece: Monkey D. Luffy | Figurka z One Piece \u2013 Sklep One Piece","description":"M\u0142ody piracie, nadszed\u0142 czas, aby\u015b zdoby\u0142 figurk\u0119 Kr\u00f3la Pirat\u00f3w Monkey D. Luffy&#039;ego z One Piece. Oto, co musisz wiedzie\u0107 o tym s\u0142ynnym kapitanie: Monkey D. Luffy jest piratem i g\u0142\u00f3wnym bohaterem mangi i anime One Piece. Jest r\u00f3wnie\u017c adoptowanym bratem zmar\u0142ego Portgas D. Ace&#039;a.","robots":{"index":"index","follow":"follow","max-snippet":"max-snippet:-1","max-image-preview":"max-image-preview:large","max-video-preview":"max-video-preview:-1"},"canonical":"https:\/\/boutique-one-piece.com\/pl\/figurki-one-piece\/figurki-monkey-d-luffyego\/jednoczesciowa-figurka-malpy-d-luffy-krol-piratow\/","og_locale":"pl_PL","og_type":"article","og_title":"Figurine One Piece Monkey D Luffy Roi Des Pirates | Figurine One Piece \u2013 Boutique One Piece","og_description":"Jeune pirate, le moment est venu pour toi de te procurer cette Figurine One Piece Monkey D Luffy Roi Des Pirates. Voici ce que tu dois savoir au sujet de ce c\u00e9l\u00e8bre capitaine ; Monkey D. Luffy est un pirate et le principal protagoniste du manga et anim\u00e9 One Piece. C'est aussi le fr\u00e8re adoptif du d\u00e9funt Portgas D. Ace e","og_url":"https:\/\/boutique-one-piece.com\/pl\/figurki-one-piece\/figurki-monkey-d-luffyego\/jednoczesciowa-figurka-malpy-d-luffy-krol-piratow\/","og_site_name":"Boutique One Piece","article_modified_time":"2024-09-16T12:59:23+00:00","og_image":[{"width":1000,"height":1000,"url":"https:\/\/boutique-one-piece.com\/wp-content\/uploads\/2022\/09\/Figurine-One-Piece-Monkey-D-Luffy-Roi-Des-Pirates-1.jpg","type":"image\/jpeg"}],"twitter_card":"summary_large_image","twitter_misc":{"Szacowany czas czytania":"1 minuta"},"schema":{"@context":"https:\/\/schema.org","@graph":[{"@type":"WebPage","@id":"https:\/\/boutique-one-piece.com\/figurines-one-piece\/figurines-monkey-d-luffy\/figurine-one-piece-monkey-d-luffy-roi-des-pirates\/","url":"https:\/\/boutique-one-piece.com\/figurines-one-piece\/figurines-monkey-d-luffy\/figurine-one-piece-monkey-d-luffy-roi-des-pirates\/","name":"Figurka Kr\u00f3la Pirat\u00f3w z One Piece: Monkey D. Luffy | Figurka z One Piece \u2013 Sklep One Piece","isPartOf":{"@id":"https:\/\/boutique-one-piece.com\/#website"},"primaryImageOfPage":{"@id":"https:\/\/boutique-one-piece.com\/figurines-one-piece\/figurines-monkey-d-luffy\/figurine-one-piece-monkey-d-luffy-roi-des-pirates\/#primaryimage"},"image":{"@id":"https:\/\/boutique-one-piece.com\/figurines-one-piece\/figurines-monkey-d-luffy\/figurine-one-piece-monkey-d-luffy-roi-des-pirates\/#primaryimage"},"thumbnailUrl":"https:\/\/boutique-one-piece.com\/wp-content\/uploads\/2022\/09\/Figurine-One-Piece-Monkey-D-Luffy-Roi-Des-Pirates-1.jpg","datePublished":"2022-09-27T20:57:05+00:00","dateModified":"2024-09-16T12:59:23+00:00","description":"M\u0142ody piracie, nadszed\u0142 czas, aby\u015b zdoby\u0142 figurk\u0119 Kr\u00f3la Pirat\u00f3w Monkey D. Luffy&#039;ego z One Piece. Oto, co musisz wiedzie\u0107 o tym s\u0142ynnym kapitanie: Monkey D. Luffy jest piratem i g\u0142\u00f3wnym bohaterem mangi i anime One Piece. Jest r\u00f3wnie\u017c adoptowanym bratem zmar\u0142ego Portgas D. Ace&#039;a.","breadcrumb":{"@id":"https:\/\/boutique-one-piece.com\/figurines-one-piece\/figurines-monkey-d-luffy\/figurine-one-piece-monkey-d-luffy-roi-des-pirates\/#breadcrumb"},"inLanguage":"pl-PL","potentialAction":[{"@type":"ReadAction","target":["https:\/\/boutique-one-piece.com\/figurines-one-piece\/figurines-monkey-d-luffy\/figurine-one-piece-monkey-d-luffy-roi-des-pirates\/"]}]},{"@type":"ImageObject","inLanguage":"pl-PL","@id":"https:\/\/boutique-one-piece.com\/figurines-one-piece\/figurines-monkey-d-luffy\/figurine-one-piece-monkey-d-luffy-roi-des-pirates\/#primaryimage","url":"https:\/\/boutique-one-piece.com\/wp-content\/uploads\/2022\/09\/Figurine-One-Piece-Monkey-D-Luffy-Roi-Des-Pirates-1.jpg","contentUrl":"https:\/\/boutique-one-piece.com\/wp-content\/uploads\/2022\/09\/Figurine-One-Piece-Monkey-D-Luffy-Roi-Des-Pirates-1.jpg","width":1000,"height":1000},{"@type":"BreadcrumbList","@id":"https:\/\/boutique-one-piece.com\/figurines-one-piece\/figurines-monkey-d-luffy\/figurine-one-piece-monkey-d-luffy-roi-des-pirates\/#breadcrumb","itemListElement":[{"@type":"ListItem","position":1,"name":"Home","item":"https:\/\/boutique-one-piece.com\/"},{"@type":"ListItem","position":2,"name":"Shop","item":"https:\/\/boutique-one-piece.com\/shop\/"},{"@type":"ListItem","position":3,"name":"Figurine One Piece Monkey D Luffy Roi Des Pirates"}]},{"@type":"WebSite","@id":"https:\/\/boutique-one-piece.com\/#website","url":"https:\/\/boutique-one-piece.com\/","name":"One Piece Shop","description":"Sklep specjalistyczny z mang\u0105 i anime One Piece","publisher":{"@id":"https:\/\/boutique-one-piece.com\/#organization"},"potentialAction":[{"@type":"SearchAction","target":{"@type":"EntryPoint","urlTemplate":"https:\/\/boutique-one-piece.com\/?s={search_term_string}"},"query-input":{"@type":"PropertyValueSpecification","valueRequired":true,"valueName":"search_term_string"}}],"inLanguage":"pl-PL"},{"@type":"Organization","@id":"https:\/\/boutique-one-piece.com\/#organization","name":"One Piece Shop","url":"https:\/\/boutique-one-piece.com\/","logo":{"@type":"ImageObject","inLanguage":"pl-PL","@id":"https:\/\/boutique-one-piece.com\/#\/schema\/logo\/image\/","url":"https:\/\/boutique-one-piece.com\/wp-content\/uploads\/2022\/09\/Logo-01.png","contentUrl":"https:\/\/boutique-one-piece.com\/wp-content\/uploads\/2022\/09\/Logo-01.png","width":2318,"height":957,"caption":"Boutique One Piece"},"image":{"@id":"https:\/\/boutique-one-piece.com\/#\/schema\/logo\/image\/"}}]}},"_links":{"self":[{"href":"https:\/\/boutique-one-piece.com\/pl\/wp-json\/wp\/v2\/product\/12635","targetHints":{"allow":["GET"]}}],"collection":[{"href":"https:\/\/boutique-one-piece.com\/pl\/wp-json\/wp\/v2\/product"}],"about":[{"href":"https:\/\/boutique-one-piece.com\/pl\/wp-json\/wp\/v2\/types\/product"}],"replies":[{"embeddable":true,"href":"https:\/\/boutique-one-piece.com\/pl\/wp-json\/wp\/v2\/comments?post=12635"}],"wp:featuredmedia":[{"embeddable":true,"href":"https:\/\/boutique-one-piece.com\/pl\/wp-json\/wp\/v2\/media\/12637"}],"wp:attachment":[{"href":"https:\/\/boutique-one-piece.com\/pl\/wp-json\/wp\/v2\/media?parent=12635"}],"wp:term":[{"taxonomy":"product_brand","embeddable":true,"href":"https:\/\/boutique-one-piece.com\/pl\/wp-json\/wp\/v2\/product_brand?post=12635"},{"taxonomy":"product_cat","embeddable":true,"href":"https:\/\/boutique-one-piece.com\/pl\/wp-json\/wp\/v2\/product_cat?post=12635"},{"taxonomy":"product_tag","embeddable":true,"href":"https:\/\/boutique-one-piece.com\/pl\/wp-json\/wp\/v2\/product_tag?post=12635"}],"curies":[{"name":"wp","href":"https:\/\/api.w.org\/{rel}","templated":true}]}}