{"id":12737,"date":"2022-09-27T20:57:50","date_gmt":"2022-09-27T20:57:50","guid":{"rendered":"https:\/\/boutique-one-piece.com\/uncategorized\/avis-de-recherche-one-piece-marshall-d-teach-wanted\/"},"modified":"2024-09-16T13:02:03","modified_gmt":"2024-09-16T13:02:03","slug":"ogloszenie-o-poszukiwaniu-jednego-kawalka-marshalla-d-teacha","status":"publish","type":"product","link":"https:\/\/boutique-one-piece.com\/pl\/dekoracje-one-piece\/ogloszenie-o-poszukiwaniu-jednego-kawalka-marshalla-d-teacha\/","title":{"rendered":"Og\u0142oszenie o poszukiwaniu Marshalla D. Teacha"},"content":{"rendered":"<h2>Chcesz ozdobi\u0107 swoje \u015bciany plakatem z twardzielem i z\u0142ym piratem? Ten plakat \u201eMarshall D Teach Wanted\u201d powinien by\u0107 w\u0142a\u015bnie tym, czego szukasz.<\/h2>\n<p>Marshall D. Teach, znany r\u00f3wnie\u017c jako Czarnobrody, zosta\u0142 czwartym <strong>Cesarz<\/strong> po tym, jak zabi\u0142 Bia\u0142obrodego pod koniec wielkiej bitwy pod Marineford. Jest bezwzgl\u0119dnym piratem, ale wydaje si\u0119 otwarty, gdy spotyka Luffy&#039;ego, kt\u00f3rego sny zostaj\u0105 wy\u015bmiane, gdy dowiaduje si\u0119, \u017ce sny nigdy nie znikaj\u0105, co sugeruje, \u017ce zawsze nale\u017cy w nie wierzy\u0107.<\/p>\n<p>Jednak p\u00f3\u017aniej stanie si\u0119 wrogiem, poniewa\u017c b\u0119dzie <strong>As przechwytywania<\/strong> i przekaza\u0107 j\u0105 Rz\u0105dowi \u015awiatowemu, poniewa\u017c w tamtym czasie Marshall D. Teach by\u0142 <strong>shichibukai<\/strong>, aby mo\u017cna by\u0142o wykona\u0107 Asa.<\/p>\n<h3>Powie\u015b na \u015bcianie plakat go\u0144czy za jednym z najg\u0142o\u015bniejszych antagonist\u00f3w w One Piece, Marshallem D. Teachem.<\/h3>\n<p>Marshall D. Teach jest nie tylko bezwzgl\u0119dny, ale i niezwykle inteligentny, zdaj\u0105c si\u0119 skrupulatnie kalkulowa\u0107 ka\u017cde swoje dzia\u0142anie. Wykorzystuje chaos panuj\u0105cy w Impel Down, by zwerbowa\u0107 najgro\u017aniejszych wi\u0119\u017ani\u00f3w z najni\u017cszych poziom\u00f3w wi\u0119zienia, a gdy jest powa\u017cnie os\u0142abiony, zabija Bia\u0142obrodego, by ukra\u015b\u0107 mu Diabelski Owoc i zwi\u0119kszy\u0107 moc swoj\u0105 lub swojej za\u0142ogi. <strong>Marshall D. Teach Head<\/strong> o warto\u015bci 2 miliard\u00f3w 247 milion\u00f3w i 600 tysi\u0119cy Berries.<\/p>\n<p>Je\u015bli lubisz bonusy, to <a href=\"https:\/\/boutique-one-piece.com\/pl\/marco-poszukiwany-list\/\" target=\"_blank\" title=\"Marco poszukiwany\" rel=\"noopener noreferrer\">Marco, poszukiwany list<\/a> powinno ci\u0119 zachwyci\u0107.<\/p>\n<h2>Informacje o og\u0142oszeniu o poszukiwaniu Marshalla D. Teacha<\/h2>\n<ul>\n<li><span><b><u>Plakat poszukiwany One Piece<\/u><\/b>\u00a0Prawdziwy plakat poszukiwany za bycie prawdziwym piratem One Piece<\/span><\/li>\n<\/ul>\n<ul>\n<li><span><strong>Wysoka jako\u015b\u0107 druku<\/strong>\u00a0dok\u0142adne kolory<\/span><\/li>\n<\/ul>\n<ul>\n<li><span><strong>Wymiar<\/strong>\u00a0: 30X21cm 42X30cm 35X50cm<\/span><\/li>\n<\/ul>\n<ul>\n<li><span><strong>DARMOWA DOSTAWA<\/strong><\/span><\/li>\n<\/ul>","protected":false},"excerpt":{"rendered":"<p>Tu as envie de d\u00e9corer tes murs avec une affiche d&rsquo;un pirate m\u00e9chant et badass ? Cet Avis de Recherche Marshall D Teach Wanted devrait te convenir. Marshall D. Teach, \u00e9galement surnomm\u00e9 Barbe Noire est devenu le quatri\u00e8me Empereur apr\u00e8s que celui-ci a tu\u00e9 Barbe Blanche \u00e0 la fin de la grande bataille de Marineford. [&hellip;]<\/p>","protected":false},"featured_media":12739,"comment_status":"open","ping_status":"open","template":"","meta":[],"product_brand":[],"product_cat":[171,150],"product_tag":[],"class_list":{"0":"post-12737","1":"product","2":"type-product","3":"status-publish","4":"has-post-thumbnail","6":"product_cat-avis-de-recherche-one-piece","7":"product_cat-decorations-one-piece","9":"first","10":"instock","11":"purchasable","12":"product-type-variable"},"yoast_head":"<!-- This site is optimized with the Yoast SEO plugin v27.5 - https:\/\/yoast.com\/product\/yoast-seo-wordpress\/ -->\n<title>Avis de Recherche One Piece Marshall D. Teach Wanted | D\u00e9coration One Piece \u2013 Boutique One Piece<\/title>\n<meta name=\"description\" content=\"Tu as envie de d\u00e9corer tes murs avec une affiche d&#039;un pirate m\u00e9chant et badass ? Cet Avis de Recherche Marshall D Teach Wanted devrait te convenir. Marshall D. Teach, \u00e9galement surnomm\u00e9 Barbe Noire est devenu le quatri\u00e8me Empereur apr\u00e8s que celui-ci a tu\u00e9 Barbe Blanche \u00e0 la fin de la grande bataille de Marineford. C&#039;es\" \/>\n<meta name=\"robots\" content=\"index, follow, max-snippet:-1, max-image-preview:large, max-video-preview:-1\" \/>\n<link rel=\"canonical\" href=\"https:\/\/boutique-one-piece.com\/pl\/plakat-poszukiwany-one-piece\/ogloszenie-o-poszukiwaniu-jednego-kawalka-marshalla-d-teacha\/\" \/>\n<meta property=\"og:locale\" content=\"pl_PL\" \/>\n<meta property=\"og:type\" content=\"article\" \/>\n<meta property=\"og:title\" content=\"Avis de Recherche One Piece Marshall D. Teach Wanted | D\u00e9coration One Piece \u2013 Boutique One Piece\" \/>\n<meta property=\"og:description\" content=\"Tu as envie de d\u00e9corer tes murs avec une affiche d&#039;un pirate m\u00e9chant et badass ? Cet Avis de Recherche Marshall D Teach Wanted devrait te convenir. Marshall D. Teach, \u00e9galement surnomm\u00e9 Barbe Noire est devenu le quatri\u00e8me Empereur apr\u00e8s que celui-ci a tu\u00e9 Barbe Blanche \u00e0 la fin de la grande bataille de Marineford. C&#039;es\" \/>\n<meta property=\"og:url\" content=\"https:\/\/boutique-one-piece.com\/pl\/plakat-poszukiwany-one-piece\/ogloszenie-o-poszukiwaniu-jednego-kawalka-marshalla-d-teacha\/\" \/>\n<meta property=\"og:site_name\" content=\"Boutique One Piece\" \/>\n<meta property=\"article:modified_time\" content=\"2024-09-16T13:02:03+00:00\" \/>\n<meta property=\"og:image\" content=\"https:\/\/boutique-one-piece.com\/wp-content\/uploads\/2022\/09\/Avis-de-Recherche-Marshall-D.-Teach-Wanted.jpg\" \/>\n\t<meta property=\"og:image:width\" content=\"800\" \/>\n\t<meta property=\"og:image:height\" content=\"800\" \/>\n\t<meta property=\"og:image:type\" content=\"image\/jpeg\" \/>\n<meta name=\"twitter:card\" content=\"summary_large_image\" \/>\n<meta name=\"twitter:label1\" content=\"Szacowany czas czytania\" \/>\n\t<meta name=\"twitter:data1\" content=\"2 minuty\" \/>\n<script type=\"application\/ld+json\" class=\"yoast-schema-graph\">{\"@context\":\"https:\\\/\\\/schema.org\",\"@graph\":[{\"@type\":\"WebPage\",\"@id\":\"https:\\\/\\\/boutique-one-piece.com\\\/avis-de-recherche-one-piece\\\/avis-de-recherche-one-piece-marshall-d-teach-wanted\\\/\",\"url\":\"https:\\\/\\\/boutique-one-piece.com\\\/avis-de-recherche-one-piece\\\/avis-de-recherche-one-piece-marshall-d-teach-wanted\\\/\",\"name\":\"Avis de Recherche One Piece Marshall D. Teach Wanted | D\u00e9coration One Piece \u2013 Boutique One Piece\",\"isPartOf\":{\"@id\":\"https:\\\/\\\/boutique-one-piece.com\\\/#website\"},\"primaryImageOfPage\":{\"@id\":\"https:\\\/\\\/boutique-one-piece.com\\\/avis-de-recherche-one-piece\\\/avis-de-recherche-one-piece-marshall-d-teach-wanted\\\/#primaryimage\"},\"image\":{\"@id\":\"https:\\\/\\\/boutique-one-piece.com\\\/avis-de-recherche-one-piece\\\/avis-de-recherche-one-piece-marshall-d-teach-wanted\\\/#primaryimage\"},\"thumbnailUrl\":\"https:\\\/\\\/boutique-one-piece.com\\\/wp-content\\\/uploads\\\/2022\\\/09\\\/Avis-de-Recherche-Marshall-D.-Teach-Wanted.jpg\",\"datePublished\":\"2022-09-27T20:57:50+00:00\",\"dateModified\":\"2024-09-16T13:02:03+00:00\",\"description\":\"Tu as envie de d\u00e9corer tes murs avec une affiche d'un pirate m\u00e9chant et badass ? Cet Avis de Recherche Marshall D Teach Wanted devrait te convenir. Marshall D. Teach, \u00e9galement surnomm\u00e9 Barbe Noire est devenu le quatri\u00e8me Empereur apr\u00e8s que celui-ci a tu\u00e9 Barbe Blanche \u00e0 la fin de la grande bataille de Marineford. C'es\",\"breadcrumb\":{\"@id\":\"https:\\\/\\\/boutique-one-piece.com\\\/avis-de-recherche-one-piece\\\/avis-de-recherche-one-piece-marshall-d-teach-wanted\\\/#breadcrumb\"},\"inLanguage\":\"pl-PL\",\"potentialAction\":[{\"@type\":\"ReadAction\",\"target\":[\"https:\\\/\\\/boutique-one-piece.com\\\/avis-de-recherche-one-piece\\\/avis-de-recherche-one-piece-marshall-d-teach-wanted\\\/\"]}]},{\"@type\":\"ImageObject\",\"inLanguage\":\"pl-PL\",\"@id\":\"https:\\\/\\\/boutique-one-piece.com\\\/avis-de-recherche-one-piece\\\/avis-de-recherche-one-piece-marshall-d-teach-wanted\\\/#primaryimage\",\"url\":\"https:\\\/\\\/boutique-one-piece.com\\\/wp-content\\\/uploads\\\/2022\\\/09\\\/Avis-de-Recherche-Marshall-D.-Teach-Wanted.jpg\",\"contentUrl\":\"https:\\\/\\\/boutique-one-piece.com\\\/wp-content\\\/uploads\\\/2022\\\/09\\\/Avis-de-Recherche-Marshall-D.-Teach-Wanted.jpg\",\"width\":800,\"height\":800,\"caption\":\"Avis de Recherche Marshall D. Teach Wanted 35X50cm\"},{\"@type\":\"BreadcrumbList\",\"@id\":\"https:\\\/\\\/boutique-one-piece.com\\\/avis-de-recherche-one-piece\\\/avis-de-recherche-one-piece-marshall-d-teach-wanted\\\/#breadcrumb\",\"itemListElement\":[{\"@type\":\"ListItem\",\"position\":1,\"name\":\"Home\",\"item\":\"https:\\\/\\\/boutique-one-piece.com\\\/\"},{\"@type\":\"ListItem\",\"position\":2,\"name\":\"Shop\",\"item\":\"https:\\\/\\\/boutique-one-piece.com\\\/shop\\\/\"},{\"@type\":\"ListItem\",\"position\":3,\"name\":\"Avis de Recherche Marshall D. Teach Wanted\"}]},{\"@type\":\"WebSite\",\"@id\":\"https:\\\/\\\/boutique-one-piece.com\\\/#website\",\"url\":\"https:\\\/\\\/boutique-one-piece.com\\\/\",\"name\":\"Boutique One Piece\",\"description\":\"Magasin Sp\u00e9cialis\u00e9 du Manga et l&#039;Anime One Piece\",\"publisher\":{\"@id\":\"https:\\\/\\\/boutique-one-piece.com\\\/#organization\"},\"potentialAction\":[{\"@type\":\"SearchAction\",\"target\":{\"@type\":\"EntryPoint\",\"urlTemplate\":\"https:\\\/\\\/boutique-one-piece.com\\\/?s={search_term_string}\"},\"query-input\":{\"@type\":\"PropertyValueSpecification\",\"valueRequired\":true,\"valueName\":\"search_term_string\"}}],\"inLanguage\":\"pl-PL\"},{\"@type\":\"Organization\",\"@id\":\"https:\\\/\\\/boutique-one-piece.com\\\/#organization\",\"name\":\"Boutique One Piece\",\"url\":\"https:\\\/\\\/boutique-one-piece.com\\\/\",\"logo\":{\"@type\":\"ImageObject\",\"inLanguage\":\"pl-PL\",\"@id\":\"https:\\\/\\\/boutique-one-piece.com\\\/#\\\/schema\\\/logo\\\/image\\\/\",\"url\":\"https:\\\/\\\/boutique-one-piece.com\\\/wp-content\\\/uploads\\\/2022\\\/09\\\/Logo-01.png\",\"contentUrl\":\"https:\\\/\\\/boutique-one-piece.com\\\/wp-content\\\/uploads\\\/2022\\\/09\\\/Logo-01.png\",\"width\":2318,\"height\":957,\"caption\":\"Boutique One Piece\"},\"image\":{\"@id\":\"https:\\\/\\\/boutique-one-piece.com\\\/#\\\/schema\\\/logo\\\/image\\\/\"}}]}<\/script>\n<!-- \/ Yoast SEO plugin. -->","yoast_head_json":{"title":"Plakat poszukiwany One Piece: Marshall D. Teach | Dekoracje One Piece \u2013 Sklep One Piece","description":"Chcesz ozdobi\u0107 swoje \u015bciany plakatem z twardzielskim, z\u0142owrogim piratem? Ten plakat \u201ePoszukiwany Marshall D. Teach\u201d powinien by\u0107 w\u0142a\u015bnie tym, czego szukasz. Marshall D. Teach, znany r\u00f3wnie\u017c jako Czarnobrody, zosta\u0142 czwartym cesarzem po zabiciu Bia\u0142obrodego pod koniec wielkiej bitwy pod Marineford.","robots":{"index":"index","follow":"follow","max-snippet":"max-snippet:-1","max-image-preview":"max-image-preview:large","max-video-preview":"max-video-preview:-1"},"canonical":"https:\/\/boutique-one-piece.com\/pl\/plakat-poszukiwany-one-piece\/ogloszenie-o-poszukiwaniu-jednego-kawalka-marshalla-d-teacha\/","og_locale":"pl_PL","og_type":"article","og_title":"Avis de Recherche One Piece Marshall D. Teach Wanted | D\u00e9coration One Piece \u2013 Boutique One Piece","og_description":"Tu as envie de d\u00e9corer tes murs avec une affiche d'un pirate m\u00e9chant et badass ? Cet Avis de Recherche Marshall D Teach Wanted devrait te convenir. Marshall D. Teach, \u00e9galement surnomm\u00e9 Barbe Noire est devenu le quatri\u00e8me Empereur apr\u00e8s que celui-ci a tu\u00e9 Barbe Blanche \u00e0 la fin de la grande bataille de Marineford. C'es","og_url":"https:\/\/boutique-one-piece.com\/pl\/plakat-poszukiwany-one-piece\/ogloszenie-o-poszukiwaniu-jednego-kawalka-marshalla-d-teacha\/","og_site_name":"Boutique One Piece","article_modified_time":"2024-09-16T13:02:03+00:00","og_image":[{"width":800,"height":800,"url":"https:\/\/boutique-one-piece.com\/wp-content\/uploads\/2022\/09\/Avis-de-Recherche-Marshall-D.-Teach-Wanted.jpg","type":"image\/jpeg"}],"twitter_card":"summary_large_image","twitter_misc":{"Szacowany czas czytania":"2 minuty"},"schema":{"@context":"https:\/\/schema.org","@graph":[{"@type":"WebPage","@id":"https:\/\/boutique-one-piece.com\/avis-de-recherche-one-piece\/avis-de-recherche-one-piece-marshall-d-teach-wanted\/","url":"https:\/\/boutique-one-piece.com\/avis-de-recherche-one-piece\/avis-de-recherche-one-piece-marshall-d-teach-wanted\/","name":"Plakat poszukiwany One Piece: Marshall D. Teach | Dekoracje One Piece \u2013 Sklep One Piece","isPartOf":{"@id":"https:\/\/boutique-one-piece.com\/#website"},"primaryImageOfPage":{"@id":"https:\/\/boutique-one-piece.com\/avis-de-recherche-one-piece\/avis-de-recherche-one-piece-marshall-d-teach-wanted\/#primaryimage"},"image":{"@id":"https:\/\/boutique-one-piece.com\/avis-de-recherche-one-piece\/avis-de-recherche-one-piece-marshall-d-teach-wanted\/#primaryimage"},"thumbnailUrl":"https:\/\/boutique-one-piece.com\/wp-content\/uploads\/2022\/09\/Avis-de-Recherche-Marshall-D.-Teach-Wanted.jpg","datePublished":"2022-09-27T20:57:50+00:00","dateModified":"2024-09-16T13:02:03+00:00","description":"Chcesz ozdobi\u0107 swoje \u015bciany plakatem z twardzielskim, z\u0142owrogim piratem? Ten plakat \u201ePoszukiwany Marshall D. Teach\u201d powinien by\u0107 w\u0142a\u015bnie tym, czego szukasz. Marshall D. Teach, znany r\u00f3wnie\u017c jako Czarnobrody, zosta\u0142 czwartym cesarzem po zabiciu Bia\u0142obrodego pod koniec wielkiej bitwy pod Marineford.","breadcrumb":{"@id":"https:\/\/boutique-one-piece.com\/avis-de-recherche-one-piece\/avis-de-recherche-one-piece-marshall-d-teach-wanted\/#breadcrumb"},"inLanguage":"pl-PL","potentialAction":[{"@type":"ReadAction","target":["https:\/\/boutique-one-piece.com\/avis-de-recherche-one-piece\/avis-de-recherche-one-piece-marshall-d-teach-wanted\/"]}]},{"@type":"ImageObject","inLanguage":"pl-PL","@id":"https:\/\/boutique-one-piece.com\/avis-de-recherche-one-piece\/avis-de-recherche-one-piece-marshall-d-teach-wanted\/#primaryimage","url":"https:\/\/boutique-one-piece.com\/wp-content\/uploads\/2022\/09\/Avis-de-Recherche-Marshall-D.-Teach-Wanted.jpg","contentUrl":"https:\/\/boutique-one-piece.com\/wp-content\/uploads\/2022\/09\/Avis-de-Recherche-Marshall-D.-Teach-Wanted.jpg","width":800,"height":800,"caption":"Avis de Recherche Marshall D. Teach Wanted 35X50cm"},{"@type":"BreadcrumbList","@id":"https:\/\/boutique-one-piece.com\/avis-de-recherche-one-piece\/avis-de-recherche-one-piece-marshall-d-teach-wanted\/#breadcrumb","itemListElement":[{"@type":"ListItem","position":1,"name":"Home","item":"https:\/\/boutique-one-piece.com\/"},{"@type":"ListItem","position":2,"name":"Shop","item":"https:\/\/boutique-one-piece.com\/shop\/"},{"@type":"ListItem","position":3,"name":"Avis de Recherche Marshall D. Teach Wanted"}]},{"@type":"WebSite","@id":"https:\/\/boutique-one-piece.com\/#website","url":"https:\/\/boutique-one-piece.com\/","name":"One Piece Shop","description":"Sklep specjalistyczny z mang\u0105 i anime One Piece","publisher":{"@id":"https:\/\/boutique-one-piece.com\/#organization"},"potentialAction":[{"@type":"SearchAction","target":{"@type":"EntryPoint","urlTemplate":"https:\/\/boutique-one-piece.com\/?s={search_term_string}"},"query-input":{"@type":"PropertyValueSpecification","valueRequired":true,"valueName":"search_term_string"}}],"inLanguage":"pl-PL"},{"@type":"Organization","@id":"https:\/\/boutique-one-piece.com\/#organization","name":"One Piece Shop","url":"https:\/\/boutique-one-piece.com\/","logo":{"@type":"ImageObject","inLanguage":"pl-PL","@id":"https:\/\/boutique-one-piece.com\/#\/schema\/logo\/image\/","url":"https:\/\/boutique-one-piece.com\/wp-content\/uploads\/2022\/09\/Logo-01.png","contentUrl":"https:\/\/boutique-one-piece.com\/wp-content\/uploads\/2022\/09\/Logo-01.png","width":2318,"height":957,"caption":"Boutique One Piece"},"image":{"@id":"https:\/\/boutique-one-piece.com\/#\/schema\/logo\/image\/"}}]}},"_links":{"self":[{"href":"https:\/\/boutique-one-piece.com\/pl\/wp-json\/wp\/v2\/product\/12737","targetHints":{"allow":["GET"]}}],"collection":[{"href":"https:\/\/boutique-one-piece.com\/pl\/wp-json\/wp\/v2\/product"}],"about":[{"href":"https:\/\/boutique-one-piece.com\/pl\/wp-json\/wp\/v2\/types\/product"}],"replies":[{"embeddable":true,"href":"https:\/\/boutique-one-piece.com\/pl\/wp-json\/wp\/v2\/comments?post=12737"}],"wp:featuredmedia":[{"embeddable":true,"href":"https:\/\/boutique-one-piece.com\/pl\/wp-json\/wp\/v2\/media\/12739"}],"wp:attachment":[{"href":"https:\/\/boutique-one-piece.com\/pl\/wp-json\/wp\/v2\/media?parent=12737"}],"wp:term":[{"taxonomy":"product_brand","embeddable":true,"href":"https:\/\/boutique-one-piece.com\/pl\/wp-json\/wp\/v2\/product_brand?post=12737"},{"taxonomy":"product_cat","embeddable":true,"href":"https:\/\/boutique-one-piece.com\/pl\/wp-json\/wp\/v2\/product_cat?post=12737"},{"taxonomy":"product_tag","embeddable":true,"href":"https:\/\/boutique-one-piece.com\/pl\/wp-json\/wp\/v2\/product_tag?post=12737"}],"curies":[{"name":"wp","href":"https:\/\/api.w.org\/{rel}","templated":true}]}}