{"id":12802,"date":"2022-09-27T20:58:24","date_gmt":"2022-09-27T20:58:24","guid":{"rendered":"https:\/\/boutique-one-piece.com\/uncategorized\/figurine-one-piece-luffy-gear-fourth-kong-man\/"},"modified":"2024-09-16T13:03:10","modified_gmt":"2024-09-16T13:03:10","slug":"one-piece-luffy-gear-figurka-czwartego-kong-mana","status":"publish","type":"product","link":"https:\/\/boutique-one-piece.com\/pl\/smakolyki-z-one-piece\/slodycze-monkey-d-luffy-one-piece\/one-piece-luffy-gear-figurka-czwartego-kong-mana\/","title":{"rendered":"One Piece Luffy Gear Czwarta figurka Kong Mana"},"content":{"rendered":"<h2>M\u0142ody piracie, nadszed\u0142 czas, aby\u015b zdoby\u0142 figurk\u0119 One Piece Luffy Gear Fourth Kong Man.<\/h2>\n<p>Oto, co musisz wiedzie\u0107 na ten temat: ; <strong>Bieg czwarty<\/strong> to nazwa techniki walki stosowanej przez Monkey D. Luffy&#039;ego, kt\u00f3ra po raz pierwszy pojawi\u0142a si\u0119 w jego walce z <strong>Doflamingo<\/strong>. Technik\u0119 t\u0119 opracowa\u0142 Luffy podczas treningu na Rusukainie.<\/p>\n<p>Co si\u0119 tyczy <strong>Gum Gum Kong Gun<\/strong>, co dos\u0142ownie oznacza \u00abUderzenie Goryla\u00bb; to pierwsza technika, kt\u00f3rej Luffy u\u017cywa w Gear Fourth przeciwko Doflamingo. \u015aciskaj\u0105c pi\u0119\u015b\u0107 z powrotem w powi\u0119kszonym przedramieniu, Luffy jest w stanie zada\u0107 niszczycielski cios, prze\u0142amuj\u0105c obron\u0119 Doflamingo i posy\u0142aj\u0105c go w powietrze. A tak przy okazji, je\u015bli chcesz rozszerzy\u0107 swoj\u0105 kolekcj\u0119 figurek, <a title=\"ONE PIECE DON KICHOTE DOFLAMINGO FIGURKA\" href=\"https:\/\/boutique-one-piece.com\/pl\/jednoczesciowa-figurka-don-kichota-doflamingo\/\" target=\"_blank\" rel=\"noopener\">Figurka Doflamingo<\/a> jest w Twoim zasi\u0119gu.<\/p>\n<h3>Czy urzek\u0142a Ci\u0119 figurka Luffy&#039;ego i jego technika walki z Gear Fourth Gum Gum Kong Gun? Je\u015bli tak, nie wahaj si\u0119 d\u0142u\u017cej i do\u0142\u0105cz do niego we wszystkich jego bitwach.<\/h3>\n<p>Niezale\u017cnie od tego, czy jeste\u015b zagorza\u0142ym fanem, czy do\u015bwiadczonym kolekcjonerem, nie szukaj dalej, te przedmioty s\u0105 zdecydowanie dla Ciebie. Idealne na prezent, dekoracj\u0119 lub do kolekcjonowania, b\u0119d\u0105 uzupe\u0142nieniem <strong>Tw\u00f3j wszech\u015bwiat One Piece<\/strong>. Pozosta\u0142o Ci tylko jedno zrobi\u0107. <strong>m\u0142ody pirat<\/strong>, We\u017a sw\u00f3j los we w\u0142asne r\u0119ce i prze\u017cyj jeszcze wiele ekscytuj\u0105cych przyg\u00f3d!<\/p>\n<h2>Informacje o figurce Luffy Gear Fourth Kong Man\u00a0<\/h2>\n<ul>\n<li><span><b><u>Figurka One Piece<\/u><\/b>\u00a0Figurka Premium One Piece dla prawdziwych pirat\u00f3w<\/span><\/li>\n<\/ul>\n<ul>\n<li>\n<b>Materia\u0142<\/b><span>\u00a0<\/span>PCV<\/li>\n<\/ul>\n<ul>\n<li><span><strong>Wymiar<\/strong>\u00a0: 16 cm<\/span><\/li>\n<\/ul>\n<ul>\n<li><span><strong>DARMOWA DOSTAWA<\/strong><\/span><\/li>\n<\/ul>","protected":false},"excerpt":{"rendered":"<p>Jeune pirate, le moment est venu pour toi de te procurer cette Figurine One Piece Luffy Gear Fourth Kong Man. Voici ce que tu dois savoir \u00e0 ce sujet ; Gear Fourth est le nom d&rsquo;une technique de combat de Monkey D. Luffy qui appara\u00eet pour la premi\u00e8re fois dans le combat de ce dernier [&hellip;]<\/p>","protected":false},"featured_media":12804,"comment_status":"open","ping_status":"open","template":"","meta":[],"product_brand":[],"product_cat":[181,76,80],"product_tag":[92],"class_list":{"0":"post-12802","1":"product","2":"type-product","3":"status-publish","4":"has-post-thumbnail","6":"product_cat-figurines-monkey-d-luffy","7":"product_cat-figurines-one-piece","8":"product_cat-goodies-monkey-d-luffy-one-piece","9":"product_tag-luffy","11":"first","12":"instock","13":"purchasable","14":"product-type-simple"},"yoast_head":"<!-- This site is optimized with the Yoast SEO plugin v27.5 - https:\/\/yoast.com\/product\/yoast-seo-wordpress\/ -->\n<title>Figurine One Piece Luffy Gear Fourth Kong Man | Figurine One Piece \u2013 Boutique One Piece<\/title>\n<meta name=\"description\" content=\"Jeune pirate, le moment est venu pour toi de te procurer cette Figurine One Piece Luffy Gear Fourth Kong Man. Voici ce que tu dois savoir \u00e0 ce sujet ; Gear Fourth est le nom d&#039;une technique de combat de Monkey D. Luffy qui appara\u00eet pour la premi\u00e8re fois dans le combat de ce dernier contre Doflamingo. Cette technique a\" \/>\n<meta name=\"robots\" content=\"index, follow, max-snippet:-1, max-image-preview:large, max-video-preview:-1\" \/>\n<link rel=\"canonical\" href=\"https:\/\/boutique-one-piece.com\/pl\/figurki-one-piece\/figurki-monkey-d-luffyego\/one-piece-luffy-gear-figurka-czwartego-kong-mana\/\" \/>\n<meta property=\"og:locale\" content=\"pl_PL\" \/>\n<meta property=\"og:type\" content=\"article\" \/>\n<meta property=\"og:title\" content=\"Figurine One Piece Luffy Gear Fourth Kong Man | Figurine One Piece \u2013 Boutique One Piece\" \/>\n<meta property=\"og:description\" content=\"Jeune pirate, le moment est venu pour toi de te procurer cette Figurine One Piece Luffy Gear Fourth Kong Man. Voici ce que tu dois savoir \u00e0 ce sujet ; Gear Fourth est le nom d&#039;une technique de combat de Monkey D. Luffy qui appara\u00eet pour la premi\u00e8re fois dans le combat de ce dernier contre Doflamingo. Cette technique a\" \/>\n<meta property=\"og:url\" content=\"https:\/\/boutique-one-piece.com\/pl\/figurki-one-piece\/figurki-monkey-d-luffyego\/one-piece-luffy-gear-figurka-czwartego-kong-mana\/\" \/>\n<meta property=\"og:site_name\" content=\"Boutique One Piece\" \/>\n<meta property=\"article:modified_time\" content=\"2024-09-16T13:03:10+00:00\" \/>\n<meta property=\"og:image\" content=\"https:\/\/boutique-one-piece.com\/wp-content\/uploads\/2022\/09\/Figurine-One-Piece-Luffy-Gear-Fourth-Kong-Man.jpg\" \/>\n\t<meta property=\"og:image:width\" content=\"640\" \/>\n\t<meta property=\"og:image:height\" content=\"640\" \/>\n\t<meta property=\"og:image:type\" content=\"image\/jpeg\" \/>\n<meta name=\"twitter:card\" content=\"summary_large_image\" \/>\n<meta name=\"twitter:label1\" content=\"Szacowany czas czytania\" \/>\n\t<meta name=\"twitter:data1\" content=\"1 minuta\" \/>\n<script type=\"application\/ld+json\" class=\"yoast-schema-graph\">{\"@context\":\"https:\\\/\\\/schema.org\",\"@graph\":[{\"@type\":\"WebPage\",\"@id\":\"https:\\\/\\\/boutique-one-piece.com\\\/figurines-one-piece\\\/figurines-monkey-d-luffy\\\/figurine-one-piece-luffy-gear-fourth-kong-man\\\/\",\"url\":\"https:\\\/\\\/boutique-one-piece.com\\\/figurines-one-piece\\\/figurines-monkey-d-luffy\\\/figurine-one-piece-luffy-gear-fourth-kong-man\\\/\",\"name\":\"Figurine One Piece Luffy Gear Fourth Kong Man | Figurine One Piece \u2013 Boutique One Piece\",\"isPartOf\":{\"@id\":\"https:\\\/\\\/boutique-one-piece.com\\\/#website\"},\"primaryImageOfPage\":{\"@id\":\"https:\\\/\\\/boutique-one-piece.com\\\/figurines-one-piece\\\/figurines-monkey-d-luffy\\\/figurine-one-piece-luffy-gear-fourth-kong-man\\\/#primaryimage\"},\"image\":{\"@id\":\"https:\\\/\\\/boutique-one-piece.com\\\/figurines-one-piece\\\/figurines-monkey-d-luffy\\\/figurine-one-piece-luffy-gear-fourth-kong-man\\\/#primaryimage\"},\"thumbnailUrl\":\"https:\\\/\\\/boutique-one-piece.com\\\/wp-content\\\/uploads\\\/2022\\\/09\\\/Figurine-One-Piece-Luffy-Gear-Fourth-Kong-Man.jpg\",\"datePublished\":\"2022-09-27T20:58:24+00:00\",\"dateModified\":\"2024-09-16T13:03:10+00:00\",\"description\":\"Jeune pirate, le moment est venu pour toi de te procurer cette Figurine One Piece Luffy Gear Fourth Kong Man. Voici ce que tu dois savoir \u00e0 ce sujet ; Gear Fourth est le nom d'une technique de combat de Monkey D. Luffy qui appara\u00eet pour la premi\u00e8re fois dans le combat de ce dernier contre Doflamingo. Cette technique a\",\"breadcrumb\":{\"@id\":\"https:\\\/\\\/boutique-one-piece.com\\\/figurines-one-piece\\\/figurines-monkey-d-luffy\\\/figurine-one-piece-luffy-gear-fourth-kong-man\\\/#breadcrumb\"},\"inLanguage\":\"pl-PL\",\"potentialAction\":[{\"@type\":\"ReadAction\",\"target\":[\"https:\\\/\\\/boutique-one-piece.com\\\/figurines-one-piece\\\/figurines-monkey-d-luffy\\\/figurine-one-piece-luffy-gear-fourth-kong-man\\\/\"]}]},{\"@type\":\"ImageObject\",\"inLanguage\":\"pl-PL\",\"@id\":\"https:\\\/\\\/boutique-one-piece.com\\\/figurines-one-piece\\\/figurines-monkey-d-luffy\\\/figurine-one-piece-luffy-gear-fourth-kong-man\\\/#primaryimage\",\"url\":\"https:\\\/\\\/boutique-one-piece.com\\\/wp-content\\\/uploads\\\/2022\\\/09\\\/Figurine-One-Piece-Luffy-Gear-Fourth-Kong-Man.jpg\",\"contentUrl\":\"https:\\\/\\\/boutique-one-piece.com\\\/wp-content\\\/uploads\\\/2022\\\/09\\\/Figurine-One-Piece-Luffy-Gear-Fourth-Kong-Man.jpg\",\"width\":640,\"height\":640,\"caption\":\"Figurine One Piece Luffy Gear Fourth Kong Man Default Title\"},{\"@type\":\"BreadcrumbList\",\"@id\":\"https:\\\/\\\/boutique-one-piece.com\\\/figurines-one-piece\\\/figurines-monkey-d-luffy\\\/figurine-one-piece-luffy-gear-fourth-kong-man\\\/#breadcrumb\",\"itemListElement\":[{\"@type\":\"ListItem\",\"position\":1,\"name\":\"Home\",\"item\":\"https:\\\/\\\/boutique-one-piece.com\\\/\"},{\"@type\":\"ListItem\",\"position\":2,\"name\":\"Shop\",\"item\":\"https:\\\/\\\/boutique-one-piece.com\\\/shop\\\/\"},{\"@type\":\"ListItem\",\"position\":3,\"name\":\"Figurine One Piece Luffy Gear Fourth Kong Man\"}]},{\"@type\":\"WebSite\",\"@id\":\"https:\\\/\\\/boutique-one-piece.com\\\/#website\",\"url\":\"https:\\\/\\\/boutique-one-piece.com\\\/\",\"name\":\"Boutique One Piece\",\"description\":\"Magasin Sp\u00e9cialis\u00e9 du Manga et l&#039;Anime One Piece\",\"publisher\":{\"@id\":\"https:\\\/\\\/boutique-one-piece.com\\\/#organization\"},\"potentialAction\":[{\"@type\":\"SearchAction\",\"target\":{\"@type\":\"EntryPoint\",\"urlTemplate\":\"https:\\\/\\\/boutique-one-piece.com\\\/?s={search_term_string}\"},\"query-input\":{\"@type\":\"PropertyValueSpecification\",\"valueRequired\":true,\"valueName\":\"search_term_string\"}}],\"inLanguage\":\"pl-PL\"},{\"@type\":\"Organization\",\"@id\":\"https:\\\/\\\/boutique-one-piece.com\\\/#organization\",\"name\":\"Boutique One Piece\",\"url\":\"https:\\\/\\\/boutique-one-piece.com\\\/\",\"logo\":{\"@type\":\"ImageObject\",\"inLanguage\":\"pl-PL\",\"@id\":\"https:\\\/\\\/boutique-one-piece.com\\\/#\\\/schema\\\/logo\\\/image\\\/\",\"url\":\"https:\\\/\\\/boutique-one-piece.com\\\/wp-content\\\/uploads\\\/2022\\\/09\\\/Logo-01.png\",\"contentUrl\":\"https:\\\/\\\/boutique-one-piece.com\\\/wp-content\\\/uploads\\\/2022\\\/09\\\/Logo-01.png\",\"width\":2318,\"height\":957,\"caption\":\"Boutique One Piece\"},\"image\":{\"@id\":\"https:\\\/\\\/boutique-one-piece.com\\\/#\\\/schema\\\/logo\\\/image\\\/\"}}]}<\/script>\n<!-- \/ Yoast SEO plugin. -->","yoast_head_json":{"title":"One Piece Luffy Gear Figurka Czwartego Kong Mana | Figurka One Piece \u2013 Sklep One Piece","description":"M\u0142ody piracie, nadszed\u0142 czas, aby\u015b zdoby\u0142 figurk\u0119 One Piece Luffy Gear Fourth Kong Man. Oto, co musisz o niej wiedzie\u0107: Gear Fourth to nazwa techniki walki u\u017cywanej przez Monkey D. Luffy&#039;ego, kt\u00f3ra po raz pierwszy pojawi\u0142a si\u0119 podczas jego walki z Doflamingo. Ta technika ma\u2026","robots":{"index":"index","follow":"follow","max-snippet":"max-snippet:-1","max-image-preview":"max-image-preview:large","max-video-preview":"max-video-preview:-1"},"canonical":"https:\/\/boutique-one-piece.com\/pl\/figurki-one-piece\/figurki-monkey-d-luffyego\/one-piece-luffy-gear-figurka-czwartego-kong-mana\/","og_locale":"pl_PL","og_type":"article","og_title":"Figurine One Piece Luffy Gear Fourth Kong Man | Figurine One Piece \u2013 Boutique One Piece","og_description":"Jeune pirate, le moment est venu pour toi de te procurer cette Figurine One Piece Luffy Gear Fourth Kong Man. Voici ce que tu dois savoir \u00e0 ce sujet ; Gear Fourth est le nom d'une technique de combat de Monkey D. Luffy qui appara\u00eet pour la premi\u00e8re fois dans le combat de ce dernier contre Doflamingo. Cette technique a","og_url":"https:\/\/boutique-one-piece.com\/pl\/figurki-one-piece\/figurki-monkey-d-luffyego\/one-piece-luffy-gear-figurka-czwartego-kong-mana\/","og_site_name":"Boutique One Piece","article_modified_time":"2024-09-16T13:03:10+00:00","og_image":[{"width":640,"height":640,"url":"https:\/\/boutique-one-piece.com\/wp-content\/uploads\/2022\/09\/Figurine-One-Piece-Luffy-Gear-Fourth-Kong-Man.jpg","type":"image\/jpeg"}],"twitter_card":"summary_large_image","twitter_misc":{"Szacowany czas czytania":"1 minuta"},"schema":{"@context":"https:\/\/schema.org","@graph":[{"@type":"WebPage","@id":"https:\/\/boutique-one-piece.com\/figurines-one-piece\/figurines-monkey-d-luffy\/figurine-one-piece-luffy-gear-fourth-kong-man\/","url":"https:\/\/boutique-one-piece.com\/figurines-one-piece\/figurines-monkey-d-luffy\/figurine-one-piece-luffy-gear-fourth-kong-man\/","name":"One Piece Luffy Gear Figurka Czwartego Kong Mana | Figurka One Piece \u2013 Sklep One Piece","isPartOf":{"@id":"https:\/\/boutique-one-piece.com\/#website"},"primaryImageOfPage":{"@id":"https:\/\/boutique-one-piece.com\/figurines-one-piece\/figurines-monkey-d-luffy\/figurine-one-piece-luffy-gear-fourth-kong-man\/#primaryimage"},"image":{"@id":"https:\/\/boutique-one-piece.com\/figurines-one-piece\/figurines-monkey-d-luffy\/figurine-one-piece-luffy-gear-fourth-kong-man\/#primaryimage"},"thumbnailUrl":"https:\/\/boutique-one-piece.com\/wp-content\/uploads\/2022\/09\/Figurine-One-Piece-Luffy-Gear-Fourth-Kong-Man.jpg","datePublished":"2022-09-27T20:58:24+00:00","dateModified":"2024-09-16T13:03:10+00:00","description":"M\u0142ody piracie, nadszed\u0142 czas, aby\u015b zdoby\u0142 figurk\u0119 One Piece Luffy Gear Fourth Kong Man. Oto, co musisz o niej wiedzie\u0107: Gear Fourth to nazwa techniki walki u\u017cywanej przez Monkey D. Luffy&#039;ego, kt\u00f3ra po raz pierwszy pojawi\u0142a si\u0119 podczas jego walki z Doflamingo. Ta technika ma\u2026","breadcrumb":{"@id":"https:\/\/boutique-one-piece.com\/figurines-one-piece\/figurines-monkey-d-luffy\/figurine-one-piece-luffy-gear-fourth-kong-man\/#breadcrumb"},"inLanguage":"pl-PL","potentialAction":[{"@type":"ReadAction","target":["https:\/\/boutique-one-piece.com\/figurines-one-piece\/figurines-monkey-d-luffy\/figurine-one-piece-luffy-gear-fourth-kong-man\/"]}]},{"@type":"ImageObject","inLanguage":"pl-PL","@id":"https:\/\/boutique-one-piece.com\/figurines-one-piece\/figurines-monkey-d-luffy\/figurine-one-piece-luffy-gear-fourth-kong-man\/#primaryimage","url":"https:\/\/boutique-one-piece.com\/wp-content\/uploads\/2022\/09\/Figurine-One-Piece-Luffy-Gear-Fourth-Kong-Man.jpg","contentUrl":"https:\/\/boutique-one-piece.com\/wp-content\/uploads\/2022\/09\/Figurine-One-Piece-Luffy-Gear-Fourth-Kong-Man.jpg","width":640,"height":640,"caption":"Figurine One Piece Luffy Gear Fourth Kong Man Default Title"},{"@type":"BreadcrumbList","@id":"https:\/\/boutique-one-piece.com\/figurines-one-piece\/figurines-monkey-d-luffy\/figurine-one-piece-luffy-gear-fourth-kong-man\/#breadcrumb","itemListElement":[{"@type":"ListItem","position":1,"name":"Home","item":"https:\/\/boutique-one-piece.com\/"},{"@type":"ListItem","position":2,"name":"Shop","item":"https:\/\/boutique-one-piece.com\/shop\/"},{"@type":"ListItem","position":3,"name":"Figurine One Piece Luffy Gear Fourth Kong Man"}]},{"@type":"WebSite","@id":"https:\/\/boutique-one-piece.com\/#website","url":"https:\/\/boutique-one-piece.com\/","name":"One Piece Shop","description":"Sklep specjalistyczny z mang\u0105 i anime One Piece","publisher":{"@id":"https:\/\/boutique-one-piece.com\/#organization"},"potentialAction":[{"@type":"SearchAction","target":{"@type":"EntryPoint","urlTemplate":"https:\/\/boutique-one-piece.com\/?s={search_term_string}"},"query-input":{"@type":"PropertyValueSpecification","valueRequired":true,"valueName":"search_term_string"}}],"inLanguage":"pl-PL"},{"@type":"Organization","@id":"https:\/\/boutique-one-piece.com\/#organization","name":"One Piece Shop","url":"https:\/\/boutique-one-piece.com\/","logo":{"@type":"ImageObject","inLanguage":"pl-PL","@id":"https:\/\/boutique-one-piece.com\/#\/schema\/logo\/image\/","url":"https:\/\/boutique-one-piece.com\/wp-content\/uploads\/2022\/09\/Logo-01.png","contentUrl":"https:\/\/boutique-one-piece.com\/wp-content\/uploads\/2022\/09\/Logo-01.png","width":2318,"height":957,"caption":"Boutique One Piece"},"image":{"@id":"https:\/\/boutique-one-piece.com\/#\/schema\/logo\/image\/"}}]}},"_links":{"self":[{"href":"https:\/\/boutique-one-piece.com\/pl\/wp-json\/wp\/v2\/product\/12802","targetHints":{"allow":["GET"]}}],"collection":[{"href":"https:\/\/boutique-one-piece.com\/pl\/wp-json\/wp\/v2\/product"}],"about":[{"href":"https:\/\/boutique-one-piece.com\/pl\/wp-json\/wp\/v2\/types\/product"}],"replies":[{"embeddable":true,"href":"https:\/\/boutique-one-piece.com\/pl\/wp-json\/wp\/v2\/comments?post=12802"}],"wp:featuredmedia":[{"embeddable":true,"href":"https:\/\/boutique-one-piece.com\/pl\/wp-json\/wp\/v2\/media\/12804"}],"wp:attachment":[{"href":"https:\/\/boutique-one-piece.com\/pl\/wp-json\/wp\/v2\/media?parent=12802"}],"wp:term":[{"taxonomy":"product_brand","embeddable":true,"href":"https:\/\/boutique-one-piece.com\/pl\/wp-json\/wp\/v2\/product_brand?post=12802"},{"taxonomy":"product_cat","embeddable":true,"href":"https:\/\/boutique-one-piece.com\/pl\/wp-json\/wp\/v2\/product_cat?post=12802"},{"taxonomy":"product_tag","embeddable":true,"href":"https:\/\/boutique-one-piece.com\/pl\/wp-json\/wp\/v2\/product_tag?post=12802"}],"curies":[{"name":"wp","href":"https:\/\/api.w.org\/{rel}","templated":true}]}}