{"id":12870,"date":"2022-09-27T20:58:56","date_gmt":"2022-09-27T20:58:56","guid":{"rendered":"https:\/\/boutique-one-piece.com\/uncategorized\/tableau-lumineux-one-piece-edward-newgate-marinford\/"},"modified":"2024-09-16T13:04:41","modified_gmt":"2024-09-16T13:04:41","slug":"deska-swietlna-jednoczesciowa-edward-newgate-marinford","status":"publish","type":"product","link":"https:\/\/boutique-one-piece.com\/pl\/dekoracje-one-piece\/obrazy-one-piece\/deska-swietlna-jednoczesciowa-edward-newgate-marinford\/","title":{"rendered":"One Piece Light Board Edward Newgate Marinford"},"content":{"rendered":"<p><span><strong>Nazwa marki<\/strong> Liupurhome<\/span><br \/><span><strong>Uprzejmy:<\/strong> Atmosfera<\/span><br \/><span><strong>Kszta\u0142t:<\/strong> ksi\u0105\u017cka<\/span><br \/><span><strong>Czy \u017car\u00f3wki s\u0105 w zestawie?<\/strong> Tak<\/span><br \/><span><strong>Numer modelu:<\/strong> Dekoracja \u015bwi\u0105teczna<\/span><br \/><span><strong>Materia\u0142 korpusu:<\/strong> PCV<\/span><br \/><span><strong>Typ baterii<\/strong> NIC<\/span><br \/><span><strong>\u0179r\u00f3d\u0142o \u015bwiat\u0142a:<\/strong> \u017bar\u00f3wki LED<\/span><br \/><span><strong>Generowanie energii:<\/strong> Zawsze w\u0142\u0105czony<\/span><br \/><span><strong>Wolta\u017c:<\/strong> 4,5 V<\/span><br \/><span><strong>\u0179r\u00f3d\u0142o zasilania:<\/strong> DC<\/span><br \/><span><strong>Wymagane baterie:<\/strong> NIE<\/span><br \/><span><strong>U\u017cywa\u0107:<\/strong> Wakacje<\/span><br \/><span><strong>Moc:<\/strong> 0-5W<\/span><br \/><span><strong>Orzecznictwo:<\/strong> CCC<\/span><br \/><span><strong>Orzecznictwo:<\/strong> Ten<\/span><br \/><span><strong>Orzecznictwo:<\/strong> CQC<\/span><br \/><span><strong>Rozmiar:<\/strong> 159*209*45 mm<\/span><br \/><span><strong>Wysy\u0142ka bezpo\u015brednia:<\/strong> Wsparcie<\/span><br \/><span><strong>Hurtowy:<\/strong> Tak<\/span><br \/><span><strong>Funkcja 1:<\/strong> Zapasy przyjazne dla \u015brodowiska<\/span><br \/><span><strong>Rama:<\/strong> ABS<\/span><br \/><span><strong>Zasilanie:<\/strong> USB<\/span><br \/><span><strong>Typ 1:<\/strong> Lampa \u015bwi\u0105teczna z rze\u017abionego papieru<\/span><\/p>","protected":false},"excerpt":{"rendered":"<p>Nazwa marki: LiupurhomeTyp: AtmosferaKszta\u0142t: ksi\u0105\u017ckaCzy \u017car\u00f3wki w zestawie: TakNumer modelu: Dekoracja \u015bwi\u0105tecznaMateria\u0142 korpusu: PVCTyp baterii: BRAK\u0179r\u00f3d\u0142o \u015bwiat\u0142a: \u017bar\u00f3wki LEDGenerowanie mocy: Zawsze w\u0142\u0105czoneNapi\u0119cie: 4,5 V\u0179r\u00f3d\u0142o zasilania: DCI Wymagane baterie: NieZastosowanie: \u015awi\u0119taMoc: 0-5 WCertyfikat: CCCertyfikat: CECertyfikat: CQCRozmiar: 159*209*45 mmDostawa: WsparcieHurt: TakCecha 1: Ekologiczna w magazynieRama: ABSZasilanie: USBTyp 1: Lampa do rze\u017abienia w papierze \u015bwi\u0105tecznym<\/p>","protected":false},"featured_media":12872,"comment_status":"open","ping_status":"open","template":"","meta":[],"product_brand":[],"product_cat":[141],"product_tag":[],"class_list":{"0":"post-12870","1":"product","2":"type-product","3":"status-publish","4":"has-post-thumbnail","6":"product_cat-tableaux-one-piece","8":"first","9":"instock","10":"purchasable","11":"product-type-simple"},"yoast_head":"<!-- This site is optimized with the Yoast SEO plugin v27.5 - https:\/\/yoast.com\/product\/yoast-seo-wordpress\/ -->\n<title>Tableau Lumineux One Piece Edward Newgate Marinford \u2013 Boutique One Piece<\/title>\n<meta name=\"description\" content=\"Brand Name: LiupurhomeType: AtmosphereShape: bookIs Bulbs Included: YesModel Number: Christmas decorationBody Material: PVCBattery Type: NONELight Source: LED BulbsPower Generation: Always OnVoltage: 4.5VPower Source: DCIs Batteries Required: NoUsage: HolidayWattage: 0-5WCertification: CCCCertification: ceCertification\" \/>\n<meta name=\"robots\" content=\"index, follow, max-snippet:-1, max-image-preview:large, max-video-preview:-1\" \/>\n<link rel=\"canonical\" href=\"https:\/\/boutique-one-piece.com\/pl\/dekoracje-one-piece\/obrazy-one-piece\/deska-swietlna-jednoczesciowa-edward-newgate-marinford\/\" \/>\n<meta property=\"og:locale\" content=\"pl_PL\" \/>\n<meta property=\"og:type\" content=\"article\" \/>\n<meta property=\"og:title\" content=\"Tableau Lumineux One Piece Edward Newgate Marinford \u2013 Boutique One Piece\" \/>\n<meta property=\"og:description\" content=\"Brand Name: LiupurhomeType: AtmosphereShape: bookIs Bulbs Included: YesModel Number: Christmas decorationBody Material: PVCBattery Type: NONELight Source: LED BulbsPower Generation: Always OnVoltage: 4.5VPower Source: DCIs Batteries Required: NoUsage: HolidayWattage: 0-5WCertification: CCCCertification: ceCertification\" \/>\n<meta property=\"og:url\" content=\"https:\/\/boutique-one-piece.com\/pl\/dekoracje-one-piece\/obrazy-one-piece\/deska-swietlna-jednoczesciowa-edward-newgate-marinford\/\" \/>\n<meta property=\"og:site_name\" content=\"Boutique One Piece\" \/>\n<meta property=\"article:modified_time\" content=\"2024-09-16T13:04:41+00:00\" \/>\n<meta property=\"og:image\" content=\"https:\/\/boutique-one-piece.com\/wp-content\/uploads\/2022\/09\/Tableau-Lumineux-One-Piece-Edward-Newgate-Marinford.jpg\" \/>\n\t<meta property=\"og:image:width\" content=\"640\" \/>\n\t<meta property=\"og:image:height\" content=\"640\" \/>\n\t<meta property=\"og:image:type\" content=\"image\/jpeg\" \/>\n<meta name=\"twitter:card\" content=\"summary_large_image\" \/>\n<script type=\"application\/ld+json\" class=\"yoast-schema-graph\">{\"@context\":\"https:\\\/\\\/schema.org\",\"@graph\":[{\"@type\":\"WebPage\",\"@id\":\"https:\\\/\\\/boutique-one-piece.com\\\/decorations-one-piece\\\/tableaux-one-piece\\\/tableau-lumineux-one-piece-edward-newgate-marinford\\\/\",\"url\":\"https:\\\/\\\/boutique-one-piece.com\\\/decorations-one-piece\\\/tableaux-one-piece\\\/tableau-lumineux-one-piece-edward-newgate-marinford\\\/\",\"name\":\"Tableau Lumineux One Piece Edward Newgate Marinford \u2013 Boutique One Piece\",\"isPartOf\":{\"@id\":\"https:\\\/\\\/boutique-one-piece.com\\\/#website\"},\"primaryImageOfPage\":{\"@id\":\"https:\\\/\\\/boutique-one-piece.com\\\/decorations-one-piece\\\/tableaux-one-piece\\\/tableau-lumineux-one-piece-edward-newgate-marinford\\\/#primaryimage\"},\"image\":{\"@id\":\"https:\\\/\\\/boutique-one-piece.com\\\/decorations-one-piece\\\/tableaux-one-piece\\\/tableau-lumineux-one-piece-edward-newgate-marinford\\\/#primaryimage\"},\"thumbnailUrl\":\"https:\\\/\\\/boutique-one-piece.com\\\/wp-content\\\/uploads\\\/2022\\\/09\\\/Tableau-Lumineux-One-Piece-Edward-Newgate-Marinford.jpg\",\"datePublished\":\"2022-09-27T20:58:56+00:00\",\"dateModified\":\"2024-09-16T13:04:41+00:00\",\"description\":\"Brand Name: LiupurhomeType: AtmosphereShape: bookIs Bulbs Included: YesModel Number: Christmas decorationBody Material: PVCBattery Type: NONELight Source: LED BulbsPower Generation: Always OnVoltage: 4.5VPower Source: DCIs Batteries Required: NoUsage: HolidayWattage: 0-5WCertification: CCCCertification: ceCertification\",\"breadcrumb\":{\"@id\":\"https:\\\/\\\/boutique-one-piece.com\\\/decorations-one-piece\\\/tableaux-one-piece\\\/tableau-lumineux-one-piece-edward-newgate-marinford\\\/#breadcrumb\"},\"inLanguage\":\"pl-PL\",\"potentialAction\":[{\"@type\":\"ReadAction\",\"target\":[\"https:\\\/\\\/boutique-one-piece.com\\\/decorations-one-piece\\\/tableaux-one-piece\\\/tableau-lumineux-one-piece-edward-newgate-marinford\\\/\"]}]},{\"@type\":\"ImageObject\",\"inLanguage\":\"pl-PL\",\"@id\":\"https:\\\/\\\/boutique-one-piece.com\\\/decorations-one-piece\\\/tableaux-one-piece\\\/tableau-lumineux-one-piece-edward-newgate-marinford\\\/#primaryimage\",\"url\":\"https:\\\/\\\/boutique-one-piece.com\\\/wp-content\\\/uploads\\\/2022\\\/09\\\/Tableau-Lumineux-One-Piece-Edward-Newgate-Marinford.jpg\",\"contentUrl\":\"https:\\\/\\\/boutique-one-piece.com\\\/wp-content\\\/uploads\\\/2022\\\/09\\\/Tableau-Lumineux-One-Piece-Edward-Newgate-Marinford.jpg\",\"width\":640,\"height\":640,\"caption\":\"Tableau Lumineux One Piece Edward Newgate Marinford Default Title\"},{\"@type\":\"BreadcrumbList\",\"@id\":\"https:\\\/\\\/boutique-one-piece.com\\\/decorations-one-piece\\\/tableaux-one-piece\\\/tableau-lumineux-one-piece-edward-newgate-marinford\\\/#breadcrumb\",\"itemListElement\":[{\"@type\":\"ListItem\",\"position\":1,\"name\":\"Home\",\"item\":\"https:\\\/\\\/boutique-one-piece.com\\\/\"},{\"@type\":\"ListItem\",\"position\":2,\"name\":\"Shop\",\"item\":\"https:\\\/\\\/boutique-one-piece.com\\\/shop\\\/\"},{\"@type\":\"ListItem\",\"position\":3,\"name\":\"Tableau Lumineux One Piece Edward Newgate Marinford\"}]},{\"@type\":\"WebSite\",\"@id\":\"https:\\\/\\\/boutique-one-piece.com\\\/#website\",\"url\":\"https:\\\/\\\/boutique-one-piece.com\\\/\",\"name\":\"Boutique One Piece\",\"description\":\"Magasin Sp\u00e9cialis\u00e9 du Manga et l&#039;Anime One Piece\",\"publisher\":{\"@id\":\"https:\\\/\\\/boutique-one-piece.com\\\/#organization\"},\"potentialAction\":[{\"@type\":\"SearchAction\",\"target\":{\"@type\":\"EntryPoint\",\"urlTemplate\":\"https:\\\/\\\/boutique-one-piece.com\\\/?s={search_term_string}\"},\"query-input\":{\"@type\":\"PropertyValueSpecification\",\"valueRequired\":true,\"valueName\":\"search_term_string\"}}],\"inLanguage\":\"pl-PL\"},{\"@type\":\"Organization\",\"@id\":\"https:\\\/\\\/boutique-one-piece.com\\\/#organization\",\"name\":\"Boutique One Piece\",\"url\":\"https:\\\/\\\/boutique-one-piece.com\\\/\",\"logo\":{\"@type\":\"ImageObject\",\"inLanguage\":\"pl-PL\",\"@id\":\"https:\\\/\\\/boutique-one-piece.com\\\/#\\\/schema\\\/logo\\\/image\\\/\",\"url\":\"https:\\\/\\\/boutique-one-piece.com\\\/wp-content\\\/uploads\\\/2022\\\/09\\\/Logo-01.png\",\"contentUrl\":\"https:\\\/\\\/boutique-one-piece.com\\\/wp-content\\\/uploads\\\/2022\\\/09\\\/Logo-01.png\",\"width\":2318,\"height\":957,\"caption\":\"Boutique One Piece\"},\"image\":{\"@id\":\"https:\\\/\\\/boutique-one-piece.com\\\/#\\\/schema\\\/logo\\\/image\\\/\"}}]}<\/script>\n<!-- \/ Yoast SEO plugin. -->","yoast_head_json":{"title":"One Piece Edward Newgate Marinford Light Board \u2013 Sklep One Piece","description":"Nazwa marki: LiupurhomeTyp: AtmosferaKszta\u0142t: Ksi\u0105\u017ckaCzy \u017car\u00f3wki w zestawie: TakNumer modelu: Dekoracja \u015bwi\u0105tecznaMateria\u0142 korpusu: PVCTyp baterii: BRAK\u0179r\u00f3d\u0142o \u015bwiat\u0142a: \u017bar\u00f3wki LEDGenerowanie mocy: Zawsze w\u0142\u0105czoneNapi\u0119cie: 4,5 V\u0179r\u00f3d\u0142o zasilania: DCI Wymagane baterie: NieZastosowanie: \u015awi\u0119taMoc: 0-5 WCertyfikat: CCCertyfikat: CECertyfikat","robots":{"index":"index","follow":"follow","max-snippet":"max-snippet:-1","max-image-preview":"max-image-preview:large","max-video-preview":"max-video-preview:-1"},"canonical":"https:\/\/boutique-one-piece.com\/pl\/dekoracje-one-piece\/obrazy-one-piece\/deska-swietlna-jednoczesciowa-edward-newgate-marinford\/","og_locale":"pl_PL","og_type":"article","og_title":"Tableau Lumineux One Piece Edward Newgate Marinford \u2013 Boutique One Piece","og_description":"Brand Name: LiupurhomeType: AtmosphereShape: bookIs Bulbs Included: YesModel Number: Christmas decorationBody Material: PVCBattery Type: NONELight Source: LED BulbsPower Generation: Always OnVoltage: 4.5VPower Source: DCIs Batteries Required: NoUsage: HolidayWattage: 0-5WCertification: CCCCertification: ceCertification","og_url":"https:\/\/boutique-one-piece.com\/pl\/dekoracje-one-piece\/obrazy-one-piece\/deska-swietlna-jednoczesciowa-edward-newgate-marinford\/","og_site_name":"Boutique One Piece","article_modified_time":"2024-09-16T13:04:41+00:00","og_image":[{"width":640,"height":640,"url":"https:\/\/boutique-one-piece.com\/wp-content\/uploads\/2022\/09\/Tableau-Lumineux-One-Piece-Edward-Newgate-Marinford.jpg","type":"image\/jpeg"}],"twitter_card":"summary_large_image","schema":{"@context":"https:\/\/schema.org","@graph":[{"@type":"WebPage","@id":"https:\/\/boutique-one-piece.com\/decorations-one-piece\/tableaux-one-piece\/tableau-lumineux-one-piece-edward-newgate-marinford\/","url":"https:\/\/boutique-one-piece.com\/decorations-one-piece\/tableaux-one-piece\/tableau-lumineux-one-piece-edward-newgate-marinford\/","name":"One Piece Edward Newgate Marinford Light Board \u2013 Sklep One Piece","isPartOf":{"@id":"https:\/\/boutique-one-piece.com\/#website"},"primaryImageOfPage":{"@id":"https:\/\/boutique-one-piece.com\/decorations-one-piece\/tableaux-one-piece\/tableau-lumineux-one-piece-edward-newgate-marinford\/#primaryimage"},"image":{"@id":"https:\/\/boutique-one-piece.com\/decorations-one-piece\/tableaux-one-piece\/tableau-lumineux-one-piece-edward-newgate-marinford\/#primaryimage"},"thumbnailUrl":"https:\/\/boutique-one-piece.com\/wp-content\/uploads\/2022\/09\/Tableau-Lumineux-One-Piece-Edward-Newgate-Marinford.jpg","datePublished":"2022-09-27T20:58:56+00:00","dateModified":"2024-09-16T13:04:41+00:00","description":"Nazwa marki: LiupurhomeTyp: AtmosferaKszta\u0142t: Ksi\u0105\u017ckaCzy \u017car\u00f3wki w zestawie: TakNumer modelu: Dekoracja \u015bwi\u0105tecznaMateria\u0142 korpusu: PVCTyp baterii: BRAK\u0179r\u00f3d\u0142o \u015bwiat\u0142a: \u017bar\u00f3wki LEDGenerowanie mocy: Zawsze w\u0142\u0105czoneNapi\u0119cie: 4,5 V\u0179r\u00f3d\u0142o zasilania: DCI Wymagane baterie: NieZastosowanie: \u015awi\u0119taMoc: 0-5 WCertyfikat: CCCertyfikat: CECertyfikat","breadcrumb":{"@id":"https:\/\/boutique-one-piece.com\/decorations-one-piece\/tableaux-one-piece\/tableau-lumineux-one-piece-edward-newgate-marinford\/#breadcrumb"},"inLanguage":"pl-PL","potentialAction":[{"@type":"ReadAction","target":["https:\/\/boutique-one-piece.com\/decorations-one-piece\/tableaux-one-piece\/tableau-lumineux-one-piece-edward-newgate-marinford\/"]}]},{"@type":"ImageObject","inLanguage":"pl-PL","@id":"https:\/\/boutique-one-piece.com\/decorations-one-piece\/tableaux-one-piece\/tableau-lumineux-one-piece-edward-newgate-marinford\/#primaryimage","url":"https:\/\/boutique-one-piece.com\/wp-content\/uploads\/2022\/09\/Tableau-Lumineux-One-Piece-Edward-Newgate-Marinford.jpg","contentUrl":"https:\/\/boutique-one-piece.com\/wp-content\/uploads\/2022\/09\/Tableau-Lumineux-One-Piece-Edward-Newgate-Marinford.jpg","width":640,"height":640,"caption":"Tableau Lumineux One Piece Edward Newgate Marinford Default Title"},{"@type":"BreadcrumbList","@id":"https:\/\/boutique-one-piece.com\/decorations-one-piece\/tableaux-one-piece\/tableau-lumineux-one-piece-edward-newgate-marinford\/#breadcrumb","itemListElement":[{"@type":"ListItem","position":1,"name":"Home","item":"https:\/\/boutique-one-piece.com\/"},{"@type":"ListItem","position":2,"name":"Shop","item":"https:\/\/boutique-one-piece.com\/shop\/"},{"@type":"ListItem","position":3,"name":"Tableau Lumineux One Piece Edward Newgate Marinford"}]},{"@type":"WebSite","@id":"https:\/\/boutique-one-piece.com\/#website","url":"https:\/\/boutique-one-piece.com\/","name":"One Piece Shop","description":"Sklep specjalistyczny z mang\u0105 i anime One Piece","publisher":{"@id":"https:\/\/boutique-one-piece.com\/#organization"},"potentialAction":[{"@type":"SearchAction","target":{"@type":"EntryPoint","urlTemplate":"https:\/\/boutique-one-piece.com\/?s={search_term_string}"},"query-input":{"@type":"PropertyValueSpecification","valueRequired":true,"valueName":"search_term_string"}}],"inLanguage":"pl-PL"},{"@type":"Organization","@id":"https:\/\/boutique-one-piece.com\/#organization","name":"One Piece Shop","url":"https:\/\/boutique-one-piece.com\/","logo":{"@type":"ImageObject","inLanguage":"pl-PL","@id":"https:\/\/boutique-one-piece.com\/#\/schema\/logo\/image\/","url":"https:\/\/boutique-one-piece.com\/wp-content\/uploads\/2022\/09\/Logo-01.png","contentUrl":"https:\/\/boutique-one-piece.com\/wp-content\/uploads\/2022\/09\/Logo-01.png","width":2318,"height":957,"caption":"Boutique One Piece"},"image":{"@id":"https:\/\/boutique-one-piece.com\/#\/schema\/logo\/image\/"}}]}},"_links":{"self":[{"href":"https:\/\/boutique-one-piece.com\/pl\/wp-json\/wp\/v2\/product\/12870","targetHints":{"allow":["GET"]}}],"collection":[{"href":"https:\/\/boutique-one-piece.com\/pl\/wp-json\/wp\/v2\/product"}],"about":[{"href":"https:\/\/boutique-one-piece.com\/pl\/wp-json\/wp\/v2\/types\/product"}],"replies":[{"embeddable":true,"href":"https:\/\/boutique-one-piece.com\/pl\/wp-json\/wp\/v2\/comments?post=12870"}],"wp:featuredmedia":[{"embeddable":true,"href":"https:\/\/boutique-one-piece.com\/pl\/wp-json\/wp\/v2\/media\/12872"}],"wp:attachment":[{"href":"https:\/\/boutique-one-piece.com\/pl\/wp-json\/wp\/v2\/media?parent=12870"}],"wp:term":[{"taxonomy":"product_brand","embeddable":true,"href":"https:\/\/boutique-one-piece.com\/pl\/wp-json\/wp\/v2\/product_brand?post=12870"},{"taxonomy":"product_cat","embeddable":true,"href":"https:\/\/boutique-one-piece.com\/pl\/wp-json\/wp\/v2\/product_cat?post=12870"},{"taxonomy":"product_tag","embeddable":true,"href":"https:\/\/boutique-one-piece.com\/pl\/wp-json\/wp\/v2\/product_tag?post=12870"}],"curies":[{"name":"wp","href":"https:\/\/api.w.org\/{rel}","templated":true}]}}