{"id":13191,"date":"2022-09-27T21:01:33","date_gmt":"2022-09-27T21:01:33","guid":{"rendered":"https:\/\/boutique-one-piece.com\/uncategorized\/avis-de-recherche-coby-wanted\/"},"modified":"2024-09-16T13:11:44","modified_gmt":"2024-09-16T13:11:44","slug":"ogloszenie-o-poszukiwaniu-coby-poszukiwany","status":"publish","type":"product","link":"https:\/\/boutique-one-piece.com\/pl\/plakat-poszukiwany-one-piece\/ogloszenie-o-poszukiwaniu-coby-poszukiwany\/","title":{"rendered":"Og\u0142oszenie o poszukiwaniu Coby&#039;ego"},"content":{"rendered":"<h2>Je\u015bli chcesz od\u015bwie\u017cy\u0107 wygl\u0105d swojej dekoracji, ozd\u00f3b swoj\u0105 \u015bcian\u0119 plakatem \u201eCoby Wanted\u201d.<\/h2>\n<p>Coby (pisane r\u00f3wnie\u017c Koby) to pierwsza posta\u0107, kt\u00f3r\u0105 Luffy spotyka podczas swojej przygody. W tym momencie jest niewolnikiem pirata. <strong>Alvida<\/strong> i wykonuje wszystkie prace domowe na statku. Zostaje uwolniony spod jej kontroli przez Luffy&#039;ego i po przygodzie na <strong>Miasto Muszli<\/strong> gdzie u\u015bwiadamia sobie, \u017ce nie wszyscy w Marynarce Wojennej s\u0105 uczciwi, co wzmacnia jego pragnienie zostania \u017co\u0142nierzem piechoty morskiej, tak aby Marynarka Wojenna by\u0142a sprawiedliwa wobec wszystkich.<\/p>\n<h3>Udekoruj swoje \u015bciany tym fanowskim plakatem z napisem \u201ego\u015b\u0107\u201d, bo przecie\u017c wiesz, \u017ce za g\u0142ow\u0119 Coby&#039;ego nie wyznaczono nagrody, bo s\u0142u\u017cy w Marines.<\/h3>\n<p>Pomimo do\u0142\u0105czenia do piechoty morskiej, Coby jest wdzi\u0119czny Luffy&#039;emu i obiecuj\u0105 pozosta\u0107 przyjaci\u00f3\u0142mi, mimo \u017ce ich drogi rozchodz\u0105 si\u0119 dramatycznie, gdy piechota morska poluje na pirat\u00f3w. Coby jest sympatyczn\u0105 postaci\u0105, poniewa\u017c, cho\u0107 na pierwszy rzut oka mo\u017ce wydawa\u0107 si\u0119 tch\u00f3rzliwy, kieruje si\u0119 emocjami i poczuciem sprawiedliwo\u015bci, co ostatecznie sk\u0142oni\u0142o go do przeciwstawienia si\u0119 admira\u0142owi Akainu i przerwania bitwy, wierz\u0105c, \u017ce doprowadzi\u0142a ona do \u00abstracenia zbyt wielu istnie\u0144\u00bb. Po przeskoku czasowym jest\u2026 <strong>kapitan<\/strong> z <strong>Morski<\/strong>.<\/p>\n<p>Zgodnie z tre\u015bci\u0105 plakatu i szacunkami jego mocy, nagroda za g\u0142ow\u0119 Coby&#039;ego wynosi 250 milion\u00f3w jag\u00f3d.<\/p>\n<p>Je\u015bli lubisz <strong>premie<\/strong>, Prawdopodobnie Ci si\u0119 spodoba.\u2019<a href=\"https:\/\/boutique-one-piece.com\/pl\/plakat-poszukiwany-one-piece\/produkty\/plakat-poszukiwany-one-piece-shanks-poszukiwany\/\" target=\"_blank\" title=\"Og\u0142oszenie o poszukiwaniu Shanksa\" rel=\"noopener noreferrer\">Plakat poszukiwany Shanksa<\/a>.<\/p>\n<h2>Informacje o plakacie One Piece Wanted Coby<\/h2>\n<ul>\n<li><span><b><u>Plakat poszukiwany One Piece<\/u><\/b>\u00a0Prawdziwy plakat poszukiwany za bycie prawdziwym piratem One Piece<\/span><\/li>\n<\/ul>\n<ul>\n<li>\n<b><u>Prime Coby&#039;ego<\/u><\/b>\u00a0250 000 000 jag\u00f3d<\/li>\n<\/ul>\n<ul>\n<li><span><strong>Wysoka jako\u015b\u0107 druku<\/strong>\u00a0dok\u0142adne kolory<\/span><\/li>\n<\/ul>\n<ul>\n<li>\n<strong>Wymiar<\/strong>\u00a0: 30 cm x 21 cm i 42 cm x 30 cm<\/li>\n<\/ul>\n<ul>\n<li><span><strong>DARMOWA DOSTAWA<\/strong><\/span><\/li>\n<\/ul>","protected":false},"excerpt":{"rendered":"<p>Je\u015bli chcesz od\u015bwie\u017cy\u0107 sw\u00f3j wystr\u00f3j, ozd\u00f3b \u015bcian\u0119 tym plakatem \u201ePoszukiwany Coby\u201d. Coby (pisany r\u00f3wnie\u017c jako Koby) to pierwsza posta\u0107, kt\u00f3r\u0105 Luffy spotyka podczas swojej przygody. W tym momencie jest niewolnikiem pirata Alvidy i wykonuje wszystkie prace domowe na [\u2026]<\/p>","protected":false},"featured_media":13193,"comment_status":"open","ping_status":"open","template":"","meta":[],"product_brand":[],"product_cat":[171],"product_tag":[],"class_list":{"0":"post-13191","1":"product","2":"type-product","3":"status-publish","4":"has-post-thumbnail","6":"product_cat-avis-de-recherche-one-piece","8":"first","9":"instock","10":"purchasable","11":"product-type-variable","12":"has-default-attributes"},"yoast_head":"<!-- This site is optimized with the Yoast SEO plugin v27.5 - https:\/\/yoast.com\/product\/yoast-seo-wordpress\/ -->\n<title>Avis De Recherche Coby Wanted | D\u00e9coration One Piece \u2013 Boutique One Piece<\/title>\n<meta name=\"description\" content=\"Si tu veux donner un nouveau souffle \u00e0 ta d\u00e9coration, orne ton mur avec cet Avis de Recherche Coby Wanted. Coby (que l&#039;on \u00e9crit \u00e9galement Koby), est le premier personnage que rencontre Luffy dans son aventure. \u00c0 ce moment, il est l&#039;esclave de la pirate Alvida et il effectue toutes les t\u00e2ches m\u00e9nag\u00e8res sur le bateau. Il\" \/>\n<meta name=\"robots\" content=\"index, follow, max-snippet:-1, max-image-preview:large, max-video-preview:-1\" \/>\n<link rel=\"canonical\" href=\"https:\/\/boutique-one-piece.com\/pl\/plakat-poszukiwany-one-piece\/ogloszenie-o-poszukiwaniu-coby-poszukiwany\/\" \/>\n<meta property=\"og:locale\" content=\"pl_PL\" \/>\n<meta property=\"og:type\" content=\"article\" \/>\n<meta property=\"og:title\" content=\"Avis De Recherche Coby Wanted | D\u00e9coration One Piece \u2013 Boutique One Piece\" \/>\n<meta property=\"og:description\" content=\"Si tu veux donner un nouveau souffle \u00e0 ta d\u00e9coration, orne ton mur avec cet Avis de Recherche Coby Wanted. Coby (que l&#039;on \u00e9crit \u00e9galement Koby), est le premier personnage que rencontre Luffy dans son aventure. \u00c0 ce moment, il est l&#039;esclave de la pirate Alvida et il effectue toutes les t\u00e2ches m\u00e9nag\u00e8res sur le bateau. Il\" \/>\n<meta property=\"og:url\" content=\"https:\/\/boutique-one-piece.com\/pl\/plakat-poszukiwany-one-piece\/ogloszenie-o-poszukiwaniu-coby-poszukiwany\/\" \/>\n<meta property=\"og:site_name\" content=\"Boutique One Piece\" \/>\n<meta property=\"article:modified_time\" content=\"2024-09-16T13:11:44+00:00\" \/>\n<meta property=\"og:image\" content=\"https:\/\/boutique-one-piece.com\/wp-content\/uploads\/2022\/09\/Avis-De-Recherche-Coby-Wanted.jpg\" \/>\n\t<meta property=\"og:image:width\" content=\"800\" \/>\n\t<meta property=\"og:image:height\" content=\"800\" \/>\n\t<meta property=\"og:image:type\" content=\"image\/jpeg\" \/>\n<meta name=\"twitter:card\" content=\"summary_large_image\" \/>\n<meta name=\"twitter:label1\" content=\"Szacowany czas czytania\" \/>\n\t<meta name=\"twitter:data1\" content=\"2 minuty\" \/>\n<script type=\"application\/ld+json\" class=\"yoast-schema-graph\">{\"@context\":\"https:\\\/\\\/schema.org\",\"@graph\":[{\"@type\":\"WebPage\",\"@id\":\"https:\\\/\\\/boutique-one-piece.com\\\/avis-de-recherche-one-piece\\\/avis-de-recherche-coby-wanted\\\/\",\"url\":\"https:\\\/\\\/boutique-one-piece.com\\\/avis-de-recherche-one-piece\\\/avis-de-recherche-coby-wanted\\\/\",\"name\":\"Avis De Recherche Coby Wanted | D\u00e9coration One Piece \u2013 Boutique One Piece\",\"isPartOf\":{\"@id\":\"https:\\\/\\\/boutique-one-piece.com\\\/#website\"},\"primaryImageOfPage\":{\"@id\":\"https:\\\/\\\/boutique-one-piece.com\\\/avis-de-recherche-one-piece\\\/avis-de-recherche-coby-wanted\\\/#primaryimage\"},\"image\":{\"@id\":\"https:\\\/\\\/boutique-one-piece.com\\\/avis-de-recherche-one-piece\\\/avis-de-recherche-coby-wanted\\\/#primaryimage\"},\"thumbnailUrl\":\"https:\\\/\\\/boutique-one-piece.com\\\/wp-content\\\/uploads\\\/2022\\\/09\\\/Avis-De-Recherche-Coby-Wanted.jpg\",\"datePublished\":\"2022-09-27T21:01:33+00:00\",\"dateModified\":\"2024-09-16T13:11:44+00:00\",\"description\":\"Si tu veux donner un nouveau souffle \u00e0 ta d\u00e9coration, orne ton mur avec cet Avis de Recherche Coby Wanted. Coby (que l'on \u00e9crit \u00e9galement Koby), est le premier personnage que rencontre Luffy dans son aventure. \u00c0 ce moment, il est l'esclave de la pirate Alvida et il effectue toutes les t\u00e2ches m\u00e9nag\u00e8res sur le bateau. Il\",\"breadcrumb\":{\"@id\":\"https:\\\/\\\/boutique-one-piece.com\\\/avis-de-recherche-one-piece\\\/avis-de-recherche-coby-wanted\\\/#breadcrumb\"},\"inLanguage\":\"pl-PL\",\"potentialAction\":[{\"@type\":\"ReadAction\",\"target\":[\"https:\\\/\\\/boutique-one-piece.com\\\/avis-de-recherche-one-piece\\\/avis-de-recherche-coby-wanted\\\/\"]}]},{\"@type\":\"ImageObject\",\"inLanguage\":\"pl-PL\",\"@id\":\"https:\\\/\\\/boutique-one-piece.com\\\/avis-de-recherche-one-piece\\\/avis-de-recherche-coby-wanted\\\/#primaryimage\",\"url\":\"https:\\\/\\\/boutique-one-piece.com\\\/wp-content\\\/uploads\\\/2022\\\/09\\\/Avis-De-Recherche-Coby-Wanted.jpg\",\"contentUrl\":\"https:\\\/\\\/boutique-one-piece.com\\\/wp-content\\\/uploads\\\/2022\\\/09\\\/Avis-De-Recherche-Coby-Wanted.jpg\",\"width\":800,\"height\":800,\"caption\":\"Avis De Recherche Coby Wanted 42X30cm\"},{\"@type\":\"BreadcrumbList\",\"@id\":\"https:\\\/\\\/boutique-one-piece.com\\\/avis-de-recherche-one-piece\\\/avis-de-recherche-coby-wanted\\\/#breadcrumb\",\"itemListElement\":[{\"@type\":\"ListItem\",\"position\":1,\"name\":\"Home\",\"item\":\"https:\\\/\\\/boutique-one-piece.com\\\/\"},{\"@type\":\"ListItem\",\"position\":2,\"name\":\"Shop\",\"item\":\"https:\\\/\\\/boutique-one-piece.com\\\/shop\\\/\"},{\"@type\":\"ListItem\",\"position\":3,\"name\":\"Avis De Recherche Coby Wanted\"}]},{\"@type\":\"WebSite\",\"@id\":\"https:\\\/\\\/boutique-one-piece.com\\\/#website\",\"url\":\"https:\\\/\\\/boutique-one-piece.com\\\/\",\"name\":\"Boutique One Piece\",\"description\":\"Magasin Sp\u00e9cialis\u00e9 du Manga et l&#039;Anime One Piece\",\"publisher\":{\"@id\":\"https:\\\/\\\/boutique-one-piece.com\\\/#organization\"},\"potentialAction\":[{\"@type\":\"SearchAction\",\"target\":{\"@type\":\"EntryPoint\",\"urlTemplate\":\"https:\\\/\\\/boutique-one-piece.com\\\/?s={search_term_string}\"},\"query-input\":{\"@type\":\"PropertyValueSpecification\",\"valueRequired\":true,\"valueName\":\"search_term_string\"}}],\"inLanguage\":\"pl-PL\"},{\"@type\":\"Organization\",\"@id\":\"https:\\\/\\\/boutique-one-piece.com\\\/#organization\",\"name\":\"Boutique One Piece\",\"url\":\"https:\\\/\\\/boutique-one-piece.com\\\/\",\"logo\":{\"@type\":\"ImageObject\",\"inLanguage\":\"pl-PL\",\"@id\":\"https:\\\/\\\/boutique-one-piece.com\\\/#\\\/schema\\\/logo\\\/image\\\/\",\"url\":\"https:\\\/\\\/boutique-one-piece.com\\\/wp-content\\\/uploads\\\/2022\\\/09\\\/Logo-01.png\",\"contentUrl\":\"https:\\\/\\\/boutique-one-piece.com\\\/wp-content\\\/uploads\\\/2022\\\/09\\\/Logo-01.png\",\"width\":2318,\"height\":957,\"caption\":\"Boutique One Piece\"},\"image\":{\"@id\":\"https:\\\/\\\/boutique-one-piece.com\\\/#\\\/schema\\\/logo\\\/image\\\/\"}}]}<\/script>\n<!-- \/ Yoast SEO plugin. -->","yoast_head_json":{"title":"Og\u0142oszenie o poszukiwaniu Coby&#039;ego | Dekoracje One Piece \u2013 Sklep One Piece","description":"Je\u015bli chcesz od\u015bwie\u017cy\u0107 wystr\u00f3j swojego wn\u0119trza, ozd\u00f3b \u015bcian\u0119 tym plakatem z napisem \u201eCoby Wanted\u201d. Coby (pisany r\u00f3wnie\u017c jako Koby) to pierwsza posta\u0107, kt\u00f3r\u0105 Luffy spotyka podczas swojej przygody. W tym czasie jest niewolnikiem pirata Alvidy i wykonuje wszystkie prace domowe na statku.","robots":{"index":"index","follow":"follow","max-snippet":"max-snippet:-1","max-image-preview":"max-image-preview:large","max-video-preview":"max-video-preview:-1"},"canonical":"https:\/\/boutique-one-piece.com\/pl\/plakat-poszukiwany-one-piece\/ogloszenie-o-poszukiwaniu-coby-poszukiwany\/","og_locale":"pl_PL","og_type":"article","og_title":"Avis De Recherche Coby Wanted | D\u00e9coration One Piece \u2013 Boutique One Piece","og_description":"Si tu veux donner un nouveau souffle \u00e0 ta d\u00e9coration, orne ton mur avec cet Avis de Recherche Coby Wanted. Coby (que l'on \u00e9crit \u00e9galement Koby), est le premier personnage que rencontre Luffy dans son aventure. \u00c0 ce moment, il est l'esclave de la pirate Alvida et il effectue toutes les t\u00e2ches m\u00e9nag\u00e8res sur le bateau. Il","og_url":"https:\/\/boutique-one-piece.com\/pl\/plakat-poszukiwany-one-piece\/ogloszenie-o-poszukiwaniu-coby-poszukiwany\/","og_site_name":"Boutique One Piece","article_modified_time":"2024-09-16T13:11:44+00:00","og_image":[{"width":800,"height":800,"url":"https:\/\/boutique-one-piece.com\/wp-content\/uploads\/2022\/09\/Avis-De-Recherche-Coby-Wanted.jpg","type":"image\/jpeg"}],"twitter_card":"summary_large_image","twitter_misc":{"Szacowany czas czytania":"2 minuty"},"schema":{"@context":"https:\/\/schema.org","@graph":[{"@type":"WebPage","@id":"https:\/\/boutique-one-piece.com\/avis-de-recherche-one-piece\/avis-de-recherche-coby-wanted\/","url":"https:\/\/boutique-one-piece.com\/avis-de-recherche-one-piece\/avis-de-recherche-coby-wanted\/","name":"Og\u0142oszenie o poszukiwaniu Coby&#039;ego | Dekoracje One Piece \u2013 Sklep One Piece","isPartOf":{"@id":"https:\/\/boutique-one-piece.com\/#website"},"primaryImageOfPage":{"@id":"https:\/\/boutique-one-piece.com\/avis-de-recherche-one-piece\/avis-de-recherche-coby-wanted\/#primaryimage"},"image":{"@id":"https:\/\/boutique-one-piece.com\/avis-de-recherche-one-piece\/avis-de-recherche-coby-wanted\/#primaryimage"},"thumbnailUrl":"https:\/\/boutique-one-piece.com\/wp-content\/uploads\/2022\/09\/Avis-De-Recherche-Coby-Wanted.jpg","datePublished":"2022-09-27T21:01:33+00:00","dateModified":"2024-09-16T13:11:44+00:00","description":"Je\u015bli chcesz od\u015bwie\u017cy\u0107 wystr\u00f3j swojego wn\u0119trza, ozd\u00f3b \u015bcian\u0119 tym plakatem z napisem \u201eCoby Wanted\u201d. Coby (pisany r\u00f3wnie\u017c jako Koby) to pierwsza posta\u0107, kt\u00f3r\u0105 Luffy spotyka podczas swojej przygody. W tym czasie jest niewolnikiem pirata Alvidy i wykonuje wszystkie prace domowe na statku.","breadcrumb":{"@id":"https:\/\/boutique-one-piece.com\/avis-de-recherche-one-piece\/avis-de-recherche-coby-wanted\/#breadcrumb"},"inLanguage":"pl-PL","potentialAction":[{"@type":"ReadAction","target":["https:\/\/boutique-one-piece.com\/avis-de-recherche-one-piece\/avis-de-recherche-coby-wanted\/"]}]},{"@type":"ImageObject","inLanguage":"pl-PL","@id":"https:\/\/boutique-one-piece.com\/avis-de-recherche-one-piece\/avis-de-recherche-coby-wanted\/#primaryimage","url":"https:\/\/boutique-one-piece.com\/wp-content\/uploads\/2022\/09\/Avis-De-Recherche-Coby-Wanted.jpg","contentUrl":"https:\/\/boutique-one-piece.com\/wp-content\/uploads\/2022\/09\/Avis-De-Recherche-Coby-Wanted.jpg","width":800,"height":800,"caption":"Avis De Recherche Coby Wanted 42X30cm"},{"@type":"BreadcrumbList","@id":"https:\/\/boutique-one-piece.com\/avis-de-recherche-one-piece\/avis-de-recherche-coby-wanted\/#breadcrumb","itemListElement":[{"@type":"ListItem","position":1,"name":"Home","item":"https:\/\/boutique-one-piece.com\/"},{"@type":"ListItem","position":2,"name":"Shop","item":"https:\/\/boutique-one-piece.com\/shop\/"},{"@type":"ListItem","position":3,"name":"Avis De Recherche Coby Wanted"}]},{"@type":"WebSite","@id":"https:\/\/boutique-one-piece.com\/#website","url":"https:\/\/boutique-one-piece.com\/","name":"One Piece Shop","description":"Sklep specjalistyczny z mang\u0105 i anime One Piece","publisher":{"@id":"https:\/\/boutique-one-piece.com\/#organization"},"potentialAction":[{"@type":"SearchAction","target":{"@type":"EntryPoint","urlTemplate":"https:\/\/boutique-one-piece.com\/?s={search_term_string}"},"query-input":{"@type":"PropertyValueSpecification","valueRequired":true,"valueName":"search_term_string"}}],"inLanguage":"pl-PL"},{"@type":"Organization","@id":"https:\/\/boutique-one-piece.com\/#organization","name":"One Piece Shop","url":"https:\/\/boutique-one-piece.com\/","logo":{"@type":"ImageObject","inLanguage":"pl-PL","@id":"https:\/\/boutique-one-piece.com\/#\/schema\/logo\/image\/","url":"https:\/\/boutique-one-piece.com\/wp-content\/uploads\/2022\/09\/Logo-01.png","contentUrl":"https:\/\/boutique-one-piece.com\/wp-content\/uploads\/2022\/09\/Logo-01.png","width":2318,"height":957,"caption":"Boutique One Piece"},"image":{"@id":"https:\/\/boutique-one-piece.com\/#\/schema\/logo\/image\/"}}]}},"_links":{"self":[{"href":"https:\/\/boutique-one-piece.com\/pl\/wp-json\/wp\/v2\/product\/13191","targetHints":{"allow":["GET"]}}],"collection":[{"href":"https:\/\/boutique-one-piece.com\/pl\/wp-json\/wp\/v2\/product"}],"about":[{"href":"https:\/\/boutique-one-piece.com\/pl\/wp-json\/wp\/v2\/types\/product"}],"replies":[{"embeddable":true,"href":"https:\/\/boutique-one-piece.com\/pl\/wp-json\/wp\/v2\/comments?post=13191"}],"wp:featuredmedia":[{"embeddable":true,"href":"https:\/\/boutique-one-piece.com\/pl\/wp-json\/wp\/v2\/media\/13193"}],"wp:attachment":[{"href":"https:\/\/boutique-one-piece.com\/pl\/wp-json\/wp\/v2\/media?parent=13191"}],"wp:term":[{"taxonomy":"product_brand","embeddable":true,"href":"https:\/\/boutique-one-piece.com\/pl\/wp-json\/wp\/v2\/product_brand?post=13191"},{"taxonomy":"product_cat","embeddable":true,"href":"https:\/\/boutique-one-piece.com\/pl\/wp-json\/wp\/v2\/product_cat?post=13191"},{"taxonomy":"product_tag","embeddable":true,"href":"https:\/\/boutique-one-piece.com\/pl\/wp-json\/wp\/v2\/product_tag?post=13191"}],"curies":[{"name":"wp","href":"https:\/\/api.w.org\/{rel}","templated":true}]}}