{"id":13195,"date":"2022-09-27T21:01:33","date_gmt":"2022-09-27T21:01:33","guid":{"rendered":"https:\/\/boutique-one-piece.com\/uncategorized\/chausson-one-piece-mugiwara-no-luffy\/"},"modified":"2024-09-16T13:11:55","modified_gmt":"2024-09-16T13:11:55","slug":"jednoczesciowy-kapec-mugiwara-no-luffy","status":"publish","type":"product","link":"https:\/\/boutique-one-piece.com\/pl\/smakolyki-z-one-piece\/slodycze-monkey-d-luffy-one-piece\/jednoczesciowy-kapec-mugiwara-no-luffy\/","title":{"rendered":"One Piece Mugiwara No Luffy Slippers"},"content":{"rendered":"<ul>\n<li><span><b><u>Kapcie Monkey D Luffy One Piece<\/u><\/b>\u00a0Oryginalne kapcie anime One Piece dla prawdziwych pirat\u00f3w<\/span><\/li>\n<\/ul>\n<ul>\n<li><span><strong>Mi\u0119kki i wygodny<\/strong>\u00a0:wysokiej jako\u015bci kapcie<\/span><\/li>\n<\/ul>\n<ul>\n<li><span><strong>Rozmiar<\/strong>\u00a0:\u00a037, 39, 41, 43<\/span><\/li>\n<\/ul>\n<ul>\n<li><span><strong>DARMOWA DOSTAWA<\/strong><\/span><\/li>\n<\/ul>","protected":false},"excerpt":{"rendered":"<p>Chaussons Monkey D Luffy\u00a0One Piece\u00a0: v\u00e9ritable\u00a0chaussons\u00a0de l&rsquo;anime One Piece pour les\u00a0v\u00e9ritables pirates Doux et Confortable\u00a0:\u00a0chaussons de haute qualit\u00e9 Taille\u00a0:\u00a037, 39, 41, 43 LIVRAISON OFFERTE<\/p>","protected":false},"featured_media":13197,"comment_status":"open","ping_status":"open","template":"","meta":[],"product_brand":[],"product_cat":[282,80,54],"product_tag":[92],"class_list":{"0":"post-13195","1":"product","2":"type-product","3":"status-publish","4":"has-post-thumbnail","6":"product_cat-chaussons-one-piece","7":"product_cat-goodies-monkey-d-luffy-one-piece","8":"product_cat-vetements-one-piece","9":"product_tag-luffy","11":"first","12":"instock","13":"purchasable","14":"product-type-variable"},"yoast_head":"<!-- This site is optimized with the Yoast SEO plugin v27.5 - https:\/\/yoast.com\/product\/yoast-seo-wordpress\/ -->\n<title>Chausson One Piece Mugiwara No Luffy | Boutique One Piece<\/title>\n<meta name=\"description\" content=\"Chaussons Monkey D Luffy\u00a0One Piece\u00a0: v\u00e9ritable\u00a0chaussons\u00a0de l&#039;anime One Piece pour les\u00a0v\u00e9ritables pirates Doux et Confortable\u00a0:\u00a0chaussons de haute qualit\u00e9 Taille\u00a0:\u00a037, 39, 41, 43 LIVRAISON OFFERTE\" \/>\n<meta name=\"robots\" content=\"index, follow, max-snippet:-1, max-image-preview:large, max-video-preview:-1\" \/>\n<link rel=\"canonical\" href=\"https:\/\/boutique-one-piece.com\/pl\/buty-jednoczesciowe\/jednoczesciowe-kapcie\/jednoczesciowy-kapec-mugiwara-no-luffy\/\" \/>\n<meta property=\"og:locale\" content=\"pl_PL\" \/>\n<meta property=\"og:type\" content=\"article\" \/>\n<meta property=\"og:title\" content=\"Chausson One Piece Mugiwara No Luffy | Boutique One Piece\" \/>\n<meta property=\"og:description\" content=\"Chaussons Monkey D Luffy\u00a0One Piece\u00a0: v\u00e9ritable\u00a0chaussons\u00a0de l&#039;anime One Piece pour les\u00a0v\u00e9ritables pirates Doux et Confortable\u00a0:\u00a0chaussons de haute qualit\u00e9 Taille\u00a0:\u00a037, 39, 41, 43 LIVRAISON OFFERTE\" \/>\n<meta property=\"og:url\" content=\"https:\/\/boutique-one-piece.com\/pl\/buty-jednoczesciowe\/jednoczesciowe-kapcie\/jednoczesciowy-kapec-mugiwara-no-luffy\/\" \/>\n<meta property=\"og:site_name\" content=\"Boutique One Piece\" \/>\n<meta property=\"article:modified_time\" content=\"2024-09-16T13:11:55+00:00\" \/>\n<meta property=\"og:image\" content=\"https:\/\/boutique-one-piece.com\/wp-content\/uploads\/2022\/09\/Chaussons-One-Piece-Mugiwara-No-Luffy.jpg\" \/>\n\t<meta property=\"og:image:width\" content=\"640\" \/>\n\t<meta property=\"og:image:height\" content=\"640\" \/>\n\t<meta property=\"og:image:type\" content=\"image\/jpeg\" \/>\n<meta name=\"twitter:card\" content=\"summary_large_image\" \/>\n<meta name=\"twitter:label1\" content=\"Szacowany czas czytania\" \/>\n\t<meta name=\"twitter:data1\" content=\"1 minuta\" \/>\n<script type=\"application\/ld+json\" class=\"yoast-schema-graph\">{\"@context\":\"https:\\\/\\\/schema.org\",\"@graph\":[{\"@type\":\"WebPage\",\"@id\":\"https:\\\/\\\/boutique-one-piece.com\\\/chaussures-one-piece\\\/chaussons-one-piece\\\/chausson-one-piece-mugiwara-no-luffy\\\/\",\"url\":\"https:\\\/\\\/boutique-one-piece.com\\\/chaussures-one-piece\\\/chaussons-one-piece\\\/chausson-one-piece-mugiwara-no-luffy\\\/\",\"name\":\"Chausson One Piece Mugiwara No Luffy | Boutique One Piece\",\"isPartOf\":{\"@id\":\"https:\\\/\\\/boutique-one-piece.com\\\/#website\"},\"primaryImageOfPage\":{\"@id\":\"https:\\\/\\\/boutique-one-piece.com\\\/chaussures-one-piece\\\/chaussons-one-piece\\\/chausson-one-piece-mugiwara-no-luffy\\\/#primaryimage\"},\"image\":{\"@id\":\"https:\\\/\\\/boutique-one-piece.com\\\/chaussures-one-piece\\\/chaussons-one-piece\\\/chausson-one-piece-mugiwara-no-luffy\\\/#primaryimage\"},\"thumbnailUrl\":\"https:\\\/\\\/boutique-one-piece.com\\\/wp-content\\\/uploads\\\/2022\\\/09\\\/Chaussons-One-Piece-Mugiwara-No-Luffy.jpg\",\"datePublished\":\"2022-09-27T21:01:33+00:00\",\"dateModified\":\"2024-09-16T13:11:55+00:00\",\"description\":\"Chaussons Monkey D Luffy\u00a0One Piece\u00a0: v\u00e9ritable\u00a0chaussons\u00a0de l'anime One Piece pour les\u00a0v\u00e9ritables pirates Doux et Confortable\u00a0:\u00a0chaussons de haute qualit\u00e9 Taille\u00a0:\u00a037, 39, 41, 43 LIVRAISON OFFERTE\",\"breadcrumb\":{\"@id\":\"https:\\\/\\\/boutique-one-piece.com\\\/chaussures-one-piece\\\/chaussons-one-piece\\\/chausson-one-piece-mugiwara-no-luffy\\\/#breadcrumb\"},\"inLanguage\":\"pl-PL\",\"potentialAction\":[{\"@type\":\"ReadAction\",\"target\":[\"https:\\\/\\\/boutique-one-piece.com\\\/chaussures-one-piece\\\/chaussons-one-piece\\\/chausson-one-piece-mugiwara-no-luffy\\\/\"]}]},{\"@type\":\"ImageObject\",\"inLanguage\":\"pl-PL\",\"@id\":\"https:\\\/\\\/boutique-one-piece.com\\\/chaussures-one-piece\\\/chaussons-one-piece\\\/chausson-one-piece-mugiwara-no-luffy\\\/#primaryimage\",\"url\":\"https:\\\/\\\/boutique-one-piece.com\\\/wp-content\\\/uploads\\\/2022\\\/09\\\/Chaussons-One-Piece-Mugiwara-No-Luffy.jpg\",\"contentUrl\":\"https:\\\/\\\/boutique-one-piece.com\\\/wp-content\\\/uploads\\\/2022\\\/09\\\/Chaussons-One-Piece-Mugiwara-No-Luffy.jpg\",\"width\":640,\"height\":640,\"caption\":\"Chaussons One Piece Mugiwara No Luffy 43\"},{\"@type\":\"BreadcrumbList\",\"@id\":\"https:\\\/\\\/boutique-one-piece.com\\\/chaussures-one-piece\\\/chaussons-one-piece\\\/chausson-one-piece-mugiwara-no-luffy\\\/#breadcrumb\",\"itemListElement\":[{\"@type\":\"ListItem\",\"position\":1,\"name\":\"Home\",\"item\":\"https:\\\/\\\/boutique-one-piece.com\\\/\"},{\"@type\":\"ListItem\",\"position\":2,\"name\":\"Shop\",\"item\":\"https:\\\/\\\/boutique-one-piece.com\\\/shop\\\/\"},{\"@type\":\"ListItem\",\"position\":3,\"name\":\"Chaussons One Piece Mugiwara No Luffy\"}]},{\"@type\":\"WebSite\",\"@id\":\"https:\\\/\\\/boutique-one-piece.com\\\/#website\",\"url\":\"https:\\\/\\\/boutique-one-piece.com\\\/\",\"name\":\"Boutique One Piece\",\"description\":\"Magasin Sp\u00e9cialis\u00e9 du Manga et l&#039;Anime One Piece\",\"publisher\":{\"@id\":\"https:\\\/\\\/boutique-one-piece.com\\\/#organization\"},\"potentialAction\":[{\"@type\":\"SearchAction\",\"target\":{\"@type\":\"EntryPoint\",\"urlTemplate\":\"https:\\\/\\\/boutique-one-piece.com\\\/?s={search_term_string}\"},\"query-input\":{\"@type\":\"PropertyValueSpecification\",\"valueRequired\":true,\"valueName\":\"search_term_string\"}}],\"inLanguage\":\"pl-PL\"},{\"@type\":\"Organization\",\"@id\":\"https:\\\/\\\/boutique-one-piece.com\\\/#organization\",\"name\":\"Boutique One Piece\",\"url\":\"https:\\\/\\\/boutique-one-piece.com\\\/\",\"logo\":{\"@type\":\"ImageObject\",\"inLanguage\":\"pl-PL\",\"@id\":\"https:\\\/\\\/boutique-one-piece.com\\\/#\\\/schema\\\/logo\\\/image\\\/\",\"url\":\"https:\\\/\\\/boutique-one-piece.com\\\/wp-content\\\/uploads\\\/2022\\\/09\\\/Logo-01.png\",\"contentUrl\":\"https:\\\/\\\/boutique-one-piece.com\\\/wp-content\\\/uploads\\\/2022\\\/09\\\/Logo-01.png\",\"width\":2318,\"height\":957,\"caption\":\"Boutique One Piece\"},\"image\":{\"@id\":\"https:\\\/\\\/boutique-one-piece.com\\\/#\\\/schema\\\/logo\\\/image\\\/\"}}]}<\/script>\n<!-- \/ Yoast SEO plugin. -->","yoast_head_json":{"title":"One Piece Mugiwara No Luffy Slipper | Sklep One Piece","description":"Kapcie Monkey D. Luffy One Piece: Autentyczne kapcie One Piece z anime dla prawdziwych pirat\u00f3w. Mi\u0119kkie i wygodne: Wysokiej jako\u015bci kapcie. Rozmiary: 37, 39, 41, 43. DARMOWA WYSY\u0141KA","robots":{"index":"index","follow":"follow","max-snippet":"max-snippet:-1","max-image-preview":"max-image-preview:large","max-video-preview":"max-video-preview:-1"},"canonical":"https:\/\/boutique-one-piece.com\/pl\/buty-jednoczesciowe\/jednoczesciowe-kapcie\/jednoczesciowy-kapec-mugiwara-no-luffy\/","og_locale":"pl_PL","og_type":"article","og_title":"Chausson One Piece Mugiwara No Luffy | Boutique One Piece","og_description":"Chaussons Monkey D Luffy\u00a0One Piece\u00a0: v\u00e9ritable\u00a0chaussons\u00a0de l'anime One Piece pour les\u00a0v\u00e9ritables pirates Doux et Confortable\u00a0:\u00a0chaussons de haute qualit\u00e9 Taille\u00a0:\u00a037, 39, 41, 43 LIVRAISON OFFERTE","og_url":"https:\/\/boutique-one-piece.com\/pl\/buty-jednoczesciowe\/jednoczesciowe-kapcie\/jednoczesciowy-kapec-mugiwara-no-luffy\/","og_site_name":"Boutique One Piece","article_modified_time":"2024-09-16T13:11:55+00:00","og_image":[{"width":640,"height":640,"url":"https:\/\/boutique-one-piece.com\/wp-content\/uploads\/2022\/09\/Chaussons-One-Piece-Mugiwara-No-Luffy.jpg","type":"image\/jpeg"}],"twitter_card":"summary_large_image","twitter_misc":{"Szacowany czas czytania":"1 minuta"},"schema":{"@context":"https:\/\/schema.org","@graph":[{"@type":"WebPage","@id":"https:\/\/boutique-one-piece.com\/chaussures-one-piece\/chaussons-one-piece\/chausson-one-piece-mugiwara-no-luffy\/","url":"https:\/\/boutique-one-piece.com\/chaussures-one-piece\/chaussons-one-piece\/chausson-one-piece-mugiwara-no-luffy\/","name":"One Piece Mugiwara No Luffy Slipper | Sklep One Piece","isPartOf":{"@id":"https:\/\/boutique-one-piece.com\/#website"},"primaryImageOfPage":{"@id":"https:\/\/boutique-one-piece.com\/chaussures-one-piece\/chaussons-one-piece\/chausson-one-piece-mugiwara-no-luffy\/#primaryimage"},"image":{"@id":"https:\/\/boutique-one-piece.com\/chaussures-one-piece\/chaussons-one-piece\/chausson-one-piece-mugiwara-no-luffy\/#primaryimage"},"thumbnailUrl":"https:\/\/boutique-one-piece.com\/wp-content\/uploads\/2022\/09\/Chaussons-One-Piece-Mugiwara-No-Luffy.jpg","datePublished":"2022-09-27T21:01:33+00:00","dateModified":"2024-09-16T13:11:55+00:00","description":"Kapcie Monkey D. Luffy One Piece: Autentyczne kapcie One Piece z anime dla prawdziwych pirat\u00f3w. Mi\u0119kkie i wygodne: Wysokiej jako\u015bci kapcie. Rozmiary: 37, 39, 41, 43. DARMOWA WYSY\u0141KA","breadcrumb":{"@id":"https:\/\/boutique-one-piece.com\/chaussures-one-piece\/chaussons-one-piece\/chausson-one-piece-mugiwara-no-luffy\/#breadcrumb"},"inLanguage":"pl-PL","potentialAction":[{"@type":"ReadAction","target":["https:\/\/boutique-one-piece.com\/chaussures-one-piece\/chaussons-one-piece\/chausson-one-piece-mugiwara-no-luffy\/"]}]},{"@type":"ImageObject","inLanguage":"pl-PL","@id":"https:\/\/boutique-one-piece.com\/chaussures-one-piece\/chaussons-one-piece\/chausson-one-piece-mugiwara-no-luffy\/#primaryimage","url":"https:\/\/boutique-one-piece.com\/wp-content\/uploads\/2022\/09\/Chaussons-One-Piece-Mugiwara-No-Luffy.jpg","contentUrl":"https:\/\/boutique-one-piece.com\/wp-content\/uploads\/2022\/09\/Chaussons-One-Piece-Mugiwara-No-Luffy.jpg","width":640,"height":640,"caption":"Chaussons One Piece Mugiwara No Luffy 43"},{"@type":"BreadcrumbList","@id":"https:\/\/boutique-one-piece.com\/chaussures-one-piece\/chaussons-one-piece\/chausson-one-piece-mugiwara-no-luffy\/#breadcrumb","itemListElement":[{"@type":"ListItem","position":1,"name":"Home","item":"https:\/\/boutique-one-piece.com\/"},{"@type":"ListItem","position":2,"name":"Shop","item":"https:\/\/boutique-one-piece.com\/shop\/"},{"@type":"ListItem","position":3,"name":"Chaussons One Piece Mugiwara No Luffy"}]},{"@type":"WebSite","@id":"https:\/\/boutique-one-piece.com\/#website","url":"https:\/\/boutique-one-piece.com\/","name":"One Piece Shop","description":"Sklep specjalistyczny z mang\u0105 i anime One Piece","publisher":{"@id":"https:\/\/boutique-one-piece.com\/#organization"},"potentialAction":[{"@type":"SearchAction","target":{"@type":"EntryPoint","urlTemplate":"https:\/\/boutique-one-piece.com\/?s={search_term_string}"},"query-input":{"@type":"PropertyValueSpecification","valueRequired":true,"valueName":"search_term_string"}}],"inLanguage":"pl-PL"},{"@type":"Organization","@id":"https:\/\/boutique-one-piece.com\/#organization","name":"One Piece Shop","url":"https:\/\/boutique-one-piece.com\/","logo":{"@type":"ImageObject","inLanguage":"pl-PL","@id":"https:\/\/boutique-one-piece.com\/#\/schema\/logo\/image\/","url":"https:\/\/boutique-one-piece.com\/wp-content\/uploads\/2022\/09\/Logo-01.png","contentUrl":"https:\/\/boutique-one-piece.com\/wp-content\/uploads\/2022\/09\/Logo-01.png","width":2318,"height":957,"caption":"Boutique One Piece"},"image":{"@id":"https:\/\/boutique-one-piece.com\/#\/schema\/logo\/image\/"}}]}},"_links":{"self":[{"href":"https:\/\/boutique-one-piece.com\/pl\/wp-json\/wp\/v2\/product\/13195","targetHints":{"allow":["GET"]}}],"collection":[{"href":"https:\/\/boutique-one-piece.com\/pl\/wp-json\/wp\/v2\/product"}],"about":[{"href":"https:\/\/boutique-one-piece.com\/pl\/wp-json\/wp\/v2\/types\/product"}],"replies":[{"embeddable":true,"href":"https:\/\/boutique-one-piece.com\/pl\/wp-json\/wp\/v2\/comments?post=13195"}],"wp:featuredmedia":[{"embeddable":true,"href":"https:\/\/boutique-one-piece.com\/pl\/wp-json\/wp\/v2\/media\/13197"}],"wp:attachment":[{"href":"https:\/\/boutique-one-piece.com\/pl\/wp-json\/wp\/v2\/media?parent=13195"}],"wp:term":[{"taxonomy":"product_brand","embeddable":true,"href":"https:\/\/boutique-one-piece.com\/pl\/wp-json\/wp\/v2\/product_brand?post=13195"},{"taxonomy":"product_cat","embeddable":true,"href":"https:\/\/boutique-one-piece.com\/pl\/wp-json\/wp\/v2\/product_cat?post=13195"},{"taxonomy":"product_tag","embeddable":true,"href":"https:\/\/boutique-one-piece.com\/pl\/wp-json\/wp\/v2\/product_tag?post=13195"}],"curies":[{"name":"wp","href":"https:\/\/api.w.org\/{rel}","templated":true}]}}