{"id":13224,"date":"2022-09-27T21:01:48","date_gmt":"2022-09-27T21:01:48","guid":{"rendered":"https:\/\/boutique-one-piece.com\/uncategorized\/casquette-one-piece-la-marine\/"},"modified":"2024-09-16T15:25:14","modified_gmt":"2024-09-16T15:25:14","slug":"czapka-jednoczesciowa-granatowa","status":"publish","type":"product","link":"https:\/\/boutique-one-piece.com\/pl\/ubrania-jednoczesciowe\/czapki-i-kapelusze-one-piece\/czapka-jednoczesciowa-granatowa\/","title":{"rendered":"Czapka jednocz\u0119\u015bciowa granatowa"},"content":{"rendered":"<ul>\n<li>\u00a0<strong>Czapka najwy\u017cszej jako\u015bci\u00a0<\/strong>:ustanowiony<span>\u00a0<\/span>z 4\u00a0<strong>tylne panele<\/strong>\u00a0W\u00a0<strong>oczko<\/strong>, Ten\u00a0<strong>tkanina<\/strong>\u00a0W\u00a0<strong>plastikowy<\/strong>\u00a0jest bardzo\u00a0<strong>gazowany<\/strong>\u00a0dzi\u0119ki swojemu splotowi\u00ab\u00a0<strong>internet<\/strong>\u00ab\u00a0<\/li>\n<\/ul>\n<ul>\n<li>\n<strong>Poliester<\/strong>\u00a0:z jego\u00a0<strong>kompozycja\u00a0<\/strong>W<strong>\u00a0poliester<\/strong>, Ta czapka oferuje idealne\u00a0<strong>ochrona<\/strong>\u00a0przeciwko\u00a0<strong>s\u0142oneczny\u00a0<\/strong>I<strong>\u00a0woda<\/strong>.\u00a0<\/li>\n<\/ul>\n<ul>\n<li>\n<strong>Bardzo wygodne\u00a0<\/strong>:dzi\u0119ki wentylacji jest bardzo wygodny w noszeniu<\/li>\n<\/ul>\n<ul>\n<li>\n<strong>Druk cyfrowy 3D<\/strong>\u00a0: czapka<strong>\u00a0wydrukowane<\/strong>\u00a0z oryginalnym designem,\u00a0<strong>Wydruk na p\u0142\u00f3tnie<\/strong>\n<\/li>\n<\/ul>\n<ul>\n<li>\n<strong>Zakrzywiony daszek\u00a0<\/strong>: Tam\u00a0<strong>przy\u0142bica<\/strong>\u00a0Wsch\u00f3d<strong>\u00a0przed<\/strong><strong>-zakrzywiony<\/strong>\n<\/li>\n<\/ul>\n<ul>\n<li>\n<strong>Zapi\u0119cie typu snapback<\/strong>\u00a0:\u00a0<strong>przy\u0142\u0105czony<\/strong>\u00a0W\u00a0<strong>plastikowy<\/strong>\u00a0z\u00a0<strong>pikolak<\/strong>\u00a0z\u00a0<strong>naciski<\/strong>\n<\/li>\n<\/ul>\n<ul>\n<li>\n<strong>Darmowa dostawa\u00a0<\/strong>za ka\u017cdy zakup<\/li>\n<\/ul>","protected":false},"excerpt":{"rendered":"<p>\u00a0Czapka najwy\u017cszej jako\u015bci: Wykonana z 4 siateczkowych paneli z ty\u0142u, ta plastikowa tkanina jest wysoce oddychaj\u0105ca dzi\u0119ki siateczkowemu splotowi. Poliester: Dzi\u0119ki poliestrowemu sk\u0142adowi czapka zapewnia doskona\u0142\u0105 ochron\u0119 przed s\u0142o\u0144cem i wod\u0105. Bardzo wygodna: Wentylacja sprawia, \u017ce jest bardzo przyjemna w noszeniu. Druk cyfrowy 3D: Czapka z oryginalnym nadrukiem. Nadruk na p\u0142\u00f3tnie. Zakrzywiony daszek: Daszek jest wst\u0119pnie zakrzywiony. Zapi\u0119cie typu snapback: Plastikowe zapi\u0119cie na zatrzaski. Darmowa wysy\u0142ka przy wszystkich zakupach.<\/p>","protected":false},"featured_media":13226,"comment_status":"open","ping_status":"open","template":"","meta":[],"product_brand":[],"product_cat":[190],"product_tag":[],"class_list":{"0":"post-13224","1":"product","2":"type-product","3":"status-publish","4":"has-post-thumbnail","6":"product_cat-casquettes-et-chapeaux-one-piece","8":"first","9":"instock","10":"purchasable","11":"product-type-variable","12":"has-default-attributes"},"yoast_head":"<!-- This site is optimized with the Yoast SEO plugin v27.5 - https:\/\/yoast.com\/product\/yoast-seo-wordpress\/ -->\n<title>Casquette One Piece La Marine | Boutique One Piece<\/title>\n<meta name=\"description\" content=\"\u00a0Casquette\u00a0 de qualit\u00e9 sup\u00e9rieure\u00a0: constitu\u00e9e\u00a0de 4\u00a0panneaux arri\u00e8re\u00a0en\u00a0mesh, ce\u00a0tissu\u00a0en\u00a0plastique\u00a0est tr\u00e8s\u00a0a\u00e9r\u00e9\u00a0gr\u00e2ce \u00e0 son\u00a0tissage\u00a0&quot;filet&quot; Polyester\u00a0: avec sa\u00a0composition\u00a0en\u00a0polyester, cette\u00a0casquette\u00a0offre une parfaite\u00a0protection\u00a0contre le\u00a0soleil\u00a0et\u00a0l&#039;eau.\u00a0 Tr\u00e8s confortable\u00a0: avec son a\u00e9ration, elle est tr\u00e8s agr\u00e9ab\" \/>\n<meta name=\"robots\" content=\"index, follow, max-snippet:-1, max-image-preview:large, max-video-preview:-1\" \/>\n<link rel=\"canonical\" href=\"https:\/\/boutique-one-piece.com\/pl\/ubrania-jednoczesciowe\/czapki-i-kapelusze-one-piece\/czapka-jednoczesciowa-granatowa\/\" \/>\n<meta property=\"og:locale\" content=\"pl_PL\" \/>\n<meta property=\"og:type\" content=\"article\" \/>\n<meta property=\"og:title\" content=\"Casquette One Piece La Marine | Boutique One Piece\" \/>\n<meta property=\"og:description\" content=\"\u00a0Casquette\u00a0 de qualit\u00e9 sup\u00e9rieure\u00a0: constitu\u00e9e\u00a0de 4\u00a0panneaux arri\u00e8re\u00a0en\u00a0mesh, ce\u00a0tissu\u00a0en\u00a0plastique\u00a0est tr\u00e8s\u00a0a\u00e9r\u00e9\u00a0gr\u00e2ce \u00e0 son\u00a0tissage\u00a0&quot;filet&quot; Polyester\u00a0: avec sa\u00a0composition\u00a0en\u00a0polyester, cette\u00a0casquette\u00a0offre une parfaite\u00a0protection\u00a0contre le\u00a0soleil\u00a0et\u00a0l&#039;eau.\u00a0 Tr\u00e8s confortable\u00a0: avec son a\u00e9ration, elle est tr\u00e8s agr\u00e9ab\" \/>\n<meta property=\"og:url\" content=\"https:\/\/boutique-one-piece.com\/pl\/ubrania-jednoczesciowe\/czapki-i-kapelusze-one-piece\/czapka-jednoczesciowa-granatowa\/\" \/>\n<meta property=\"og:site_name\" content=\"Boutique One Piece\" \/>\n<meta property=\"article:modified_time\" content=\"2024-09-16T15:25:14+00:00\" \/>\n<meta property=\"og:image\" content=\"https:\/\/boutique-one-piece.com\/wp-content\/uploads\/2022\/09\/Casquette-One-Piece-La-Marine-1.jpg\" \/>\n\t<meta property=\"og:image:width\" content=\"750\" \/>\n\t<meta property=\"og:image:height\" content=\"711\" \/>\n\t<meta property=\"og:image:type\" content=\"image\/jpeg\" \/>\n<meta name=\"twitter:card\" content=\"summary_large_image\" \/>\n<meta name=\"twitter:label1\" content=\"Szacowany czas czytania\" \/>\n\t<meta name=\"twitter:data1\" content=\"1 minuta\" \/>\n<script type=\"application\/ld+json\" class=\"yoast-schema-graph\">{\"@context\":\"https:\\\/\\\/schema.org\",\"@graph\":[{\"@type\":\"WebPage\",\"@id\":\"https:\\\/\\\/boutique-one-piece.com\\\/vetements-one-piece\\\/casquettes-et-chapeaux-one-piece\\\/casquette-one-piece-la-marine\\\/\",\"url\":\"https:\\\/\\\/boutique-one-piece.com\\\/vetements-one-piece\\\/casquettes-et-chapeaux-one-piece\\\/casquette-one-piece-la-marine\\\/\",\"name\":\"Casquette One Piece La Marine | Boutique One Piece\",\"isPartOf\":{\"@id\":\"https:\\\/\\\/boutique-one-piece.com\\\/#website\"},\"primaryImageOfPage\":{\"@id\":\"https:\\\/\\\/boutique-one-piece.com\\\/vetements-one-piece\\\/casquettes-et-chapeaux-one-piece\\\/casquette-one-piece-la-marine\\\/#primaryimage\"},\"image\":{\"@id\":\"https:\\\/\\\/boutique-one-piece.com\\\/vetements-one-piece\\\/casquettes-et-chapeaux-one-piece\\\/casquette-one-piece-la-marine\\\/#primaryimage\"},\"thumbnailUrl\":\"https:\\\/\\\/boutique-one-piece.com\\\/wp-content\\\/uploads\\\/2022\\\/09\\\/Casquette-One-Piece-La-Marine-1.jpg\",\"datePublished\":\"2022-09-27T21:01:48+00:00\",\"dateModified\":\"2024-09-16T15:25:14+00:00\",\"description\":\"\u00a0Casquette\u00a0 de qualit\u00e9 sup\u00e9rieure\u00a0: constitu\u00e9e\u00a0de 4\u00a0panneaux arri\u00e8re\u00a0en\u00a0mesh, ce\u00a0tissu\u00a0en\u00a0plastique\u00a0est tr\u00e8s\u00a0a\u00e9r\u00e9\u00a0gr\u00e2ce \u00e0 son\u00a0tissage\u00a0\\\"filet\\\" Polyester\u00a0: avec sa\u00a0composition\u00a0en\u00a0polyester, cette\u00a0casquette\u00a0offre une parfaite\u00a0protection\u00a0contre le\u00a0soleil\u00a0et\u00a0l'eau.\u00a0 Tr\u00e8s confortable\u00a0: avec son a\u00e9ration, elle est tr\u00e8s agr\u00e9ab\",\"breadcrumb\":{\"@id\":\"https:\\\/\\\/boutique-one-piece.com\\\/vetements-one-piece\\\/casquettes-et-chapeaux-one-piece\\\/casquette-one-piece-la-marine\\\/#breadcrumb\"},\"inLanguage\":\"pl-PL\",\"potentialAction\":[{\"@type\":\"ReadAction\",\"target\":[\"https:\\\/\\\/boutique-one-piece.com\\\/vetements-one-piece\\\/casquettes-et-chapeaux-one-piece\\\/casquette-one-piece-la-marine\\\/\"]}]},{\"@type\":\"ImageObject\",\"inLanguage\":\"pl-PL\",\"@id\":\"https:\\\/\\\/boutique-one-piece.com\\\/vetements-one-piece\\\/casquettes-et-chapeaux-one-piece\\\/casquette-one-piece-la-marine\\\/#primaryimage\",\"url\":\"https:\\\/\\\/boutique-one-piece.com\\\/wp-content\\\/uploads\\\/2022\\\/09\\\/Casquette-One-Piece-La-Marine-1.jpg\",\"contentUrl\":\"https:\\\/\\\/boutique-one-piece.com\\\/wp-content\\\/uploads\\\/2022\\\/09\\\/Casquette-One-Piece-La-Marine-1.jpg\",\"width\":750,\"height\":711},{\"@type\":\"BreadcrumbList\",\"@id\":\"https:\\\/\\\/boutique-one-piece.com\\\/vetements-one-piece\\\/casquettes-et-chapeaux-one-piece\\\/casquette-one-piece-la-marine\\\/#breadcrumb\",\"itemListElement\":[{\"@type\":\"ListItem\",\"position\":1,\"name\":\"Home\",\"item\":\"https:\\\/\\\/boutique-one-piece.com\\\/\"},{\"@type\":\"ListItem\",\"position\":2,\"name\":\"Shop\",\"item\":\"https:\\\/\\\/boutique-one-piece.com\\\/shop\\\/\"},{\"@type\":\"ListItem\",\"position\":3,\"name\":\"Casquette One Piece La Marine\"}]},{\"@type\":\"WebSite\",\"@id\":\"https:\\\/\\\/boutique-one-piece.com\\\/#website\",\"url\":\"https:\\\/\\\/boutique-one-piece.com\\\/\",\"name\":\"Boutique One Piece\",\"description\":\"Magasin Sp\u00e9cialis\u00e9 du Manga et l&#039;Anime One Piece\",\"publisher\":{\"@id\":\"https:\\\/\\\/boutique-one-piece.com\\\/#organization\"},\"potentialAction\":[{\"@type\":\"SearchAction\",\"target\":{\"@type\":\"EntryPoint\",\"urlTemplate\":\"https:\\\/\\\/boutique-one-piece.com\\\/?s={search_term_string}\"},\"query-input\":{\"@type\":\"PropertyValueSpecification\",\"valueRequired\":true,\"valueName\":\"search_term_string\"}}],\"inLanguage\":\"pl-PL\"},{\"@type\":\"Organization\",\"@id\":\"https:\\\/\\\/boutique-one-piece.com\\\/#organization\",\"name\":\"Boutique One Piece\",\"url\":\"https:\\\/\\\/boutique-one-piece.com\\\/\",\"logo\":{\"@type\":\"ImageObject\",\"inLanguage\":\"pl-PL\",\"@id\":\"https:\\\/\\\/boutique-one-piece.com\\\/#\\\/schema\\\/logo\\\/image\\\/\",\"url\":\"https:\\\/\\\/boutique-one-piece.com\\\/wp-content\\\/uploads\\\/2022\\\/09\\\/Logo-01.png\",\"contentUrl\":\"https:\\\/\\\/boutique-one-piece.com\\\/wp-content\\\/uploads\\\/2022\\\/09\\\/Logo-01.png\",\"width\":2318,\"height\":957,\"caption\":\"Boutique One Piece\"},\"image\":{\"@id\":\"https:\\\/\\\/boutique-one-piece.com\\\/#\\\/schema\\\/logo\\\/image\\\/\"}}]}<\/script>\n<!-- \/ Yoast SEO plugin. -->","yoast_head_json":{"title":"Czapka One Piece Navy | Sklep One Piece","description":"\u00a0Czapka najwy\u017cszej jako\u015bci: Wykonana z 4 siateczkowych paneli tylnych, ta tkanina z tworzywa sztucznego jest wysoce oddychaj\u0105ca dzi\u0119ki siateczkowemu splotowi. Poliester: Dzi\u0119ki zawarto\u015bci poliestru czapka zapewnia doskona\u0142\u0105 ochron\u0119 przed s\u0142o\u0144cem i wod\u0105. Bardzo wygodna: Dzi\u0119ki wentylacji jest bardzo przyjemna w noszeniu.","robots":{"index":"index","follow":"follow","max-snippet":"max-snippet:-1","max-image-preview":"max-image-preview:large","max-video-preview":"max-video-preview:-1"},"canonical":"https:\/\/boutique-one-piece.com\/pl\/ubrania-jednoczesciowe\/czapki-i-kapelusze-one-piece\/czapka-jednoczesciowa-granatowa\/","og_locale":"pl_PL","og_type":"article","og_title":"Casquette One Piece La Marine | Boutique One Piece","og_description":"\u00a0Casquette\u00a0 de qualit\u00e9 sup\u00e9rieure\u00a0: constitu\u00e9e\u00a0de 4\u00a0panneaux arri\u00e8re\u00a0en\u00a0mesh, ce\u00a0tissu\u00a0en\u00a0plastique\u00a0est tr\u00e8s\u00a0a\u00e9r\u00e9\u00a0gr\u00e2ce \u00e0 son\u00a0tissage\u00a0\"filet\" Polyester\u00a0: avec sa\u00a0composition\u00a0en\u00a0polyester, cette\u00a0casquette\u00a0offre une parfaite\u00a0protection\u00a0contre le\u00a0soleil\u00a0et\u00a0l'eau.\u00a0 Tr\u00e8s confortable\u00a0: avec son a\u00e9ration, elle est tr\u00e8s agr\u00e9ab","og_url":"https:\/\/boutique-one-piece.com\/pl\/ubrania-jednoczesciowe\/czapki-i-kapelusze-one-piece\/czapka-jednoczesciowa-granatowa\/","og_site_name":"Boutique One Piece","article_modified_time":"2024-09-16T15:25:14+00:00","og_image":[{"width":750,"height":711,"url":"https:\/\/boutique-one-piece.com\/wp-content\/uploads\/2022\/09\/Casquette-One-Piece-La-Marine-1.jpg","type":"image\/jpeg"}],"twitter_card":"summary_large_image","twitter_misc":{"Szacowany czas czytania":"1 minuta"},"schema":{"@context":"https:\/\/schema.org","@graph":[{"@type":"WebPage","@id":"https:\/\/boutique-one-piece.com\/vetements-one-piece\/casquettes-et-chapeaux-one-piece\/casquette-one-piece-la-marine\/","url":"https:\/\/boutique-one-piece.com\/vetements-one-piece\/casquettes-et-chapeaux-one-piece\/casquette-one-piece-la-marine\/","name":"Czapka One Piece Navy | Sklep One Piece","isPartOf":{"@id":"https:\/\/boutique-one-piece.com\/#website"},"primaryImageOfPage":{"@id":"https:\/\/boutique-one-piece.com\/vetements-one-piece\/casquettes-et-chapeaux-one-piece\/casquette-one-piece-la-marine\/#primaryimage"},"image":{"@id":"https:\/\/boutique-one-piece.com\/vetements-one-piece\/casquettes-et-chapeaux-one-piece\/casquette-one-piece-la-marine\/#primaryimage"},"thumbnailUrl":"https:\/\/boutique-one-piece.com\/wp-content\/uploads\/2022\/09\/Casquette-One-Piece-La-Marine-1.jpg","datePublished":"2022-09-27T21:01:48+00:00","dateModified":"2024-09-16T15:25:14+00:00","description":"\u00a0Czapka najwy\u017cszej jako\u015bci: Wykonana z 4 siateczkowych paneli tylnych, ta tkanina z tworzywa sztucznego jest wysoce oddychaj\u0105ca dzi\u0119ki siateczkowemu splotowi. Poliester: Dzi\u0119ki zawarto\u015bci poliestru czapka zapewnia doskona\u0142\u0105 ochron\u0119 przed s\u0142o\u0144cem i wod\u0105. Bardzo wygodna: Dzi\u0119ki wentylacji jest bardzo przyjemna w noszeniu.","breadcrumb":{"@id":"https:\/\/boutique-one-piece.com\/vetements-one-piece\/casquettes-et-chapeaux-one-piece\/casquette-one-piece-la-marine\/#breadcrumb"},"inLanguage":"pl-PL","potentialAction":[{"@type":"ReadAction","target":["https:\/\/boutique-one-piece.com\/vetements-one-piece\/casquettes-et-chapeaux-one-piece\/casquette-one-piece-la-marine\/"]}]},{"@type":"ImageObject","inLanguage":"pl-PL","@id":"https:\/\/boutique-one-piece.com\/vetements-one-piece\/casquettes-et-chapeaux-one-piece\/casquette-one-piece-la-marine\/#primaryimage","url":"https:\/\/boutique-one-piece.com\/wp-content\/uploads\/2022\/09\/Casquette-One-Piece-La-Marine-1.jpg","contentUrl":"https:\/\/boutique-one-piece.com\/wp-content\/uploads\/2022\/09\/Casquette-One-Piece-La-Marine-1.jpg","width":750,"height":711},{"@type":"BreadcrumbList","@id":"https:\/\/boutique-one-piece.com\/vetements-one-piece\/casquettes-et-chapeaux-one-piece\/casquette-one-piece-la-marine\/#breadcrumb","itemListElement":[{"@type":"ListItem","position":1,"name":"Home","item":"https:\/\/boutique-one-piece.com\/"},{"@type":"ListItem","position":2,"name":"Shop","item":"https:\/\/boutique-one-piece.com\/shop\/"},{"@type":"ListItem","position":3,"name":"Casquette One Piece La Marine"}]},{"@type":"WebSite","@id":"https:\/\/boutique-one-piece.com\/#website","url":"https:\/\/boutique-one-piece.com\/","name":"One Piece Shop","description":"Sklep specjalistyczny z mang\u0105 i anime One Piece","publisher":{"@id":"https:\/\/boutique-one-piece.com\/#organization"},"potentialAction":[{"@type":"SearchAction","target":{"@type":"EntryPoint","urlTemplate":"https:\/\/boutique-one-piece.com\/?s={search_term_string}"},"query-input":{"@type":"PropertyValueSpecification","valueRequired":true,"valueName":"search_term_string"}}],"inLanguage":"pl-PL"},{"@type":"Organization","@id":"https:\/\/boutique-one-piece.com\/#organization","name":"One Piece Shop","url":"https:\/\/boutique-one-piece.com\/","logo":{"@type":"ImageObject","inLanguage":"pl-PL","@id":"https:\/\/boutique-one-piece.com\/#\/schema\/logo\/image\/","url":"https:\/\/boutique-one-piece.com\/wp-content\/uploads\/2022\/09\/Logo-01.png","contentUrl":"https:\/\/boutique-one-piece.com\/wp-content\/uploads\/2022\/09\/Logo-01.png","width":2318,"height":957,"caption":"Boutique One Piece"},"image":{"@id":"https:\/\/boutique-one-piece.com\/#\/schema\/logo\/image\/"}}]}},"_links":{"self":[{"href":"https:\/\/boutique-one-piece.com\/pl\/wp-json\/wp\/v2\/product\/13224","targetHints":{"allow":["GET"]}}],"collection":[{"href":"https:\/\/boutique-one-piece.com\/pl\/wp-json\/wp\/v2\/product"}],"about":[{"href":"https:\/\/boutique-one-piece.com\/pl\/wp-json\/wp\/v2\/types\/product"}],"replies":[{"embeddable":true,"href":"https:\/\/boutique-one-piece.com\/pl\/wp-json\/wp\/v2\/comments?post=13224"}],"wp:featuredmedia":[{"embeddable":true,"href":"https:\/\/boutique-one-piece.com\/pl\/wp-json\/wp\/v2\/media\/13226"}],"wp:attachment":[{"href":"https:\/\/boutique-one-piece.com\/pl\/wp-json\/wp\/v2\/media?parent=13224"}],"wp:term":[{"taxonomy":"product_brand","embeddable":true,"href":"https:\/\/boutique-one-piece.com\/pl\/wp-json\/wp\/v2\/product_brand?post=13224"},{"taxonomy":"product_cat","embeddable":true,"href":"https:\/\/boutique-one-piece.com\/pl\/wp-json\/wp\/v2\/product_cat?post=13224"},{"taxonomy":"product_tag","embeddable":true,"href":"https:\/\/boutique-one-piece.com\/pl\/wp-json\/wp\/v2\/product_tag?post=13224"}],"curies":[{"name":"wp","href":"https:\/\/api.w.org\/{rel}","templated":true}]}}