{"id":13428,"date":"2022-09-27T21:03:01","date_gmt":"2022-09-27T21:03:01","guid":{"rendered":"https:\/\/boutique-one-piece.com\/uncategorized\/avis-de-recherche-one-piece-god-usopp-wanted\/"},"modified":"2026-03-23T00:35:10","modified_gmt":"2026-03-23T00:35:10","slug":"ogloszenie-o-poszukiwaniu-one-piece-god-usoppa","status":"publish","type":"product","link":"https:\/\/boutique-one-piece.com\/pl\/dekoracje-one-piece\/ogloszenie-o-poszukiwaniu-one-piece-god-usoppa\/","title":{"rendered":"B\u00f3g chcia\u0142 Usoppa"},"content":{"rendered":"<h2>Je\u015bli wolisz snajper\u00f3w w\u015br\u00f3d pirat\u00f3w od czystej si\u0142y, ten plakat z wizerunkiem boga Usoppa jest w\u0142a\u015bnie dla ciebie.<\/h2>\n<p>Usopp jest piratem, kt\u00f3ry jest<strong> snajper<\/strong> z za\u0142ogi S\u0142omkowego Kapelusza. Jego imi\u0119 pochodzi od japo\u0144skiego s\u0142owa \u00abk\u0142amstwo\u00bb, poniewa\u017c jako dziecko uwielbia\u0142 k\u0142ama\u0107 matce i mieszka\u0144com wioski, aby opowiedzie\u0107 im o swoich przygodach, co zachwyca\u0142o matk\u0119, ale irytowa\u0142o mieszka\u0144c\u00f3w wioski.<\/p>\n<p>Jego marzeniem jest zosta\u0107 wielkim piratem i uda\u0107 si\u0119 na wysp\u0119 zamieszkan\u0105 wy\u0142\u0105cznie przez olbrzymy. Strzela pociskami za pomoc\u0105 <strong>katapultowa\u0107<\/strong>, kt\u00f3ry po elipsie jest wi\u0119kszy, aby mie\u0107 wi\u0119kszy zasi\u0119g.<\/p>\n<h3>Poka\u017c jak bardzo doceniasz Usoppa za pomoc\u0105 tego epickiego plakatu z og\u0142oszeniem o poszukiwaniu osoby zaginionej.<\/h3>\n<p>M\u00f3wimy tu o Bogu Ussopie, czyli o Ussopie w bardzo specyficznym kontek\u015bcie. <strong>Dressrosa<\/strong>, Po tym, jak sk\u0142ama\u0142 Tontattom, postanowili uczyni\u0107 Usoppa swoim bohaterem, nazywaj\u0105c go <strong>Ussoland<\/strong> i myl\u0105c go z bogiem. W rezultacie Tontatowie zbuntuj\u0105 si\u0119 i sprawi\u0105 wielkie k\u0142opoty Doflamingo, kt\u00f3ry zorganizuje ob\u0142aw\u0119, a za jego g\u0142ow\u0119 wyznaczy najwy\u017csz\u0105 nagrod\u0119 \u2013 boga Usopa.<\/p>\n<p>B\u00f3g Usopp wyznaczy\u0142 nagrod\u0119 w wysoko\u015bci 200 milion\u00f3w Jag\u00f3d.<\/p>\n<p>Co s\u0105dzisz o stworzeniu kolekcji z bonusami? W takim razie koniecznie musisz to mie\u0107. <a href=\"https:\/\/boutique-one-piece.com\/pl\/plakat-poszukiwany-one-piece-nami-poszukiwana\/\" target=\"_blank\" title=\"Nami Poszukiwany\" rel=\"noopener noreferrer\">Nami, poszukiwany list go\u0144czy<\/a>.<\/p>\n<p>\u00a0<\/p>\n<h2>Informacje o plakacie One Piece Wanted Usoppa<\/h2>\n<ul>\n<li><span><b><u>Plakat poszukiwany One Piece<\/u><\/b>\u00a0Prawdziwy plakat poszukiwany za bycie prawdziwym piratem One Piece<\/span><\/li>\n<\/ul>\n<ul>\n<li>\n<b><u>B\u00f3g Usoppa Prime<\/u><\/b>\u00a0200 000 000 jag\u00f3d<\/li>\n<\/ul>\n<ul>\n<li><span><strong>Wysoka jako\u015b\u0107 druku<\/strong>\u00a0dok\u0142adne kolory<\/span><\/li>\n<\/ul>\n<ul>\n<li>\n<strong>Wymiar<\/strong>\u00a0: 51 cm x 36 cm<\/li>\n<\/ul>\n<ul>\n<li><span><strong>DARMOWA DOSTAWA<\/strong><\/span><\/li>\n<\/ul>\n<div id=\"gtx-trans\" style=\"position: absolute; left: 184px; top: 177.5px;\">\n<div class=\"gtx-trans-icon\"><\/div>\n<\/div>","protected":false},"excerpt":{"rendered":"<p>Si tu pr\u00e9f\u00e8res les tireurs d&rsquo;\u00e9lite parmi les pirates que la force pure, cet Avis de Recherche God Usopp est fait pour toi. Usopp est un pirate qui est le tireur d&rsquo;\u00e9lite de l&rsquo;\u00e9quipage des Mugiwaras. Son pr\u00e9nom vient de \u00ab\u00a0mensonge\u00a0\u00bb en japonais puisque quand il \u00e9tait petit, il adorait racontait des mensonges \u00e0 sa [&hellip;]<\/p>","protected":false},"featured_media":13430,"comment_status":"open","ping_status":"open","template":"","meta":[],"product_brand":[],"product_cat":[171,150],"product_tag":[],"class_list":{"0":"post-13428","1":"product","2":"type-product","3":"status-publish","4":"has-post-thumbnail","6":"product_cat-avis-de-recherche-one-piece","7":"product_cat-decorations-one-piece","9":"first","10":"instock","11":"purchasable","12":"product-type-simple"},"yoast_head":"<!-- This site is optimized with the Yoast SEO plugin v27.5 - https:\/\/yoast.com\/product\/yoast-seo-wordpress\/ -->\n<title>Avis de Recherche One Piece God Usopp Wanted | D\u00e9coration One Piece \u2013 Boutique One Piece<\/title>\n<meta name=\"description\" content=\"Si tu pr\u00e9f\u00e8res les tireurs d&#039;\u00e9lite parmi les pirates que la force pure, cet Avis de Recherche God Usopp est fait pour toi. Usopp est un pirate qui est le tireur d&#039;\u00e9lite de l&#039;\u00e9quipage des Mugiwaras. Son pr\u00e9nom vient de &quot;mensonge&quot; en japonais puisque quand il \u00e9tait petit, il adorait racontait des mensonges \u00e0 sa m\u00e8re et a\" \/>\n<meta name=\"robots\" content=\"index, follow, max-snippet:-1, max-image-preview:large, max-video-preview:-1\" \/>\n<link rel=\"canonical\" href=\"https:\/\/boutique-one-piece.com\/pl\/plakat-poszukiwany-one-piece\/ogloszenie-o-poszukiwaniu-one-piece-god-usoppa\/\" \/>\n<meta property=\"og:locale\" content=\"pl_PL\" \/>\n<meta property=\"og:type\" content=\"article\" \/>\n<meta property=\"og:title\" content=\"Avis de Recherche One Piece God Usopp Wanted | D\u00e9coration One Piece \u2013 Boutique One Piece\" \/>\n<meta property=\"og:description\" content=\"Si tu pr\u00e9f\u00e8res les tireurs d&#039;\u00e9lite parmi les pirates que la force pure, cet Avis de Recherche God Usopp est fait pour toi. Usopp est un pirate qui est le tireur d&#039;\u00e9lite de l&#039;\u00e9quipage des Mugiwaras. Son pr\u00e9nom vient de &quot;mensonge&quot; en japonais puisque quand il \u00e9tait petit, il adorait racontait des mensonges \u00e0 sa m\u00e8re et a\" \/>\n<meta property=\"og:url\" content=\"https:\/\/boutique-one-piece.com\/pl\/plakat-poszukiwany-one-piece\/ogloszenie-o-poszukiwaniu-one-piece-god-usoppa\/\" \/>\n<meta property=\"og:site_name\" content=\"Boutique One Piece\" \/>\n<meta property=\"article:modified_time\" content=\"2026-03-23T00:35:10+00:00\" \/>\n<meta property=\"og:image\" content=\"https:\/\/boutique-one-piece.com\/wp-content\/uploads\/2022\/09\/Avis-de-Recherche-God-Usopp-Wanted-1.jpg\" \/>\n\t<meta property=\"og:image:width\" content=\"800\" \/>\n\t<meta property=\"og:image:height\" content=\"800\" \/>\n\t<meta property=\"og:image:type\" content=\"image\/jpeg\" \/>\n<meta name=\"twitter:card\" content=\"summary_large_image\" \/>\n<meta name=\"twitter:label1\" content=\"Szacowany czas czytania\" \/>\n\t<meta name=\"twitter:data1\" content=\"1 minuta\" \/>\n<script type=\"application\/ld+json\" class=\"yoast-schema-graph\">{\"@context\":\"https:\\\/\\\/schema.org\",\"@graph\":[{\"@type\":\"WebPage\",\"@id\":\"https:\\\/\\\/boutique-one-piece.com\\\/avis-de-recherche-one-piece\\\/avis-de-recherche-one-piece-god-usopp-wanted\\\/\",\"url\":\"https:\\\/\\\/boutique-one-piece.com\\\/avis-de-recherche-one-piece\\\/avis-de-recherche-one-piece-god-usopp-wanted\\\/\",\"name\":\"Avis de Recherche One Piece God Usopp Wanted | D\u00e9coration One Piece \u2013 Boutique One Piece\",\"isPartOf\":{\"@id\":\"https:\\\/\\\/boutique-one-piece.com\\\/#website\"},\"primaryImageOfPage\":{\"@id\":\"https:\\\/\\\/boutique-one-piece.com\\\/avis-de-recherche-one-piece\\\/avis-de-recherche-one-piece-god-usopp-wanted\\\/#primaryimage\"},\"image\":{\"@id\":\"https:\\\/\\\/boutique-one-piece.com\\\/avis-de-recherche-one-piece\\\/avis-de-recherche-one-piece-god-usopp-wanted\\\/#primaryimage\"},\"thumbnailUrl\":\"https:\\\/\\\/boutique-one-piece.com\\\/wp-content\\\/uploads\\\/2022\\\/09\\\/Avis-de-Recherche-God-Usopp-Wanted-1.jpg\",\"datePublished\":\"2022-09-27T21:03:01+00:00\",\"dateModified\":\"2026-03-23T00:35:10+00:00\",\"description\":\"Si tu pr\u00e9f\u00e8res les tireurs d'\u00e9lite parmi les pirates que la force pure, cet Avis de Recherche God Usopp est fait pour toi. Usopp est un pirate qui est le tireur d'\u00e9lite de l'\u00e9quipage des Mugiwaras. Son pr\u00e9nom vient de \\\"mensonge\\\" en japonais puisque quand il \u00e9tait petit, il adorait racontait des mensonges \u00e0 sa m\u00e8re et a\",\"breadcrumb\":{\"@id\":\"https:\\\/\\\/boutique-one-piece.com\\\/avis-de-recherche-one-piece\\\/avis-de-recherche-one-piece-god-usopp-wanted\\\/#breadcrumb\"},\"inLanguage\":\"pl-PL\",\"potentialAction\":[{\"@type\":\"ReadAction\",\"target\":[\"https:\\\/\\\/boutique-one-piece.com\\\/avis-de-recherche-one-piece\\\/avis-de-recherche-one-piece-god-usopp-wanted\\\/\"]}]},{\"@type\":\"ImageObject\",\"inLanguage\":\"pl-PL\",\"@id\":\"https:\\\/\\\/boutique-one-piece.com\\\/avis-de-recherche-one-piece\\\/avis-de-recherche-one-piece-god-usopp-wanted\\\/#primaryimage\",\"url\":\"https:\\\/\\\/boutique-one-piece.com\\\/wp-content\\\/uploads\\\/2022\\\/09\\\/Avis-de-Recherche-God-Usopp-Wanted-1.jpg\",\"contentUrl\":\"https:\\\/\\\/boutique-one-piece.com\\\/wp-content\\\/uploads\\\/2022\\\/09\\\/Avis-de-Recherche-God-Usopp-Wanted-1.jpg\",\"width\":800,\"height\":800},{\"@type\":\"BreadcrumbList\",\"@id\":\"https:\\\/\\\/boutique-one-piece.com\\\/avis-de-recherche-one-piece\\\/avis-de-recherche-one-piece-god-usopp-wanted\\\/#breadcrumb\",\"itemListElement\":[{\"@type\":\"ListItem\",\"position\":1,\"name\":\"Home\",\"item\":\"https:\\\/\\\/boutique-one-piece.com\\\/\"},{\"@type\":\"ListItem\",\"position\":2,\"name\":\"Shop\",\"item\":\"https:\\\/\\\/boutique-one-piece.com\\\/shop\\\/\"},{\"@type\":\"ListItem\",\"position\":3,\"name\":\"Avis de Recherche God Usopp Wanted\"}]},{\"@type\":\"WebSite\",\"@id\":\"https:\\\/\\\/boutique-one-piece.com\\\/#website\",\"url\":\"https:\\\/\\\/boutique-one-piece.com\\\/\",\"name\":\"Boutique One Piece\",\"description\":\"Magasin Sp\u00e9cialis\u00e9 du Manga et l&#039;Anime One Piece\",\"publisher\":{\"@id\":\"https:\\\/\\\/boutique-one-piece.com\\\/#organization\"},\"potentialAction\":[{\"@type\":\"SearchAction\",\"target\":{\"@type\":\"EntryPoint\",\"urlTemplate\":\"https:\\\/\\\/boutique-one-piece.com\\\/?s={search_term_string}\"},\"query-input\":{\"@type\":\"PropertyValueSpecification\",\"valueRequired\":true,\"valueName\":\"search_term_string\"}}],\"inLanguage\":\"pl-PL\"},{\"@type\":\"Organization\",\"@id\":\"https:\\\/\\\/boutique-one-piece.com\\\/#organization\",\"name\":\"Boutique One Piece\",\"url\":\"https:\\\/\\\/boutique-one-piece.com\\\/\",\"logo\":{\"@type\":\"ImageObject\",\"inLanguage\":\"pl-PL\",\"@id\":\"https:\\\/\\\/boutique-one-piece.com\\\/#\\\/schema\\\/logo\\\/image\\\/\",\"url\":\"https:\\\/\\\/boutique-one-piece.com\\\/wp-content\\\/uploads\\\/2022\\\/09\\\/Logo-01.png\",\"contentUrl\":\"https:\\\/\\\/boutique-one-piece.com\\\/wp-content\\\/uploads\\\/2022\\\/09\\\/Logo-01.png\",\"width\":2318,\"height\":957,\"caption\":\"Boutique One Piece\"},\"image\":{\"@id\":\"https:\\\/\\\/boutique-one-piece.com\\\/#\\\/schema\\\/logo\\\/image\\\/\"}}]}<\/script>\n<!-- \/ Yoast SEO plugin. -->","yoast_head_json":{"title":"Plakat poszukiwany z One Piece God Usopp | Dekoracje z One Piece \u2013 Sklep One Piece","description":"Je\u015bli wolisz snajper\u00f3w w\u015br\u00f3d pirat\u00f3w od brutalnej si\u0142y, ten list go\u0144czy &quot;Bo\u017cy Usopp&quot; jest dla Ciebie. Usopp jest piratem i snajperem w za\u0142odze S\u0142omkowego Kapelusza. Jego imi\u0119 pochodzi od japo\u0144skiego s\u0142owa oznaczaj\u0105cego \"k\u0142amstwo\", poniewa\u017c w dzieci\u0144stwie uwielbia\u0142 k\u0142ama\u0107 swojej matce i...","robots":{"index":"index","follow":"follow","max-snippet":"max-snippet:-1","max-image-preview":"max-image-preview:large","max-video-preview":"max-video-preview:-1"},"canonical":"https:\/\/boutique-one-piece.com\/pl\/plakat-poszukiwany-one-piece\/ogloszenie-o-poszukiwaniu-one-piece-god-usoppa\/","og_locale":"pl_PL","og_type":"article","og_title":"Avis de Recherche One Piece God Usopp Wanted | D\u00e9coration One Piece \u2013 Boutique One Piece","og_description":"Si tu pr\u00e9f\u00e8res les tireurs d'\u00e9lite parmi les pirates que la force pure, cet Avis de Recherche God Usopp est fait pour toi. Usopp est un pirate qui est le tireur d'\u00e9lite de l'\u00e9quipage des Mugiwaras. Son pr\u00e9nom vient de \"mensonge\" en japonais puisque quand il \u00e9tait petit, il adorait racontait des mensonges \u00e0 sa m\u00e8re et a","og_url":"https:\/\/boutique-one-piece.com\/pl\/plakat-poszukiwany-one-piece\/ogloszenie-o-poszukiwaniu-one-piece-god-usoppa\/","og_site_name":"Boutique One Piece","article_modified_time":"2026-03-23T00:35:10+00:00","og_image":[{"width":800,"height":800,"url":"https:\/\/boutique-one-piece.com\/wp-content\/uploads\/2022\/09\/Avis-de-Recherche-God-Usopp-Wanted-1.jpg","type":"image\/jpeg"}],"twitter_card":"summary_large_image","twitter_misc":{"Szacowany czas czytania":"1 minuta"},"schema":{"@context":"https:\/\/schema.org","@graph":[{"@type":"WebPage","@id":"https:\/\/boutique-one-piece.com\/avis-de-recherche-one-piece\/avis-de-recherche-one-piece-god-usopp-wanted\/","url":"https:\/\/boutique-one-piece.com\/avis-de-recherche-one-piece\/avis-de-recherche-one-piece-god-usopp-wanted\/","name":"Plakat poszukiwany z One Piece God Usopp | Dekoracje z One Piece \u2013 Sklep One Piece","isPartOf":{"@id":"https:\/\/boutique-one-piece.com\/#website"},"primaryImageOfPage":{"@id":"https:\/\/boutique-one-piece.com\/avis-de-recherche-one-piece\/avis-de-recherche-one-piece-god-usopp-wanted\/#primaryimage"},"image":{"@id":"https:\/\/boutique-one-piece.com\/avis-de-recherche-one-piece\/avis-de-recherche-one-piece-god-usopp-wanted\/#primaryimage"},"thumbnailUrl":"https:\/\/boutique-one-piece.com\/wp-content\/uploads\/2022\/09\/Avis-de-Recherche-God-Usopp-Wanted-1.jpg","datePublished":"2022-09-27T21:03:01+00:00","dateModified":"2026-03-23T00:35:10+00:00","description":"Je\u015bli wolisz snajper\u00f3w w\u015br\u00f3d pirat\u00f3w od brutalnej si\u0142y, ten list go\u0144czy &quot;Bo\u017cy Usopp&quot; jest dla Ciebie. Usopp jest piratem i snajperem w za\u0142odze S\u0142omkowego Kapelusza. Jego imi\u0119 pochodzi od japo\u0144skiego s\u0142owa oznaczaj\u0105cego \"k\u0142amstwo\", poniewa\u017c w dzieci\u0144stwie uwielbia\u0142 k\u0142ama\u0107 swojej matce i...","breadcrumb":{"@id":"https:\/\/boutique-one-piece.com\/avis-de-recherche-one-piece\/avis-de-recherche-one-piece-god-usopp-wanted\/#breadcrumb"},"inLanguage":"pl-PL","potentialAction":[{"@type":"ReadAction","target":["https:\/\/boutique-one-piece.com\/avis-de-recherche-one-piece\/avis-de-recherche-one-piece-god-usopp-wanted\/"]}]},{"@type":"ImageObject","inLanguage":"pl-PL","@id":"https:\/\/boutique-one-piece.com\/avis-de-recherche-one-piece\/avis-de-recherche-one-piece-god-usopp-wanted\/#primaryimage","url":"https:\/\/boutique-one-piece.com\/wp-content\/uploads\/2022\/09\/Avis-de-Recherche-God-Usopp-Wanted-1.jpg","contentUrl":"https:\/\/boutique-one-piece.com\/wp-content\/uploads\/2022\/09\/Avis-de-Recherche-God-Usopp-Wanted-1.jpg","width":800,"height":800},{"@type":"BreadcrumbList","@id":"https:\/\/boutique-one-piece.com\/avis-de-recherche-one-piece\/avis-de-recherche-one-piece-god-usopp-wanted\/#breadcrumb","itemListElement":[{"@type":"ListItem","position":1,"name":"Home","item":"https:\/\/boutique-one-piece.com\/"},{"@type":"ListItem","position":2,"name":"Shop","item":"https:\/\/boutique-one-piece.com\/shop\/"},{"@type":"ListItem","position":3,"name":"Avis de Recherche God Usopp Wanted"}]},{"@type":"WebSite","@id":"https:\/\/boutique-one-piece.com\/#website","url":"https:\/\/boutique-one-piece.com\/","name":"One Piece Shop","description":"Sklep specjalistyczny z mang\u0105 i anime One Piece","publisher":{"@id":"https:\/\/boutique-one-piece.com\/#organization"},"potentialAction":[{"@type":"SearchAction","target":{"@type":"EntryPoint","urlTemplate":"https:\/\/boutique-one-piece.com\/?s={search_term_string}"},"query-input":{"@type":"PropertyValueSpecification","valueRequired":true,"valueName":"search_term_string"}}],"inLanguage":"pl-PL"},{"@type":"Organization","@id":"https:\/\/boutique-one-piece.com\/#organization","name":"One Piece Shop","url":"https:\/\/boutique-one-piece.com\/","logo":{"@type":"ImageObject","inLanguage":"pl-PL","@id":"https:\/\/boutique-one-piece.com\/#\/schema\/logo\/image\/","url":"https:\/\/boutique-one-piece.com\/wp-content\/uploads\/2022\/09\/Logo-01.png","contentUrl":"https:\/\/boutique-one-piece.com\/wp-content\/uploads\/2022\/09\/Logo-01.png","width":2318,"height":957,"caption":"Boutique One Piece"},"image":{"@id":"https:\/\/boutique-one-piece.com\/#\/schema\/logo\/image\/"}}]}},"_links":{"self":[{"href":"https:\/\/boutique-one-piece.com\/pl\/wp-json\/wp\/v2\/product\/13428","targetHints":{"allow":["GET"]}}],"collection":[{"href":"https:\/\/boutique-one-piece.com\/pl\/wp-json\/wp\/v2\/product"}],"about":[{"href":"https:\/\/boutique-one-piece.com\/pl\/wp-json\/wp\/v2\/types\/product"}],"replies":[{"embeddable":true,"href":"https:\/\/boutique-one-piece.com\/pl\/wp-json\/wp\/v2\/comments?post=13428"}],"wp:featuredmedia":[{"embeddable":true,"href":"https:\/\/boutique-one-piece.com\/pl\/wp-json\/wp\/v2\/media\/13430"}],"wp:attachment":[{"href":"https:\/\/boutique-one-piece.com\/pl\/wp-json\/wp\/v2\/media?parent=13428"}],"wp:term":[{"taxonomy":"product_brand","embeddable":true,"href":"https:\/\/boutique-one-piece.com\/pl\/wp-json\/wp\/v2\/product_brand?post=13428"},{"taxonomy":"product_cat","embeddable":true,"href":"https:\/\/boutique-one-piece.com\/pl\/wp-json\/wp\/v2\/product_cat?post=13428"},{"taxonomy":"product_tag","embeddable":true,"href":"https:\/\/boutique-one-piece.com\/pl\/wp-json\/wp\/v2\/product_tag?post=13428"}],"curies":[{"name":"wp","href":"https:\/\/api.w.org\/{rel}","templated":true}]}}