{"id":13452,"date":"2022-09-27T21:20:34","date_gmt":"2022-09-27T21:20:34","guid":{"rendered":"https:\/\/boutique-one-piece.com\/uncategorized\/figurine-one-piece-lhomme-poisson-karateka-jinbe\/"},"modified":"2025-10-03T14:07:55","modified_gmt":"2025-10-03T14:07:55","slug":"jednoczesciowa-figurka-ryba-czlowiek-karateka-jinbe","status":"publish","type":"product","link":"https:\/\/boutique-one-piece.com\/pl\/figurki-one-piece\/figurki-jinbe\/jednoczesciowa-figurka-ryba-czlowiek-karateka-jinbe\/","title":{"rendered":"Figurka Karateka Jinbe z One Piece Fishman"},"content":{"rendered":"<h2>M\u0142ody piracie, zdob\u0105d\u017a ju\u017c teraz figurk\u0119 One Piece Fish Man Karateka Jinbe.<\/h2>\n<p>Jinbe, znany r\u00f3wnie\u017c jako &quot;\u00ab\u00a0<strong>Paladyn M\u00f3rz<\/strong>\u00a0\u00bbjest sternikiem za\u0142ogi S\u0142omkowego Kapelusza. Oficjalnie jest dziesi\u0105tym cz\u0142onkiem za\u0142ogi S\u0142omkowego Kapelusza i dziewi\u0105tym, kt\u00f3ry do\u0142\u0105czy\u0142 do za\u0142ogi Luffy&#039;ego. A tak przy okazji, je\u015bli chcesz poszerzy\u0107 swoj\u0105 kolekcj\u0119 figurek, zdob\u0105d\u017a <a title=\"ONE PIECE UROCZY CHOPPER\" href=\"https:\/\/boutique-one-piece.com\/pl\/jednoczesciowa-figurka-uroczego-choppera\/\" target=\"_blank\" rel=\"noopener\">Figurka Choppera jest zbyt \u00abs\u0142odka\u00bb<\/a>, kt\u00f3ry jest kolejnym cz\u0142onkiem za\u0142ogi S\u0142omkowego Kapelusza.<\/p>\n<p>Wracaj\u0105c do Jinbe, powiniene\u015b wiedzie\u0107, \u017ce jest on mistrzem<strong> Karate p\u0142az\u00f3w. <\/strong>Potrafi u\u017cy\u0107 tej sztuki walki, by pokona\u0107 kilku przeciwnik\u00f3w naraz. Jego ciosy s\u0105 tak pot\u0119\u017cne, \u017ce nie musi nawi\u0105zywa\u0107 kontaktu fizycznego z przeciwnikiem, bo nawet powietrze go odpycha.<\/p>\n<h3>Czy urzek\u0142a Ci\u0119 ta figurka mistrza karate Amphibian? Je\u015bli tak, nie wahaj si\u0119 d\u0142u\u017cej i do\u0142\u0105cz do niego na pok\u0142adzie Thousand Sunny. Jinbe mo\u017ce nauczy\u0107 Ci\u0119 kilku technik walki.<\/h3>\n<p>Niezale\u017cnie od tego, czy jeste\u015b zagorza\u0142ym fanem, czy do\u015bwiadczonym kolekcjonerem, te legendarne przedmioty s\u0105 zdecydowanie dla Ciebie. Zanurz si\u0119 w <strong>wszech\u015bwiat One Piece<\/strong> dzi\u0119ki wyj\u0105tkowym przedmiotom. We\u017a sw\u00f3j los w swoje r\u0119ce i do\u0142\u0105cz <strong>za\u0142oga S\u0142omkowego Kapelusza<\/strong>, Era piractwa jeszcze si\u0119 nie sko\u0144czy\u0142a!<\/p>\n<h2>Informacje o figurce Jinbe Karateka Fishman\u00a0<\/h2>\n<ul data-mce-fragment=\"1\">\n<li data-mce-fragment=\"1\"><span data-mce-fragment=\"1\"><b data-mce-fragment=\"1\"><u data-mce-fragment=\"1\">Figurka One Piece<\/u><\/b>\u00a0Figurka Premium One Piece dla prawdziwych pirat\u00f3w<\/span><\/li>\n<\/ul>\n<ul data-mce-fragment=\"1\">\n<li data-mce-fragment=\"1\">\n<b data-mce-fragment=\"1\">Materia\u0142<\/b><span data-mce-fragment=\"1\">\u00a0<\/span>PCV<\/li>\n<\/ul>\n<ul data-mce-fragment=\"1\">\n<li data-mce-fragment=\"1\"><span data-mce-fragment=\"1\"><strong data-mce-fragment=\"1\">Wymiar<\/strong>\u00a0: 15 cm<\/span><\/li>\n<\/ul>\n<ul data-mce-fragment=\"1\">\n<li data-mce-fragment=\"1\"><span data-mce-fragment=\"1\"><strong data-mce-fragment=\"1\">DARMOWA DOSTAWA<\/strong><\/span><\/li>\n<\/ul>","protected":false},"excerpt":{"rendered":"<p>Jeune pirate, procure-toi d\u00e8s \u00e0 pr\u00e9sent cette Figurine One Piece L&rsquo;Homme Poisson Karat\u00e9ka Jinbe. Jinbe aka \u00ab\u00a0Le Paladin des Mers\u00a0\u00bb est le timonier de l&rsquo;\u00c9quipage du Chapeau de Paille. Il est officiellement le dixi\u00e8me membre de l&rsquo;\u00e9quipage du Chapeau de Paille et le neuvi\u00e8me \u00e0 rejoindre l&rsquo;\u00e9quipage de Luffy. D&rsquo;ailleurs, si tu souhaites agrandir ta [&hellip;]<\/p>","protected":false},"featured_media":13454,"comment_status":"open","ping_status":"open","template":"","meta":[],"product_brand":[],"product_cat":[301,76],"product_tag":[274],"class_list":{"0":"post-13452","1":"product","2":"type-product","3":"status-publish","4":"has-post-thumbnail","6":"product_cat-figurines-jinbe","7":"product_cat-figurines-one-piece","8":"product_tag-jinbe","10":"first","11":"instock","12":"purchasable","13":"product-type-simple"},"yoast_head":"<!-- This site is optimized with the Yoast SEO plugin v27.5 - https:\/\/yoast.com\/product\/yoast-seo-wordpress\/ -->\n<title>Figurine One Piece L&#039;Homme Poisson Karat\u00e9ka Jinbe | Figurine One Piece \u2013 Boutique One Piece<\/title>\n<meta name=\"description\" content=\"Jeune pirate, procure-toi d\u00e8s \u00e0 pr\u00e9sent cette Figurine One Piece L&#039;Homme Poisson Karat\u00e9ka Jinbe. Jinbe aka &quot;Le Paladin des Mers&quot; est le timonier de l&#039;\u00c9quipage du Chapeau de Paille. Il est officiellement le dixi\u00e8me membre de l&#039;\u00e9quipage du Chapeau de Paille et le neuvi\u00e8me \u00e0 rejoindre l&#039;\u00e9quipage de Luffy. D&#039;ailleurs, si t\" \/>\n<meta name=\"robots\" content=\"index, follow, max-snippet:-1, max-image-preview:large, max-video-preview:-1\" \/>\n<link rel=\"canonical\" href=\"https:\/\/boutique-one-piece.com\/pl\/figurki-one-piece\/figurki-jinbe\/jednoczesciowa-figurka-ryba-czlowiek-karateka-jinbe\/\" \/>\n<meta property=\"og:locale\" content=\"pl_PL\" \/>\n<meta property=\"og:type\" content=\"article\" \/>\n<meta property=\"og:title\" content=\"Figurine One Piece L&#039;Homme Poisson Karat\u00e9ka Jinbe | Figurine One Piece \u2013 Boutique One Piece\" \/>\n<meta property=\"og:description\" content=\"Jeune pirate, procure-toi d\u00e8s \u00e0 pr\u00e9sent cette Figurine One Piece L&#039;Homme Poisson Karat\u00e9ka Jinbe. Jinbe aka &quot;Le Paladin des Mers&quot; est le timonier de l&#039;\u00c9quipage du Chapeau de Paille. Il est officiellement le dixi\u00e8me membre de l&#039;\u00e9quipage du Chapeau de Paille et le neuvi\u00e8me \u00e0 rejoindre l&#039;\u00e9quipage de Luffy. D&#039;ailleurs, si t\" \/>\n<meta property=\"og:url\" content=\"https:\/\/boutique-one-piece.com\/pl\/figurki-one-piece\/figurki-jinbe\/jednoczesciowa-figurka-ryba-czlowiek-karateka-jinbe\/\" \/>\n<meta property=\"og:site_name\" content=\"Boutique One Piece\" \/>\n<meta property=\"article:modified_time\" content=\"2025-10-03T14:07:55+00:00\" \/>\n<meta property=\"og:image\" content=\"https:\/\/boutique-one-piece.com\/wp-content\/uploads\/2022\/09\/Figurine-One-Piece-LHomme-Poisson-Karateka-Jinbe-1.jpg\" \/>\n\t<meta property=\"og:image:width\" content=\"640\" \/>\n\t<meta property=\"og:image:height\" content=\"640\" \/>\n\t<meta property=\"og:image:type\" content=\"image\/jpeg\" \/>\n<meta name=\"twitter:card\" content=\"summary_large_image\" \/>\n<meta name=\"twitter:label1\" content=\"Szacowany czas czytania\" \/>\n\t<meta name=\"twitter:data1\" content=\"2 minuty\" \/>\n<script type=\"application\/ld+json\" class=\"yoast-schema-graph\">{\"@context\":\"https:\\\/\\\/schema.org\",\"@graph\":[{\"@type\":\"WebPage\",\"@id\":\"https:\\\/\\\/boutique-one-piece.com\\\/figurines-one-piece\\\/figurines-jinbe\\\/figurine-one-piece-lhomme-poisson-karateka-jinbe\\\/\",\"url\":\"https:\\\/\\\/boutique-one-piece.com\\\/figurines-one-piece\\\/figurines-jinbe\\\/figurine-one-piece-lhomme-poisson-karateka-jinbe\\\/\",\"name\":\"Figurine One Piece L'Homme Poisson Karat\u00e9ka Jinbe | Figurine One Piece \u2013 Boutique One Piece\",\"isPartOf\":{\"@id\":\"https:\\\/\\\/boutique-one-piece.com\\\/#website\"},\"primaryImageOfPage\":{\"@id\":\"https:\\\/\\\/boutique-one-piece.com\\\/figurines-one-piece\\\/figurines-jinbe\\\/figurine-one-piece-lhomme-poisson-karateka-jinbe\\\/#primaryimage\"},\"image\":{\"@id\":\"https:\\\/\\\/boutique-one-piece.com\\\/figurines-one-piece\\\/figurines-jinbe\\\/figurine-one-piece-lhomme-poisson-karateka-jinbe\\\/#primaryimage\"},\"thumbnailUrl\":\"https:\\\/\\\/boutique-one-piece.com\\\/wp-content\\\/uploads\\\/2022\\\/09\\\/Figurine-One-Piece-LHomme-Poisson-Karateka-Jinbe-1.jpg\",\"datePublished\":\"2022-09-27T21:20:34+00:00\",\"dateModified\":\"2025-10-03T14:07:55+00:00\",\"description\":\"Jeune pirate, procure-toi d\u00e8s \u00e0 pr\u00e9sent cette Figurine One Piece L'Homme Poisson Karat\u00e9ka Jinbe. Jinbe aka \\\"Le Paladin des Mers\\\" est le timonier de l'\u00c9quipage du Chapeau de Paille. Il est officiellement le dixi\u00e8me membre de l'\u00e9quipage du Chapeau de Paille et le neuvi\u00e8me \u00e0 rejoindre l'\u00e9quipage de Luffy. D'ailleurs, si t\",\"breadcrumb\":{\"@id\":\"https:\\\/\\\/boutique-one-piece.com\\\/figurines-one-piece\\\/figurines-jinbe\\\/figurine-one-piece-lhomme-poisson-karateka-jinbe\\\/#breadcrumb\"},\"inLanguage\":\"pl-PL\",\"potentialAction\":[{\"@type\":\"ReadAction\",\"target\":[\"https:\\\/\\\/boutique-one-piece.com\\\/figurines-one-piece\\\/figurines-jinbe\\\/figurine-one-piece-lhomme-poisson-karateka-jinbe\\\/\"]}]},{\"@type\":\"ImageObject\",\"inLanguage\":\"pl-PL\",\"@id\":\"https:\\\/\\\/boutique-one-piece.com\\\/figurines-one-piece\\\/figurines-jinbe\\\/figurine-one-piece-lhomme-poisson-karateka-jinbe\\\/#primaryimage\",\"url\":\"https:\\\/\\\/boutique-one-piece.com\\\/wp-content\\\/uploads\\\/2022\\\/09\\\/Figurine-One-Piece-LHomme-Poisson-Karateka-Jinbe-1.jpg\",\"contentUrl\":\"https:\\\/\\\/boutique-one-piece.com\\\/wp-content\\\/uploads\\\/2022\\\/09\\\/Figurine-One-Piece-LHomme-Poisson-Karateka-Jinbe-1.jpg\",\"width\":640,\"height\":640},{\"@type\":\"BreadcrumbList\",\"@id\":\"https:\\\/\\\/boutique-one-piece.com\\\/figurines-one-piece\\\/figurines-jinbe\\\/figurine-one-piece-lhomme-poisson-karateka-jinbe\\\/#breadcrumb\",\"itemListElement\":[{\"@type\":\"ListItem\",\"position\":1,\"name\":\"Home\",\"item\":\"https:\\\/\\\/boutique-one-piece.com\\\/\"},{\"@type\":\"ListItem\",\"position\":2,\"name\":\"Shop\",\"item\":\"https:\\\/\\\/boutique-one-piece.com\\\/shop\\\/\"},{\"@type\":\"ListItem\",\"position\":3,\"name\":\"Figurine One Piece L&#8217;Homme Poisson Karat\u00e9ka Jinbe\"}]},{\"@type\":\"WebSite\",\"@id\":\"https:\\\/\\\/boutique-one-piece.com\\\/#website\",\"url\":\"https:\\\/\\\/boutique-one-piece.com\\\/\",\"name\":\"Boutique One Piece\",\"description\":\"Magasin Sp\u00e9cialis\u00e9 du Manga et l&#039;Anime One Piece\",\"publisher\":{\"@id\":\"https:\\\/\\\/boutique-one-piece.com\\\/#organization\"},\"potentialAction\":[{\"@type\":\"SearchAction\",\"target\":{\"@type\":\"EntryPoint\",\"urlTemplate\":\"https:\\\/\\\/boutique-one-piece.com\\\/?s={search_term_string}\"},\"query-input\":{\"@type\":\"PropertyValueSpecification\",\"valueRequired\":true,\"valueName\":\"search_term_string\"}}],\"inLanguage\":\"pl-PL\"},{\"@type\":\"Organization\",\"@id\":\"https:\\\/\\\/boutique-one-piece.com\\\/#organization\",\"name\":\"Boutique One Piece\",\"url\":\"https:\\\/\\\/boutique-one-piece.com\\\/\",\"logo\":{\"@type\":\"ImageObject\",\"inLanguage\":\"pl-PL\",\"@id\":\"https:\\\/\\\/boutique-one-piece.com\\\/#\\\/schema\\\/logo\\\/image\\\/\",\"url\":\"https:\\\/\\\/boutique-one-piece.com\\\/wp-content\\\/uploads\\\/2022\\\/09\\\/Logo-01.png\",\"contentUrl\":\"https:\\\/\\\/boutique-one-piece.com\\\/wp-content\\\/uploads\\\/2022\\\/09\\\/Logo-01.png\",\"width\":2318,\"height\":957,\"caption\":\"Boutique One Piece\"},\"image\":{\"@id\":\"https:\\\/\\\/boutique-one-piece.com\\\/#\\\/schema\\\/logo\\\/image\\\/\"}}]}<\/script>\n<!-- \/ Yoast SEO plugin. -->","yoast_head_json":{"title":"Figurka One Piece Fishman Karateka Jinbe | Figurka One Piece \u2013 Sklep One Piece","description":"M\u0142ody piracie, zdob\u0105d\u017a t\u0119 figurk\u0119 Jinbe z One Piece Fish-Man Karate-King ju\u017c teraz! Jinbe, znany r\u00f3wnie\u017c jako \"Paladyn M\u00f3rz\", jest sternikiem za\u0142ogi S\u0142omkowego Kapelusza. Oficjalnie jest dziesi\u0105tym cz\u0142onkiem za\u0142ogi S\u0142omkowego Kapelusza i dziewi\u0105tym, kt\u00f3ry do\u0142\u0105czy\u0142 do za\u0142ogi Luffy&#039;ego. Co wi\u0119cej, je\u015bli\u2026","robots":{"index":"index","follow":"follow","max-snippet":"max-snippet:-1","max-image-preview":"max-image-preview:large","max-video-preview":"max-video-preview:-1"},"canonical":"https:\/\/boutique-one-piece.com\/pl\/figurki-one-piece\/figurki-jinbe\/jednoczesciowa-figurka-ryba-czlowiek-karateka-jinbe\/","og_locale":"pl_PL","og_type":"article","og_title":"Figurine One Piece L'Homme Poisson Karat\u00e9ka Jinbe | Figurine One Piece \u2013 Boutique One Piece","og_description":"Jeune pirate, procure-toi d\u00e8s \u00e0 pr\u00e9sent cette Figurine One Piece L'Homme Poisson Karat\u00e9ka Jinbe. Jinbe aka \"Le Paladin des Mers\" est le timonier de l'\u00c9quipage du Chapeau de Paille. Il est officiellement le dixi\u00e8me membre de l'\u00e9quipage du Chapeau de Paille et le neuvi\u00e8me \u00e0 rejoindre l'\u00e9quipage de Luffy. D'ailleurs, si t","og_url":"https:\/\/boutique-one-piece.com\/pl\/figurki-one-piece\/figurki-jinbe\/jednoczesciowa-figurka-ryba-czlowiek-karateka-jinbe\/","og_site_name":"Boutique One Piece","article_modified_time":"2025-10-03T14:07:55+00:00","og_image":[{"width":640,"height":640,"url":"https:\/\/boutique-one-piece.com\/wp-content\/uploads\/2022\/09\/Figurine-One-Piece-LHomme-Poisson-Karateka-Jinbe-1.jpg","type":"image\/jpeg"}],"twitter_card":"summary_large_image","twitter_misc":{"Szacowany czas czytania":"2 minuty"},"schema":{"@context":"https:\/\/schema.org","@graph":[{"@type":"WebPage","@id":"https:\/\/boutique-one-piece.com\/figurines-one-piece\/figurines-jinbe\/figurine-one-piece-lhomme-poisson-karateka-jinbe\/","url":"https:\/\/boutique-one-piece.com\/figurines-one-piece\/figurines-jinbe\/figurine-one-piece-lhomme-poisson-karateka-jinbe\/","name":"Figurka One Piece Fishman Karateka Jinbe | Figurka One Piece \u2013 Sklep One Piece","isPartOf":{"@id":"https:\/\/boutique-one-piece.com\/#website"},"primaryImageOfPage":{"@id":"https:\/\/boutique-one-piece.com\/figurines-one-piece\/figurines-jinbe\/figurine-one-piece-lhomme-poisson-karateka-jinbe\/#primaryimage"},"image":{"@id":"https:\/\/boutique-one-piece.com\/figurines-one-piece\/figurines-jinbe\/figurine-one-piece-lhomme-poisson-karateka-jinbe\/#primaryimage"},"thumbnailUrl":"https:\/\/boutique-one-piece.com\/wp-content\/uploads\/2022\/09\/Figurine-One-Piece-LHomme-Poisson-Karateka-Jinbe-1.jpg","datePublished":"2022-09-27T21:20:34+00:00","dateModified":"2025-10-03T14:07:55+00:00","description":"M\u0142ody piracie, zdob\u0105d\u017a t\u0119 figurk\u0119 Jinbe z One Piece Fish-Man Karate-King ju\u017c teraz! Jinbe, znany r\u00f3wnie\u017c jako \"Paladyn M\u00f3rz\", jest sternikiem za\u0142ogi S\u0142omkowego Kapelusza. Oficjalnie jest dziesi\u0105tym cz\u0142onkiem za\u0142ogi S\u0142omkowego Kapelusza i dziewi\u0105tym, kt\u00f3ry do\u0142\u0105czy\u0142 do za\u0142ogi Luffy&#039;ego. Co wi\u0119cej, je\u015bli\u2026","breadcrumb":{"@id":"https:\/\/boutique-one-piece.com\/figurines-one-piece\/figurines-jinbe\/figurine-one-piece-lhomme-poisson-karateka-jinbe\/#breadcrumb"},"inLanguage":"pl-PL","potentialAction":[{"@type":"ReadAction","target":["https:\/\/boutique-one-piece.com\/figurines-one-piece\/figurines-jinbe\/figurine-one-piece-lhomme-poisson-karateka-jinbe\/"]}]},{"@type":"ImageObject","inLanguage":"pl-PL","@id":"https:\/\/boutique-one-piece.com\/figurines-one-piece\/figurines-jinbe\/figurine-one-piece-lhomme-poisson-karateka-jinbe\/#primaryimage","url":"https:\/\/boutique-one-piece.com\/wp-content\/uploads\/2022\/09\/Figurine-One-Piece-LHomme-Poisson-Karateka-Jinbe-1.jpg","contentUrl":"https:\/\/boutique-one-piece.com\/wp-content\/uploads\/2022\/09\/Figurine-One-Piece-LHomme-Poisson-Karateka-Jinbe-1.jpg","width":640,"height":640},{"@type":"BreadcrumbList","@id":"https:\/\/boutique-one-piece.com\/figurines-one-piece\/figurines-jinbe\/figurine-one-piece-lhomme-poisson-karateka-jinbe\/#breadcrumb","itemListElement":[{"@type":"ListItem","position":1,"name":"Home","item":"https:\/\/boutique-one-piece.com\/"},{"@type":"ListItem","position":2,"name":"Shop","item":"https:\/\/boutique-one-piece.com\/shop\/"},{"@type":"ListItem","position":3,"name":"Figurine One Piece L&#8217;Homme Poisson Karat\u00e9ka Jinbe"}]},{"@type":"WebSite","@id":"https:\/\/boutique-one-piece.com\/#website","url":"https:\/\/boutique-one-piece.com\/","name":"One Piece Shop","description":"Sklep specjalistyczny z mang\u0105 i anime One Piece","publisher":{"@id":"https:\/\/boutique-one-piece.com\/#organization"},"potentialAction":[{"@type":"SearchAction","target":{"@type":"EntryPoint","urlTemplate":"https:\/\/boutique-one-piece.com\/?s={search_term_string}"},"query-input":{"@type":"PropertyValueSpecification","valueRequired":true,"valueName":"search_term_string"}}],"inLanguage":"pl-PL"},{"@type":"Organization","@id":"https:\/\/boutique-one-piece.com\/#organization","name":"One Piece Shop","url":"https:\/\/boutique-one-piece.com\/","logo":{"@type":"ImageObject","inLanguage":"pl-PL","@id":"https:\/\/boutique-one-piece.com\/#\/schema\/logo\/image\/","url":"https:\/\/boutique-one-piece.com\/wp-content\/uploads\/2022\/09\/Logo-01.png","contentUrl":"https:\/\/boutique-one-piece.com\/wp-content\/uploads\/2022\/09\/Logo-01.png","width":2318,"height":957,"caption":"Boutique One Piece"},"image":{"@id":"https:\/\/boutique-one-piece.com\/#\/schema\/logo\/image\/"}}]}},"_links":{"self":[{"href":"https:\/\/boutique-one-piece.com\/pl\/wp-json\/wp\/v2\/product\/13452","targetHints":{"allow":["GET"]}}],"collection":[{"href":"https:\/\/boutique-one-piece.com\/pl\/wp-json\/wp\/v2\/product"}],"about":[{"href":"https:\/\/boutique-one-piece.com\/pl\/wp-json\/wp\/v2\/types\/product"}],"replies":[{"embeddable":true,"href":"https:\/\/boutique-one-piece.com\/pl\/wp-json\/wp\/v2\/comments?post=13452"}],"wp:featuredmedia":[{"embeddable":true,"href":"https:\/\/boutique-one-piece.com\/pl\/wp-json\/wp\/v2\/media\/13454"}],"wp:attachment":[{"href":"https:\/\/boutique-one-piece.com\/pl\/wp-json\/wp\/v2\/media?parent=13452"}],"wp:term":[{"taxonomy":"product_brand","embeddable":true,"href":"https:\/\/boutique-one-piece.com\/pl\/wp-json\/wp\/v2\/product_brand?post=13452"},{"taxonomy":"product_cat","embeddable":true,"href":"https:\/\/boutique-one-piece.com\/pl\/wp-json\/wp\/v2\/product_cat?post=13452"},{"taxonomy":"product_tag","embeddable":true,"href":"https:\/\/boutique-one-piece.com\/pl\/wp-json\/wp\/v2\/product_tag?post=13452"}],"curies":[{"name":"wp","href":"https:\/\/api.w.org\/{rel}","templated":true}]}}