{"id":13543,"date":"2022-09-27T21:21:16","date_gmt":"2022-09-27T21:21:16","guid":{"rendered":"https:\/\/boutique-one-piece.com\/uncategorized\/embleme-equipage-chapeau-de-paille\/"},"modified":"2024-09-16T13:18:28","modified_gmt":"2024-09-16T13:18:28","slug":"emblemat-zalogi-slomkowego-kapelusza","status":"publish","type":"product","link":"https:\/\/boutique-one-piece.com\/pl\/dekoracje-one-piece\/flagi-one-piece\/emblemat-zalogi-slomkowego-kapelusza\/","title":{"rendered":"Emblemat za\u0142ogi S\u0142omkowego Kapelusza"},"content":{"rendered":"<h2>M\u0142ody piracie, zdob\u0105d\u017a natychmiast emblemat za\u0142ogi S\u0142omkowego Kapelusza.<\/h2>\n<p>Nawet je\u015bli ju\u017c to wiesz, <strong>Za\u0142oga S\u0142omkowego Kapelusza<\/strong> To piracka za\u0142oga pochodz\u0105ca z East Blue, cho\u0107 jej cz\u0142onkowie pochodz\u0105 z r\u00f3\u017cnych region\u00f3w. S\u0105 oni bohaterami anime i mangi One Piece, a przewodzi im g\u0142\u00f3wny bohater, <strong>Monkey D. Luffy<\/strong>. Nazwa \u00abS\u0142omkowe Kapelusze\u00bb pochodzi od s\u0142omkowego kapelusza Luffy\u2019ego, kt\u00f3ry podarowa\u0142 mu <strong>Shanks<\/strong> Rudow\u0142osa.<\/p>\n<p>Co wi\u0119cej, <a title=\"FLAGA ZA\u0141OGI ROUX\" href=\"https:\/\/boutique-one-piece.com\/pl\/flaga-zalogi-czerwonej\/\" target=\"_blank\" rel=\"noopener\">flaga za\u0142ogi Rudego<\/a> jest w zasi\u0119gu r\u0119ki. Wracaj\u0105c do tej za\u0142ogi, powiniene\u015b r\u00f3wnie\u017c wiedzie\u0107, \u017ce p\u0142ywali na Going Merry, kt\u00f3ry by\u0142 ich pierwszym statkiem, a\u017c do Aktu Water Seven. Po Akcie Enies Lobby otrzymali nowy statek, Thousand Sunny. Wreszcie, ta za\u0142oga sk\u0142ada si\u0119 obecnie z 10 cz\u0142onk\u00f3w, a ich \u0142\u0105czna nagroda wynosi 3 161 000 100 Jag\u00f3d.<\/p>\n<h3>Urzek\u0142 Ci\u0119 prawdziwy symbol Za\u0142ogi S\u0142omkowego Kapelusza? Je\u015bli tak, to ten Jolly Roger jest Tw\u00f3j! Wyrusz w podr\u00f3\u017c razem z Luffym i prze\u017cyj niezliczone, ekscytuj\u0105ce przygody.<\/h3>\n<p>Jeste\u015b zagorza\u0142ym fanem? A mo\u017ce kolekcjonerem? W ka\u017cdym razie trafi\u0142e\u015b we w\u0142a\u015bciwe miejsce. Znajdziesz tu skarb r\u00f3wnie cenny jak\u2026 <strong>Jeden kawa\u0142ek<\/strong>. Dzi\u0119ki tym legendarnym przedmiotom mo\u017cesz zanurzy\u0107 si\u0119 w swoim ulubionym anime, a nawet je odtworzy\u0107. Idealne na prezent, do kolekcjonowania lub jako dekoracja, te przedmioty poszerz\u0105 Tw\u00f3j wszech\u015bwiat One Piece. Tw\u00f3j los jest w Twoich r\u0119kach.,<strong> m\u0142ody nakama<\/strong> !<\/p>\n<h2>Informacje o fladze za\u0142ogi Monkey D. Luffy&#039;ego:<\/h2>\n<ul>\n<li>\n<strong><u>Flaga One Piece<\/u><\/strong>\u00a0Oryginalna piracka flaga One Piece dla prawdziwych fan\u00f3w<\/li>\n<\/ul>\n<ul>\n<li>\n<strong>Wysoka jako\u015b\u0107 druku<\/strong>\u00a0dok\u0142adne kolory<\/li>\n<\/ul>\n<ul>\n<li>\n<strong>Materia\u0142<\/strong> Poliester<\/li>\n<\/ul>\n<ul>\n<li>\n<strong>Wymiar<\/strong>\u00a0: 70 cm X 125 cm<\/li>\n<\/ul>\n<ul>\n<li>\n<strong>Waga<\/strong> : 100 gram\u00f3w<\/li>\n<\/ul>\n<ul>\n<li><strong>DARMOWA DOSTAWA<\/strong><\/li>\n<\/ul>","protected":false},"excerpt":{"rendered":"<p>Jeune pirate, empare-toi d\u00e8s maintenant de l&rsquo;Embl\u00e8me \u00c9quipage du Chapeau de Paille. M\u00eame si tu le sais d\u00e9j\u00e0, L&rsquo;\u00c9quipage du Chapeau de Paille est un \u00e9quipage pirate originaire d&rsquo;East Blue, bien que leurs membres proviennent de diff\u00e9rentes r\u00e9gions. Ils sont les protagonistes de l&rsquo;anime et du manga One Piece et sont dirig\u00e9s par le personnage [&hellip;]<\/p>","protected":false},"featured_media":13545,"comment_status":"open","ping_status":"open","template":"","meta":[],"product_brand":[],"product_cat":[212],"product_tag":[303],"class_list":{"0":"post-13543","1":"product","2":"type-product","3":"status-publish","4":"has-post-thumbnail","6":"product_cat-drapeaux-one-piece","7":"product_tag-jolly-roger","9":"first","10":"instock","11":"purchasable","12":"product-type-simple"},"yoast_head":"<!-- This site is optimized with the Yoast SEO plugin v27.5 - https:\/\/yoast.com\/product\/yoast-seo-wordpress\/ -->\n<title>Embl\u00e8me \u00c9quipage du Chapeau de Paille | Boutique One Piece<\/title>\n<meta name=\"description\" content=\"D\u00e9couvrez le Drapeau One Piece de l&#039;\u00e9quipage de Luffy, d\u00e9corez votre pi\u00e8ce en portant les couleurs des Chapeaux de Paille ! Commencez votre aventure recherche du One Piece dans l&#039;\u00e9quipage du Chapeau de Paille\" \/>\n<meta name=\"robots\" content=\"index, follow, max-snippet:-1, max-image-preview:large, max-video-preview:-1\" \/>\n<link rel=\"canonical\" href=\"https:\/\/boutique-one-piece.com\/pl\/dekoracje-one-piece\/flagi-one-piece\/emblemat-zalogi-slomkowego-kapelusza\/\" \/>\n<meta property=\"og:locale\" content=\"pl_PL\" \/>\n<meta property=\"og:type\" content=\"article\" \/>\n<meta property=\"og:title\" content=\"Embl\u00e8me \u00c9quipage du Chapeau de Paille | Boutique One Piece\" \/>\n<meta property=\"og:description\" content=\"D\u00e9couvrez le Drapeau One Piece de l&#039;\u00e9quipage de Luffy, d\u00e9corez votre pi\u00e8ce en portant les couleurs des Chapeaux de Paille ! Commencez votre aventure recherche du One Piece dans l&#039;\u00e9quipage du Chapeau de Paille\" \/>\n<meta property=\"og:url\" content=\"https:\/\/boutique-one-piece.com\/pl\/dekoracje-one-piece\/flagi-one-piece\/emblemat-zalogi-slomkowego-kapelusza\/\" \/>\n<meta property=\"og:site_name\" content=\"Boutique One Piece\" \/>\n<meta property=\"article:modified_time\" content=\"2024-09-16T13:18:28+00:00\" \/>\n<meta property=\"og:image\" content=\"https:\/\/boutique-one-piece.com\/wp-content\/uploads\/2022\/09\/Embleme-Equipage-du-Chapeau-de-Paille-1.jpg\" \/>\n\t<meta property=\"og:image:width\" content=\"800\" \/>\n\t<meta property=\"og:image:height\" content=\"800\" \/>\n\t<meta property=\"og:image:type\" content=\"image\/jpeg\" \/>\n<meta name=\"twitter:card\" content=\"summary_large_image\" \/>\n<meta name=\"twitter:label1\" content=\"Szacowany czas czytania\" \/>\n\t<meta name=\"twitter:data1\" content=\"2 minuty\" \/>\n<script type=\"application\/ld+json\" class=\"yoast-schema-graph\">{\"@context\":\"https:\\\/\\\/schema.org\",\"@graph\":[{\"@type\":\"WebPage\",\"@id\":\"https:\\\/\\\/boutique-one-piece.com\\\/decorations-one-piece\\\/drapeaux-one-piece\\\/embleme-equipage-chapeau-de-paille\\\/\",\"url\":\"https:\\\/\\\/boutique-one-piece.com\\\/decorations-one-piece\\\/drapeaux-one-piece\\\/embleme-equipage-chapeau-de-paille\\\/\",\"name\":\"Embl\u00e8me \u00c9quipage du Chapeau de Paille | Boutique One Piece\",\"isPartOf\":{\"@id\":\"https:\\\/\\\/boutique-one-piece.com\\\/#website\"},\"primaryImageOfPage\":{\"@id\":\"https:\\\/\\\/boutique-one-piece.com\\\/decorations-one-piece\\\/drapeaux-one-piece\\\/embleme-equipage-chapeau-de-paille\\\/#primaryimage\"},\"image\":{\"@id\":\"https:\\\/\\\/boutique-one-piece.com\\\/decorations-one-piece\\\/drapeaux-one-piece\\\/embleme-equipage-chapeau-de-paille\\\/#primaryimage\"},\"thumbnailUrl\":\"https:\\\/\\\/boutique-one-piece.com\\\/wp-content\\\/uploads\\\/2022\\\/09\\\/Embleme-Equipage-du-Chapeau-de-Paille-1.jpg\",\"datePublished\":\"2022-09-27T21:21:16+00:00\",\"dateModified\":\"2024-09-16T13:18:28+00:00\",\"description\":\"D\u00e9couvrez le Drapeau One Piece de l'\u00e9quipage de Luffy, d\u00e9corez votre pi\u00e8ce en portant les couleurs des Chapeaux de Paille ! Commencez votre aventure recherche du One Piece dans l'\u00e9quipage du Chapeau de Paille\",\"breadcrumb\":{\"@id\":\"https:\\\/\\\/boutique-one-piece.com\\\/decorations-one-piece\\\/drapeaux-one-piece\\\/embleme-equipage-chapeau-de-paille\\\/#breadcrumb\"},\"inLanguage\":\"pl-PL\",\"potentialAction\":[{\"@type\":\"ReadAction\",\"target\":[\"https:\\\/\\\/boutique-one-piece.com\\\/decorations-one-piece\\\/drapeaux-one-piece\\\/embleme-equipage-chapeau-de-paille\\\/\"]}]},{\"@type\":\"ImageObject\",\"inLanguage\":\"pl-PL\",\"@id\":\"https:\\\/\\\/boutique-one-piece.com\\\/decorations-one-piece\\\/drapeaux-one-piece\\\/embleme-equipage-chapeau-de-paille\\\/#primaryimage\",\"url\":\"https:\\\/\\\/boutique-one-piece.com\\\/wp-content\\\/uploads\\\/2022\\\/09\\\/Embleme-Equipage-du-Chapeau-de-Paille-1.jpg\",\"contentUrl\":\"https:\\\/\\\/boutique-one-piece.com\\\/wp-content\\\/uploads\\\/2022\\\/09\\\/Embleme-Equipage-du-Chapeau-de-Paille-1.jpg\",\"width\":800,\"height\":800},{\"@type\":\"BreadcrumbList\",\"@id\":\"https:\\\/\\\/boutique-one-piece.com\\\/decorations-one-piece\\\/drapeaux-one-piece\\\/embleme-equipage-chapeau-de-paille\\\/#breadcrumb\",\"itemListElement\":[{\"@type\":\"ListItem\",\"position\":1,\"name\":\"Home\",\"item\":\"https:\\\/\\\/boutique-one-piece.com\\\/\"},{\"@type\":\"ListItem\",\"position\":2,\"name\":\"Shop\",\"item\":\"https:\\\/\\\/boutique-one-piece.com\\\/shop\\\/\"},{\"@type\":\"ListItem\",\"position\":3,\"name\":\"Embl\u00e8me \u00c9quipage du Chapeau de Paille\"}]},{\"@type\":\"WebSite\",\"@id\":\"https:\\\/\\\/boutique-one-piece.com\\\/#website\",\"url\":\"https:\\\/\\\/boutique-one-piece.com\\\/\",\"name\":\"Boutique One Piece\",\"description\":\"Magasin Sp\u00e9cialis\u00e9 du Manga et l&#039;Anime One Piece\",\"publisher\":{\"@id\":\"https:\\\/\\\/boutique-one-piece.com\\\/#organization\"},\"potentialAction\":[{\"@type\":\"SearchAction\",\"target\":{\"@type\":\"EntryPoint\",\"urlTemplate\":\"https:\\\/\\\/boutique-one-piece.com\\\/?s={search_term_string}\"},\"query-input\":{\"@type\":\"PropertyValueSpecification\",\"valueRequired\":true,\"valueName\":\"search_term_string\"}}],\"inLanguage\":\"pl-PL\"},{\"@type\":\"Organization\",\"@id\":\"https:\\\/\\\/boutique-one-piece.com\\\/#organization\",\"name\":\"Boutique One Piece\",\"url\":\"https:\\\/\\\/boutique-one-piece.com\\\/\",\"logo\":{\"@type\":\"ImageObject\",\"inLanguage\":\"pl-PL\",\"@id\":\"https:\\\/\\\/boutique-one-piece.com\\\/#\\\/schema\\\/logo\\\/image\\\/\",\"url\":\"https:\\\/\\\/boutique-one-piece.com\\\/wp-content\\\/uploads\\\/2022\\\/09\\\/Logo-01.png\",\"contentUrl\":\"https:\\\/\\\/boutique-one-piece.com\\\/wp-content\\\/uploads\\\/2022\\\/09\\\/Logo-01.png\",\"width\":2318,\"height\":957,\"caption\":\"Boutique One Piece\"},\"image\":{\"@id\":\"https:\\\/\\\/boutique-one-piece.com\\\/#\\\/schema\\\/logo\\\/image\\\/\"}}]}<\/script>\n<!-- \/ Yoast SEO plugin. -->","yoast_head_json":{"title":"Emblemat za\u0142ogi S\u0142omkowego Kapelusza | Sklep One Piece","description":"Odkryj flag\u0119 One Piece za\u0142ogi Luffy&#039;ego i udekoruj sw\u00f3j pok\u00f3j kolorami S\u0142omkowego Kapelusza! Rozpocznij swoj\u0105 przygod\u0119 z poszukiwaniem One Piece z za\u0142og\u0105 S\u0142omkowego Kapelusza!","robots":{"index":"index","follow":"follow","max-snippet":"max-snippet:-1","max-image-preview":"max-image-preview:large","max-video-preview":"max-video-preview:-1"},"canonical":"https:\/\/boutique-one-piece.com\/pl\/dekoracje-one-piece\/flagi-one-piece\/emblemat-zalogi-slomkowego-kapelusza\/","og_locale":"pl_PL","og_type":"article","og_title":"Embl\u00e8me \u00c9quipage du Chapeau de Paille | Boutique One Piece","og_description":"D\u00e9couvrez le Drapeau One Piece de l'\u00e9quipage de Luffy, d\u00e9corez votre pi\u00e8ce en portant les couleurs des Chapeaux de Paille ! Commencez votre aventure recherche du One Piece dans l'\u00e9quipage du Chapeau de Paille","og_url":"https:\/\/boutique-one-piece.com\/pl\/dekoracje-one-piece\/flagi-one-piece\/emblemat-zalogi-slomkowego-kapelusza\/","og_site_name":"Boutique One Piece","article_modified_time":"2024-09-16T13:18:28+00:00","og_image":[{"width":800,"height":800,"url":"https:\/\/boutique-one-piece.com\/wp-content\/uploads\/2022\/09\/Embleme-Equipage-du-Chapeau-de-Paille-1.jpg","type":"image\/jpeg"}],"twitter_card":"summary_large_image","twitter_misc":{"Szacowany czas czytania":"2 minuty"},"schema":{"@context":"https:\/\/schema.org","@graph":[{"@type":"WebPage","@id":"https:\/\/boutique-one-piece.com\/decorations-one-piece\/drapeaux-one-piece\/embleme-equipage-chapeau-de-paille\/","url":"https:\/\/boutique-one-piece.com\/decorations-one-piece\/drapeaux-one-piece\/embleme-equipage-chapeau-de-paille\/","name":"Emblemat za\u0142ogi S\u0142omkowego Kapelusza | Sklep One Piece","isPartOf":{"@id":"https:\/\/boutique-one-piece.com\/#website"},"primaryImageOfPage":{"@id":"https:\/\/boutique-one-piece.com\/decorations-one-piece\/drapeaux-one-piece\/embleme-equipage-chapeau-de-paille\/#primaryimage"},"image":{"@id":"https:\/\/boutique-one-piece.com\/decorations-one-piece\/drapeaux-one-piece\/embleme-equipage-chapeau-de-paille\/#primaryimage"},"thumbnailUrl":"https:\/\/boutique-one-piece.com\/wp-content\/uploads\/2022\/09\/Embleme-Equipage-du-Chapeau-de-Paille-1.jpg","datePublished":"2022-09-27T21:21:16+00:00","dateModified":"2024-09-16T13:18:28+00:00","description":"Odkryj flag\u0119 One Piece za\u0142ogi Luffy&#039;ego i udekoruj sw\u00f3j pok\u00f3j kolorami S\u0142omkowego Kapelusza! Rozpocznij swoj\u0105 przygod\u0119 z poszukiwaniem One Piece z za\u0142og\u0105 S\u0142omkowego Kapelusza!","breadcrumb":{"@id":"https:\/\/boutique-one-piece.com\/decorations-one-piece\/drapeaux-one-piece\/embleme-equipage-chapeau-de-paille\/#breadcrumb"},"inLanguage":"pl-PL","potentialAction":[{"@type":"ReadAction","target":["https:\/\/boutique-one-piece.com\/decorations-one-piece\/drapeaux-one-piece\/embleme-equipage-chapeau-de-paille\/"]}]},{"@type":"ImageObject","inLanguage":"pl-PL","@id":"https:\/\/boutique-one-piece.com\/decorations-one-piece\/drapeaux-one-piece\/embleme-equipage-chapeau-de-paille\/#primaryimage","url":"https:\/\/boutique-one-piece.com\/wp-content\/uploads\/2022\/09\/Embleme-Equipage-du-Chapeau-de-Paille-1.jpg","contentUrl":"https:\/\/boutique-one-piece.com\/wp-content\/uploads\/2022\/09\/Embleme-Equipage-du-Chapeau-de-Paille-1.jpg","width":800,"height":800},{"@type":"BreadcrumbList","@id":"https:\/\/boutique-one-piece.com\/decorations-one-piece\/drapeaux-one-piece\/embleme-equipage-chapeau-de-paille\/#breadcrumb","itemListElement":[{"@type":"ListItem","position":1,"name":"Home","item":"https:\/\/boutique-one-piece.com\/"},{"@type":"ListItem","position":2,"name":"Shop","item":"https:\/\/boutique-one-piece.com\/shop\/"},{"@type":"ListItem","position":3,"name":"Embl\u00e8me \u00c9quipage du Chapeau de Paille"}]},{"@type":"WebSite","@id":"https:\/\/boutique-one-piece.com\/#website","url":"https:\/\/boutique-one-piece.com\/","name":"One Piece Shop","description":"Sklep specjalistyczny z mang\u0105 i anime One Piece","publisher":{"@id":"https:\/\/boutique-one-piece.com\/#organization"},"potentialAction":[{"@type":"SearchAction","target":{"@type":"EntryPoint","urlTemplate":"https:\/\/boutique-one-piece.com\/?s={search_term_string}"},"query-input":{"@type":"PropertyValueSpecification","valueRequired":true,"valueName":"search_term_string"}}],"inLanguage":"pl-PL"},{"@type":"Organization","@id":"https:\/\/boutique-one-piece.com\/#organization","name":"One Piece Shop","url":"https:\/\/boutique-one-piece.com\/","logo":{"@type":"ImageObject","inLanguage":"pl-PL","@id":"https:\/\/boutique-one-piece.com\/#\/schema\/logo\/image\/","url":"https:\/\/boutique-one-piece.com\/wp-content\/uploads\/2022\/09\/Logo-01.png","contentUrl":"https:\/\/boutique-one-piece.com\/wp-content\/uploads\/2022\/09\/Logo-01.png","width":2318,"height":957,"caption":"Boutique One Piece"},"image":{"@id":"https:\/\/boutique-one-piece.com\/#\/schema\/logo\/image\/"}}]}},"_links":{"self":[{"href":"https:\/\/boutique-one-piece.com\/pl\/wp-json\/wp\/v2\/product\/13543","targetHints":{"allow":["GET"]}}],"collection":[{"href":"https:\/\/boutique-one-piece.com\/pl\/wp-json\/wp\/v2\/product"}],"about":[{"href":"https:\/\/boutique-one-piece.com\/pl\/wp-json\/wp\/v2\/types\/product"}],"replies":[{"embeddable":true,"href":"https:\/\/boutique-one-piece.com\/pl\/wp-json\/wp\/v2\/comments?post=13543"}],"wp:featuredmedia":[{"embeddable":true,"href":"https:\/\/boutique-one-piece.com\/pl\/wp-json\/wp\/v2\/media\/13545"}],"wp:attachment":[{"href":"https:\/\/boutique-one-piece.com\/pl\/wp-json\/wp\/v2\/media?parent=13543"}],"wp:term":[{"taxonomy":"product_brand","embeddable":true,"href":"https:\/\/boutique-one-piece.com\/pl\/wp-json\/wp\/v2\/product_brand?post=13543"},{"taxonomy":"product_cat","embeddable":true,"href":"https:\/\/boutique-one-piece.com\/pl\/wp-json\/wp\/v2\/product_cat?post=13543"},{"taxonomy":"product_tag","embeddable":true,"href":"https:\/\/boutique-one-piece.com\/pl\/wp-json\/wp\/v2\/product_tag?post=13543"}],"curies":[{"name":"wp","href":"https:\/\/api.w.org\/{rel}","templated":true}]}}