{"id":13569,"date":"2022-09-27T21:21:16","date_gmt":"2022-09-27T21:21:16","guid":{"rendered":"https:\/\/boutique-one-piece.com\/uncategorized\/figurine-pop-roronoa-zoro-avec-cicatrice\/"},"modified":"2026-01-26T07:54:11","modified_gmt":"2026-01-26T07:54:11","slug":"figurka-roronoa-zoro-pop-z-blizna","status":"publish","type":"product","link":"https:\/\/boutique-one-piece.com\/pl\/figurki-one-piece\/figurka-roronoa-zoro-pop-z-blizna\/","title":{"rendered":"Roronoa Zoro Pop Figure With Scar"},"content":{"rendered":"<ul>\n<li><span><b><u>Figurka One Piece<\/u><\/b>&nbsp;Figurka Premium One Piece dla prawdziwych pirat\u00f3w<\/span><\/li>\n<\/ul>\n<ul>\n<li>\n<b>Materia\u0142<\/b><span>&nbsp;<\/span>PCV<\/li>\n<\/ul>\n<ul>\n<li><span><strong>Wymiar<\/strong>&nbsp;: 10 cm<\/span><\/li>\n<\/ul>\n<ul>\n<li><span><strong>DARMOWA DOSTAWA<\/strong><\/span><\/li>\n<\/ul>","protected":false},"excerpt":{"rendered":"<p>Figurine One Piece&nbsp;: Figurine&nbsp; premium de l&rsquo;univers One Piece pour les vrais pirates Mati\u00e8re&nbsp;: P.V.C Dimension&nbsp;: 10 cm LIVRAISON OFFERTE<\/p>","protected":false},"featured_media":19260,"comment_status":"open","ping_status":"open","template":"","meta":[],"product_brand":[],"product_cat":[76,334,162,151],"product_tag":[335,113],"class_list":{"0":"post-13569","1":"product","2":"type-product","3":"status-publish","4":"has-post-thumbnail","6":"product_cat-figurines-one-piece","7":"product_cat-figurines-pop-one-piece","8":"product_cat-figurines-roronoa-zoro","9":"product_cat-goodies-roronoa-zoro-one-piece","10":"product_tag-figurine-pop","11":"product_tag-zoro","12":"pa_color-925","14":"first","15":"instock","16":"sale","17":"purchasable","18":"product-type-simple"},"yoast_head":"<!-- This site is optimized with the Yoast SEO plugin v27.5 - https:\/\/yoast.com\/product\/yoast-seo-wordpress\/ -->\n<title>Figurine Pop Roronoa Zoro Avec Cicatrice | Figurine One Piece \u2013 Boutique One Piece<\/title>\n<meta name=\"description\" content=\"Jeune pirate, le moment est venu pour toi de te procurer cette Figurine Pop Roronoa Zoro Avec Cicatrice. Pour rappel, Roronoa Zoro fut le premier membre \u00e0 rejoindre l&#039;\u00c9quipage du Chapeau de Paille. Il en est le premier et principal \u00e9p\u00e9iste. Son ambition est de devenir le meilleur sabreur au monde et il a d&#039;ailleurs mon\" \/>\n<meta name=\"robots\" content=\"index, follow, max-snippet:-1, max-image-preview:large, max-video-preview:-1\" \/>\n<link rel=\"canonical\" href=\"https:\/\/boutique-one-piece.com\/pl\/figurki-one-piece\/figurka-roronoa-zoro-pop-z-blizna\/\" \/>\n<meta property=\"og:locale\" content=\"pl_PL\" \/>\n<meta property=\"og:type\" content=\"article\" \/>\n<meta property=\"og:title\" content=\"Figurine Pop Roronoa Zoro Avec Cicatrice | Figurine One Piece \u2013 Boutique One Piece\" \/>\n<meta property=\"og:description\" content=\"Jeune pirate, le moment est venu pour toi de te procurer cette Figurine Pop Roronoa Zoro Avec Cicatrice. Pour rappel, Roronoa Zoro fut le premier membre \u00e0 rejoindre l&#039;\u00c9quipage du Chapeau de Paille. Il en est le premier et principal \u00e9p\u00e9iste. Son ambition est de devenir le meilleur sabreur au monde et il a d&#039;ailleurs mon\" \/>\n<meta property=\"og:url\" content=\"https:\/\/boutique-one-piece.com\/pl\/figurki-one-piece\/figurka-roronoa-zoro-pop-z-blizna\/\" \/>\n<meta property=\"og:site_name\" content=\"Boutique One Piece\" \/>\n<meta property=\"article:modified_time\" content=\"2026-01-26T07:54:11+00:00\" \/>\n<meta property=\"og:image\" content=\"https:\/\/boutique-one-piece.com\/wp-content\/uploads\/2022\/09\/51R5FI0xHVL._AC_SX679_.jpg\" \/>\n\t<meta property=\"og:image:width\" content=\"644\" \/>\n\t<meta property=\"og:image:height\" content=\"963\" \/>\n\t<meta property=\"og:image:type\" content=\"image\/jpeg\" \/>\n<meta name=\"twitter:card\" content=\"summary_large_image\" \/>\n<meta name=\"twitter:label1\" content=\"Szacowany czas czytania\" \/>\n\t<meta name=\"twitter:data1\" content=\"1 minuta\" \/>\n<script type=\"application\/ld+json\" class=\"yoast-schema-graph\">{\"@context\":\"https:\\\/\\\/schema.org\",\"@graph\":[{\"@type\":\"WebPage\",\"@id\":\"https:\\\/\\\/boutique-one-piece.com\\\/figurines-one-piece\\\/figurine-pop-roronoa-zoro-avec-cicatrice\\\/\",\"url\":\"https:\\\/\\\/boutique-one-piece.com\\\/figurines-one-piece\\\/figurine-pop-roronoa-zoro-avec-cicatrice\\\/\",\"name\":\"Figurine Pop Roronoa Zoro Avec Cicatrice | Figurine One Piece \u2013 Boutique One Piece\",\"isPartOf\":{\"@id\":\"https:\\\/\\\/boutique-one-piece.com\\\/#website\"},\"primaryImageOfPage\":{\"@id\":\"https:\\\/\\\/boutique-one-piece.com\\\/figurines-one-piece\\\/figurine-pop-roronoa-zoro-avec-cicatrice\\\/#primaryimage\"},\"image\":{\"@id\":\"https:\\\/\\\/boutique-one-piece.com\\\/figurines-one-piece\\\/figurine-pop-roronoa-zoro-avec-cicatrice\\\/#primaryimage\"},\"thumbnailUrl\":\"https:\\\/\\\/boutique-one-piece.com\\\/wp-content\\\/uploads\\\/2022\\\/09\\\/51R5FI0xHVL._AC_SX679_.jpg\",\"datePublished\":\"2022-09-27T21:21:16+00:00\",\"dateModified\":\"2026-01-26T07:54:11+00:00\",\"description\":\"Jeune pirate, le moment est venu pour toi de te procurer cette Figurine Pop Roronoa Zoro Avec Cicatrice. Pour rappel, Roronoa Zoro fut le premier membre \u00e0 rejoindre l'\u00c9quipage du Chapeau de Paille. Il en est le premier et principal \u00e9p\u00e9iste. Son ambition est de devenir le meilleur sabreur au monde et il a d'ailleurs mon\",\"breadcrumb\":{\"@id\":\"https:\\\/\\\/boutique-one-piece.com\\\/figurines-one-piece\\\/figurine-pop-roronoa-zoro-avec-cicatrice\\\/#breadcrumb\"},\"inLanguage\":\"pl-PL\",\"potentialAction\":[{\"@type\":\"ReadAction\",\"target\":[\"https:\\\/\\\/boutique-one-piece.com\\\/figurines-one-piece\\\/figurine-pop-roronoa-zoro-avec-cicatrice\\\/\"]}]},{\"@type\":\"ImageObject\",\"inLanguage\":\"pl-PL\",\"@id\":\"https:\\\/\\\/boutique-one-piece.com\\\/figurines-one-piece\\\/figurine-pop-roronoa-zoro-avec-cicatrice\\\/#primaryimage\",\"url\":\"https:\\\/\\\/boutique-one-piece.com\\\/wp-content\\\/uploads\\\/2022\\\/09\\\/51R5FI0xHVL._AC_SX679_.jpg\",\"contentUrl\":\"https:\\\/\\\/boutique-one-piece.com\\\/wp-content\\\/uploads\\\/2022\\\/09\\\/51R5FI0xHVL._AC_SX679_.jpg\",\"width\":644,\"height\":963},{\"@type\":\"BreadcrumbList\",\"@id\":\"https:\\\/\\\/boutique-one-piece.com\\\/figurines-one-piece\\\/figurine-pop-roronoa-zoro-avec-cicatrice\\\/#breadcrumb\",\"itemListElement\":[{\"@type\":\"ListItem\",\"position\":1,\"name\":\"Home\",\"item\":\"https:\\\/\\\/boutique-one-piece.com\\\/\"},{\"@type\":\"ListItem\",\"position\":2,\"name\":\"Shop\",\"item\":\"https:\\\/\\\/boutique-one-piece.com\\\/shop\\\/\"},{\"@type\":\"ListItem\",\"position\":3,\"name\":\"Figurine Pop Roronoa Zoro Avec Cicatrice\"}]},{\"@type\":\"WebSite\",\"@id\":\"https:\\\/\\\/boutique-one-piece.com\\\/#website\",\"url\":\"https:\\\/\\\/boutique-one-piece.com\\\/\",\"name\":\"Boutique One Piece\",\"description\":\"Magasin Sp\u00e9cialis\u00e9 du Manga et l&#039;Anime One Piece\",\"publisher\":{\"@id\":\"https:\\\/\\\/boutique-one-piece.com\\\/#organization\"},\"potentialAction\":[{\"@type\":\"SearchAction\",\"target\":{\"@type\":\"EntryPoint\",\"urlTemplate\":\"https:\\\/\\\/boutique-one-piece.com\\\/?s={search_term_string}\"},\"query-input\":{\"@type\":\"PropertyValueSpecification\",\"valueRequired\":true,\"valueName\":\"search_term_string\"}}],\"inLanguage\":\"pl-PL\"},{\"@type\":\"Organization\",\"@id\":\"https:\\\/\\\/boutique-one-piece.com\\\/#organization\",\"name\":\"Boutique One Piece\",\"url\":\"https:\\\/\\\/boutique-one-piece.com\\\/\",\"logo\":{\"@type\":\"ImageObject\",\"inLanguage\":\"pl-PL\",\"@id\":\"https:\\\/\\\/boutique-one-piece.com\\\/#\\\/schema\\\/logo\\\/image\\\/\",\"url\":\"https:\\\/\\\/boutique-one-piece.com\\\/wp-content\\\/uploads\\\/2022\\\/09\\\/Logo-01.png\",\"contentUrl\":\"https:\\\/\\\/boutique-one-piece.com\\\/wp-content\\\/uploads\\\/2022\\\/09\\\/Logo-01.png\",\"width\":2318,\"height\":957,\"caption\":\"Boutique One Piece\"},\"image\":{\"@id\":\"https:\\\/\\\/boutique-one-piece.com\\\/#\\\/schema\\\/logo\\\/image\\\/\"}}]}<\/script>\n<!-- \/ Yoast SEO plugin. -->","yoast_head_json":{"title":"Roronoa Zoro Pop Figure With Scar | Figurka One Piece \u2013 Sklep One Piece","description":"M\u0142ody piracie, nadszed\u0142 czas, aby\u015b zdoby\u0142 figurk\u0119 Roronoa Zoro Pop! z Blizn\u0105. Przypominamy, \u017ce Roronoa Zoro by\u0142 pierwszym cz\u0142onkiem za\u0142ogi S\u0142omkowego Kapelusza. Jest jej pierwszym i najwa\u017cniejszym szermierzem. Jego ambicj\u0105 jest zosta\u0107 najwspanialszym szermierzem na \u015bwiecie, a nawet ma\u2026","robots":{"index":"index","follow":"follow","max-snippet":"max-snippet:-1","max-image-preview":"max-image-preview:large","max-video-preview":"max-video-preview:-1"},"canonical":"https:\/\/boutique-one-piece.com\/pl\/figurki-one-piece\/figurka-roronoa-zoro-pop-z-blizna\/","og_locale":"pl_PL","og_type":"article","og_title":"Figurine Pop Roronoa Zoro Avec Cicatrice | Figurine One Piece \u2013 Boutique One Piece","og_description":"Jeune pirate, le moment est venu pour toi de te procurer cette Figurine Pop Roronoa Zoro Avec Cicatrice. Pour rappel, Roronoa Zoro fut le premier membre \u00e0 rejoindre l'\u00c9quipage du Chapeau de Paille. Il en est le premier et principal \u00e9p\u00e9iste. Son ambition est de devenir le meilleur sabreur au monde et il a d'ailleurs mon","og_url":"https:\/\/boutique-one-piece.com\/pl\/figurki-one-piece\/figurka-roronoa-zoro-pop-z-blizna\/","og_site_name":"Boutique One Piece","article_modified_time":"2026-01-26T07:54:11+00:00","og_image":[{"width":644,"height":963,"url":"https:\/\/boutique-one-piece.com\/wp-content\/uploads\/2022\/09\/51R5FI0xHVL._AC_SX679_.jpg","type":"image\/jpeg"}],"twitter_card":"summary_large_image","twitter_misc":{"Szacowany czas czytania":"1 minuta"},"schema":{"@context":"https:\/\/schema.org","@graph":[{"@type":"WebPage","@id":"https:\/\/boutique-one-piece.com\/figurines-one-piece\/figurine-pop-roronoa-zoro-avec-cicatrice\/","url":"https:\/\/boutique-one-piece.com\/figurines-one-piece\/figurine-pop-roronoa-zoro-avec-cicatrice\/","name":"Roronoa Zoro Pop Figure With Scar | Figurka One Piece \u2013 Sklep One Piece","isPartOf":{"@id":"https:\/\/boutique-one-piece.com\/#website"},"primaryImageOfPage":{"@id":"https:\/\/boutique-one-piece.com\/figurines-one-piece\/figurine-pop-roronoa-zoro-avec-cicatrice\/#primaryimage"},"image":{"@id":"https:\/\/boutique-one-piece.com\/figurines-one-piece\/figurine-pop-roronoa-zoro-avec-cicatrice\/#primaryimage"},"thumbnailUrl":"https:\/\/boutique-one-piece.com\/wp-content\/uploads\/2022\/09\/51R5FI0xHVL._AC_SX679_.jpg","datePublished":"2022-09-27T21:21:16+00:00","dateModified":"2026-01-26T07:54:11+00:00","description":"M\u0142ody piracie, nadszed\u0142 czas, aby\u015b zdoby\u0142 figurk\u0119 Roronoa Zoro Pop! z Blizn\u0105. Przypominamy, \u017ce Roronoa Zoro by\u0142 pierwszym cz\u0142onkiem za\u0142ogi S\u0142omkowego Kapelusza. Jest jej pierwszym i najwa\u017cniejszym szermierzem. Jego ambicj\u0105 jest zosta\u0107 najwspanialszym szermierzem na \u015bwiecie, a nawet ma\u2026","breadcrumb":{"@id":"https:\/\/boutique-one-piece.com\/figurines-one-piece\/figurine-pop-roronoa-zoro-avec-cicatrice\/#breadcrumb"},"inLanguage":"pl-PL","potentialAction":[{"@type":"ReadAction","target":["https:\/\/boutique-one-piece.com\/figurines-one-piece\/figurine-pop-roronoa-zoro-avec-cicatrice\/"]}]},{"@type":"ImageObject","inLanguage":"pl-PL","@id":"https:\/\/boutique-one-piece.com\/figurines-one-piece\/figurine-pop-roronoa-zoro-avec-cicatrice\/#primaryimage","url":"https:\/\/boutique-one-piece.com\/wp-content\/uploads\/2022\/09\/51R5FI0xHVL._AC_SX679_.jpg","contentUrl":"https:\/\/boutique-one-piece.com\/wp-content\/uploads\/2022\/09\/51R5FI0xHVL._AC_SX679_.jpg","width":644,"height":963},{"@type":"BreadcrumbList","@id":"https:\/\/boutique-one-piece.com\/figurines-one-piece\/figurine-pop-roronoa-zoro-avec-cicatrice\/#breadcrumb","itemListElement":[{"@type":"ListItem","position":1,"name":"Home","item":"https:\/\/boutique-one-piece.com\/"},{"@type":"ListItem","position":2,"name":"Shop","item":"https:\/\/boutique-one-piece.com\/shop\/"},{"@type":"ListItem","position":3,"name":"Figurine Pop Roronoa Zoro Avec Cicatrice"}]},{"@type":"WebSite","@id":"https:\/\/boutique-one-piece.com\/#website","url":"https:\/\/boutique-one-piece.com\/","name":"One Piece Shop","description":"Sklep specjalistyczny z mang\u0105 i anime One Piece","publisher":{"@id":"https:\/\/boutique-one-piece.com\/#organization"},"potentialAction":[{"@type":"SearchAction","target":{"@type":"EntryPoint","urlTemplate":"https:\/\/boutique-one-piece.com\/?s={search_term_string}"},"query-input":{"@type":"PropertyValueSpecification","valueRequired":true,"valueName":"search_term_string"}}],"inLanguage":"pl-PL"},{"@type":"Organization","@id":"https:\/\/boutique-one-piece.com\/#organization","name":"One Piece Shop","url":"https:\/\/boutique-one-piece.com\/","logo":{"@type":"ImageObject","inLanguage":"pl-PL","@id":"https:\/\/boutique-one-piece.com\/#\/schema\/logo\/image\/","url":"https:\/\/boutique-one-piece.com\/wp-content\/uploads\/2022\/09\/Logo-01.png","contentUrl":"https:\/\/boutique-one-piece.com\/wp-content\/uploads\/2022\/09\/Logo-01.png","width":2318,"height":957,"caption":"Boutique One Piece"},"image":{"@id":"https:\/\/boutique-one-piece.com\/#\/schema\/logo\/image\/"}}]}},"_links":{"self":[{"href":"https:\/\/boutique-one-piece.com\/pl\/wp-json\/wp\/v2\/product\/13569","targetHints":{"allow":["GET"]}}],"collection":[{"href":"https:\/\/boutique-one-piece.com\/pl\/wp-json\/wp\/v2\/product"}],"about":[{"href":"https:\/\/boutique-one-piece.com\/pl\/wp-json\/wp\/v2\/types\/product"}],"replies":[{"embeddable":true,"href":"https:\/\/boutique-one-piece.com\/pl\/wp-json\/wp\/v2\/comments?post=13569"}],"wp:featuredmedia":[{"embeddable":true,"href":"https:\/\/boutique-one-piece.com\/pl\/wp-json\/wp\/v2\/media\/19260"}],"wp:attachment":[{"href":"https:\/\/boutique-one-piece.com\/pl\/wp-json\/wp\/v2\/media?parent=13569"}],"wp:term":[{"taxonomy":"product_brand","embeddable":true,"href":"https:\/\/boutique-one-piece.com\/pl\/wp-json\/wp\/v2\/product_brand?post=13569"},{"taxonomy":"product_cat","embeddable":true,"href":"https:\/\/boutique-one-piece.com\/pl\/wp-json\/wp\/v2\/product_cat?post=13569"},{"taxonomy":"product_tag","embeddable":true,"href":"https:\/\/boutique-one-piece.com\/pl\/wp-json\/wp\/v2\/product_tag?post=13569"}],"curies":[{"name":"wp","href":"https:\/\/api.w.org\/{rel}","templated":true}]}}