{"id":13591,"date":"2022-09-27T21:21:39","date_gmt":"2022-09-27T21:21:39","guid":{"rendered":"https:\/\/boutique-one-piece.com\/uncategorized\/figurine-one-piece-chopper-dead-or-alive-sur-son-socle\/"},"modified":"2024-09-16T13:19:13","modified_gmt":"2024-09-16T13:19:13","slug":"jednoczesciowa-figurka-helikoptera-martwa-lub-zywa-na-podstawie","status":"publish","type":"product","link":"https:\/\/boutique-one-piece.com\/pl\/smakolyki-z-one-piece\/tony-goodies-tony-chopper-one-piece\/jednoczesciowa-figurka-helikoptera-martwa-lub-zywa-na-podstawie\/","title":{"rendered":"Figurka Choppera z One Piece: Martwy lub \u017cywy na podstawie"},"content":{"rendered":"<h2>M\u0142ody piracie, nadszed\u0142 czas, aby\u015b za\u0142o\u017cy\u0142 na podstawk\u0119 figurk\u0119 One Piece Chopper Dead or Alive.<\/h2>\n<p>Przypominamy, \u017ce Tony Tony Chopper jest lekarzem za\u0142ogi S\u0142omkowego Kapelusza. <strong>Chopper<\/strong> To renifer, kt\u00f3ry zjad\u0142 Hito Hito no Mi, co pozwoli\u0142o mu przemieni\u0107 si\u0119 w cz\u0142owieka. Pochodzi z wyspy Drum, co czyni go pierwszym cz\u0142onkiem za\u0142ogi S\u0142omkowego Kapelusza, kt\u00f3ry si\u0119 tam urodzi\u0142. <strong>Droga wszystkich niebezpiecze\u0144stw<\/strong>.<\/p>\n<p>Jest sz\u00f3stym cz\u0142onkiem za\u0142ogi i pi\u0105tym, kt\u00f3ry do niej do\u0142\u0105czy\u0142. Podczas gdy przed przeskokiem w czasie jego nagroda wynosi\u0142a zaledwie 50 Jag\u00f3d, po wydarzeniach na Dressrosie podwoi\u0142a si\u0119 do 100 Jag\u00f3d, co czyni j\u0105 najni\u017csz\u0105 nagrod\u0105 w serii.<\/p>\n<p>Ta niska nagroda wynika z faktu, \u017ce Marynarka Wojenna uwa\u017ca go za pupila za\u0142ogi. Je\u015bli chcesz poszerzy\u0107 swoj\u0105 kolekcj\u0119 figurek, <a title=\"ONE PIECE DEAD OR ALIVE FIGURKA FRANKY NEW WORLD\" href=\"https:\/\/boutique-one-piece.com\/pl\/figurka-frankyego-new-world-z-filmu-one-piece-dead-or-alive\/\" target=\"_blank\" rel=\"noopener\">Figurka Franky Wanted<\/a> jest w Twoim zasi\u0119gu.<\/p>\n<h3>Czy figurka Choppera, zdobyta w nagrod\u0119, Ci\u0119 urzek\u0142a? Je\u015bli tak, nie wahaj si\u0119 d\u0142u\u017cej i skorzystaj z okazji, by zosta\u0107 pe\u0142noprawnym piratem z za\u0142ogi Monkey D. Luffy&#039;ego.<\/h3>\n<p>Niezale\u017cnie od tego, czy jeste\u015b zagorza\u0142ym fanem, czy do\u015bwiadczonym kolekcjonerem, nie szukaj dalej, trafi\u0142e\u015b we w\u0142a\u015bciwe miejsce. Te kultowe przedmioty idealnie nadaj\u0105 si\u0119 na prezent, dekoracj\u0119 lub uzupe\u0142nienie Twojej kolekcji. Nie przegap okazji, aby powi\u0119kszy\u0107 swoj\u0105 kolekcj\u0119! <strong>Tw\u00f3j wszech\u015bwiat One Piece<\/strong>. Tw\u00f3j los jest teraz w twoich r\u0119kach, m\u0142ody piracie. <strong>Skarb One Piece<\/strong> To czeka tylko na Ciebie.<\/p>\n<h2>Informacje o figurce Dead or Alive Chopper na jej podstawie\u00a0<\/h2>\n<ul>\n<li><span><b><u>Figurka One Piece<\/u><\/b>\u00a0Figurka Premium One Piece dla prawdziwych pirat\u00f3w<\/span><\/li>\n<\/ul>\n<ul>\n<li>\n<b>Materia\u0142<\/b><span>\u00a0<\/span>PCV<\/li>\n<\/ul>\n<ul>\n<li><span><strong>Wymiar<\/strong>\u00a0: 10 cm<\/span><\/li>\n<\/ul>\n<ul>\n<li><span><strong>DARMOWA DOSTAWA<\/strong><\/span><\/li>\n<\/ul>","protected":false},"excerpt":{"rendered":"<p>M\u0142ody piracie, nadszed\u0142 czas, aby\u015b zdoby\u0142 t\u0119 figurk\u0119 Choppera z One Piece, martwego lub \u017cywego, na podstawce. Przypominamy, \u017ce Tony Tony Chopper jest lekarzem za\u0142ogi S\u0142omkowego Kapelusza. Chopper to renifer, kt\u00f3ry zjad\u0142 Hito Hito no Mi, co pozwoli\u0142o mu przemieni\u0107 si\u0119 w cz\u0142owieka. [\u2026]<\/p>","protected":false},"featured_media":13593,"comment_status":"open","ping_status":"open","template":"","meta":[],"product_brand":[],"product_cat":[76,333,163],"product_tag":[165],"class_list":{"0":"post-13591","1":"product","2":"type-product","3":"status-publish","4":"has-post-thumbnail","6":"product_cat-figurines-one-piece","7":"product_cat-figurines-tony-chopper","8":"product_cat-goodies-tony-tony-chopper-one-piece","9":"product_tag-chopper","11":"first","12":"outofstock","13":"purchasable","14":"product-type-simple"},"yoast_head":"<!-- This site is optimized with the Yoast SEO plugin v27.5 - https:\/\/yoast.com\/product\/yoast-seo-wordpress\/ -->\n<title>Figurine One Piece Chopper Dead or Alive Sur Son Socle | Figurine One Piece \u2013 Boutique One Piece<\/title>\n<meta name=\"description\" content=\"Jeune pirate, le moment est venu pour toi de te procurer cette Figurine One Piece Chopper Dead or Alive Sur Son Socle. Pour rappel, Tony Tony Chopper est le docteur de l&#039;\u00c9quipage du Chapeau de Paille. Chopper est un renne qui a mang\u00e9 le Hito Hito no Mi, lui permettant de se transformer en humain. Il est originaire de l\" \/>\n<meta name=\"robots\" content=\"index, follow, max-snippet:-1, max-image-preview:large, max-video-preview:-1\" \/>\n<link rel=\"canonical\" href=\"https:\/\/boutique-one-piece.com\/pl\/figurki-one-piece\/figurki-tonyego-choppera\/jednoczesciowa-figurka-helikoptera-martwa-lub-zywa-na-podstawie\/\" \/>\n<meta property=\"og:locale\" content=\"pl_PL\" \/>\n<meta property=\"og:type\" content=\"article\" \/>\n<meta property=\"og:title\" content=\"Figurine One Piece Chopper Dead or Alive Sur Son Socle | Figurine One Piece \u2013 Boutique One Piece\" \/>\n<meta property=\"og:description\" content=\"Jeune pirate, le moment est venu pour toi de te procurer cette Figurine One Piece Chopper Dead or Alive Sur Son Socle. Pour rappel, Tony Tony Chopper est le docteur de l&#039;\u00c9quipage du Chapeau de Paille. Chopper est un renne qui a mang\u00e9 le Hito Hito no Mi, lui permettant de se transformer en humain. Il est originaire de l\" \/>\n<meta property=\"og:url\" content=\"https:\/\/boutique-one-piece.com\/pl\/figurki-one-piece\/figurki-tonyego-choppera\/jednoczesciowa-figurka-helikoptera-martwa-lub-zywa-na-podstawie\/\" \/>\n<meta property=\"og:site_name\" content=\"Boutique One Piece\" \/>\n<meta property=\"article:modified_time\" content=\"2024-09-16T13:19:13+00:00\" \/>\n<meta property=\"og:image\" content=\"https:\/\/boutique-one-piece.com\/wp-content\/uploads\/2022\/09\/Figurine-One-Piece-Chopper-Dead-or-Alive-Sur-Son-Socle.jpg\" \/>\n\t<meta property=\"og:image:width\" content=\"640\" \/>\n\t<meta property=\"og:image:height\" content=\"640\" \/>\n\t<meta property=\"og:image:type\" content=\"image\/jpeg\" \/>\n<meta name=\"twitter:card\" content=\"summary_large_image\" \/>\n<meta name=\"twitter:label1\" content=\"Szacowany czas czytania\" \/>\n\t<meta name=\"twitter:data1\" content=\"2 minuty\" \/>\n<script type=\"application\/ld+json\" class=\"yoast-schema-graph\">{\"@context\":\"https:\\\/\\\/schema.org\",\"@graph\":[{\"@type\":\"WebPage\",\"@id\":\"https:\\\/\\\/boutique-one-piece.com\\\/figurines-one-piece\\\/figurines-tony-chopper\\\/figurine-one-piece-chopper-dead-or-alive-sur-son-socle\\\/\",\"url\":\"https:\\\/\\\/boutique-one-piece.com\\\/figurines-one-piece\\\/figurines-tony-chopper\\\/figurine-one-piece-chopper-dead-or-alive-sur-son-socle\\\/\",\"name\":\"Figurine One Piece Chopper Dead or Alive Sur Son Socle | Figurine One Piece \u2013 Boutique One Piece\",\"isPartOf\":{\"@id\":\"https:\\\/\\\/boutique-one-piece.com\\\/#website\"},\"primaryImageOfPage\":{\"@id\":\"https:\\\/\\\/boutique-one-piece.com\\\/figurines-one-piece\\\/figurines-tony-chopper\\\/figurine-one-piece-chopper-dead-or-alive-sur-son-socle\\\/#primaryimage\"},\"image\":{\"@id\":\"https:\\\/\\\/boutique-one-piece.com\\\/figurines-one-piece\\\/figurines-tony-chopper\\\/figurine-one-piece-chopper-dead-or-alive-sur-son-socle\\\/#primaryimage\"},\"thumbnailUrl\":\"https:\\\/\\\/boutique-one-piece.com\\\/wp-content\\\/uploads\\\/2022\\\/09\\\/Figurine-One-Piece-Chopper-Dead-or-Alive-Sur-Son-Socle.jpg\",\"datePublished\":\"2022-09-27T21:21:39+00:00\",\"dateModified\":\"2024-09-16T13:19:13+00:00\",\"description\":\"Jeune pirate, le moment est venu pour toi de te procurer cette Figurine One Piece Chopper Dead or Alive Sur Son Socle. Pour rappel, Tony Tony Chopper est le docteur de l'\u00c9quipage du Chapeau de Paille. Chopper est un renne qui a mang\u00e9 le Hito Hito no Mi, lui permettant de se transformer en humain. Il est originaire de l\",\"breadcrumb\":{\"@id\":\"https:\\\/\\\/boutique-one-piece.com\\\/figurines-one-piece\\\/figurines-tony-chopper\\\/figurine-one-piece-chopper-dead-or-alive-sur-son-socle\\\/#breadcrumb\"},\"inLanguage\":\"pl-PL\",\"potentialAction\":[{\"@type\":\"ReadAction\",\"target\":[\"https:\\\/\\\/boutique-one-piece.com\\\/figurines-one-piece\\\/figurines-tony-chopper\\\/figurine-one-piece-chopper-dead-or-alive-sur-son-socle\\\/\"]}]},{\"@type\":\"ImageObject\",\"inLanguage\":\"pl-PL\",\"@id\":\"https:\\\/\\\/boutique-one-piece.com\\\/figurines-one-piece\\\/figurines-tony-chopper\\\/figurine-one-piece-chopper-dead-or-alive-sur-son-socle\\\/#primaryimage\",\"url\":\"https:\\\/\\\/boutique-one-piece.com\\\/wp-content\\\/uploads\\\/2022\\\/09\\\/Figurine-One-Piece-Chopper-Dead-or-Alive-Sur-Son-Socle.jpg\",\"contentUrl\":\"https:\\\/\\\/boutique-one-piece.com\\\/wp-content\\\/uploads\\\/2022\\\/09\\\/Figurine-One-Piece-Chopper-Dead-or-Alive-Sur-Son-Socle.jpg\",\"width\":640,\"height\":640,\"caption\":\"Figurine One Piece Chopper Dead or Alive Sur Son Socle Default Title\"},{\"@type\":\"BreadcrumbList\",\"@id\":\"https:\\\/\\\/boutique-one-piece.com\\\/figurines-one-piece\\\/figurines-tony-chopper\\\/figurine-one-piece-chopper-dead-or-alive-sur-son-socle\\\/#breadcrumb\",\"itemListElement\":[{\"@type\":\"ListItem\",\"position\":1,\"name\":\"Home\",\"item\":\"https:\\\/\\\/boutique-one-piece.com\\\/\"},{\"@type\":\"ListItem\",\"position\":2,\"name\":\"Shop\",\"item\":\"https:\\\/\\\/boutique-one-piece.com\\\/shop\\\/\"},{\"@type\":\"ListItem\",\"position\":3,\"name\":\"Figurine One Piece Chopper Dead or Alive Sur Son Socle\"}]},{\"@type\":\"WebSite\",\"@id\":\"https:\\\/\\\/boutique-one-piece.com\\\/#website\",\"url\":\"https:\\\/\\\/boutique-one-piece.com\\\/\",\"name\":\"Boutique One Piece\",\"description\":\"Magasin Sp\u00e9cialis\u00e9 du Manga et l&#039;Anime One Piece\",\"publisher\":{\"@id\":\"https:\\\/\\\/boutique-one-piece.com\\\/#organization\"},\"potentialAction\":[{\"@type\":\"SearchAction\",\"target\":{\"@type\":\"EntryPoint\",\"urlTemplate\":\"https:\\\/\\\/boutique-one-piece.com\\\/?s={search_term_string}\"},\"query-input\":{\"@type\":\"PropertyValueSpecification\",\"valueRequired\":true,\"valueName\":\"search_term_string\"}}],\"inLanguage\":\"pl-PL\"},{\"@type\":\"Organization\",\"@id\":\"https:\\\/\\\/boutique-one-piece.com\\\/#organization\",\"name\":\"Boutique One Piece\",\"url\":\"https:\\\/\\\/boutique-one-piece.com\\\/\",\"logo\":{\"@type\":\"ImageObject\",\"inLanguage\":\"pl-PL\",\"@id\":\"https:\\\/\\\/boutique-one-piece.com\\\/#\\\/schema\\\/logo\\\/image\\\/\",\"url\":\"https:\\\/\\\/boutique-one-piece.com\\\/wp-content\\\/uploads\\\/2022\\\/09\\\/Logo-01.png\",\"contentUrl\":\"https:\\\/\\\/boutique-one-piece.com\\\/wp-content\\\/uploads\\\/2022\\\/09\\\/Logo-01.png\",\"width\":2318,\"height\":957,\"caption\":\"Boutique One Piece\"},\"image\":{\"@id\":\"https:\\\/\\\/boutique-one-piece.com\\\/#\\\/schema\\\/logo\\\/image\\\/\"}}]}<\/script>\n<!-- \/ Yoast SEO plugin. -->","yoast_head_json":{"title":"Figurka Choppera z One Piece: Martwy lub \u017cywy na podstawce | Figurka z One Piece \u2013 Sklep One Piece","description":"M\u0142ody piracie, nadszed\u0142 czas, aby\u015b zdoby\u0142 t\u0119 figurk\u0119 Choppera z One Piece Dead or Alive na podstawce. Przypominamy, \u017ce Tony Tony Chopper jest lekarzem za\u0142ogi S\u0142omkowego Kapelusza. Chopper to renifer, kt\u00f3ry zjad\u0142 Hito Hito no Mi, co pozwoli\u0142o mu przemieni\u0107 si\u0119 w cz\u0142owieka. Pochodzi z...","robots":{"index":"index","follow":"follow","max-snippet":"max-snippet:-1","max-image-preview":"max-image-preview:large","max-video-preview":"max-video-preview:-1"},"canonical":"https:\/\/boutique-one-piece.com\/pl\/figurki-one-piece\/figurki-tonyego-choppera\/jednoczesciowa-figurka-helikoptera-martwa-lub-zywa-na-podstawie\/","og_locale":"pl_PL","og_type":"article","og_title":"Figurine One Piece Chopper Dead or Alive Sur Son Socle | Figurine One Piece \u2013 Boutique One Piece","og_description":"Jeune pirate, le moment est venu pour toi de te procurer cette Figurine One Piece Chopper Dead or Alive Sur Son Socle. Pour rappel, Tony Tony Chopper est le docteur de l'\u00c9quipage du Chapeau de Paille. Chopper est un renne qui a mang\u00e9 le Hito Hito no Mi, lui permettant de se transformer en humain. Il est originaire de l","og_url":"https:\/\/boutique-one-piece.com\/pl\/figurki-one-piece\/figurki-tonyego-choppera\/jednoczesciowa-figurka-helikoptera-martwa-lub-zywa-na-podstawie\/","og_site_name":"Boutique One Piece","article_modified_time":"2024-09-16T13:19:13+00:00","og_image":[{"width":640,"height":640,"url":"https:\/\/boutique-one-piece.com\/wp-content\/uploads\/2022\/09\/Figurine-One-Piece-Chopper-Dead-or-Alive-Sur-Son-Socle.jpg","type":"image\/jpeg"}],"twitter_card":"summary_large_image","twitter_misc":{"Szacowany czas czytania":"2 minuty"},"schema":{"@context":"https:\/\/schema.org","@graph":[{"@type":"WebPage","@id":"https:\/\/boutique-one-piece.com\/figurines-one-piece\/figurines-tony-chopper\/figurine-one-piece-chopper-dead-or-alive-sur-son-socle\/","url":"https:\/\/boutique-one-piece.com\/figurines-one-piece\/figurines-tony-chopper\/figurine-one-piece-chopper-dead-or-alive-sur-son-socle\/","name":"Figurka Choppera z One Piece: Martwy lub \u017cywy na podstawce | Figurka z One Piece \u2013 Sklep One Piece","isPartOf":{"@id":"https:\/\/boutique-one-piece.com\/#website"},"primaryImageOfPage":{"@id":"https:\/\/boutique-one-piece.com\/figurines-one-piece\/figurines-tony-chopper\/figurine-one-piece-chopper-dead-or-alive-sur-son-socle\/#primaryimage"},"image":{"@id":"https:\/\/boutique-one-piece.com\/figurines-one-piece\/figurines-tony-chopper\/figurine-one-piece-chopper-dead-or-alive-sur-son-socle\/#primaryimage"},"thumbnailUrl":"https:\/\/boutique-one-piece.com\/wp-content\/uploads\/2022\/09\/Figurine-One-Piece-Chopper-Dead-or-Alive-Sur-Son-Socle.jpg","datePublished":"2022-09-27T21:21:39+00:00","dateModified":"2024-09-16T13:19:13+00:00","description":"M\u0142ody piracie, nadszed\u0142 czas, aby\u015b zdoby\u0142 t\u0119 figurk\u0119 Choppera z One Piece Dead or Alive na podstawce. Przypominamy, \u017ce Tony Tony Chopper jest lekarzem za\u0142ogi S\u0142omkowego Kapelusza. Chopper to renifer, kt\u00f3ry zjad\u0142 Hito Hito no Mi, co pozwoli\u0142o mu przemieni\u0107 si\u0119 w cz\u0142owieka. Pochodzi z...","breadcrumb":{"@id":"https:\/\/boutique-one-piece.com\/figurines-one-piece\/figurines-tony-chopper\/figurine-one-piece-chopper-dead-or-alive-sur-son-socle\/#breadcrumb"},"inLanguage":"pl-PL","potentialAction":[{"@type":"ReadAction","target":["https:\/\/boutique-one-piece.com\/figurines-one-piece\/figurines-tony-chopper\/figurine-one-piece-chopper-dead-or-alive-sur-son-socle\/"]}]},{"@type":"ImageObject","inLanguage":"pl-PL","@id":"https:\/\/boutique-one-piece.com\/figurines-one-piece\/figurines-tony-chopper\/figurine-one-piece-chopper-dead-or-alive-sur-son-socle\/#primaryimage","url":"https:\/\/boutique-one-piece.com\/wp-content\/uploads\/2022\/09\/Figurine-One-Piece-Chopper-Dead-or-Alive-Sur-Son-Socle.jpg","contentUrl":"https:\/\/boutique-one-piece.com\/wp-content\/uploads\/2022\/09\/Figurine-One-Piece-Chopper-Dead-or-Alive-Sur-Son-Socle.jpg","width":640,"height":640,"caption":"Figurine One Piece Chopper Dead or Alive Sur Son Socle Default Title"},{"@type":"BreadcrumbList","@id":"https:\/\/boutique-one-piece.com\/figurines-one-piece\/figurines-tony-chopper\/figurine-one-piece-chopper-dead-or-alive-sur-son-socle\/#breadcrumb","itemListElement":[{"@type":"ListItem","position":1,"name":"Home","item":"https:\/\/boutique-one-piece.com\/"},{"@type":"ListItem","position":2,"name":"Shop","item":"https:\/\/boutique-one-piece.com\/shop\/"},{"@type":"ListItem","position":3,"name":"Figurine One Piece Chopper Dead or Alive Sur Son Socle"}]},{"@type":"WebSite","@id":"https:\/\/boutique-one-piece.com\/#website","url":"https:\/\/boutique-one-piece.com\/","name":"One Piece Shop","description":"Sklep specjalistyczny z mang\u0105 i anime One Piece","publisher":{"@id":"https:\/\/boutique-one-piece.com\/#organization"},"potentialAction":[{"@type":"SearchAction","target":{"@type":"EntryPoint","urlTemplate":"https:\/\/boutique-one-piece.com\/?s={search_term_string}"},"query-input":{"@type":"PropertyValueSpecification","valueRequired":true,"valueName":"search_term_string"}}],"inLanguage":"pl-PL"},{"@type":"Organization","@id":"https:\/\/boutique-one-piece.com\/#organization","name":"One Piece Shop","url":"https:\/\/boutique-one-piece.com\/","logo":{"@type":"ImageObject","inLanguage":"pl-PL","@id":"https:\/\/boutique-one-piece.com\/#\/schema\/logo\/image\/","url":"https:\/\/boutique-one-piece.com\/wp-content\/uploads\/2022\/09\/Logo-01.png","contentUrl":"https:\/\/boutique-one-piece.com\/wp-content\/uploads\/2022\/09\/Logo-01.png","width":2318,"height":957,"caption":"Boutique One Piece"},"image":{"@id":"https:\/\/boutique-one-piece.com\/#\/schema\/logo\/image\/"}}]}},"_links":{"self":[{"href":"https:\/\/boutique-one-piece.com\/pl\/wp-json\/wp\/v2\/product\/13591","targetHints":{"allow":["GET"]}}],"collection":[{"href":"https:\/\/boutique-one-piece.com\/pl\/wp-json\/wp\/v2\/product"}],"about":[{"href":"https:\/\/boutique-one-piece.com\/pl\/wp-json\/wp\/v2\/types\/product"}],"replies":[{"embeddable":true,"href":"https:\/\/boutique-one-piece.com\/pl\/wp-json\/wp\/v2\/comments?post=13591"}],"wp:featuredmedia":[{"embeddable":true,"href":"https:\/\/boutique-one-piece.com\/pl\/wp-json\/wp\/v2\/media\/13593"}],"wp:attachment":[{"href":"https:\/\/boutique-one-piece.com\/pl\/wp-json\/wp\/v2\/media?parent=13591"}],"wp:term":[{"taxonomy":"product_brand","embeddable":true,"href":"https:\/\/boutique-one-piece.com\/pl\/wp-json\/wp\/v2\/product_brand?post=13591"},{"taxonomy":"product_cat","embeddable":true,"href":"https:\/\/boutique-one-piece.com\/pl\/wp-json\/wp\/v2\/product_cat?post=13591"},{"taxonomy":"product_tag","embeddable":true,"href":"https:\/\/boutique-one-piece.com\/pl\/wp-json\/wp\/v2\/product_tag?post=13591"}],"curies":[{"name":"wp","href":"https:\/\/api.w.org\/{rel}","templated":true}]}}