{"id":13605,"date":"2022-09-27T21:21:39","date_gmt":"2022-09-27T21:21:39","guid":{"rendered":"https:\/\/boutique-one-piece.com\/uncategorized\/figurine-one-piece-nico-robin-attaque\/"},"modified":"2024-09-16T13:19:32","modified_gmt":"2024-09-16T13:19:32","slug":"figurka-jednoczesciowa-atak-nico-robina","status":"publish","type":"product","link":"https:\/\/boutique-one-piece.com\/pl\/smakolyki-z-one-piece\/nico-robin-one-piece-gadzety\/figurka-jednoczesciowa-atak-nico-robina\/","title":{"rendered":"Figurka One Piece Nico Robin Attack"},"content":{"rendered":"<h2>M\u0142ody piracie, nie czekaj d\u0142u\u017cej i z\u0142ap okazj\u0119, aby zdoby\u0107 figurk\u0119 One Piece Nico Robin Attack.<\/h2>\n<p>Oto, co musisz wiedzie\u0107 o tej postaci: ; <strong>Nico Robin, czyli Dziecko Demona<\/strong>, Jest archeologiem za\u0142ogi S\u0142omkowego Kapelusza. Zjad\u0142a <strong>Hana Hana no Mi<\/strong> (owoc wyklucia) w bardzo m\u0142odym wieku, poniewa\u017c widzimy j\u0105 korzystaj\u0105c\u0105 ze swoich mocy maj\u0105c osiem lat w jednej z retrospekcji w Enies Lobby.<\/p>\n<p>To diabelski owoc typu Paramecia, kt\u00f3ry pozwala jej wyhodowa\u0107 dowoln\u0105 cz\u0119\u015b\u0107 cia\u0142a na dowolnej powierzchni. Kiedy u\u017cywa swoich mocy, krzy\u017cuje ramiona w kszta\u0142cie litery \u00abX\u00bb. Niekt\u00f3re z jej atak\u00f3w zatrzymuj\u0105 wroga, uniemo\u017cliwiaj\u0105c mu ruch d\u0142o\u0144mi i jednocze\u015bnie mno\u017c\u0105c go.<\/p>\n<p>Cho\u0107 jest bardzo pot\u0119\u017cny, jego wyd\u0142u\u017cone cz\u0119\u015bci mo\u017cna uderzy\u0107 lub rozci\u0105gn\u0105\u0107, co powoduje uszkodzenie jego prawdziwego cia\u0142a, kt\u00f3re jest jego s\u0142abym punktem. Je\u015bli chcesz poszerzy\u0107 swoj\u0105 kolekcj\u0119 figurek, <a title=\"ONE PIECE NAMI NAVIGATOR FIGURKA\" href=\"https:\/\/boutique-one-piece.com\/pl\/jednoczesciowa-figurka-nami-nawigator\/\" target=\"_blank\" rel=\"noopener\">Figurka Nami Nawigatorki<\/a> jest w Twoim zasi\u0119gu.<\/p>\n<h3>Czy urzek\u0142a Ci\u0119 figurka Nico Robin w trakcie ataku? Je\u015bli tak, do\u0142\u0105cz do niej na pok\u0142adzie Thousand Suny. Czeka Ci\u0119 tam wiele przyg\u00f3d.<\/h3>\n<p>Niezale\u017cnie od tego, czy jeste\u015b zagorza\u0142ym fanem, czy do\u015bwiadczonym kolekcjonerem, te przedmioty s\u0105 zdecydowanie dla Ciebie. Idealne na prezent, ozdob\u0119 lub uzupe\u0142nienie kolekcji \u2013 te kultowe przedmioty wzbogac\u0105 Twoj\u0105 kolekcj\u0119. <strong>Tw\u00f3j wszech\u015bwiat One Piece<\/strong>. Wi\u0119c nie czekaj d\u0142u\u017cej i skorzystaj z okazji, by prze\u017cy\u0107 mn\u00f3stwo przyg\u00f3d! <strong>m\u0142ody pirat<\/strong>.<\/p>\n<h2>Informacje o figurce Nico Robin Attack\u00a0<\/h2>\n<ul>\n<li><span><b><u>Figurka One Piece<\/u><\/b>\u00a0Figurka Premium One Piece dla prawdziwych pirat\u00f3w<\/span><\/li>\n<\/ul>\n<ul>\n<li>\n<b>Materia\u0142<\/b><span>\u00a0<\/span>PCV<\/li>\n<\/ul>\n<ul>\n<li><span><strong>Wymiar<\/strong>\u00a0: 15 cm<\/span><\/li>\n<\/ul>\n<ul>\n<li><span><strong>DARMOWA DOSTAWA<\/strong><\/span><\/li>\n<\/ul>","protected":false},"excerpt":{"rendered":"<p>Jeune pirate, n&rsquo;attends plus et saute sur l&rsquo;occasion de mettre la main sur cette Figurine One Piece Nico Robin Attaque. Voici ce que tu dois savoir sur ce personnage ; Nico Robin alias l&rsquo;Enfant D\u00e9moniaque, est l&rsquo;Arch\u00e9ologue de L&rsquo;\u00c9quipage du Chapeau de Paille. Elle a mang\u00e9 le Hana Hana no Mi (fruit de l&rsquo;\u00e9closion) \u00e0 [&hellip;]<\/p>","protected":false},"featured_media":13607,"comment_status":"open","ping_status":"open","template":"","meta":[],"product_brand":[],"product_cat":[309,76,198],"product_tag":[205],"class_list":{"0":"post-13605","1":"product","2":"type-product","3":"status-publish","4":"has-post-thumbnail","6":"product_cat-figurines-nico-robin","7":"product_cat-figurines-one-piece","8":"product_cat-goodies-nico-robin-one-piece","9":"product_tag-robin","11":"first","12":"instock","13":"purchasable","14":"product-type-simple"},"yoast_head":"<!-- This site is optimized with the Yoast SEO plugin v27.5 - https:\/\/yoast.com\/product\/yoast-seo-wordpress\/ -->\n<title>Figurine One Piece Nico Robin Attaque | Figurine One Piece \u2013 Boutique One Piece<\/title>\n<meta name=\"description\" content=\"Jeune pirate, n&#039;attends plus et saute sur l&#039;occasion de mettre la main sur cette Figurine One Piece Nico Robin Attaque. Voici ce que tu dois savoir sur ce personnage ; Nico Robin alias l&#039;Enfant D\u00e9moniaque, est l&#039;Arch\u00e9ologue de L&#039;\u00c9quipage du Chapeau de Paille. Elle a mang\u00e9 le Hana Hana no Mi (fruit de l&#039;\u00e9closion) \u00e0 un t\" \/>\n<meta name=\"robots\" content=\"index, follow, max-snippet:-1, max-image-preview:large, max-video-preview:-1\" \/>\n<link rel=\"canonical\" href=\"https:\/\/boutique-one-piece.com\/pl\/figurki-one-piece\/figurki-nico-robina\/figurka-jednoczesciowa-atak-nico-robina\/\" \/>\n<meta property=\"og:locale\" content=\"pl_PL\" \/>\n<meta property=\"og:type\" content=\"article\" \/>\n<meta property=\"og:title\" content=\"Figurine One Piece Nico Robin Attaque | Figurine One Piece \u2013 Boutique One Piece\" \/>\n<meta property=\"og:description\" content=\"Jeune pirate, n&#039;attends plus et saute sur l&#039;occasion de mettre la main sur cette Figurine One Piece Nico Robin Attaque. Voici ce que tu dois savoir sur ce personnage ; Nico Robin alias l&#039;Enfant D\u00e9moniaque, est l&#039;Arch\u00e9ologue de L&#039;\u00c9quipage du Chapeau de Paille. Elle a mang\u00e9 le Hana Hana no Mi (fruit de l&#039;\u00e9closion) \u00e0 un t\" \/>\n<meta property=\"og:url\" content=\"https:\/\/boutique-one-piece.com\/pl\/figurki-one-piece\/figurki-nico-robina\/figurka-jednoczesciowa-atak-nico-robina\/\" \/>\n<meta property=\"og:site_name\" content=\"Boutique One Piece\" \/>\n<meta property=\"article:modified_time\" content=\"2024-09-16T13:19:32+00:00\" \/>\n<meta property=\"og:image\" content=\"https:\/\/boutique-one-piece.com\/wp-content\/uploads\/2022\/09\/Figurine-One-Piece-Nico-Robin-Attaque-1.jpg\" \/>\n\t<meta property=\"og:image:width\" content=\"1080\" \/>\n\t<meta property=\"og:image:height\" content=\"1080\" \/>\n\t<meta property=\"og:image:type\" content=\"image\/jpeg\" \/>\n<meta name=\"twitter:card\" content=\"summary_large_image\" \/>\n<meta name=\"twitter:label1\" content=\"Szacowany czas czytania\" \/>\n\t<meta name=\"twitter:data1\" content=\"1 minuta\" \/>\n<script type=\"application\/ld+json\" class=\"yoast-schema-graph\">{\"@context\":\"https:\\\/\\\/schema.org\",\"@graph\":[{\"@type\":\"WebPage\",\"@id\":\"https:\\\/\\\/boutique-one-piece.com\\\/figurines-one-piece\\\/figurines-nico-robin\\\/figurine-one-piece-nico-robin-attaque\\\/\",\"url\":\"https:\\\/\\\/boutique-one-piece.com\\\/figurines-one-piece\\\/figurines-nico-robin\\\/figurine-one-piece-nico-robin-attaque\\\/\",\"name\":\"Figurine One Piece Nico Robin Attaque | Figurine One Piece \u2013 Boutique One Piece\",\"isPartOf\":{\"@id\":\"https:\\\/\\\/boutique-one-piece.com\\\/#website\"},\"primaryImageOfPage\":{\"@id\":\"https:\\\/\\\/boutique-one-piece.com\\\/figurines-one-piece\\\/figurines-nico-robin\\\/figurine-one-piece-nico-robin-attaque\\\/#primaryimage\"},\"image\":{\"@id\":\"https:\\\/\\\/boutique-one-piece.com\\\/figurines-one-piece\\\/figurines-nico-robin\\\/figurine-one-piece-nico-robin-attaque\\\/#primaryimage\"},\"thumbnailUrl\":\"https:\\\/\\\/boutique-one-piece.com\\\/wp-content\\\/uploads\\\/2022\\\/09\\\/Figurine-One-Piece-Nico-Robin-Attaque-1.jpg\",\"datePublished\":\"2022-09-27T21:21:39+00:00\",\"dateModified\":\"2024-09-16T13:19:32+00:00\",\"description\":\"Jeune pirate, n'attends plus et saute sur l'occasion de mettre la main sur cette Figurine One Piece Nico Robin Attaque. Voici ce que tu dois savoir sur ce personnage ; Nico Robin alias l'Enfant D\u00e9moniaque, est l'Arch\u00e9ologue de L'\u00c9quipage du Chapeau de Paille. Elle a mang\u00e9 le Hana Hana no Mi (fruit de l'\u00e9closion) \u00e0 un t\",\"breadcrumb\":{\"@id\":\"https:\\\/\\\/boutique-one-piece.com\\\/figurines-one-piece\\\/figurines-nico-robin\\\/figurine-one-piece-nico-robin-attaque\\\/#breadcrumb\"},\"inLanguage\":\"pl-PL\",\"potentialAction\":[{\"@type\":\"ReadAction\",\"target\":[\"https:\\\/\\\/boutique-one-piece.com\\\/figurines-one-piece\\\/figurines-nico-robin\\\/figurine-one-piece-nico-robin-attaque\\\/\"]}]},{\"@type\":\"ImageObject\",\"inLanguage\":\"pl-PL\",\"@id\":\"https:\\\/\\\/boutique-one-piece.com\\\/figurines-one-piece\\\/figurines-nico-robin\\\/figurine-one-piece-nico-robin-attaque\\\/#primaryimage\",\"url\":\"https:\\\/\\\/boutique-one-piece.com\\\/wp-content\\\/uploads\\\/2022\\\/09\\\/Figurine-One-Piece-Nico-Robin-Attaque-1.jpg\",\"contentUrl\":\"https:\\\/\\\/boutique-one-piece.com\\\/wp-content\\\/uploads\\\/2022\\\/09\\\/Figurine-One-Piece-Nico-Robin-Attaque-1.jpg\",\"width\":1080,\"height\":1080},{\"@type\":\"BreadcrumbList\",\"@id\":\"https:\\\/\\\/boutique-one-piece.com\\\/figurines-one-piece\\\/figurines-nico-robin\\\/figurine-one-piece-nico-robin-attaque\\\/#breadcrumb\",\"itemListElement\":[{\"@type\":\"ListItem\",\"position\":1,\"name\":\"Home\",\"item\":\"https:\\\/\\\/boutique-one-piece.com\\\/\"},{\"@type\":\"ListItem\",\"position\":2,\"name\":\"Shop\",\"item\":\"https:\\\/\\\/boutique-one-piece.com\\\/shop\\\/\"},{\"@type\":\"ListItem\",\"position\":3,\"name\":\"Figurine One Piece Nico Robin Attaque\"}]},{\"@type\":\"WebSite\",\"@id\":\"https:\\\/\\\/boutique-one-piece.com\\\/#website\",\"url\":\"https:\\\/\\\/boutique-one-piece.com\\\/\",\"name\":\"Boutique One Piece\",\"description\":\"Magasin Sp\u00e9cialis\u00e9 du Manga et l&#039;Anime One Piece\",\"publisher\":{\"@id\":\"https:\\\/\\\/boutique-one-piece.com\\\/#organization\"},\"potentialAction\":[{\"@type\":\"SearchAction\",\"target\":{\"@type\":\"EntryPoint\",\"urlTemplate\":\"https:\\\/\\\/boutique-one-piece.com\\\/?s={search_term_string}\"},\"query-input\":{\"@type\":\"PropertyValueSpecification\",\"valueRequired\":true,\"valueName\":\"search_term_string\"}}],\"inLanguage\":\"pl-PL\"},{\"@type\":\"Organization\",\"@id\":\"https:\\\/\\\/boutique-one-piece.com\\\/#organization\",\"name\":\"Boutique One Piece\",\"url\":\"https:\\\/\\\/boutique-one-piece.com\\\/\",\"logo\":{\"@type\":\"ImageObject\",\"inLanguage\":\"pl-PL\",\"@id\":\"https:\\\/\\\/boutique-one-piece.com\\\/#\\\/schema\\\/logo\\\/image\\\/\",\"url\":\"https:\\\/\\\/boutique-one-piece.com\\\/wp-content\\\/uploads\\\/2022\\\/09\\\/Logo-01.png\",\"contentUrl\":\"https:\\\/\\\/boutique-one-piece.com\\\/wp-content\\\/uploads\\\/2022\\\/09\\\/Logo-01.png\",\"width\":2318,\"height\":957,\"caption\":\"Boutique One Piece\"},\"image\":{\"@id\":\"https:\\\/\\\/boutique-one-piece.com\\\/#\\\/schema\\\/logo\\\/image\\\/\"}}]}<\/script>\n<!-- \/ Yoast SEO plugin. -->","yoast_head_json":{"title":"Figurka One Piece: Atak Nico Robina | Figurka One Piece \u2013 Sklep One Piece","description":"M\u0142ody piracie, nie czekaj d\u0142u\u017cej i z\u0142ap okazj\u0119, aby zdoby\u0107 figurk\u0119 Nico Robin Attack One Piece. Oto, co musisz wiedzie\u0107 o tej postaci: Nico Robin, znana r\u00f3wnie\u017c jako Dziecko Demona, jest archeologiem za\u0142ogi S\u0142omkowego Kapelusza. Zjad\u0142a Hana Hana no Mi (Kwiat-Kwiat) w bardzo m\u0142odym wieku.","robots":{"index":"index","follow":"follow","max-snippet":"max-snippet:-1","max-image-preview":"max-image-preview:large","max-video-preview":"max-video-preview:-1"},"canonical":"https:\/\/boutique-one-piece.com\/pl\/figurki-one-piece\/figurki-nico-robina\/figurka-jednoczesciowa-atak-nico-robina\/","og_locale":"pl_PL","og_type":"article","og_title":"Figurine One Piece Nico Robin Attaque | Figurine One Piece \u2013 Boutique One Piece","og_description":"Jeune pirate, n'attends plus et saute sur l'occasion de mettre la main sur cette Figurine One Piece Nico Robin Attaque. Voici ce que tu dois savoir sur ce personnage ; Nico Robin alias l'Enfant D\u00e9moniaque, est l'Arch\u00e9ologue de L'\u00c9quipage du Chapeau de Paille. Elle a mang\u00e9 le Hana Hana no Mi (fruit de l'\u00e9closion) \u00e0 un t","og_url":"https:\/\/boutique-one-piece.com\/pl\/figurki-one-piece\/figurki-nico-robina\/figurka-jednoczesciowa-atak-nico-robina\/","og_site_name":"Boutique One Piece","article_modified_time":"2024-09-16T13:19:32+00:00","og_image":[{"width":1080,"height":1080,"url":"https:\/\/boutique-one-piece.com\/wp-content\/uploads\/2022\/09\/Figurine-One-Piece-Nico-Robin-Attaque-1.jpg","type":"image\/jpeg"}],"twitter_card":"summary_large_image","twitter_misc":{"Szacowany czas czytania":"1 minuta"},"schema":{"@context":"https:\/\/schema.org","@graph":[{"@type":"WebPage","@id":"https:\/\/boutique-one-piece.com\/figurines-one-piece\/figurines-nico-robin\/figurine-one-piece-nico-robin-attaque\/","url":"https:\/\/boutique-one-piece.com\/figurines-one-piece\/figurines-nico-robin\/figurine-one-piece-nico-robin-attaque\/","name":"Figurka One Piece: Atak Nico Robina | Figurka One Piece \u2013 Sklep One Piece","isPartOf":{"@id":"https:\/\/boutique-one-piece.com\/#website"},"primaryImageOfPage":{"@id":"https:\/\/boutique-one-piece.com\/figurines-one-piece\/figurines-nico-robin\/figurine-one-piece-nico-robin-attaque\/#primaryimage"},"image":{"@id":"https:\/\/boutique-one-piece.com\/figurines-one-piece\/figurines-nico-robin\/figurine-one-piece-nico-robin-attaque\/#primaryimage"},"thumbnailUrl":"https:\/\/boutique-one-piece.com\/wp-content\/uploads\/2022\/09\/Figurine-One-Piece-Nico-Robin-Attaque-1.jpg","datePublished":"2022-09-27T21:21:39+00:00","dateModified":"2024-09-16T13:19:32+00:00","description":"M\u0142ody piracie, nie czekaj d\u0142u\u017cej i z\u0142ap okazj\u0119, aby zdoby\u0107 figurk\u0119 Nico Robin Attack One Piece. Oto, co musisz wiedzie\u0107 o tej postaci: Nico Robin, znana r\u00f3wnie\u017c jako Dziecko Demona, jest archeologiem za\u0142ogi S\u0142omkowego Kapelusza. Zjad\u0142a Hana Hana no Mi (Kwiat-Kwiat) w bardzo m\u0142odym wieku.","breadcrumb":{"@id":"https:\/\/boutique-one-piece.com\/figurines-one-piece\/figurines-nico-robin\/figurine-one-piece-nico-robin-attaque\/#breadcrumb"},"inLanguage":"pl-PL","potentialAction":[{"@type":"ReadAction","target":["https:\/\/boutique-one-piece.com\/figurines-one-piece\/figurines-nico-robin\/figurine-one-piece-nico-robin-attaque\/"]}]},{"@type":"ImageObject","inLanguage":"pl-PL","@id":"https:\/\/boutique-one-piece.com\/figurines-one-piece\/figurines-nico-robin\/figurine-one-piece-nico-robin-attaque\/#primaryimage","url":"https:\/\/boutique-one-piece.com\/wp-content\/uploads\/2022\/09\/Figurine-One-Piece-Nico-Robin-Attaque-1.jpg","contentUrl":"https:\/\/boutique-one-piece.com\/wp-content\/uploads\/2022\/09\/Figurine-One-Piece-Nico-Robin-Attaque-1.jpg","width":1080,"height":1080},{"@type":"BreadcrumbList","@id":"https:\/\/boutique-one-piece.com\/figurines-one-piece\/figurines-nico-robin\/figurine-one-piece-nico-robin-attaque\/#breadcrumb","itemListElement":[{"@type":"ListItem","position":1,"name":"Home","item":"https:\/\/boutique-one-piece.com\/"},{"@type":"ListItem","position":2,"name":"Shop","item":"https:\/\/boutique-one-piece.com\/shop\/"},{"@type":"ListItem","position":3,"name":"Figurine One Piece Nico Robin Attaque"}]},{"@type":"WebSite","@id":"https:\/\/boutique-one-piece.com\/#website","url":"https:\/\/boutique-one-piece.com\/","name":"One Piece Shop","description":"Sklep specjalistyczny z mang\u0105 i anime One Piece","publisher":{"@id":"https:\/\/boutique-one-piece.com\/#organization"},"potentialAction":[{"@type":"SearchAction","target":{"@type":"EntryPoint","urlTemplate":"https:\/\/boutique-one-piece.com\/?s={search_term_string}"},"query-input":{"@type":"PropertyValueSpecification","valueRequired":true,"valueName":"search_term_string"}}],"inLanguage":"pl-PL"},{"@type":"Organization","@id":"https:\/\/boutique-one-piece.com\/#organization","name":"One Piece Shop","url":"https:\/\/boutique-one-piece.com\/","logo":{"@type":"ImageObject","inLanguage":"pl-PL","@id":"https:\/\/boutique-one-piece.com\/#\/schema\/logo\/image\/","url":"https:\/\/boutique-one-piece.com\/wp-content\/uploads\/2022\/09\/Logo-01.png","contentUrl":"https:\/\/boutique-one-piece.com\/wp-content\/uploads\/2022\/09\/Logo-01.png","width":2318,"height":957,"caption":"Boutique One Piece"},"image":{"@id":"https:\/\/boutique-one-piece.com\/#\/schema\/logo\/image\/"}}]}},"_links":{"self":[{"href":"https:\/\/boutique-one-piece.com\/pl\/wp-json\/wp\/v2\/product\/13605","targetHints":{"allow":["GET"]}}],"collection":[{"href":"https:\/\/boutique-one-piece.com\/pl\/wp-json\/wp\/v2\/product"}],"about":[{"href":"https:\/\/boutique-one-piece.com\/pl\/wp-json\/wp\/v2\/types\/product"}],"replies":[{"embeddable":true,"href":"https:\/\/boutique-one-piece.com\/pl\/wp-json\/wp\/v2\/comments?post=13605"}],"wp:featuredmedia":[{"embeddable":true,"href":"https:\/\/boutique-one-piece.com\/pl\/wp-json\/wp\/v2\/media\/13607"}],"wp:attachment":[{"href":"https:\/\/boutique-one-piece.com\/pl\/wp-json\/wp\/v2\/media?parent=13605"}],"wp:term":[{"taxonomy":"product_brand","embeddable":true,"href":"https:\/\/boutique-one-piece.com\/pl\/wp-json\/wp\/v2\/product_brand?post=13605"},{"taxonomy":"product_cat","embeddable":true,"href":"https:\/\/boutique-one-piece.com\/pl\/wp-json\/wp\/v2\/product_cat?post=13605"},{"taxonomy":"product_tag","embeddable":true,"href":"https:\/\/boutique-one-piece.com\/pl\/wp-json\/wp\/v2\/product_tag?post=13605"}],"curies":[{"name":"wp","href":"https:\/\/api.w.org\/{rel}","templated":true}]}}