{"id":13659,"date":"2022-09-27T21:22:05","date_gmt":"2022-09-27T21:22:05","guid":{"rendered":"https:\/\/boutique-one-piece.com\/uncategorized\/parures-de-lit-one-piece-les-chapeaux-de-paille\/"},"modified":"2024-09-16T13:21:00","modified_gmt":"2024-09-16T13:21:00","slug":"komplety-poscieli-one-piece-slomkowe-kapelusze","status":"publish","type":"product","link":"https:\/\/boutique-one-piece.com\/pl\/dekoracje-one-piece\/komplety-poscieli-jednoczesciowej\/komplety-poscieli-one-piece-slomkowe-kapelusze\/","title":{"rendered":"Jednocz\u0119\u015bciowy komplet po\u015bcieli ze s\u0142omkowym kapeluszem"},"content":{"rendered":"<ul data-mce-fragment=\"1\">\n<li data-mce-fragment=\"1\"><span data-mce-fragment=\"1\"><b data-mce-fragment=\"1\"><u data-mce-fragment=\"1\">Poszewka na ko\u0142dr\u0119 jednocz\u0119\u015bciowa<\/u><\/b>\u00a0Komplet po\u015bcieli One Piece Universe dla prawdziwych pirat\u00f3w<\/span><\/li>\n<\/ul>\n<ul data-mce-fragment=\"1\">\n<li data-mce-fragment=\"1\">\n<b data-mce-fragment=\"1\">Przybory<\/b><span data-mce-fragment=\"1\">\u00a0<\/span>W\u0142\u00f3kno poliestrowe<\/li>\n<\/ul>\n<ul data-mce-fragment=\"1\">\n<li data-mce-fragment=\"1\">\n<b data-mce-fragment=\"1\">Rozmiar<\/b>\u00a0: 135x200cm 140x210cm 173x218cm 180x210cm 200x200cm 210x210cm 200x230cm 228x228cm 220x240cm 230x260cm<\/li>\n<\/ul>\n<ul data-mce-fragment=\"1\">\n<li data-mce-fragment=\"1\"><span data-mce-fragment=\"1\"><strong data-mce-fragment=\"1\">DARMOWA DOSTAWA<\/strong><\/span><\/li>\n<\/ul>","protected":false},"excerpt":{"rendered":"<p>Housse de couette One Piece\u00a0: Parures de lit de l&rsquo;univers One Piece pour les vrais pirates Mati\u00e8res\u00a0: Fibre polyester Taille\u00a0:\u00a0135x200cm 140x210cm 173x218cm 180x210cm\u00a0 200x200cm 210x210cm\u00a0200x230cm 228x228cm 220x240cm 230x260cm LIVRAISON OFFERTE<\/p>","protected":false},"featured_media":13661,"comment_status":"open","ping_status":"open","template":"","meta":[],"product_brand":[],"product_cat":[150,1607],"product_tag":[],"class_list":{"0":"post-13659","1":"product","2":"type-product","3":"status-publish","4":"has-post-thumbnail","6":"product_cat-decorations-one-piece","7":"product_cat-parures-de-lit-one-piece","9":"first","10":"instock","11":"purchasable","12":"product-type-variable","13":"has-default-attributes"},"yoast_head":"<!-- This site is optimized with the Yoast SEO plugin v27.5 - https:\/\/yoast.com\/product\/yoast-seo-wordpress\/ -->\n<title>Parures De Lit One Piece Les Chapeaux de Paille | Housse De Couette One Piece \u2013 Boutique One Piece<\/title>\n<meta name=\"description\" content=\"Housse de couette One Piece\u00a0: Parures de lit de l&#039;univers One Piece pour les vrais pirates Mati\u00e8res\u00a0: Fibre polyester Taille\u00a0:\u00a0135x200cm 140x210cm 173x218cm 180x210cm\u00a0 200x200cm 210x210cm\u00a0200x230cm 228x228cm 220x240cm 230x260cm LIVRAISON OFFERTE\" \/>\n<meta name=\"robots\" content=\"index, follow, max-snippet:-1, max-image-preview:large, max-video-preview:-1\" \/>\n<link rel=\"canonical\" href=\"https:\/\/boutique-one-piece.com\/pl\/dekoracje-one-piece\/komplety-poscieli-jednoczesciowej\/komplety-poscieli-one-piece-slomkowe-kapelusze\/\" \/>\n<meta property=\"og:locale\" content=\"pl_PL\" \/>\n<meta property=\"og:type\" content=\"article\" \/>\n<meta property=\"og:title\" content=\"Parures De Lit One Piece Les Chapeaux de Paille | Housse De Couette One Piece \u2013 Boutique One Piece\" \/>\n<meta property=\"og:description\" content=\"Housse de couette One Piece\u00a0: Parures de lit de l&#039;univers One Piece pour les vrais pirates Mati\u00e8res\u00a0: Fibre polyester Taille\u00a0:\u00a0135x200cm 140x210cm 173x218cm 180x210cm\u00a0 200x200cm 210x210cm\u00a0200x230cm 228x228cm 220x240cm 230x260cm LIVRAISON OFFERTE\" \/>\n<meta property=\"og:url\" content=\"https:\/\/boutique-one-piece.com\/pl\/dekoracje-one-piece\/komplety-poscieli-jednoczesciowej\/komplety-poscieli-one-piece-slomkowe-kapelusze\/\" \/>\n<meta property=\"og:site_name\" content=\"Boutique One Piece\" \/>\n<meta property=\"article:modified_time\" content=\"2024-09-16T13:21:00+00:00\" \/>\n<meta property=\"og:image\" content=\"https:\/\/boutique-one-piece.com\/wp-content\/uploads\/2022\/09\/Parures-De-Lit-One-Piece-Les-Chapeaux-de-Paille.jpg\" \/>\n\t<meta property=\"og:image:width\" content=\"640\" \/>\n\t<meta property=\"og:image:height\" content=\"640\" \/>\n\t<meta property=\"og:image:type\" content=\"image\/jpeg\" \/>\n<meta name=\"twitter:card\" content=\"summary_large_image\" \/>\n<script type=\"application\/ld+json\" class=\"yoast-schema-graph\">{\"@context\":\"https:\\\/\\\/schema.org\",\"@graph\":[{\"@type\":\"WebPage\",\"@id\":\"https:\\\/\\\/boutique-one-piece.com\\\/decorations-one-piece\\\/parures-de-lit-one-piece\\\/parures-de-lit-one-piece-les-chapeaux-de-paille\\\/\",\"url\":\"https:\\\/\\\/boutique-one-piece.com\\\/decorations-one-piece\\\/parures-de-lit-one-piece\\\/parures-de-lit-one-piece-les-chapeaux-de-paille\\\/\",\"name\":\"Parures De Lit One Piece Les Chapeaux de Paille | Housse De Couette One Piece \u2013 Boutique One Piece\",\"isPartOf\":{\"@id\":\"https:\\\/\\\/boutique-one-piece.com\\\/#website\"},\"primaryImageOfPage\":{\"@id\":\"https:\\\/\\\/boutique-one-piece.com\\\/decorations-one-piece\\\/parures-de-lit-one-piece\\\/parures-de-lit-one-piece-les-chapeaux-de-paille\\\/#primaryimage\"},\"image\":{\"@id\":\"https:\\\/\\\/boutique-one-piece.com\\\/decorations-one-piece\\\/parures-de-lit-one-piece\\\/parures-de-lit-one-piece-les-chapeaux-de-paille\\\/#primaryimage\"},\"thumbnailUrl\":\"https:\\\/\\\/boutique-one-piece.com\\\/wp-content\\\/uploads\\\/2022\\\/09\\\/Parures-De-Lit-One-Piece-Les-Chapeaux-de-Paille.jpg\",\"datePublished\":\"2022-09-27T21:22:05+00:00\",\"dateModified\":\"2024-09-16T13:21:00+00:00\",\"description\":\"Housse de couette One Piece\u00a0: Parures de lit de l'univers One Piece pour les vrais pirates Mati\u00e8res\u00a0: Fibre polyester Taille\u00a0:\u00a0135x200cm 140x210cm 173x218cm 180x210cm\u00a0 200x200cm 210x210cm\u00a0200x230cm 228x228cm 220x240cm 230x260cm LIVRAISON OFFERTE\",\"breadcrumb\":{\"@id\":\"https:\\\/\\\/boutique-one-piece.com\\\/decorations-one-piece\\\/parures-de-lit-one-piece\\\/parures-de-lit-one-piece-les-chapeaux-de-paille\\\/#breadcrumb\"},\"inLanguage\":\"pl-PL\",\"potentialAction\":[{\"@type\":\"ReadAction\",\"target\":[\"https:\\\/\\\/boutique-one-piece.com\\\/decorations-one-piece\\\/parures-de-lit-one-piece\\\/parures-de-lit-one-piece-les-chapeaux-de-paille\\\/\"]}]},{\"@type\":\"ImageObject\",\"inLanguage\":\"pl-PL\",\"@id\":\"https:\\\/\\\/boutique-one-piece.com\\\/decorations-one-piece\\\/parures-de-lit-one-piece\\\/parures-de-lit-one-piece-les-chapeaux-de-paille\\\/#primaryimage\",\"url\":\"https:\\\/\\\/boutique-one-piece.com\\\/wp-content\\\/uploads\\\/2022\\\/09\\\/Parures-De-Lit-One-Piece-Les-Chapeaux-de-Paille.jpg\",\"contentUrl\":\"https:\\\/\\\/boutique-one-piece.com\\\/wp-content\\\/uploads\\\/2022\\\/09\\\/Parures-De-Lit-One-Piece-Les-Chapeaux-de-Paille.jpg\",\"width\":640,\"height\":640,\"caption\":\"Parures De Lit One Piece Les Chapeaux de Paille 230x260cm\"},{\"@type\":\"BreadcrumbList\",\"@id\":\"https:\\\/\\\/boutique-one-piece.com\\\/decorations-one-piece\\\/parures-de-lit-one-piece\\\/parures-de-lit-one-piece-les-chapeaux-de-paille\\\/#breadcrumb\",\"itemListElement\":[{\"@type\":\"ListItem\",\"position\":1,\"name\":\"Home\",\"item\":\"https:\\\/\\\/boutique-one-piece.com\\\/\"},{\"@type\":\"ListItem\",\"position\":2,\"name\":\"Shop\",\"item\":\"https:\\\/\\\/boutique-one-piece.com\\\/shop\\\/\"},{\"@type\":\"ListItem\",\"position\":3,\"name\":\"Parures De Lit One Piece Les Chapeaux de Paille\"}]},{\"@type\":\"WebSite\",\"@id\":\"https:\\\/\\\/boutique-one-piece.com\\\/#website\",\"url\":\"https:\\\/\\\/boutique-one-piece.com\\\/\",\"name\":\"Boutique One Piece\",\"description\":\"Magasin Sp\u00e9cialis\u00e9 du Manga et l&#039;Anime One Piece\",\"publisher\":{\"@id\":\"https:\\\/\\\/boutique-one-piece.com\\\/#organization\"},\"potentialAction\":[{\"@type\":\"SearchAction\",\"target\":{\"@type\":\"EntryPoint\",\"urlTemplate\":\"https:\\\/\\\/boutique-one-piece.com\\\/?s={search_term_string}\"},\"query-input\":{\"@type\":\"PropertyValueSpecification\",\"valueRequired\":true,\"valueName\":\"search_term_string\"}}],\"inLanguage\":\"pl-PL\"},{\"@type\":\"Organization\",\"@id\":\"https:\\\/\\\/boutique-one-piece.com\\\/#organization\",\"name\":\"Boutique One Piece\",\"url\":\"https:\\\/\\\/boutique-one-piece.com\\\/\",\"logo\":{\"@type\":\"ImageObject\",\"inLanguage\":\"pl-PL\",\"@id\":\"https:\\\/\\\/boutique-one-piece.com\\\/#\\\/schema\\\/logo\\\/image\\\/\",\"url\":\"https:\\\/\\\/boutique-one-piece.com\\\/wp-content\\\/uploads\\\/2022\\\/09\\\/Logo-01.png\",\"contentUrl\":\"https:\\\/\\\/boutique-one-piece.com\\\/wp-content\\\/uploads\\\/2022\\\/09\\\/Logo-01.png\",\"width\":2318,\"height\":957,\"caption\":\"Boutique One Piece\"},\"image\":{\"@id\":\"https:\\\/\\\/boutique-one-piece.com\\\/#\\\/schema\\\/logo\\\/image\\\/\"}}]}<\/script>\n<!-- \/ Yoast SEO plugin. -->","yoast_head_json":{"title":"Jednocz\u0119\u015bciowy komplet po\u015bcieli ze s\u0142omkowym kapeluszem | Jednocz\u0119\u015bciowa poszwa na ko\u0142dr\u0119 \u2013 sklep One Piece","description":"Poszewka na ko\u0142dr\u0119 One Piece: Komplety po\u015bcieli z uniwersum One Piece dla prawdziwych pirat\u00f3w. Materia\u0142y: w\u0142\u00f3kno poliestrowe. Rozmiary: 135 x 200 cm, 140 x 210 cm, 173 x 218 cm, 180 x 210 cm, 200 x 200 cm, 210 x 210 cm, 200 x 230 cm, 228 x 228 cm, 220 x 240 cm, 230 x 260 cm. DARMOWA DOSTAWA","robots":{"index":"index","follow":"follow","max-snippet":"max-snippet:-1","max-image-preview":"max-image-preview:large","max-video-preview":"max-video-preview:-1"},"canonical":"https:\/\/boutique-one-piece.com\/pl\/dekoracje-one-piece\/komplety-poscieli-jednoczesciowej\/komplety-poscieli-one-piece-slomkowe-kapelusze\/","og_locale":"pl_PL","og_type":"article","og_title":"Parures De Lit One Piece Les Chapeaux de Paille | Housse De Couette One Piece \u2013 Boutique One Piece","og_description":"Housse de couette One Piece\u00a0: Parures de lit de l'univers One Piece pour les vrais pirates Mati\u00e8res\u00a0: Fibre polyester Taille\u00a0:\u00a0135x200cm 140x210cm 173x218cm 180x210cm\u00a0 200x200cm 210x210cm\u00a0200x230cm 228x228cm 220x240cm 230x260cm LIVRAISON OFFERTE","og_url":"https:\/\/boutique-one-piece.com\/pl\/dekoracje-one-piece\/komplety-poscieli-jednoczesciowej\/komplety-poscieli-one-piece-slomkowe-kapelusze\/","og_site_name":"Boutique One Piece","article_modified_time":"2024-09-16T13:21:00+00:00","og_image":[{"width":640,"height":640,"url":"https:\/\/boutique-one-piece.com\/wp-content\/uploads\/2022\/09\/Parures-De-Lit-One-Piece-Les-Chapeaux-de-Paille.jpg","type":"image\/jpeg"}],"twitter_card":"summary_large_image","schema":{"@context":"https:\/\/schema.org","@graph":[{"@type":"WebPage","@id":"https:\/\/boutique-one-piece.com\/decorations-one-piece\/parures-de-lit-one-piece\/parures-de-lit-one-piece-les-chapeaux-de-paille\/","url":"https:\/\/boutique-one-piece.com\/decorations-one-piece\/parures-de-lit-one-piece\/parures-de-lit-one-piece-les-chapeaux-de-paille\/","name":"Jednocz\u0119\u015bciowy komplet po\u015bcieli ze s\u0142omkowym kapeluszem | Jednocz\u0119\u015bciowa poszwa na ko\u0142dr\u0119 \u2013 sklep One Piece","isPartOf":{"@id":"https:\/\/boutique-one-piece.com\/#website"},"primaryImageOfPage":{"@id":"https:\/\/boutique-one-piece.com\/decorations-one-piece\/parures-de-lit-one-piece\/parures-de-lit-one-piece-les-chapeaux-de-paille\/#primaryimage"},"image":{"@id":"https:\/\/boutique-one-piece.com\/decorations-one-piece\/parures-de-lit-one-piece\/parures-de-lit-one-piece-les-chapeaux-de-paille\/#primaryimage"},"thumbnailUrl":"https:\/\/boutique-one-piece.com\/wp-content\/uploads\/2022\/09\/Parures-De-Lit-One-Piece-Les-Chapeaux-de-Paille.jpg","datePublished":"2022-09-27T21:22:05+00:00","dateModified":"2024-09-16T13:21:00+00:00","description":"Poszewka na ko\u0142dr\u0119 One Piece: Komplety po\u015bcieli z uniwersum One Piece dla prawdziwych pirat\u00f3w. Materia\u0142y: w\u0142\u00f3kno poliestrowe. Rozmiary: 135 x 200 cm, 140 x 210 cm, 173 x 218 cm, 180 x 210 cm, 200 x 200 cm, 210 x 210 cm, 200 x 230 cm, 228 x 228 cm, 220 x 240 cm, 230 x 260 cm. DARMOWA DOSTAWA","breadcrumb":{"@id":"https:\/\/boutique-one-piece.com\/decorations-one-piece\/parures-de-lit-one-piece\/parures-de-lit-one-piece-les-chapeaux-de-paille\/#breadcrumb"},"inLanguage":"pl-PL","potentialAction":[{"@type":"ReadAction","target":["https:\/\/boutique-one-piece.com\/decorations-one-piece\/parures-de-lit-one-piece\/parures-de-lit-one-piece-les-chapeaux-de-paille\/"]}]},{"@type":"ImageObject","inLanguage":"pl-PL","@id":"https:\/\/boutique-one-piece.com\/decorations-one-piece\/parures-de-lit-one-piece\/parures-de-lit-one-piece-les-chapeaux-de-paille\/#primaryimage","url":"https:\/\/boutique-one-piece.com\/wp-content\/uploads\/2022\/09\/Parures-De-Lit-One-Piece-Les-Chapeaux-de-Paille.jpg","contentUrl":"https:\/\/boutique-one-piece.com\/wp-content\/uploads\/2022\/09\/Parures-De-Lit-One-Piece-Les-Chapeaux-de-Paille.jpg","width":640,"height":640,"caption":"Parures De Lit One Piece Les Chapeaux de Paille 230x260cm"},{"@type":"BreadcrumbList","@id":"https:\/\/boutique-one-piece.com\/decorations-one-piece\/parures-de-lit-one-piece\/parures-de-lit-one-piece-les-chapeaux-de-paille\/#breadcrumb","itemListElement":[{"@type":"ListItem","position":1,"name":"Home","item":"https:\/\/boutique-one-piece.com\/"},{"@type":"ListItem","position":2,"name":"Shop","item":"https:\/\/boutique-one-piece.com\/shop\/"},{"@type":"ListItem","position":3,"name":"Parures De Lit One Piece Les Chapeaux de Paille"}]},{"@type":"WebSite","@id":"https:\/\/boutique-one-piece.com\/#website","url":"https:\/\/boutique-one-piece.com\/","name":"One Piece Shop","description":"Sklep specjalistyczny z mang\u0105 i anime One Piece","publisher":{"@id":"https:\/\/boutique-one-piece.com\/#organization"},"potentialAction":[{"@type":"SearchAction","target":{"@type":"EntryPoint","urlTemplate":"https:\/\/boutique-one-piece.com\/?s={search_term_string}"},"query-input":{"@type":"PropertyValueSpecification","valueRequired":true,"valueName":"search_term_string"}}],"inLanguage":"pl-PL"},{"@type":"Organization","@id":"https:\/\/boutique-one-piece.com\/#organization","name":"One Piece Shop","url":"https:\/\/boutique-one-piece.com\/","logo":{"@type":"ImageObject","inLanguage":"pl-PL","@id":"https:\/\/boutique-one-piece.com\/#\/schema\/logo\/image\/","url":"https:\/\/boutique-one-piece.com\/wp-content\/uploads\/2022\/09\/Logo-01.png","contentUrl":"https:\/\/boutique-one-piece.com\/wp-content\/uploads\/2022\/09\/Logo-01.png","width":2318,"height":957,"caption":"Boutique One Piece"},"image":{"@id":"https:\/\/boutique-one-piece.com\/#\/schema\/logo\/image\/"}}]}},"_links":{"self":[{"href":"https:\/\/boutique-one-piece.com\/pl\/wp-json\/wp\/v2\/product\/13659","targetHints":{"allow":["GET"]}}],"collection":[{"href":"https:\/\/boutique-one-piece.com\/pl\/wp-json\/wp\/v2\/product"}],"about":[{"href":"https:\/\/boutique-one-piece.com\/pl\/wp-json\/wp\/v2\/types\/product"}],"replies":[{"embeddable":true,"href":"https:\/\/boutique-one-piece.com\/pl\/wp-json\/wp\/v2\/comments?post=13659"}],"wp:featuredmedia":[{"embeddable":true,"href":"https:\/\/boutique-one-piece.com\/pl\/wp-json\/wp\/v2\/media\/13661"}],"wp:attachment":[{"href":"https:\/\/boutique-one-piece.com\/pl\/wp-json\/wp\/v2\/media?parent=13659"}],"wp:term":[{"taxonomy":"product_brand","embeddable":true,"href":"https:\/\/boutique-one-piece.com\/pl\/wp-json\/wp\/v2\/product_brand?post=13659"},{"taxonomy":"product_cat","embeddable":true,"href":"https:\/\/boutique-one-piece.com\/pl\/wp-json\/wp\/v2\/product_cat?post=13659"},{"taxonomy":"product_tag","embeddable":true,"href":"https:\/\/boutique-one-piece.com\/pl\/wp-json\/wp\/v2\/product_tag?post=13659"}],"curies":[{"name":"wp","href":"https:\/\/api.w.org\/{rel}","templated":true}]}}