{"id":13695,"date":"2022-09-27T21:22:12","date_gmt":"2022-09-27T21:22:12","guid":{"rendered":"https:\/\/boutique-one-piece.com\/uncategorized\/figurine-one-piece-tashigi-de-la-marine\/"},"modified":"2024-09-16T13:21:37","modified_gmt":"2024-09-16T13:21:37","slug":"marynarska-jednoczesciowa-figurka-tashigi","status":"publish","type":"product","link":"https:\/\/boutique-one-piece.com\/pl\/figurki-one-piece\/marynarska-jednoczesciowa-figurka-tashigi\/","title":{"rendered":"Jednocz\u0119\u015bciowa figurka Tashigi Marynarki Wojennej"},"content":{"rendered":"<h2>M\u0142ody piracie, nadszed\u0142 czas, aby\u015b zdoby\u0142 t\u0119 figurk\u0119 One Piece Tashigi Marine.<\/h2>\n<p>Powiniene\u015b wiedzie\u0107, \u017ce <strong>Tashigi<\/strong> jest m\u0142od\u0105 kapitan Marynarki Wojennej s\u0142u\u017c\u0105c\u0105 pod dow\u00f3dztwem <strong>Wiceadmira\u0142 Smoker<\/strong>. Jest r\u00f3wnie\u017c jednym z powracaj\u0105cych przeciwnik\u00f3w Za\u0142ogi S\u0142omkowego Kapelusza. Co wi\u0119cej, je\u015bli chcesz rozszerzy\u0107 swoj\u0105 kolekcj\u0119 figurek, <a title=\"Figurka jednocz\u0119\u015bciowa Smoker of the Navy\" href=\"https:\/\/boutique-one-piece.com\/pl\/jednoczesciowa-figurka-marynarki-wojennej\/\" target=\"_blank\" rel=\"noopener\">Figurka palacza<\/a> jest w Twoim zasi\u0119gu.<\/p>\n<p>Wracaj\u0105c do Tashigi, jest ona bardzo odwa\u017cn\u0105 i \u015bmia\u0142\u0105 kobiet\u0105, gdy walczy z przeciwnikami. Stawia czo\u0142a ka\u017cdemu, kogo uwa\u017ca za wroga, niezale\u017cnie od jego reputacji. Cz\u0119sto jednak ponios\u0142a pora\u017ck\u0119, szar\u017cuj\u0105c bez zastanowienia, za co Smoker cz\u0119sto j\u0105 krytykuje.<\/p>\n<p>Podobnie jak Kuina, ma kompleks ni\u017cszo\u015bci wobec m\u0119\u017cczyzn i \u017ca\u0142uje, \u017ce urodzi\u0142a si\u0119 kobiet\u0105. Nienawidzi by\u0107 niedoceniana, poniewa\u017c jest kobiet\u0105 i chce by\u0107 traktowana na r\u00f3wni z m\u0119\u017cczyznami. Ma ch\u0142opi\u0119c\u0105 stron\u0119, kt\u00f3ra\u2026 <strong>jego zainteresowanie mieczami<\/strong>.<\/p>\n<h3>Czy figurka Tashigi Ci\u0119 urzek\u0142a? Je\u015bli tak, do\u0142\u0105cz do niej w marynarce wojennej \u2013 czeka Ci\u0119 wiele przyg\u00f3d.<\/h3>\n<p>Niezale\u017cnie od tego, czy jeste\u015b zagorza\u0142ym fanem, czy do\u015bwiadczonym kolekcjonerem, te przedmioty s\u0105 zdecydowanie dla Ciebie. Idealnie nadaj\u0105 si\u0119 na prezent, jako dekoracja lub uzupe\u0142nienie Twojej kolekcji. Nie czekaj d\u0142u\u017cej i skorzystaj z okazji, aby powi\u0119kszy\u0107 swoj\u0105 kolekcj\u0119. <strong>Tw\u00f3j wszech\u015bwiat One Piece<\/strong>. Jedno jest pewne, <strong>piractwo<\/strong> To si\u0119 nigdy nie ko\u0144czy!<\/p>\n<h2>Informacje o figurce morskiej Tashigi\u00a0<\/h2>\n<ul data-mce-fragment=\"1\">\n<li data-mce-fragment=\"1\"><span data-mce-fragment=\"1\"><b data-mce-fragment=\"1\"><u data-mce-fragment=\"1\">Figurka One Piece<\/u><\/b>\u00a0Figurka Premium One Piece dla prawdziwych pirat\u00f3w<\/span><\/li>\n<\/ul>\n<ul data-mce-fragment=\"1\">\n<li data-mce-fragment=\"1\">\n<b data-mce-fragment=\"1\">Materia\u0142<\/b><span data-mce-fragment=\"1\">\u00a0<\/span>PCV<\/li>\n<\/ul>\n<ul data-mce-fragment=\"1\">\n<li data-mce-fragment=\"1\"><span data-mce-fragment=\"1\"><strong data-mce-fragment=\"1\">Wymiar<\/strong>\u00a0: 15 cm<\/span><\/li>\n<\/ul>\n<ul data-mce-fragment=\"1\">\n<li data-mce-fragment=\"1\"><span data-mce-fragment=\"1\"><strong data-mce-fragment=\"1\">DARMOWA DOSTAWA<\/strong><\/span><\/li>\n<\/ul>","protected":false},"excerpt":{"rendered":"<p>Jeune pirate, le moment est venu pour toi d&rsquo;acqu\u00e9rir cette Figurine One Piece Tashigi de la Marine. Tu dois savoir que Tashigi est une jeune femme Capitaine de la Marine servant sous les ordres du Vice-Amiral Smoker. C&rsquo;est \u00e9galement l&rsquo;un des adversaires r\u00e9currents de l&rsquo;\u00c9quipage du Chapeau de Paille. D&rsquo;ailleurs, si tu souhaites agrandir ta [&hellip;]<\/p>","protected":false},"featured_media":13697,"comment_status":"open","ping_status":"open","template":"","meta":[],"product_brand":[],"product_cat":[76],"product_tag":[397],"class_list":{"0":"post-13695","1":"product","2":"type-product","3":"status-publish","4":"has-post-thumbnail","6":"product_cat-figurines-one-piece","7":"product_tag-tashigi","9":"first","10":"instock","11":"purchasable","12":"product-type-simple"},"yoast_head":"<!-- This site is optimized with the Yoast SEO plugin v27.5 - https:\/\/yoast.com\/product\/yoast-seo-wordpress\/ -->\n<title>Figurine One Piece Tashigi de la Marine | Figurine One Piece \u2013 Boutique One Piece<\/title>\n<meta name=\"description\" content=\"Jeune pirate, le moment est venu pour toi d&#039;acqu\u00e9rir cette Figurine One Piece Tashigi de la Marine. Tu dois savoir que Tashigi est une jeune femme Capitaine de la Marine servant sous les ordres du Vice-Amiral Smoker. C&#039;est \u00e9galement l&#039;un des adversaires r\u00e9currents de l&#039;\u00c9quipage du Chapeau de Paille. D&#039;ailleurs, si tu s\" \/>\n<meta name=\"robots\" content=\"index, follow, max-snippet:-1, max-image-preview:large, max-video-preview:-1\" \/>\n<link rel=\"canonical\" href=\"https:\/\/boutique-one-piece.com\/pl\/figurki-one-piece\/marynarska-jednoczesciowa-figurka-tashigi\/\" \/>\n<meta property=\"og:locale\" content=\"pl_PL\" \/>\n<meta property=\"og:type\" content=\"article\" \/>\n<meta property=\"og:title\" content=\"Figurine One Piece Tashigi de la Marine | Figurine One Piece \u2013 Boutique One Piece\" \/>\n<meta property=\"og:description\" content=\"Jeune pirate, le moment est venu pour toi d&#039;acqu\u00e9rir cette Figurine One Piece Tashigi de la Marine. Tu dois savoir que Tashigi est une jeune femme Capitaine de la Marine servant sous les ordres du Vice-Amiral Smoker. C&#039;est \u00e9galement l&#039;un des adversaires r\u00e9currents de l&#039;\u00c9quipage du Chapeau de Paille. D&#039;ailleurs, si tu s\" \/>\n<meta property=\"og:url\" content=\"https:\/\/boutique-one-piece.com\/pl\/figurki-one-piece\/marynarska-jednoczesciowa-figurka-tashigi\/\" \/>\n<meta property=\"og:site_name\" content=\"Boutique One Piece\" \/>\n<meta property=\"article:modified_time\" content=\"2024-09-16T13:21:37+00:00\" \/>\n<meta property=\"og:image\" content=\"https:\/\/boutique-one-piece.com\/wp-content\/uploads\/2022\/09\/Figurine-One-Piece-Tashigi-de-la-Marine-1.jpg\" \/>\n\t<meta property=\"og:image:width\" content=\"640\" \/>\n\t<meta property=\"og:image:height\" content=\"640\" \/>\n\t<meta property=\"og:image:type\" content=\"image\/jpeg\" \/>\n<meta name=\"twitter:card\" content=\"summary_large_image\" \/>\n<meta name=\"twitter:label1\" content=\"Szacowany czas czytania\" \/>\n\t<meta name=\"twitter:data1\" content=\"1 minuta\" \/>\n<script type=\"application\/ld+json\" class=\"yoast-schema-graph\">{\"@context\":\"https:\\\/\\\/schema.org\",\"@graph\":[{\"@type\":\"WebPage\",\"@id\":\"https:\\\/\\\/boutique-one-piece.com\\\/figurines-one-piece\\\/figurine-one-piece-tashigi-de-la-marine\\\/\",\"url\":\"https:\\\/\\\/boutique-one-piece.com\\\/figurines-one-piece\\\/figurine-one-piece-tashigi-de-la-marine\\\/\",\"name\":\"Figurine One Piece Tashigi de la Marine | Figurine One Piece \u2013 Boutique One Piece\",\"isPartOf\":{\"@id\":\"https:\\\/\\\/boutique-one-piece.com\\\/#website\"},\"primaryImageOfPage\":{\"@id\":\"https:\\\/\\\/boutique-one-piece.com\\\/figurines-one-piece\\\/figurine-one-piece-tashigi-de-la-marine\\\/#primaryimage\"},\"image\":{\"@id\":\"https:\\\/\\\/boutique-one-piece.com\\\/figurines-one-piece\\\/figurine-one-piece-tashigi-de-la-marine\\\/#primaryimage\"},\"thumbnailUrl\":\"https:\\\/\\\/boutique-one-piece.com\\\/wp-content\\\/uploads\\\/2022\\\/09\\\/Figurine-One-Piece-Tashigi-de-la-Marine-1.jpg\",\"datePublished\":\"2022-09-27T21:22:12+00:00\",\"dateModified\":\"2024-09-16T13:21:37+00:00\",\"description\":\"Jeune pirate, le moment est venu pour toi d'acqu\u00e9rir cette Figurine One Piece Tashigi de la Marine. Tu dois savoir que Tashigi est une jeune femme Capitaine de la Marine servant sous les ordres du Vice-Amiral Smoker. C'est \u00e9galement l'un des adversaires r\u00e9currents de l'\u00c9quipage du Chapeau de Paille. D'ailleurs, si tu s\",\"breadcrumb\":{\"@id\":\"https:\\\/\\\/boutique-one-piece.com\\\/figurines-one-piece\\\/figurine-one-piece-tashigi-de-la-marine\\\/#breadcrumb\"},\"inLanguage\":\"pl-PL\",\"potentialAction\":[{\"@type\":\"ReadAction\",\"target\":[\"https:\\\/\\\/boutique-one-piece.com\\\/figurines-one-piece\\\/figurine-one-piece-tashigi-de-la-marine\\\/\"]}]},{\"@type\":\"ImageObject\",\"inLanguage\":\"pl-PL\",\"@id\":\"https:\\\/\\\/boutique-one-piece.com\\\/figurines-one-piece\\\/figurine-one-piece-tashigi-de-la-marine\\\/#primaryimage\",\"url\":\"https:\\\/\\\/boutique-one-piece.com\\\/wp-content\\\/uploads\\\/2022\\\/09\\\/Figurine-One-Piece-Tashigi-de-la-Marine-1.jpg\",\"contentUrl\":\"https:\\\/\\\/boutique-one-piece.com\\\/wp-content\\\/uploads\\\/2022\\\/09\\\/Figurine-One-Piece-Tashigi-de-la-Marine-1.jpg\",\"width\":640,\"height\":640},{\"@type\":\"BreadcrumbList\",\"@id\":\"https:\\\/\\\/boutique-one-piece.com\\\/figurines-one-piece\\\/figurine-one-piece-tashigi-de-la-marine\\\/#breadcrumb\",\"itemListElement\":[{\"@type\":\"ListItem\",\"position\":1,\"name\":\"Home\",\"item\":\"https:\\\/\\\/boutique-one-piece.com\\\/\"},{\"@type\":\"ListItem\",\"position\":2,\"name\":\"Shop\",\"item\":\"https:\\\/\\\/boutique-one-piece.com\\\/shop\\\/\"},{\"@type\":\"ListItem\",\"position\":3,\"name\":\"Figurine One Piece Tashigi de la Marine\"}]},{\"@type\":\"WebSite\",\"@id\":\"https:\\\/\\\/boutique-one-piece.com\\\/#website\",\"url\":\"https:\\\/\\\/boutique-one-piece.com\\\/\",\"name\":\"Boutique One Piece\",\"description\":\"Magasin Sp\u00e9cialis\u00e9 du Manga et l&#039;Anime One Piece\",\"publisher\":{\"@id\":\"https:\\\/\\\/boutique-one-piece.com\\\/#organization\"},\"potentialAction\":[{\"@type\":\"SearchAction\",\"target\":{\"@type\":\"EntryPoint\",\"urlTemplate\":\"https:\\\/\\\/boutique-one-piece.com\\\/?s={search_term_string}\"},\"query-input\":{\"@type\":\"PropertyValueSpecification\",\"valueRequired\":true,\"valueName\":\"search_term_string\"}}],\"inLanguage\":\"pl-PL\"},{\"@type\":\"Organization\",\"@id\":\"https:\\\/\\\/boutique-one-piece.com\\\/#organization\",\"name\":\"Boutique One Piece\",\"url\":\"https:\\\/\\\/boutique-one-piece.com\\\/\",\"logo\":{\"@type\":\"ImageObject\",\"inLanguage\":\"pl-PL\",\"@id\":\"https:\\\/\\\/boutique-one-piece.com\\\/#\\\/schema\\\/logo\\\/image\\\/\",\"url\":\"https:\\\/\\\/boutique-one-piece.com\\\/wp-content\\\/uploads\\\/2022\\\/09\\\/Logo-01.png\",\"contentUrl\":\"https:\\\/\\\/boutique-one-piece.com\\\/wp-content\\\/uploads\\\/2022\\\/09\\\/Logo-01.png\",\"width\":2318,\"height\":957,\"caption\":\"Boutique One Piece\"},\"image\":{\"@id\":\"https:\\\/\\\/boutique-one-piece.com\\\/#\\\/schema\\\/logo\\\/image\\\/\"}}]}<\/script>\n<!-- \/ Yoast SEO plugin. -->","yoast_head_json":{"title":"Figurka One Piece Tashigi Marynarki Wojennej | Figurka One Piece \u2013 Sklep One Piece","description":"M\u0142ody piracie, nadszed\u0142 czas, aby\u015b zdoby\u0142 figurk\u0119 Tashigi Marine z One Piece. Powiniene\u015b wiedzie\u0107, \u017ce Tashigi to m\u0142oda kapitan piechoty morskiej s\u0142u\u017c\u0105ca pod wiceadmira\u0142em Smokerem. Jest r\u00f3wnie\u017c jedn\u0105 z powracaj\u0105cych przeciwniczek za\u0142ogi S\u0142omkowego Kapelusza. Co wi\u0119cej, je\u015bli...","robots":{"index":"index","follow":"follow","max-snippet":"max-snippet:-1","max-image-preview":"max-image-preview:large","max-video-preview":"max-video-preview:-1"},"canonical":"https:\/\/boutique-one-piece.com\/pl\/figurki-one-piece\/marynarska-jednoczesciowa-figurka-tashigi\/","og_locale":"pl_PL","og_type":"article","og_title":"Figurine One Piece Tashigi de la Marine | Figurine One Piece \u2013 Boutique One Piece","og_description":"Jeune pirate, le moment est venu pour toi d'acqu\u00e9rir cette Figurine One Piece Tashigi de la Marine. Tu dois savoir que Tashigi est une jeune femme Capitaine de la Marine servant sous les ordres du Vice-Amiral Smoker. C'est \u00e9galement l'un des adversaires r\u00e9currents de l'\u00c9quipage du Chapeau de Paille. D'ailleurs, si tu s","og_url":"https:\/\/boutique-one-piece.com\/pl\/figurki-one-piece\/marynarska-jednoczesciowa-figurka-tashigi\/","og_site_name":"Boutique One Piece","article_modified_time":"2024-09-16T13:21:37+00:00","og_image":[{"width":640,"height":640,"url":"https:\/\/boutique-one-piece.com\/wp-content\/uploads\/2022\/09\/Figurine-One-Piece-Tashigi-de-la-Marine-1.jpg","type":"image\/jpeg"}],"twitter_card":"summary_large_image","twitter_misc":{"Szacowany czas czytania":"1 minuta"},"schema":{"@context":"https:\/\/schema.org","@graph":[{"@type":"WebPage","@id":"https:\/\/boutique-one-piece.com\/figurines-one-piece\/figurine-one-piece-tashigi-de-la-marine\/","url":"https:\/\/boutique-one-piece.com\/figurines-one-piece\/figurine-one-piece-tashigi-de-la-marine\/","name":"Figurka One Piece Tashigi Marynarki Wojennej | Figurka One Piece \u2013 Sklep One Piece","isPartOf":{"@id":"https:\/\/boutique-one-piece.com\/#website"},"primaryImageOfPage":{"@id":"https:\/\/boutique-one-piece.com\/figurines-one-piece\/figurine-one-piece-tashigi-de-la-marine\/#primaryimage"},"image":{"@id":"https:\/\/boutique-one-piece.com\/figurines-one-piece\/figurine-one-piece-tashigi-de-la-marine\/#primaryimage"},"thumbnailUrl":"https:\/\/boutique-one-piece.com\/wp-content\/uploads\/2022\/09\/Figurine-One-Piece-Tashigi-de-la-Marine-1.jpg","datePublished":"2022-09-27T21:22:12+00:00","dateModified":"2024-09-16T13:21:37+00:00","description":"M\u0142ody piracie, nadszed\u0142 czas, aby\u015b zdoby\u0142 figurk\u0119 Tashigi Marine z One Piece. Powiniene\u015b wiedzie\u0107, \u017ce Tashigi to m\u0142oda kapitan piechoty morskiej s\u0142u\u017c\u0105ca pod wiceadmira\u0142em Smokerem. Jest r\u00f3wnie\u017c jedn\u0105 z powracaj\u0105cych przeciwniczek za\u0142ogi S\u0142omkowego Kapelusza. Co wi\u0119cej, je\u015bli...","breadcrumb":{"@id":"https:\/\/boutique-one-piece.com\/figurines-one-piece\/figurine-one-piece-tashigi-de-la-marine\/#breadcrumb"},"inLanguage":"pl-PL","potentialAction":[{"@type":"ReadAction","target":["https:\/\/boutique-one-piece.com\/figurines-one-piece\/figurine-one-piece-tashigi-de-la-marine\/"]}]},{"@type":"ImageObject","inLanguage":"pl-PL","@id":"https:\/\/boutique-one-piece.com\/figurines-one-piece\/figurine-one-piece-tashigi-de-la-marine\/#primaryimage","url":"https:\/\/boutique-one-piece.com\/wp-content\/uploads\/2022\/09\/Figurine-One-Piece-Tashigi-de-la-Marine-1.jpg","contentUrl":"https:\/\/boutique-one-piece.com\/wp-content\/uploads\/2022\/09\/Figurine-One-Piece-Tashigi-de-la-Marine-1.jpg","width":640,"height":640},{"@type":"BreadcrumbList","@id":"https:\/\/boutique-one-piece.com\/figurines-one-piece\/figurine-one-piece-tashigi-de-la-marine\/#breadcrumb","itemListElement":[{"@type":"ListItem","position":1,"name":"Home","item":"https:\/\/boutique-one-piece.com\/"},{"@type":"ListItem","position":2,"name":"Shop","item":"https:\/\/boutique-one-piece.com\/shop\/"},{"@type":"ListItem","position":3,"name":"Figurine One Piece Tashigi de la Marine"}]},{"@type":"WebSite","@id":"https:\/\/boutique-one-piece.com\/#website","url":"https:\/\/boutique-one-piece.com\/","name":"One Piece Shop","description":"Sklep specjalistyczny z mang\u0105 i anime One Piece","publisher":{"@id":"https:\/\/boutique-one-piece.com\/#organization"},"potentialAction":[{"@type":"SearchAction","target":{"@type":"EntryPoint","urlTemplate":"https:\/\/boutique-one-piece.com\/?s={search_term_string}"},"query-input":{"@type":"PropertyValueSpecification","valueRequired":true,"valueName":"search_term_string"}}],"inLanguage":"pl-PL"},{"@type":"Organization","@id":"https:\/\/boutique-one-piece.com\/#organization","name":"One Piece Shop","url":"https:\/\/boutique-one-piece.com\/","logo":{"@type":"ImageObject","inLanguage":"pl-PL","@id":"https:\/\/boutique-one-piece.com\/#\/schema\/logo\/image\/","url":"https:\/\/boutique-one-piece.com\/wp-content\/uploads\/2022\/09\/Logo-01.png","contentUrl":"https:\/\/boutique-one-piece.com\/wp-content\/uploads\/2022\/09\/Logo-01.png","width":2318,"height":957,"caption":"Boutique One Piece"},"image":{"@id":"https:\/\/boutique-one-piece.com\/#\/schema\/logo\/image\/"}}]}},"_links":{"self":[{"href":"https:\/\/boutique-one-piece.com\/pl\/wp-json\/wp\/v2\/product\/13695","targetHints":{"allow":["GET"]}}],"collection":[{"href":"https:\/\/boutique-one-piece.com\/pl\/wp-json\/wp\/v2\/product"}],"about":[{"href":"https:\/\/boutique-one-piece.com\/pl\/wp-json\/wp\/v2\/types\/product"}],"replies":[{"embeddable":true,"href":"https:\/\/boutique-one-piece.com\/pl\/wp-json\/wp\/v2\/comments?post=13695"}],"wp:featuredmedia":[{"embeddable":true,"href":"https:\/\/boutique-one-piece.com\/pl\/wp-json\/wp\/v2\/media\/13697"}],"wp:attachment":[{"href":"https:\/\/boutique-one-piece.com\/pl\/wp-json\/wp\/v2\/media?parent=13695"}],"wp:term":[{"taxonomy":"product_brand","embeddable":true,"href":"https:\/\/boutique-one-piece.com\/pl\/wp-json\/wp\/v2\/product_brand?post=13695"},{"taxonomy":"product_cat","embeddable":true,"href":"https:\/\/boutique-one-piece.com\/pl\/wp-json\/wp\/v2\/product_cat?post=13695"},{"taxonomy":"product_tag","embeddable":true,"href":"https:\/\/boutique-one-piece.com\/pl\/wp-json\/wp\/v2\/product_tag?post=13695"}],"curies":[{"name":"wp","href":"https:\/\/api.w.org\/{rel}","templated":true}]}}