{"id":13759,"date":"2022-09-27T21:22:33","date_gmt":"2022-09-27T21:22:33","guid":{"rendered":"https:\/\/boutique-one-piece.com\/uncategorized\/figurine-pop-one-piece-franky\/"},"modified":"2024-09-16T13:23:14","modified_gmt":"2024-09-16T13:23:14","slug":"figurka-one-piece-franky-pop","status":"publish","type":"product","link":"https:\/\/boutique-one-piece.com\/pl\/figurki-one-piece\/figurki-frankyego\/figurka-one-piece-franky-pop\/","title":{"rendered":"Figurka One Piece Franky Pop!"},"content":{"rendered":"<h2>M\u0142ody piracie, nadszed\u0142 czas, aby\u015b zdoby\u0142 figurk\u0119 One Piece Franky Pop.<\/h2>\n<p>Przypomnijmy, \u017ce Franky, kt\u00f3rego prawdziwe imi\u0119 to <strong>Cutty Flam<\/strong>, jest cie\u015bl\u0105 za\u0142ogi S\u0142omkowego Kapelusza. <strong>Franky<\/strong> to cyborg zrekrutowany z Water Seven, kt\u00f3ry pojawi\u0142 si\u0119 w historii jako przyw\u00f3dca Franky Family, grupy zajmuj\u0105cej si\u0119 demonta\u017cem statk\u00f3w. Jest r\u00f3wnie\u017c pierwszym cyborgiem wyst\u0119puj\u0105cym w serialu.<\/p>\n<p>Na pro\u015bb\u0119 rodziny Franky, Franky do\u0142\u0105czy <strong>Za\u0142oga S\u0142omkowego Kapelusza<\/strong> Spe\u0142ni\u0107 swoje marzenie. Jest \u00f3smym cz\u0142onkiem za\u0142ogi S\u0142omkowego Kapelusza i si\u00f3dmym, kt\u00f3ry do\u0142\u0105czy\u0142 do za\u0142ogi Luffy&#039;ego. A tak przy okazji, je\u015bli chcesz rozszerzy\u0107 swoj\u0105 kolekcj\u0119 figurek Pop!, <a title=\"FIGURKA NAMI POP! Z ONE PIECE\" href=\"https:\/\/boutique-one-piece.com\/pl\/figurka-one-piece-nami-pop\/\" target=\"_blank\" rel=\"noopener\">Figurka Nami<\/a> jest w Twoim zasi\u0119gu.<\/p>\n<h3>Czy figurka Franky&#039;ego Popa Ci\u0119 urzek\u0142a? Je\u015bli tak, do\u0142\u0105cz do niego na pok\u0142adzie Thousand Sunny \u2013 czeka tam na Ciebie mn\u00f3stwo przyg\u00f3d.<\/h3>\n<p><strong>Jeden kawa\u0142ek<\/strong> to najlepiej sprzedaj\u0105ca si\u0119 manga na \u015bwiecie. B\u0105d\u017a dumny, \u017ce jeste\u015b cz\u0119\u015bci\u0105 tego ruchu i nadal okazuj swoj\u0105 pasj\u0119 do Luffy&#039;ego i jego nieko\u0144cz\u0105cych si\u0119 przyg\u00f3d. Zanurz si\u0119 w \u015bwiecie anime lub odkryj je na nowo dzi\u0119ki tym legendarnym przedmiotom. Idealne do dekoracji, kolekcjonowania lub wr\u0119czania jako prezent, te przedmioty wzbogac\u0105 Twoj\u0105 kolekcj\u0119. <strong>Tw\u00f3j wszech\u015bwiat One Piece<\/strong>.<\/p>\n<h2>Informacje o figurce Pop Franky\u00a0<\/h2>\n<ul>\n<li><span><b><u>Figurka One Piece<\/u><\/b>\u00a0Figurka Premium One Piece dla prawdziwych pirat\u00f3w<\/span><\/li>\n<\/ul>\n<ul>\n<li>\n<b>Materia\u0142<\/b><span>\u00a0<\/span>PCV<\/li>\n<\/ul>\n<ul>\n<li><span><strong>Wymiar<\/strong>\u00a0: 10 cm<\/span><\/li>\n<\/ul>\n<ul>\n<li><span><strong>DARMOWA DOSTAWA<\/strong><\/span><\/li>\n<\/ul>","protected":false},"excerpt":{"rendered":"<p>M\u0142ody piracie, nadszed\u0142 czas, aby\u015b zdoby\u0142 figurk\u0119 Franky Pop! z One Piece. Przypominamy, \u017ce Franky, kt\u00f3rego prawdziwe imi\u0119 to Cutty Flam, jest szkutnikiem za\u0142ogi S\u0142omkowego Kapelusza. Franky to cyborg zwerbowany w Water Seven, kt\u00f3ry w historii zosta\u0142 przedstawiony jako przyw\u00f3dca Franky [\u2026]<\/p>","protected":false},"featured_media":13761,"comment_status":"open","ping_status":"open","template":"","meta":[],"product_brand":[],"product_cat":[281,76,334],"product_tag":[335,129],"class_list":{"0":"post-13759","1":"product","2":"type-product","3":"status-publish","4":"has-post-thumbnail","6":"product_cat-figurines-franky","7":"product_cat-figurines-one-piece","8":"product_cat-figurines-pop-one-piece","9":"product_tag-figurine-pop","10":"product_tag-franky","12":"first","13":"instock","14":"purchasable","15":"product-type-simple"},"yoast_head":"<!-- This site is optimized with the Yoast SEO plugin v27.5 - https:\/\/yoast.com\/product\/yoast-seo-wordpress\/ -->\n<title>Figurine Pop One Piece Franky | Figurine One Piece \u2013 Boutique One Piece<\/title>\n<meta name=\"description\" content=\"Jeune pirate, le moment est venu pour toi de te procurer cette Figurine Pop One Piece Franky. Pour rappel, Franky, de son vrai nom Cutty Flam, est le charpentier de L&#039;\u00c9quipage du Chapeau de Paille. Franky est un cyborg recrut\u00e9 \u00e0 Water Seven et fut introduit dans l&#039;histoire comme \u00e9tant le chef de la Franky Family, un gr\" \/>\n<meta name=\"robots\" content=\"index, follow, max-snippet:-1, max-image-preview:large, max-video-preview:-1\" \/>\n<link rel=\"canonical\" href=\"https:\/\/boutique-one-piece.com\/pl\/figurki-one-piece\/figurki-one-piece-pop\/figurka-one-piece-franky-pop\/\" \/>\n<meta property=\"og:locale\" content=\"pl_PL\" \/>\n<meta property=\"og:type\" content=\"article\" \/>\n<meta property=\"og:title\" content=\"Figurine Pop One Piece Franky | Figurine One Piece \u2013 Boutique One Piece\" \/>\n<meta property=\"og:description\" content=\"Jeune pirate, le moment est venu pour toi de te procurer cette Figurine Pop One Piece Franky. Pour rappel, Franky, de son vrai nom Cutty Flam, est le charpentier de L&#039;\u00c9quipage du Chapeau de Paille. Franky est un cyborg recrut\u00e9 \u00e0 Water Seven et fut introduit dans l&#039;histoire comme \u00e9tant le chef de la Franky Family, un gr\" \/>\n<meta property=\"og:url\" content=\"https:\/\/boutique-one-piece.com\/pl\/figurki-one-piece\/figurki-one-piece-pop\/figurka-one-piece-franky-pop\/\" \/>\n<meta property=\"og:site_name\" content=\"Boutique One Piece\" \/>\n<meta property=\"article:modified_time\" content=\"2024-09-16T13:23:14+00:00\" \/>\n<meta property=\"og:image\" content=\"https:\/\/boutique-one-piece.com\/wp-content\/uploads\/2022\/09\/Figurine-Pop-One-Piece-Franky.jpg\" \/>\n\t<meta property=\"og:image:width\" content=\"640\" \/>\n\t<meta property=\"og:image:height\" content=\"640\" \/>\n\t<meta property=\"og:image:type\" content=\"image\/jpeg\" \/>\n<meta name=\"twitter:card\" content=\"summary_large_image\" \/>\n<meta name=\"twitter:label1\" content=\"Szacowany czas czytania\" \/>\n\t<meta name=\"twitter:data1\" content=\"1 minuta\" \/>\n<script type=\"application\/ld+json\" class=\"yoast-schema-graph\">{\"@context\":\"https:\\\/\\\/schema.org\",\"@graph\":[{\"@type\":\"WebPage\",\"@id\":\"https:\\\/\\\/boutique-one-piece.com\\\/figurines-one-piece\\\/figurines-pop-one-piece\\\/figurine-pop-one-piece-franky\\\/\",\"url\":\"https:\\\/\\\/boutique-one-piece.com\\\/figurines-one-piece\\\/figurines-pop-one-piece\\\/figurine-pop-one-piece-franky\\\/\",\"name\":\"Figurine Pop One Piece Franky | Figurine One Piece \u2013 Boutique One Piece\",\"isPartOf\":{\"@id\":\"https:\\\/\\\/boutique-one-piece.com\\\/#website\"},\"primaryImageOfPage\":{\"@id\":\"https:\\\/\\\/boutique-one-piece.com\\\/figurines-one-piece\\\/figurines-pop-one-piece\\\/figurine-pop-one-piece-franky\\\/#primaryimage\"},\"image\":{\"@id\":\"https:\\\/\\\/boutique-one-piece.com\\\/figurines-one-piece\\\/figurines-pop-one-piece\\\/figurine-pop-one-piece-franky\\\/#primaryimage\"},\"thumbnailUrl\":\"https:\\\/\\\/boutique-one-piece.com\\\/wp-content\\\/uploads\\\/2022\\\/09\\\/Figurine-Pop-One-Piece-Franky.jpg\",\"datePublished\":\"2022-09-27T21:22:33+00:00\",\"dateModified\":\"2024-09-16T13:23:14+00:00\",\"description\":\"Jeune pirate, le moment est venu pour toi de te procurer cette Figurine Pop One Piece Franky. Pour rappel, Franky, de son vrai nom Cutty Flam, est le charpentier de L'\u00c9quipage du Chapeau de Paille. Franky est un cyborg recrut\u00e9 \u00e0 Water Seven et fut introduit dans l'histoire comme \u00e9tant le chef de la Franky Family, un gr\",\"breadcrumb\":{\"@id\":\"https:\\\/\\\/boutique-one-piece.com\\\/figurines-one-piece\\\/figurines-pop-one-piece\\\/figurine-pop-one-piece-franky\\\/#breadcrumb\"},\"inLanguage\":\"pl-PL\",\"potentialAction\":[{\"@type\":\"ReadAction\",\"target\":[\"https:\\\/\\\/boutique-one-piece.com\\\/figurines-one-piece\\\/figurines-pop-one-piece\\\/figurine-pop-one-piece-franky\\\/\"]}]},{\"@type\":\"ImageObject\",\"inLanguage\":\"pl-PL\",\"@id\":\"https:\\\/\\\/boutique-one-piece.com\\\/figurines-one-piece\\\/figurines-pop-one-piece\\\/figurine-pop-one-piece-franky\\\/#primaryimage\",\"url\":\"https:\\\/\\\/boutique-one-piece.com\\\/wp-content\\\/uploads\\\/2022\\\/09\\\/Figurine-Pop-One-Piece-Franky.jpg\",\"contentUrl\":\"https:\\\/\\\/boutique-one-piece.com\\\/wp-content\\\/uploads\\\/2022\\\/09\\\/Figurine-Pop-One-Piece-Franky.jpg\",\"width\":640,\"height\":640,\"caption\":\"Figurine Pop One Piece Franky Default Title\"},{\"@type\":\"BreadcrumbList\",\"@id\":\"https:\\\/\\\/boutique-one-piece.com\\\/figurines-one-piece\\\/figurines-pop-one-piece\\\/figurine-pop-one-piece-franky\\\/#breadcrumb\",\"itemListElement\":[{\"@type\":\"ListItem\",\"position\":1,\"name\":\"Home\",\"item\":\"https:\\\/\\\/boutique-one-piece.com\\\/\"},{\"@type\":\"ListItem\",\"position\":2,\"name\":\"Shop\",\"item\":\"https:\\\/\\\/boutique-one-piece.com\\\/shop\\\/\"},{\"@type\":\"ListItem\",\"position\":3,\"name\":\"Figurine Pop One Piece Franky\"}]},{\"@type\":\"WebSite\",\"@id\":\"https:\\\/\\\/boutique-one-piece.com\\\/#website\",\"url\":\"https:\\\/\\\/boutique-one-piece.com\\\/\",\"name\":\"Boutique One Piece\",\"description\":\"Magasin Sp\u00e9cialis\u00e9 du Manga et l&#039;Anime One Piece\",\"publisher\":{\"@id\":\"https:\\\/\\\/boutique-one-piece.com\\\/#organization\"},\"potentialAction\":[{\"@type\":\"SearchAction\",\"target\":{\"@type\":\"EntryPoint\",\"urlTemplate\":\"https:\\\/\\\/boutique-one-piece.com\\\/?s={search_term_string}\"},\"query-input\":{\"@type\":\"PropertyValueSpecification\",\"valueRequired\":true,\"valueName\":\"search_term_string\"}}],\"inLanguage\":\"pl-PL\"},{\"@type\":\"Organization\",\"@id\":\"https:\\\/\\\/boutique-one-piece.com\\\/#organization\",\"name\":\"Boutique One Piece\",\"url\":\"https:\\\/\\\/boutique-one-piece.com\\\/\",\"logo\":{\"@type\":\"ImageObject\",\"inLanguage\":\"pl-PL\",\"@id\":\"https:\\\/\\\/boutique-one-piece.com\\\/#\\\/schema\\\/logo\\\/image\\\/\",\"url\":\"https:\\\/\\\/boutique-one-piece.com\\\/wp-content\\\/uploads\\\/2022\\\/09\\\/Logo-01.png\",\"contentUrl\":\"https:\\\/\\\/boutique-one-piece.com\\\/wp-content\\\/uploads\\\/2022\\\/09\\\/Logo-01.png\",\"width\":2318,\"height\":957,\"caption\":\"Boutique One Piece\"},\"image\":{\"@id\":\"https:\\\/\\\/boutique-one-piece.com\\\/#\\\/schema\\\/logo\\\/image\\\/\"}}]}<\/script>\n<!-- \/ Yoast SEO plugin. -->","yoast_head_json":{"title":"Figurka Franky Pop z One Piece | Figurka One Piece \u2013 Sklep One Piece","description":"M\u0142ody piracie, nadszed\u0142 czas, aby\u015b zdoby\u0142 figurk\u0119 Franky Pop! z One Piece. Przypominamy, \u017ce Franky, kt\u00f3rego prawdziwe imi\u0119 to Cutty Flam, jest szkutnikiem za\u0142ogi S\u0142omkowego Kapelusza. Franky to cyborg zwerbowany w Water Seven, kt\u00f3ry w historii zosta\u0142 przedstawiony jako przyw\u00f3dca rodziny Franky, grupy","robots":{"index":"index","follow":"follow","max-snippet":"max-snippet:-1","max-image-preview":"max-image-preview:large","max-video-preview":"max-video-preview:-1"},"canonical":"https:\/\/boutique-one-piece.com\/pl\/figurki-one-piece\/figurki-one-piece-pop\/figurka-one-piece-franky-pop\/","og_locale":"pl_PL","og_type":"article","og_title":"Figurine Pop One Piece Franky | Figurine One Piece \u2013 Boutique One Piece","og_description":"Jeune pirate, le moment est venu pour toi de te procurer cette Figurine Pop One Piece Franky. Pour rappel, Franky, de son vrai nom Cutty Flam, est le charpentier de L'\u00c9quipage du Chapeau de Paille. Franky est un cyborg recrut\u00e9 \u00e0 Water Seven et fut introduit dans l'histoire comme \u00e9tant le chef de la Franky Family, un gr","og_url":"https:\/\/boutique-one-piece.com\/pl\/figurki-one-piece\/figurki-one-piece-pop\/figurka-one-piece-franky-pop\/","og_site_name":"Boutique One Piece","article_modified_time":"2024-09-16T13:23:14+00:00","og_image":[{"width":640,"height":640,"url":"https:\/\/boutique-one-piece.com\/wp-content\/uploads\/2022\/09\/Figurine-Pop-One-Piece-Franky.jpg","type":"image\/jpeg"}],"twitter_card":"summary_large_image","twitter_misc":{"Szacowany czas czytania":"1 minuta"},"schema":{"@context":"https:\/\/schema.org","@graph":[{"@type":"WebPage","@id":"https:\/\/boutique-one-piece.com\/figurines-one-piece\/figurines-pop-one-piece\/figurine-pop-one-piece-franky\/","url":"https:\/\/boutique-one-piece.com\/figurines-one-piece\/figurines-pop-one-piece\/figurine-pop-one-piece-franky\/","name":"Figurka Franky Pop z One Piece | Figurka One Piece \u2013 Sklep One Piece","isPartOf":{"@id":"https:\/\/boutique-one-piece.com\/#website"},"primaryImageOfPage":{"@id":"https:\/\/boutique-one-piece.com\/figurines-one-piece\/figurines-pop-one-piece\/figurine-pop-one-piece-franky\/#primaryimage"},"image":{"@id":"https:\/\/boutique-one-piece.com\/figurines-one-piece\/figurines-pop-one-piece\/figurine-pop-one-piece-franky\/#primaryimage"},"thumbnailUrl":"https:\/\/boutique-one-piece.com\/wp-content\/uploads\/2022\/09\/Figurine-Pop-One-Piece-Franky.jpg","datePublished":"2022-09-27T21:22:33+00:00","dateModified":"2024-09-16T13:23:14+00:00","description":"M\u0142ody piracie, nadszed\u0142 czas, aby\u015b zdoby\u0142 figurk\u0119 Franky Pop! z One Piece. Przypominamy, \u017ce Franky, kt\u00f3rego prawdziwe imi\u0119 to Cutty Flam, jest szkutnikiem za\u0142ogi S\u0142omkowego Kapelusza. Franky to cyborg zwerbowany w Water Seven, kt\u00f3ry w historii zosta\u0142 przedstawiony jako przyw\u00f3dca rodziny Franky, grupy","breadcrumb":{"@id":"https:\/\/boutique-one-piece.com\/figurines-one-piece\/figurines-pop-one-piece\/figurine-pop-one-piece-franky\/#breadcrumb"},"inLanguage":"pl-PL","potentialAction":[{"@type":"ReadAction","target":["https:\/\/boutique-one-piece.com\/figurines-one-piece\/figurines-pop-one-piece\/figurine-pop-one-piece-franky\/"]}]},{"@type":"ImageObject","inLanguage":"pl-PL","@id":"https:\/\/boutique-one-piece.com\/figurines-one-piece\/figurines-pop-one-piece\/figurine-pop-one-piece-franky\/#primaryimage","url":"https:\/\/boutique-one-piece.com\/wp-content\/uploads\/2022\/09\/Figurine-Pop-One-Piece-Franky.jpg","contentUrl":"https:\/\/boutique-one-piece.com\/wp-content\/uploads\/2022\/09\/Figurine-Pop-One-Piece-Franky.jpg","width":640,"height":640,"caption":"Figurine Pop One Piece Franky Default Title"},{"@type":"BreadcrumbList","@id":"https:\/\/boutique-one-piece.com\/figurines-one-piece\/figurines-pop-one-piece\/figurine-pop-one-piece-franky\/#breadcrumb","itemListElement":[{"@type":"ListItem","position":1,"name":"Home","item":"https:\/\/boutique-one-piece.com\/"},{"@type":"ListItem","position":2,"name":"Shop","item":"https:\/\/boutique-one-piece.com\/shop\/"},{"@type":"ListItem","position":3,"name":"Figurine Pop One Piece Franky"}]},{"@type":"WebSite","@id":"https:\/\/boutique-one-piece.com\/#website","url":"https:\/\/boutique-one-piece.com\/","name":"One Piece Shop","description":"Sklep specjalistyczny z mang\u0105 i anime One Piece","publisher":{"@id":"https:\/\/boutique-one-piece.com\/#organization"},"potentialAction":[{"@type":"SearchAction","target":{"@type":"EntryPoint","urlTemplate":"https:\/\/boutique-one-piece.com\/?s={search_term_string}"},"query-input":{"@type":"PropertyValueSpecification","valueRequired":true,"valueName":"search_term_string"}}],"inLanguage":"pl-PL"},{"@type":"Organization","@id":"https:\/\/boutique-one-piece.com\/#organization","name":"One Piece Shop","url":"https:\/\/boutique-one-piece.com\/","logo":{"@type":"ImageObject","inLanguage":"pl-PL","@id":"https:\/\/boutique-one-piece.com\/#\/schema\/logo\/image\/","url":"https:\/\/boutique-one-piece.com\/wp-content\/uploads\/2022\/09\/Logo-01.png","contentUrl":"https:\/\/boutique-one-piece.com\/wp-content\/uploads\/2022\/09\/Logo-01.png","width":2318,"height":957,"caption":"Boutique One Piece"},"image":{"@id":"https:\/\/boutique-one-piece.com\/#\/schema\/logo\/image\/"}}]}},"_links":{"self":[{"href":"https:\/\/boutique-one-piece.com\/pl\/wp-json\/wp\/v2\/product\/13759","targetHints":{"allow":["GET"]}}],"collection":[{"href":"https:\/\/boutique-one-piece.com\/pl\/wp-json\/wp\/v2\/product"}],"about":[{"href":"https:\/\/boutique-one-piece.com\/pl\/wp-json\/wp\/v2\/types\/product"}],"replies":[{"embeddable":true,"href":"https:\/\/boutique-one-piece.com\/pl\/wp-json\/wp\/v2\/comments?post=13759"}],"wp:featuredmedia":[{"embeddable":true,"href":"https:\/\/boutique-one-piece.com\/pl\/wp-json\/wp\/v2\/media\/13761"}],"wp:attachment":[{"href":"https:\/\/boutique-one-piece.com\/pl\/wp-json\/wp\/v2\/media?parent=13759"}],"wp:term":[{"taxonomy":"product_brand","embeddable":true,"href":"https:\/\/boutique-one-piece.com\/pl\/wp-json\/wp\/v2\/product_brand?post=13759"},{"taxonomy":"product_cat","embeddable":true,"href":"https:\/\/boutique-one-piece.com\/pl\/wp-json\/wp\/v2\/product_cat?post=13759"},{"taxonomy":"product_tag","embeddable":true,"href":"https:\/\/boutique-one-piece.com\/pl\/wp-json\/wp\/v2\/product_tag?post=13759"}],"curies":[{"name":"wp","href":"https:\/\/api.w.org\/{rel}","templated":true}]}}