{"id":13840,"date":"2022-09-27T21:23:16","date_gmt":"2022-09-27T21:23:16","guid":{"rendered":"https:\/\/boutique-one-piece.com\/uncategorized\/tableau-one-piece-la-volonte-du-d\/"},"modified":"2024-09-18T02:16:03","modified_gmt":"2024-09-18T02:16:03","slug":"obraz-one-piece-wola-smoka","status":"publish","type":"product","link":"https:\/\/boutique-one-piece.com\/pl\/dekoracje-one-piece\/obrazy-one-piece\/obraz-one-piece-wola-smoka\/","title":{"rendered":"One Piece The Will of D Painting"},"content":{"rendered":"<h2>Jednocz\u0119\u015bciowy, 5-panelowy wydruk na p\u0142\u00f3tnie przedstawiaj\u0105cy Ace&#039;a i Luffy&#039;ego, dw\u00f3ch nosicieli Tajemniczej Woli D. Wysokiej jako\u015bci wydruk na p\u0142\u00f3tnie dla pirata takiego jak Ty!<\/h2>\n<p>Je\u015bli jeste\u015b\u00a0<strong>prawdziwy pirat<\/strong>, Docenisz\u00a0<strong>jako\u015b\u0107<\/strong>\u00a0p\u0142\u00f3tno, farby i rama do nich\u00a0<strong>projekty\u00a0<\/strong>I\u00a0<strong>Drukowanie na p\u0142\u00f3tnie 3D<\/strong>\u00a0tego\u00a0<strong>Obraz One Piece 5-panelowy<\/strong>\u00a0Ale co najwa\u017cniejsze, dzi\u0119ki temu wykresowi b\u0119dziesz cz\u0119\u015bci\u0105\u00a0<strong>ekipa fan\u00f3w<\/strong>\u00a0z\u00a0<strong>manga piracka<\/strong>\u00a0i otrzymasz:<\/p>\n<ul>\n<li>\u00a0<strong>Podziw<\/strong>\u00a0ze wszystkich<span>\u00a0<\/span><strong>wentylatory<\/strong><span>\u00a0<\/span>z<span>\u00a0<\/span><strong>wszech\u015bwiat<\/strong><span>\u00a0<\/span>z<span>\u00a0<\/span><strong>manga<\/strong>\u00a0kt\u00f3re zaprosisz do swojego domu<\/li>\n<\/ul>\n<ul>\n<li>Prawdziwy\u00a0<strong>5-cz\u0119\u015bciowa wydrukowana tabela<\/strong>\u00a0z kt\u00f3rym mo\u017cesz<strong>\u00a0wyobra\u017ca\u0107 sobie\u00a0<\/strong>odej\u015b\u0107<span>\u00a0<\/span><strong>przygoda<\/strong><span>\u00a0<\/span>z <strong>Ace<\/strong> I <strong>Luffy<\/strong>\u00a0<\/li>\n<\/ul>\n<p>Wi\u0119c jeste\u015b gotowy, aby pokaza\u0107\u00a0<strong>zabarwienie<span>\u00a0<\/span><\/strong>Twojego<b> Manga <\/b>ulubiony ?<\/p>\n<h2>Jeste\u015b fanem mangi lub anime One Piece? Poka\u017c to z tym 5-cz\u0119\u015bciowym wydrukiem na p\u0142\u00f3tnie One Piece!<\/h2>\n<p>Je\u015bli ty\u00a0<strong>Czyta\u0107<\/strong>\u00a0lub gdziekolwiek spojrzysz\u00a0<strong>anime\u00a0<\/strong><strong>japo\u0144ski<\/strong>, Jest du\u017ca szansa, \u017ce si\u0119 sta\u0142e\u015b\u00a0<strong>szalony na punkcie One Piece<\/strong>\u00a0Dzi\u0119ki temu!\u00a0<strong>Obraz 5-panelowy Wola D<\/strong>, do\u0142\u0105cz do\u2019<strong>ekipa fan\u00f3w serii<\/strong><\/p>\n<p>Ten\u00a0<strong>malowanie<\/strong>\u00a0jest dost\u0119pny z\u00a0<strong>rama drewniana<\/strong>\u00a0wariant &quot;\u00ab\u00a0<strong>Z ram\u0105<\/strong>\u00abMo\u017cliwe jest r\u00f3wnie\u017c posiadanie tylko\u00a0<strong>p\u0142\u00f3tno<\/strong>\u00a0z wariantem &quot;\u00ab\u00a0<strong>Bezszkieletowy<\/strong>\u00ab&quot;Tabel\u0119 rozmiar\u00f3w znajdziesz\u00a0<strong>Ma\u0142y<\/strong>,<strong>\u00a0PRZECI\u0118TNY<\/strong>,<strong>\u00a0Du\u017cy<\/strong>,<strong>\u00a0XL<\/strong>, B\u0119dzie pasowa\u0107 ka\u017cdemu typowi pirata, nawet je\u015bli nie masz\u00a0<strong>miecz<\/strong>\u00a0Lub\u00a0<strong>diabelski owoc<\/strong>\u00a0nadal mo\u017cesz z dum\u0105 powiesi\u0107 go w domu<\/p>\n<h2>Informacje o obrazie:<\/h2>\n<ul>\n<li>\n<strong>Wysokiej jako\u015bci p\u0142\u00f3tno drukowane\u00a0<\/strong>: p\u0142\u00f3tno \u015bcienne wykonane z<span>\u00a0<\/span><strong>bawe\u0142na<\/strong><span>\u00a0<\/span>I<span>\u00a0<\/span><strong>bielizna<\/strong>, aby uzyska\u0107<span>\u00a0<\/span><strong>p\u0142\u00f3tno<\/strong><span>\u00a0<\/span>godny tego imienia<\/li>\n<\/ul>\n<ul>\n<li>\n<strong>Malowanie Ultra Design<\/strong>\u00a0Pi\u0119ciocz\u0119\u015bciowy st\u00f3\u0142 zapewnia wiele mo\u017cliwo\u015bci<span>\u00a0<\/span><strong>styl<\/strong><span>\u00a0<\/span>do<span>\u00a0<\/span><strong>sztuka<\/strong>, Fani nie mog\u0105 si\u0119 powstrzyma\u0107 od pokochania tego<\/li>\n<\/ul>\n<ul style=\"font-weight: 400\">\n<li>\n<strong>Kolor i drukowanie\u00a0<\/strong>Obraz jednocz\u0119\u015bciowy z nadrukiem<span>\u00a0<\/span><strong>Canva<\/strong><span>\u00a0<\/span>punkt odniesienia w druku na p\u0142\u00f3tnie<\/li>\n<\/ul>\n<ul style=\"font-weight: 400\">\n<li>\n<strong>Lekka sztuka \u015bcienna<\/strong>\u00a0:\u015bwietne otoczenie<span>\u00a0<\/span><strong>\u015bwiat\u0142o,<\/strong><span>\u00a0<\/span>wystarczy jeden<span>\u00a0<\/span><strong>gw\u00f3\u017ad\u017a<\/strong><span>\u00a0<\/span>lub z<span>\u00a0<\/span><strong>sta\u0142a noga<\/strong><span>\u00a0<\/span>dla<span>\u00a0<\/span><strong>utrzymywa\u0107<\/strong><span>\u00a0<\/span>Na<span>\u00a0<\/span><strong>\u015bciana<\/strong>\n<\/li>\n<\/ul>\n<ul style=\"font-weight: 400\">\n<li>\n<strong>Drewniana rama<\/strong>\u00a0:wariant &quot;\u00ab\u00a0<strong>Z ram\u0105<\/strong>\u00a0\u00bb towarzyszy<span>\u00a0<\/span><strong>rama drewniana<\/strong><span>\u00a0<\/span>i wersja &quot;\u00ab\u00a0<strong>Bezszkieletowy<\/strong>\u00a0\u00bb jest dostarczany<span>\u00a0<\/span><strong>bez drewnianej ramy<\/strong>\n<\/li>\n<\/ul>\n<ul style=\"font-weight: 400\">\n<li>\n<strong>Darmowa dostawa\u00a0<\/strong>za ka\u017cdy zakup<strong>\u00a0<\/strong>\n<\/li>\n<\/ul>\n<h3>Nie zapomnij zapozna\u0107 si\u0119 z poni\u017csz\u0105 tabel\u0105 rozmiar\u00f3w.<\/h3>\n<h2>\n<strong style=\"font-size: 15px\">Obraz jednocz\u0119\u015bciowy sk\u0142adaj\u0105cy si\u0119 z 5 element\u00f3w<\/strong><span style=\"font-size: 15px\">,<\/span><strong style=\"font-size: 15px\"><span>\u00a0<\/span><\/strong><span style=\"font-size: 15px\">Rozmiar<\/span><strong style=\"font-size: 15px\"><span>\u00a0<\/span><\/strong><span style=\"font-size: 15px\">:<span>\u00a0<\/span><\/span><strong style=\"font-size: 15px\">Ma\u0142y<\/strong><br \/>\n<\/h2>\n<p>\u00a0<img decoding=\"async\" src=\"https:\/\/cdn.shopify.com\/s\/files\/1\/0087\/7556\/5348\/files\/guide_taille_tableau_one_piece_petit_boutique_one_piece_large.jpg?v=1560247451\" alt=\"Przewodnik po rozmiarach stroju One Piece 5-cz\u0119\u015bciowego (rozmiar ma\u0142y)\"><\/p>\n<p><strong>Obraz jednocz\u0119\u015bciowy sk\u0142adaj\u0105cy si\u0119 z 5 element\u00f3w<\/strong>, Rozmiar<strong><span>\u00a0<\/span><\/strong>:<strong><span>\u00a0<\/span>PRZECI\u0118TNY<\/strong><\/p>\n<p>\u00a0<img decoding=\"async\" src=\"https:\/\/cdn.shopify.com\/s\/files\/1\/0087\/7556\/5348\/files\/guide_taille_tableau_one_piece_moyen_boutique_one_piece_large.jpg?v=1560247519\" alt=\"tabela rozmiar\u00f3w jedna sztuka 5 sztuk \u015brednia\"><\/p>\n<p><strong>Obraz jednocz\u0119\u015bciowy sk\u0142adaj\u0105cy si\u0119 z 5 element\u00f3w<\/strong>, Rozmiar<strong><span>\u00a0<\/span><\/strong>:<span>\u00a0<\/span><strong>Du\u017cy<\/strong><\/p>\n<p>\u00a0<img decoding=\"async\" src=\"https:\/\/cdn.shopify.com\/s\/files\/1\/0087\/7556\/5348\/files\/guide_taille_tableau_one_piece_grand_boutique_one_piece_large.jpg?v=1560247582\" alt=\"Tabela rozmiar\u00f3w One Piece 5-cz\u0119\u015bciowego (du\u017cego)\"><\/p>\n<p><strong>Obraz jednocz\u0119\u015bciowy sk\u0142adaj\u0105cy si\u0119 z 5 element\u00f3w<\/strong>, Rozmiar:<span>\u00a0<\/span><strong>XL<\/strong><\/p>\n<p><img decoding=\"async\" src=\"https:\/\/cdn.shopify.com\/s\/files\/1\/0087\/7556\/5348\/files\/guide_taille_tableau_one_piece_xl_boutique_one_piece_large.jpg?v=1560247610\" alt=\"Tabela rozmiar\u00f3w One Piece 5-cz\u0119\u015bciowy XL\"><\/p>","protected":false},"excerpt":{"rendered":"<p>Tableau One Piece 5 Panneaux avec Ace et Luffy deux Porteurs de la Myst\u00e9rieuse Volont\u00e9 du D, Un Tableau de qualit\u00e9 pour un pirate comme\u00a0toi\u00a0! Si tu es un\u00a0v\u00e9ritable pirate, tu sauras appr\u00e9cier la\u00a0qualit\u00e9\u00a0de la toile, de la peinture et du cadre\u00a0pour leurs\u00a0conceptions\u00a0et\u00a0l&rsquo;impression 3D Canvas\u00a0de ce\u00a0tableau 5 panneaux\u00a0One Piece\u00a0!\u00a0Mais le plus important, avec ce\u00a0tableau\u00a0c\u0092est que [&hellip;]<\/p>","protected":false},"featured_media":13842,"comment_status":"open","ping_status":"open","template":"","meta":[],"product_brand":[],"product_cat":[141],"product_tag":[176,92],"class_list":{"0":"post-13840","1":"product","2":"type-product","3":"status-publish","4":"has-post-thumbnail","6":"product_cat-tableaux-one-piece","7":"product_tag-ace","8":"product_tag-luffy","10":"first","11":"instock","12":"purchasable","13":"product-type-variable"},"yoast_head":"<!-- This site is optimized with the Yoast SEO plugin v27.5 - https:\/\/yoast.com\/product\/yoast-seo-wordpress\/ -->\n<title>Tableau One Piece La Volont\u00e9 du D | Boutique One Piece<\/title>\n<meta name=\"description\" content=\"Tableau 5 Pi\u00e8ces One Piece avec Luffy et Ace Deux H\u00e9ritiers de la Volont\u00e9 du D de Qualit\u00e9 : Fan du Manga de Pirates ce Tableau 5 Panneaux est Fait Pour Vous !\" \/>\n<meta name=\"robots\" content=\"index, follow, max-snippet:-1, max-image-preview:large, max-video-preview:-1\" \/>\n<link rel=\"canonical\" href=\"https:\/\/boutique-one-piece.com\/pl\/dekoracje-one-piece\/obrazy-one-piece\/obraz-one-piece-wola-smoka\/\" \/>\n<meta property=\"og:locale\" content=\"pl_PL\" \/>\n<meta property=\"og:type\" content=\"article\" \/>\n<meta property=\"og:title\" content=\"Tableau One Piece La Volont\u00e9 du D | Boutique One Piece\" \/>\n<meta property=\"og:description\" content=\"Tableau 5 Pi\u00e8ces One Piece avec Luffy et Ace Deux H\u00e9ritiers de la Volont\u00e9 du D de Qualit\u00e9 : Fan du Manga de Pirates ce Tableau 5 Panneaux est Fait Pour Vous !\" \/>\n<meta property=\"og:url\" content=\"https:\/\/boutique-one-piece.com\/pl\/dekoracje-one-piece\/obrazy-one-piece\/obraz-one-piece-wola-smoka\/\" \/>\n<meta property=\"og:site_name\" content=\"Boutique One Piece\" \/>\n<meta property=\"article:modified_time\" content=\"2024-09-18T02:16:03+00:00\" \/>\n<meta property=\"og:image\" content=\"https:\/\/boutique-one-piece.com\/wp-content\/uploads\/2022\/09\/Tableau-One-Piece-La-Volonte-du-D.jpg\" \/>\n\t<meta property=\"og:image:width\" content=\"1000\" \/>\n\t<meta property=\"og:image:height\" content=\"1000\" \/>\n\t<meta property=\"og:image:type\" content=\"image\/jpeg\" \/>\n<meta name=\"twitter:card\" content=\"summary_large_image\" \/>\n<meta name=\"twitter:label1\" content=\"Szacowany czas czytania\" \/>\n\t<meta name=\"twitter:data1\" content=\"3 minuty\" \/>\n<script type=\"application\/ld+json\" class=\"yoast-schema-graph\">{\"@context\":\"https:\\\/\\\/schema.org\",\"@graph\":[{\"@type\":\"WebPage\",\"@id\":\"https:\\\/\\\/boutique-one-piece.com\\\/decorations-one-piece\\\/tableaux-one-piece\\\/tableau-one-piece-la-volonte-du-d\\\/\",\"url\":\"https:\\\/\\\/boutique-one-piece.com\\\/decorations-one-piece\\\/tableaux-one-piece\\\/tableau-one-piece-la-volonte-du-d\\\/\",\"name\":\"Tableau One Piece La Volont\u00e9 du D | Boutique One Piece\",\"isPartOf\":{\"@id\":\"https:\\\/\\\/boutique-one-piece.com\\\/#website\"},\"primaryImageOfPage\":{\"@id\":\"https:\\\/\\\/boutique-one-piece.com\\\/decorations-one-piece\\\/tableaux-one-piece\\\/tableau-one-piece-la-volonte-du-d\\\/#primaryimage\"},\"image\":{\"@id\":\"https:\\\/\\\/boutique-one-piece.com\\\/decorations-one-piece\\\/tableaux-one-piece\\\/tableau-one-piece-la-volonte-du-d\\\/#primaryimage\"},\"thumbnailUrl\":\"https:\\\/\\\/boutique-one-piece.com\\\/wp-content\\\/uploads\\\/2022\\\/09\\\/Tableau-One-Piece-La-Volonte-du-D.jpg\",\"datePublished\":\"2022-09-27T21:23:16+00:00\",\"dateModified\":\"2024-09-18T02:16:03+00:00\",\"description\":\"Tableau 5 Pi\u00e8ces One Piece avec Luffy et Ace Deux H\u00e9ritiers de la Volont\u00e9 du D de Qualit\u00e9 : Fan du Manga de Pirates ce Tableau 5 Panneaux est Fait Pour Vous !\",\"breadcrumb\":{\"@id\":\"https:\\\/\\\/boutique-one-piece.com\\\/decorations-one-piece\\\/tableaux-one-piece\\\/tableau-one-piece-la-volonte-du-d\\\/#breadcrumb\"},\"inLanguage\":\"pl-PL\",\"potentialAction\":[{\"@type\":\"ReadAction\",\"target\":[\"https:\\\/\\\/boutique-one-piece.com\\\/decorations-one-piece\\\/tableaux-one-piece\\\/tableau-one-piece-la-volonte-du-d\\\/\"]}]},{\"@type\":\"ImageObject\",\"inLanguage\":\"pl-PL\",\"@id\":\"https:\\\/\\\/boutique-one-piece.com\\\/decorations-one-piece\\\/tableaux-one-piece\\\/tableau-one-piece-la-volonte-du-d\\\/#primaryimage\",\"url\":\"https:\\\/\\\/boutique-one-piece.com\\\/wp-content\\\/uploads\\\/2022\\\/09\\\/Tableau-One-Piece-La-Volonte-du-D.jpg\",\"contentUrl\":\"https:\\\/\\\/boutique-one-piece.com\\\/wp-content\\\/uploads\\\/2022\\\/09\\\/Tableau-One-Piece-La-Volonte-du-D.jpg\",\"width\":1000,\"height\":1000,\"caption\":\"Tableau One Piece La Volont\u00e9 du D XL Avec Cadre\"},{\"@type\":\"BreadcrumbList\",\"@id\":\"https:\\\/\\\/boutique-one-piece.com\\\/decorations-one-piece\\\/tableaux-one-piece\\\/tableau-one-piece-la-volonte-du-d\\\/#breadcrumb\",\"itemListElement\":[{\"@type\":\"ListItem\",\"position\":1,\"name\":\"Home\",\"item\":\"https:\\\/\\\/boutique-one-piece.com\\\/\"},{\"@type\":\"ListItem\",\"position\":2,\"name\":\"Shop\",\"item\":\"https:\\\/\\\/boutique-one-piece.com\\\/shop\\\/\"},{\"@type\":\"ListItem\",\"position\":3,\"name\":\"Tableau One Piece La Volont\u00e9 du D\"}]},{\"@type\":\"WebSite\",\"@id\":\"https:\\\/\\\/boutique-one-piece.com\\\/#website\",\"url\":\"https:\\\/\\\/boutique-one-piece.com\\\/\",\"name\":\"Boutique One Piece\",\"description\":\"Magasin Sp\u00e9cialis\u00e9 du Manga et l&#039;Anime One Piece\",\"publisher\":{\"@id\":\"https:\\\/\\\/boutique-one-piece.com\\\/#organization\"},\"potentialAction\":[{\"@type\":\"SearchAction\",\"target\":{\"@type\":\"EntryPoint\",\"urlTemplate\":\"https:\\\/\\\/boutique-one-piece.com\\\/?s={search_term_string}\"},\"query-input\":{\"@type\":\"PropertyValueSpecification\",\"valueRequired\":true,\"valueName\":\"search_term_string\"}}],\"inLanguage\":\"pl-PL\"},{\"@type\":\"Organization\",\"@id\":\"https:\\\/\\\/boutique-one-piece.com\\\/#organization\",\"name\":\"Boutique One Piece\",\"url\":\"https:\\\/\\\/boutique-one-piece.com\\\/\",\"logo\":{\"@type\":\"ImageObject\",\"inLanguage\":\"pl-PL\",\"@id\":\"https:\\\/\\\/boutique-one-piece.com\\\/#\\\/schema\\\/logo\\\/image\\\/\",\"url\":\"https:\\\/\\\/boutique-one-piece.com\\\/wp-content\\\/uploads\\\/2022\\\/09\\\/Logo-01.png\",\"contentUrl\":\"https:\\\/\\\/boutique-one-piece.com\\\/wp-content\\\/uploads\\\/2022\\\/09\\\/Logo-01.png\",\"width\":2318,\"height\":957,\"caption\":\"Boutique One Piece\"},\"image\":{\"@id\":\"https:\\\/\\\/boutique-one-piece.com\\\/#\\\/schema\\\/logo\\\/image\\\/\"}}]}<\/script>\n<!-- \/ Yoast SEO plugin. -->","yoast_head_json":{"title":"One Piece: Wola D. Malarstwo | Sklep One Piece","description":"Jednocz\u0119\u015bciowy, 5-cz\u0119\u015bciowy wydruk na p\u0142\u00f3tnie z Luffym i Ace&#039;em, dwoma spadkobiercami woli D - wysoka jako\u015b\u0107: Je\u015bli jeste\u015b fanem mangi o piratach, ten 5-cz\u0119\u015bciowy wydruk na p\u0142\u00f3tnie jest stworzony dla Ciebie!","robots":{"index":"index","follow":"follow","max-snippet":"max-snippet:-1","max-image-preview":"max-image-preview:large","max-video-preview":"max-video-preview:-1"},"canonical":"https:\/\/boutique-one-piece.com\/pl\/dekoracje-one-piece\/obrazy-one-piece\/obraz-one-piece-wola-smoka\/","og_locale":"pl_PL","og_type":"article","og_title":"Tableau One Piece La Volont\u00e9 du D | Boutique One Piece","og_description":"Tableau 5 Pi\u00e8ces One Piece avec Luffy et Ace Deux H\u00e9ritiers de la Volont\u00e9 du D de Qualit\u00e9 : Fan du Manga de Pirates ce Tableau 5 Panneaux est Fait Pour Vous !","og_url":"https:\/\/boutique-one-piece.com\/pl\/dekoracje-one-piece\/obrazy-one-piece\/obraz-one-piece-wola-smoka\/","og_site_name":"Boutique One Piece","article_modified_time":"2024-09-18T02:16:03+00:00","og_image":[{"width":1000,"height":1000,"url":"https:\/\/boutique-one-piece.com\/wp-content\/uploads\/2022\/09\/Tableau-One-Piece-La-Volonte-du-D.jpg","type":"image\/jpeg"}],"twitter_card":"summary_large_image","twitter_misc":{"Szacowany czas czytania":"3 minuty"},"schema":{"@context":"https:\/\/schema.org","@graph":[{"@type":"WebPage","@id":"https:\/\/boutique-one-piece.com\/decorations-one-piece\/tableaux-one-piece\/tableau-one-piece-la-volonte-du-d\/","url":"https:\/\/boutique-one-piece.com\/decorations-one-piece\/tableaux-one-piece\/tableau-one-piece-la-volonte-du-d\/","name":"One Piece: Wola D. Malarstwo | Sklep One Piece","isPartOf":{"@id":"https:\/\/boutique-one-piece.com\/#website"},"primaryImageOfPage":{"@id":"https:\/\/boutique-one-piece.com\/decorations-one-piece\/tableaux-one-piece\/tableau-one-piece-la-volonte-du-d\/#primaryimage"},"image":{"@id":"https:\/\/boutique-one-piece.com\/decorations-one-piece\/tableaux-one-piece\/tableau-one-piece-la-volonte-du-d\/#primaryimage"},"thumbnailUrl":"https:\/\/boutique-one-piece.com\/wp-content\/uploads\/2022\/09\/Tableau-One-Piece-La-Volonte-du-D.jpg","datePublished":"2022-09-27T21:23:16+00:00","dateModified":"2024-09-18T02:16:03+00:00","description":"Jednocz\u0119\u015bciowy, 5-cz\u0119\u015bciowy wydruk na p\u0142\u00f3tnie z Luffym i Ace&#039;em, dwoma spadkobiercami woli D - wysoka jako\u015b\u0107: Je\u015bli jeste\u015b fanem mangi o piratach, ten 5-cz\u0119\u015bciowy wydruk na p\u0142\u00f3tnie jest stworzony dla Ciebie!","breadcrumb":{"@id":"https:\/\/boutique-one-piece.com\/decorations-one-piece\/tableaux-one-piece\/tableau-one-piece-la-volonte-du-d\/#breadcrumb"},"inLanguage":"pl-PL","potentialAction":[{"@type":"ReadAction","target":["https:\/\/boutique-one-piece.com\/decorations-one-piece\/tableaux-one-piece\/tableau-one-piece-la-volonte-du-d\/"]}]},{"@type":"ImageObject","inLanguage":"pl-PL","@id":"https:\/\/boutique-one-piece.com\/decorations-one-piece\/tableaux-one-piece\/tableau-one-piece-la-volonte-du-d\/#primaryimage","url":"https:\/\/boutique-one-piece.com\/wp-content\/uploads\/2022\/09\/Tableau-One-Piece-La-Volonte-du-D.jpg","contentUrl":"https:\/\/boutique-one-piece.com\/wp-content\/uploads\/2022\/09\/Tableau-One-Piece-La-Volonte-du-D.jpg","width":1000,"height":1000,"caption":"Tableau One Piece La Volont\u00e9 du D XL Avec Cadre"},{"@type":"BreadcrumbList","@id":"https:\/\/boutique-one-piece.com\/decorations-one-piece\/tableaux-one-piece\/tableau-one-piece-la-volonte-du-d\/#breadcrumb","itemListElement":[{"@type":"ListItem","position":1,"name":"Home","item":"https:\/\/boutique-one-piece.com\/"},{"@type":"ListItem","position":2,"name":"Shop","item":"https:\/\/boutique-one-piece.com\/shop\/"},{"@type":"ListItem","position":3,"name":"Tableau One Piece La Volont\u00e9 du D"}]},{"@type":"WebSite","@id":"https:\/\/boutique-one-piece.com\/#website","url":"https:\/\/boutique-one-piece.com\/","name":"One Piece Shop","description":"Sklep specjalistyczny z mang\u0105 i anime One Piece","publisher":{"@id":"https:\/\/boutique-one-piece.com\/#organization"},"potentialAction":[{"@type":"SearchAction","target":{"@type":"EntryPoint","urlTemplate":"https:\/\/boutique-one-piece.com\/?s={search_term_string}"},"query-input":{"@type":"PropertyValueSpecification","valueRequired":true,"valueName":"search_term_string"}}],"inLanguage":"pl-PL"},{"@type":"Organization","@id":"https:\/\/boutique-one-piece.com\/#organization","name":"One Piece Shop","url":"https:\/\/boutique-one-piece.com\/","logo":{"@type":"ImageObject","inLanguage":"pl-PL","@id":"https:\/\/boutique-one-piece.com\/#\/schema\/logo\/image\/","url":"https:\/\/boutique-one-piece.com\/wp-content\/uploads\/2022\/09\/Logo-01.png","contentUrl":"https:\/\/boutique-one-piece.com\/wp-content\/uploads\/2022\/09\/Logo-01.png","width":2318,"height":957,"caption":"Boutique One Piece"},"image":{"@id":"https:\/\/boutique-one-piece.com\/#\/schema\/logo\/image\/"}}]}},"_links":{"self":[{"href":"https:\/\/boutique-one-piece.com\/pl\/wp-json\/wp\/v2\/product\/13840","targetHints":{"allow":["GET"]}}],"collection":[{"href":"https:\/\/boutique-one-piece.com\/pl\/wp-json\/wp\/v2\/product"}],"about":[{"href":"https:\/\/boutique-one-piece.com\/pl\/wp-json\/wp\/v2\/types\/product"}],"replies":[{"embeddable":true,"href":"https:\/\/boutique-one-piece.com\/pl\/wp-json\/wp\/v2\/comments?post=13840"}],"wp:featuredmedia":[{"embeddable":true,"href":"https:\/\/boutique-one-piece.com\/pl\/wp-json\/wp\/v2\/media\/13842"}],"wp:attachment":[{"href":"https:\/\/boutique-one-piece.com\/pl\/wp-json\/wp\/v2\/media?parent=13840"}],"wp:term":[{"taxonomy":"product_brand","embeddable":true,"href":"https:\/\/boutique-one-piece.com\/pl\/wp-json\/wp\/v2\/product_brand?post=13840"},{"taxonomy":"product_cat","embeddable":true,"href":"https:\/\/boutique-one-piece.com\/pl\/wp-json\/wp\/v2\/product_cat?post=13840"},{"taxonomy":"product_tag","embeddable":true,"href":"https:\/\/boutique-one-piece.com\/pl\/wp-json\/wp\/v2\/product_tag?post=13840"}],"curies":[{"name":"wp","href":"https:\/\/api.w.org\/{rel}","templated":true}]}}